{"id":81581,"date":"2023-08-29T16:46:33","date_gmt":"2023-08-29T16:46:33","guid":{"rendered":"https:\/\/bobimarket.pl\/index.php\/produkt\/drzwiczki-rewizyjne-metalowe-zatrzask-40x60cm\/"},"modified":"2025-02-27T13:42:20","modified_gmt":"2025-02-27T13:42:20","slug":"drzwiczki-rewizyjne-metalowe-zatrzask-40x60cm","status":"publish","type":"product","link":"https:\/\/bobimarket.pl\/index.php\/produkt\/drzwiczki-rewizyjne-metalowe-zatrzask-40x60cm\/","title":{"rendered":"DRZWICZKI REWIZYJNE METALOWE ZATRZASK 40x60cm"},"content":{"rendered":"<section class=\"section\">\n<div class=\"item item-6\">\n<section class=\"image-item\">\n            <img decoding=\"async\" src=\"https:\/\/upload.cdn.baselinker.com\/products\/14476\/b3b788f629b9a24fd59b12bc95f8c520.jpg\" \/><br \/>\n        <\/section>\n<\/p><\/div>\n<div class=\"item item-6\">\n<section class=\"text-item\">\n<h2>DRZWICZKI REWIZYJNE METALOWE ZATRZASK 40&#215;60 cm<\/h2>\n<p><b>Dane techniczne:<\/b><\/p>\n<ul>\n<li>Rozmiary monta\u017cowe: <b>397 mm x 597 mm<\/b><\/li>\n<li>Materia\u0142: <b>stal nierdzewna <\/b><\/li>\n<li>Zamykane na zatrzask\u00a0<\/li>\n<li>Kolor: <b>srebrny <\/b><\/li>\n<\/ul>\n<\/section><\/div>\n<\/section>\n<section class=\"section\">\n<div class=\"item item-6\">\n<section class=\"image-item\">\n            <img decoding=\"async\" src=\"https:\/\/upload.cdn.baselinker.com\/products\/14476\/9b3760039d9a2200cd923a41d2678ffd.jpg\" \/><br \/>\n        <\/section>\n<\/p><\/div>\n<div class=\"item item-6\">\n<section class=\"text-item\">\n<p>Wysokiej jako\u015bci drzwiczki rewizyjne wykonane ze stali nierdzewnej. Drzwiczki wykorzystywane s\u0105 do estetycznego maskowania otwor\u00f3w rewizyjnych, wentylacyjnych, wn\u0119k itp.<\/p>\n<ul>\n<li><b>Zamykane na zatrzask<\/b>, kt\u00f3ry gwarantuje swobodne otwieranie i zamykanie.<\/li>\n<li>Wyposa\u017cone w <b>zawias na zasadzie zawleczki.<\/b><\/li>\n<li>Zapewniaj\u0105 \u0142atwy dost\u0119p do licznik\u00f3w np. wody lub gazu, kt\u00f3re wymagaj\u0105 kontroli i czasowego sprawdzania.<\/li>\n<\/ul>\n<p><b>\u2705 Zastosowanie: <\/b><\/p>\n<ul>\n<li>drzwi rewizyjne komin\u00f3w, wentylacji<\/li>\n<li>maskowanie zawor\u00f3w, instalacji, wn\u0119k, prze\u0142\u0105cznik\u00f3w<\/li>\n<li>zapewniaj\u0105 swobodny dost\u0119p np. do licznik\u00f3w na wod\u0119, gaz\u00a0\u00a0<\/li>\n<\/ul>\n<\/section><\/div>\n<\/section>\n<section class=\"section\">\n<div class=\"item item-12\">\n<section class=\"image-item\">\n            <img decoding=\"async\" src=\"https:\/\/upload.cdn.baselinker.com\/products\/14476\/b3b788f629b9a24fd59b12bc95f8c520.jpg\" \/><br \/>\n        <\/section>\n<\/p><\/div>\n<\/section>\n","protected":false},"excerpt":{"rendered":"<p>DRZWICZKI REWIZYJNE METALOWE ZATRZASK 40&#215;60 cm Dane techniczne: Rozmiary monta\u017cowe: 397 mm x 597 mm Materia\u0142: stal nierdzewna Zamykane na zatrzask\u00a0 Kolor: srebrny Wysokiej jako\u015bci drzwiczki rewizyjne wykonane ze stali nierdzewnej. Drzwiczki wykorzystywane s\u0105 do estetycznego maskowania otwor\u00f3w rewizyjnych, wentylacyjnych, wn\u0119k itp. Zamykane na zatrzask, kt\u00f3ry gwarantuje swobodne otwieranie i zamykanie. Wyposa\u017cone w zawias na<br \/><a class=\"more-link\" href=\"https:\/\/bobimarket.pl\/index.php\/produkt\/drzwiczki-rewizyjne-metalowe-zatrzask-40x60cm\/\"><br \/>\n        Czytaj wi\u0119cej<span class=\"screen-reader-text\"> &#8222;DRZWICZKI REWIZYJNE METALOWE ZATRZASK 40x60cm&#8221;<\/span><\/a><\/p>\n","protected":false},"featured_media":81576,"template":"","meta":[],"product_cat":[8185],"product_tag":[],"yoast_head":"<!-- This site is optimized with the Yoast SEO plugin v21.0 - https:\/\/yoast.com\/wordpress\/plugins\/seo\/ -->\n<title>DRZWICZKI REWIZYJNE METALOWE ZATRZASK 40x60cm - BOBIMARKET.pl - Remontuj i urz\u0105dzaj z nami<\/title>\n<meta name=\"robots\" content=\"index, follow, max-snippet:-1, max-image-preview:large, max-video-preview:-1\" \/>\n<link rel=\"canonical\" href=\"https:\/\/bobimarket.pl\/index.php\/produkt\/drzwiczki-rewizyjne-metalowe-zatrzask-40x60cm\/\" \/>\n<meta property=\"og:locale\" content=\"pl_PL\" \/>\n<meta property=\"og:type\" content=\"article\" \/>\n<meta property=\"og:title\" content=\"DRZWICZKI REWIZYJNE METALOWE ZATRZASK 40x60cm - BOBIMARKET.pl - Remontuj i urz\u0105dzaj z nami\" \/>\n<meta property=\"og:description\" content=\"DRZWICZKI REWIZYJNE METALOWE ZATRZASK 40&#215;60 cm Dane techniczne: Rozmiary monta\u017cowe: 397 mm x 597 mm Materia\u0142: stal nierdzewna Zamykane na zatrzask\u00a0 Kolor: srebrny Wysokiej jako\u015bci drzwiczki rewizyjne wykonane ze stali nierdzewnej. Drzwiczki wykorzystywane s\u0105 do estetycznego maskowania otwor\u00f3w rewizyjnych, wentylacyjnych, wn\u0119k itp. Zamykane na zatrzask, kt\u00f3ry gwarantuje swobodne otwieranie i zamykanie. Wyposa\u017cone w zawias na     Czytaj wi\u0119cej &quot;DRZWICZKI REWIZYJNE METALOWE ZATRZASK 40x60cm&quot;\" \/>\n<meta property=\"og:url\" content=\"https:\/\/bobimarket.pl\/index.php\/produkt\/drzwiczki-rewizyjne-metalowe-zatrzask-40x60cm\/\" \/>\n<meta property=\"og:site_name\" content=\"BOBIMARKET.pl - Remontuj i urz\u0105dzaj z nami\" \/>\n<meta property=\"article:modified_time\" content=\"2025-02-27T13:42:20+00:00\" \/>\n<meta property=\"og:image\" content=\"https:\/\/upload.cdn.baselinker.com\/products\/14476\/b3b788f629b9a24fd59b12bc95f8c520.jpg\" \/>\n<meta name=\"twitter:card\" content=\"summary_large_image\" \/>\n<meta name=\"twitter:label1\" content=\"Szacowany czas czytania\" \/>\n\t<meta name=\"twitter:data1\" content=\"1 minuta\" \/>\n<script type=\"application\/ld+json\" class=\"yoast-schema-graph\">{\"@context\":\"https:\/\/schema.org\",\"@graph\":[{\"@type\":\"WebPage\",\"@id\":\"https:\/\/bobimarket.pl\/index.php\/produkt\/drzwiczki-rewizyjne-metalowe-zatrzask-40x60cm\/\",\"url\":\"https:\/\/bobimarket.pl\/index.php\/produkt\/drzwiczki-rewizyjne-metalowe-zatrzask-40x60cm\/\",\"name\":\"DRZWICZKI REWIZYJNE METALOWE ZATRZASK 40x60cm - BOBIMARKET.pl - Remontuj i urz\u0105dzaj z nami\",\"isPartOf\":{\"@id\":\"https:\/\/bobimarket.pl\/#website\"},\"datePublished\":\"2023-08-29T16:46:33+00:00\",\"dateModified\":\"2025-02-27T13:42:20+00:00\",\"breadcrumb\":{\"@id\":\"https:\/\/bobimarket.pl\/index.php\/produkt\/drzwiczki-rewizyjne-metalowe-zatrzask-40x60cm\/#breadcrumb\"},\"inLanguage\":\"pl-PL\",\"potentialAction\":[{\"@type\":\"ReadAction\",\"target\":[\"https:\/\/bobimarket.pl\/index.php\/produkt\/drzwiczki-rewizyjne-metalowe-zatrzask-40x60cm\/\"]}]},{\"@type\":\"BreadcrumbList\",\"@id\":\"https:\/\/bobimarket.pl\/index.php\/produkt\/drzwiczki-rewizyjne-metalowe-zatrzask-40x60cm\/#breadcrumb\",\"itemListElement\":[{\"@type\":\"ListItem\",\"position\":1,\"name\":\"Strona g\u0142\u00f3wna\",\"item\":\"https:\/\/bobimarket.pl\/\"},{\"@type\":\"ListItem\",\"position\":2,\"name\":\"Sklep\",\"item\":\"https:\/\/bobimarket.pl\/index.php\/shop\/\"},{\"@type\":\"ListItem\",\"position\":3,\"name\":\"DRZWICZKI REWIZYJNE METALOWE ZATRZASK 40x60cm\"}]},{\"@type\":\"WebSite\",\"@id\":\"https:\/\/bobimarket.pl\/#website\",\"url\":\"https:\/\/bobimarket.pl\/\",\"name\":\"BOBIMARKET.pl - Remontuj i urz\u0105dzaj z nami\",\"description\":\"Remontuj i urz\u0105dzaj z nami\",\"publisher\":{\"@id\":\"https:\/\/bobimarket.pl\/#organization\"},\"potentialAction\":[{\"@type\":\"SearchAction\",\"target\":{\"@type\":\"EntryPoint\",\"urlTemplate\":\"https:\/\/bobimarket.pl\/?s={search_term_string}\"},\"query-input\":\"required name=search_term_string\"}],\"inLanguage\":\"pl-PL\"},{\"@type\":\"Organization\",\"@id\":\"https:\/\/bobimarket.pl\/#organization\",\"name\":\"BOBIMARKET.pl\",\"url\":\"https:\/\/bobimarket.pl\/\",\"logo\":{\"@type\":\"ImageObject\",\"inLanguage\":\"pl-PL\",\"@id\":\"https:\/\/bobimarket.pl\/#\/schema\/logo\/image\/\",\"url\":\"https:\/\/bobimarket.pl\/wp-content\/uploads\/2021\/11\/slogan.png\",\"contentUrl\":\"https:\/\/bobimarket.pl\/wp-content\/uploads\/2021\/11\/slogan.png\",\"width\":2000,\"height\":384,\"caption\":\"BOBIMARKET.pl\"},\"image\":{\"@id\":\"https:\/\/bobimarket.pl\/#\/schema\/logo\/image\/\"}}]}<\/script>\n<!-- \/ Yoast SEO plugin. -->","yoast_head_json":{"title":"DRZWICZKI REWIZYJNE METALOWE ZATRZASK 40x60cm - BOBIMARKET.pl - Remontuj i urz\u0105dzaj z nami","robots":{"index":"index","follow":"follow","max-snippet":"max-snippet:-1","max-image-preview":"max-image-preview:large","max-video-preview":"max-video-preview:-1"},"canonical":"https:\/\/bobimarket.pl\/index.php\/produkt\/drzwiczki-rewizyjne-metalowe-zatrzask-40x60cm\/","og_locale":"pl_PL","og_type":"article","og_title":"DRZWICZKI REWIZYJNE METALOWE ZATRZASK 40x60cm - BOBIMARKET.pl - Remontuj i urz\u0105dzaj z nami","og_description":"DRZWICZKI REWIZYJNE METALOWE ZATRZASK 40&#215;60 cm Dane techniczne: Rozmiary monta\u017cowe: 397 mm x 597 mm Materia\u0142: stal nierdzewna Zamykane na zatrzask\u00a0 Kolor: srebrny Wysokiej jako\u015bci drzwiczki rewizyjne wykonane ze stali nierdzewnej. Drzwiczki wykorzystywane s\u0105 do estetycznego maskowania otwor\u00f3w rewizyjnych, wentylacyjnych, wn\u0119k itp. Zamykane na zatrzask, kt\u00f3ry gwarantuje swobodne otwieranie i zamykanie. Wyposa\u017cone w zawias na     Czytaj wi\u0119cej \"DRZWICZKI REWIZYJNE METALOWE ZATRZASK 40x60cm\"","og_url":"https:\/\/bobimarket.pl\/index.php\/produkt\/drzwiczki-rewizyjne-metalowe-zatrzask-40x60cm\/","og_site_name":"BOBIMARKET.pl - Remontuj i urz\u0105dzaj z nami","article_modified_time":"2025-02-27T13:42:20+00:00","og_image":[{"url":"https:\/\/upload.cdn.baselinker.com\/products\/14476\/b3b788f629b9a24fd59b12bc95f8c520.jpg"}],"twitter_card":"summary_large_image","twitter_misc":{"Szacowany czas czytania":"1 minuta"},"schema":{"@context":"https:\/\/schema.org","@graph":[{"@type":"WebPage","@id":"https:\/\/bobimarket.pl\/index.php\/produkt\/drzwiczki-rewizyjne-metalowe-zatrzask-40x60cm\/","url":"https:\/\/bobimarket.pl\/index.php\/produkt\/drzwiczki-rewizyjne-metalowe-zatrzask-40x60cm\/","name":"DRZWICZKI REWIZYJNE METALOWE ZATRZASK 40x60cm - BOBIMARKET.pl - Remontuj i urz\u0105dzaj z nami","isPartOf":{"@id":"https:\/\/bobimarket.pl\/#website"},"datePublished":"2023-08-29T16:46:33+00:00","dateModified":"2025-02-27T13:42:20+00:00","breadcrumb":{"@id":"https:\/\/bobimarket.pl\/index.php\/produkt\/drzwiczki-rewizyjne-metalowe-zatrzask-40x60cm\/#breadcrumb"},"inLanguage":"pl-PL","potentialAction":[{"@type":"ReadAction","target":["https:\/\/bobimarket.pl\/index.php\/produkt\/drzwiczki-rewizyjne-metalowe-zatrzask-40x60cm\/"]}]},{"@type":"BreadcrumbList","@id":"https:\/\/bobimarket.pl\/index.php\/produkt\/drzwiczki-rewizyjne-metalowe-zatrzask-40x60cm\/#breadcrumb","itemListElement":[{"@type":"ListItem","position":1,"name":"Strona g\u0142\u00f3wna","item":"https:\/\/bobimarket.pl\/"},{"@type":"ListItem","position":2,"name":"Sklep","item":"https:\/\/bobimarket.pl\/index.php\/shop\/"},{"@type":"ListItem","position":3,"name":"DRZWICZKI REWIZYJNE METALOWE ZATRZASK 40x60cm"}]},{"@type":"WebSite","@id":"https:\/\/bobimarket.pl\/#website","url":"https:\/\/bobimarket.pl\/","name":"BOBIMARKET.pl - Remontuj i urz\u0105dzaj z nami","description":"Remontuj i urz\u0105dzaj z nami","publisher":{"@id":"https:\/\/bobimarket.pl\/#organization"},"potentialAction":[{"@type":"SearchAction","target":{"@type":"EntryPoint","urlTemplate":"https:\/\/bobimarket.pl\/?s={search_term_string}"},"query-input":"required name=search_term_string"}],"inLanguage":"pl-PL"},{"@type":"Organization","@id":"https:\/\/bobimarket.pl\/#organization","name":"BOBIMARKET.pl","url":"https:\/\/bobimarket.pl\/","logo":{"@type":"ImageObject","inLanguage":"pl-PL","@id":"https:\/\/bobimarket.pl\/#\/schema\/logo\/image\/","url":"https:\/\/bobimarket.pl\/wp-content\/uploads\/2021\/11\/slogan.png","contentUrl":"https:\/\/bobimarket.pl\/wp-content\/uploads\/2021\/11\/slogan.png","width":2000,"height":384,"caption":"BOBIMARKET.pl"},"image":{"@id":"https:\/\/bobimarket.pl\/#\/schema\/logo\/image\/"}}]}},"_links":{"self":[{"href":"https:\/\/bobimarket.pl\/index.php\/wp-json\/wp\/v2\/product\/81581"}],"collection":[{"href":"https:\/\/bobimarket.pl\/index.php\/wp-json\/wp\/v2\/product"}],"about":[{"href":"https:\/\/bobimarket.pl\/index.php\/wp-json\/wp\/v2\/types\/product"}],"wp:featuredmedia":[{"embeddable":true,"href":"https:\/\/bobimarket.pl\/index.php\/wp-json\/wp\/v2\/media\/81576"}],"wp:attachment":[{"href":"https:\/\/bobimarket.pl\/index.php\/wp-json\/wp\/v2\/media?parent=81581"}],"wp:term":[{"taxonomy":"product_cat","embeddable":true,"href":"https:\/\/bobimarket.pl\/index.php\/wp-json\/wp\/v2\/product_cat?post=81581"},{"taxonomy":"product_tag","embeddable":true,"href":"https:\/\/bobimarket.pl\/index.php\/wp-json\/wp\/v2\/product_tag?post=81581"}],"curies":[{"name":"wp","href":"https:\/\/api.w.org\/{rel}","templated":true}]}}