{"id":81861,"date":"2023-08-29T17:05:48","date_gmt":"2023-08-29T17:05:48","guid":{"rendered":"https:\/\/bobimarket.pl\/index.php\/produkt\/drzwiczki-rewizyjne-metalowe-biale-zamek-30x50\/"},"modified":"2025-02-27T13:45:35","modified_gmt":"2025-02-27T13:45:35","slug":"drzwiczki-rewizyjne-metalowe-biale-zamek-30x50","status":"publish","type":"product","link":"https:\/\/bobimarket.pl\/index.php\/produkt\/drzwiczki-rewizyjne-metalowe-biale-zamek-30x50\/","title":{"rendered":"DRZWICZKI REWIZYJNE METALOWE BIA\u0141E ZAMEK 30&#215;50"},"content":{"rendered":"<section class=\"section\">\n<div class=\"item item-12\">\n<section class=\"text-item\">\n<h2>DRZWICZKI REWIZYJNE METALOWE BIA\u0141E ZAMEK 30&#215;50<\/h2>\n<p><b>Dane techniczne:<\/b><\/p>\n<ul>\n<li>Rozmiary monta\u017cowe: <b>297 mm x 497 mm<\/b><\/li>\n<li>Materia\u0142: <b>blacha cynkowana<\/b><\/li>\n<li>Malowane proszkowo<\/li>\n<li>Zamykane na zamek<\/li>\n<li>Kolor: <b>bia\u0142y<\/b><\/li>\n<\/ul>\n<\/section><\/div>\n<\/section>\n<section class=\"section\">\n<div class=\"item item-12\">\n<section class=\"image-item\">\n            <img decoding=\"async\" src=\"https:\/\/upload.cdn.baselinker.com\/products\/14476\/c252137b318bd670faa516a6d4b5a096.jpg\" \/><br \/>\n        <\/section>\n<\/p><\/div>\n<\/section>\n<section class=\"section\">\n<div class=\"item item-12\">\n<section class=\"text-item\">\n<p>Wysokiej jako\u015bci drzwiczki rewizyjne wykonane z blachy cynkowanej. Pokryte <b>lakierem mrozoodpornym, malowane proszkowo.\u00a0<\/b><\/p>\n<p>Drzwiczki wykorzystywane s\u0105 do estetycznego maskowania otwor\u00f3w rewizyjnych, wentylacyjnych, wn\u0119k itp.<\/p>\n<ul>\n<li><b>Zamykane na zamek<\/b>, kt\u00f3ry gwarantuje swobodne otwieranie i zamykanie. Do zestawu do\u0142\u0105czone dwa kluczyki.<\/li>\n<li>Wyposa\u017cone w <b>zawias na zasadzie zawleczki.<\/b><\/li>\n<li>Zapewniaj\u0105 \u0142atwy dost\u0119p do licznik\u00f3w np. wody lub gazu, kt\u00f3re wymagaj\u0105 kontroli i czasowego sprawdzania.<\/li>\n<\/ul>\n<p><b>\u2705 Zastosowanie: <\/b><\/p>\n<ul>\n<li>drzwi rewizyjne komin\u00f3w, wentylacji<\/li>\n<li>maskowanie zawor\u00f3w, instalacji, wn\u0119k, prze\u0142\u0105cznik\u00f3w<\/li>\n<li>zapewniaj\u0105 swobodny dost\u0119p np. do licznik\u00f3w na wod\u0119, gaz\u00a0\u00a0<\/li>\n<\/ul>\n<\/section><\/div>\n<\/section>\n<section class=\"section\">\n<div class=\"item item-12\">\n<section class=\"image-item\">\n            <img decoding=\"async\" src=\"https:\/\/upload.cdn.baselinker.com\/products\/14476\/cdda39bcef63d9ee5676fa7b7b7e78d9.jpg\" \/><br \/>\n        <\/section>\n<\/p><\/div>\n<\/section>\n<section class=\"section\">\n<div class=\"item item-12\">\n<section class=\"image-item\">\n            <img decoding=\"async\" src=\"https:\/\/upload.cdn.baselinker.com\/products\/14476\/e885485552e3429b6b490f86e3f15b06.jpg\" \/><br \/>\n        <\/section>\n<\/p><\/div>\n<\/section>\n<section class=\"section\">\n<div class=\"item item-12\">\n<section class=\"image-item\">\n            <img decoding=\"async\" src=\"https:\/\/upload.cdn.baselinker.com\/products\/14476\/77539ca7238c12bb012123afa4d08445.jpg\" \/><br \/>\n        <\/section>\n<\/p><\/div>\n<\/section>\n","protected":false},"excerpt":{"rendered":"<p>DRZWICZKI REWIZYJNE METALOWE BIA\u0141E ZAMEK 30&#215;50 Dane techniczne: Rozmiary monta\u017cowe: 297 mm x 497 mm Materia\u0142: blacha cynkowana Malowane proszkowo Zamykane na zamek Kolor: bia\u0142y Wysokiej jako\u015bci drzwiczki rewizyjne wykonane z blachy cynkowanej. Pokryte lakierem mrozoodpornym, malowane proszkowo.\u00a0 Drzwiczki wykorzystywane s\u0105 do estetycznego maskowania otwor\u00f3w rewizyjnych, wentylacyjnych, wn\u0119k itp. Zamykane na zamek, kt\u00f3ry gwarantuje swobodne<br \/><a class=\"more-link\" href=\"https:\/\/bobimarket.pl\/index.php\/produkt\/drzwiczki-rewizyjne-metalowe-biale-zamek-30x50\/\"><br \/>\n        Czytaj wi\u0119cej<span class=\"screen-reader-text\"> &#8222;DRZWICZKI REWIZYJNE METALOWE BIA\u0141E ZAMEK 30&#215;50&#8221;<\/span><\/a><\/p>\n","protected":false},"featured_media":81855,"template":"","meta":[],"product_cat":[8185],"product_tag":[],"yoast_head":"<!-- This site is optimized with the Yoast SEO plugin v21.0 - https:\/\/yoast.com\/wordpress\/plugins\/seo\/ -->\n<title>DRZWICZKI REWIZYJNE METALOWE BIA\u0141E ZAMEK 30x50 - BOBIMARKET.pl - Remontuj i urz\u0105dzaj z nami<\/title>\n<meta name=\"robots\" content=\"index, follow, max-snippet:-1, max-image-preview:large, max-video-preview:-1\" \/>\n<link rel=\"canonical\" href=\"https:\/\/bobimarket.pl\/index.php\/produkt\/drzwiczki-rewizyjne-metalowe-biale-zamek-30x50\/\" \/>\n<meta property=\"og:locale\" content=\"pl_PL\" \/>\n<meta property=\"og:type\" content=\"article\" \/>\n<meta property=\"og:title\" content=\"DRZWICZKI REWIZYJNE METALOWE BIA\u0141E ZAMEK 30x50 - BOBIMARKET.pl - Remontuj i urz\u0105dzaj z nami\" \/>\n<meta property=\"og:description\" content=\"DRZWICZKI REWIZYJNE METALOWE BIA\u0141E ZAMEK 30&#215;50 Dane techniczne: Rozmiary monta\u017cowe: 297 mm x 497 mm Materia\u0142: blacha cynkowana Malowane proszkowo Zamykane na zamek Kolor: bia\u0142y Wysokiej jako\u015bci drzwiczki rewizyjne wykonane z blachy cynkowanej. Pokryte lakierem mrozoodpornym, malowane proszkowo.\u00a0 Drzwiczki wykorzystywane s\u0105 do estetycznego maskowania otwor\u00f3w rewizyjnych, wentylacyjnych, wn\u0119k itp. Zamykane na zamek, kt\u00f3ry gwarantuje swobodne     Czytaj wi\u0119cej &quot;DRZWICZKI REWIZYJNE METALOWE BIA\u0141E ZAMEK 30&#215;50&quot;\" \/>\n<meta property=\"og:url\" content=\"https:\/\/bobimarket.pl\/index.php\/produkt\/drzwiczki-rewizyjne-metalowe-biale-zamek-30x50\/\" \/>\n<meta property=\"og:site_name\" content=\"BOBIMARKET.pl - Remontuj i urz\u0105dzaj z nami\" \/>\n<meta property=\"article:modified_time\" content=\"2025-02-27T13:45:35+00:00\" \/>\n<meta property=\"og:image\" content=\"https:\/\/upload.cdn.baselinker.com\/products\/14476\/c252137b318bd670faa516a6d4b5a096.jpg\" \/>\n<meta name=\"twitter:card\" content=\"summary_large_image\" \/>\n<meta name=\"twitter:label1\" content=\"Szacowany czas czytania\" \/>\n\t<meta name=\"twitter:data1\" content=\"1 minuta\" \/>\n<script type=\"application\/ld+json\" class=\"yoast-schema-graph\">{\"@context\":\"https:\/\/schema.org\",\"@graph\":[{\"@type\":\"WebPage\",\"@id\":\"https:\/\/bobimarket.pl\/index.php\/produkt\/drzwiczki-rewizyjne-metalowe-biale-zamek-30x50\/\",\"url\":\"https:\/\/bobimarket.pl\/index.php\/produkt\/drzwiczki-rewizyjne-metalowe-biale-zamek-30x50\/\",\"name\":\"DRZWICZKI REWIZYJNE METALOWE BIA\u0141E ZAMEK 30x50 - BOBIMARKET.pl - Remontuj i urz\u0105dzaj z nami\",\"isPartOf\":{\"@id\":\"https:\/\/bobimarket.pl\/#website\"},\"datePublished\":\"2023-08-29T17:05:48+00:00\",\"dateModified\":\"2025-02-27T13:45:35+00:00\",\"breadcrumb\":{\"@id\":\"https:\/\/bobimarket.pl\/index.php\/produkt\/drzwiczki-rewizyjne-metalowe-biale-zamek-30x50\/#breadcrumb\"},\"inLanguage\":\"pl-PL\",\"potentialAction\":[{\"@type\":\"ReadAction\",\"target\":[\"https:\/\/bobimarket.pl\/index.php\/produkt\/drzwiczki-rewizyjne-metalowe-biale-zamek-30x50\/\"]}]},{\"@type\":\"BreadcrumbList\",\"@id\":\"https:\/\/bobimarket.pl\/index.php\/produkt\/drzwiczki-rewizyjne-metalowe-biale-zamek-30x50\/#breadcrumb\",\"itemListElement\":[{\"@type\":\"ListItem\",\"position\":1,\"name\":\"Strona g\u0142\u00f3wna\",\"item\":\"https:\/\/bobimarket.pl\/\"},{\"@type\":\"ListItem\",\"position\":2,\"name\":\"Sklep\",\"item\":\"https:\/\/bobimarket.pl\/index.php\/shop\/\"},{\"@type\":\"ListItem\",\"position\":3,\"name\":\"DRZWICZKI REWIZYJNE METALOWE BIA\u0141E ZAMEK 30&#215;50\"}]},{\"@type\":\"WebSite\",\"@id\":\"https:\/\/bobimarket.pl\/#website\",\"url\":\"https:\/\/bobimarket.pl\/\",\"name\":\"BOBIMARKET.pl - Remontuj i urz\u0105dzaj z nami\",\"description\":\"Remontuj i urz\u0105dzaj z nami\",\"publisher\":{\"@id\":\"https:\/\/bobimarket.pl\/#organization\"},\"potentialAction\":[{\"@type\":\"SearchAction\",\"target\":{\"@type\":\"EntryPoint\",\"urlTemplate\":\"https:\/\/bobimarket.pl\/?s={search_term_string}\"},\"query-input\":\"required name=search_term_string\"}],\"inLanguage\":\"pl-PL\"},{\"@type\":\"Organization\",\"@id\":\"https:\/\/bobimarket.pl\/#organization\",\"name\":\"BOBIMARKET.pl\",\"url\":\"https:\/\/bobimarket.pl\/\",\"logo\":{\"@type\":\"ImageObject\",\"inLanguage\":\"pl-PL\",\"@id\":\"https:\/\/bobimarket.pl\/#\/schema\/logo\/image\/\",\"url\":\"https:\/\/bobimarket.pl\/wp-content\/uploads\/2021\/11\/slogan.png\",\"contentUrl\":\"https:\/\/bobimarket.pl\/wp-content\/uploads\/2021\/11\/slogan.png\",\"width\":2000,\"height\":384,\"caption\":\"BOBIMARKET.pl\"},\"image\":{\"@id\":\"https:\/\/bobimarket.pl\/#\/schema\/logo\/image\/\"}}]}<\/script>\n<!-- \/ Yoast SEO plugin. -->","yoast_head_json":{"title":"DRZWICZKI REWIZYJNE METALOWE BIA\u0141E ZAMEK 30x50 - BOBIMARKET.pl - Remontuj i urz\u0105dzaj z nami","robots":{"index":"index","follow":"follow","max-snippet":"max-snippet:-1","max-image-preview":"max-image-preview:large","max-video-preview":"max-video-preview:-1"},"canonical":"https:\/\/bobimarket.pl\/index.php\/produkt\/drzwiczki-rewizyjne-metalowe-biale-zamek-30x50\/","og_locale":"pl_PL","og_type":"article","og_title":"DRZWICZKI REWIZYJNE METALOWE BIA\u0141E ZAMEK 30x50 - BOBIMARKET.pl - Remontuj i urz\u0105dzaj z nami","og_description":"DRZWICZKI REWIZYJNE METALOWE BIA\u0141E ZAMEK 30&#215;50 Dane techniczne: Rozmiary monta\u017cowe: 297 mm x 497 mm Materia\u0142: blacha cynkowana Malowane proszkowo Zamykane na zamek Kolor: bia\u0142y Wysokiej jako\u015bci drzwiczki rewizyjne wykonane z blachy cynkowanej. Pokryte lakierem mrozoodpornym, malowane proszkowo.\u00a0 Drzwiczki wykorzystywane s\u0105 do estetycznego maskowania otwor\u00f3w rewizyjnych, wentylacyjnych, wn\u0119k itp. Zamykane na zamek, kt\u00f3ry gwarantuje swobodne     Czytaj wi\u0119cej \"DRZWICZKI REWIZYJNE METALOWE BIA\u0141E ZAMEK 30&#215;50\"","og_url":"https:\/\/bobimarket.pl\/index.php\/produkt\/drzwiczki-rewizyjne-metalowe-biale-zamek-30x50\/","og_site_name":"BOBIMARKET.pl - Remontuj i urz\u0105dzaj z nami","article_modified_time":"2025-02-27T13:45:35+00:00","og_image":[{"url":"https:\/\/upload.cdn.baselinker.com\/products\/14476\/c252137b318bd670faa516a6d4b5a096.jpg"}],"twitter_card":"summary_large_image","twitter_misc":{"Szacowany czas czytania":"1 minuta"},"schema":{"@context":"https:\/\/schema.org","@graph":[{"@type":"WebPage","@id":"https:\/\/bobimarket.pl\/index.php\/produkt\/drzwiczki-rewizyjne-metalowe-biale-zamek-30x50\/","url":"https:\/\/bobimarket.pl\/index.php\/produkt\/drzwiczki-rewizyjne-metalowe-biale-zamek-30x50\/","name":"DRZWICZKI REWIZYJNE METALOWE BIA\u0141E ZAMEK 30x50 - BOBIMARKET.pl - Remontuj i urz\u0105dzaj z nami","isPartOf":{"@id":"https:\/\/bobimarket.pl\/#website"},"datePublished":"2023-08-29T17:05:48+00:00","dateModified":"2025-02-27T13:45:35+00:00","breadcrumb":{"@id":"https:\/\/bobimarket.pl\/index.php\/produkt\/drzwiczki-rewizyjne-metalowe-biale-zamek-30x50\/#breadcrumb"},"inLanguage":"pl-PL","potentialAction":[{"@type":"ReadAction","target":["https:\/\/bobimarket.pl\/index.php\/produkt\/drzwiczki-rewizyjne-metalowe-biale-zamek-30x50\/"]}]},{"@type":"BreadcrumbList","@id":"https:\/\/bobimarket.pl\/index.php\/produkt\/drzwiczki-rewizyjne-metalowe-biale-zamek-30x50\/#breadcrumb","itemListElement":[{"@type":"ListItem","position":1,"name":"Strona g\u0142\u00f3wna","item":"https:\/\/bobimarket.pl\/"},{"@type":"ListItem","position":2,"name":"Sklep","item":"https:\/\/bobimarket.pl\/index.php\/shop\/"},{"@type":"ListItem","position":3,"name":"DRZWICZKI REWIZYJNE METALOWE BIA\u0141E ZAMEK 30&#215;50"}]},{"@type":"WebSite","@id":"https:\/\/bobimarket.pl\/#website","url":"https:\/\/bobimarket.pl\/","name":"BOBIMARKET.pl - Remontuj i urz\u0105dzaj z nami","description":"Remontuj i urz\u0105dzaj z nami","publisher":{"@id":"https:\/\/bobimarket.pl\/#organization"},"potentialAction":[{"@type":"SearchAction","target":{"@type":"EntryPoint","urlTemplate":"https:\/\/bobimarket.pl\/?s={search_term_string}"},"query-input":"required name=search_term_string"}],"inLanguage":"pl-PL"},{"@type":"Organization","@id":"https:\/\/bobimarket.pl\/#organization","name":"BOBIMARKET.pl","url":"https:\/\/bobimarket.pl\/","logo":{"@type":"ImageObject","inLanguage":"pl-PL","@id":"https:\/\/bobimarket.pl\/#\/schema\/logo\/image\/","url":"https:\/\/bobimarket.pl\/wp-content\/uploads\/2021\/11\/slogan.png","contentUrl":"https:\/\/bobimarket.pl\/wp-content\/uploads\/2021\/11\/slogan.png","width":2000,"height":384,"caption":"BOBIMARKET.pl"},"image":{"@id":"https:\/\/bobimarket.pl\/#\/schema\/logo\/image\/"}}]}},"_links":{"self":[{"href":"https:\/\/bobimarket.pl\/index.php\/wp-json\/wp\/v2\/product\/81861"}],"collection":[{"href":"https:\/\/bobimarket.pl\/index.php\/wp-json\/wp\/v2\/product"}],"about":[{"href":"https:\/\/bobimarket.pl\/index.php\/wp-json\/wp\/v2\/types\/product"}],"wp:featuredmedia":[{"embeddable":true,"href":"https:\/\/bobimarket.pl\/index.php\/wp-json\/wp\/v2\/media\/81855"}],"wp:attachment":[{"href":"https:\/\/bobimarket.pl\/index.php\/wp-json\/wp\/v2\/media?parent=81861"}],"wp:term":[{"taxonomy":"product_cat","embeddable":true,"href":"https:\/\/bobimarket.pl\/index.php\/wp-json\/wp\/v2\/product_cat?post=81861"},{"taxonomy":"product_tag","embeddable":true,"href":"https:\/\/bobimarket.pl\/index.php\/wp-json\/wp\/v2\/product_tag?post=81861"}],"curies":[{"name":"wp","href":"https:\/\/api.w.org\/{rel}","templated":true}]}}