{"id":82091,"date":"2023-08-29T17:27:59","date_gmt":"2023-08-29T17:27:59","guid":{"rendered":"https:\/\/bobimarket.pl\/index.php\/produkt\/szczelinomierz-13-listkowy-miernik-szczelin-005-1\/"},"modified":"2025-02-27T13:48:05","modified_gmt":"2025-02-27T13:48:05","slug":"szczelinomierz-13-listkowy-miernik-szczelin-005-1","status":"publish","type":"product","link":"https:\/\/bobimarket.pl\/index.php\/produkt\/szczelinomierz-13-listkowy-miernik-szczelin-005-1\/","title":{"rendered":"SZCZELINOMIERZ 13 LISTKOWY MIERNIK SZCZELIN 0,05-1"},"content":{"rendered":"<section class=\"section\">\n<div class=\"item item-6\">\n<section class=\"image-item\">\n            <img decoding=\"async\" src=\"https:\/\/upload.cdn.baselinker.com\/products\/14476\/f898498ffd410c95d9bb458b9d08479d.jpg\" \/><br \/>\n        <\/section>\n<\/p><\/div>\n<div class=\"item item-6\">\n<section class=\"text-item\">\n<h2>SZCZELINOMIERZ 13 LISTKOWY MIERNIK DO SZCZELIN 0,05-1mm<\/h2>\n<p><b>Dane techniczne:<\/b><\/p>\n<ul>\n<li>Ilo\u015b\u0107 listk\u00f3w: <b>13 listki<\/b><\/li>\n<li>D\u0142ugo\u015b\u0107: <b>10 mm<\/b><\/li>\n<li>Zakres:<b> 0,05-1,0mm<\/b><\/li>\n<\/ul>\n<p><b>Rozmiar listk\u00f3w, podane w milimetrach:<\/b><\/p>\n<ul>\n<li>0.05, 0.10, 0.15, 0.20, 0.25, 0.30, 0.40, 0.50, 0.60, 0,70, 0.80, 0.90, 1,00 mm<\/li>\n<\/ul>\n<\/section><\/div>\n<\/section>\n<section class=\"section\">\n<div class=\"item item-6\">\n<section class=\"image-item\">\n            <img decoding=\"async\" src=\"https:\/\/upload.cdn.baselinker.com\/products\/14476\/66f32799f3ead34108fd3e22203b27d9.jpg\" \/><br \/>\n        <\/section>\n<\/p><\/div>\n<div class=\"item item-6\">\n<section class=\"text-item\">\n<p>Szczelinomierz zosta\u0142 wykonany z utwardzanej stali spr\u0119\u017cynowej. Posiada 13 listki o r\u00f3\u017cnej grubo\u015bci w zakresie od 0,05 mm do 1,00 mm.<\/p>\n<p><b>Rozmiar listk\u00f3w, podane w milimetrach:<\/b><\/p>\n<ul>\n<li>0.05 mm<\/li>\n<li>0.10 mm<\/li>\n<li>0.15 mm<\/li>\n<li>0.20 mm<\/li>\n<li>0.25 mm<\/li>\n<li>0.30 mm<\/li>\n<li>0.40 mm<\/li>\n<li>0.50 mm<\/li>\n<li>0.60 mm<\/li>\n<li>0,70 mm<\/li>\n<li>0.80 mm<\/li>\n<li>0.90 mm<\/li>\n<li>1,00 mm<\/li>\n<\/ul>\n<\/section><\/div>\n<\/section>\n<section class=\"section\">\n<div class=\"item item-6\">\n<section class=\"image-item\">\n            <img decoding=\"async\" src=\"https:\/\/upload.cdn.baselinker.com\/products\/14476\/08f6fe5721d0581424f720b78f535242.jpg\" \/><br \/>\n        <\/section>\n<\/p><\/div>\n<div class=\"item item-6\">\n<section class=\"text-item\">\n<p><b>\u2705 ZASTOSOWANIE:<\/b><\/p>\n<p>Szczelinomierz pozwala na precyzyjny pomiar szczelin lub luk pomi\u0119dzy dwoma s\u0105siaduj\u0105cymi powierzchniami.<\/p>\n<ul>\n<li>Posiada 13 listki pomiarowe o <b>r\u00f3\u017cnej grubo\u015bci co pozwala na uzyskanie dok\u0142adnego pomiaru<\/b> oraz sprawia, \u017ce narz\u0119dzie jest funkcjonalne i praktyczne.<\/li>\n<li>Szczelinomierz przyda si\u0119 w takich bran\u017cach jak motoryzacja czy przemys\u0142 i rzemios\u0142o.<\/li>\n<\/ul>\n<\/section><\/div>\n<\/section>\n<section class=\"section\">\n<div class=\"item item-12\">\n<section class=\"image-item\">\n            <img decoding=\"async\" src=\"https:\/\/upload.cdn.baselinker.com\/products\/14476\/66f32799f3ead34108fd3e22203b27d9.jpg\" \/><br \/>\n        <\/section>\n<\/p><\/div>\n<\/section>\n","protected":false},"excerpt":{"rendered":"<p>SZCZELINOMIERZ 13 LISTKOWY MIERNIK DO SZCZELIN 0,05-1mm Dane techniczne: Ilo\u015b\u0107 listk\u00f3w: 13 listki D\u0142ugo\u015b\u0107: 10 mm Zakres: 0,05-1,0mm Rozmiar listk\u00f3w, podane w milimetrach: 0.05, 0.10, 0.15, 0.20, 0.25, 0.30, 0.40, 0.50, 0.60, 0,70, 0.80, 0.90, 1,00 mm Szczelinomierz zosta\u0142 wykonany z utwardzanej stali spr\u0119\u017cynowej. Posiada 13 listki o r\u00f3\u017cnej grubo\u015bci w zakresie od 0,05 mm<br \/><a class=\"more-link\" href=\"https:\/\/bobimarket.pl\/index.php\/produkt\/szczelinomierz-13-listkowy-miernik-szczelin-005-1\/\"><br \/>\n        Czytaj wi\u0119cej<span class=\"screen-reader-text\"> &#8222;SZCZELINOMIERZ 13 LISTKOWY MIERNIK SZCZELIN 0,05-1&#8221;<\/span><\/a><\/p>\n","protected":false},"featured_media":82082,"template":"","meta":[],"product_cat":[8189],"product_tag":[],"yoast_head":"<!-- This site is optimized with the Yoast SEO plugin v21.0 - https:\/\/yoast.com\/wordpress\/plugins\/seo\/ -->\n<title>SZCZELINOMIERZ 13 LISTKOWY MIERNIK SZCZELIN 0,05-1 - BOBIMARKET.pl - Remontuj i urz\u0105dzaj z nami<\/title>\n<meta name=\"robots\" content=\"index, follow, max-snippet:-1, max-image-preview:large, max-video-preview:-1\" \/>\n<link rel=\"canonical\" href=\"https:\/\/bobimarket.pl\/index.php\/produkt\/szczelinomierz-13-listkowy-miernik-szczelin-005-1\/\" \/>\n<meta property=\"og:locale\" content=\"pl_PL\" \/>\n<meta property=\"og:type\" content=\"article\" \/>\n<meta property=\"og:title\" content=\"SZCZELINOMIERZ 13 LISTKOWY MIERNIK SZCZELIN 0,05-1 - BOBIMARKET.pl - Remontuj i urz\u0105dzaj z nami\" \/>\n<meta property=\"og:description\" content=\"SZCZELINOMIERZ 13 LISTKOWY MIERNIK DO SZCZELIN 0,05-1mm Dane techniczne: Ilo\u015b\u0107 listk\u00f3w: 13 listki D\u0142ugo\u015b\u0107: 10 mm Zakres: 0,05-1,0mm Rozmiar listk\u00f3w, podane w milimetrach: 0.05, 0.10, 0.15, 0.20, 0.25, 0.30, 0.40, 0.50, 0.60, 0,70, 0.80, 0.90, 1,00 mm Szczelinomierz zosta\u0142 wykonany z utwardzanej stali spr\u0119\u017cynowej. Posiada 13 listki o r\u00f3\u017cnej grubo\u015bci w zakresie od 0,05 mm     Czytaj wi\u0119cej &quot;SZCZELINOMIERZ 13 LISTKOWY MIERNIK SZCZELIN 0,05-1&quot;\" \/>\n<meta property=\"og:url\" content=\"https:\/\/bobimarket.pl\/index.php\/produkt\/szczelinomierz-13-listkowy-miernik-szczelin-005-1\/\" \/>\n<meta property=\"og:site_name\" content=\"BOBIMARKET.pl - Remontuj i urz\u0105dzaj z nami\" \/>\n<meta property=\"article:modified_time\" content=\"2025-02-27T13:48:05+00:00\" \/>\n<meta property=\"og:image\" content=\"https:\/\/upload.cdn.baselinker.com\/products\/14476\/f898498ffd410c95d9bb458b9d08479d.jpg\" \/>\n<meta name=\"twitter:card\" content=\"summary_large_image\" \/>\n<meta name=\"twitter:label1\" content=\"Szacowany czas czytania\" \/>\n\t<meta name=\"twitter:data1\" content=\"1 minuta\" \/>\n<script type=\"application\/ld+json\" class=\"yoast-schema-graph\">{\"@context\":\"https:\/\/schema.org\",\"@graph\":[{\"@type\":\"WebPage\",\"@id\":\"https:\/\/bobimarket.pl\/index.php\/produkt\/szczelinomierz-13-listkowy-miernik-szczelin-005-1\/\",\"url\":\"https:\/\/bobimarket.pl\/index.php\/produkt\/szczelinomierz-13-listkowy-miernik-szczelin-005-1\/\",\"name\":\"SZCZELINOMIERZ 13 LISTKOWY MIERNIK SZCZELIN 0,05-1 - BOBIMARKET.pl - Remontuj i urz\u0105dzaj z nami\",\"isPartOf\":{\"@id\":\"https:\/\/bobimarket.pl\/#website\"},\"datePublished\":\"2023-08-29T17:27:59+00:00\",\"dateModified\":\"2025-02-27T13:48:05+00:00\",\"breadcrumb\":{\"@id\":\"https:\/\/bobimarket.pl\/index.php\/produkt\/szczelinomierz-13-listkowy-miernik-szczelin-005-1\/#breadcrumb\"},\"inLanguage\":\"pl-PL\",\"potentialAction\":[{\"@type\":\"ReadAction\",\"target\":[\"https:\/\/bobimarket.pl\/index.php\/produkt\/szczelinomierz-13-listkowy-miernik-szczelin-005-1\/\"]}]},{\"@type\":\"BreadcrumbList\",\"@id\":\"https:\/\/bobimarket.pl\/index.php\/produkt\/szczelinomierz-13-listkowy-miernik-szczelin-005-1\/#breadcrumb\",\"itemListElement\":[{\"@type\":\"ListItem\",\"position\":1,\"name\":\"Strona g\u0142\u00f3wna\",\"item\":\"https:\/\/bobimarket.pl\/\"},{\"@type\":\"ListItem\",\"position\":2,\"name\":\"Sklep\",\"item\":\"https:\/\/bobimarket.pl\/index.php\/shop\/\"},{\"@type\":\"ListItem\",\"position\":3,\"name\":\"SZCZELINOMIERZ 13 LISTKOWY MIERNIK SZCZELIN 0,05-1\"}]},{\"@type\":\"WebSite\",\"@id\":\"https:\/\/bobimarket.pl\/#website\",\"url\":\"https:\/\/bobimarket.pl\/\",\"name\":\"BOBIMARKET.pl - Remontuj i urz\u0105dzaj z nami\",\"description\":\"Remontuj i urz\u0105dzaj z nami\",\"publisher\":{\"@id\":\"https:\/\/bobimarket.pl\/#organization\"},\"potentialAction\":[{\"@type\":\"SearchAction\",\"target\":{\"@type\":\"EntryPoint\",\"urlTemplate\":\"https:\/\/bobimarket.pl\/?s={search_term_string}\"},\"query-input\":\"required name=search_term_string\"}],\"inLanguage\":\"pl-PL\"},{\"@type\":\"Organization\",\"@id\":\"https:\/\/bobimarket.pl\/#organization\",\"name\":\"BOBIMARKET.pl\",\"url\":\"https:\/\/bobimarket.pl\/\",\"logo\":{\"@type\":\"ImageObject\",\"inLanguage\":\"pl-PL\",\"@id\":\"https:\/\/bobimarket.pl\/#\/schema\/logo\/image\/\",\"url\":\"https:\/\/bobimarket.pl\/wp-content\/uploads\/2021\/11\/slogan.png\",\"contentUrl\":\"https:\/\/bobimarket.pl\/wp-content\/uploads\/2021\/11\/slogan.png\",\"width\":2000,\"height\":384,\"caption\":\"BOBIMARKET.pl\"},\"image\":{\"@id\":\"https:\/\/bobimarket.pl\/#\/schema\/logo\/image\/\"}}]}<\/script>\n<!-- \/ Yoast SEO plugin. -->","yoast_head_json":{"title":"SZCZELINOMIERZ 13 LISTKOWY MIERNIK SZCZELIN 0,05-1 - BOBIMARKET.pl - Remontuj i urz\u0105dzaj z nami","robots":{"index":"index","follow":"follow","max-snippet":"max-snippet:-1","max-image-preview":"max-image-preview:large","max-video-preview":"max-video-preview:-1"},"canonical":"https:\/\/bobimarket.pl\/index.php\/produkt\/szczelinomierz-13-listkowy-miernik-szczelin-005-1\/","og_locale":"pl_PL","og_type":"article","og_title":"SZCZELINOMIERZ 13 LISTKOWY MIERNIK SZCZELIN 0,05-1 - BOBIMARKET.pl - Remontuj i urz\u0105dzaj z nami","og_description":"SZCZELINOMIERZ 13 LISTKOWY MIERNIK DO SZCZELIN 0,05-1mm Dane techniczne: Ilo\u015b\u0107 listk\u00f3w: 13 listki D\u0142ugo\u015b\u0107: 10 mm Zakres: 0,05-1,0mm Rozmiar listk\u00f3w, podane w milimetrach: 0.05, 0.10, 0.15, 0.20, 0.25, 0.30, 0.40, 0.50, 0.60, 0,70, 0.80, 0.90, 1,00 mm Szczelinomierz zosta\u0142 wykonany z utwardzanej stali spr\u0119\u017cynowej. Posiada 13 listki o r\u00f3\u017cnej grubo\u015bci w zakresie od 0,05 mm     Czytaj wi\u0119cej \"SZCZELINOMIERZ 13 LISTKOWY MIERNIK SZCZELIN 0,05-1\"","og_url":"https:\/\/bobimarket.pl\/index.php\/produkt\/szczelinomierz-13-listkowy-miernik-szczelin-005-1\/","og_site_name":"BOBIMARKET.pl - Remontuj i urz\u0105dzaj z nami","article_modified_time":"2025-02-27T13:48:05+00:00","og_image":[{"url":"https:\/\/upload.cdn.baselinker.com\/products\/14476\/f898498ffd410c95d9bb458b9d08479d.jpg"}],"twitter_card":"summary_large_image","twitter_misc":{"Szacowany czas czytania":"1 minuta"},"schema":{"@context":"https:\/\/schema.org","@graph":[{"@type":"WebPage","@id":"https:\/\/bobimarket.pl\/index.php\/produkt\/szczelinomierz-13-listkowy-miernik-szczelin-005-1\/","url":"https:\/\/bobimarket.pl\/index.php\/produkt\/szczelinomierz-13-listkowy-miernik-szczelin-005-1\/","name":"SZCZELINOMIERZ 13 LISTKOWY MIERNIK SZCZELIN 0,05-1 - BOBIMARKET.pl - Remontuj i urz\u0105dzaj z nami","isPartOf":{"@id":"https:\/\/bobimarket.pl\/#website"},"datePublished":"2023-08-29T17:27:59+00:00","dateModified":"2025-02-27T13:48:05+00:00","breadcrumb":{"@id":"https:\/\/bobimarket.pl\/index.php\/produkt\/szczelinomierz-13-listkowy-miernik-szczelin-005-1\/#breadcrumb"},"inLanguage":"pl-PL","potentialAction":[{"@type":"ReadAction","target":["https:\/\/bobimarket.pl\/index.php\/produkt\/szczelinomierz-13-listkowy-miernik-szczelin-005-1\/"]}]},{"@type":"BreadcrumbList","@id":"https:\/\/bobimarket.pl\/index.php\/produkt\/szczelinomierz-13-listkowy-miernik-szczelin-005-1\/#breadcrumb","itemListElement":[{"@type":"ListItem","position":1,"name":"Strona g\u0142\u00f3wna","item":"https:\/\/bobimarket.pl\/"},{"@type":"ListItem","position":2,"name":"Sklep","item":"https:\/\/bobimarket.pl\/index.php\/shop\/"},{"@type":"ListItem","position":3,"name":"SZCZELINOMIERZ 13 LISTKOWY MIERNIK SZCZELIN 0,05-1"}]},{"@type":"WebSite","@id":"https:\/\/bobimarket.pl\/#website","url":"https:\/\/bobimarket.pl\/","name":"BOBIMARKET.pl - Remontuj i urz\u0105dzaj z nami","description":"Remontuj i urz\u0105dzaj z nami","publisher":{"@id":"https:\/\/bobimarket.pl\/#organization"},"potentialAction":[{"@type":"SearchAction","target":{"@type":"EntryPoint","urlTemplate":"https:\/\/bobimarket.pl\/?s={search_term_string}"},"query-input":"required name=search_term_string"}],"inLanguage":"pl-PL"},{"@type":"Organization","@id":"https:\/\/bobimarket.pl\/#organization","name":"BOBIMARKET.pl","url":"https:\/\/bobimarket.pl\/","logo":{"@type":"ImageObject","inLanguage":"pl-PL","@id":"https:\/\/bobimarket.pl\/#\/schema\/logo\/image\/","url":"https:\/\/bobimarket.pl\/wp-content\/uploads\/2021\/11\/slogan.png","contentUrl":"https:\/\/bobimarket.pl\/wp-content\/uploads\/2021\/11\/slogan.png","width":2000,"height":384,"caption":"BOBIMARKET.pl"},"image":{"@id":"https:\/\/bobimarket.pl\/#\/schema\/logo\/image\/"}}]}},"_links":{"self":[{"href":"https:\/\/bobimarket.pl\/index.php\/wp-json\/wp\/v2\/product\/82091"}],"collection":[{"href":"https:\/\/bobimarket.pl\/index.php\/wp-json\/wp\/v2\/product"}],"about":[{"href":"https:\/\/bobimarket.pl\/index.php\/wp-json\/wp\/v2\/types\/product"}],"wp:featuredmedia":[{"embeddable":true,"href":"https:\/\/bobimarket.pl\/index.php\/wp-json\/wp\/v2\/media\/82082"}],"wp:attachment":[{"href":"https:\/\/bobimarket.pl\/index.php\/wp-json\/wp\/v2\/media?parent=82091"}],"wp:term":[{"taxonomy":"product_cat","embeddable":true,"href":"https:\/\/bobimarket.pl\/index.php\/wp-json\/wp\/v2\/product_cat?post=82091"},{"taxonomy":"product_tag","embeddable":true,"href":"https:\/\/bobimarket.pl\/index.php\/wp-json\/wp\/v2\/product_tag?post=82091"}],"curies":[{"name":"wp","href":"https:\/\/api.w.org\/{rel}","templated":true}]}}