{"id":82134,"date":"2023-08-29T17:31:58","date_gmt":"2023-08-29T17:31:58","guid":{"rendered":"https:\/\/bobimarket.pl\/index.php\/produkt\/papier-scierny-na-rzep-zelazko-delta-gr100-5szt\/"},"modified":"2025-02-27T13:48:34","modified_gmt":"2025-02-27T13:48:34","slug":"papier-scierny-na-rzep-zelazko-delta-gr100-5szt","status":"publish","type":"product","link":"https:\/\/bobimarket.pl\/index.php\/produkt\/papier-scierny-na-rzep-zelazko-delta-gr100-5szt\/","title":{"rendered":"PAPIER \u015aCIERNY NA RZEP \u017bELAZKO DELTA GR100 5szt"},"content":{"rendered":"<section class=\"section\">\n<div class=\"item item-6\">\n<section class=\"image-item\">\n            <img decoding=\"async\" src=\"https:\/\/upload.cdn.baselinker.com\/products\/14476\/3b79f3443f50913ae219e505e371f06b.jpg\" \/><br \/>\n        <\/section>\n<\/p><\/div>\n<div class=\"item item-6\">\n<section class=\"text-item\">\n<h2>PAPIER \u015aCIERNY NA RZEP \u017bELAZKO DELTA GR100 5szt<\/h2>\n<p><b>Dane techniczne:<\/b><\/p>\n<ul>\n<li>Rodzaj: <b>papier \u015bcierny delta<\/b><\/li>\n<li>Wymiary: <b>98 x 140 mm<\/b><\/li>\n<li>Ilo\u015b\u0107 otwor\u00f3w: <b>5<\/b><\/li>\n<li>Gradacja: <b>100<\/b><\/li>\n<li>Ilo\u015b\u0107 sztuk w zestawie: <b>5 szt. <\/b><\/li>\n<\/ul>\n<\/section><\/div>\n<\/section>\n<section class=\"section\">\n<div class=\"item item-6\">\n<section class=\"image-item\">\n            <img decoding=\"async\" src=\"https:\/\/upload.cdn.baselinker.com\/products\/14476\/0dedd161ea52c29805b8d0f344a623d7.jpg\" \/><br \/>\n        <\/section>\n<\/p><\/div>\n<div class=\"item item-6\">\n<section class=\"text-item\">\n<p>Praktyczny zestaw <b>5 szt. papieru \u015bciernego delta<\/b> na rzep! Tr\u00f3jk\u0105t z papieru \u015bciernego mo\u017ce\u00a0 pos\u0142u\u017cy\u0107 do pracy w profesjonalnym lub przydomowym warsztacie! Wykorzystasz go jako idealne uzupe\u0142nienie Twojej szlifierki, zapewniaj\u0105c jej wydajniejsz\u0105 prac\u0119.<\/p>\n<ul>\n<li>Przyda si\u0119 do wyg\u0142adzania r\u00f3\u017cnego rodzaju powierzchni.<\/li>\n<li>U\u017cycie papieru w kszta\u0142cie tr\u00f3jk\u0105ta pozwala na <b>precyzyjne\u00a0 szlifowanie<\/b> w trudno dost\u0119pnych miejscach\u00a0 oraz w naro\u017cnikach.<\/li>\n<li>Ka\u017cdy kr\u0105\u017cek posiada <b>rzep<\/b>, kt\u00f3ry pozwala na szybk\u0105 wymian\u0119 zu\u017cytego papieru na nowy.<\/li>\n<\/ul>\n<\/section><\/div>\n<\/section>\n<section class=\"section\">\n<div class=\"item item-6\">\n<section class=\"image-item\">\n            <img decoding=\"async\" src=\"https:\/\/upload.cdn.baselinker.com\/products\/14476\/7b987aeb9a2e4c436fcc6e0438dccc79.jpg\" \/><br \/>\n        <\/section>\n<\/p><\/div>\n<div class=\"item item-6\">\n<section class=\"text-item\">\n<p><b>\u2705<\/b><b> Zastosowanie:<\/b><\/p>\n<p>Tr\u00f3jk\u0105tny papier \u015bcierny przeznaczony jest g\u0142\u00f3wnie <b>do\u00a0 szlifowana w naro\u017cnikach mniejszych ni\u017c 90\u00b0. <\/b>W zestawie znajdziesz 5 sztuk kr\u0105\u017ck\u00f3w,\u00a0 masz wi\u0119c mo\u017cliwo\u015b\u0107 jego wymiany w przypadku wytarcia lub\u00a0 pracy na du\u017cych powierzchniach.<\/p>\n<ul>\n<li>Produkt pozwoli Ci <b>przygotowa\u0107 \u015bcian\u0119 na malowanie<\/b> \u2013 dzi\u0119ki niemu usuniesz z niej zabrudzenia oraz wyr\u00f3wnasz j\u0105 tak, by aplikowana farba wch\u0142ania\u0142a si\u0119 r\u00f3wnomiernie.<\/li>\n<li>Kr\u0105\u017cek umo\u017cliwi Ci tak\u017ce <b>usuni\u0119cie pozosta\u0142o\u015bci farby<\/b> lub <b>rdzy z metalowych powierzchni.<\/b><\/li>\n<\/ul>\n<p>Przeznaczony do obr\u00f3bki materia\u0142\u00f3w takich jak:<\/p>\n<ul>\n<li>drewno<\/li>\n<li>materia\u0142y drewnopochodne<\/li>\n<li>p\u0142yty wi\u00f3rowy i budowlane<\/li>\n<li>metal i innych materia\u0142\u00f3w.<\/li>\n<\/ul>\n<\/section><\/div>\n<\/section>\n<section class=\"section\">\n<div class=\"item item-6\">\n<section class=\"image-item\">\n            <img decoding=\"async\" src=\"https:\/\/upload.cdn.baselinker.com\/products\/14476\/0dedd161ea52c29805b8d0f344a623d7.jpg\" \/><br \/>\n        <\/section>\n<\/p><\/div>\n<div class=\"item item-6\">\n<section class=\"image-item\">\n            <img decoding=\"async\" src=\"https:\/\/upload.cdn.baselinker.com\/products\/14476\/3b79f3443f50913ae219e505e371f06b.jpg\" \/><br \/>\n        <\/section>\n<\/p><\/div>\n<\/section>\n","protected":false},"excerpt":{"rendered":"<p>PAPIER \u015aCIERNY NA RZEP \u017bELAZKO DELTA GR100 5szt Dane techniczne: Rodzaj: papier \u015bcierny delta Wymiary: 98 x 140 mm Ilo\u015b\u0107 otwor\u00f3w: 5 Gradacja: 100 Ilo\u015b\u0107 sztuk w zestawie: 5 szt. Praktyczny zestaw 5 szt. papieru \u015bciernego delta na rzep! Tr\u00f3jk\u0105t z papieru \u015bciernego mo\u017ce\u00a0 pos\u0142u\u017cy\u0107 do pracy w profesjonalnym lub przydomowym warsztacie! Wykorzystasz go jako<br \/><a class=\"more-link\" href=\"https:\/\/bobimarket.pl\/index.php\/produkt\/papier-scierny-na-rzep-zelazko-delta-gr100-5szt\/\"><br \/>\n        Czytaj wi\u0119cej<span class=\"screen-reader-text\"> &#8222;PAPIER \u015aCIERNY NA RZEP \u017bELAZKO DELTA GR100 5szt&#8221;<\/span><\/a><\/p>\n","protected":false},"featured_media":82129,"template":"","meta":[],"product_cat":[8138],"product_tag":[],"yoast_head":"<!-- This site is optimized with the Yoast SEO plugin v21.0 - https:\/\/yoast.com\/wordpress\/plugins\/seo\/ -->\n<title>PAPIER \u015aCIERNY NA RZEP \u017bELAZKO DELTA GR100 5szt - BOBIMARKET.pl - Remontuj i urz\u0105dzaj z nami<\/title>\n<meta name=\"robots\" content=\"index, follow, max-snippet:-1, max-image-preview:large, max-video-preview:-1\" \/>\n<link rel=\"canonical\" href=\"https:\/\/bobimarket.pl\/index.php\/produkt\/papier-scierny-na-rzep-zelazko-delta-gr100-5szt\/\" \/>\n<meta property=\"og:locale\" content=\"pl_PL\" \/>\n<meta property=\"og:type\" content=\"article\" \/>\n<meta property=\"og:title\" content=\"PAPIER \u015aCIERNY NA RZEP \u017bELAZKO DELTA GR100 5szt - BOBIMARKET.pl - Remontuj i urz\u0105dzaj z nami\" \/>\n<meta property=\"og:description\" content=\"PAPIER \u015aCIERNY NA RZEP \u017bELAZKO DELTA GR100 5szt Dane techniczne: Rodzaj: papier \u015bcierny delta Wymiary: 98 x 140 mm Ilo\u015b\u0107 otwor\u00f3w: 5 Gradacja: 100 Ilo\u015b\u0107 sztuk w zestawie: 5 szt. Praktyczny zestaw 5 szt. papieru \u015bciernego delta na rzep! Tr\u00f3jk\u0105t z papieru \u015bciernego mo\u017ce\u00a0 pos\u0142u\u017cy\u0107 do pracy w profesjonalnym lub przydomowym warsztacie! Wykorzystasz go jako     Czytaj wi\u0119cej &quot;PAPIER \u015aCIERNY NA RZEP \u017bELAZKO DELTA GR100 5szt&quot;\" \/>\n<meta property=\"og:url\" content=\"https:\/\/bobimarket.pl\/index.php\/produkt\/papier-scierny-na-rzep-zelazko-delta-gr100-5szt\/\" \/>\n<meta property=\"og:site_name\" content=\"BOBIMARKET.pl - Remontuj i urz\u0105dzaj z nami\" \/>\n<meta property=\"article:modified_time\" content=\"2025-02-27T13:48:34+00:00\" \/>\n<meta property=\"og:image\" content=\"https:\/\/upload.cdn.baselinker.com\/products\/14476\/3b79f3443f50913ae219e505e371f06b.jpg\" \/>\n<meta name=\"twitter:card\" content=\"summary_large_image\" \/>\n<meta name=\"twitter:label1\" content=\"Szacowany czas czytania\" \/>\n\t<meta name=\"twitter:data1\" content=\"1 minuta\" \/>\n<script type=\"application\/ld+json\" class=\"yoast-schema-graph\">{\"@context\":\"https:\/\/schema.org\",\"@graph\":[{\"@type\":\"WebPage\",\"@id\":\"https:\/\/bobimarket.pl\/index.php\/produkt\/papier-scierny-na-rzep-zelazko-delta-gr100-5szt\/\",\"url\":\"https:\/\/bobimarket.pl\/index.php\/produkt\/papier-scierny-na-rzep-zelazko-delta-gr100-5szt\/\",\"name\":\"PAPIER \u015aCIERNY NA RZEP \u017bELAZKO DELTA GR100 5szt - BOBIMARKET.pl - Remontuj i urz\u0105dzaj z nami\",\"isPartOf\":{\"@id\":\"https:\/\/bobimarket.pl\/#website\"},\"datePublished\":\"2023-08-29T17:31:58+00:00\",\"dateModified\":\"2025-02-27T13:48:34+00:00\",\"breadcrumb\":{\"@id\":\"https:\/\/bobimarket.pl\/index.php\/produkt\/papier-scierny-na-rzep-zelazko-delta-gr100-5szt\/#breadcrumb\"},\"inLanguage\":\"pl-PL\",\"potentialAction\":[{\"@type\":\"ReadAction\",\"target\":[\"https:\/\/bobimarket.pl\/index.php\/produkt\/papier-scierny-na-rzep-zelazko-delta-gr100-5szt\/\"]}]},{\"@type\":\"BreadcrumbList\",\"@id\":\"https:\/\/bobimarket.pl\/index.php\/produkt\/papier-scierny-na-rzep-zelazko-delta-gr100-5szt\/#breadcrumb\",\"itemListElement\":[{\"@type\":\"ListItem\",\"position\":1,\"name\":\"Strona g\u0142\u00f3wna\",\"item\":\"https:\/\/bobimarket.pl\/\"},{\"@type\":\"ListItem\",\"position\":2,\"name\":\"Sklep\",\"item\":\"https:\/\/bobimarket.pl\/index.php\/shop\/\"},{\"@type\":\"ListItem\",\"position\":3,\"name\":\"PAPIER \u015aCIERNY NA RZEP \u017bELAZKO DELTA GR100 5szt\"}]},{\"@type\":\"WebSite\",\"@id\":\"https:\/\/bobimarket.pl\/#website\",\"url\":\"https:\/\/bobimarket.pl\/\",\"name\":\"BOBIMARKET.pl - Remontuj i urz\u0105dzaj z nami\",\"description\":\"Remontuj i urz\u0105dzaj z nami\",\"publisher\":{\"@id\":\"https:\/\/bobimarket.pl\/#organization\"},\"potentialAction\":[{\"@type\":\"SearchAction\",\"target\":{\"@type\":\"EntryPoint\",\"urlTemplate\":\"https:\/\/bobimarket.pl\/?s={search_term_string}\"},\"query-input\":\"required name=search_term_string\"}],\"inLanguage\":\"pl-PL\"},{\"@type\":\"Organization\",\"@id\":\"https:\/\/bobimarket.pl\/#organization\",\"name\":\"BOBIMARKET.pl\",\"url\":\"https:\/\/bobimarket.pl\/\",\"logo\":{\"@type\":\"ImageObject\",\"inLanguage\":\"pl-PL\",\"@id\":\"https:\/\/bobimarket.pl\/#\/schema\/logo\/image\/\",\"url\":\"https:\/\/bobimarket.pl\/wp-content\/uploads\/2021\/11\/slogan.png\",\"contentUrl\":\"https:\/\/bobimarket.pl\/wp-content\/uploads\/2021\/11\/slogan.png\",\"width\":2000,\"height\":384,\"caption\":\"BOBIMARKET.pl\"},\"image\":{\"@id\":\"https:\/\/bobimarket.pl\/#\/schema\/logo\/image\/\"}}]}<\/script>\n<!-- \/ Yoast SEO plugin. -->","yoast_head_json":{"title":"PAPIER \u015aCIERNY NA RZEP \u017bELAZKO DELTA GR100 5szt - BOBIMARKET.pl - Remontuj i urz\u0105dzaj z nami","robots":{"index":"index","follow":"follow","max-snippet":"max-snippet:-1","max-image-preview":"max-image-preview:large","max-video-preview":"max-video-preview:-1"},"canonical":"https:\/\/bobimarket.pl\/index.php\/produkt\/papier-scierny-na-rzep-zelazko-delta-gr100-5szt\/","og_locale":"pl_PL","og_type":"article","og_title":"PAPIER \u015aCIERNY NA RZEP \u017bELAZKO DELTA GR100 5szt - BOBIMARKET.pl - Remontuj i urz\u0105dzaj z nami","og_description":"PAPIER \u015aCIERNY NA RZEP \u017bELAZKO DELTA GR100 5szt Dane techniczne: Rodzaj: papier \u015bcierny delta Wymiary: 98 x 140 mm Ilo\u015b\u0107 otwor\u00f3w: 5 Gradacja: 100 Ilo\u015b\u0107 sztuk w zestawie: 5 szt. Praktyczny zestaw 5 szt. papieru \u015bciernego delta na rzep! Tr\u00f3jk\u0105t z papieru \u015bciernego mo\u017ce\u00a0 pos\u0142u\u017cy\u0107 do pracy w profesjonalnym lub przydomowym warsztacie! Wykorzystasz go jako     Czytaj wi\u0119cej \"PAPIER \u015aCIERNY NA RZEP \u017bELAZKO DELTA GR100 5szt\"","og_url":"https:\/\/bobimarket.pl\/index.php\/produkt\/papier-scierny-na-rzep-zelazko-delta-gr100-5szt\/","og_site_name":"BOBIMARKET.pl - Remontuj i urz\u0105dzaj z nami","article_modified_time":"2025-02-27T13:48:34+00:00","og_image":[{"url":"https:\/\/upload.cdn.baselinker.com\/products\/14476\/3b79f3443f50913ae219e505e371f06b.jpg"}],"twitter_card":"summary_large_image","twitter_misc":{"Szacowany czas czytania":"1 minuta"},"schema":{"@context":"https:\/\/schema.org","@graph":[{"@type":"WebPage","@id":"https:\/\/bobimarket.pl\/index.php\/produkt\/papier-scierny-na-rzep-zelazko-delta-gr100-5szt\/","url":"https:\/\/bobimarket.pl\/index.php\/produkt\/papier-scierny-na-rzep-zelazko-delta-gr100-5szt\/","name":"PAPIER \u015aCIERNY NA RZEP \u017bELAZKO DELTA GR100 5szt - BOBIMARKET.pl - Remontuj i urz\u0105dzaj z nami","isPartOf":{"@id":"https:\/\/bobimarket.pl\/#website"},"datePublished":"2023-08-29T17:31:58+00:00","dateModified":"2025-02-27T13:48:34+00:00","breadcrumb":{"@id":"https:\/\/bobimarket.pl\/index.php\/produkt\/papier-scierny-na-rzep-zelazko-delta-gr100-5szt\/#breadcrumb"},"inLanguage":"pl-PL","potentialAction":[{"@type":"ReadAction","target":["https:\/\/bobimarket.pl\/index.php\/produkt\/papier-scierny-na-rzep-zelazko-delta-gr100-5szt\/"]}]},{"@type":"BreadcrumbList","@id":"https:\/\/bobimarket.pl\/index.php\/produkt\/papier-scierny-na-rzep-zelazko-delta-gr100-5szt\/#breadcrumb","itemListElement":[{"@type":"ListItem","position":1,"name":"Strona g\u0142\u00f3wna","item":"https:\/\/bobimarket.pl\/"},{"@type":"ListItem","position":2,"name":"Sklep","item":"https:\/\/bobimarket.pl\/index.php\/shop\/"},{"@type":"ListItem","position":3,"name":"PAPIER \u015aCIERNY NA RZEP \u017bELAZKO DELTA GR100 5szt"}]},{"@type":"WebSite","@id":"https:\/\/bobimarket.pl\/#website","url":"https:\/\/bobimarket.pl\/","name":"BOBIMARKET.pl - Remontuj i urz\u0105dzaj z nami","description":"Remontuj i urz\u0105dzaj z nami","publisher":{"@id":"https:\/\/bobimarket.pl\/#organization"},"potentialAction":[{"@type":"SearchAction","target":{"@type":"EntryPoint","urlTemplate":"https:\/\/bobimarket.pl\/?s={search_term_string}"},"query-input":"required name=search_term_string"}],"inLanguage":"pl-PL"},{"@type":"Organization","@id":"https:\/\/bobimarket.pl\/#organization","name":"BOBIMARKET.pl","url":"https:\/\/bobimarket.pl\/","logo":{"@type":"ImageObject","inLanguage":"pl-PL","@id":"https:\/\/bobimarket.pl\/#\/schema\/logo\/image\/","url":"https:\/\/bobimarket.pl\/wp-content\/uploads\/2021\/11\/slogan.png","contentUrl":"https:\/\/bobimarket.pl\/wp-content\/uploads\/2021\/11\/slogan.png","width":2000,"height":384,"caption":"BOBIMARKET.pl"},"image":{"@id":"https:\/\/bobimarket.pl\/#\/schema\/logo\/image\/"}}]}},"_links":{"self":[{"href":"https:\/\/bobimarket.pl\/index.php\/wp-json\/wp\/v2\/product\/82134"}],"collection":[{"href":"https:\/\/bobimarket.pl\/index.php\/wp-json\/wp\/v2\/product"}],"about":[{"href":"https:\/\/bobimarket.pl\/index.php\/wp-json\/wp\/v2\/types\/product"}],"wp:featuredmedia":[{"embeddable":true,"href":"https:\/\/bobimarket.pl\/index.php\/wp-json\/wp\/v2\/media\/82129"}],"wp:attachment":[{"href":"https:\/\/bobimarket.pl\/index.php\/wp-json\/wp\/v2\/media?parent=82134"}],"wp:term":[{"taxonomy":"product_cat","embeddable":true,"href":"https:\/\/bobimarket.pl\/index.php\/wp-json\/wp\/v2\/product_cat?post=82134"},{"taxonomy":"product_tag","embeddable":true,"href":"https:\/\/bobimarket.pl\/index.php\/wp-json\/wp\/v2\/product_tag?post=82134"}],"curies":[{"name":"wp","href":"https:\/\/api.w.org\/{rel}","templated":true}]}}