{"id":82214,"date":"2023-08-29T17:40:30","date_gmt":"2023-08-29T17:40:30","guid":{"rendered":"https:\/\/bobimarket.pl\/index.php\/produkt\/przyrzad-do-polaczen-kolkowych-szablon-6-10mm\/"},"modified":"2025-02-27T13:49:26","modified_gmt":"2025-02-27T13:49:26","slug":"przyrzad-do-polaczen-kolkowych-szablon-6-10mm","status":"publish","type":"product","link":"https:\/\/bobimarket.pl\/index.php\/produkt\/przyrzad-do-polaczen-kolkowych-szablon-6-10mm\/","title":{"rendered":"PRZYRZ\u0104D DO PO\u0141\u0104CZE\u0143 KO\u0141KOWYCH SZABLON 6-10mm"},"content":{"rendered":"<section class=\"section\">\n<div class=\"item item-6\">\n<section class=\"image-item\">\n                <img decoding=\"async\" src=\"https:\/\/upload.cdn.baselinker.com\/products\/14476\/561548bc0a9d489c6bb489726e66b4f7.jpg\" \/><br \/>\n            <\/section>\n<\/p><\/div>\n<div class=\"item item-6\">\n<section class=\"text-item\">\n<h2>PRZYRZ\u0104D DO PO\u0141\u0104CZE\u0143 KO\u0141KOWYCH KO\u0141KOWNICA SZABLON<\/h2>\n<p><b>Dane techniczne:<\/b><\/p>\n<ul>\n<li>Materia\u0142:<b> tworzywo<\/b><\/li>\n<li>D\u0142ugo\u015b\u0107 ca\u0142kowita: <b>20 cm<\/b><\/li>\n<li>Szeroko\u015b\u0107: <b>7,4 cm<\/b><\/li>\n<li>\u015arednica ko\u0142k\u00f3w: <b>\u03a6 6 mm, 8mm, 10 mm<\/b><\/li>\n<li>Maksymalna grubo\u015b\u0107 materia\u0142u: <b>30 mm<\/b><\/li>\n<\/ul>\n<\/section><\/div>\n<\/section>\n<section class=\"section\">\n<div class=\"item item-6\">\n<section class=\"image-item\">\n                <img decoding=\"async\" src=\"https:\/\/upload.cdn.baselinker.com\/products\/14476\/a16a155d4f79388a5d3abfb353b52d69.jpg\" \/><br \/>\n            <\/section>\n<\/p><\/div>\n<div class=\"item item-6\">\n<section class=\"text-item\">\n<p><b>Przydatny element wyposa\u017cenia Twojej skrzynki narz\u0119dziowej!<\/b><\/p>\n<p>Proste, ale bardzo \u00a0praktyczne narz\u0119dzie. Ko\u0142kownica umo\u017cliwia wykonanie <b>niewidocznych i trwa\u0142ych po\u0142\u0105cze\u0144 element\u00f3w drewnianych.<\/b> Niezwykle przydatna podczas wykonywania prac stolarskich np. przy budowie lub naprawie szafek.<\/p>\n<ul>\n<li>Narz\u0119dzie s\u0142u\u017cy do wykonywania otwor\u00f3w dla po\u0142\u0105cze\u0144 naro\u017cnikowych, <b>typu &#8222;E&#8221; oraz &#8222;L&#8221;.<\/b><\/li>\n<\/ul>\n<ul>\n<li>Przeznaczona do ko\u0142k\u00f3w o <b>\u015brednicy 6 mm, \u00a08 mm lub 10 mm<\/b><\/li>\n<li>Wyposa\u017cony w\u00a0 <b>wyra\u017an\u0105 miark\u0119<\/b> u\u0142atwiaj\u0105c\u0105 dokonanie pomiaru.<\/li>\n<\/ul>\n<ul>\n<li>Do drewna i materia\u0142\u00f3w drewnopodobnych tj. p\u0142yta wi\u00f3rowa, sklejka\u00a0<b>o grubo\u015bci do 30 mm.<\/b><\/li>\n<\/ul>\n<\/section><\/div>\n<\/section>\n<section class=\"section\">\n<div class=\"item item-6\">\n<section class=\"image-item\">\n                <img decoding=\"async\" src=\"https:\/\/upload.cdn.baselinker.com\/products\/14476\/7bc7a2016efd08bb30854292966799b0.jpg\" \/><br \/>\n            <\/section>\n<\/p><\/div>\n<div class=\"item item-6\">\n<section class=\"text-item\">\n<p><b>\u2705 Zastosowanie: <\/b><\/p>\n<p>Narz\u0119dzie jest \u0142atwe w obs\u0142udze i znacznie przyspiesza wykonywan\u0105 prac\u0119. Pozwala na <b>precyzyjne wyznacza miejsce do wyci\u0119cia otworu<\/b> oraz wskazuje miejsce do po\u0142\u0105czenia ko\u0142kowego.<\/p>\n<ul>\n<li>Co wa\u017cne elementy \u0142\u0105czone ze sob\u0105 za pomoc\u0105 przyrz\u0105du nie nosz\u0105 \u017cadnych \u015blad\u00f3w po nim.<\/li>\n<\/ul>\n<ul>\n<li>Dodatkowo <b>nawierca dwie cz\u0119\u015bci jednocze\u015bnie<\/b> do utworzenia doskona\u0142ego rezultatu.<\/li>\n<\/ul>\n<ul>\n<li>Do u\u017cycia z wi\u0119kszo\u015bci\u0105 wiertarek r\u0119cznych oraz zasilanych akumulatorem.<\/li>\n<\/ul>\n<\/section><\/div>\n<\/section>\n<section class=\"section\">\n<div class=\"item item-6\">\n<section class=\"image-item\">\n                <img decoding=\"async\" src=\"https:\/\/upload.cdn.baselinker.com\/products\/14476\/0929f8f6da2f84e4b6f8af9c3e57058a.jpg\" \/><br \/>\n            <\/section>\n<\/p><\/div>\n<div class=\"item item-6\">\n<section class=\"image-item\">\n                <img decoding=\"async\" src=\"https:\/\/upload.cdn.baselinker.com\/products\/14476\/72865ae775cd6f360b6d9a0926987166.jpg\" \/><br \/>\n            <\/section>\n<\/p><\/div>\n<\/section>\n<section class=\"section\">\n<div class=\"item item-12\">\n<section class=\"image-item\">\n                <img decoding=\"async\" src=\"https:\/\/upload.cdn.baselinker.com\/products\/14476\/0d227afb9b80b4e5f55796eac015d1a7.jpg\" \/><br \/>\n            <\/section>\n<\/p><\/div>\n<\/section>\n","protected":false},"excerpt":{"rendered":"<p>PRZYRZ\u0104D DO PO\u0141\u0104CZE\u0143 KO\u0141KOWYCH KO\u0141KOWNICA SZABLON Dane techniczne: Materia\u0142: tworzywo D\u0142ugo\u015b\u0107 ca\u0142kowita: 20 cm Szeroko\u015b\u0107: 7,4 cm \u015arednica ko\u0142k\u00f3w: \u03a6 6 mm, 8mm, 10 mm Maksymalna grubo\u015b\u0107 materia\u0142u: 30 mm Przydatny element wyposa\u017cenia Twojej skrzynki narz\u0119dziowej! Proste, ale bardzo \u00a0praktyczne narz\u0119dzie. Ko\u0142kownica umo\u017cliwia wykonanie niewidocznych i trwa\u0142ych po\u0142\u0105cze\u0144 element\u00f3w drewnianych. Niezwykle przydatna podczas wykonywania prac<br \/><a class=\"more-link\" href=\"https:\/\/bobimarket.pl\/index.php\/produkt\/przyrzad-do-polaczen-kolkowych-szablon-6-10mm\/\"><br \/>\n        Czytaj wi\u0119cej<span class=\"screen-reader-text\"> &#8222;PRZYRZ\u0104D DO PO\u0141\u0104CZE\u0143 KO\u0141KOWYCH SZABLON 6-10mm&#8221;<\/span><\/a><\/p>\n","protected":false},"featured_media":82207,"template":"","meta":[],"product_cat":[8192],"product_tag":[],"yoast_head":"<!-- This site is optimized with the Yoast SEO plugin v21.0 - https:\/\/yoast.com\/wordpress\/plugins\/seo\/ -->\n<title>PRZYRZ\u0104D DO PO\u0141\u0104CZE\u0143 KO\u0141KOWYCH SZABLON 6-10mm - BOBIMARKET.pl - Remontuj i urz\u0105dzaj z nami<\/title>\n<meta name=\"robots\" content=\"index, follow, max-snippet:-1, max-image-preview:large, max-video-preview:-1\" \/>\n<link rel=\"canonical\" href=\"https:\/\/bobimarket.pl\/index.php\/produkt\/przyrzad-do-polaczen-kolkowych-szablon-6-10mm\/\" \/>\n<meta property=\"og:locale\" content=\"pl_PL\" \/>\n<meta property=\"og:type\" content=\"article\" \/>\n<meta property=\"og:title\" content=\"PRZYRZ\u0104D DO PO\u0141\u0104CZE\u0143 KO\u0141KOWYCH SZABLON 6-10mm - BOBIMARKET.pl - Remontuj i urz\u0105dzaj z nami\" \/>\n<meta property=\"og:description\" content=\"PRZYRZ\u0104D DO PO\u0141\u0104CZE\u0143 KO\u0141KOWYCH KO\u0141KOWNICA SZABLON Dane techniczne: Materia\u0142: tworzywo D\u0142ugo\u015b\u0107 ca\u0142kowita: 20 cm Szeroko\u015b\u0107: 7,4 cm \u015arednica ko\u0142k\u00f3w: \u03a6 6 mm, 8mm, 10 mm Maksymalna grubo\u015b\u0107 materia\u0142u: 30 mm Przydatny element wyposa\u017cenia Twojej skrzynki narz\u0119dziowej! Proste, ale bardzo \u00a0praktyczne narz\u0119dzie. Ko\u0142kownica umo\u017cliwia wykonanie niewidocznych i trwa\u0142ych po\u0142\u0105cze\u0144 element\u00f3w drewnianych. Niezwykle przydatna podczas wykonywania prac     Czytaj wi\u0119cej &quot;PRZYRZ\u0104D DO PO\u0141\u0104CZE\u0143 KO\u0141KOWYCH SZABLON 6-10mm&quot;\" \/>\n<meta property=\"og:url\" content=\"https:\/\/bobimarket.pl\/index.php\/produkt\/przyrzad-do-polaczen-kolkowych-szablon-6-10mm\/\" \/>\n<meta property=\"og:site_name\" content=\"BOBIMARKET.pl - Remontuj i urz\u0105dzaj z nami\" \/>\n<meta property=\"article:modified_time\" content=\"2025-02-27T13:49:26+00:00\" \/>\n<meta property=\"og:image\" content=\"https:\/\/upload.cdn.baselinker.com\/products\/14476\/561548bc0a9d489c6bb489726e66b4f7.jpg\" \/>\n<meta name=\"twitter:card\" content=\"summary_large_image\" \/>\n<meta name=\"twitter:label1\" content=\"Szacowany czas czytania\" \/>\n\t<meta name=\"twitter:data1\" content=\"1 minuta\" \/>\n<script type=\"application\/ld+json\" class=\"yoast-schema-graph\">{\"@context\":\"https:\/\/schema.org\",\"@graph\":[{\"@type\":\"WebPage\",\"@id\":\"https:\/\/bobimarket.pl\/index.php\/produkt\/przyrzad-do-polaczen-kolkowych-szablon-6-10mm\/\",\"url\":\"https:\/\/bobimarket.pl\/index.php\/produkt\/przyrzad-do-polaczen-kolkowych-szablon-6-10mm\/\",\"name\":\"PRZYRZ\u0104D DO PO\u0141\u0104CZE\u0143 KO\u0141KOWYCH SZABLON 6-10mm - BOBIMARKET.pl - Remontuj i urz\u0105dzaj z nami\",\"isPartOf\":{\"@id\":\"https:\/\/bobimarket.pl\/#website\"},\"datePublished\":\"2023-08-29T17:40:30+00:00\",\"dateModified\":\"2025-02-27T13:49:26+00:00\",\"breadcrumb\":{\"@id\":\"https:\/\/bobimarket.pl\/index.php\/produkt\/przyrzad-do-polaczen-kolkowych-szablon-6-10mm\/#breadcrumb\"},\"inLanguage\":\"pl-PL\",\"potentialAction\":[{\"@type\":\"ReadAction\",\"target\":[\"https:\/\/bobimarket.pl\/index.php\/produkt\/przyrzad-do-polaczen-kolkowych-szablon-6-10mm\/\"]}]},{\"@type\":\"BreadcrumbList\",\"@id\":\"https:\/\/bobimarket.pl\/index.php\/produkt\/przyrzad-do-polaczen-kolkowych-szablon-6-10mm\/#breadcrumb\",\"itemListElement\":[{\"@type\":\"ListItem\",\"position\":1,\"name\":\"Strona g\u0142\u00f3wna\",\"item\":\"https:\/\/bobimarket.pl\/\"},{\"@type\":\"ListItem\",\"position\":2,\"name\":\"Sklep\",\"item\":\"https:\/\/bobimarket.pl\/index.php\/shop\/\"},{\"@type\":\"ListItem\",\"position\":3,\"name\":\"PRZYRZ\u0104D DO PO\u0141\u0104CZE\u0143 KO\u0141KOWYCH SZABLON 6-10mm\"}]},{\"@type\":\"WebSite\",\"@id\":\"https:\/\/bobimarket.pl\/#website\",\"url\":\"https:\/\/bobimarket.pl\/\",\"name\":\"BOBIMARKET.pl - Remontuj i urz\u0105dzaj z nami\",\"description\":\"Remontuj i urz\u0105dzaj z nami\",\"publisher\":{\"@id\":\"https:\/\/bobimarket.pl\/#organization\"},\"potentialAction\":[{\"@type\":\"SearchAction\",\"target\":{\"@type\":\"EntryPoint\",\"urlTemplate\":\"https:\/\/bobimarket.pl\/?s={search_term_string}\"},\"query-input\":\"required name=search_term_string\"}],\"inLanguage\":\"pl-PL\"},{\"@type\":\"Organization\",\"@id\":\"https:\/\/bobimarket.pl\/#organization\",\"name\":\"BOBIMARKET.pl\",\"url\":\"https:\/\/bobimarket.pl\/\",\"logo\":{\"@type\":\"ImageObject\",\"inLanguage\":\"pl-PL\",\"@id\":\"https:\/\/bobimarket.pl\/#\/schema\/logo\/image\/\",\"url\":\"https:\/\/bobimarket.pl\/wp-content\/uploads\/2021\/11\/slogan.png\",\"contentUrl\":\"https:\/\/bobimarket.pl\/wp-content\/uploads\/2021\/11\/slogan.png\",\"width\":2000,\"height\":384,\"caption\":\"BOBIMARKET.pl\"},\"image\":{\"@id\":\"https:\/\/bobimarket.pl\/#\/schema\/logo\/image\/\"}}]}<\/script>\n<!-- \/ Yoast SEO plugin. -->","yoast_head_json":{"title":"PRZYRZ\u0104D DO PO\u0141\u0104CZE\u0143 KO\u0141KOWYCH SZABLON 6-10mm - BOBIMARKET.pl - Remontuj i urz\u0105dzaj z nami","robots":{"index":"index","follow":"follow","max-snippet":"max-snippet:-1","max-image-preview":"max-image-preview:large","max-video-preview":"max-video-preview:-1"},"canonical":"https:\/\/bobimarket.pl\/index.php\/produkt\/przyrzad-do-polaczen-kolkowych-szablon-6-10mm\/","og_locale":"pl_PL","og_type":"article","og_title":"PRZYRZ\u0104D DO PO\u0141\u0104CZE\u0143 KO\u0141KOWYCH SZABLON 6-10mm - BOBIMARKET.pl - Remontuj i urz\u0105dzaj z nami","og_description":"PRZYRZ\u0104D DO PO\u0141\u0104CZE\u0143 KO\u0141KOWYCH KO\u0141KOWNICA SZABLON Dane techniczne: Materia\u0142: tworzywo D\u0142ugo\u015b\u0107 ca\u0142kowita: 20 cm Szeroko\u015b\u0107: 7,4 cm \u015arednica ko\u0142k\u00f3w: \u03a6 6 mm, 8mm, 10 mm Maksymalna grubo\u015b\u0107 materia\u0142u: 30 mm Przydatny element wyposa\u017cenia Twojej skrzynki narz\u0119dziowej! Proste, ale bardzo \u00a0praktyczne narz\u0119dzie. Ko\u0142kownica umo\u017cliwia wykonanie niewidocznych i trwa\u0142ych po\u0142\u0105cze\u0144 element\u00f3w drewnianych. Niezwykle przydatna podczas wykonywania prac     Czytaj wi\u0119cej \"PRZYRZ\u0104D DO PO\u0141\u0104CZE\u0143 KO\u0141KOWYCH SZABLON 6-10mm\"","og_url":"https:\/\/bobimarket.pl\/index.php\/produkt\/przyrzad-do-polaczen-kolkowych-szablon-6-10mm\/","og_site_name":"BOBIMARKET.pl - Remontuj i urz\u0105dzaj z nami","article_modified_time":"2025-02-27T13:49:26+00:00","og_image":[{"url":"https:\/\/upload.cdn.baselinker.com\/products\/14476\/561548bc0a9d489c6bb489726e66b4f7.jpg"}],"twitter_card":"summary_large_image","twitter_misc":{"Szacowany czas czytania":"1 minuta"},"schema":{"@context":"https:\/\/schema.org","@graph":[{"@type":"WebPage","@id":"https:\/\/bobimarket.pl\/index.php\/produkt\/przyrzad-do-polaczen-kolkowych-szablon-6-10mm\/","url":"https:\/\/bobimarket.pl\/index.php\/produkt\/przyrzad-do-polaczen-kolkowych-szablon-6-10mm\/","name":"PRZYRZ\u0104D DO PO\u0141\u0104CZE\u0143 KO\u0141KOWYCH SZABLON 6-10mm - BOBIMARKET.pl - Remontuj i urz\u0105dzaj z nami","isPartOf":{"@id":"https:\/\/bobimarket.pl\/#website"},"datePublished":"2023-08-29T17:40:30+00:00","dateModified":"2025-02-27T13:49:26+00:00","breadcrumb":{"@id":"https:\/\/bobimarket.pl\/index.php\/produkt\/przyrzad-do-polaczen-kolkowych-szablon-6-10mm\/#breadcrumb"},"inLanguage":"pl-PL","potentialAction":[{"@type":"ReadAction","target":["https:\/\/bobimarket.pl\/index.php\/produkt\/przyrzad-do-polaczen-kolkowych-szablon-6-10mm\/"]}]},{"@type":"BreadcrumbList","@id":"https:\/\/bobimarket.pl\/index.php\/produkt\/przyrzad-do-polaczen-kolkowych-szablon-6-10mm\/#breadcrumb","itemListElement":[{"@type":"ListItem","position":1,"name":"Strona g\u0142\u00f3wna","item":"https:\/\/bobimarket.pl\/"},{"@type":"ListItem","position":2,"name":"Sklep","item":"https:\/\/bobimarket.pl\/index.php\/shop\/"},{"@type":"ListItem","position":3,"name":"PRZYRZ\u0104D DO PO\u0141\u0104CZE\u0143 KO\u0141KOWYCH SZABLON 6-10mm"}]},{"@type":"WebSite","@id":"https:\/\/bobimarket.pl\/#website","url":"https:\/\/bobimarket.pl\/","name":"BOBIMARKET.pl - Remontuj i urz\u0105dzaj z nami","description":"Remontuj i urz\u0105dzaj z nami","publisher":{"@id":"https:\/\/bobimarket.pl\/#organization"},"potentialAction":[{"@type":"SearchAction","target":{"@type":"EntryPoint","urlTemplate":"https:\/\/bobimarket.pl\/?s={search_term_string}"},"query-input":"required name=search_term_string"}],"inLanguage":"pl-PL"},{"@type":"Organization","@id":"https:\/\/bobimarket.pl\/#organization","name":"BOBIMARKET.pl","url":"https:\/\/bobimarket.pl\/","logo":{"@type":"ImageObject","inLanguage":"pl-PL","@id":"https:\/\/bobimarket.pl\/#\/schema\/logo\/image\/","url":"https:\/\/bobimarket.pl\/wp-content\/uploads\/2021\/11\/slogan.png","contentUrl":"https:\/\/bobimarket.pl\/wp-content\/uploads\/2021\/11\/slogan.png","width":2000,"height":384,"caption":"BOBIMARKET.pl"},"image":{"@id":"https:\/\/bobimarket.pl\/#\/schema\/logo\/image\/"}}]}},"_links":{"self":[{"href":"https:\/\/bobimarket.pl\/index.php\/wp-json\/wp\/v2\/product\/82214"}],"collection":[{"href":"https:\/\/bobimarket.pl\/index.php\/wp-json\/wp\/v2\/product"}],"about":[{"href":"https:\/\/bobimarket.pl\/index.php\/wp-json\/wp\/v2\/types\/product"}],"wp:featuredmedia":[{"embeddable":true,"href":"https:\/\/bobimarket.pl\/index.php\/wp-json\/wp\/v2\/media\/82207"}],"wp:attachment":[{"href":"https:\/\/bobimarket.pl\/index.php\/wp-json\/wp\/v2\/media?parent=82214"}],"wp:term":[{"taxonomy":"product_cat","embeddable":true,"href":"https:\/\/bobimarket.pl\/index.php\/wp-json\/wp\/v2\/product_cat?post=82214"},{"taxonomy":"product_tag","embeddable":true,"href":"https:\/\/bobimarket.pl\/index.php\/wp-json\/wp\/v2\/product_tag?post=82214"}],"curies":[{"name":"wp","href":"https:\/\/api.w.org\/{rel}","templated":true}]}}