{"id":82235,"date":"2023-08-29T17:42:48","date_gmt":"2023-08-29T17:42:48","guid":{"rendered":"https:\/\/bobimarket.pl\/index.php\/produkt\/wiertlo-do-betonu-muru-fi-3-10-mm-zestaw-8-szt\/"},"modified":"2025-02-27T13:49:46","modified_gmt":"2025-02-27T13:49:46","slug":"wiertlo-do-betonu-muru-fi-3-10-mm-zestaw-8-szt","status":"publish","type":"product","link":"https:\/\/bobimarket.pl\/index.php\/produkt\/wiertlo-do-betonu-muru-fi-3-10-mm-zestaw-8-szt\/","title":{"rendered":"WIERT\u0141O DO BETONU MURU FI 3-10 mm ZESTAW 8 szt"},"content":{"rendered":"<section class=\"section\">\n<div class=\"item item-6\">\n<section class=\"image-item\">\n                <img decoding=\"async\" src=\"https:\/\/upload.cdn.baselinker.com\/products\/14476\/4ec48b236a8780c9e23c3c7822902b7a.jpg\" \/><br \/>\n            <\/section>\n<\/p><\/div>\n<div class=\"item item-6\">\n<section class=\"text-item\">\n<h2>WIERT\u0141O DO BETONU MURU ZESTAW\u00a0 8 szt. FI 3-10 mm<\/h2>\n<p><b>Dane techniczne:<\/b><\/p>\n<ul>\n<li>\u015arednica wiert\u0142a:<b>3, 4, 5, 6, 7, 8, 9, 10 mm<\/b><\/li>\n<li>Materia\u0142:<b> stal<\/b><\/li>\n<li>Typ mocowanie: <b>cylindryczny<\/b><\/li>\n<li>Przeznaczenie: <b>beton, granit, ceg\u0142y itp.\u00a0<\/b><\/li>\n<\/ul>\n<\/section><\/div>\n<\/section>\n<section class=\"section\">\n<div class=\"item item-6\">\n<section class=\"image-item\">\n                <img decoding=\"async\" src=\"https:\/\/upload.cdn.baselinker.com\/products\/14476\/9feaa01cbd7d7d058d52344a1d52296c.jpg\" \/><br \/>\n            <\/section>\n<\/p><\/div>\n<div class=\"item item-6\">\n<section class=\"text-item\">\n<p><b>Niezast\u0105piony element ka\u017cdej skrzynki narz\u0119dziowej!<\/b><\/p>\n<p>Zestaw wierte\u0142 do betonu z uchwytem cylindrycznym. Sprawdzi si\u0119 podczas prac budowlanych i remontowych. Wiert\u0142o przeznaczone jest do <b>obr\u00f3bki betonu <\/b>i innych podobnych materia\u0142\u00f3w.<\/p>\n<ul>\n<li>Nadaje si\u0119 do kruszenia i <b>wiercenia w cegle, betonie, granicie lub kamieniach<\/b>.<\/li>\n<li>Wiert\u0142o b\u0119dzie pasowa\u0142o do wi\u0119kszo\u015bci dost\u0119pnych na rynku wiertarek.\u00a0<\/li>\n<\/ul>\n<\/section><\/div>\n<\/section>\n<section class=\"section\">\n<div class=\"item item-6\">\n<section class=\"image-item\">\n                <img decoding=\"async\" src=\"https:\/\/upload.cdn.baselinker.com\/products\/14476\/4ec48b236a8780c9e23c3c7822902b7a.jpg\" \/><br \/>\n            <\/section>\n<\/p><\/div>\n<div class=\"item item-6\">\n<section class=\"text-item\">\n<p>\u2705 W sk\u0142ad zestawu wchodzi <b>8 wierte\u0142<\/b>, o nast\u0119puj\u0105cych \u015brednicach:<\/p>\n<ul>\n<li>\u00d8 3 mm<\/li>\n<li>\u00d8 4 mm<\/li>\n<li>\u00d8 5 mm<\/li>\n<li>\u00d8 6 mm<\/li>\n<li>\u00d8 7 mm<\/li>\n<li>\u00d8 8 mm<\/li>\n<li>\u00d8\u00a09 mm<\/li>\n<li>\u00d8 10 mm<\/li>\n<\/ul>\n<p><b>\u2705 <\/b>Wiert\u0142a znajduj\u0105 si\u0119 w plastikowym opakowaniu. Mo\u017cesz wi\u0119c przechowywa\u0107 je w bezpieczny spos\u00f3b.<\/p>\n<\/section><\/div>\n<\/section>\n","protected":false},"excerpt":{"rendered":"<p>WIERT\u0141O DO BETONU MURU ZESTAW\u00a0 8 szt. FI 3-10 mm Dane techniczne: \u015arednica wiert\u0142a:3, 4, 5, 6, 7, 8, 9, 10 mm Materia\u0142: stal Typ mocowanie: cylindryczny Przeznaczenie: beton, granit, ceg\u0142y itp.\u00a0 Niezast\u0105piony element ka\u017cdej skrzynki narz\u0119dziowej! Zestaw wierte\u0142 do betonu z uchwytem cylindrycznym. Sprawdzi si\u0119 podczas prac budowlanych i remontowych. Wiert\u0142o przeznaczone jest do<br \/><a class=\"more-link\" href=\"https:\/\/bobimarket.pl\/index.php\/produkt\/wiertlo-do-betonu-muru-fi-3-10-mm-zestaw-8-szt\/\"><br \/>\n        Czytaj wi\u0119cej<span class=\"screen-reader-text\"> &#8222;WIERT\u0141O DO BETONU MURU FI 3-10 mm ZESTAW 8 szt&#8221;<\/span><\/a><\/p>\n","protected":false},"featured_media":82233,"template":"","meta":[],"product_cat":[8108],"product_tag":[],"yoast_head":"<!-- This site is optimized with the Yoast SEO plugin v21.0 - https:\/\/yoast.com\/wordpress\/plugins\/seo\/ -->\n<title>WIERT\u0141O DO BETONU MURU FI 3-10 mm ZESTAW 8 szt - BOBIMARKET.pl - Remontuj i urz\u0105dzaj z nami<\/title>\n<meta name=\"robots\" content=\"index, follow, max-snippet:-1, max-image-preview:large, max-video-preview:-1\" \/>\n<link rel=\"canonical\" href=\"https:\/\/bobimarket.pl\/index.php\/produkt\/wiertlo-do-betonu-muru-fi-3-10-mm-zestaw-8-szt\/\" \/>\n<meta property=\"og:locale\" content=\"pl_PL\" \/>\n<meta property=\"og:type\" content=\"article\" \/>\n<meta property=\"og:title\" content=\"WIERT\u0141O DO BETONU MURU FI 3-10 mm ZESTAW 8 szt - BOBIMARKET.pl - Remontuj i urz\u0105dzaj z nami\" \/>\n<meta property=\"og:description\" content=\"WIERT\u0141O DO BETONU MURU ZESTAW\u00a0 8 szt. FI 3-10 mm Dane techniczne: \u015arednica wiert\u0142a:3, 4, 5, 6, 7, 8, 9, 10 mm Materia\u0142: stal Typ mocowanie: cylindryczny Przeznaczenie: beton, granit, ceg\u0142y itp.\u00a0 Niezast\u0105piony element ka\u017cdej skrzynki narz\u0119dziowej! Zestaw wierte\u0142 do betonu z uchwytem cylindrycznym. Sprawdzi si\u0119 podczas prac budowlanych i remontowych. Wiert\u0142o przeznaczone jest do     Czytaj wi\u0119cej &quot;WIERT\u0141O DO BETONU MURU FI 3-10 mm ZESTAW 8 szt&quot;\" \/>\n<meta property=\"og:url\" content=\"https:\/\/bobimarket.pl\/index.php\/produkt\/wiertlo-do-betonu-muru-fi-3-10-mm-zestaw-8-szt\/\" \/>\n<meta property=\"og:site_name\" content=\"BOBIMARKET.pl - Remontuj i urz\u0105dzaj z nami\" \/>\n<meta property=\"article:modified_time\" content=\"2025-02-27T13:49:46+00:00\" \/>\n<meta property=\"og:image\" content=\"https:\/\/upload.cdn.baselinker.com\/products\/14476\/4ec48b236a8780c9e23c3c7822902b7a.jpg\" \/>\n<meta name=\"twitter:card\" content=\"summary_large_image\" \/>\n<meta name=\"twitter:label1\" content=\"Szacowany czas czytania\" \/>\n\t<meta name=\"twitter:data1\" content=\"1 minuta\" \/>\n<script type=\"application\/ld+json\" class=\"yoast-schema-graph\">{\"@context\":\"https:\/\/schema.org\",\"@graph\":[{\"@type\":\"WebPage\",\"@id\":\"https:\/\/bobimarket.pl\/index.php\/produkt\/wiertlo-do-betonu-muru-fi-3-10-mm-zestaw-8-szt\/\",\"url\":\"https:\/\/bobimarket.pl\/index.php\/produkt\/wiertlo-do-betonu-muru-fi-3-10-mm-zestaw-8-szt\/\",\"name\":\"WIERT\u0141O DO BETONU MURU FI 3-10 mm ZESTAW 8 szt - BOBIMARKET.pl - Remontuj i urz\u0105dzaj z nami\",\"isPartOf\":{\"@id\":\"https:\/\/bobimarket.pl\/#website\"},\"datePublished\":\"2023-08-29T17:42:48+00:00\",\"dateModified\":\"2025-02-27T13:49:46+00:00\",\"breadcrumb\":{\"@id\":\"https:\/\/bobimarket.pl\/index.php\/produkt\/wiertlo-do-betonu-muru-fi-3-10-mm-zestaw-8-szt\/#breadcrumb\"},\"inLanguage\":\"pl-PL\",\"potentialAction\":[{\"@type\":\"ReadAction\",\"target\":[\"https:\/\/bobimarket.pl\/index.php\/produkt\/wiertlo-do-betonu-muru-fi-3-10-mm-zestaw-8-szt\/\"]}]},{\"@type\":\"BreadcrumbList\",\"@id\":\"https:\/\/bobimarket.pl\/index.php\/produkt\/wiertlo-do-betonu-muru-fi-3-10-mm-zestaw-8-szt\/#breadcrumb\",\"itemListElement\":[{\"@type\":\"ListItem\",\"position\":1,\"name\":\"Strona g\u0142\u00f3wna\",\"item\":\"https:\/\/bobimarket.pl\/\"},{\"@type\":\"ListItem\",\"position\":2,\"name\":\"Sklep\",\"item\":\"https:\/\/bobimarket.pl\/index.php\/shop\/\"},{\"@type\":\"ListItem\",\"position\":3,\"name\":\"WIERT\u0141O DO BETONU MURU FI 3-10 mm ZESTAW 8 szt\"}]},{\"@type\":\"WebSite\",\"@id\":\"https:\/\/bobimarket.pl\/#website\",\"url\":\"https:\/\/bobimarket.pl\/\",\"name\":\"BOBIMARKET.pl - Remontuj i urz\u0105dzaj z nami\",\"description\":\"Remontuj i urz\u0105dzaj z nami\",\"publisher\":{\"@id\":\"https:\/\/bobimarket.pl\/#organization\"},\"potentialAction\":[{\"@type\":\"SearchAction\",\"target\":{\"@type\":\"EntryPoint\",\"urlTemplate\":\"https:\/\/bobimarket.pl\/?s={search_term_string}\"},\"query-input\":\"required name=search_term_string\"}],\"inLanguage\":\"pl-PL\"},{\"@type\":\"Organization\",\"@id\":\"https:\/\/bobimarket.pl\/#organization\",\"name\":\"BOBIMARKET.pl\",\"url\":\"https:\/\/bobimarket.pl\/\",\"logo\":{\"@type\":\"ImageObject\",\"inLanguage\":\"pl-PL\",\"@id\":\"https:\/\/bobimarket.pl\/#\/schema\/logo\/image\/\",\"url\":\"https:\/\/bobimarket.pl\/wp-content\/uploads\/2021\/11\/slogan.png\",\"contentUrl\":\"https:\/\/bobimarket.pl\/wp-content\/uploads\/2021\/11\/slogan.png\",\"width\":2000,\"height\":384,\"caption\":\"BOBIMARKET.pl\"},\"image\":{\"@id\":\"https:\/\/bobimarket.pl\/#\/schema\/logo\/image\/\"}}]}<\/script>\n<!-- \/ Yoast SEO plugin. -->","yoast_head_json":{"title":"WIERT\u0141O DO BETONU MURU FI 3-10 mm ZESTAW 8 szt - BOBIMARKET.pl - Remontuj i urz\u0105dzaj z nami","robots":{"index":"index","follow":"follow","max-snippet":"max-snippet:-1","max-image-preview":"max-image-preview:large","max-video-preview":"max-video-preview:-1"},"canonical":"https:\/\/bobimarket.pl\/index.php\/produkt\/wiertlo-do-betonu-muru-fi-3-10-mm-zestaw-8-szt\/","og_locale":"pl_PL","og_type":"article","og_title":"WIERT\u0141O DO BETONU MURU FI 3-10 mm ZESTAW 8 szt - BOBIMARKET.pl - Remontuj i urz\u0105dzaj z nami","og_description":"WIERT\u0141O DO BETONU MURU ZESTAW\u00a0 8 szt. FI 3-10 mm Dane techniczne: \u015arednica wiert\u0142a:3, 4, 5, 6, 7, 8, 9, 10 mm Materia\u0142: stal Typ mocowanie: cylindryczny Przeznaczenie: beton, granit, ceg\u0142y itp.\u00a0 Niezast\u0105piony element ka\u017cdej skrzynki narz\u0119dziowej! Zestaw wierte\u0142 do betonu z uchwytem cylindrycznym. Sprawdzi si\u0119 podczas prac budowlanych i remontowych. Wiert\u0142o przeznaczone jest do     Czytaj wi\u0119cej \"WIERT\u0141O DO BETONU MURU FI 3-10 mm ZESTAW 8 szt\"","og_url":"https:\/\/bobimarket.pl\/index.php\/produkt\/wiertlo-do-betonu-muru-fi-3-10-mm-zestaw-8-szt\/","og_site_name":"BOBIMARKET.pl - Remontuj i urz\u0105dzaj z nami","article_modified_time":"2025-02-27T13:49:46+00:00","og_image":[{"url":"https:\/\/upload.cdn.baselinker.com\/products\/14476\/4ec48b236a8780c9e23c3c7822902b7a.jpg"}],"twitter_card":"summary_large_image","twitter_misc":{"Szacowany czas czytania":"1 minuta"},"schema":{"@context":"https:\/\/schema.org","@graph":[{"@type":"WebPage","@id":"https:\/\/bobimarket.pl\/index.php\/produkt\/wiertlo-do-betonu-muru-fi-3-10-mm-zestaw-8-szt\/","url":"https:\/\/bobimarket.pl\/index.php\/produkt\/wiertlo-do-betonu-muru-fi-3-10-mm-zestaw-8-szt\/","name":"WIERT\u0141O DO BETONU MURU FI 3-10 mm ZESTAW 8 szt - BOBIMARKET.pl - Remontuj i urz\u0105dzaj z nami","isPartOf":{"@id":"https:\/\/bobimarket.pl\/#website"},"datePublished":"2023-08-29T17:42:48+00:00","dateModified":"2025-02-27T13:49:46+00:00","breadcrumb":{"@id":"https:\/\/bobimarket.pl\/index.php\/produkt\/wiertlo-do-betonu-muru-fi-3-10-mm-zestaw-8-szt\/#breadcrumb"},"inLanguage":"pl-PL","potentialAction":[{"@type":"ReadAction","target":["https:\/\/bobimarket.pl\/index.php\/produkt\/wiertlo-do-betonu-muru-fi-3-10-mm-zestaw-8-szt\/"]}]},{"@type":"BreadcrumbList","@id":"https:\/\/bobimarket.pl\/index.php\/produkt\/wiertlo-do-betonu-muru-fi-3-10-mm-zestaw-8-szt\/#breadcrumb","itemListElement":[{"@type":"ListItem","position":1,"name":"Strona g\u0142\u00f3wna","item":"https:\/\/bobimarket.pl\/"},{"@type":"ListItem","position":2,"name":"Sklep","item":"https:\/\/bobimarket.pl\/index.php\/shop\/"},{"@type":"ListItem","position":3,"name":"WIERT\u0141O DO BETONU MURU FI 3-10 mm ZESTAW 8 szt"}]},{"@type":"WebSite","@id":"https:\/\/bobimarket.pl\/#website","url":"https:\/\/bobimarket.pl\/","name":"BOBIMARKET.pl - Remontuj i urz\u0105dzaj z nami","description":"Remontuj i urz\u0105dzaj z nami","publisher":{"@id":"https:\/\/bobimarket.pl\/#organization"},"potentialAction":[{"@type":"SearchAction","target":{"@type":"EntryPoint","urlTemplate":"https:\/\/bobimarket.pl\/?s={search_term_string}"},"query-input":"required name=search_term_string"}],"inLanguage":"pl-PL"},{"@type":"Organization","@id":"https:\/\/bobimarket.pl\/#organization","name":"BOBIMARKET.pl","url":"https:\/\/bobimarket.pl\/","logo":{"@type":"ImageObject","inLanguage":"pl-PL","@id":"https:\/\/bobimarket.pl\/#\/schema\/logo\/image\/","url":"https:\/\/bobimarket.pl\/wp-content\/uploads\/2021\/11\/slogan.png","contentUrl":"https:\/\/bobimarket.pl\/wp-content\/uploads\/2021\/11\/slogan.png","width":2000,"height":384,"caption":"BOBIMARKET.pl"},"image":{"@id":"https:\/\/bobimarket.pl\/#\/schema\/logo\/image\/"}}]}},"_links":{"self":[{"href":"https:\/\/bobimarket.pl\/index.php\/wp-json\/wp\/v2\/product\/82235"}],"collection":[{"href":"https:\/\/bobimarket.pl\/index.php\/wp-json\/wp\/v2\/product"}],"about":[{"href":"https:\/\/bobimarket.pl\/index.php\/wp-json\/wp\/v2\/types\/product"}],"wp:featuredmedia":[{"embeddable":true,"href":"https:\/\/bobimarket.pl\/index.php\/wp-json\/wp\/v2\/media\/82233"}],"wp:attachment":[{"href":"https:\/\/bobimarket.pl\/index.php\/wp-json\/wp\/v2\/media?parent=82235"}],"wp:term":[{"taxonomy":"product_cat","embeddable":true,"href":"https:\/\/bobimarket.pl\/index.php\/wp-json\/wp\/v2\/product_cat?post=82235"},{"taxonomy":"product_tag","embeddable":true,"href":"https:\/\/bobimarket.pl\/index.php\/wp-json\/wp\/v2\/product_tag?post=82235"}],"curies":[{"name":"wp","href":"https:\/\/api.w.org\/{rel}","templated":true}]}}