{"id":82265,"date":"2023-08-29T17:45:36","date_gmt":"2023-08-29T17:45:36","guid":{"rendered":"https:\/\/bobimarket.pl\/index.php\/produkt\/klucze-plaskie-plasko-oczkowe-zestaw-6-22-mm-12szt\/"},"modified":"2025-02-27T13:50:05","modified_gmt":"2025-02-27T13:50:05","slug":"klucze-plaskie-plasko-oczkowe-zestaw-6-22-mm-12szt","status":"publish","type":"product","link":"https:\/\/bobimarket.pl\/index.php\/produkt\/klucze-plaskie-plasko-oczkowe-zestaw-6-22-mm-12szt\/","title":{"rendered":"KLUCZE P\u0141ASKIE P\u0141ASKO OCZKOWE ZESTAW 6-22 MM 12SZT"},"content":{"rendered":"<section class=\"section\">\n<div class=\"item item-6\">\n<section class=\"image-item\">\n            <img decoding=\"async\" src=\"https:\/\/upload.cdn.baselinker.com\/products\/14476\/7aa32b1ec6648eeaa7122ae8e827b8f7.jpg\" \/><br \/>\n        <\/section>\n<\/p><\/div>\n<div class=\"item item-6\">\n<section class=\"text-item\">\n<h2>KLUCZE P\u0141ASKIE P\u0141ASKO OCZKOWE ZESTAW 6-22 MM 12SZT<\/h2>\n<p><b>Dane techniczne:<\/b><\/p>\n<ul>\n<li>Rodzaj: P\u0142asko-oczkowe<\/li>\n<li>Materia\u0142: <b>Stal <\/b><\/li>\n<\/ul>\n<p><b>Zestaw zawiera rozmiary:<\/b><\/p>\n<ul>\n<li>6 mm<\/li>\n<li>7 mm<\/li>\n<li>8 mm<\/li>\n<li>9 mm<\/li>\n<li>10mm<\/li>\n<li>11 mm<\/li>\n<li>12 mm<\/li>\n<li>13 mm<\/li>\n<li>14 mm<\/li>\n<li>17 mm<\/li>\n<li>19 mm<\/li>\n<li>22 mm<\/li>\n<\/ul>\n<\/section><\/div>\n<\/section>\n<section class=\"section\">\n<div class=\"item item-6\">\n<section class=\"image-item\">\n            <img decoding=\"async\" src=\"https:\/\/upload.cdn.baselinker.com\/products\/14476\/e075abd213c4cfb50b5ff876afaba2cc.jpg\" \/><br \/>\n        <\/section>\n<\/p><\/div>\n<div class=\"item item-6\">\n<section class=\"text-item\">\n<p>Wysokiej jako\u015bci zestaw kluczy p\u0142asko-oczkowych. Klucze zosta\u0142y wykonane z stalico czyni je\u00a0odpowiednio wytrzyma\u0142e. Komplet sk\u0142ada si\u0119 z <b>8 kluczy <\/b>o rozmiarach 6-22 mm.<\/p>\n<p><b>\u2705 <\/b>Klucz wyposa\u017cony jest w ko\u0144c\u00f3wki dw\u00f3ch rodzaj\u00f3w w takim samym rozmiarze.\u00a0<\/p>\n<ul>\n<li>Strona z<b> ko\u0144c\u00f3wk\u0105 zamkni\u0119t\u0105<\/b> o dwunastok\u0105tnym profilu\u00a0zmniejsza ryzyko ze\u015blizgnie si\u0119 klucza ze \u015bruby i uszkodzi jej \u0142eb.<\/li>\n<li>Strona z <b>otwartymi szcz\u0119kami<\/b> wykorzystywana jest\u00a0do odkr\u0119cania i dokr\u0119cania \u015brub oraz nakr\u0119tek z sze\u015bciok\u0105tnymi \u0142bami.<\/li>\n<\/ul>\n<\/section><\/div>\n<\/section>\n<section class=\"section\">\n<div class=\"item item-6\">\n<section class=\"image-item\">\n            <img decoding=\"async\" src=\"https:\/\/upload.cdn.baselinker.com\/products\/14476\/e075abd213c4cfb50b5ff876afaba2cc.jpg\" \/><br \/>\n        <\/section>\n<\/p><\/div>\n<div class=\"item item-6\">\n<section class=\"text-item\">\n<p><b>\u2705<\/b><b> Zastosowanie<\/b>:<\/p>\n<p>Klucz p\u0142asko-oczkowy to jeden z najpopularniejszych rodzaj\u00f3w kluczy. S\u0142u\u017cy do odkr\u0119canie lub dokr\u0119cania \u015brub oraz nakr\u0119tek.<\/p>\n<ul>\n<li><b>Strona z kluczem oczkowym<\/b> przeznaczona jest do stosowania g\u0142\u00f3wnie w uk\u0142adach paliwowych, hamulcowych i przewodach instalacji gazowej i ch\u0142odniczej.\u00a0<\/li>\n<li><b>Strona z kluczem p\u0142askim<\/b> mo\u017ce by\u0107 u\u017cywana\u00a0przez stolarzy, monter\u00f3w,\u00a0hydraulik\u00f3w, elektryk\u00f3w itp.\u00a0<\/li>\n<\/ul>\n<p><b>\u2705\u00a0<\/b>\u00a0Klucz przyda si\u0119 ka\u017cdemu majsterkowiczowi i u\u0142atwi\u0105 prace w warsztacie. Sprawdzi si\u0119 r\u00f3wnie\u017c podczas wykonywania drobnych pracach domowych.<\/p>\n<\/section><\/div>\n<\/section>\n","protected":false},"excerpt":{"rendered":"<p>KLUCZE P\u0141ASKIE P\u0141ASKO OCZKOWE ZESTAW 6-22 MM 12SZT Dane techniczne: Rodzaj: P\u0142asko-oczkowe Materia\u0142: Stal Zestaw zawiera rozmiary: 6 mm 7 mm 8 mm 9 mm 10mm 11 mm 12 mm 13 mm 14 mm 17 mm 19 mm 22 mm Wysokiej jako\u015bci zestaw kluczy p\u0142asko-oczkowych. Klucze zosta\u0142y wykonane z stalico czyni je\u00a0odpowiednio wytrzyma\u0142e. Komplet sk\u0142ada<br \/><a class=\"more-link\" href=\"https:\/\/bobimarket.pl\/index.php\/produkt\/klucze-plaskie-plasko-oczkowe-zestaw-6-22-mm-12szt\/\"><br \/>\n        Czytaj wi\u0119cej<span class=\"screen-reader-text\"> &#8222;KLUCZE P\u0141ASKIE P\u0141ASKO OCZKOWE ZESTAW 6-22 MM 12SZT&#8221;<\/span><\/a><\/p>\n","protected":false},"featured_media":82260,"template":"","meta":[],"product_cat":[8196],"product_tag":[],"yoast_head":"<!-- This site is optimized with the Yoast SEO plugin v21.0 - https:\/\/yoast.com\/wordpress\/plugins\/seo\/ -->\n<title>KLUCZE P\u0141ASKIE P\u0141ASKO OCZKOWE ZESTAW 6-22 MM 12SZT - BOBIMARKET.pl - Remontuj i urz\u0105dzaj z nami<\/title>\n<meta name=\"robots\" content=\"index, follow, max-snippet:-1, max-image-preview:large, max-video-preview:-1\" \/>\n<link rel=\"canonical\" href=\"https:\/\/bobimarket.pl\/index.php\/produkt\/klucze-plaskie-plasko-oczkowe-zestaw-6-22-mm-12szt\/\" \/>\n<meta property=\"og:locale\" content=\"pl_PL\" \/>\n<meta property=\"og:type\" content=\"article\" \/>\n<meta property=\"og:title\" content=\"KLUCZE P\u0141ASKIE P\u0141ASKO OCZKOWE ZESTAW 6-22 MM 12SZT - BOBIMARKET.pl - Remontuj i urz\u0105dzaj z nami\" \/>\n<meta property=\"og:description\" content=\"KLUCZE P\u0141ASKIE P\u0141ASKO OCZKOWE ZESTAW 6-22 MM 12SZT Dane techniczne: Rodzaj: P\u0142asko-oczkowe Materia\u0142: Stal Zestaw zawiera rozmiary: 6 mm 7 mm 8 mm 9 mm 10mm 11 mm 12 mm 13 mm 14 mm 17 mm 19 mm 22 mm Wysokiej jako\u015bci zestaw kluczy p\u0142asko-oczkowych. Klucze zosta\u0142y wykonane z stalico czyni je\u00a0odpowiednio wytrzyma\u0142e. Komplet sk\u0142ada     Czytaj wi\u0119cej &quot;KLUCZE P\u0141ASKIE P\u0141ASKO OCZKOWE ZESTAW 6-22 MM 12SZT&quot;\" \/>\n<meta property=\"og:url\" content=\"https:\/\/bobimarket.pl\/index.php\/produkt\/klucze-plaskie-plasko-oczkowe-zestaw-6-22-mm-12szt\/\" \/>\n<meta property=\"og:site_name\" content=\"BOBIMARKET.pl - Remontuj i urz\u0105dzaj z nami\" \/>\n<meta property=\"article:modified_time\" content=\"2025-02-27T13:50:05+00:00\" \/>\n<meta property=\"og:image\" content=\"https:\/\/upload.cdn.baselinker.com\/products\/14476\/7aa32b1ec6648eeaa7122ae8e827b8f7.jpg\" \/>\n<meta name=\"twitter:card\" content=\"summary_large_image\" \/>\n<meta name=\"twitter:label1\" content=\"Szacowany czas czytania\" \/>\n\t<meta name=\"twitter:data1\" content=\"1 minuta\" \/>\n<script type=\"application\/ld+json\" class=\"yoast-schema-graph\">{\"@context\":\"https:\/\/schema.org\",\"@graph\":[{\"@type\":\"WebPage\",\"@id\":\"https:\/\/bobimarket.pl\/index.php\/produkt\/klucze-plaskie-plasko-oczkowe-zestaw-6-22-mm-12szt\/\",\"url\":\"https:\/\/bobimarket.pl\/index.php\/produkt\/klucze-plaskie-plasko-oczkowe-zestaw-6-22-mm-12szt\/\",\"name\":\"KLUCZE P\u0141ASKIE P\u0141ASKO OCZKOWE ZESTAW 6-22 MM 12SZT - BOBIMARKET.pl - Remontuj i urz\u0105dzaj z nami\",\"isPartOf\":{\"@id\":\"https:\/\/bobimarket.pl\/#website\"},\"datePublished\":\"2023-08-29T17:45:36+00:00\",\"dateModified\":\"2025-02-27T13:50:05+00:00\",\"breadcrumb\":{\"@id\":\"https:\/\/bobimarket.pl\/index.php\/produkt\/klucze-plaskie-plasko-oczkowe-zestaw-6-22-mm-12szt\/#breadcrumb\"},\"inLanguage\":\"pl-PL\",\"potentialAction\":[{\"@type\":\"ReadAction\",\"target\":[\"https:\/\/bobimarket.pl\/index.php\/produkt\/klucze-plaskie-plasko-oczkowe-zestaw-6-22-mm-12szt\/\"]}]},{\"@type\":\"BreadcrumbList\",\"@id\":\"https:\/\/bobimarket.pl\/index.php\/produkt\/klucze-plaskie-plasko-oczkowe-zestaw-6-22-mm-12szt\/#breadcrumb\",\"itemListElement\":[{\"@type\":\"ListItem\",\"position\":1,\"name\":\"Strona g\u0142\u00f3wna\",\"item\":\"https:\/\/bobimarket.pl\/\"},{\"@type\":\"ListItem\",\"position\":2,\"name\":\"Sklep\",\"item\":\"https:\/\/bobimarket.pl\/index.php\/shop\/\"},{\"@type\":\"ListItem\",\"position\":3,\"name\":\"KLUCZE P\u0141ASKIE P\u0141ASKO OCZKOWE ZESTAW 6-22 MM 12SZT\"}]},{\"@type\":\"WebSite\",\"@id\":\"https:\/\/bobimarket.pl\/#website\",\"url\":\"https:\/\/bobimarket.pl\/\",\"name\":\"BOBIMARKET.pl - Remontuj i urz\u0105dzaj z nami\",\"description\":\"Remontuj i urz\u0105dzaj z nami\",\"publisher\":{\"@id\":\"https:\/\/bobimarket.pl\/#organization\"},\"potentialAction\":[{\"@type\":\"SearchAction\",\"target\":{\"@type\":\"EntryPoint\",\"urlTemplate\":\"https:\/\/bobimarket.pl\/?s={search_term_string}\"},\"query-input\":\"required name=search_term_string\"}],\"inLanguage\":\"pl-PL\"},{\"@type\":\"Organization\",\"@id\":\"https:\/\/bobimarket.pl\/#organization\",\"name\":\"BOBIMARKET.pl\",\"url\":\"https:\/\/bobimarket.pl\/\",\"logo\":{\"@type\":\"ImageObject\",\"inLanguage\":\"pl-PL\",\"@id\":\"https:\/\/bobimarket.pl\/#\/schema\/logo\/image\/\",\"url\":\"https:\/\/bobimarket.pl\/wp-content\/uploads\/2021\/11\/slogan.png\",\"contentUrl\":\"https:\/\/bobimarket.pl\/wp-content\/uploads\/2021\/11\/slogan.png\",\"width\":2000,\"height\":384,\"caption\":\"BOBIMARKET.pl\"},\"image\":{\"@id\":\"https:\/\/bobimarket.pl\/#\/schema\/logo\/image\/\"}}]}<\/script>\n<!-- \/ Yoast SEO plugin. -->","yoast_head_json":{"title":"KLUCZE P\u0141ASKIE P\u0141ASKO OCZKOWE ZESTAW 6-22 MM 12SZT - BOBIMARKET.pl - Remontuj i urz\u0105dzaj z nami","robots":{"index":"index","follow":"follow","max-snippet":"max-snippet:-1","max-image-preview":"max-image-preview:large","max-video-preview":"max-video-preview:-1"},"canonical":"https:\/\/bobimarket.pl\/index.php\/produkt\/klucze-plaskie-plasko-oczkowe-zestaw-6-22-mm-12szt\/","og_locale":"pl_PL","og_type":"article","og_title":"KLUCZE P\u0141ASKIE P\u0141ASKO OCZKOWE ZESTAW 6-22 MM 12SZT - BOBIMARKET.pl - Remontuj i urz\u0105dzaj z nami","og_description":"KLUCZE P\u0141ASKIE P\u0141ASKO OCZKOWE ZESTAW 6-22 MM 12SZT Dane techniczne: Rodzaj: P\u0142asko-oczkowe Materia\u0142: Stal Zestaw zawiera rozmiary: 6 mm 7 mm 8 mm 9 mm 10mm 11 mm 12 mm 13 mm 14 mm 17 mm 19 mm 22 mm Wysokiej jako\u015bci zestaw kluczy p\u0142asko-oczkowych. Klucze zosta\u0142y wykonane z stalico czyni je\u00a0odpowiednio wytrzyma\u0142e. Komplet sk\u0142ada     Czytaj wi\u0119cej \"KLUCZE P\u0141ASKIE P\u0141ASKO OCZKOWE ZESTAW 6-22 MM 12SZT\"","og_url":"https:\/\/bobimarket.pl\/index.php\/produkt\/klucze-plaskie-plasko-oczkowe-zestaw-6-22-mm-12szt\/","og_site_name":"BOBIMARKET.pl - Remontuj i urz\u0105dzaj z nami","article_modified_time":"2025-02-27T13:50:05+00:00","og_image":[{"url":"https:\/\/upload.cdn.baselinker.com\/products\/14476\/7aa32b1ec6648eeaa7122ae8e827b8f7.jpg"}],"twitter_card":"summary_large_image","twitter_misc":{"Szacowany czas czytania":"1 minuta"},"schema":{"@context":"https:\/\/schema.org","@graph":[{"@type":"WebPage","@id":"https:\/\/bobimarket.pl\/index.php\/produkt\/klucze-plaskie-plasko-oczkowe-zestaw-6-22-mm-12szt\/","url":"https:\/\/bobimarket.pl\/index.php\/produkt\/klucze-plaskie-plasko-oczkowe-zestaw-6-22-mm-12szt\/","name":"KLUCZE P\u0141ASKIE P\u0141ASKO OCZKOWE ZESTAW 6-22 MM 12SZT - BOBIMARKET.pl - Remontuj i urz\u0105dzaj z nami","isPartOf":{"@id":"https:\/\/bobimarket.pl\/#website"},"datePublished":"2023-08-29T17:45:36+00:00","dateModified":"2025-02-27T13:50:05+00:00","breadcrumb":{"@id":"https:\/\/bobimarket.pl\/index.php\/produkt\/klucze-plaskie-plasko-oczkowe-zestaw-6-22-mm-12szt\/#breadcrumb"},"inLanguage":"pl-PL","potentialAction":[{"@type":"ReadAction","target":["https:\/\/bobimarket.pl\/index.php\/produkt\/klucze-plaskie-plasko-oczkowe-zestaw-6-22-mm-12szt\/"]}]},{"@type":"BreadcrumbList","@id":"https:\/\/bobimarket.pl\/index.php\/produkt\/klucze-plaskie-plasko-oczkowe-zestaw-6-22-mm-12szt\/#breadcrumb","itemListElement":[{"@type":"ListItem","position":1,"name":"Strona g\u0142\u00f3wna","item":"https:\/\/bobimarket.pl\/"},{"@type":"ListItem","position":2,"name":"Sklep","item":"https:\/\/bobimarket.pl\/index.php\/shop\/"},{"@type":"ListItem","position":3,"name":"KLUCZE P\u0141ASKIE P\u0141ASKO OCZKOWE ZESTAW 6-22 MM 12SZT"}]},{"@type":"WebSite","@id":"https:\/\/bobimarket.pl\/#website","url":"https:\/\/bobimarket.pl\/","name":"BOBIMARKET.pl - Remontuj i urz\u0105dzaj z nami","description":"Remontuj i urz\u0105dzaj z nami","publisher":{"@id":"https:\/\/bobimarket.pl\/#organization"},"potentialAction":[{"@type":"SearchAction","target":{"@type":"EntryPoint","urlTemplate":"https:\/\/bobimarket.pl\/?s={search_term_string}"},"query-input":"required name=search_term_string"}],"inLanguage":"pl-PL"},{"@type":"Organization","@id":"https:\/\/bobimarket.pl\/#organization","name":"BOBIMARKET.pl","url":"https:\/\/bobimarket.pl\/","logo":{"@type":"ImageObject","inLanguage":"pl-PL","@id":"https:\/\/bobimarket.pl\/#\/schema\/logo\/image\/","url":"https:\/\/bobimarket.pl\/wp-content\/uploads\/2021\/11\/slogan.png","contentUrl":"https:\/\/bobimarket.pl\/wp-content\/uploads\/2021\/11\/slogan.png","width":2000,"height":384,"caption":"BOBIMARKET.pl"},"image":{"@id":"https:\/\/bobimarket.pl\/#\/schema\/logo\/image\/"}}]}},"_links":{"self":[{"href":"https:\/\/bobimarket.pl\/index.php\/wp-json\/wp\/v2\/product\/82265"}],"collection":[{"href":"https:\/\/bobimarket.pl\/index.php\/wp-json\/wp\/v2\/product"}],"about":[{"href":"https:\/\/bobimarket.pl\/index.php\/wp-json\/wp\/v2\/types\/product"}],"wp:featuredmedia":[{"embeddable":true,"href":"https:\/\/bobimarket.pl\/index.php\/wp-json\/wp\/v2\/media\/82260"}],"wp:attachment":[{"href":"https:\/\/bobimarket.pl\/index.php\/wp-json\/wp\/v2\/media?parent=82265"}],"wp:term":[{"taxonomy":"product_cat","embeddable":true,"href":"https:\/\/bobimarket.pl\/index.php\/wp-json\/wp\/v2\/product_cat?post=82265"},{"taxonomy":"product_tag","embeddable":true,"href":"https:\/\/bobimarket.pl\/index.php\/wp-json\/wp\/v2\/product_tag?post=82265"}],"curies":[{"name":"wp","href":"https:\/\/api.w.org\/{rel}","templated":true}]}}