{"id":82281,"date":"2023-08-29T17:46:50","date_gmt":"2023-08-29T17:46:50","guid":{"rendered":"https:\/\/bobimarket.pl\/index.php\/produkt\/dluto-dluta-stolarskie-drewna-6121824-mm-zestaw\/"},"modified":"2025-02-27T13:50:17","modified_gmt":"2025-02-27T13:50:17","slug":"dluto-dluta-stolarskie-drewna-6121824-mm-zestaw","status":"publish","type":"product","link":"https:\/\/bobimarket.pl\/index.php\/produkt\/dluto-dluta-stolarskie-drewna-6121824-mm-zestaw\/","title":{"rendered":"D\u0141UTO D\u0141UTA STOLARSKIE DREWNA 6,12,18,24 mm ZESTAW"},"content":{"rendered":"<section class=\"section\">\n<div class=\"item item-6\">\n<section class=\"image-item\">\n                <img decoding=\"async\" src=\"https:\/\/upload.cdn.baselinker.com\/products\/14476\/a2e0cb4354b05914197b8aea210eeab2.jpg\" \/><br \/>\n            <\/section>\n<\/p><\/div>\n<div class=\"item item-6\">\n<section class=\"text-item\">\n<h2>D\u0141UTO D\u0141UTA STOLARSKIE DREWNA ZESTAW 6,12,18,24 mm<\/h2>\n<p><b>Dane techniczne:<\/b><\/p>\n<ul>\n<li>Rodzaj: <b>stolarskie <\/b><\/li>\n<li>Szeroko\u015b\u0107:<b> 6 mm, 12 mm, 18 mm, 24 mm <\/b><\/li>\n<li>D\u0142ugo\u015b\u0107: <b>225 mm<\/b><\/li>\n<li>Materia\u0142: <b>metal\/ drewno<\/b><\/li>\n<li>Zastosowanie:<b> do drewno <\/b><\/li>\n<li>Zestaw zawiera\u00a0 4 szt.<\/li>\n<\/ul>\n<\/section><\/div>\n<\/section>\n<section class=\"section\">\n<div class=\"item item-6\">\n<section class=\"image-item\">\n                <img decoding=\"async\" src=\"https:\/\/upload.cdn.baselinker.com\/products\/14476\/70a719a78ca8e212901a107e0faf2953.jpg\" \/><br \/>\n            <\/section>\n<\/p><\/div>\n<div class=\"item item-6\">\n<section class=\"text-item\">\n<p>Zestaw d\u0142ut do drewna sk\u0142adaj\u0105cy si\u0119 z 6 element\u00f3w. D\u0142uta wyposa\u017cone w wygodne <b>drewniane r\u0105czki<\/b>, kt\u00f3re zapewniaj\u0105 komfort pracy i pozwalaj\u0105 na \u0142atwe operowanie narz\u0119dziem. Dodatkowo trzon posiada <b>metalowy pier\u015bcie\u0144<\/b> uniemo\u017cliwiaj\u0105cy zbyt pr\u0119dkie rozbicie si\u0119 r\u0105czki.<\/p>\n<ul>\n<li>Ostrza wykonane ze stali narz\u0119dziowej pozwalaj\u0105ce na szybki ostrzenie narz\u0119dzia.<\/li>\n<\/ul>\n<\/section><\/div>\n<\/section>\n<section class=\"section\">\n<div class=\"item item-6\">\n<section class=\"image-item\">\n                <img decoding=\"async\" src=\"https:\/\/upload.cdn.baselinker.com\/products\/14476\/941180b248d79eb99422a8800d5e5070.jpg\" \/><br \/>\n            <\/section>\n<\/p><\/div>\n<div class=\"item item-6\">\n<section class=\"text-item\">\n<p><b>\u2705<\/b><b> Zastosowanie:<\/b><\/p>\n<p>D\u0142uta przeznaczone s\u0105 do obr\u00f3bki r\u00f3\u017cnego rodzaju drewna. Doskonale sprawdz\u0105 si\u0119 w zak\u0142adach stolarskich. Jednak swojej zastosowanie znajd\u0105 r\u00f3wnie\u017c w przydomowych warsztatach.<\/p>\n<ul>\n<li>D\u0142uta s\u0105 naostrzone i <b>gotowe do pracy.<\/b><\/li>\n<li>Umo\u017cliwi\u0105 <b>formowanie drewna<\/b> i materia\u0142\u00f3w drewnopodobnych<\/li>\n<li>Zestaw zawiera<b> 4 element\u00f3w posiadaj\u0105cych r\u00f3\u017cne parametry techniczne<\/b>, co pozwala na dopasowanie go do w\u0142asnych potrzeb.<\/li>\n<\/ul>\n<p><b>W sk\u0142ad zestawu wchodz\u0105 d\u0142uta o szeroko\u015bci:<\/b><\/p>\n<ul>\n<li>6 mm<\/li>\n<li>12 mm<\/li>\n<li>18 mm<\/li>\n<li>24 mm<\/li>\n<\/ul>\n<\/section><\/div>\n<\/section>\n<section class=\"section\">\n<div class=\"item item-12\">\n<section class=\"image-item\">\n                <img decoding=\"async\" src=\"https:\/\/upload.cdn.baselinker.com\/products\/14476\/2b0b4146090c0f84e09bc5f11c1ee6b8.jpg\" \/><br \/>\n            <\/section>\n<\/p><\/div>\n<\/section>\n","protected":false},"excerpt":{"rendered":"<p>D\u0141UTO D\u0141UTA STOLARSKIE DREWNA ZESTAW 6,12,18,24 mm Dane techniczne: Rodzaj: stolarskie Szeroko\u015b\u0107: 6 mm, 12 mm, 18 mm, 24 mm D\u0142ugo\u015b\u0107: 225 mm Materia\u0142: metal\/ drewno Zastosowanie: do drewno Zestaw zawiera\u00a0 4 szt. Zestaw d\u0142ut do drewna sk\u0142adaj\u0105cy si\u0119 z 6 element\u00f3w. D\u0142uta wyposa\u017cone w wygodne drewniane r\u0105czki, kt\u00f3re zapewniaj\u0105 komfort pracy i pozwalaj\u0105 na<br \/><a class=\"more-link\" href=\"https:\/\/bobimarket.pl\/index.php\/produkt\/dluto-dluta-stolarskie-drewna-6121824-mm-zestaw\/\"><br \/>\n        Czytaj wi\u0119cej<span class=\"screen-reader-text\"> &#8222;D\u0141UTO D\u0141UTA STOLARSKIE DREWNA 6,12,18,24 mm ZESTAW&#8221;<\/span><\/a><\/p>\n","protected":false},"featured_media":82274,"template":"","meta":[],"product_cat":[8197],"product_tag":[],"yoast_head":"<!-- This site is optimized with the Yoast SEO plugin v21.0 - https:\/\/yoast.com\/wordpress\/plugins\/seo\/ -->\n<title>D\u0141UTO D\u0141UTA STOLARSKIE DREWNA 6,12,18,24 mm ZESTAW - BOBIMARKET.pl - Remontuj i urz\u0105dzaj z nami<\/title>\n<meta name=\"robots\" content=\"index, follow, max-snippet:-1, max-image-preview:large, max-video-preview:-1\" \/>\n<link rel=\"canonical\" href=\"https:\/\/bobimarket.pl\/index.php\/produkt\/dluto-dluta-stolarskie-drewna-6121824-mm-zestaw\/\" \/>\n<meta property=\"og:locale\" content=\"pl_PL\" \/>\n<meta property=\"og:type\" content=\"article\" \/>\n<meta property=\"og:title\" content=\"D\u0141UTO D\u0141UTA STOLARSKIE DREWNA 6,12,18,24 mm ZESTAW - BOBIMARKET.pl - Remontuj i urz\u0105dzaj z nami\" \/>\n<meta property=\"og:description\" content=\"D\u0141UTO D\u0141UTA STOLARSKIE DREWNA ZESTAW 6,12,18,24 mm Dane techniczne: Rodzaj: stolarskie Szeroko\u015b\u0107: 6 mm, 12 mm, 18 mm, 24 mm D\u0142ugo\u015b\u0107: 225 mm Materia\u0142: metal\/ drewno Zastosowanie: do drewno Zestaw zawiera\u00a0 4 szt. Zestaw d\u0142ut do drewna sk\u0142adaj\u0105cy si\u0119 z 6 element\u00f3w. D\u0142uta wyposa\u017cone w wygodne drewniane r\u0105czki, kt\u00f3re zapewniaj\u0105 komfort pracy i pozwalaj\u0105 na     Czytaj wi\u0119cej &quot;D\u0141UTO D\u0141UTA STOLARSKIE DREWNA 6,12,18,24 mm ZESTAW&quot;\" \/>\n<meta property=\"og:url\" content=\"https:\/\/bobimarket.pl\/index.php\/produkt\/dluto-dluta-stolarskie-drewna-6121824-mm-zestaw\/\" \/>\n<meta property=\"og:site_name\" content=\"BOBIMARKET.pl - Remontuj i urz\u0105dzaj z nami\" \/>\n<meta property=\"article:modified_time\" content=\"2025-02-27T13:50:17+00:00\" \/>\n<meta property=\"og:image\" content=\"https:\/\/upload.cdn.baselinker.com\/products\/14476\/a2e0cb4354b05914197b8aea210eeab2.jpg\" \/>\n<meta name=\"twitter:card\" content=\"summary_large_image\" \/>\n<meta name=\"twitter:label1\" content=\"Szacowany czas czytania\" \/>\n\t<meta name=\"twitter:data1\" content=\"1 minuta\" \/>\n<script type=\"application\/ld+json\" class=\"yoast-schema-graph\">{\"@context\":\"https:\/\/schema.org\",\"@graph\":[{\"@type\":\"WebPage\",\"@id\":\"https:\/\/bobimarket.pl\/index.php\/produkt\/dluto-dluta-stolarskie-drewna-6121824-mm-zestaw\/\",\"url\":\"https:\/\/bobimarket.pl\/index.php\/produkt\/dluto-dluta-stolarskie-drewna-6121824-mm-zestaw\/\",\"name\":\"D\u0141UTO D\u0141UTA STOLARSKIE DREWNA 6,12,18,24 mm ZESTAW - BOBIMARKET.pl - Remontuj i urz\u0105dzaj z nami\",\"isPartOf\":{\"@id\":\"https:\/\/bobimarket.pl\/#website\"},\"datePublished\":\"2023-08-29T17:46:50+00:00\",\"dateModified\":\"2025-02-27T13:50:17+00:00\",\"breadcrumb\":{\"@id\":\"https:\/\/bobimarket.pl\/index.php\/produkt\/dluto-dluta-stolarskie-drewna-6121824-mm-zestaw\/#breadcrumb\"},\"inLanguage\":\"pl-PL\",\"potentialAction\":[{\"@type\":\"ReadAction\",\"target\":[\"https:\/\/bobimarket.pl\/index.php\/produkt\/dluto-dluta-stolarskie-drewna-6121824-mm-zestaw\/\"]}]},{\"@type\":\"BreadcrumbList\",\"@id\":\"https:\/\/bobimarket.pl\/index.php\/produkt\/dluto-dluta-stolarskie-drewna-6121824-mm-zestaw\/#breadcrumb\",\"itemListElement\":[{\"@type\":\"ListItem\",\"position\":1,\"name\":\"Strona g\u0142\u00f3wna\",\"item\":\"https:\/\/bobimarket.pl\/\"},{\"@type\":\"ListItem\",\"position\":2,\"name\":\"Sklep\",\"item\":\"https:\/\/bobimarket.pl\/index.php\/shop\/\"},{\"@type\":\"ListItem\",\"position\":3,\"name\":\"D\u0141UTO D\u0141UTA STOLARSKIE DREWNA 6,12,18,24 mm ZESTAW\"}]},{\"@type\":\"WebSite\",\"@id\":\"https:\/\/bobimarket.pl\/#website\",\"url\":\"https:\/\/bobimarket.pl\/\",\"name\":\"BOBIMARKET.pl - Remontuj i urz\u0105dzaj z nami\",\"description\":\"Remontuj i urz\u0105dzaj z nami\",\"publisher\":{\"@id\":\"https:\/\/bobimarket.pl\/#organization\"},\"potentialAction\":[{\"@type\":\"SearchAction\",\"target\":{\"@type\":\"EntryPoint\",\"urlTemplate\":\"https:\/\/bobimarket.pl\/?s={search_term_string}\"},\"query-input\":\"required name=search_term_string\"}],\"inLanguage\":\"pl-PL\"},{\"@type\":\"Organization\",\"@id\":\"https:\/\/bobimarket.pl\/#organization\",\"name\":\"BOBIMARKET.pl\",\"url\":\"https:\/\/bobimarket.pl\/\",\"logo\":{\"@type\":\"ImageObject\",\"inLanguage\":\"pl-PL\",\"@id\":\"https:\/\/bobimarket.pl\/#\/schema\/logo\/image\/\",\"url\":\"https:\/\/bobimarket.pl\/wp-content\/uploads\/2021\/11\/slogan.png\",\"contentUrl\":\"https:\/\/bobimarket.pl\/wp-content\/uploads\/2021\/11\/slogan.png\",\"width\":2000,\"height\":384,\"caption\":\"BOBIMARKET.pl\"},\"image\":{\"@id\":\"https:\/\/bobimarket.pl\/#\/schema\/logo\/image\/\"}}]}<\/script>\n<!-- \/ Yoast SEO plugin. -->","yoast_head_json":{"title":"D\u0141UTO D\u0141UTA STOLARSKIE DREWNA 6,12,18,24 mm ZESTAW - BOBIMARKET.pl - Remontuj i urz\u0105dzaj z nami","robots":{"index":"index","follow":"follow","max-snippet":"max-snippet:-1","max-image-preview":"max-image-preview:large","max-video-preview":"max-video-preview:-1"},"canonical":"https:\/\/bobimarket.pl\/index.php\/produkt\/dluto-dluta-stolarskie-drewna-6121824-mm-zestaw\/","og_locale":"pl_PL","og_type":"article","og_title":"D\u0141UTO D\u0141UTA STOLARSKIE DREWNA 6,12,18,24 mm ZESTAW - BOBIMARKET.pl - Remontuj i urz\u0105dzaj z nami","og_description":"D\u0141UTO D\u0141UTA STOLARSKIE DREWNA ZESTAW 6,12,18,24 mm Dane techniczne: Rodzaj: stolarskie Szeroko\u015b\u0107: 6 mm, 12 mm, 18 mm, 24 mm D\u0142ugo\u015b\u0107: 225 mm Materia\u0142: metal\/ drewno Zastosowanie: do drewno Zestaw zawiera\u00a0 4 szt. Zestaw d\u0142ut do drewna sk\u0142adaj\u0105cy si\u0119 z 6 element\u00f3w. D\u0142uta wyposa\u017cone w wygodne drewniane r\u0105czki, kt\u00f3re zapewniaj\u0105 komfort pracy i pozwalaj\u0105 na     Czytaj wi\u0119cej \"D\u0141UTO D\u0141UTA STOLARSKIE DREWNA 6,12,18,24 mm ZESTAW\"","og_url":"https:\/\/bobimarket.pl\/index.php\/produkt\/dluto-dluta-stolarskie-drewna-6121824-mm-zestaw\/","og_site_name":"BOBIMARKET.pl - Remontuj i urz\u0105dzaj z nami","article_modified_time":"2025-02-27T13:50:17+00:00","og_image":[{"url":"https:\/\/upload.cdn.baselinker.com\/products\/14476\/a2e0cb4354b05914197b8aea210eeab2.jpg"}],"twitter_card":"summary_large_image","twitter_misc":{"Szacowany czas czytania":"1 minuta"},"schema":{"@context":"https:\/\/schema.org","@graph":[{"@type":"WebPage","@id":"https:\/\/bobimarket.pl\/index.php\/produkt\/dluto-dluta-stolarskie-drewna-6121824-mm-zestaw\/","url":"https:\/\/bobimarket.pl\/index.php\/produkt\/dluto-dluta-stolarskie-drewna-6121824-mm-zestaw\/","name":"D\u0141UTO D\u0141UTA STOLARSKIE DREWNA 6,12,18,24 mm ZESTAW - BOBIMARKET.pl - Remontuj i urz\u0105dzaj z nami","isPartOf":{"@id":"https:\/\/bobimarket.pl\/#website"},"datePublished":"2023-08-29T17:46:50+00:00","dateModified":"2025-02-27T13:50:17+00:00","breadcrumb":{"@id":"https:\/\/bobimarket.pl\/index.php\/produkt\/dluto-dluta-stolarskie-drewna-6121824-mm-zestaw\/#breadcrumb"},"inLanguage":"pl-PL","potentialAction":[{"@type":"ReadAction","target":["https:\/\/bobimarket.pl\/index.php\/produkt\/dluto-dluta-stolarskie-drewna-6121824-mm-zestaw\/"]}]},{"@type":"BreadcrumbList","@id":"https:\/\/bobimarket.pl\/index.php\/produkt\/dluto-dluta-stolarskie-drewna-6121824-mm-zestaw\/#breadcrumb","itemListElement":[{"@type":"ListItem","position":1,"name":"Strona g\u0142\u00f3wna","item":"https:\/\/bobimarket.pl\/"},{"@type":"ListItem","position":2,"name":"Sklep","item":"https:\/\/bobimarket.pl\/index.php\/shop\/"},{"@type":"ListItem","position":3,"name":"D\u0141UTO D\u0141UTA STOLARSKIE DREWNA 6,12,18,24 mm ZESTAW"}]},{"@type":"WebSite","@id":"https:\/\/bobimarket.pl\/#website","url":"https:\/\/bobimarket.pl\/","name":"BOBIMARKET.pl - Remontuj i urz\u0105dzaj z nami","description":"Remontuj i urz\u0105dzaj z nami","publisher":{"@id":"https:\/\/bobimarket.pl\/#organization"},"potentialAction":[{"@type":"SearchAction","target":{"@type":"EntryPoint","urlTemplate":"https:\/\/bobimarket.pl\/?s={search_term_string}"},"query-input":"required name=search_term_string"}],"inLanguage":"pl-PL"},{"@type":"Organization","@id":"https:\/\/bobimarket.pl\/#organization","name":"BOBIMARKET.pl","url":"https:\/\/bobimarket.pl\/","logo":{"@type":"ImageObject","inLanguage":"pl-PL","@id":"https:\/\/bobimarket.pl\/#\/schema\/logo\/image\/","url":"https:\/\/bobimarket.pl\/wp-content\/uploads\/2021\/11\/slogan.png","contentUrl":"https:\/\/bobimarket.pl\/wp-content\/uploads\/2021\/11\/slogan.png","width":2000,"height":384,"caption":"BOBIMARKET.pl"},"image":{"@id":"https:\/\/bobimarket.pl\/#\/schema\/logo\/image\/"}}]}},"_links":{"self":[{"href":"https:\/\/bobimarket.pl\/index.php\/wp-json\/wp\/v2\/product\/82281"}],"collection":[{"href":"https:\/\/bobimarket.pl\/index.php\/wp-json\/wp\/v2\/product"}],"about":[{"href":"https:\/\/bobimarket.pl\/index.php\/wp-json\/wp\/v2\/types\/product"}],"wp:featuredmedia":[{"embeddable":true,"href":"https:\/\/bobimarket.pl\/index.php\/wp-json\/wp\/v2\/media\/82274"}],"wp:attachment":[{"href":"https:\/\/bobimarket.pl\/index.php\/wp-json\/wp\/v2\/media?parent=82281"}],"wp:term":[{"taxonomy":"product_cat","embeddable":true,"href":"https:\/\/bobimarket.pl\/index.php\/wp-json\/wp\/v2\/product_cat?post=82281"},{"taxonomy":"product_tag","embeddable":true,"href":"https:\/\/bobimarket.pl\/index.php\/wp-json\/wp\/v2\/product_tag?post=82281"}],"curies":[{"name":"wp","href":"https:\/\/api.w.org\/{rel}","templated":true}]}}