{"id":82343,"date":"2023-08-29T17:52:44","date_gmt":"2023-08-29T17:52:44","guid":{"rendered":"https:\/\/bobimarket.pl\/index.php\/produkt\/przecinak-murarski-z-oslona-dluto-majzel-23cm\/"},"modified":"2025-02-27T13:50:59","modified_gmt":"2025-02-27T13:50:59","slug":"przecinak-murarski-z-oslona-dluto-majzel-23cm","status":"publish","type":"product","link":"https:\/\/bobimarket.pl\/index.php\/produkt\/przecinak-murarski-z-oslona-dluto-majzel-23cm\/","title":{"rendered":"PRZECINAK MURARSKI Z OS\u0141ON\u0104 D\u0141UTO MAJZEL 23cm"},"content":{"rendered":"<section class=\"section\">\n<div class=\"item item-6\">\n<section class=\"image-item\">\n                <img decoding=\"async\" src=\"https:\/\/upload.cdn.baselinker.com\/products\/14476\/84032dccd3bc7802dec17d58ea54bb5e.jpg\" \/><br \/>\n            <\/section>\n<\/p><\/div>\n<div class=\"item item-6\">\n<section class=\"text-item\">\n<h2>PRZECINAK MURARSKI Z OS\u0141ON\u0104 D\u0141UTO MAJZEL 23 cm<\/h2>\n<p><b>Dane techniczne:<\/b><\/p>\n<ul>\n<li>Materia\u0142 d\u0142uta:<b> stal narz\u0119dziowa <\/b><\/li>\n<li>Materia\u0142 os\u0142onki:<b> tworzywo <\/b><\/li>\n<li>Wymiary:<b> 230 x 60 x 16 mm<\/b><\/li>\n<\/ul>\n<\/section><\/div>\n<\/section>\n<section class=\"section\">\n<div class=\"item item-6\">\n<section class=\"image-item\">\n                <img decoding=\"async\" src=\"https:\/\/upload.cdn.baselinker.com\/products\/14476\/18c5a5f47cfec28b92f0f32cd1f6ad9b.jpg\" \/><br \/>\n            <\/section>\n<\/p><\/div>\n<div class=\"item item-6\">\n<section class=\"text-item\">\n<p><b>Przecinak murarski to niezb\u0119dne narz\u0119dzie podczas\u00a0 prac remontowych i budowlanych! <\/b><\/p>\n<p>Przecinak murarski wykonany ze stali narz\u0119dziowej. Wyposa\u017cony w os\u0142onk\u0119, kt\u00f3rej zadaniem jest ochrona d\u0142oni przed uderzeniem m\u0142otka. Wygodna r\u0119koje\u015b\u0107 zapewnia komfort podczas przeprowadzania prac.<\/p>\n<ul>\n<li>Przecinak s\u0142u\u017cy do kucia b\u0105d\u017a przecinania poprzez uderzenie m\u0142otkiem t\u0119py koniec narz\u0119dzia.<\/li>\n<\/ul>\n<p><b>\u2705 Zastosowanie:<\/b><\/p>\n<ul>\n<li>Narz\u0119dzie przeznaczone jest <b>do obr\u00f3bki oraz ci\u0119cia materia\u0142\u00f3w budowlanych<\/b> ( tj. kamie\u0144, ceg\u0142a itp.).<\/li>\n<li>Nadaje si\u0119 r\u00f3wnie\u017c do <b>kruszenia lub rozbijania twardych materia\u0142\u00f3w.<\/b><\/li>\n<\/ul>\n<\/section><\/div>\n<\/section>\n<section class=\"section\">\n<div class=\"item item-12\">\n<section class=\"image-item\">\n                <img decoding=\"async\" src=\"https:\/\/upload.cdn.baselinker.com\/products\/14476\/1e3cbf38f7e047c1f50ce6d3165a8d28.jpg\" \/><br \/>\n            <\/section>\n<\/p><\/div>\n<\/section>\n","protected":false},"excerpt":{"rendered":"<p>PRZECINAK MURARSKI Z OS\u0141ON\u0104 D\u0141UTO MAJZEL 23 cm Dane techniczne: Materia\u0142 d\u0142uta: stal narz\u0119dziowa Materia\u0142 os\u0142onki: tworzywo Wymiary: 230 x 60 x 16 mm Przecinak murarski to niezb\u0119dne narz\u0119dzie podczas\u00a0 prac remontowych i budowlanych! Przecinak murarski wykonany ze stali narz\u0119dziowej. Wyposa\u017cony w os\u0142onk\u0119, kt\u00f3rej zadaniem jest ochrona d\u0142oni przed uderzeniem m\u0142otka. Wygodna r\u0119koje\u015b\u0107 zapewnia komfort<br \/><a class=\"more-link\" href=\"https:\/\/bobimarket.pl\/index.php\/produkt\/przecinak-murarski-z-oslona-dluto-majzel-23cm\/\"><br \/>\n        Czytaj wi\u0119cej<span class=\"screen-reader-text\"> &#8222;PRZECINAK MURARSKI Z OS\u0141ON\u0104 D\u0141UTO MAJZEL 23cm&#8221;<\/span><\/a><\/p>\n","protected":false},"featured_media":82339,"template":"","meta":[],"product_cat":[8197],"product_tag":[],"yoast_head":"<!-- This site is optimized with the Yoast SEO plugin v21.0 - https:\/\/yoast.com\/wordpress\/plugins\/seo\/ -->\n<title>PRZECINAK MURARSKI Z OS\u0141ON\u0104 D\u0141UTO MAJZEL 23cm - BOBIMARKET.pl - Remontuj i urz\u0105dzaj z nami<\/title>\n<meta name=\"robots\" content=\"index, follow, max-snippet:-1, max-image-preview:large, max-video-preview:-1\" \/>\n<link rel=\"canonical\" href=\"https:\/\/bobimarket.pl\/index.php\/produkt\/przecinak-murarski-z-oslona-dluto-majzel-23cm\/\" \/>\n<meta property=\"og:locale\" content=\"pl_PL\" \/>\n<meta property=\"og:type\" content=\"article\" \/>\n<meta property=\"og:title\" content=\"PRZECINAK MURARSKI Z OS\u0141ON\u0104 D\u0141UTO MAJZEL 23cm - BOBIMARKET.pl - Remontuj i urz\u0105dzaj z nami\" \/>\n<meta property=\"og:description\" content=\"PRZECINAK MURARSKI Z OS\u0141ON\u0104 D\u0141UTO MAJZEL 23 cm Dane techniczne: Materia\u0142 d\u0142uta: stal narz\u0119dziowa Materia\u0142 os\u0142onki: tworzywo Wymiary: 230 x 60 x 16 mm Przecinak murarski to niezb\u0119dne narz\u0119dzie podczas\u00a0 prac remontowych i budowlanych! Przecinak murarski wykonany ze stali narz\u0119dziowej. Wyposa\u017cony w os\u0142onk\u0119, kt\u00f3rej zadaniem jest ochrona d\u0142oni przed uderzeniem m\u0142otka. Wygodna r\u0119koje\u015b\u0107 zapewnia komfort     Czytaj wi\u0119cej &quot;PRZECINAK MURARSKI Z OS\u0141ON\u0104 D\u0141UTO MAJZEL 23cm&quot;\" \/>\n<meta property=\"og:url\" content=\"https:\/\/bobimarket.pl\/index.php\/produkt\/przecinak-murarski-z-oslona-dluto-majzel-23cm\/\" \/>\n<meta property=\"og:site_name\" content=\"BOBIMARKET.pl - Remontuj i urz\u0105dzaj z nami\" \/>\n<meta property=\"article:modified_time\" content=\"2025-02-27T13:50:59+00:00\" \/>\n<meta property=\"og:image\" content=\"https:\/\/upload.cdn.baselinker.com\/products\/14476\/84032dccd3bc7802dec17d58ea54bb5e.jpg\" \/>\n<meta name=\"twitter:card\" content=\"summary_large_image\" \/>\n<meta name=\"twitter:label1\" content=\"Szacowany czas czytania\" \/>\n\t<meta name=\"twitter:data1\" content=\"1 minuta\" \/>\n<script type=\"application\/ld+json\" class=\"yoast-schema-graph\">{\"@context\":\"https:\/\/schema.org\",\"@graph\":[{\"@type\":\"WebPage\",\"@id\":\"https:\/\/bobimarket.pl\/index.php\/produkt\/przecinak-murarski-z-oslona-dluto-majzel-23cm\/\",\"url\":\"https:\/\/bobimarket.pl\/index.php\/produkt\/przecinak-murarski-z-oslona-dluto-majzel-23cm\/\",\"name\":\"PRZECINAK MURARSKI Z OS\u0141ON\u0104 D\u0141UTO MAJZEL 23cm - BOBIMARKET.pl - Remontuj i urz\u0105dzaj z nami\",\"isPartOf\":{\"@id\":\"https:\/\/bobimarket.pl\/#website\"},\"datePublished\":\"2023-08-29T17:52:44+00:00\",\"dateModified\":\"2025-02-27T13:50:59+00:00\",\"breadcrumb\":{\"@id\":\"https:\/\/bobimarket.pl\/index.php\/produkt\/przecinak-murarski-z-oslona-dluto-majzel-23cm\/#breadcrumb\"},\"inLanguage\":\"pl-PL\",\"potentialAction\":[{\"@type\":\"ReadAction\",\"target\":[\"https:\/\/bobimarket.pl\/index.php\/produkt\/przecinak-murarski-z-oslona-dluto-majzel-23cm\/\"]}]},{\"@type\":\"BreadcrumbList\",\"@id\":\"https:\/\/bobimarket.pl\/index.php\/produkt\/przecinak-murarski-z-oslona-dluto-majzel-23cm\/#breadcrumb\",\"itemListElement\":[{\"@type\":\"ListItem\",\"position\":1,\"name\":\"Strona g\u0142\u00f3wna\",\"item\":\"https:\/\/bobimarket.pl\/\"},{\"@type\":\"ListItem\",\"position\":2,\"name\":\"Sklep\",\"item\":\"https:\/\/bobimarket.pl\/index.php\/shop\/\"},{\"@type\":\"ListItem\",\"position\":3,\"name\":\"PRZECINAK MURARSKI Z OS\u0141ON\u0104 D\u0141UTO MAJZEL 23cm\"}]},{\"@type\":\"WebSite\",\"@id\":\"https:\/\/bobimarket.pl\/#website\",\"url\":\"https:\/\/bobimarket.pl\/\",\"name\":\"BOBIMARKET.pl - Remontuj i urz\u0105dzaj z nami\",\"description\":\"Remontuj i urz\u0105dzaj z nami\",\"publisher\":{\"@id\":\"https:\/\/bobimarket.pl\/#organization\"},\"potentialAction\":[{\"@type\":\"SearchAction\",\"target\":{\"@type\":\"EntryPoint\",\"urlTemplate\":\"https:\/\/bobimarket.pl\/?s={search_term_string}\"},\"query-input\":\"required name=search_term_string\"}],\"inLanguage\":\"pl-PL\"},{\"@type\":\"Organization\",\"@id\":\"https:\/\/bobimarket.pl\/#organization\",\"name\":\"BOBIMARKET.pl\",\"url\":\"https:\/\/bobimarket.pl\/\",\"logo\":{\"@type\":\"ImageObject\",\"inLanguage\":\"pl-PL\",\"@id\":\"https:\/\/bobimarket.pl\/#\/schema\/logo\/image\/\",\"url\":\"https:\/\/bobimarket.pl\/wp-content\/uploads\/2021\/11\/slogan.png\",\"contentUrl\":\"https:\/\/bobimarket.pl\/wp-content\/uploads\/2021\/11\/slogan.png\",\"width\":2000,\"height\":384,\"caption\":\"BOBIMARKET.pl\"},\"image\":{\"@id\":\"https:\/\/bobimarket.pl\/#\/schema\/logo\/image\/\"}}]}<\/script>\n<!-- \/ Yoast SEO plugin. -->","yoast_head_json":{"title":"PRZECINAK MURARSKI Z OS\u0141ON\u0104 D\u0141UTO MAJZEL 23cm - BOBIMARKET.pl - Remontuj i urz\u0105dzaj z nami","robots":{"index":"index","follow":"follow","max-snippet":"max-snippet:-1","max-image-preview":"max-image-preview:large","max-video-preview":"max-video-preview:-1"},"canonical":"https:\/\/bobimarket.pl\/index.php\/produkt\/przecinak-murarski-z-oslona-dluto-majzel-23cm\/","og_locale":"pl_PL","og_type":"article","og_title":"PRZECINAK MURARSKI Z OS\u0141ON\u0104 D\u0141UTO MAJZEL 23cm - BOBIMARKET.pl - Remontuj i urz\u0105dzaj z nami","og_description":"PRZECINAK MURARSKI Z OS\u0141ON\u0104 D\u0141UTO MAJZEL 23 cm Dane techniczne: Materia\u0142 d\u0142uta: stal narz\u0119dziowa Materia\u0142 os\u0142onki: tworzywo Wymiary: 230 x 60 x 16 mm Przecinak murarski to niezb\u0119dne narz\u0119dzie podczas\u00a0 prac remontowych i budowlanych! Przecinak murarski wykonany ze stali narz\u0119dziowej. Wyposa\u017cony w os\u0142onk\u0119, kt\u00f3rej zadaniem jest ochrona d\u0142oni przed uderzeniem m\u0142otka. Wygodna r\u0119koje\u015b\u0107 zapewnia komfort     Czytaj wi\u0119cej \"PRZECINAK MURARSKI Z OS\u0141ON\u0104 D\u0141UTO MAJZEL 23cm\"","og_url":"https:\/\/bobimarket.pl\/index.php\/produkt\/przecinak-murarski-z-oslona-dluto-majzel-23cm\/","og_site_name":"BOBIMARKET.pl - Remontuj i urz\u0105dzaj z nami","article_modified_time":"2025-02-27T13:50:59+00:00","og_image":[{"url":"https:\/\/upload.cdn.baselinker.com\/products\/14476\/84032dccd3bc7802dec17d58ea54bb5e.jpg"}],"twitter_card":"summary_large_image","twitter_misc":{"Szacowany czas czytania":"1 minuta"},"schema":{"@context":"https:\/\/schema.org","@graph":[{"@type":"WebPage","@id":"https:\/\/bobimarket.pl\/index.php\/produkt\/przecinak-murarski-z-oslona-dluto-majzel-23cm\/","url":"https:\/\/bobimarket.pl\/index.php\/produkt\/przecinak-murarski-z-oslona-dluto-majzel-23cm\/","name":"PRZECINAK MURARSKI Z OS\u0141ON\u0104 D\u0141UTO MAJZEL 23cm - BOBIMARKET.pl - Remontuj i urz\u0105dzaj z nami","isPartOf":{"@id":"https:\/\/bobimarket.pl\/#website"},"datePublished":"2023-08-29T17:52:44+00:00","dateModified":"2025-02-27T13:50:59+00:00","breadcrumb":{"@id":"https:\/\/bobimarket.pl\/index.php\/produkt\/przecinak-murarski-z-oslona-dluto-majzel-23cm\/#breadcrumb"},"inLanguage":"pl-PL","potentialAction":[{"@type":"ReadAction","target":["https:\/\/bobimarket.pl\/index.php\/produkt\/przecinak-murarski-z-oslona-dluto-majzel-23cm\/"]}]},{"@type":"BreadcrumbList","@id":"https:\/\/bobimarket.pl\/index.php\/produkt\/przecinak-murarski-z-oslona-dluto-majzel-23cm\/#breadcrumb","itemListElement":[{"@type":"ListItem","position":1,"name":"Strona g\u0142\u00f3wna","item":"https:\/\/bobimarket.pl\/"},{"@type":"ListItem","position":2,"name":"Sklep","item":"https:\/\/bobimarket.pl\/index.php\/shop\/"},{"@type":"ListItem","position":3,"name":"PRZECINAK MURARSKI Z OS\u0141ON\u0104 D\u0141UTO MAJZEL 23cm"}]},{"@type":"WebSite","@id":"https:\/\/bobimarket.pl\/#website","url":"https:\/\/bobimarket.pl\/","name":"BOBIMARKET.pl - Remontuj i urz\u0105dzaj z nami","description":"Remontuj i urz\u0105dzaj z nami","publisher":{"@id":"https:\/\/bobimarket.pl\/#organization"},"potentialAction":[{"@type":"SearchAction","target":{"@type":"EntryPoint","urlTemplate":"https:\/\/bobimarket.pl\/?s={search_term_string}"},"query-input":"required name=search_term_string"}],"inLanguage":"pl-PL"},{"@type":"Organization","@id":"https:\/\/bobimarket.pl\/#organization","name":"BOBIMARKET.pl","url":"https:\/\/bobimarket.pl\/","logo":{"@type":"ImageObject","inLanguage":"pl-PL","@id":"https:\/\/bobimarket.pl\/#\/schema\/logo\/image\/","url":"https:\/\/bobimarket.pl\/wp-content\/uploads\/2021\/11\/slogan.png","contentUrl":"https:\/\/bobimarket.pl\/wp-content\/uploads\/2021\/11\/slogan.png","width":2000,"height":384,"caption":"BOBIMARKET.pl"},"image":{"@id":"https:\/\/bobimarket.pl\/#\/schema\/logo\/image\/"}}]}},"_links":{"self":[{"href":"https:\/\/bobimarket.pl\/index.php\/wp-json\/wp\/v2\/product\/82343"}],"collection":[{"href":"https:\/\/bobimarket.pl\/index.php\/wp-json\/wp\/v2\/product"}],"about":[{"href":"https:\/\/bobimarket.pl\/index.php\/wp-json\/wp\/v2\/types\/product"}],"wp:featuredmedia":[{"embeddable":true,"href":"https:\/\/bobimarket.pl\/index.php\/wp-json\/wp\/v2\/media\/82339"}],"wp:attachment":[{"href":"https:\/\/bobimarket.pl\/index.php\/wp-json\/wp\/v2\/media?parent=82343"}],"wp:term":[{"taxonomy":"product_cat","embeddable":true,"href":"https:\/\/bobimarket.pl\/index.php\/wp-json\/wp\/v2\/product_cat?post=82343"},{"taxonomy":"product_tag","embeddable":true,"href":"https:\/\/bobimarket.pl\/index.php\/wp-json\/wp\/v2\/product_tag?post=82343"}],"curies":[{"name":"wp","href":"https:\/\/api.w.org\/{rel}","templated":true}]}}