{"id":82479,"date":"2023-08-29T18:06:31","date_gmt":"2023-08-29T18:06:31","guid":{"rendered":"https:\/\/bobimarket.pl\/index.php\/produkt\/kratka-wentylacyjna-metalowa-14x21-kominowa-lapki-6\/"},"modified":"2025-02-27T13:52:49","modified_gmt":"2025-02-27T13:52:49","slug":"kratka-wentylacyjna-metalowa-14x21-kominowa-lapki-6","status":"publish","type":"product","link":"https:\/\/bobimarket.pl\/index.php\/produkt\/kratka-wentylacyjna-metalowa-14x21-kominowa-lapki-6\/","title":{"rendered":"KRATKA WENTYLACYJNA METALOWA 14&#215;21 KOMINOWA +\u0141APKI"},"content":{"rendered":"<section class=\"section\">\n<div class=\"item item-12\">\n<section class=\"text-item\">\n<h2>KRATKA WENTYLACYJNA METALOWA 14&#215;21 KOMINOWA + \u0141APKI<\/h2>\n<p><b>Dane techniczne:<\/b><\/p>\n<ul>\n<li>Wysoko\u015b\u0107 ca\u0142kowita:<b> 23 cm<\/b><\/li>\n<li>Szeroko\u015b\u0107 ca\u0142kowita:<b> 16,5cm<\/b><\/li>\n<li>Grubo\u015b\u0107 kratki: <b>0,05 mm<\/b><\/li>\n<li>Kolor:<b> bia\u0142a<\/b><\/li>\n<li>Materia\u0142: blacha ocynkowana<\/li>\n<\/ul>\n<p>Na pozosta\u0142ych aukcjach dost\u0119pne s\u0105 kolory:<\/p>\n<ul>\n<li>Ciemny grafit<\/li>\n<li>Jasny grafit<\/li>\n<li>Ceg\u0142a<\/li>\n<li>Br\u0105z<\/li>\n<li>Czarny<\/li>\n<\/ul>\n<\/section><\/div>\n<\/section>\n<section class=\"section\">\n<div class=\"item item-12\">\n<section class=\"image-item\">\n            <img decoding=\"async\" src=\"https:\/\/upload.cdn.baselinker.com\/products\/14476\/2f117004664f6cc60c7b330e5891bde7.jpg\" \/><br \/>\n        <\/section>\n<\/p><\/div>\n<\/section>\n<section class=\"section\">\n<div class=\"item item-12\">\n<section class=\"text-item\">\n<p>Wysokiej jako\u015bci kratka kominowa wykonana z blachy cynkowanej malowanej. Kratka to ostatni element systemu wentylacyjnego. \u015awietnie sprawdza si\u0119 w zmiennych warunkach atmosferycznych, odporna na \u015bnieg, deszcz itp.<\/p>\n<p><b>\u0141atwa w monta\u017cu &#8211;<\/b> kratka wyposa\u017cona jest w specjalne &#8222;\u0142apki&#8221;, kt\u00f3re rozporowo montuj\u0105 kratk\u0119 w otworze wentylacyjnego. Nie wymaga ko\u0142kowania, klejenie lub u\u017cywania specjalistycznego sprz\u0119tu.<\/p>\n<ul>\n<li><b>Sko\u015bne \u017ceberka<\/b> uniemo\u017cliwiaj\u0105 wpadanie deszczu czy \u015bniegu.<\/li>\n<li>Kratka posiada <b>siatk\u0119<\/b> od wewn\u0119trznej strony, zabezpieczaj\u0105c\u0105 przed owadami i innymi insektami.<\/li>\n<\/ul>\n<p><b>\u2705 Zastosowanie:<\/b><\/p>\n<ul>\n<li>typowo zewn\u0119trzne, \u015bciany, kominy.<\/li>\n<\/ul>\n<\/section><\/div>\n<\/section>\n<section class=\"section\">\n<div class=\"item item-12\">\n<section class=\"image-item\">\n            <img decoding=\"async\" src=\"https:\/\/upload.cdn.baselinker.com\/products\/14476\/755c78fb38840958c297a15e439eee83.jpg\" \/><br \/>\n        <\/section>\n<\/p><\/div>\n<\/section>\n<section class=\"section\">\n<div class=\"item item-6\">\n<section class=\"image-item\">\n            <img decoding=\"async\" src=\"https:\/\/upload.cdn.baselinker.com\/products\/14476\/bd4d5ccc1ab197b080324136eae136b3.jpg\" \/><br \/>\n        <\/section>\n<\/p><\/div>\n<div class=\"item item-6\">\n<section class=\"image-item\">\n            <img decoding=\"async\" src=\"https:\/\/upload.cdn.baselinker.com\/products\/14476\/3eac3f926380fde1b655cc0adf4c8f84.jpg\" \/><br \/>\n        <\/section>\n<\/p><\/div>\n<\/section>\n","protected":false},"excerpt":{"rendered":"<p>KRATKA WENTYLACYJNA METALOWA 14&#215;21 KOMINOWA + \u0141APKI Dane techniczne: Wysoko\u015b\u0107 ca\u0142kowita: 23 cm Szeroko\u015b\u0107 ca\u0142kowita: 16,5cm Grubo\u015b\u0107 kratki: 0,05 mm Kolor: bia\u0142a Materia\u0142: blacha ocynkowana Na pozosta\u0142ych aukcjach dost\u0119pne s\u0105 kolory: Ciemny grafit Jasny grafit Ceg\u0142a Br\u0105z Czarny Wysokiej jako\u015bci kratka kominowa wykonana z blachy cynkowanej malowanej. Kratka to ostatni element systemu wentylacyjnego. \u015awietnie sprawdza<br \/><a class=\"more-link\" href=\"https:\/\/bobimarket.pl\/index.php\/produkt\/kratka-wentylacyjna-metalowa-14x21-kominowa-lapki-6\/\"><br \/>\n        Czytaj wi\u0119cej<span class=\"screen-reader-text\"> &#8222;KRATKA WENTYLACYJNA METALOWA 14&#215;21 KOMINOWA +\u0141APKI&#8221;<\/span><\/a><\/p>\n","protected":false},"featured_media":82474,"template":"","meta":[],"product_cat":[8093],"product_tag":[],"yoast_head":"<!-- This site is optimized with the Yoast SEO plugin v21.0 - https:\/\/yoast.com\/wordpress\/plugins\/seo\/ -->\n<title>KRATKA WENTYLACYJNA METALOWA 14x21 KOMINOWA +\u0141APKI - BOBIMARKET.pl - Remontuj i urz\u0105dzaj z nami<\/title>\n<meta name=\"robots\" content=\"index, follow, max-snippet:-1, max-image-preview:large, max-video-preview:-1\" \/>\n<link rel=\"canonical\" href=\"https:\/\/bobimarket.pl\/index.php\/produkt\/kratka-wentylacyjna-metalowa-14x21-kominowa-lapki-6\/\" \/>\n<meta property=\"og:locale\" content=\"pl_PL\" \/>\n<meta property=\"og:type\" content=\"article\" \/>\n<meta property=\"og:title\" content=\"KRATKA WENTYLACYJNA METALOWA 14x21 KOMINOWA +\u0141APKI - BOBIMARKET.pl - Remontuj i urz\u0105dzaj z nami\" \/>\n<meta property=\"og:description\" content=\"KRATKA WENTYLACYJNA METALOWA 14&#215;21 KOMINOWA + \u0141APKI Dane techniczne: Wysoko\u015b\u0107 ca\u0142kowita: 23 cm Szeroko\u015b\u0107 ca\u0142kowita: 16,5cm Grubo\u015b\u0107 kratki: 0,05 mm Kolor: bia\u0142a Materia\u0142: blacha ocynkowana Na pozosta\u0142ych aukcjach dost\u0119pne s\u0105 kolory: Ciemny grafit Jasny grafit Ceg\u0142a Br\u0105z Czarny Wysokiej jako\u015bci kratka kominowa wykonana z blachy cynkowanej malowanej. Kratka to ostatni element systemu wentylacyjnego. \u015awietnie sprawdza     Czytaj wi\u0119cej &quot;KRATKA WENTYLACYJNA METALOWA 14&#215;21 KOMINOWA +\u0141APKI&quot;\" \/>\n<meta property=\"og:url\" content=\"https:\/\/bobimarket.pl\/index.php\/produkt\/kratka-wentylacyjna-metalowa-14x21-kominowa-lapki-6\/\" \/>\n<meta property=\"og:site_name\" content=\"BOBIMARKET.pl - Remontuj i urz\u0105dzaj z nami\" \/>\n<meta property=\"article:modified_time\" content=\"2025-02-27T13:52:49+00:00\" \/>\n<meta property=\"og:image\" content=\"https:\/\/upload.cdn.baselinker.com\/products\/14476\/2f117004664f6cc60c7b330e5891bde7.jpg\" \/>\n<meta name=\"twitter:card\" content=\"summary_large_image\" \/>\n<meta name=\"twitter:label1\" content=\"Szacowany czas czytania\" \/>\n\t<meta name=\"twitter:data1\" content=\"1 minuta\" \/>\n<script type=\"application\/ld+json\" class=\"yoast-schema-graph\">{\"@context\":\"https:\/\/schema.org\",\"@graph\":[{\"@type\":\"WebPage\",\"@id\":\"https:\/\/bobimarket.pl\/index.php\/produkt\/kratka-wentylacyjna-metalowa-14x21-kominowa-lapki-6\/\",\"url\":\"https:\/\/bobimarket.pl\/index.php\/produkt\/kratka-wentylacyjna-metalowa-14x21-kominowa-lapki-6\/\",\"name\":\"KRATKA WENTYLACYJNA METALOWA 14x21 KOMINOWA +\u0141APKI - BOBIMARKET.pl - Remontuj i urz\u0105dzaj z nami\",\"isPartOf\":{\"@id\":\"https:\/\/bobimarket.pl\/#website\"},\"datePublished\":\"2023-08-29T18:06:31+00:00\",\"dateModified\":\"2025-02-27T13:52:49+00:00\",\"breadcrumb\":{\"@id\":\"https:\/\/bobimarket.pl\/index.php\/produkt\/kratka-wentylacyjna-metalowa-14x21-kominowa-lapki-6\/#breadcrumb\"},\"inLanguage\":\"pl-PL\",\"potentialAction\":[{\"@type\":\"ReadAction\",\"target\":[\"https:\/\/bobimarket.pl\/index.php\/produkt\/kratka-wentylacyjna-metalowa-14x21-kominowa-lapki-6\/\"]}]},{\"@type\":\"BreadcrumbList\",\"@id\":\"https:\/\/bobimarket.pl\/index.php\/produkt\/kratka-wentylacyjna-metalowa-14x21-kominowa-lapki-6\/#breadcrumb\",\"itemListElement\":[{\"@type\":\"ListItem\",\"position\":1,\"name\":\"Strona g\u0142\u00f3wna\",\"item\":\"https:\/\/bobimarket.pl\/\"},{\"@type\":\"ListItem\",\"position\":2,\"name\":\"Sklep\",\"item\":\"https:\/\/bobimarket.pl\/index.php\/shop\/\"},{\"@type\":\"ListItem\",\"position\":3,\"name\":\"KRATKA WENTYLACYJNA METALOWA 14&#215;21 KOMINOWA +\u0141APKI\"}]},{\"@type\":\"WebSite\",\"@id\":\"https:\/\/bobimarket.pl\/#website\",\"url\":\"https:\/\/bobimarket.pl\/\",\"name\":\"BOBIMARKET.pl - Remontuj i urz\u0105dzaj z nami\",\"description\":\"Remontuj i urz\u0105dzaj z nami\",\"publisher\":{\"@id\":\"https:\/\/bobimarket.pl\/#organization\"},\"potentialAction\":[{\"@type\":\"SearchAction\",\"target\":{\"@type\":\"EntryPoint\",\"urlTemplate\":\"https:\/\/bobimarket.pl\/?s={search_term_string}\"},\"query-input\":\"required name=search_term_string\"}],\"inLanguage\":\"pl-PL\"},{\"@type\":\"Organization\",\"@id\":\"https:\/\/bobimarket.pl\/#organization\",\"name\":\"BOBIMARKET.pl\",\"url\":\"https:\/\/bobimarket.pl\/\",\"logo\":{\"@type\":\"ImageObject\",\"inLanguage\":\"pl-PL\",\"@id\":\"https:\/\/bobimarket.pl\/#\/schema\/logo\/image\/\",\"url\":\"https:\/\/bobimarket.pl\/wp-content\/uploads\/2021\/11\/slogan.png\",\"contentUrl\":\"https:\/\/bobimarket.pl\/wp-content\/uploads\/2021\/11\/slogan.png\",\"width\":2000,\"height\":384,\"caption\":\"BOBIMARKET.pl\"},\"image\":{\"@id\":\"https:\/\/bobimarket.pl\/#\/schema\/logo\/image\/\"}}]}<\/script>\n<!-- \/ Yoast SEO plugin. -->","yoast_head_json":{"title":"KRATKA WENTYLACYJNA METALOWA 14x21 KOMINOWA +\u0141APKI - BOBIMARKET.pl - Remontuj i urz\u0105dzaj z nami","robots":{"index":"index","follow":"follow","max-snippet":"max-snippet:-1","max-image-preview":"max-image-preview:large","max-video-preview":"max-video-preview:-1"},"canonical":"https:\/\/bobimarket.pl\/index.php\/produkt\/kratka-wentylacyjna-metalowa-14x21-kominowa-lapki-6\/","og_locale":"pl_PL","og_type":"article","og_title":"KRATKA WENTYLACYJNA METALOWA 14x21 KOMINOWA +\u0141APKI - BOBIMARKET.pl - Remontuj i urz\u0105dzaj z nami","og_description":"KRATKA WENTYLACYJNA METALOWA 14&#215;21 KOMINOWA + \u0141APKI Dane techniczne: Wysoko\u015b\u0107 ca\u0142kowita: 23 cm Szeroko\u015b\u0107 ca\u0142kowita: 16,5cm Grubo\u015b\u0107 kratki: 0,05 mm Kolor: bia\u0142a Materia\u0142: blacha ocynkowana Na pozosta\u0142ych aukcjach dost\u0119pne s\u0105 kolory: Ciemny grafit Jasny grafit Ceg\u0142a Br\u0105z Czarny Wysokiej jako\u015bci kratka kominowa wykonana z blachy cynkowanej malowanej. Kratka to ostatni element systemu wentylacyjnego. \u015awietnie sprawdza     Czytaj wi\u0119cej \"KRATKA WENTYLACYJNA METALOWA 14&#215;21 KOMINOWA +\u0141APKI\"","og_url":"https:\/\/bobimarket.pl\/index.php\/produkt\/kratka-wentylacyjna-metalowa-14x21-kominowa-lapki-6\/","og_site_name":"BOBIMARKET.pl - Remontuj i urz\u0105dzaj z nami","article_modified_time":"2025-02-27T13:52:49+00:00","og_image":[{"url":"https:\/\/upload.cdn.baselinker.com\/products\/14476\/2f117004664f6cc60c7b330e5891bde7.jpg"}],"twitter_card":"summary_large_image","twitter_misc":{"Szacowany czas czytania":"1 minuta"},"schema":{"@context":"https:\/\/schema.org","@graph":[{"@type":"WebPage","@id":"https:\/\/bobimarket.pl\/index.php\/produkt\/kratka-wentylacyjna-metalowa-14x21-kominowa-lapki-6\/","url":"https:\/\/bobimarket.pl\/index.php\/produkt\/kratka-wentylacyjna-metalowa-14x21-kominowa-lapki-6\/","name":"KRATKA WENTYLACYJNA METALOWA 14x21 KOMINOWA +\u0141APKI - BOBIMARKET.pl - Remontuj i urz\u0105dzaj z nami","isPartOf":{"@id":"https:\/\/bobimarket.pl\/#website"},"datePublished":"2023-08-29T18:06:31+00:00","dateModified":"2025-02-27T13:52:49+00:00","breadcrumb":{"@id":"https:\/\/bobimarket.pl\/index.php\/produkt\/kratka-wentylacyjna-metalowa-14x21-kominowa-lapki-6\/#breadcrumb"},"inLanguage":"pl-PL","potentialAction":[{"@type":"ReadAction","target":["https:\/\/bobimarket.pl\/index.php\/produkt\/kratka-wentylacyjna-metalowa-14x21-kominowa-lapki-6\/"]}]},{"@type":"BreadcrumbList","@id":"https:\/\/bobimarket.pl\/index.php\/produkt\/kratka-wentylacyjna-metalowa-14x21-kominowa-lapki-6\/#breadcrumb","itemListElement":[{"@type":"ListItem","position":1,"name":"Strona g\u0142\u00f3wna","item":"https:\/\/bobimarket.pl\/"},{"@type":"ListItem","position":2,"name":"Sklep","item":"https:\/\/bobimarket.pl\/index.php\/shop\/"},{"@type":"ListItem","position":3,"name":"KRATKA WENTYLACYJNA METALOWA 14&#215;21 KOMINOWA +\u0141APKI"}]},{"@type":"WebSite","@id":"https:\/\/bobimarket.pl\/#website","url":"https:\/\/bobimarket.pl\/","name":"BOBIMARKET.pl - Remontuj i urz\u0105dzaj z nami","description":"Remontuj i urz\u0105dzaj z nami","publisher":{"@id":"https:\/\/bobimarket.pl\/#organization"},"potentialAction":[{"@type":"SearchAction","target":{"@type":"EntryPoint","urlTemplate":"https:\/\/bobimarket.pl\/?s={search_term_string}"},"query-input":"required name=search_term_string"}],"inLanguage":"pl-PL"},{"@type":"Organization","@id":"https:\/\/bobimarket.pl\/#organization","name":"BOBIMARKET.pl","url":"https:\/\/bobimarket.pl\/","logo":{"@type":"ImageObject","inLanguage":"pl-PL","@id":"https:\/\/bobimarket.pl\/#\/schema\/logo\/image\/","url":"https:\/\/bobimarket.pl\/wp-content\/uploads\/2021\/11\/slogan.png","contentUrl":"https:\/\/bobimarket.pl\/wp-content\/uploads\/2021\/11\/slogan.png","width":2000,"height":384,"caption":"BOBIMARKET.pl"},"image":{"@id":"https:\/\/bobimarket.pl\/#\/schema\/logo\/image\/"}}]}},"_links":{"self":[{"href":"https:\/\/bobimarket.pl\/index.php\/wp-json\/wp\/v2\/product\/82479"}],"collection":[{"href":"https:\/\/bobimarket.pl\/index.php\/wp-json\/wp\/v2\/product"}],"about":[{"href":"https:\/\/bobimarket.pl\/index.php\/wp-json\/wp\/v2\/types\/product"}],"wp:featuredmedia":[{"embeddable":true,"href":"https:\/\/bobimarket.pl\/index.php\/wp-json\/wp\/v2\/media\/82474"}],"wp:attachment":[{"href":"https:\/\/bobimarket.pl\/index.php\/wp-json\/wp\/v2\/media?parent=82479"}],"wp:term":[{"taxonomy":"product_cat","embeddable":true,"href":"https:\/\/bobimarket.pl\/index.php\/wp-json\/wp\/v2\/product_cat?post=82479"},{"taxonomy":"product_tag","embeddable":true,"href":"https:\/\/bobimarket.pl\/index.php\/wp-json\/wp\/v2\/product_tag?post=82479"}],"curies":[{"name":"wp","href":"https:\/\/api.w.org\/{rel}","templated":true}]}}