{"id":82505,"date":"2023-08-29T18:08:54","date_gmt":"2023-08-29T18:08:54","guid":{"rendered":"https:\/\/bobimarket.pl\/index.php\/produkt\/lom-lapka-do-gwozdzi-brecha-250-mm\/"},"modified":"2025-02-27T13:53:04","modified_gmt":"2025-02-27T13:53:04","slug":"lom-lapka-do-gwozdzi-brecha-250-mm","status":"publish","type":"product","link":"https:\/\/bobimarket.pl\/index.php\/produkt\/lom-lapka-do-gwozdzi-brecha-250-mm\/","title":{"rendered":"\u0141OM \u0141APKA DO GWO\u0179DZI BRECHA 250 mm"},"content":{"rendered":"<section class=\"section\">\n<div class=\"item item-6\">\n<section class=\"image-item\">\n                <img decoding=\"async\" src=\"https:\/\/upload.cdn.baselinker.com\/products\/14476\/701d0b8bade72b2a5cb73e6162e23bfb.jpg\" \/><br \/>\n            <\/section>\n<\/p><\/div>\n<div class=\"item item-6\">\n<section class=\"text-item\">\n<h2>\u0141OM \u0141APKA PRECYZYJNY DO GWO\u0179DZI BRECHA<\/h2>\n<p><b>Dane techniczne:<\/b><\/p>\n<ul>\n<li>D\u0142ugo\u015b\u0107: <b>250 mm<\/b><\/li>\n<li>Materia\u0142: <b>stal hartowana <\/b><\/li>\n<li>Rodzaj: <b>\u0142apka precyzyjna szeroka <\/b><\/li>\n<\/ul>\n<\/section><\/div>\n<\/section>\n<section class=\"section\">\n<div class=\"item item-6\">\n<section class=\"image-item\">\n                <img decoding=\"async\" src=\"https:\/\/upload.cdn.baselinker.com\/products\/14476\/37cc8f60627fae0c2b99318132d88d17.jpg\" \/><br \/>\n            <\/section>\n<\/p><\/div>\n<div class=\"item item-6\">\n<section class=\"text-item\">\n<p>Solidny \u0142om budowlany o d\u0142ugo\u015bci 250 mm. Wykonany ze stali hartowanej, kt\u00f3ra sprawia, \u017ce narz\u0119dzie jest twarde i wytrzyma\u0142e. \u0141apka przydatna jest podczas wszelkich prac budowlanych i demonta\u017cowych.<\/p>\n<ul>\n<li><b>P\u0142aski koniec<\/b> u\u0142atwia podwa\u017canie element\u00f3w podczas prac rozbi\u00f3rkowych.<\/li>\n<li><b>Cienkie ostrze<\/b> idealnie nadaje si\u0119 do wsuwania w w\u0105skie szczeliny lub podwa\u017canie desek<\/li>\n<li><b>Wyci\u0105gacz<\/b> na obu ko\u0144cach s\u0142u\u017cy do usuwania uszkodzonych \u015brub i gwo\u017adzi.<\/li>\n<\/ul>\n<\/section><\/div>\n<\/section>\n<section class=\"section\">\n<div class=\"item item-6\">\n<section class=\"image-item\">\n                <img decoding=\"async\" src=\"https:\/\/upload.cdn.baselinker.com\/products\/14476\/cb27283b71523fd08acf964d9a99234b.jpg\" \/><br \/>\n            <\/section>\n<\/p><\/div>\n<div class=\"item item-6\">\n<section class=\"text-item\">\n<p><b>\u2705<\/b><b> Zastosowanie:<\/b><\/p>\n<p>Narz\u0119dzie przydane podczas prac remontowych, budowlanych i rozbi\u00f3rkowych. S\u0142u\u017cy do:<\/p>\n<ul>\n<li>wyci\u0105gania gwo\u017adzi<\/li>\n<li>rozdzielania element\u00f3w demontowanych konstrukcji<\/li>\n<li>wyburzania<\/li>\n<li>podwa\u017cania element\u00f3w itp.<\/li>\n<\/ul>\n<\/section><\/div>\n<\/section>\n<section class=\"section\">\n<div class=\"item item-12\">\n<section class=\"image-item\">\n                <img decoding=\"async\" src=\"https:\/\/upload.cdn.baselinker.com\/products\/14476\/41325b6fa69a9dcb7083c765dc6b8530.jpg\" \/><br \/>\n            <\/section>\n<\/p><\/div>\n<\/section>\n<section class=\"section\">\n<div class=\"item item-6\">\n<section class=\"image-item\">\n                <img decoding=\"async\" src=\"https:\/\/upload.cdn.baselinker.com\/products\/14476\/37cc8f60627fae0c2b99318132d88d17.jpg\" \/><br \/>\n            <\/section>\n<\/p><\/div>\n<div class=\"item item-6\">\n<section class=\"image-item\">\n                <img decoding=\"async\" src=\"https:\/\/upload.cdn.baselinker.com\/products\/14476\/cb27283b71523fd08acf964d9a99234b.jpg\" \/><br \/>\n            <\/section>\n<\/p><\/div>\n<\/section>\n","protected":false},"excerpt":{"rendered":"<p>\u0141OM \u0141APKA PRECYZYJNY DO GWO\u0179DZI BRECHA Dane techniczne: D\u0142ugo\u015b\u0107: 250 mm Materia\u0142: stal hartowana Rodzaj: \u0142apka precyzyjna szeroka Solidny \u0142om budowlany o d\u0142ugo\u015bci 250 mm. Wykonany ze stali hartowanej, kt\u00f3ra sprawia, \u017ce narz\u0119dzie jest twarde i wytrzyma\u0142e. \u0141apka przydatna jest podczas wszelkich prac budowlanych i demonta\u017cowych. P\u0142aski koniec u\u0142atwia podwa\u017canie element\u00f3w podczas prac rozbi\u00f3rkowych. Cienkie<br \/><a class=\"more-link\" href=\"https:\/\/bobimarket.pl\/index.php\/produkt\/lom-lapka-do-gwozdzi-brecha-250-mm\/\"><br \/>\n        Czytaj wi\u0119cej<span class=\"screen-reader-text\"> &#8222;\u0141OM \u0141APKA DO GWO\u0179DZI BRECHA 250 mm&#8221;<\/span><\/a><\/p>\n","protected":false},"featured_media":82498,"template":"","meta":[],"product_cat":[8211],"product_tag":[],"yoast_head":"<!-- This site is optimized with the Yoast SEO plugin v21.0 - https:\/\/yoast.com\/wordpress\/plugins\/seo\/ -->\n<title>\u0141OM \u0141APKA DO GWO\u0179DZI BRECHA 250 mm - BOBIMARKET.pl - Remontuj i urz\u0105dzaj z nami<\/title>\n<meta name=\"robots\" content=\"index, follow, max-snippet:-1, max-image-preview:large, max-video-preview:-1\" \/>\n<link rel=\"canonical\" href=\"https:\/\/bobimarket.pl\/index.php\/produkt\/lom-lapka-do-gwozdzi-brecha-250-mm\/\" \/>\n<meta property=\"og:locale\" content=\"pl_PL\" \/>\n<meta property=\"og:type\" content=\"article\" \/>\n<meta property=\"og:title\" content=\"\u0141OM \u0141APKA DO GWO\u0179DZI BRECHA 250 mm - BOBIMARKET.pl - Remontuj i urz\u0105dzaj z nami\" \/>\n<meta property=\"og:description\" content=\"\u0141OM \u0141APKA PRECYZYJNY DO GWO\u0179DZI BRECHA Dane techniczne: D\u0142ugo\u015b\u0107: 250 mm Materia\u0142: stal hartowana Rodzaj: \u0142apka precyzyjna szeroka Solidny \u0142om budowlany o d\u0142ugo\u015bci 250 mm. Wykonany ze stali hartowanej, kt\u00f3ra sprawia, \u017ce narz\u0119dzie jest twarde i wytrzyma\u0142e. \u0141apka przydatna jest podczas wszelkich prac budowlanych i demonta\u017cowych. P\u0142aski koniec u\u0142atwia podwa\u017canie element\u00f3w podczas prac rozbi\u00f3rkowych. Cienkie     Czytaj wi\u0119cej &quot;\u0141OM \u0141APKA DO GWO\u0179DZI BRECHA 250 mm&quot;\" \/>\n<meta property=\"og:url\" content=\"https:\/\/bobimarket.pl\/index.php\/produkt\/lom-lapka-do-gwozdzi-brecha-250-mm\/\" \/>\n<meta property=\"og:site_name\" content=\"BOBIMARKET.pl - Remontuj i urz\u0105dzaj z nami\" \/>\n<meta property=\"article:modified_time\" content=\"2025-02-27T13:53:04+00:00\" \/>\n<meta property=\"og:image\" content=\"https:\/\/upload.cdn.baselinker.com\/products\/14476\/701d0b8bade72b2a5cb73e6162e23bfb.jpg\" \/>\n<meta name=\"twitter:card\" content=\"summary_large_image\" \/>\n<meta name=\"twitter:label1\" content=\"Szacowany czas czytania\" \/>\n\t<meta name=\"twitter:data1\" content=\"1 minuta\" \/>\n<script type=\"application\/ld+json\" class=\"yoast-schema-graph\">{\"@context\":\"https:\/\/schema.org\",\"@graph\":[{\"@type\":\"WebPage\",\"@id\":\"https:\/\/bobimarket.pl\/index.php\/produkt\/lom-lapka-do-gwozdzi-brecha-250-mm\/\",\"url\":\"https:\/\/bobimarket.pl\/index.php\/produkt\/lom-lapka-do-gwozdzi-brecha-250-mm\/\",\"name\":\"\u0141OM \u0141APKA DO GWO\u0179DZI BRECHA 250 mm - BOBIMARKET.pl - Remontuj i urz\u0105dzaj z nami\",\"isPartOf\":{\"@id\":\"https:\/\/bobimarket.pl\/#website\"},\"datePublished\":\"2023-08-29T18:08:54+00:00\",\"dateModified\":\"2025-02-27T13:53:04+00:00\",\"breadcrumb\":{\"@id\":\"https:\/\/bobimarket.pl\/index.php\/produkt\/lom-lapka-do-gwozdzi-brecha-250-mm\/#breadcrumb\"},\"inLanguage\":\"pl-PL\",\"potentialAction\":[{\"@type\":\"ReadAction\",\"target\":[\"https:\/\/bobimarket.pl\/index.php\/produkt\/lom-lapka-do-gwozdzi-brecha-250-mm\/\"]}]},{\"@type\":\"BreadcrumbList\",\"@id\":\"https:\/\/bobimarket.pl\/index.php\/produkt\/lom-lapka-do-gwozdzi-brecha-250-mm\/#breadcrumb\",\"itemListElement\":[{\"@type\":\"ListItem\",\"position\":1,\"name\":\"Strona g\u0142\u00f3wna\",\"item\":\"https:\/\/bobimarket.pl\/\"},{\"@type\":\"ListItem\",\"position\":2,\"name\":\"Sklep\",\"item\":\"https:\/\/bobimarket.pl\/index.php\/shop\/\"},{\"@type\":\"ListItem\",\"position\":3,\"name\":\"\u0141OM \u0141APKA DO GWO\u0179DZI BRECHA 250 mm\"}]},{\"@type\":\"WebSite\",\"@id\":\"https:\/\/bobimarket.pl\/#website\",\"url\":\"https:\/\/bobimarket.pl\/\",\"name\":\"BOBIMARKET.pl - Remontuj i urz\u0105dzaj z nami\",\"description\":\"Remontuj i urz\u0105dzaj z nami\",\"publisher\":{\"@id\":\"https:\/\/bobimarket.pl\/#organization\"},\"potentialAction\":[{\"@type\":\"SearchAction\",\"target\":{\"@type\":\"EntryPoint\",\"urlTemplate\":\"https:\/\/bobimarket.pl\/?s={search_term_string}\"},\"query-input\":\"required name=search_term_string\"}],\"inLanguage\":\"pl-PL\"},{\"@type\":\"Organization\",\"@id\":\"https:\/\/bobimarket.pl\/#organization\",\"name\":\"BOBIMARKET.pl\",\"url\":\"https:\/\/bobimarket.pl\/\",\"logo\":{\"@type\":\"ImageObject\",\"inLanguage\":\"pl-PL\",\"@id\":\"https:\/\/bobimarket.pl\/#\/schema\/logo\/image\/\",\"url\":\"https:\/\/bobimarket.pl\/wp-content\/uploads\/2021\/11\/slogan.png\",\"contentUrl\":\"https:\/\/bobimarket.pl\/wp-content\/uploads\/2021\/11\/slogan.png\",\"width\":2000,\"height\":384,\"caption\":\"BOBIMARKET.pl\"},\"image\":{\"@id\":\"https:\/\/bobimarket.pl\/#\/schema\/logo\/image\/\"}}]}<\/script>\n<!-- \/ Yoast SEO plugin. -->","yoast_head_json":{"title":"\u0141OM \u0141APKA DO GWO\u0179DZI BRECHA 250 mm - BOBIMARKET.pl - Remontuj i urz\u0105dzaj z nami","robots":{"index":"index","follow":"follow","max-snippet":"max-snippet:-1","max-image-preview":"max-image-preview:large","max-video-preview":"max-video-preview:-1"},"canonical":"https:\/\/bobimarket.pl\/index.php\/produkt\/lom-lapka-do-gwozdzi-brecha-250-mm\/","og_locale":"pl_PL","og_type":"article","og_title":"\u0141OM \u0141APKA DO GWO\u0179DZI BRECHA 250 mm - BOBIMARKET.pl - Remontuj i urz\u0105dzaj z nami","og_description":"\u0141OM \u0141APKA PRECYZYJNY DO GWO\u0179DZI BRECHA Dane techniczne: D\u0142ugo\u015b\u0107: 250 mm Materia\u0142: stal hartowana Rodzaj: \u0142apka precyzyjna szeroka Solidny \u0142om budowlany o d\u0142ugo\u015bci 250 mm. Wykonany ze stali hartowanej, kt\u00f3ra sprawia, \u017ce narz\u0119dzie jest twarde i wytrzyma\u0142e. \u0141apka przydatna jest podczas wszelkich prac budowlanych i demonta\u017cowych. P\u0142aski koniec u\u0142atwia podwa\u017canie element\u00f3w podczas prac rozbi\u00f3rkowych. Cienkie     Czytaj wi\u0119cej \"\u0141OM \u0141APKA DO GWO\u0179DZI BRECHA 250 mm\"","og_url":"https:\/\/bobimarket.pl\/index.php\/produkt\/lom-lapka-do-gwozdzi-brecha-250-mm\/","og_site_name":"BOBIMARKET.pl - Remontuj i urz\u0105dzaj z nami","article_modified_time":"2025-02-27T13:53:04+00:00","og_image":[{"url":"https:\/\/upload.cdn.baselinker.com\/products\/14476\/701d0b8bade72b2a5cb73e6162e23bfb.jpg"}],"twitter_card":"summary_large_image","twitter_misc":{"Szacowany czas czytania":"1 minuta"},"schema":{"@context":"https:\/\/schema.org","@graph":[{"@type":"WebPage","@id":"https:\/\/bobimarket.pl\/index.php\/produkt\/lom-lapka-do-gwozdzi-brecha-250-mm\/","url":"https:\/\/bobimarket.pl\/index.php\/produkt\/lom-lapka-do-gwozdzi-brecha-250-mm\/","name":"\u0141OM \u0141APKA DO GWO\u0179DZI BRECHA 250 mm - BOBIMARKET.pl - Remontuj i urz\u0105dzaj z nami","isPartOf":{"@id":"https:\/\/bobimarket.pl\/#website"},"datePublished":"2023-08-29T18:08:54+00:00","dateModified":"2025-02-27T13:53:04+00:00","breadcrumb":{"@id":"https:\/\/bobimarket.pl\/index.php\/produkt\/lom-lapka-do-gwozdzi-brecha-250-mm\/#breadcrumb"},"inLanguage":"pl-PL","potentialAction":[{"@type":"ReadAction","target":["https:\/\/bobimarket.pl\/index.php\/produkt\/lom-lapka-do-gwozdzi-brecha-250-mm\/"]}]},{"@type":"BreadcrumbList","@id":"https:\/\/bobimarket.pl\/index.php\/produkt\/lom-lapka-do-gwozdzi-brecha-250-mm\/#breadcrumb","itemListElement":[{"@type":"ListItem","position":1,"name":"Strona g\u0142\u00f3wna","item":"https:\/\/bobimarket.pl\/"},{"@type":"ListItem","position":2,"name":"Sklep","item":"https:\/\/bobimarket.pl\/index.php\/shop\/"},{"@type":"ListItem","position":3,"name":"\u0141OM \u0141APKA DO GWO\u0179DZI BRECHA 250 mm"}]},{"@type":"WebSite","@id":"https:\/\/bobimarket.pl\/#website","url":"https:\/\/bobimarket.pl\/","name":"BOBIMARKET.pl - Remontuj i urz\u0105dzaj z nami","description":"Remontuj i urz\u0105dzaj z nami","publisher":{"@id":"https:\/\/bobimarket.pl\/#organization"},"potentialAction":[{"@type":"SearchAction","target":{"@type":"EntryPoint","urlTemplate":"https:\/\/bobimarket.pl\/?s={search_term_string}"},"query-input":"required name=search_term_string"}],"inLanguage":"pl-PL"},{"@type":"Organization","@id":"https:\/\/bobimarket.pl\/#organization","name":"BOBIMARKET.pl","url":"https:\/\/bobimarket.pl\/","logo":{"@type":"ImageObject","inLanguage":"pl-PL","@id":"https:\/\/bobimarket.pl\/#\/schema\/logo\/image\/","url":"https:\/\/bobimarket.pl\/wp-content\/uploads\/2021\/11\/slogan.png","contentUrl":"https:\/\/bobimarket.pl\/wp-content\/uploads\/2021\/11\/slogan.png","width":2000,"height":384,"caption":"BOBIMARKET.pl"},"image":{"@id":"https:\/\/bobimarket.pl\/#\/schema\/logo\/image\/"}}]}},"_links":{"self":[{"href":"https:\/\/bobimarket.pl\/index.php\/wp-json\/wp\/v2\/product\/82505"}],"collection":[{"href":"https:\/\/bobimarket.pl\/index.php\/wp-json\/wp\/v2\/product"}],"about":[{"href":"https:\/\/bobimarket.pl\/index.php\/wp-json\/wp\/v2\/types\/product"}],"wp:featuredmedia":[{"embeddable":true,"href":"https:\/\/bobimarket.pl\/index.php\/wp-json\/wp\/v2\/media\/82498"}],"wp:attachment":[{"href":"https:\/\/bobimarket.pl\/index.php\/wp-json\/wp\/v2\/media?parent=82505"}],"wp:term":[{"taxonomy":"product_cat","embeddable":true,"href":"https:\/\/bobimarket.pl\/index.php\/wp-json\/wp\/v2\/product_cat?post=82505"},{"taxonomy":"product_tag","embeddable":true,"href":"https:\/\/bobimarket.pl\/index.php\/wp-json\/wp\/v2\/product_tag?post=82505"}],"curies":[{"name":"wp","href":"https:\/\/api.w.org\/{rel}","templated":true}]}}