{"id":82527,"date":"2023-08-29T18:10:50","date_gmt":"2023-08-29T18:10:50","guid":{"rendered":"https:\/\/bobimarket.pl\/index.php\/produkt\/otwornica-koronka-do-betonu-muru-wiertlo-105mm\/"},"modified":"2025-02-27T13:53:16","modified_gmt":"2025-02-27T13:53:16","slug":"otwornica-koronka-do-betonu-muru-wiertlo-105mm","status":"publish","type":"product","link":"https:\/\/bobimarket.pl\/index.php\/produkt\/otwornica-koronka-do-betonu-muru-wiertlo-105mm\/","title":{"rendered":"OTWORNICA KORONKA DO BETONU MURU WIERT\u0141O 105mm"},"content":{"rendered":"<section class=\"section\">\n<div class=\"item item-6\">\n<section class=\"text-item\">\n<h2>KORONKA WIERTNICZA DO BETONU POD PUSZK\u0118 105mm<\/h2>\n<p><b>Dane techniczne: <\/b><\/p>\n<ul>\n<li>\u015arednica: <b>105 mm<\/b><\/li>\n<li>Materia\u0142: <b>stal\/widi<\/b><\/li>\n<li>Typ mocowania: <b>SDS Plus<\/b><\/li>\n<li>Rozmiar gwintu \u0142\u0105cz\u0105cego:<b> gwint M22<\/b><\/li>\n<\/ul>\n<\/section><\/div>\n<div class=\"item item-6\">\n<section class=\"image-item\">\n            <img decoding=\"async\" src=\"https:\/\/upload.cdn.baselinker.com\/products\/14476\/1e7b968dc91d36049ed15c72250e0a82.jpg\" \/><br \/>\n        <\/section>\n<\/p><\/div>\n<\/section>\n<section class=\"section\">\n<div class=\"item item-6\">\n<section class=\"image-item\">\n            <img decoding=\"async\" src=\"https:\/\/upload.cdn.baselinker.com\/products\/14476\/97743339324414f300593196f2fd0863.jpg\" \/><br \/>\n        <\/section>\n<\/p><\/div>\n<div class=\"item item-6\">\n<section class=\"text-item\">\n<p>Solidna koronka <b>wiertnicza z widi\u0105<\/b>. Metalowa cz\u0119\u015b\u0107 konstrukcyjna\u00a0 zosta\u0142a wykonana ze stali. Natomiast wieniec z\u0119baty powsta\u0142 z wysoce <b>wytrzyma\u0142ego w\u0119glika spiekanego.<\/b><\/p>\n<p>Spirala odprowadzaj\u0105ca odwierciny w po\u0142\u0105czeniu z 2 otworami wentyluj\u0105cymi <b>zwi\u0119ksza wydajno\u015b\u0107 wiercenia<\/b> wskutek szybkiego odprowadzania urobku z otworu. Taki system dodatkowo wyd\u0142u\u017ca okres u\u017cytkowania koronki.<\/p>\n<ul>\n<li>Widia zapewnia odporno\u015b\u0107 na zu\u017cycie podczas wiercenia.<\/li>\n<li>Otwornica pasuje do chwytu SDS plus.<\/li>\n<li>Przeznaczona do pracy z wy\u0142\u0105czonym udarem.<\/li>\n<\/ul>\n<\/section><\/div>\n<\/section>\n<section class=\"section\">\n<div class=\"item item-6\">\n<section class=\"text-item\">\n<p><b>\u2705 Zastosowanie:<\/b><\/p>\n<p>Koronka wiertnicza z widi\u0105 przeznaczona jest do profesjonalnego zastosowania w budownictwie oraz rzemio\u015ble.<\/p>\n<ul>\n<li>Idealnie nadaje si\u0119 do wiercenia otwor\u00f3w pod puszki elektryczne lub gniazdka.<\/li>\n<\/ul>\n<ul>\n<li>Wiercenia w materia\u0142ach budowlanych jak ceg\u0142a, beton, glazura, p\u0142yty gipsowe itp.<\/li>\n<\/ul>\n<p>Otwornica znajduje si\u0119 w plastikowej tubie. Mo\u017cesz wi\u0119c przechowywa\u0107 j\u0105 w bezpieczny spos\u00f3b i zadba\u0107 o porz\u0105dek w swoim warsztacie.<\/p>\n<\/section><\/div>\n<div class=\"item item-6\">\n<section class=\"image-item\">\n            <img decoding=\"async\" src=\"https:\/\/upload.cdn.baselinker.com\/products\/14476\/7ad61c6b12a6ced55a0e0f0cb140a6eb.jpg\" \/><br \/>\n        <\/section>\n<\/p><\/div>\n<\/section>\n<section class=\"section\">\n<div class=\"item item-6\">\n<section class=\"image-item\">\n            <img decoding=\"async\" src=\"https:\/\/upload.cdn.baselinker.com\/products\/14476\/15ff851f8b9faa28fd9d1aa4f9596a06.jpg\" \/><br \/>\n        <\/section>\n<\/p><\/div>\n<div class=\"item item-6\">\n<section class=\"image-item\">\n            <img decoding=\"async\" src=\"https:\/\/upload.cdn.baselinker.com\/products\/14476\/b97be6adaf1fea445fe23998a400d6eb.jpg\" \/><br \/>\n        <\/section>\n<\/p><\/div>\n<\/section>\n","protected":false},"excerpt":{"rendered":"<p>KORONKA WIERTNICZA DO BETONU POD PUSZK\u0118 105mm Dane techniczne: \u015arednica: 105 mm Materia\u0142: stal\/widi Typ mocowania: SDS Plus Rozmiar gwintu \u0142\u0105cz\u0105cego: gwint M22 Solidna koronka wiertnicza z widi\u0105. Metalowa cz\u0119\u015b\u0107 konstrukcyjna\u00a0 zosta\u0142a wykonana ze stali. Natomiast wieniec z\u0119baty powsta\u0142 z wysoce wytrzyma\u0142ego w\u0119glika spiekanego. Spirala odprowadzaj\u0105ca odwierciny w po\u0142\u0105czeniu z 2 otworami wentyluj\u0105cymi zwi\u0119ksza wydajno\u015b\u0107<br \/><a class=\"more-link\" href=\"https:\/\/bobimarket.pl\/index.php\/produkt\/otwornica-koronka-do-betonu-muru-wiertlo-105mm\/\"><br \/>\n        Czytaj wi\u0119cej<span class=\"screen-reader-text\"> &#8222;OTWORNICA KORONKA DO BETONU MURU WIERT\u0141O 105mm&#8221;<\/span><\/a><\/p>\n","protected":false},"featured_media":82520,"template":"","meta":[],"product_cat":[8107],"product_tag":[],"yoast_head":"<!-- This site is optimized with the Yoast SEO plugin v21.0 - https:\/\/yoast.com\/wordpress\/plugins\/seo\/ -->\n<title>OTWORNICA KORONKA DO BETONU MURU WIERT\u0141O 105mm - BOBIMARKET.pl - Remontuj i urz\u0105dzaj z nami<\/title>\n<meta name=\"robots\" content=\"index, follow, max-snippet:-1, max-image-preview:large, max-video-preview:-1\" \/>\n<link rel=\"canonical\" href=\"https:\/\/bobimarket.pl\/index.php\/produkt\/otwornica-koronka-do-betonu-muru-wiertlo-105mm\/\" \/>\n<meta property=\"og:locale\" content=\"pl_PL\" \/>\n<meta property=\"og:type\" content=\"article\" \/>\n<meta property=\"og:title\" content=\"OTWORNICA KORONKA DO BETONU MURU WIERT\u0141O 105mm - BOBIMARKET.pl - Remontuj i urz\u0105dzaj z nami\" \/>\n<meta property=\"og:description\" content=\"KORONKA WIERTNICZA DO BETONU POD PUSZK\u0118 105mm Dane techniczne: \u015arednica: 105 mm Materia\u0142: stal\/widi Typ mocowania: SDS Plus Rozmiar gwintu \u0142\u0105cz\u0105cego: gwint M22 Solidna koronka wiertnicza z widi\u0105. Metalowa cz\u0119\u015b\u0107 konstrukcyjna\u00a0 zosta\u0142a wykonana ze stali. Natomiast wieniec z\u0119baty powsta\u0142 z wysoce wytrzyma\u0142ego w\u0119glika spiekanego. Spirala odprowadzaj\u0105ca odwierciny w po\u0142\u0105czeniu z 2 otworami wentyluj\u0105cymi zwi\u0119ksza wydajno\u015b\u0107     Czytaj wi\u0119cej &quot;OTWORNICA KORONKA DO BETONU MURU WIERT\u0141O 105mm&quot;\" \/>\n<meta property=\"og:url\" content=\"https:\/\/bobimarket.pl\/index.php\/produkt\/otwornica-koronka-do-betonu-muru-wiertlo-105mm\/\" \/>\n<meta property=\"og:site_name\" content=\"BOBIMARKET.pl - Remontuj i urz\u0105dzaj z nami\" \/>\n<meta property=\"article:modified_time\" content=\"2025-02-27T13:53:16+00:00\" \/>\n<meta property=\"og:image\" content=\"https:\/\/upload.cdn.baselinker.com\/products\/14476\/1e7b968dc91d36049ed15c72250e0a82.jpg\" \/>\n<meta name=\"twitter:card\" content=\"summary_large_image\" \/>\n<meta name=\"twitter:label1\" content=\"Szacowany czas czytania\" \/>\n\t<meta name=\"twitter:data1\" content=\"1 minuta\" \/>\n<script type=\"application\/ld+json\" class=\"yoast-schema-graph\">{\"@context\":\"https:\/\/schema.org\",\"@graph\":[{\"@type\":\"WebPage\",\"@id\":\"https:\/\/bobimarket.pl\/index.php\/produkt\/otwornica-koronka-do-betonu-muru-wiertlo-105mm\/\",\"url\":\"https:\/\/bobimarket.pl\/index.php\/produkt\/otwornica-koronka-do-betonu-muru-wiertlo-105mm\/\",\"name\":\"OTWORNICA KORONKA DO BETONU MURU WIERT\u0141O 105mm - BOBIMARKET.pl - Remontuj i urz\u0105dzaj z nami\",\"isPartOf\":{\"@id\":\"https:\/\/bobimarket.pl\/#website\"},\"datePublished\":\"2023-08-29T18:10:50+00:00\",\"dateModified\":\"2025-02-27T13:53:16+00:00\",\"breadcrumb\":{\"@id\":\"https:\/\/bobimarket.pl\/index.php\/produkt\/otwornica-koronka-do-betonu-muru-wiertlo-105mm\/#breadcrumb\"},\"inLanguage\":\"pl-PL\",\"potentialAction\":[{\"@type\":\"ReadAction\",\"target\":[\"https:\/\/bobimarket.pl\/index.php\/produkt\/otwornica-koronka-do-betonu-muru-wiertlo-105mm\/\"]}]},{\"@type\":\"BreadcrumbList\",\"@id\":\"https:\/\/bobimarket.pl\/index.php\/produkt\/otwornica-koronka-do-betonu-muru-wiertlo-105mm\/#breadcrumb\",\"itemListElement\":[{\"@type\":\"ListItem\",\"position\":1,\"name\":\"Strona g\u0142\u00f3wna\",\"item\":\"https:\/\/bobimarket.pl\/\"},{\"@type\":\"ListItem\",\"position\":2,\"name\":\"Sklep\",\"item\":\"https:\/\/bobimarket.pl\/index.php\/shop\/\"},{\"@type\":\"ListItem\",\"position\":3,\"name\":\"OTWORNICA KORONKA DO BETONU MURU WIERT\u0141O 105mm\"}]},{\"@type\":\"WebSite\",\"@id\":\"https:\/\/bobimarket.pl\/#website\",\"url\":\"https:\/\/bobimarket.pl\/\",\"name\":\"BOBIMARKET.pl - Remontuj i urz\u0105dzaj z nami\",\"description\":\"Remontuj i urz\u0105dzaj z nami\",\"publisher\":{\"@id\":\"https:\/\/bobimarket.pl\/#organization\"},\"potentialAction\":[{\"@type\":\"SearchAction\",\"target\":{\"@type\":\"EntryPoint\",\"urlTemplate\":\"https:\/\/bobimarket.pl\/?s={search_term_string}\"},\"query-input\":\"required name=search_term_string\"}],\"inLanguage\":\"pl-PL\"},{\"@type\":\"Organization\",\"@id\":\"https:\/\/bobimarket.pl\/#organization\",\"name\":\"BOBIMARKET.pl\",\"url\":\"https:\/\/bobimarket.pl\/\",\"logo\":{\"@type\":\"ImageObject\",\"inLanguage\":\"pl-PL\",\"@id\":\"https:\/\/bobimarket.pl\/#\/schema\/logo\/image\/\",\"url\":\"https:\/\/bobimarket.pl\/wp-content\/uploads\/2021\/11\/slogan.png\",\"contentUrl\":\"https:\/\/bobimarket.pl\/wp-content\/uploads\/2021\/11\/slogan.png\",\"width\":2000,\"height\":384,\"caption\":\"BOBIMARKET.pl\"},\"image\":{\"@id\":\"https:\/\/bobimarket.pl\/#\/schema\/logo\/image\/\"}}]}<\/script>\n<!-- \/ Yoast SEO plugin. -->","yoast_head_json":{"title":"OTWORNICA KORONKA DO BETONU MURU WIERT\u0141O 105mm - BOBIMARKET.pl - Remontuj i urz\u0105dzaj z nami","robots":{"index":"index","follow":"follow","max-snippet":"max-snippet:-1","max-image-preview":"max-image-preview:large","max-video-preview":"max-video-preview:-1"},"canonical":"https:\/\/bobimarket.pl\/index.php\/produkt\/otwornica-koronka-do-betonu-muru-wiertlo-105mm\/","og_locale":"pl_PL","og_type":"article","og_title":"OTWORNICA KORONKA DO BETONU MURU WIERT\u0141O 105mm - BOBIMARKET.pl - Remontuj i urz\u0105dzaj z nami","og_description":"KORONKA WIERTNICZA DO BETONU POD PUSZK\u0118 105mm Dane techniczne: \u015arednica: 105 mm Materia\u0142: stal\/widi Typ mocowania: SDS Plus Rozmiar gwintu \u0142\u0105cz\u0105cego: gwint M22 Solidna koronka wiertnicza z widi\u0105. Metalowa cz\u0119\u015b\u0107 konstrukcyjna\u00a0 zosta\u0142a wykonana ze stali. Natomiast wieniec z\u0119baty powsta\u0142 z wysoce wytrzyma\u0142ego w\u0119glika spiekanego. Spirala odprowadzaj\u0105ca odwierciny w po\u0142\u0105czeniu z 2 otworami wentyluj\u0105cymi zwi\u0119ksza wydajno\u015b\u0107     Czytaj wi\u0119cej \"OTWORNICA KORONKA DO BETONU MURU WIERT\u0141O 105mm\"","og_url":"https:\/\/bobimarket.pl\/index.php\/produkt\/otwornica-koronka-do-betonu-muru-wiertlo-105mm\/","og_site_name":"BOBIMARKET.pl - Remontuj i urz\u0105dzaj z nami","article_modified_time":"2025-02-27T13:53:16+00:00","og_image":[{"url":"https:\/\/upload.cdn.baselinker.com\/products\/14476\/1e7b968dc91d36049ed15c72250e0a82.jpg"}],"twitter_card":"summary_large_image","twitter_misc":{"Szacowany czas czytania":"1 minuta"},"schema":{"@context":"https:\/\/schema.org","@graph":[{"@type":"WebPage","@id":"https:\/\/bobimarket.pl\/index.php\/produkt\/otwornica-koronka-do-betonu-muru-wiertlo-105mm\/","url":"https:\/\/bobimarket.pl\/index.php\/produkt\/otwornica-koronka-do-betonu-muru-wiertlo-105mm\/","name":"OTWORNICA KORONKA DO BETONU MURU WIERT\u0141O 105mm - BOBIMARKET.pl - Remontuj i urz\u0105dzaj z nami","isPartOf":{"@id":"https:\/\/bobimarket.pl\/#website"},"datePublished":"2023-08-29T18:10:50+00:00","dateModified":"2025-02-27T13:53:16+00:00","breadcrumb":{"@id":"https:\/\/bobimarket.pl\/index.php\/produkt\/otwornica-koronka-do-betonu-muru-wiertlo-105mm\/#breadcrumb"},"inLanguage":"pl-PL","potentialAction":[{"@type":"ReadAction","target":["https:\/\/bobimarket.pl\/index.php\/produkt\/otwornica-koronka-do-betonu-muru-wiertlo-105mm\/"]}]},{"@type":"BreadcrumbList","@id":"https:\/\/bobimarket.pl\/index.php\/produkt\/otwornica-koronka-do-betonu-muru-wiertlo-105mm\/#breadcrumb","itemListElement":[{"@type":"ListItem","position":1,"name":"Strona g\u0142\u00f3wna","item":"https:\/\/bobimarket.pl\/"},{"@type":"ListItem","position":2,"name":"Sklep","item":"https:\/\/bobimarket.pl\/index.php\/shop\/"},{"@type":"ListItem","position":3,"name":"OTWORNICA KORONKA DO BETONU MURU WIERT\u0141O 105mm"}]},{"@type":"WebSite","@id":"https:\/\/bobimarket.pl\/#website","url":"https:\/\/bobimarket.pl\/","name":"BOBIMARKET.pl - Remontuj i urz\u0105dzaj z nami","description":"Remontuj i urz\u0105dzaj z nami","publisher":{"@id":"https:\/\/bobimarket.pl\/#organization"},"potentialAction":[{"@type":"SearchAction","target":{"@type":"EntryPoint","urlTemplate":"https:\/\/bobimarket.pl\/?s={search_term_string}"},"query-input":"required name=search_term_string"}],"inLanguage":"pl-PL"},{"@type":"Organization","@id":"https:\/\/bobimarket.pl\/#organization","name":"BOBIMARKET.pl","url":"https:\/\/bobimarket.pl\/","logo":{"@type":"ImageObject","inLanguage":"pl-PL","@id":"https:\/\/bobimarket.pl\/#\/schema\/logo\/image\/","url":"https:\/\/bobimarket.pl\/wp-content\/uploads\/2021\/11\/slogan.png","contentUrl":"https:\/\/bobimarket.pl\/wp-content\/uploads\/2021\/11\/slogan.png","width":2000,"height":384,"caption":"BOBIMARKET.pl"},"image":{"@id":"https:\/\/bobimarket.pl\/#\/schema\/logo\/image\/"}}]}},"_links":{"self":[{"href":"https:\/\/bobimarket.pl\/index.php\/wp-json\/wp\/v2\/product\/82527"}],"collection":[{"href":"https:\/\/bobimarket.pl\/index.php\/wp-json\/wp\/v2\/product"}],"about":[{"href":"https:\/\/bobimarket.pl\/index.php\/wp-json\/wp\/v2\/types\/product"}],"wp:featuredmedia":[{"embeddable":true,"href":"https:\/\/bobimarket.pl\/index.php\/wp-json\/wp\/v2\/media\/82520"}],"wp:attachment":[{"href":"https:\/\/bobimarket.pl\/index.php\/wp-json\/wp\/v2\/media?parent=82527"}],"wp:term":[{"taxonomy":"product_cat","embeddable":true,"href":"https:\/\/bobimarket.pl\/index.php\/wp-json\/wp\/v2\/product_cat?post=82527"},{"taxonomy":"product_tag","embeddable":true,"href":"https:\/\/bobimarket.pl\/index.php\/wp-json\/wp\/v2\/product_tag?post=82527"}],"curies":[{"name":"wp","href":"https:\/\/api.w.org\/{rel}","templated":true}]}}