{"id":82542,"date":"2023-08-29T18:12:03","date_gmt":"2023-08-29T18:12:03","guid":{"rendered":"https:\/\/bobimarket.pl\/index.php\/produkt\/klej-do-pistoletu-na-goraco-fluorescencyjny-5szt\/"},"modified":"2025-02-27T13:53:28","modified_gmt":"2025-02-27T13:53:28","slug":"klej-do-pistoletu-na-goraco-fluorescencyjny-5szt","status":"publish","type":"product","link":"https:\/\/bobimarket.pl\/index.php\/produkt\/klej-do-pistoletu-na-goraco-fluorescencyjny-5szt\/","title":{"rendered":"KLEJ DO PISTOLETU NA GOR\u0104CO FLUORESCENCYJNY 5SZT"},"content":{"rendered":"<section class=\"section\">\n<div class=\"item item-12\">\n<section class=\"text-item\">\n<h2>KLEJ\u00a0 DO PISTOLETU NA GOR\u0104CO FLUORESCENCYJNY 5SZT<\/h2>\n<p>Dane techniczne:<\/p>\n<ul>\n<li>\u015arednica:<b> 11,2 mm<\/b><\/li>\n<li>D\u0142ugo\u015b\u0107:<b> 200 mm<\/b><\/li>\n<li>Temperatura pracy: <b>160-190\u00b0<\/b><\/li>\n<li>Temperatura topnienia:<b> 80\u00b0C<\/b><\/li>\n<li>Czas wi\u0105zania:<b> 45 s<\/b><\/li>\n<li><b>Zestaw zawiera 5 szt. <\/b><\/li>\n<\/ul>\n<\/section><\/div>\n<\/section>\n<section class=\"section\">\n<div class=\"item item-12\">\n<section class=\"image-item\">\n            <img decoding=\"async\" src=\"https:\/\/upload.cdn.baselinker.com\/products\/14476\/b7a8a693ec976de5cd4e1806729b4edb.jpg\" \/><br \/>\n        <\/section>\n<\/p><\/div>\n<\/section>\n<section class=\"section\">\n<div class=\"item item-12\">\n<section class=\"text-item\">\n<p><b>Zamie\u0144 klasyczny bezbarwny klej do pistoletu na gor\u0105co na fluorescencyjny wk\u0142ad! <\/b><\/p>\n<p>Wysokiej jako\u015b\u0107i <b>fluorescencyjny <\/b>klej do pistoletu na gor\u0105co. <b>Pi\u0119knie \u015bwiec\u0105cy <\/b>si\u0119 wk\u0142ady doskonale nadaj\u0105 si\u0119 do kreatywnego wykorzystania. \u00a0<\/p>\n<ul>\n<li>Mo\u017cesz wykorzysta\u0107 go do dekorowania ramek, tworzenia r\u00f3\u017cnego rodzaju ozd\u00f3b czy kolorowych naklejek na szkle.<\/li>\n<\/ul>\n<\/section><\/div>\n<\/section>\n<section class=\"section\">\n<div class=\"item item-12\">\n<section class=\"image-item\">\n            <img decoding=\"async\" src=\"https:\/\/upload.cdn.baselinker.com\/products\/14476\/88632cb749928549c845c713cd896d61.jpg\" \/><br \/>\n        <\/section>\n<\/p><\/div>\n<\/section>\n<section class=\"section\">\n<div class=\"item item-12\">\n<section class=\"text-item\">\n<p><b>\u2705 Zastosowanie:<\/b><\/p>\n<p>Przeznaczony do aplikacji na gor\u0105co przy u\u017cyciu pistoletu do kleju. Opr\u00f3cz tego, \u017ce spe\u0142nia swoj\u0105 podstawow\u0105 funkcj\u0119, to jeszcze \u0142adnie si\u0119 prezentuje i mo\u017ce sta\u0107 si\u0119 dodatkowym elementem dekoracyjnym Twoich prac.<\/p>\n<ul>\n<li>Dzi\u0119ki szybkiemu wi\u0105zaniu praca nie wymaga du\u017cego nak\u0142adu czasu.<\/li>\n<\/ul>\n<ul>\n<li>Do tworzenia oryginalnych i kreatywnych prac, ale i drobnych napraw.<\/li>\n<\/ul>\n<\/section><\/div>\n<\/section>\n","protected":false},"excerpt":{"rendered":"<p>KLEJ\u00a0 DO PISTOLETU NA GOR\u0104CO FLUORESCENCYJNY 5SZT Dane techniczne: \u015arednica: 11,2 mm D\u0142ugo\u015b\u0107: 200 mm Temperatura pracy: 160-190\u00b0 Temperatura topnienia: 80\u00b0C Czas wi\u0105zania: 45 s Zestaw zawiera 5 szt. Zamie\u0144 klasyczny bezbarwny klej do pistoletu na gor\u0105co na fluorescencyjny wk\u0142ad! Wysokiej jako\u015b\u0107i fluorescencyjny klej do pistoletu na gor\u0105co. Pi\u0119knie \u015bwiec\u0105cy si\u0119 wk\u0142ady doskonale nadaj\u0105 si\u0119<br \/><a class=\"more-link\" href=\"https:\/\/bobimarket.pl\/index.php\/produkt\/klej-do-pistoletu-na-goraco-fluorescencyjny-5szt\/\"><br \/>\n        Czytaj wi\u0119cej<span class=\"screen-reader-text\"> &#8222;KLEJ DO PISTOLETU NA GOR\u0104CO FLUORESCENCYJNY 5SZT&#8221;<\/span><\/a><\/p>\n","protected":false},"featured_media":82539,"template":"","meta":[],"product_cat":[8214],"product_tag":[],"yoast_head":"<!-- This site is optimized with the Yoast SEO plugin v21.0 - https:\/\/yoast.com\/wordpress\/plugins\/seo\/ -->\n<title>KLEJ DO PISTOLETU NA GOR\u0104CO FLUORESCENCYJNY 5SZT - BOBIMARKET.pl - Remontuj i urz\u0105dzaj z nami<\/title>\n<meta name=\"robots\" content=\"index, follow, max-snippet:-1, max-image-preview:large, max-video-preview:-1\" \/>\n<link rel=\"canonical\" href=\"https:\/\/bobimarket.pl\/index.php\/produkt\/klej-do-pistoletu-na-goraco-fluorescencyjny-5szt\/\" \/>\n<meta property=\"og:locale\" content=\"pl_PL\" \/>\n<meta property=\"og:type\" content=\"article\" \/>\n<meta property=\"og:title\" content=\"KLEJ DO PISTOLETU NA GOR\u0104CO FLUORESCENCYJNY 5SZT - BOBIMARKET.pl - Remontuj i urz\u0105dzaj z nami\" \/>\n<meta property=\"og:description\" content=\"KLEJ\u00a0 DO PISTOLETU NA GOR\u0104CO FLUORESCENCYJNY 5SZT Dane techniczne: \u015arednica: 11,2 mm D\u0142ugo\u015b\u0107: 200 mm Temperatura pracy: 160-190\u00b0 Temperatura topnienia: 80\u00b0C Czas wi\u0105zania: 45 s Zestaw zawiera 5 szt. Zamie\u0144 klasyczny bezbarwny klej do pistoletu na gor\u0105co na fluorescencyjny wk\u0142ad! Wysokiej jako\u015b\u0107i fluorescencyjny klej do pistoletu na gor\u0105co. Pi\u0119knie \u015bwiec\u0105cy si\u0119 wk\u0142ady doskonale nadaj\u0105 si\u0119     Czytaj wi\u0119cej &quot;KLEJ DO PISTOLETU NA GOR\u0104CO FLUORESCENCYJNY 5SZT&quot;\" \/>\n<meta property=\"og:url\" content=\"https:\/\/bobimarket.pl\/index.php\/produkt\/klej-do-pistoletu-na-goraco-fluorescencyjny-5szt\/\" \/>\n<meta property=\"og:site_name\" content=\"BOBIMARKET.pl - Remontuj i urz\u0105dzaj z nami\" \/>\n<meta property=\"article:modified_time\" content=\"2025-02-27T13:53:28+00:00\" \/>\n<meta property=\"og:image\" content=\"https:\/\/upload.cdn.baselinker.com\/products\/14476\/b7a8a693ec976de5cd4e1806729b4edb.jpg\" \/>\n<meta name=\"twitter:card\" content=\"summary_large_image\" \/>\n<meta name=\"twitter:label1\" content=\"Szacowany czas czytania\" \/>\n\t<meta name=\"twitter:data1\" content=\"1 minuta\" \/>\n<script type=\"application\/ld+json\" class=\"yoast-schema-graph\">{\"@context\":\"https:\/\/schema.org\",\"@graph\":[{\"@type\":\"WebPage\",\"@id\":\"https:\/\/bobimarket.pl\/index.php\/produkt\/klej-do-pistoletu-na-goraco-fluorescencyjny-5szt\/\",\"url\":\"https:\/\/bobimarket.pl\/index.php\/produkt\/klej-do-pistoletu-na-goraco-fluorescencyjny-5szt\/\",\"name\":\"KLEJ DO PISTOLETU NA GOR\u0104CO FLUORESCENCYJNY 5SZT - BOBIMARKET.pl - Remontuj i urz\u0105dzaj z nami\",\"isPartOf\":{\"@id\":\"https:\/\/bobimarket.pl\/#website\"},\"datePublished\":\"2023-08-29T18:12:03+00:00\",\"dateModified\":\"2025-02-27T13:53:28+00:00\",\"breadcrumb\":{\"@id\":\"https:\/\/bobimarket.pl\/index.php\/produkt\/klej-do-pistoletu-na-goraco-fluorescencyjny-5szt\/#breadcrumb\"},\"inLanguage\":\"pl-PL\",\"potentialAction\":[{\"@type\":\"ReadAction\",\"target\":[\"https:\/\/bobimarket.pl\/index.php\/produkt\/klej-do-pistoletu-na-goraco-fluorescencyjny-5szt\/\"]}]},{\"@type\":\"BreadcrumbList\",\"@id\":\"https:\/\/bobimarket.pl\/index.php\/produkt\/klej-do-pistoletu-na-goraco-fluorescencyjny-5szt\/#breadcrumb\",\"itemListElement\":[{\"@type\":\"ListItem\",\"position\":1,\"name\":\"Strona g\u0142\u00f3wna\",\"item\":\"https:\/\/bobimarket.pl\/\"},{\"@type\":\"ListItem\",\"position\":2,\"name\":\"Sklep\",\"item\":\"https:\/\/bobimarket.pl\/index.php\/shop\/\"},{\"@type\":\"ListItem\",\"position\":3,\"name\":\"KLEJ DO PISTOLETU NA GOR\u0104CO FLUORESCENCYJNY 5SZT\"}]},{\"@type\":\"WebSite\",\"@id\":\"https:\/\/bobimarket.pl\/#website\",\"url\":\"https:\/\/bobimarket.pl\/\",\"name\":\"BOBIMARKET.pl - Remontuj i urz\u0105dzaj z nami\",\"description\":\"Remontuj i urz\u0105dzaj z nami\",\"publisher\":{\"@id\":\"https:\/\/bobimarket.pl\/#organization\"},\"potentialAction\":[{\"@type\":\"SearchAction\",\"target\":{\"@type\":\"EntryPoint\",\"urlTemplate\":\"https:\/\/bobimarket.pl\/?s={search_term_string}\"},\"query-input\":\"required name=search_term_string\"}],\"inLanguage\":\"pl-PL\"},{\"@type\":\"Organization\",\"@id\":\"https:\/\/bobimarket.pl\/#organization\",\"name\":\"BOBIMARKET.pl\",\"url\":\"https:\/\/bobimarket.pl\/\",\"logo\":{\"@type\":\"ImageObject\",\"inLanguage\":\"pl-PL\",\"@id\":\"https:\/\/bobimarket.pl\/#\/schema\/logo\/image\/\",\"url\":\"https:\/\/bobimarket.pl\/wp-content\/uploads\/2021\/11\/slogan.png\",\"contentUrl\":\"https:\/\/bobimarket.pl\/wp-content\/uploads\/2021\/11\/slogan.png\",\"width\":2000,\"height\":384,\"caption\":\"BOBIMARKET.pl\"},\"image\":{\"@id\":\"https:\/\/bobimarket.pl\/#\/schema\/logo\/image\/\"}}]}<\/script>\n<!-- \/ Yoast SEO plugin. -->","yoast_head_json":{"title":"KLEJ DO PISTOLETU NA GOR\u0104CO FLUORESCENCYJNY 5SZT - BOBIMARKET.pl - Remontuj i urz\u0105dzaj z nami","robots":{"index":"index","follow":"follow","max-snippet":"max-snippet:-1","max-image-preview":"max-image-preview:large","max-video-preview":"max-video-preview:-1"},"canonical":"https:\/\/bobimarket.pl\/index.php\/produkt\/klej-do-pistoletu-na-goraco-fluorescencyjny-5szt\/","og_locale":"pl_PL","og_type":"article","og_title":"KLEJ DO PISTOLETU NA GOR\u0104CO FLUORESCENCYJNY 5SZT - BOBIMARKET.pl - Remontuj i urz\u0105dzaj z nami","og_description":"KLEJ\u00a0 DO PISTOLETU NA GOR\u0104CO FLUORESCENCYJNY 5SZT Dane techniczne: \u015arednica: 11,2 mm D\u0142ugo\u015b\u0107: 200 mm Temperatura pracy: 160-190\u00b0 Temperatura topnienia: 80\u00b0C Czas wi\u0105zania: 45 s Zestaw zawiera 5 szt. Zamie\u0144 klasyczny bezbarwny klej do pistoletu na gor\u0105co na fluorescencyjny wk\u0142ad! Wysokiej jako\u015b\u0107i fluorescencyjny klej do pistoletu na gor\u0105co. Pi\u0119knie \u015bwiec\u0105cy si\u0119 wk\u0142ady doskonale nadaj\u0105 si\u0119     Czytaj wi\u0119cej \"KLEJ DO PISTOLETU NA GOR\u0104CO FLUORESCENCYJNY 5SZT\"","og_url":"https:\/\/bobimarket.pl\/index.php\/produkt\/klej-do-pistoletu-na-goraco-fluorescencyjny-5szt\/","og_site_name":"BOBIMARKET.pl - Remontuj i urz\u0105dzaj z nami","article_modified_time":"2025-02-27T13:53:28+00:00","og_image":[{"url":"https:\/\/upload.cdn.baselinker.com\/products\/14476\/b7a8a693ec976de5cd4e1806729b4edb.jpg"}],"twitter_card":"summary_large_image","twitter_misc":{"Szacowany czas czytania":"1 minuta"},"schema":{"@context":"https:\/\/schema.org","@graph":[{"@type":"WebPage","@id":"https:\/\/bobimarket.pl\/index.php\/produkt\/klej-do-pistoletu-na-goraco-fluorescencyjny-5szt\/","url":"https:\/\/bobimarket.pl\/index.php\/produkt\/klej-do-pistoletu-na-goraco-fluorescencyjny-5szt\/","name":"KLEJ DO PISTOLETU NA GOR\u0104CO FLUORESCENCYJNY 5SZT - BOBIMARKET.pl - Remontuj i urz\u0105dzaj z nami","isPartOf":{"@id":"https:\/\/bobimarket.pl\/#website"},"datePublished":"2023-08-29T18:12:03+00:00","dateModified":"2025-02-27T13:53:28+00:00","breadcrumb":{"@id":"https:\/\/bobimarket.pl\/index.php\/produkt\/klej-do-pistoletu-na-goraco-fluorescencyjny-5szt\/#breadcrumb"},"inLanguage":"pl-PL","potentialAction":[{"@type":"ReadAction","target":["https:\/\/bobimarket.pl\/index.php\/produkt\/klej-do-pistoletu-na-goraco-fluorescencyjny-5szt\/"]}]},{"@type":"BreadcrumbList","@id":"https:\/\/bobimarket.pl\/index.php\/produkt\/klej-do-pistoletu-na-goraco-fluorescencyjny-5szt\/#breadcrumb","itemListElement":[{"@type":"ListItem","position":1,"name":"Strona g\u0142\u00f3wna","item":"https:\/\/bobimarket.pl\/"},{"@type":"ListItem","position":2,"name":"Sklep","item":"https:\/\/bobimarket.pl\/index.php\/shop\/"},{"@type":"ListItem","position":3,"name":"KLEJ DO PISTOLETU NA GOR\u0104CO FLUORESCENCYJNY 5SZT"}]},{"@type":"WebSite","@id":"https:\/\/bobimarket.pl\/#website","url":"https:\/\/bobimarket.pl\/","name":"BOBIMARKET.pl - Remontuj i urz\u0105dzaj z nami","description":"Remontuj i urz\u0105dzaj z nami","publisher":{"@id":"https:\/\/bobimarket.pl\/#organization"},"potentialAction":[{"@type":"SearchAction","target":{"@type":"EntryPoint","urlTemplate":"https:\/\/bobimarket.pl\/?s={search_term_string}"},"query-input":"required name=search_term_string"}],"inLanguage":"pl-PL"},{"@type":"Organization","@id":"https:\/\/bobimarket.pl\/#organization","name":"BOBIMARKET.pl","url":"https:\/\/bobimarket.pl\/","logo":{"@type":"ImageObject","inLanguage":"pl-PL","@id":"https:\/\/bobimarket.pl\/#\/schema\/logo\/image\/","url":"https:\/\/bobimarket.pl\/wp-content\/uploads\/2021\/11\/slogan.png","contentUrl":"https:\/\/bobimarket.pl\/wp-content\/uploads\/2021\/11\/slogan.png","width":2000,"height":384,"caption":"BOBIMARKET.pl"},"image":{"@id":"https:\/\/bobimarket.pl\/#\/schema\/logo\/image\/"}}]}},"_links":{"self":[{"href":"https:\/\/bobimarket.pl\/index.php\/wp-json\/wp\/v2\/product\/82542"}],"collection":[{"href":"https:\/\/bobimarket.pl\/index.php\/wp-json\/wp\/v2\/product"}],"about":[{"href":"https:\/\/bobimarket.pl\/index.php\/wp-json\/wp\/v2\/types\/product"}],"wp:featuredmedia":[{"embeddable":true,"href":"https:\/\/bobimarket.pl\/index.php\/wp-json\/wp\/v2\/media\/82539"}],"wp:attachment":[{"href":"https:\/\/bobimarket.pl\/index.php\/wp-json\/wp\/v2\/media?parent=82542"}],"wp:term":[{"taxonomy":"product_cat","embeddable":true,"href":"https:\/\/bobimarket.pl\/index.php\/wp-json\/wp\/v2\/product_cat?post=82542"},{"taxonomy":"product_tag","embeddable":true,"href":"https:\/\/bobimarket.pl\/index.php\/wp-json\/wp\/v2\/product_tag?post=82542"}],"curies":[{"name":"wp","href":"https:\/\/api.w.org\/{rel}","templated":true}]}}