{"id":82578,"date":"2023-08-29T18:15:19","date_gmt":"2023-08-29T18:15:19","guid":{"rendered":"https:\/\/bobimarket.pl\/index.php\/produkt\/adapter-do-wiercenia-w-plytkach-szablon-przyssawka\/"},"modified":"2025-02-27T13:53:55","modified_gmt":"2025-02-27T13:53:55","slug":"adapter-do-wiercenia-w-plytkach-szablon-przyssawka","status":"publish","type":"product","link":"https:\/\/bobimarket.pl\/index.php\/produkt\/adapter-do-wiercenia-w-plytkach-szablon-przyssawka\/","title":{"rendered":"ADAPTER DO WIERCENIA W P\u0141YTKACH SZABLON PRZYSSAWKA"},"content":{"rendered":"<section class=\"section\">\n<div class=\"item item-6\">\n<section class=\"image-item\">\n                <img decoding=\"async\" src=\"https:\/\/upload.cdn.baselinker.com\/products\/14476\/1fd10781f27fc8671d3efa5f85ec8109.jpg\" \/><br \/>\n            <\/section>\n<\/p><\/div>\n<div class=\"item item-6\">\n<section class=\"text-item\">\n<h2>ADAPTER DO WIERCENIA W P\u0141YTKACH SZABLON PRZYSSAWKA<\/h2>\n<p><b>Dane techniczne:<\/b><\/p>\n<ul>\n<li>\u015arednica prowadnicy: <b>109mm,<\/b><\/li>\n<li>Otwory:<b> 4, 5, 6, 6.5, 8, 10, 12, 13mm\u00a0<\/b><\/li>\n<li>Przyssawk:<b> 61mm<\/b><\/li>\n<\/ul>\n<\/section><\/div>\n<\/section>\n<section class=\"section\">\n<div class=\"item item-6\">\n<section class=\"image-item\">\n                <img decoding=\"async\" src=\"https:\/\/upload.cdn.baselinker.com\/products\/14476\/c78d6955f2b81c1779a0eacf60a79851.jpg\" \/><br \/>\n            <\/section>\n<\/p><\/div>\n<div class=\"item item-6\">\n<section class=\"text-item\">\n<p><b>Przydatny element wyposa\u017cenia skrzynki narz\u0119dziowej!<\/b><\/p>\n<p>Adapter u\u0142atwai wiercenie w p\u0142ytkach, glazurze itp.. Gumowa przyssawka umo\u017cliwia pewny monta\u017c narz\u0119dzia na szklanych lub \u015bliskich powierzchniach.<\/p>\n<p><b>Przyssawka posiada 8 otwor\u00f3w r\u00f3\u017cnej \u015brednicy. Wymiary otwor\u00f3w:<\/b><\/p>\n<ul>\n<li>4 mm<\/li>\n<li>5 mm<\/li>\n<li>6 mm<\/li>\n<li>6.5 mm<\/li>\n<li>8 mm<\/li>\n<li>10 mm<\/li>\n<li>12 mm<\/li>\n<li>13 mm<\/li>\n<\/ul>\n<\/section><\/div>\n<\/section>\n<section class=\"section\">\n<div class=\"item item-6\">\n<section class=\"image-item\">\n                <img decoding=\"async\" src=\"https:\/\/upload.cdn.baselinker.com\/products\/14476\/8655d83e9ea603f6a6b397c1fddb3ef8.jpg\" \/><br \/>\n            <\/section>\n<\/p><\/div>\n<div class=\"item item-6\">\n<section class=\"text-item\">\n<p><b>\u2705 Zastosowanie:<\/b><\/p>\n<p>Adapter do wiercenia umo\u017cliwia <b>precyzyjne wykonywanie otwor\u00f3w<\/b> poprzez stabilizacj\u0119 ostrze wiert\u0142a w wybranym miejscu.<\/p>\n<ul>\n<li>Mo\u017cliwo\u015b\u0107 pod\u0142\u0105czenia ch\u0142odzenia.<\/li>\n<li>Praktyczny, 8 otwor\u00f3w o r\u00f3\u017cnych \u015brednicach.<\/li>\n<li>Przyssawka umo\u017cliwia pewny monta\u017c.<\/li>\n<\/ul>\n<\/section><\/div>\n<\/section>\n","protected":false},"excerpt":{"rendered":"<p>ADAPTER DO WIERCENIA W P\u0141YTKACH SZABLON PRZYSSAWKA Dane techniczne: \u015arednica prowadnicy: 109mm, Otwory: 4, 5, 6, 6.5, 8, 10, 12, 13mm\u00a0 Przyssawk: 61mm Przydatny element wyposa\u017cenia skrzynki narz\u0119dziowej! Adapter u\u0142atwai wiercenie w p\u0142ytkach, glazurze itp.. Gumowa przyssawka umo\u017cliwia pewny monta\u017c narz\u0119dzia na szklanych lub \u015bliskich powierzchniach. Przyssawka posiada 8 otwor\u00f3w r\u00f3\u017cnej \u015brednicy. Wymiary otwor\u00f3w: 4<br \/><a class=\"more-link\" href=\"https:\/\/bobimarket.pl\/index.php\/produkt\/adapter-do-wiercenia-w-plytkach-szablon-przyssawka\/\"><br \/>\n        Czytaj wi\u0119cej<span class=\"screen-reader-text\"> &#8222;ADAPTER DO WIERCENIA W P\u0141YTKACH SZABLON PRZYSSAWKA&#8221;<\/span><\/a><\/p>\n","protected":false},"featured_media":82573,"template":"","meta":[],"product_cat":[8210],"product_tag":[],"yoast_head":"<!-- This site is optimized with the Yoast SEO plugin v21.0 - https:\/\/yoast.com\/wordpress\/plugins\/seo\/ -->\n<title>ADAPTER DO WIERCENIA W P\u0141YTKACH SZABLON PRZYSSAWKA - BOBIMARKET.pl - Remontuj i urz\u0105dzaj z nami<\/title>\n<meta name=\"robots\" content=\"index, follow, max-snippet:-1, max-image-preview:large, max-video-preview:-1\" \/>\n<link rel=\"canonical\" href=\"https:\/\/bobimarket.pl\/index.php\/produkt\/adapter-do-wiercenia-w-plytkach-szablon-przyssawka\/\" \/>\n<meta property=\"og:locale\" content=\"pl_PL\" \/>\n<meta property=\"og:type\" content=\"article\" \/>\n<meta property=\"og:title\" content=\"ADAPTER DO WIERCENIA W P\u0141YTKACH SZABLON PRZYSSAWKA - BOBIMARKET.pl - Remontuj i urz\u0105dzaj z nami\" \/>\n<meta property=\"og:description\" content=\"ADAPTER DO WIERCENIA W P\u0141YTKACH SZABLON PRZYSSAWKA Dane techniczne: \u015arednica prowadnicy: 109mm, Otwory: 4, 5, 6, 6.5, 8, 10, 12, 13mm\u00a0 Przyssawk: 61mm Przydatny element wyposa\u017cenia skrzynki narz\u0119dziowej! Adapter u\u0142atwai wiercenie w p\u0142ytkach, glazurze itp.. Gumowa przyssawka umo\u017cliwia pewny monta\u017c narz\u0119dzia na szklanych lub \u015bliskich powierzchniach. Przyssawka posiada 8 otwor\u00f3w r\u00f3\u017cnej \u015brednicy. Wymiary otwor\u00f3w: 4     Czytaj wi\u0119cej &quot;ADAPTER DO WIERCENIA W P\u0141YTKACH SZABLON PRZYSSAWKA&quot;\" \/>\n<meta property=\"og:url\" content=\"https:\/\/bobimarket.pl\/index.php\/produkt\/adapter-do-wiercenia-w-plytkach-szablon-przyssawka\/\" \/>\n<meta property=\"og:site_name\" content=\"BOBIMARKET.pl - Remontuj i urz\u0105dzaj z nami\" \/>\n<meta property=\"article:modified_time\" content=\"2025-02-27T13:53:55+00:00\" \/>\n<meta property=\"og:image\" content=\"https:\/\/upload.cdn.baselinker.com\/products\/14476\/1fd10781f27fc8671d3efa5f85ec8109.jpg\" \/>\n<meta name=\"twitter:card\" content=\"summary_large_image\" \/>\n<script type=\"application\/ld+json\" class=\"yoast-schema-graph\">{\"@context\":\"https:\/\/schema.org\",\"@graph\":[{\"@type\":\"WebPage\",\"@id\":\"https:\/\/bobimarket.pl\/index.php\/produkt\/adapter-do-wiercenia-w-plytkach-szablon-przyssawka\/\",\"url\":\"https:\/\/bobimarket.pl\/index.php\/produkt\/adapter-do-wiercenia-w-plytkach-szablon-przyssawka\/\",\"name\":\"ADAPTER DO WIERCENIA W P\u0141YTKACH SZABLON PRZYSSAWKA - BOBIMARKET.pl - Remontuj i urz\u0105dzaj z nami\",\"isPartOf\":{\"@id\":\"https:\/\/bobimarket.pl\/#website\"},\"datePublished\":\"2023-08-29T18:15:19+00:00\",\"dateModified\":\"2025-02-27T13:53:55+00:00\",\"breadcrumb\":{\"@id\":\"https:\/\/bobimarket.pl\/index.php\/produkt\/adapter-do-wiercenia-w-plytkach-szablon-przyssawka\/#breadcrumb\"},\"inLanguage\":\"pl-PL\",\"potentialAction\":[{\"@type\":\"ReadAction\",\"target\":[\"https:\/\/bobimarket.pl\/index.php\/produkt\/adapter-do-wiercenia-w-plytkach-szablon-przyssawka\/\"]}]},{\"@type\":\"BreadcrumbList\",\"@id\":\"https:\/\/bobimarket.pl\/index.php\/produkt\/adapter-do-wiercenia-w-plytkach-szablon-przyssawka\/#breadcrumb\",\"itemListElement\":[{\"@type\":\"ListItem\",\"position\":1,\"name\":\"Strona g\u0142\u00f3wna\",\"item\":\"https:\/\/bobimarket.pl\/\"},{\"@type\":\"ListItem\",\"position\":2,\"name\":\"Sklep\",\"item\":\"https:\/\/bobimarket.pl\/index.php\/shop\/\"},{\"@type\":\"ListItem\",\"position\":3,\"name\":\"ADAPTER DO WIERCENIA W P\u0141YTKACH SZABLON PRZYSSAWKA\"}]},{\"@type\":\"WebSite\",\"@id\":\"https:\/\/bobimarket.pl\/#website\",\"url\":\"https:\/\/bobimarket.pl\/\",\"name\":\"BOBIMARKET.pl - Remontuj i urz\u0105dzaj z nami\",\"description\":\"Remontuj i urz\u0105dzaj z nami\",\"publisher\":{\"@id\":\"https:\/\/bobimarket.pl\/#organization\"},\"potentialAction\":[{\"@type\":\"SearchAction\",\"target\":{\"@type\":\"EntryPoint\",\"urlTemplate\":\"https:\/\/bobimarket.pl\/?s={search_term_string}\"},\"query-input\":\"required name=search_term_string\"}],\"inLanguage\":\"pl-PL\"},{\"@type\":\"Organization\",\"@id\":\"https:\/\/bobimarket.pl\/#organization\",\"name\":\"BOBIMARKET.pl\",\"url\":\"https:\/\/bobimarket.pl\/\",\"logo\":{\"@type\":\"ImageObject\",\"inLanguage\":\"pl-PL\",\"@id\":\"https:\/\/bobimarket.pl\/#\/schema\/logo\/image\/\",\"url\":\"https:\/\/bobimarket.pl\/wp-content\/uploads\/2021\/11\/slogan.png\",\"contentUrl\":\"https:\/\/bobimarket.pl\/wp-content\/uploads\/2021\/11\/slogan.png\",\"width\":2000,\"height\":384,\"caption\":\"BOBIMARKET.pl\"},\"image\":{\"@id\":\"https:\/\/bobimarket.pl\/#\/schema\/logo\/image\/\"}}]}<\/script>\n<!-- \/ Yoast SEO plugin. -->","yoast_head_json":{"title":"ADAPTER DO WIERCENIA W P\u0141YTKACH SZABLON PRZYSSAWKA - BOBIMARKET.pl - Remontuj i urz\u0105dzaj z nami","robots":{"index":"index","follow":"follow","max-snippet":"max-snippet:-1","max-image-preview":"max-image-preview:large","max-video-preview":"max-video-preview:-1"},"canonical":"https:\/\/bobimarket.pl\/index.php\/produkt\/adapter-do-wiercenia-w-plytkach-szablon-przyssawka\/","og_locale":"pl_PL","og_type":"article","og_title":"ADAPTER DO WIERCENIA W P\u0141YTKACH SZABLON PRZYSSAWKA - BOBIMARKET.pl - Remontuj i urz\u0105dzaj z nami","og_description":"ADAPTER DO WIERCENIA W P\u0141YTKACH SZABLON PRZYSSAWKA Dane techniczne: \u015arednica prowadnicy: 109mm, Otwory: 4, 5, 6, 6.5, 8, 10, 12, 13mm\u00a0 Przyssawk: 61mm Przydatny element wyposa\u017cenia skrzynki narz\u0119dziowej! Adapter u\u0142atwai wiercenie w p\u0142ytkach, glazurze itp.. Gumowa przyssawka umo\u017cliwia pewny monta\u017c narz\u0119dzia na szklanych lub \u015bliskich powierzchniach. Przyssawka posiada 8 otwor\u00f3w r\u00f3\u017cnej \u015brednicy. Wymiary otwor\u00f3w: 4     Czytaj wi\u0119cej \"ADAPTER DO WIERCENIA W P\u0141YTKACH SZABLON PRZYSSAWKA\"","og_url":"https:\/\/bobimarket.pl\/index.php\/produkt\/adapter-do-wiercenia-w-plytkach-szablon-przyssawka\/","og_site_name":"BOBIMARKET.pl - Remontuj i urz\u0105dzaj z nami","article_modified_time":"2025-02-27T13:53:55+00:00","og_image":[{"url":"https:\/\/upload.cdn.baselinker.com\/products\/14476\/1fd10781f27fc8671d3efa5f85ec8109.jpg"}],"twitter_card":"summary_large_image","schema":{"@context":"https:\/\/schema.org","@graph":[{"@type":"WebPage","@id":"https:\/\/bobimarket.pl\/index.php\/produkt\/adapter-do-wiercenia-w-plytkach-szablon-przyssawka\/","url":"https:\/\/bobimarket.pl\/index.php\/produkt\/adapter-do-wiercenia-w-plytkach-szablon-przyssawka\/","name":"ADAPTER DO WIERCENIA W P\u0141YTKACH SZABLON PRZYSSAWKA - BOBIMARKET.pl - Remontuj i urz\u0105dzaj z nami","isPartOf":{"@id":"https:\/\/bobimarket.pl\/#website"},"datePublished":"2023-08-29T18:15:19+00:00","dateModified":"2025-02-27T13:53:55+00:00","breadcrumb":{"@id":"https:\/\/bobimarket.pl\/index.php\/produkt\/adapter-do-wiercenia-w-plytkach-szablon-przyssawka\/#breadcrumb"},"inLanguage":"pl-PL","potentialAction":[{"@type":"ReadAction","target":["https:\/\/bobimarket.pl\/index.php\/produkt\/adapter-do-wiercenia-w-plytkach-szablon-przyssawka\/"]}]},{"@type":"BreadcrumbList","@id":"https:\/\/bobimarket.pl\/index.php\/produkt\/adapter-do-wiercenia-w-plytkach-szablon-przyssawka\/#breadcrumb","itemListElement":[{"@type":"ListItem","position":1,"name":"Strona g\u0142\u00f3wna","item":"https:\/\/bobimarket.pl\/"},{"@type":"ListItem","position":2,"name":"Sklep","item":"https:\/\/bobimarket.pl\/index.php\/shop\/"},{"@type":"ListItem","position":3,"name":"ADAPTER DO WIERCENIA W P\u0141YTKACH SZABLON PRZYSSAWKA"}]},{"@type":"WebSite","@id":"https:\/\/bobimarket.pl\/#website","url":"https:\/\/bobimarket.pl\/","name":"BOBIMARKET.pl - Remontuj i urz\u0105dzaj z nami","description":"Remontuj i urz\u0105dzaj z nami","publisher":{"@id":"https:\/\/bobimarket.pl\/#organization"},"potentialAction":[{"@type":"SearchAction","target":{"@type":"EntryPoint","urlTemplate":"https:\/\/bobimarket.pl\/?s={search_term_string}"},"query-input":"required name=search_term_string"}],"inLanguage":"pl-PL"},{"@type":"Organization","@id":"https:\/\/bobimarket.pl\/#organization","name":"BOBIMARKET.pl","url":"https:\/\/bobimarket.pl\/","logo":{"@type":"ImageObject","inLanguage":"pl-PL","@id":"https:\/\/bobimarket.pl\/#\/schema\/logo\/image\/","url":"https:\/\/bobimarket.pl\/wp-content\/uploads\/2021\/11\/slogan.png","contentUrl":"https:\/\/bobimarket.pl\/wp-content\/uploads\/2021\/11\/slogan.png","width":2000,"height":384,"caption":"BOBIMARKET.pl"},"image":{"@id":"https:\/\/bobimarket.pl\/#\/schema\/logo\/image\/"}}]}},"_links":{"self":[{"href":"https:\/\/bobimarket.pl\/index.php\/wp-json\/wp\/v2\/product\/82578"}],"collection":[{"href":"https:\/\/bobimarket.pl\/index.php\/wp-json\/wp\/v2\/product"}],"about":[{"href":"https:\/\/bobimarket.pl\/index.php\/wp-json\/wp\/v2\/types\/product"}],"wp:featuredmedia":[{"embeddable":true,"href":"https:\/\/bobimarket.pl\/index.php\/wp-json\/wp\/v2\/media\/82573"}],"wp:attachment":[{"href":"https:\/\/bobimarket.pl\/index.php\/wp-json\/wp\/v2\/media?parent=82578"}],"wp:term":[{"taxonomy":"product_cat","embeddable":true,"href":"https:\/\/bobimarket.pl\/index.php\/wp-json\/wp\/v2\/product_cat?post=82578"},{"taxonomy":"product_tag","embeddable":true,"href":"https:\/\/bobimarket.pl\/index.php\/wp-json\/wp\/v2\/product_tag?post=82578"}],"curies":[{"name":"wp","href":"https:\/\/api.w.org\/{rel}","templated":true}]}}