{"id":82600,"date":"2023-08-29T18:16:26","date_gmt":"2023-08-29T18:16:26","guid":{"rendered":"https:\/\/bobimarket.pl\/index.php\/produkt\/pierscienie-redukcyjne-redukcja-do-tarcz-4szt\/"},"modified":"2025-02-27T13:54:11","modified_gmt":"2025-02-27T13:54:11","slug":"pierscienie-redukcyjne-redukcja-do-tarcz-4szt","status":"publish","type":"product","link":"https:\/\/bobimarket.pl\/index.php\/produkt\/pierscienie-redukcyjne-redukcja-do-tarcz-4szt\/","title":{"rendered":"PIER\u015aCIENIE REDUKCYJNE REDUKCJA DO TARCZ 4SZT"},"content":{"rendered":"<section class=\"section\">\n<div class=\"item item-6\">\n<section class=\"image-item\">\n            <img decoding=\"async\" src=\"https:\/\/upload.cdn.baselinker.com\/products\/14476\/f4bb28f247fd254701a1ede197bd0441.jpg\" \/><br \/>\n        <\/section>\n<\/p><\/div>\n<div class=\"item item-6\">\n<section class=\"text-item\">\n<h2>PIER\u015aCIENIE REDUKCYJNE REDUKCJA DO TARCZ 4SZT<\/h2>\n<p><b>Dane techniczne:<\/b><\/p>\n<ul>\n<li>Grubo\u015b\u0107 pier\u015bcienia:\u00a0<b>1,2 mm<\/b><\/li>\n<li>Materia\u0142:<b> stal\u00a0<\/b><\/li>\n<li>Rozmiar:\u00a0<b>32-30, 32-25,4, 32-20,\u00a0 32-16\u00a0mm<\/b><\/li>\n<li><b>Zestaw zawiera 4 szt. redukcji.\u00a0<\/b><\/li>\n<\/ul>\n<\/section><\/div>\n<\/section>\n<section class=\"section\">\n<div class=\"item item-6\">\n<section class=\"image-item\">\n            <img decoding=\"async\" src=\"https:\/\/upload.cdn.baselinker.com\/products\/14476\/ace25b90e781b695ce6bcd1e1af292d4.jpg\" \/><br \/>\n        <\/section>\n<\/p><\/div>\n<div class=\"item item-6\">\n<section class=\"text-item\">\n<p><b>Dopasuje tarcz\u0119 do swojego elektronarz\u0119dzia!<\/b><\/p>\n<p>Zestaw 4 szt. pier\u015bcieni redukcyjnych\u00a0o najpopularniejszych \u015brednicach. Wykonane ze stali co b\u0119dzie owocowa\u0142o d\u0142ugim okresem u\u017cytkowania.<\/p>\n<p><b>\u00a0Rozmiary poszczeg\u00f3lnych redukcji:<\/b><\/p>\n<ul>\n<li>32-30 mm<\/li>\n<li>32-25,4 mm<\/li>\n<li>32-20 mm<\/li>\n<li>32-16 mm<\/li>\n<\/ul>\n<p><b>\u2705<\/b><b>\u00a0Zastosowanie:<\/b><\/p>\n<p>Redukcja pomaga w dopasowaniu tarczy do\u00a0 rozmiaru mocowania elektronarz\u0119dzia. R\u00f3\u017cne rozmiary redukcji umo\u017cliwiaj\u0105 dopasowanie ich do w\u0142asnych potrzeb. Zestaw umo\u017cliwia bezpieczne wykonanie zaplanowanych prac.\u00a0<\/p>\n<p>Idealnie sprawdzi si\u0119 zar\u00f3wno u profesjonalist\u00f3w jak i majsterkowicz\u00f3w!\u00a0<\/p>\n<\/section><\/div>\n<\/section>\n<section class=\"section\">\n<div class=\"item item-6\">\n<section class=\"image-item\">\n            <img decoding=\"async\" src=\"https:\/\/upload.cdn.baselinker.com\/products\/14476\/af13a30f2d2458d5d598b27a9ab7553a.jpg\" \/><br \/>\n        <\/section>\n<\/p><\/div>\n<div class=\"item item-6\">\n<section class=\"image-item\">\n            <img decoding=\"async\" src=\"https:\/\/upload.cdn.baselinker.com\/products\/14476\/6a3f2e202b503693a12eff38e444eef0.jpg\" \/><br \/>\n        <\/section>\n<\/p><\/div>\n<\/section>\n<section class=\"section\">\n<div class=\"item item-6\">\n<section class=\"image-item\">\n            <img decoding=\"async\" src=\"https:\/\/upload.cdn.baselinker.com\/products\/14476\/6f3ea1c44079195ec2f4bdd7abaf235a.jpg\" \/><br \/>\n        <\/section>\n<\/p><\/div>\n<div class=\"item item-6\">\n<section class=\"image-item\">\n            <img decoding=\"async\" src=\"https:\/\/upload.cdn.baselinker.com\/products\/14476\/fcba505ef2aa97e8069a591d5e3e6cdc.jpg\" \/><br \/>\n        <\/section>\n<\/p><\/div>\n<\/section>\n","protected":false},"excerpt":{"rendered":"<p>PIER\u015aCIENIE REDUKCYJNE REDUKCJA DO TARCZ 4SZT Dane techniczne: Grubo\u015b\u0107 pier\u015bcienia:\u00a01,2 mm Materia\u0142: stal\u00a0 Rozmiar:\u00a032-30, 32-25,4, 32-20,\u00a0 32-16\u00a0mm Zestaw zawiera 4 szt. redukcji.\u00a0 Dopasuje tarcz\u0119 do swojego elektronarz\u0119dzia! Zestaw 4 szt. pier\u015bcieni redukcyjnych\u00a0o najpopularniejszych \u015brednicach. Wykonane ze stali co b\u0119dzie owocowa\u0142o d\u0142ugim okresem u\u017cytkowania. \u00a0Rozmiary poszczeg\u00f3lnych redukcji: 32-30 mm 32-25,4 mm 32-20 mm 32-16 mm \u2705\u00a0Zastosowanie:<br \/><a class=\"more-link\" href=\"https:\/\/bobimarket.pl\/index.php\/produkt\/pierscienie-redukcyjne-redukcja-do-tarcz-4szt\/\"><br \/>\n        Czytaj wi\u0119cej<span class=\"screen-reader-text\"> &#8222;PIER\u015aCIENIE REDUKCYJNE REDUKCJA DO TARCZ 4SZT&#8221;<\/span><\/a><\/p>\n","protected":false},"featured_media":82594,"template":"","meta":[],"product_cat":[8111],"product_tag":[],"yoast_head":"<!-- This site is optimized with the Yoast SEO plugin v21.0 - https:\/\/yoast.com\/wordpress\/plugins\/seo\/ -->\n<title>PIER\u015aCIENIE REDUKCYJNE REDUKCJA DO TARCZ 4SZT - BOBIMARKET.pl - Remontuj i urz\u0105dzaj z nami<\/title>\n<meta name=\"robots\" content=\"index, follow, max-snippet:-1, max-image-preview:large, max-video-preview:-1\" \/>\n<link rel=\"canonical\" href=\"https:\/\/bobimarket.pl\/index.php\/produkt\/pierscienie-redukcyjne-redukcja-do-tarcz-4szt\/\" \/>\n<meta property=\"og:locale\" content=\"pl_PL\" \/>\n<meta property=\"og:type\" content=\"article\" \/>\n<meta property=\"og:title\" content=\"PIER\u015aCIENIE REDUKCYJNE REDUKCJA DO TARCZ 4SZT - BOBIMARKET.pl - Remontuj i urz\u0105dzaj z nami\" \/>\n<meta property=\"og:description\" content=\"PIER\u015aCIENIE REDUKCYJNE REDUKCJA DO TARCZ 4SZT Dane techniczne: Grubo\u015b\u0107 pier\u015bcienia:\u00a01,2 mm Materia\u0142: stal\u00a0 Rozmiar:\u00a032-30, 32-25,4, 32-20,\u00a0 32-16\u00a0mm Zestaw zawiera 4 szt. redukcji.\u00a0 Dopasuje tarcz\u0119 do swojego elektronarz\u0119dzia! Zestaw 4 szt. pier\u015bcieni redukcyjnych\u00a0o najpopularniejszych \u015brednicach. Wykonane ze stali co b\u0119dzie owocowa\u0142o d\u0142ugim okresem u\u017cytkowania. \u00a0Rozmiary poszczeg\u00f3lnych redukcji: 32-30 mm 32-25,4 mm 32-20 mm 32-16 mm \u2705\u00a0Zastosowanie:     Czytaj wi\u0119cej &quot;PIER\u015aCIENIE REDUKCYJNE REDUKCJA DO TARCZ 4SZT&quot;\" \/>\n<meta property=\"og:url\" content=\"https:\/\/bobimarket.pl\/index.php\/produkt\/pierscienie-redukcyjne-redukcja-do-tarcz-4szt\/\" \/>\n<meta property=\"og:site_name\" content=\"BOBIMARKET.pl - Remontuj i urz\u0105dzaj z nami\" \/>\n<meta property=\"article:modified_time\" content=\"2025-02-27T13:54:11+00:00\" \/>\n<meta property=\"og:image\" content=\"https:\/\/upload.cdn.baselinker.com\/products\/14476\/f4bb28f247fd254701a1ede197bd0441.jpg\" \/>\n<meta name=\"twitter:card\" content=\"summary_large_image\" \/>\n<meta name=\"twitter:label1\" content=\"Szacowany czas czytania\" \/>\n\t<meta name=\"twitter:data1\" content=\"1 minuta\" \/>\n<script type=\"application\/ld+json\" class=\"yoast-schema-graph\">{\"@context\":\"https:\/\/schema.org\",\"@graph\":[{\"@type\":\"WebPage\",\"@id\":\"https:\/\/bobimarket.pl\/index.php\/produkt\/pierscienie-redukcyjne-redukcja-do-tarcz-4szt\/\",\"url\":\"https:\/\/bobimarket.pl\/index.php\/produkt\/pierscienie-redukcyjne-redukcja-do-tarcz-4szt\/\",\"name\":\"PIER\u015aCIENIE REDUKCYJNE REDUKCJA DO TARCZ 4SZT - BOBIMARKET.pl - Remontuj i urz\u0105dzaj z nami\",\"isPartOf\":{\"@id\":\"https:\/\/bobimarket.pl\/#website\"},\"datePublished\":\"2023-08-29T18:16:26+00:00\",\"dateModified\":\"2025-02-27T13:54:11+00:00\",\"breadcrumb\":{\"@id\":\"https:\/\/bobimarket.pl\/index.php\/produkt\/pierscienie-redukcyjne-redukcja-do-tarcz-4szt\/#breadcrumb\"},\"inLanguage\":\"pl-PL\",\"potentialAction\":[{\"@type\":\"ReadAction\",\"target\":[\"https:\/\/bobimarket.pl\/index.php\/produkt\/pierscienie-redukcyjne-redukcja-do-tarcz-4szt\/\"]}]},{\"@type\":\"BreadcrumbList\",\"@id\":\"https:\/\/bobimarket.pl\/index.php\/produkt\/pierscienie-redukcyjne-redukcja-do-tarcz-4szt\/#breadcrumb\",\"itemListElement\":[{\"@type\":\"ListItem\",\"position\":1,\"name\":\"Strona g\u0142\u00f3wna\",\"item\":\"https:\/\/bobimarket.pl\/\"},{\"@type\":\"ListItem\",\"position\":2,\"name\":\"Sklep\",\"item\":\"https:\/\/bobimarket.pl\/index.php\/shop\/\"},{\"@type\":\"ListItem\",\"position\":3,\"name\":\"PIER\u015aCIENIE REDUKCYJNE REDUKCJA DO TARCZ 4SZT\"}]},{\"@type\":\"WebSite\",\"@id\":\"https:\/\/bobimarket.pl\/#website\",\"url\":\"https:\/\/bobimarket.pl\/\",\"name\":\"BOBIMARKET.pl - Remontuj i urz\u0105dzaj z nami\",\"description\":\"Remontuj i urz\u0105dzaj z nami\",\"publisher\":{\"@id\":\"https:\/\/bobimarket.pl\/#organization\"},\"potentialAction\":[{\"@type\":\"SearchAction\",\"target\":{\"@type\":\"EntryPoint\",\"urlTemplate\":\"https:\/\/bobimarket.pl\/?s={search_term_string}\"},\"query-input\":\"required name=search_term_string\"}],\"inLanguage\":\"pl-PL\"},{\"@type\":\"Organization\",\"@id\":\"https:\/\/bobimarket.pl\/#organization\",\"name\":\"BOBIMARKET.pl\",\"url\":\"https:\/\/bobimarket.pl\/\",\"logo\":{\"@type\":\"ImageObject\",\"inLanguage\":\"pl-PL\",\"@id\":\"https:\/\/bobimarket.pl\/#\/schema\/logo\/image\/\",\"url\":\"https:\/\/bobimarket.pl\/wp-content\/uploads\/2021\/11\/slogan.png\",\"contentUrl\":\"https:\/\/bobimarket.pl\/wp-content\/uploads\/2021\/11\/slogan.png\",\"width\":2000,\"height\":384,\"caption\":\"BOBIMARKET.pl\"},\"image\":{\"@id\":\"https:\/\/bobimarket.pl\/#\/schema\/logo\/image\/\"}}]}<\/script>\n<!-- \/ Yoast SEO plugin. -->","yoast_head_json":{"title":"PIER\u015aCIENIE REDUKCYJNE REDUKCJA DO TARCZ 4SZT - BOBIMARKET.pl - Remontuj i urz\u0105dzaj z nami","robots":{"index":"index","follow":"follow","max-snippet":"max-snippet:-1","max-image-preview":"max-image-preview:large","max-video-preview":"max-video-preview:-1"},"canonical":"https:\/\/bobimarket.pl\/index.php\/produkt\/pierscienie-redukcyjne-redukcja-do-tarcz-4szt\/","og_locale":"pl_PL","og_type":"article","og_title":"PIER\u015aCIENIE REDUKCYJNE REDUKCJA DO TARCZ 4SZT - BOBIMARKET.pl - Remontuj i urz\u0105dzaj z nami","og_description":"PIER\u015aCIENIE REDUKCYJNE REDUKCJA DO TARCZ 4SZT Dane techniczne: Grubo\u015b\u0107 pier\u015bcienia:\u00a01,2 mm Materia\u0142: stal\u00a0 Rozmiar:\u00a032-30, 32-25,4, 32-20,\u00a0 32-16\u00a0mm Zestaw zawiera 4 szt. redukcji.\u00a0 Dopasuje tarcz\u0119 do swojego elektronarz\u0119dzia! Zestaw 4 szt. pier\u015bcieni redukcyjnych\u00a0o najpopularniejszych \u015brednicach. Wykonane ze stali co b\u0119dzie owocowa\u0142o d\u0142ugim okresem u\u017cytkowania. \u00a0Rozmiary poszczeg\u00f3lnych redukcji: 32-30 mm 32-25,4 mm 32-20 mm 32-16 mm \u2705\u00a0Zastosowanie:     Czytaj wi\u0119cej \"PIER\u015aCIENIE REDUKCYJNE REDUKCJA DO TARCZ 4SZT\"","og_url":"https:\/\/bobimarket.pl\/index.php\/produkt\/pierscienie-redukcyjne-redukcja-do-tarcz-4szt\/","og_site_name":"BOBIMARKET.pl - Remontuj i urz\u0105dzaj z nami","article_modified_time":"2025-02-27T13:54:11+00:00","og_image":[{"url":"https:\/\/upload.cdn.baselinker.com\/products\/14476\/f4bb28f247fd254701a1ede197bd0441.jpg"}],"twitter_card":"summary_large_image","twitter_misc":{"Szacowany czas czytania":"1 minuta"},"schema":{"@context":"https:\/\/schema.org","@graph":[{"@type":"WebPage","@id":"https:\/\/bobimarket.pl\/index.php\/produkt\/pierscienie-redukcyjne-redukcja-do-tarcz-4szt\/","url":"https:\/\/bobimarket.pl\/index.php\/produkt\/pierscienie-redukcyjne-redukcja-do-tarcz-4szt\/","name":"PIER\u015aCIENIE REDUKCYJNE REDUKCJA DO TARCZ 4SZT - BOBIMARKET.pl - Remontuj i urz\u0105dzaj z nami","isPartOf":{"@id":"https:\/\/bobimarket.pl\/#website"},"datePublished":"2023-08-29T18:16:26+00:00","dateModified":"2025-02-27T13:54:11+00:00","breadcrumb":{"@id":"https:\/\/bobimarket.pl\/index.php\/produkt\/pierscienie-redukcyjne-redukcja-do-tarcz-4szt\/#breadcrumb"},"inLanguage":"pl-PL","potentialAction":[{"@type":"ReadAction","target":["https:\/\/bobimarket.pl\/index.php\/produkt\/pierscienie-redukcyjne-redukcja-do-tarcz-4szt\/"]}]},{"@type":"BreadcrumbList","@id":"https:\/\/bobimarket.pl\/index.php\/produkt\/pierscienie-redukcyjne-redukcja-do-tarcz-4szt\/#breadcrumb","itemListElement":[{"@type":"ListItem","position":1,"name":"Strona g\u0142\u00f3wna","item":"https:\/\/bobimarket.pl\/"},{"@type":"ListItem","position":2,"name":"Sklep","item":"https:\/\/bobimarket.pl\/index.php\/shop\/"},{"@type":"ListItem","position":3,"name":"PIER\u015aCIENIE REDUKCYJNE REDUKCJA DO TARCZ 4SZT"}]},{"@type":"WebSite","@id":"https:\/\/bobimarket.pl\/#website","url":"https:\/\/bobimarket.pl\/","name":"BOBIMARKET.pl - Remontuj i urz\u0105dzaj z nami","description":"Remontuj i urz\u0105dzaj z nami","publisher":{"@id":"https:\/\/bobimarket.pl\/#organization"},"potentialAction":[{"@type":"SearchAction","target":{"@type":"EntryPoint","urlTemplate":"https:\/\/bobimarket.pl\/?s={search_term_string}"},"query-input":"required name=search_term_string"}],"inLanguage":"pl-PL"},{"@type":"Organization","@id":"https:\/\/bobimarket.pl\/#organization","name":"BOBIMARKET.pl","url":"https:\/\/bobimarket.pl\/","logo":{"@type":"ImageObject","inLanguage":"pl-PL","@id":"https:\/\/bobimarket.pl\/#\/schema\/logo\/image\/","url":"https:\/\/bobimarket.pl\/wp-content\/uploads\/2021\/11\/slogan.png","contentUrl":"https:\/\/bobimarket.pl\/wp-content\/uploads\/2021\/11\/slogan.png","width":2000,"height":384,"caption":"BOBIMARKET.pl"},"image":{"@id":"https:\/\/bobimarket.pl\/#\/schema\/logo\/image\/"}}]}},"_links":{"self":[{"href":"https:\/\/bobimarket.pl\/index.php\/wp-json\/wp\/v2\/product\/82600"}],"collection":[{"href":"https:\/\/bobimarket.pl\/index.php\/wp-json\/wp\/v2\/product"}],"about":[{"href":"https:\/\/bobimarket.pl\/index.php\/wp-json\/wp\/v2\/types\/product"}],"wp:featuredmedia":[{"embeddable":true,"href":"https:\/\/bobimarket.pl\/index.php\/wp-json\/wp\/v2\/media\/82594"}],"wp:attachment":[{"href":"https:\/\/bobimarket.pl\/index.php\/wp-json\/wp\/v2\/media?parent=82600"}],"wp:term":[{"taxonomy":"product_cat","embeddable":true,"href":"https:\/\/bobimarket.pl\/index.php\/wp-json\/wp\/v2\/product_cat?post=82600"},{"taxonomy":"product_tag","embeddable":true,"href":"https:\/\/bobimarket.pl\/index.php\/wp-json\/wp\/v2\/product_tag?post=82600"}],"curies":[{"name":"wp","href":"https:\/\/api.w.org\/{rel}","templated":true}]}}