{"id":82648,"date":"2023-08-29T18:20:09","date_gmt":"2023-08-29T18:20:09","guid":{"rendered":"https:\/\/bobimarket.pl\/index.php\/produkt\/wkretak-elastyczny-z-wymiennymi-bitami-9-el-bit\/"},"modified":"2025-02-27T13:54:50","modified_gmt":"2025-02-27T13:54:50","slug":"wkretak-elastyczny-z-wymiennymi-bitami-9-el-bit","status":"publish","type":"product","link":"https:\/\/bobimarket.pl\/index.php\/produkt\/wkretak-elastyczny-z-wymiennymi-bitami-9-el-bit\/","title":{"rendered":"WKR\u0118TAK ELASTYCZNY Z WYMIENNYMI BITAMI 9 el. BIT"},"content":{"rendered":"<section class=\"section\">\n<div class=\"item item-6\">\n<section class=\"image-item\">\n            <img decoding=\"async\" src=\"https:\/\/upload.cdn.baselinker.com\/products\/14476\/d6c6659bf3231a6dd23a231b2009316f.jpg\" \/><br \/>\n        <\/section>\n<\/p><\/div>\n<div class=\"item item-6\">\n<section class=\"text-item\">\n<h2>WKR\u0118TAK Z WYMIENNYMI BITAMI ELASTYCZNY 9 elem.<\/h2>\n<p><b>Dane techniczne:<\/b><\/p>\n<ul>\n<li>Materia\u0142: stal chromowo-wanadowa<\/li>\n<li>Twardo\u015b\u0107: HRC 51-54<\/li>\n<li>Rozmiar bit\u00f3w: 6.35 x 25mm<\/li>\n<\/ul>\n<p><b>Zestaw sk\u0142ada si\u0119 z 9 element\u00f3w:<\/b><\/p>\n<ul>\n<li>1 szt. &#8211; wkr\u0119tak elastyczny<\/li>\n<li>8 szt. bit\u00f3w<\/li>\n<\/ul>\n<\/section><\/div>\n<\/section>\n<section class=\"section\">\n<div class=\"item item-6\">\n<section class=\"image-item\">\n            <img decoding=\"async\" src=\"https:\/\/upload.cdn.baselinker.com\/products\/14476\/c52e6d65189a19eea1302e1fc17ffe33.jpg\" \/><br \/>\n        <\/section>\n<\/p><\/div>\n<div class=\"item item-6\">\n<section class=\"text-item\">\n<p><b>Praktyczny element wyposa\u017cenia Twojej skrzynki narz\u0119dziowej!<\/b><\/p>\n<p>Elastyczny wkr\u0119tak z wymiennymi bitami. Grot wykonany ze stali chromowo-wanadowej, kt\u00f3ra zapewnia narz\u0119dziu trwa\u0142o\u015b\u0107 i wytrzyma\u0142o\u015b\u0107.<\/p>\n<ul>\n<li>Elastyczna i gi\u0119tki grot u\u0142atwia prac\u0119 w trudno dost\u0119pnych miejscach.<\/li>\n<li>Ergonomiczna wyprofilowana r\u0119koje\u015b\u0107 u\u0142atwia prac\u0119 i zapewnia komfort pracy.<\/li>\n<\/ul>\n<p><b>Rozmiar bit\u00f3w do\u0142\u0105czonych do wkr\u0119taka:<\/b><\/p>\n<ul>\n<li>ko\u0144c\u00f3wka p\u0142aska: 4 mm, 5 mm, 6 mm<\/li>\n<li>ko\u0144c\u00f3wka PH1, PH2, PH3<\/li>\n<li>Ko\u0144c\u00f3wka T15, T20<\/li>\n<\/ul>\n<\/section><\/div>\n<\/section>\n<section class=\"section\">\n<div class=\"item item-6\">\n<section class=\"image-item\">\n            <img decoding=\"async\" src=\"https:\/\/upload.cdn.baselinker.com\/products\/14476\/8b4a1aa2948cb028a9cc06e4ce61d5fb.jpg\" \/><br \/>\n        <\/section>\n<\/p><\/div>\n<div class=\"item item-6\">\n<section class=\"text-item\">\n<p><b>\u2705 Zastosowanie:<\/b><\/p>\n<p>Narz\u0119dzie b\u0119dzie przydatne zar\u00f3wno dla profesjonalist\u00f3w jak i majsterkowicz\u00f3w. Sprawdzi si\u0119 w warsztatach samochodowych lub podczas domowych napraw.<\/p>\n<ul>\n<li><b>Pomo\u017ce\u00a0 w wyci\u0105ganiu drobnych element\u00f3w z trudno dost\u0119pnych miejscach.<\/b><\/li>\n<\/ul>\n<\/section><\/div>\n<\/section>\n<section class=\"section\">\n<div class=\"item item-12\">\n<section class=\"image-item\">\n            <img decoding=\"async\" src=\"https:\/\/upload.cdn.baselinker.com\/products\/14476\/7da4a362329c9ff613cc18475250edba.jpg\" \/><br \/>\n        <\/section>\n<\/p><\/div>\n<\/section>\n","protected":false},"excerpt":{"rendered":"<p>WKR\u0118TAK Z WYMIENNYMI BITAMI ELASTYCZNY 9 elem. Dane techniczne: Materia\u0142: stal chromowo-wanadowa Twardo\u015b\u0107: HRC 51-54 Rozmiar bit\u00f3w: 6.35 x 25mm Zestaw sk\u0142ada si\u0119 z 9 element\u00f3w: 1 szt. &#8211; wkr\u0119tak elastyczny 8 szt. bit\u00f3w Praktyczny element wyposa\u017cenia Twojej skrzynki narz\u0119dziowej! Elastyczny wkr\u0119tak z wymiennymi bitami. Grot wykonany ze stali chromowo-wanadowej, kt\u00f3ra zapewnia narz\u0119dziu trwa\u0142o\u015b\u0107 i<br \/><a class=\"more-link\" href=\"https:\/\/bobimarket.pl\/index.php\/produkt\/wkretak-elastyczny-z-wymiennymi-bitami-9-el-bit\/\"><br \/>\n        Czytaj wi\u0119cej<span class=\"screen-reader-text\"> &#8222;WKR\u0118TAK ELASTYCZNY Z WYMIENNYMI BITAMI 9 el. BIT&#8221;<\/span><\/a><\/p>\n","protected":false},"featured_media":82640,"template":"","meta":[],"product_cat":[8071],"product_tag":[],"yoast_head":"<!-- This site is optimized with the Yoast SEO plugin v21.0 - https:\/\/yoast.com\/wordpress\/plugins\/seo\/ -->\n<title>WKR\u0118TAK ELASTYCZNY Z WYMIENNYMI BITAMI 9 el. BIT - BOBIMARKET.pl - Remontuj i urz\u0105dzaj z nami<\/title>\n<meta name=\"robots\" content=\"index, follow, max-snippet:-1, max-image-preview:large, max-video-preview:-1\" \/>\n<link rel=\"canonical\" href=\"https:\/\/bobimarket.pl\/index.php\/produkt\/wkretak-elastyczny-z-wymiennymi-bitami-9-el-bit\/\" \/>\n<meta property=\"og:locale\" content=\"pl_PL\" \/>\n<meta property=\"og:type\" content=\"article\" \/>\n<meta property=\"og:title\" content=\"WKR\u0118TAK ELASTYCZNY Z WYMIENNYMI BITAMI 9 el. BIT - BOBIMARKET.pl - Remontuj i urz\u0105dzaj z nami\" \/>\n<meta property=\"og:description\" content=\"WKR\u0118TAK Z WYMIENNYMI BITAMI ELASTYCZNY 9 elem. Dane techniczne: Materia\u0142: stal chromowo-wanadowa Twardo\u015b\u0107: HRC 51-54 Rozmiar bit\u00f3w: 6.35 x 25mm Zestaw sk\u0142ada si\u0119 z 9 element\u00f3w: 1 szt. &#8211; wkr\u0119tak elastyczny 8 szt. bit\u00f3w Praktyczny element wyposa\u017cenia Twojej skrzynki narz\u0119dziowej! Elastyczny wkr\u0119tak z wymiennymi bitami. Grot wykonany ze stali chromowo-wanadowej, kt\u00f3ra zapewnia narz\u0119dziu trwa\u0142o\u015b\u0107 i     Czytaj wi\u0119cej &quot;WKR\u0118TAK ELASTYCZNY Z WYMIENNYMI BITAMI 9 el. BIT&quot;\" \/>\n<meta property=\"og:url\" content=\"https:\/\/bobimarket.pl\/index.php\/produkt\/wkretak-elastyczny-z-wymiennymi-bitami-9-el-bit\/\" \/>\n<meta property=\"og:site_name\" content=\"BOBIMARKET.pl - Remontuj i urz\u0105dzaj z nami\" \/>\n<meta property=\"article:modified_time\" content=\"2025-02-27T13:54:50+00:00\" \/>\n<meta property=\"og:image\" content=\"https:\/\/upload.cdn.baselinker.com\/products\/14476\/d6c6659bf3231a6dd23a231b2009316f.jpg\" \/>\n<meta name=\"twitter:card\" content=\"summary_large_image\" \/>\n<meta name=\"twitter:label1\" content=\"Szacowany czas czytania\" \/>\n\t<meta name=\"twitter:data1\" content=\"1 minuta\" \/>\n<script type=\"application\/ld+json\" class=\"yoast-schema-graph\">{\"@context\":\"https:\/\/schema.org\",\"@graph\":[{\"@type\":\"WebPage\",\"@id\":\"https:\/\/bobimarket.pl\/index.php\/produkt\/wkretak-elastyczny-z-wymiennymi-bitami-9-el-bit\/\",\"url\":\"https:\/\/bobimarket.pl\/index.php\/produkt\/wkretak-elastyczny-z-wymiennymi-bitami-9-el-bit\/\",\"name\":\"WKR\u0118TAK ELASTYCZNY Z WYMIENNYMI BITAMI 9 el. BIT - BOBIMARKET.pl - Remontuj i urz\u0105dzaj z nami\",\"isPartOf\":{\"@id\":\"https:\/\/bobimarket.pl\/#website\"},\"datePublished\":\"2023-08-29T18:20:09+00:00\",\"dateModified\":\"2025-02-27T13:54:50+00:00\",\"breadcrumb\":{\"@id\":\"https:\/\/bobimarket.pl\/index.php\/produkt\/wkretak-elastyczny-z-wymiennymi-bitami-9-el-bit\/#breadcrumb\"},\"inLanguage\":\"pl-PL\",\"potentialAction\":[{\"@type\":\"ReadAction\",\"target\":[\"https:\/\/bobimarket.pl\/index.php\/produkt\/wkretak-elastyczny-z-wymiennymi-bitami-9-el-bit\/\"]}]},{\"@type\":\"BreadcrumbList\",\"@id\":\"https:\/\/bobimarket.pl\/index.php\/produkt\/wkretak-elastyczny-z-wymiennymi-bitami-9-el-bit\/#breadcrumb\",\"itemListElement\":[{\"@type\":\"ListItem\",\"position\":1,\"name\":\"Strona g\u0142\u00f3wna\",\"item\":\"https:\/\/bobimarket.pl\/\"},{\"@type\":\"ListItem\",\"position\":2,\"name\":\"Sklep\",\"item\":\"https:\/\/bobimarket.pl\/index.php\/shop\/\"},{\"@type\":\"ListItem\",\"position\":3,\"name\":\"WKR\u0118TAK ELASTYCZNY Z WYMIENNYMI BITAMI 9 el. BIT\"}]},{\"@type\":\"WebSite\",\"@id\":\"https:\/\/bobimarket.pl\/#website\",\"url\":\"https:\/\/bobimarket.pl\/\",\"name\":\"BOBIMARKET.pl - Remontuj i urz\u0105dzaj z nami\",\"description\":\"Remontuj i urz\u0105dzaj z nami\",\"publisher\":{\"@id\":\"https:\/\/bobimarket.pl\/#organization\"},\"potentialAction\":[{\"@type\":\"SearchAction\",\"target\":{\"@type\":\"EntryPoint\",\"urlTemplate\":\"https:\/\/bobimarket.pl\/?s={search_term_string}\"},\"query-input\":\"required name=search_term_string\"}],\"inLanguage\":\"pl-PL\"},{\"@type\":\"Organization\",\"@id\":\"https:\/\/bobimarket.pl\/#organization\",\"name\":\"BOBIMARKET.pl\",\"url\":\"https:\/\/bobimarket.pl\/\",\"logo\":{\"@type\":\"ImageObject\",\"inLanguage\":\"pl-PL\",\"@id\":\"https:\/\/bobimarket.pl\/#\/schema\/logo\/image\/\",\"url\":\"https:\/\/bobimarket.pl\/wp-content\/uploads\/2021\/11\/slogan.png\",\"contentUrl\":\"https:\/\/bobimarket.pl\/wp-content\/uploads\/2021\/11\/slogan.png\",\"width\":2000,\"height\":384,\"caption\":\"BOBIMARKET.pl\"},\"image\":{\"@id\":\"https:\/\/bobimarket.pl\/#\/schema\/logo\/image\/\"}}]}<\/script>\n<!-- \/ Yoast SEO plugin. -->","yoast_head_json":{"title":"WKR\u0118TAK ELASTYCZNY Z WYMIENNYMI BITAMI 9 el. BIT - BOBIMARKET.pl - Remontuj i urz\u0105dzaj z nami","robots":{"index":"index","follow":"follow","max-snippet":"max-snippet:-1","max-image-preview":"max-image-preview:large","max-video-preview":"max-video-preview:-1"},"canonical":"https:\/\/bobimarket.pl\/index.php\/produkt\/wkretak-elastyczny-z-wymiennymi-bitami-9-el-bit\/","og_locale":"pl_PL","og_type":"article","og_title":"WKR\u0118TAK ELASTYCZNY Z WYMIENNYMI BITAMI 9 el. BIT - BOBIMARKET.pl - Remontuj i urz\u0105dzaj z nami","og_description":"WKR\u0118TAK Z WYMIENNYMI BITAMI ELASTYCZNY 9 elem. Dane techniczne: Materia\u0142: stal chromowo-wanadowa Twardo\u015b\u0107: HRC 51-54 Rozmiar bit\u00f3w: 6.35 x 25mm Zestaw sk\u0142ada si\u0119 z 9 element\u00f3w: 1 szt. &#8211; wkr\u0119tak elastyczny 8 szt. bit\u00f3w Praktyczny element wyposa\u017cenia Twojej skrzynki narz\u0119dziowej! Elastyczny wkr\u0119tak z wymiennymi bitami. Grot wykonany ze stali chromowo-wanadowej, kt\u00f3ra zapewnia narz\u0119dziu trwa\u0142o\u015b\u0107 i     Czytaj wi\u0119cej \"WKR\u0118TAK ELASTYCZNY Z WYMIENNYMI BITAMI 9 el. BIT\"","og_url":"https:\/\/bobimarket.pl\/index.php\/produkt\/wkretak-elastyczny-z-wymiennymi-bitami-9-el-bit\/","og_site_name":"BOBIMARKET.pl - Remontuj i urz\u0105dzaj z nami","article_modified_time":"2025-02-27T13:54:50+00:00","og_image":[{"url":"https:\/\/upload.cdn.baselinker.com\/products\/14476\/d6c6659bf3231a6dd23a231b2009316f.jpg"}],"twitter_card":"summary_large_image","twitter_misc":{"Szacowany czas czytania":"1 minuta"},"schema":{"@context":"https:\/\/schema.org","@graph":[{"@type":"WebPage","@id":"https:\/\/bobimarket.pl\/index.php\/produkt\/wkretak-elastyczny-z-wymiennymi-bitami-9-el-bit\/","url":"https:\/\/bobimarket.pl\/index.php\/produkt\/wkretak-elastyczny-z-wymiennymi-bitami-9-el-bit\/","name":"WKR\u0118TAK ELASTYCZNY Z WYMIENNYMI BITAMI 9 el. BIT - BOBIMARKET.pl - Remontuj i urz\u0105dzaj z nami","isPartOf":{"@id":"https:\/\/bobimarket.pl\/#website"},"datePublished":"2023-08-29T18:20:09+00:00","dateModified":"2025-02-27T13:54:50+00:00","breadcrumb":{"@id":"https:\/\/bobimarket.pl\/index.php\/produkt\/wkretak-elastyczny-z-wymiennymi-bitami-9-el-bit\/#breadcrumb"},"inLanguage":"pl-PL","potentialAction":[{"@type":"ReadAction","target":["https:\/\/bobimarket.pl\/index.php\/produkt\/wkretak-elastyczny-z-wymiennymi-bitami-9-el-bit\/"]}]},{"@type":"BreadcrumbList","@id":"https:\/\/bobimarket.pl\/index.php\/produkt\/wkretak-elastyczny-z-wymiennymi-bitami-9-el-bit\/#breadcrumb","itemListElement":[{"@type":"ListItem","position":1,"name":"Strona g\u0142\u00f3wna","item":"https:\/\/bobimarket.pl\/"},{"@type":"ListItem","position":2,"name":"Sklep","item":"https:\/\/bobimarket.pl\/index.php\/shop\/"},{"@type":"ListItem","position":3,"name":"WKR\u0118TAK ELASTYCZNY Z WYMIENNYMI BITAMI 9 el. BIT"}]},{"@type":"WebSite","@id":"https:\/\/bobimarket.pl\/#website","url":"https:\/\/bobimarket.pl\/","name":"BOBIMARKET.pl - Remontuj i urz\u0105dzaj z nami","description":"Remontuj i urz\u0105dzaj z nami","publisher":{"@id":"https:\/\/bobimarket.pl\/#organization"},"potentialAction":[{"@type":"SearchAction","target":{"@type":"EntryPoint","urlTemplate":"https:\/\/bobimarket.pl\/?s={search_term_string}"},"query-input":"required name=search_term_string"}],"inLanguage":"pl-PL"},{"@type":"Organization","@id":"https:\/\/bobimarket.pl\/#organization","name":"BOBIMARKET.pl","url":"https:\/\/bobimarket.pl\/","logo":{"@type":"ImageObject","inLanguage":"pl-PL","@id":"https:\/\/bobimarket.pl\/#\/schema\/logo\/image\/","url":"https:\/\/bobimarket.pl\/wp-content\/uploads\/2021\/11\/slogan.png","contentUrl":"https:\/\/bobimarket.pl\/wp-content\/uploads\/2021\/11\/slogan.png","width":2000,"height":384,"caption":"BOBIMARKET.pl"},"image":{"@id":"https:\/\/bobimarket.pl\/#\/schema\/logo\/image\/"}}]}},"_links":{"self":[{"href":"https:\/\/bobimarket.pl\/index.php\/wp-json\/wp\/v2\/product\/82648"}],"collection":[{"href":"https:\/\/bobimarket.pl\/index.php\/wp-json\/wp\/v2\/product"}],"about":[{"href":"https:\/\/bobimarket.pl\/index.php\/wp-json\/wp\/v2\/types\/product"}],"wp:featuredmedia":[{"embeddable":true,"href":"https:\/\/bobimarket.pl\/index.php\/wp-json\/wp\/v2\/media\/82640"}],"wp:attachment":[{"href":"https:\/\/bobimarket.pl\/index.php\/wp-json\/wp\/v2\/media?parent=82648"}],"wp:term":[{"taxonomy":"product_cat","embeddable":true,"href":"https:\/\/bobimarket.pl\/index.php\/wp-json\/wp\/v2\/product_cat?post=82648"},{"taxonomy":"product_tag","embeddable":true,"href":"https:\/\/bobimarket.pl\/index.php\/wp-json\/wp\/v2\/product_tag?post=82648"}],"curies":[{"name":"wp","href":"https:\/\/api.w.org\/{rel}","templated":true}]}}