{"id":82675,"date":"2023-08-29T18:22:47","date_gmt":"2023-08-29T18:22:47","guid":{"rendered":"https:\/\/bobimarket.pl\/index.php\/produkt\/pila-pilka-do-galezi-ogrodowa-reczna-300-mm\/"},"modified":"2025-03-15T15:26:47","modified_gmt":"2025-03-15T15:26:47","slug":"pila-pilka-do-galezi-ogrodowa-reczna-300-mm","status":"publish","type":"product","link":"https:\/\/bobimarket.pl\/index.php\/produkt\/pila-pilka-do-galezi-ogrodowa-reczna-300-mm\/","title":{"rendered":"PI\u0141A PI\u0141KA DO GA\u0141\u0118ZI OGRODOWA R\u0118CZNA 300 MM"},"content":{"rendered":"<section class=\"section\">\n<div class=\"item item-6\">\n<section class=\"image-item\">\n<\/section><\/div>\n<div class=\"item item-6\">\n<section class=\"text-item\">\n<h2>PI\u0141A PI\u0141KA DO GA\u0141\u0118ZI OGRODOWA R\u0118CZNA 300 MM<\/h2>\n<p><b>Dane techniczne:<\/b><\/p>\n<ul>\n<li>D\u0142ugo\u015b\u0107: <b>300 mm<\/b><\/li>\n<li>Uchwyt: <b>PCV\/ABS<\/b><\/li>\n<li>Ostrze: <b>stal<\/b><\/li>\n<li>Ilo\u015b\u0107 z\u0119b\u00f3w tn\u0105cych:<b> 83<\/b><\/li>\n<li>Ilo\u015b\u0107 z\u0119b\u00f3w na cal: <b>7<\/b><\/li>\n<li>Twardo\u015b\u0107 ostrza: <b>HRC 50-54<\/b><\/li>\n<li>Przeznaczenie: <b>do drewna, ga\u0142\u0119zi<\/b><\/li>\n<\/ul>\n<\/section><\/div>\n<\/section>\n<section class=\"section\">\n<div class=\"item item-6\">\n<section class=\"image-item\">\n<\/section><\/div>\n<div class=\"item item-6\">\n<section class=\"text-item\">\n<p><b>Pi\u0142a r\u0119czna przydatna podczas prac ogrodowych lub stolarskich!<\/b><\/p>\n<p>Praktyczna pi\u0142ka r\u0119czna przeznaczona <b>do ci\u0119cia drewna i ga\u0142\u0119zi.<\/b> Ostrze wyposa\u017cone w z\u0119by proste wykonane ze stali. Pi\u0142a charakteryzuje si\u0119 trwa\u0142o\u015bci\u0105 i wysok\u0105 wytrzyma\u0142o\u015bci\u0105 mechaniczn\u0105.\u00a0<\/p>\n<ul>\n<li><b>R\u0119koje\u015b\u0107 pi\u0142y<\/b> wykonana z mi\u0119kkiego materia\u0142u.\u00a0 Narz\u0119dzie zapewnia komfortowa prac\u0119, r\u0119ka nie m\u0119czy si\u0119 podczas ci\u0119cia.<\/li>\n<li><b>Proste ostrza<\/b> pewnie chwyta ci\u0119ty materia\u0142, umo\u017cliwiaj\u0105c precyzyjne wykonanie pracy.<\/li>\n<\/ul>\n<p><b>Zestaw sk\u0142ada si\u0119 dw\u00f3ch element\u00f3w: <\/b><\/p>\n<ul>\n<li>pi\u0142y<\/li>\n<li>kabura z uchwytem do pasa<\/li>\n<\/ul>\n<\/section><\/div>\n<\/section>\n<section class=\"section\">\n<div class=\"item item-6\">\n<section class=\"image-item\">\n<\/section><\/div>\n<div class=\"item item-6\">\n<section class=\"text-item\">\n<p><b>\u2705<\/b><b> Zastosowanie:<\/b><\/p>\n<p>Pi\u0142a przeznaczona jest do obr\u00f3bki materia\u0142\u00f3w drewnianych. Nadaje si\u0119 do ci\u0119cia drewna i obcinania ga\u0142\u0119zi.<\/p>\n<\/section><\/div>\n<\/section>\n","protected":false},"excerpt":{"rendered":"<p>PI\u0141A PI\u0141KA DO GA\u0141\u0118ZI OGRODOWA R\u0118CZNA 300 MM Dane techniczne: D\u0142ugo\u015b\u0107: 300 mm Uchwyt: PCV\/ABS Ostrze: stal Ilo\u015b\u0107 z\u0119b\u00f3w tn\u0105cych: 83 Ilo\u015b\u0107 z\u0119b\u00f3w na cal: 7 Twardo\u015b\u0107 ostrza: HRC 50-54 Przeznaczenie: do drewna, ga\u0142\u0119zi Pi\u0142a r\u0119czna przydatna podczas prac ogrodowych lub stolarskich! Praktyczna pi\u0142ka r\u0119czna przeznaczona do ci\u0119cia drewna i ga\u0142\u0119zi. Ostrze wyposa\u017cone w z\u0119by<br \/><a class=\"more-link\" href=\"https:\/\/bobimarket.pl\/index.php\/produkt\/pila-pilka-do-galezi-ogrodowa-reczna-300-mm\/\"><br \/>\n        Czytaj wi\u0119cej<span class=\"screen-reader-text\"> &#8222;PI\u0141A PI\u0141KA DO GA\u0141\u0118ZI OGRODOWA R\u0118CZNA 300 MM&#8221;<\/span><\/a><\/p>\n","protected":false},"featured_media":82672,"template":"","meta":[],"product_cat":[8110],"product_tag":[],"yoast_head":"<!-- This site is optimized with the Yoast SEO plugin v21.0 - https:\/\/yoast.com\/wordpress\/plugins\/seo\/ -->\n<title>PI\u0141A PI\u0141KA DO GA\u0141\u0118ZI OGRODOWA R\u0118CZNA 300 MM - BOBIMARKET.pl - Remontuj i urz\u0105dzaj z nami<\/title>\n<meta name=\"robots\" content=\"index, follow, max-snippet:-1, max-image-preview:large, max-video-preview:-1\" \/>\n<link rel=\"canonical\" href=\"https:\/\/bobimarket.pl\/index.php\/produkt\/pila-pilka-do-galezi-ogrodowa-reczna-300-mm\/\" \/>\n<meta property=\"og:locale\" content=\"pl_PL\" \/>\n<meta property=\"og:type\" content=\"article\" \/>\n<meta property=\"og:title\" content=\"PI\u0141A PI\u0141KA DO GA\u0141\u0118ZI OGRODOWA R\u0118CZNA 300 MM - BOBIMARKET.pl - Remontuj i urz\u0105dzaj z nami\" \/>\n<meta property=\"og:description\" content=\"PI\u0141A PI\u0141KA DO GA\u0141\u0118ZI OGRODOWA R\u0118CZNA 300 MM Dane techniczne: D\u0142ugo\u015b\u0107: 300 mm Uchwyt: PCV\/ABS Ostrze: stal Ilo\u015b\u0107 z\u0119b\u00f3w tn\u0105cych: 83 Ilo\u015b\u0107 z\u0119b\u00f3w na cal: 7 Twardo\u015b\u0107 ostrza: HRC 50-54 Przeznaczenie: do drewna, ga\u0142\u0119zi Pi\u0142a r\u0119czna przydatna podczas prac ogrodowych lub stolarskich! Praktyczna pi\u0142ka r\u0119czna przeznaczona do ci\u0119cia drewna i ga\u0142\u0119zi. Ostrze wyposa\u017cone w z\u0119by     Czytaj wi\u0119cej &quot;PI\u0141A PI\u0141KA DO GA\u0141\u0118ZI OGRODOWA R\u0118CZNA 300 MM&quot;\" \/>\n<meta property=\"og:url\" content=\"https:\/\/bobimarket.pl\/index.php\/produkt\/pila-pilka-do-galezi-ogrodowa-reczna-300-mm\/\" \/>\n<meta property=\"og:site_name\" content=\"BOBIMARKET.pl - Remontuj i urz\u0105dzaj z nami\" \/>\n<meta property=\"article:modified_time\" content=\"2025-03-15T15:26:47+00:00\" \/>\n<meta property=\"og:image\" content=\"https:\/\/bobimarket.pl\/wp-content\/uploads\/2021\/11\/slogan.png\" \/>\n\t<meta property=\"og:image:width\" content=\"2000\" \/>\n\t<meta property=\"og:image:height\" content=\"384\" \/>\n\t<meta property=\"og:image:type\" content=\"image\/png\" \/>\n<meta name=\"twitter:card\" content=\"summary_large_image\" \/>\n<meta name=\"twitter:label1\" content=\"Szacowany czas czytania\" \/>\n\t<meta name=\"twitter:data1\" content=\"1 minuta\" \/>\n<script type=\"application\/ld+json\" class=\"yoast-schema-graph\">{\"@context\":\"https:\/\/schema.org\",\"@graph\":[{\"@type\":\"WebPage\",\"@id\":\"https:\/\/bobimarket.pl\/index.php\/produkt\/pila-pilka-do-galezi-ogrodowa-reczna-300-mm\/\",\"url\":\"https:\/\/bobimarket.pl\/index.php\/produkt\/pila-pilka-do-galezi-ogrodowa-reczna-300-mm\/\",\"name\":\"PI\u0141A PI\u0141KA DO GA\u0141\u0118ZI OGRODOWA R\u0118CZNA 300 MM - BOBIMARKET.pl - Remontuj i urz\u0105dzaj z nami\",\"isPartOf\":{\"@id\":\"https:\/\/bobimarket.pl\/#website\"},\"datePublished\":\"2023-08-29T18:22:47+00:00\",\"dateModified\":\"2025-03-15T15:26:47+00:00\",\"breadcrumb\":{\"@id\":\"https:\/\/bobimarket.pl\/index.php\/produkt\/pila-pilka-do-galezi-ogrodowa-reczna-300-mm\/#breadcrumb\"},\"inLanguage\":\"pl-PL\",\"potentialAction\":[{\"@type\":\"ReadAction\",\"target\":[\"https:\/\/bobimarket.pl\/index.php\/produkt\/pila-pilka-do-galezi-ogrodowa-reczna-300-mm\/\"]}]},{\"@type\":\"BreadcrumbList\",\"@id\":\"https:\/\/bobimarket.pl\/index.php\/produkt\/pila-pilka-do-galezi-ogrodowa-reczna-300-mm\/#breadcrumb\",\"itemListElement\":[{\"@type\":\"ListItem\",\"position\":1,\"name\":\"Strona g\u0142\u00f3wna\",\"item\":\"https:\/\/bobimarket.pl\/\"},{\"@type\":\"ListItem\",\"position\":2,\"name\":\"Sklep\",\"item\":\"https:\/\/bobimarket.pl\/index.php\/shop\/\"},{\"@type\":\"ListItem\",\"position\":3,\"name\":\"PI\u0141A PI\u0141KA DO GA\u0141\u0118ZI OGRODOWA R\u0118CZNA 300 MM\"}]},{\"@type\":\"WebSite\",\"@id\":\"https:\/\/bobimarket.pl\/#website\",\"url\":\"https:\/\/bobimarket.pl\/\",\"name\":\"BOBIMARKET.pl - Remontuj i urz\u0105dzaj z nami\",\"description\":\"Remontuj i urz\u0105dzaj z nami\",\"publisher\":{\"@id\":\"https:\/\/bobimarket.pl\/#organization\"},\"potentialAction\":[{\"@type\":\"SearchAction\",\"target\":{\"@type\":\"EntryPoint\",\"urlTemplate\":\"https:\/\/bobimarket.pl\/?s={search_term_string}\"},\"query-input\":\"required name=search_term_string\"}],\"inLanguage\":\"pl-PL\"},{\"@type\":\"Organization\",\"@id\":\"https:\/\/bobimarket.pl\/#organization\",\"name\":\"BOBIMARKET.pl\",\"url\":\"https:\/\/bobimarket.pl\/\",\"logo\":{\"@type\":\"ImageObject\",\"inLanguage\":\"pl-PL\",\"@id\":\"https:\/\/bobimarket.pl\/#\/schema\/logo\/image\/\",\"url\":\"https:\/\/bobimarket.pl\/wp-content\/uploads\/2021\/11\/slogan.png\",\"contentUrl\":\"https:\/\/bobimarket.pl\/wp-content\/uploads\/2021\/11\/slogan.png\",\"width\":2000,\"height\":384,\"caption\":\"BOBIMARKET.pl\"},\"image\":{\"@id\":\"https:\/\/bobimarket.pl\/#\/schema\/logo\/image\/\"}}]}<\/script>\n<!-- \/ Yoast SEO plugin. -->","yoast_head_json":{"title":"PI\u0141A PI\u0141KA DO GA\u0141\u0118ZI OGRODOWA R\u0118CZNA 300 MM - BOBIMARKET.pl - Remontuj i urz\u0105dzaj z nami","robots":{"index":"index","follow":"follow","max-snippet":"max-snippet:-1","max-image-preview":"max-image-preview:large","max-video-preview":"max-video-preview:-1"},"canonical":"https:\/\/bobimarket.pl\/index.php\/produkt\/pila-pilka-do-galezi-ogrodowa-reczna-300-mm\/","og_locale":"pl_PL","og_type":"article","og_title":"PI\u0141A PI\u0141KA DO GA\u0141\u0118ZI OGRODOWA R\u0118CZNA 300 MM - BOBIMARKET.pl - Remontuj i urz\u0105dzaj z nami","og_description":"PI\u0141A PI\u0141KA DO GA\u0141\u0118ZI OGRODOWA R\u0118CZNA 300 MM Dane techniczne: D\u0142ugo\u015b\u0107: 300 mm Uchwyt: PCV\/ABS Ostrze: stal Ilo\u015b\u0107 z\u0119b\u00f3w tn\u0105cych: 83 Ilo\u015b\u0107 z\u0119b\u00f3w na cal: 7 Twardo\u015b\u0107 ostrza: HRC 50-54 Przeznaczenie: do drewna, ga\u0142\u0119zi Pi\u0142a r\u0119czna przydatna podczas prac ogrodowych lub stolarskich! Praktyczna pi\u0142ka r\u0119czna przeznaczona do ci\u0119cia drewna i ga\u0142\u0119zi. Ostrze wyposa\u017cone w z\u0119by     Czytaj wi\u0119cej \"PI\u0141A PI\u0141KA DO GA\u0141\u0118ZI OGRODOWA R\u0118CZNA 300 MM\"","og_url":"https:\/\/bobimarket.pl\/index.php\/produkt\/pila-pilka-do-galezi-ogrodowa-reczna-300-mm\/","og_site_name":"BOBIMARKET.pl - Remontuj i urz\u0105dzaj z nami","article_modified_time":"2025-03-15T15:26:47+00:00","og_image":[{"width":2000,"height":384,"url":"https:\/\/bobimarket.pl\/wp-content\/uploads\/2021\/11\/slogan.png","type":"image\/png"}],"twitter_card":"summary_large_image","twitter_misc":{"Szacowany czas czytania":"1 minuta"},"schema":{"@context":"https:\/\/schema.org","@graph":[{"@type":"WebPage","@id":"https:\/\/bobimarket.pl\/index.php\/produkt\/pila-pilka-do-galezi-ogrodowa-reczna-300-mm\/","url":"https:\/\/bobimarket.pl\/index.php\/produkt\/pila-pilka-do-galezi-ogrodowa-reczna-300-mm\/","name":"PI\u0141A PI\u0141KA DO GA\u0141\u0118ZI OGRODOWA R\u0118CZNA 300 MM - BOBIMARKET.pl - Remontuj i urz\u0105dzaj z nami","isPartOf":{"@id":"https:\/\/bobimarket.pl\/#website"},"datePublished":"2023-08-29T18:22:47+00:00","dateModified":"2025-03-15T15:26:47+00:00","breadcrumb":{"@id":"https:\/\/bobimarket.pl\/index.php\/produkt\/pila-pilka-do-galezi-ogrodowa-reczna-300-mm\/#breadcrumb"},"inLanguage":"pl-PL","potentialAction":[{"@type":"ReadAction","target":["https:\/\/bobimarket.pl\/index.php\/produkt\/pila-pilka-do-galezi-ogrodowa-reczna-300-mm\/"]}]},{"@type":"BreadcrumbList","@id":"https:\/\/bobimarket.pl\/index.php\/produkt\/pila-pilka-do-galezi-ogrodowa-reczna-300-mm\/#breadcrumb","itemListElement":[{"@type":"ListItem","position":1,"name":"Strona g\u0142\u00f3wna","item":"https:\/\/bobimarket.pl\/"},{"@type":"ListItem","position":2,"name":"Sklep","item":"https:\/\/bobimarket.pl\/index.php\/shop\/"},{"@type":"ListItem","position":3,"name":"PI\u0141A PI\u0141KA DO GA\u0141\u0118ZI OGRODOWA R\u0118CZNA 300 MM"}]},{"@type":"WebSite","@id":"https:\/\/bobimarket.pl\/#website","url":"https:\/\/bobimarket.pl\/","name":"BOBIMARKET.pl - Remontuj i urz\u0105dzaj z nami","description":"Remontuj i urz\u0105dzaj z nami","publisher":{"@id":"https:\/\/bobimarket.pl\/#organization"},"potentialAction":[{"@type":"SearchAction","target":{"@type":"EntryPoint","urlTemplate":"https:\/\/bobimarket.pl\/?s={search_term_string}"},"query-input":"required name=search_term_string"}],"inLanguage":"pl-PL"},{"@type":"Organization","@id":"https:\/\/bobimarket.pl\/#organization","name":"BOBIMARKET.pl","url":"https:\/\/bobimarket.pl\/","logo":{"@type":"ImageObject","inLanguage":"pl-PL","@id":"https:\/\/bobimarket.pl\/#\/schema\/logo\/image\/","url":"https:\/\/bobimarket.pl\/wp-content\/uploads\/2021\/11\/slogan.png","contentUrl":"https:\/\/bobimarket.pl\/wp-content\/uploads\/2021\/11\/slogan.png","width":2000,"height":384,"caption":"BOBIMARKET.pl"},"image":{"@id":"https:\/\/bobimarket.pl\/#\/schema\/logo\/image\/"}}]}},"_links":{"self":[{"href":"https:\/\/bobimarket.pl\/index.php\/wp-json\/wp\/v2\/product\/82675"}],"collection":[{"href":"https:\/\/bobimarket.pl\/index.php\/wp-json\/wp\/v2\/product"}],"about":[{"href":"https:\/\/bobimarket.pl\/index.php\/wp-json\/wp\/v2\/types\/product"}],"wp:featuredmedia":[{"embeddable":true,"href":"https:\/\/bobimarket.pl\/index.php\/wp-json\/wp\/v2\/media\/82672"}],"wp:attachment":[{"href":"https:\/\/bobimarket.pl\/index.php\/wp-json\/wp\/v2\/media?parent=82675"}],"wp:term":[{"taxonomy":"product_cat","embeddable":true,"href":"https:\/\/bobimarket.pl\/index.php\/wp-json\/wp\/v2\/product_cat?post=82675"},{"taxonomy":"product_tag","embeddable":true,"href":"https:\/\/bobimarket.pl\/index.php\/wp-json\/wp\/v2\/product_tag?post=82675"}],"curies":[{"name":"wp","href":"https:\/\/api.w.org\/{rel}","templated":true}]}}