{"id":82678,"date":"2023-08-29T18:23:07","date_gmt":"2023-08-29T18:23:07","guid":{"rendered":"https:\/\/bobimarket.pl\/index.php\/produkt\/zestaw-wybijakow-wybijaki-punktaki-6-szt\/"},"modified":"2025-02-27T13:55:14","modified_gmt":"2025-02-27T13:55:14","slug":"zestaw-wybijakow-wybijaki-punktaki-6-szt","status":"publish","type":"product","link":"https:\/\/bobimarket.pl\/index.php\/produkt\/zestaw-wybijakow-wybijaki-punktaki-6-szt\/","title":{"rendered":"ZESTAW WYBIJAK\u00d3W WYBIJAKI PUNKTAKI 6 szt."},"content":{"rendered":"<section class=\"section\">\n<div class=\"item item-6\">\n<section class=\"image-item\">\n            <img decoding=\"async\" src=\"https:\/\/upload.cdn.baselinker.com\/products\/14476\/47d21f6e22f474af8f55f81e18431a48.jpg\" \/><br \/>\n        <\/section>\n<\/p><\/div>\n<div class=\"item item-6\">\n<section class=\"text-item\">\n<h2>ZESTAW WYBIJAK\u00d3W WYBIJAKI PUNKTAKI 6 szt.<\/h2>\n<p>Dane techniczne:<\/p>\n<ul>\n<li>Materia\u0142:<b> stal CrV <\/b><\/li>\n<li>Pr\u0119t sze\u015bciok\u0105tny HEX czerniony<\/li>\n<li>D\u0142ugo\u015b\u0107: 150 mm<\/li>\n<li>Rozmiar: 1.5 mm, 3 mm, 4 mm, 5 mm, 6 mm, 8mm<\/li>\n<\/ul>\n<\/section><\/div>\n<\/section>\n<section class=\"section\">\n<div class=\"item item-6\">\n<section class=\"image-item\">\n            <img decoding=\"async\" src=\"https:\/\/upload.cdn.baselinker.com\/products\/14476\/d1e93446b503fe21603348161dcd8226.jpg\" \/><br \/>\n        <\/section>\n<\/p><\/div>\n<div class=\"item item-6\">\n<section class=\"text-item\">\n<p><b>Praktyczny element wyposa\u017cenia Twojej skrzynki narz\u0119dziowej!<\/b><\/p>\n<p>Solidny komplet wybijak\u00f3w wykonany ze stali CrV.\u00a0 <b>Stal chromowo-wanadowej<\/b> sprawia, \u017ce elementy zestawu s\u0105 wytrzyma\u0142e i odporne na korozje. Ponad nie odkszta\u0142caj\u0105 si\u0119.<\/p>\n<ul>\n<li>Wykonane\u00a0 sze\u015bciok\u0105tnego pr\u0119ta dla zapewnia najlepszego chwytu.<\/li>\n<li>Czerniona powierzchnia narz\u0119dzia stanowi zabezpieczenie antykorozyjne.<\/li>\n<\/ul>\n<p><b>\u2705<\/b><b> Zastosowanie: <\/b><\/p>\n<p>Wybijaki s\u0105 narz\u0119dziem manualnym. Nale\u017cy u\u017cy\u0107 m\u0142otka, aby stalowe trzpienie wbija\u0107 do metalu.<\/p>\n<ul>\n<li>Wybijaki umo\u017cliwiaj\u0105 <b>wybijania zawleczek, sworzni, tulejek, \u015brub.<\/b><\/li>\n<li>Mog\u0105 r\u00f3wnie\u017c s\u0142u\u017cy\u0107 do <b>znakowania i punktowania.<\/b><\/li>\n<\/ul>\n<p>Zestaw sprawdzi si\u0119 podczas wykonywania prac \u015blusarskich lub konstruktorskich. Przyda si\u0119 r\u00f3wnie\u017c w warsztatach samochodowych.<\/p>\n<\/section><\/div>\n<\/section>\n<section class=\"section\">\n<div class=\"item item-6\">\n<section class=\"image-item\">\n            <img decoding=\"async\" src=\"https:\/\/upload.cdn.baselinker.com\/products\/14476\/47d21f6e22f474af8f55f81e18431a48.jpg\" \/><br \/>\n        <\/section>\n<\/p><\/div>\n<div class=\"item item-6\">\n<section class=\"text-item\">\n<p><b>\u2705 <\/b>Zestaw sk\u0142ada si\u0119 z <b>6 element\u00f3w<\/b> o r\u00f3\u017cnych parametrach technicznych:<\/p>\n<ul>\n<li>1,5 x 150 mm<\/li>\n<li>3 x 150 mm<\/li>\n<li>4 x 150 mm<\/li>\n<li>5 x 150 mm<\/li>\n<li>6 x 150 mm<\/li>\n<li>8 x 150m.\u00a0<\/li>\n<\/ul>\n<\/section><\/div>\n<\/section>\n","protected":false},"excerpt":{"rendered":"<p>ZESTAW WYBIJAK\u00d3W WYBIJAKI PUNKTAKI 6 szt. Dane techniczne: Materia\u0142: stal CrV Pr\u0119t sze\u015bciok\u0105tny HEX czerniony D\u0142ugo\u015b\u0107: 150 mm Rozmiar: 1.5 mm, 3 mm, 4 mm, 5 mm, 6 mm, 8mm Praktyczny element wyposa\u017cenia Twojej skrzynki narz\u0119dziowej! Solidny komplet wybijak\u00f3w wykonany ze stali CrV.\u00a0 Stal chromowo-wanadowej sprawia, \u017ce elementy zestawu s\u0105 wytrzyma\u0142e i odporne na korozje.<br \/><a class=\"more-link\" href=\"https:\/\/bobimarket.pl\/index.php\/produkt\/zestaw-wybijakow-wybijaki-punktaki-6-szt\/\"><br \/>\n        Czytaj wi\u0119cej<span class=\"screen-reader-text\"> &#8222;ZESTAW WYBIJAK\u00d3W WYBIJAKI PUNKTAKI 6 szt.&#8221;<\/span><\/a><\/p>\n","protected":false},"featured_media":82676,"template":"","meta":[],"product_cat":[8227],"product_tag":[],"yoast_head":"<!-- This site is optimized with the Yoast SEO plugin v21.0 - https:\/\/yoast.com\/wordpress\/plugins\/seo\/ -->\n<title>ZESTAW WYBIJAK\u00d3W WYBIJAKI PUNKTAKI 6 szt. - BOBIMARKET.pl - Remontuj i urz\u0105dzaj z nami<\/title>\n<meta name=\"robots\" content=\"index, follow, max-snippet:-1, max-image-preview:large, max-video-preview:-1\" \/>\n<link rel=\"canonical\" href=\"https:\/\/bobimarket.pl\/index.php\/produkt\/zestaw-wybijakow-wybijaki-punktaki-6-szt\/\" \/>\n<meta property=\"og:locale\" content=\"pl_PL\" \/>\n<meta property=\"og:type\" content=\"article\" \/>\n<meta property=\"og:title\" content=\"ZESTAW WYBIJAK\u00d3W WYBIJAKI PUNKTAKI 6 szt. - BOBIMARKET.pl - Remontuj i urz\u0105dzaj z nami\" \/>\n<meta property=\"og:description\" content=\"ZESTAW WYBIJAK\u00d3W WYBIJAKI PUNKTAKI 6 szt. Dane techniczne: Materia\u0142: stal CrV Pr\u0119t sze\u015bciok\u0105tny HEX czerniony D\u0142ugo\u015b\u0107: 150 mm Rozmiar: 1.5 mm, 3 mm, 4 mm, 5 mm, 6 mm, 8mm Praktyczny element wyposa\u017cenia Twojej skrzynki narz\u0119dziowej! Solidny komplet wybijak\u00f3w wykonany ze stali CrV.\u00a0 Stal chromowo-wanadowej sprawia, \u017ce elementy zestawu s\u0105 wytrzyma\u0142e i odporne na korozje.     Czytaj wi\u0119cej &quot;ZESTAW WYBIJAK\u00d3W WYBIJAKI PUNKTAKI 6 szt.&quot;\" \/>\n<meta property=\"og:url\" content=\"https:\/\/bobimarket.pl\/index.php\/produkt\/zestaw-wybijakow-wybijaki-punktaki-6-szt\/\" \/>\n<meta property=\"og:site_name\" content=\"BOBIMARKET.pl - Remontuj i urz\u0105dzaj z nami\" \/>\n<meta property=\"article:modified_time\" content=\"2025-02-27T13:55:14+00:00\" \/>\n<meta property=\"og:image\" content=\"https:\/\/upload.cdn.baselinker.com\/products\/14476\/47d21f6e22f474af8f55f81e18431a48.jpg\" \/>\n<meta name=\"twitter:card\" content=\"summary_large_image\" \/>\n<meta name=\"twitter:label1\" content=\"Szacowany czas czytania\" \/>\n\t<meta name=\"twitter:data1\" content=\"1 minuta\" \/>\n<script type=\"application\/ld+json\" class=\"yoast-schema-graph\">{\"@context\":\"https:\/\/schema.org\",\"@graph\":[{\"@type\":\"WebPage\",\"@id\":\"https:\/\/bobimarket.pl\/index.php\/produkt\/zestaw-wybijakow-wybijaki-punktaki-6-szt\/\",\"url\":\"https:\/\/bobimarket.pl\/index.php\/produkt\/zestaw-wybijakow-wybijaki-punktaki-6-szt\/\",\"name\":\"ZESTAW WYBIJAK\u00d3W WYBIJAKI PUNKTAKI 6 szt. - BOBIMARKET.pl - Remontuj i urz\u0105dzaj z nami\",\"isPartOf\":{\"@id\":\"https:\/\/bobimarket.pl\/#website\"},\"datePublished\":\"2023-08-29T18:23:07+00:00\",\"dateModified\":\"2025-02-27T13:55:14+00:00\",\"breadcrumb\":{\"@id\":\"https:\/\/bobimarket.pl\/index.php\/produkt\/zestaw-wybijakow-wybijaki-punktaki-6-szt\/#breadcrumb\"},\"inLanguage\":\"pl-PL\",\"potentialAction\":[{\"@type\":\"ReadAction\",\"target\":[\"https:\/\/bobimarket.pl\/index.php\/produkt\/zestaw-wybijakow-wybijaki-punktaki-6-szt\/\"]}]},{\"@type\":\"BreadcrumbList\",\"@id\":\"https:\/\/bobimarket.pl\/index.php\/produkt\/zestaw-wybijakow-wybijaki-punktaki-6-szt\/#breadcrumb\",\"itemListElement\":[{\"@type\":\"ListItem\",\"position\":1,\"name\":\"Strona g\u0142\u00f3wna\",\"item\":\"https:\/\/bobimarket.pl\/\"},{\"@type\":\"ListItem\",\"position\":2,\"name\":\"Sklep\",\"item\":\"https:\/\/bobimarket.pl\/index.php\/shop\/\"},{\"@type\":\"ListItem\",\"position\":3,\"name\":\"ZESTAW WYBIJAK\u00d3W WYBIJAKI PUNKTAKI 6 szt.\"}]},{\"@type\":\"WebSite\",\"@id\":\"https:\/\/bobimarket.pl\/#website\",\"url\":\"https:\/\/bobimarket.pl\/\",\"name\":\"BOBIMARKET.pl - Remontuj i urz\u0105dzaj z nami\",\"description\":\"Remontuj i urz\u0105dzaj z nami\",\"publisher\":{\"@id\":\"https:\/\/bobimarket.pl\/#organization\"},\"potentialAction\":[{\"@type\":\"SearchAction\",\"target\":{\"@type\":\"EntryPoint\",\"urlTemplate\":\"https:\/\/bobimarket.pl\/?s={search_term_string}\"},\"query-input\":\"required name=search_term_string\"}],\"inLanguage\":\"pl-PL\"},{\"@type\":\"Organization\",\"@id\":\"https:\/\/bobimarket.pl\/#organization\",\"name\":\"BOBIMARKET.pl\",\"url\":\"https:\/\/bobimarket.pl\/\",\"logo\":{\"@type\":\"ImageObject\",\"inLanguage\":\"pl-PL\",\"@id\":\"https:\/\/bobimarket.pl\/#\/schema\/logo\/image\/\",\"url\":\"https:\/\/bobimarket.pl\/wp-content\/uploads\/2021\/11\/slogan.png\",\"contentUrl\":\"https:\/\/bobimarket.pl\/wp-content\/uploads\/2021\/11\/slogan.png\",\"width\":2000,\"height\":384,\"caption\":\"BOBIMARKET.pl\"},\"image\":{\"@id\":\"https:\/\/bobimarket.pl\/#\/schema\/logo\/image\/\"}}]}<\/script>\n<!-- \/ Yoast SEO plugin. -->","yoast_head_json":{"title":"ZESTAW WYBIJAK\u00d3W WYBIJAKI PUNKTAKI 6 szt. - BOBIMARKET.pl - Remontuj i urz\u0105dzaj z nami","robots":{"index":"index","follow":"follow","max-snippet":"max-snippet:-1","max-image-preview":"max-image-preview:large","max-video-preview":"max-video-preview:-1"},"canonical":"https:\/\/bobimarket.pl\/index.php\/produkt\/zestaw-wybijakow-wybijaki-punktaki-6-szt\/","og_locale":"pl_PL","og_type":"article","og_title":"ZESTAW WYBIJAK\u00d3W WYBIJAKI PUNKTAKI 6 szt. - BOBIMARKET.pl - Remontuj i urz\u0105dzaj z nami","og_description":"ZESTAW WYBIJAK\u00d3W WYBIJAKI PUNKTAKI 6 szt. Dane techniczne: Materia\u0142: stal CrV Pr\u0119t sze\u015bciok\u0105tny HEX czerniony D\u0142ugo\u015b\u0107: 150 mm Rozmiar: 1.5 mm, 3 mm, 4 mm, 5 mm, 6 mm, 8mm Praktyczny element wyposa\u017cenia Twojej skrzynki narz\u0119dziowej! Solidny komplet wybijak\u00f3w wykonany ze stali CrV.\u00a0 Stal chromowo-wanadowej sprawia, \u017ce elementy zestawu s\u0105 wytrzyma\u0142e i odporne na korozje.     Czytaj wi\u0119cej \"ZESTAW WYBIJAK\u00d3W WYBIJAKI PUNKTAKI 6 szt.\"","og_url":"https:\/\/bobimarket.pl\/index.php\/produkt\/zestaw-wybijakow-wybijaki-punktaki-6-szt\/","og_site_name":"BOBIMARKET.pl - Remontuj i urz\u0105dzaj z nami","article_modified_time":"2025-02-27T13:55:14+00:00","og_image":[{"url":"https:\/\/upload.cdn.baselinker.com\/products\/14476\/47d21f6e22f474af8f55f81e18431a48.jpg"}],"twitter_card":"summary_large_image","twitter_misc":{"Szacowany czas czytania":"1 minuta"},"schema":{"@context":"https:\/\/schema.org","@graph":[{"@type":"WebPage","@id":"https:\/\/bobimarket.pl\/index.php\/produkt\/zestaw-wybijakow-wybijaki-punktaki-6-szt\/","url":"https:\/\/bobimarket.pl\/index.php\/produkt\/zestaw-wybijakow-wybijaki-punktaki-6-szt\/","name":"ZESTAW WYBIJAK\u00d3W WYBIJAKI PUNKTAKI 6 szt. - BOBIMARKET.pl - Remontuj i urz\u0105dzaj z nami","isPartOf":{"@id":"https:\/\/bobimarket.pl\/#website"},"datePublished":"2023-08-29T18:23:07+00:00","dateModified":"2025-02-27T13:55:14+00:00","breadcrumb":{"@id":"https:\/\/bobimarket.pl\/index.php\/produkt\/zestaw-wybijakow-wybijaki-punktaki-6-szt\/#breadcrumb"},"inLanguage":"pl-PL","potentialAction":[{"@type":"ReadAction","target":["https:\/\/bobimarket.pl\/index.php\/produkt\/zestaw-wybijakow-wybijaki-punktaki-6-szt\/"]}]},{"@type":"BreadcrumbList","@id":"https:\/\/bobimarket.pl\/index.php\/produkt\/zestaw-wybijakow-wybijaki-punktaki-6-szt\/#breadcrumb","itemListElement":[{"@type":"ListItem","position":1,"name":"Strona g\u0142\u00f3wna","item":"https:\/\/bobimarket.pl\/"},{"@type":"ListItem","position":2,"name":"Sklep","item":"https:\/\/bobimarket.pl\/index.php\/shop\/"},{"@type":"ListItem","position":3,"name":"ZESTAW WYBIJAK\u00d3W WYBIJAKI PUNKTAKI 6 szt."}]},{"@type":"WebSite","@id":"https:\/\/bobimarket.pl\/#website","url":"https:\/\/bobimarket.pl\/","name":"BOBIMARKET.pl - Remontuj i urz\u0105dzaj z nami","description":"Remontuj i urz\u0105dzaj z nami","publisher":{"@id":"https:\/\/bobimarket.pl\/#organization"},"potentialAction":[{"@type":"SearchAction","target":{"@type":"EntryPoint","urlTemplate":"https:\/\/bobimarket.pl\/?s={search_term_string}"},"query-input":"required name=search_term_string"}],"inLanguage":"pl-PL"},{"@type":"Organization","@id":"https:\/\/bobimarket.pl\/#organization","name":"BOBIMARKET.pl","url":"https:\/\/bobimarket.pl\/","logo":{"@type":"ImageObject","inLanguage":"pl-PL","@id":"https:\/\/bobimarket.pl\/#\/schema\/logo\/image\/","url":"https:\/\/bobimarket.pl\/wp-content\/uploads\/2021\/11\/slogan.png","contentUrl":"https:\/\/bobimarket.pl\/wp-content\/uploads\/2021\/11\/slogan.png","width":2000,"height":384,"caption":"BOBIMARKET.pl"},"image":{"@id":"https:\/\/bobimarket.pl\/#\/schema\/logo\/image\/"}}]}},"_links":{"self":[{"href":"https:\/\/bobimarket.pl\/index.php\/wp-json\/wp\/v2\/product\/82678"}],"collection":[{"href":"https:\/\/bobimarket.pl\/index.php\/wp-json\/wp\/v2\/product"}],"about":[{"href":"https:\/\/bobimarket.pl\/index.php\/wp-json\/wp\/v2\/types\/product"}],"wp:featuredmedia":[{"embeddable":true,"href":"https:\/\/bobimarket.pl\/index.php\/wp-json\/wp\/v2\/media\/82676"}],"wp:attachment":[{"href":"https:\/\/bobimarket.pl\/index.php\/wp-json\/wp\/v2\/media?parent=82678"}],"wp:term":[{"taxonomy":"product_cat","embeddable":true,"href":"https:\/\/bobimarket.pl\/index.php\/wp-json\/wp\/v2\/product_cat?post=82678"},{"taxonomy":"product_tag","embeddable":true,"href":"https:\/\/bobimarket.pl\/index.php\/wp-json\/wp\/v2\/product_tag?post=82678"}],"curies":[{"name":"wp","href":"https:\/\/api.w.org\/{rel}","templated":true}]}}