{"id":82684,"date":"2023-08-29T18:23:44","date_gmt":"2023-08-29T18:23:44","guid":{"rendered":"https:\/\/bobimarket.pl\/index.php\/produkt\/klucz-do-rur-hydrauliczny-stillson-zaba-zabka-300\/"},"modified":"2025-02-27T13:55:22","modified_gmt":"2025-02-27T13:55:22","slug":"klucz-do-rur-hydrauliczny-stillson-zaba-zabka-300","status":"publish","type":"product","link":"https:\/\/bobimarket.pl\/index.php\/produkt\/klucz-do-rur-hydrauliczny-stillson-zaba-zabka-300\/","title":{"rendered":"KLUCZ DO RUR HYDRAULICZNY STILLSON \u017bABA \u017bABKA 300"},"content":{"rendered":"<section class=\"section\">\n<div class=\"item item-6\">\n<section class=\"image-item\">\n                <img decoding=\"async\" src=\"https:\/\/upload.cdn.baselinker.com\/products\/14476\/68f2e4adbf1894f68a1721adb11c9c4b.jpg\" \/><br \/>\n            <\/section>\n<\/p><\/div>\n<div class=\"item item-6\">\n<section class=\"text-item\">\n<h2>KLUCZ DO RUR HYDRAULICZNY STILLSON \u017bABA \u017bABKA 300 mm<\/h2>\n<p><b>Dane techniczne:<\/b><\/p>\n<ul>\n<li>D\u0142ugo\u015b\u0107 ca\u0142kowita: <b>300 mm <\/b><\/li>\n<li>Materia\u0142:<b>stali chromowo-wanadowa<\/b><\/li>\n<li>Rowkowane szcz\u0119ki<\/li>\n<li>\u015arubowa regulacja<\/li>\n<\/ul>\n<\/section><\/div>\n<\/section>\n<section class=\"section\">\n<div class=\"item item-6\">\n<section class=\"image-item\">\n                <img decoding=\"async\" src=\"https:\/\/upload.cdn.baselinker.com\/products\/14476\/27cf105c45b2f4accaf025d73c32b341.jpg\" \/><br \/>\n            <\/section>\n<\/p><\/div>\n<div class=\"item item-6\">\n<section class=\"text-item\">\n<p><b>Praktyczny element wyposa\u017cenia twojej skrzynki narz\u0119dziowej!<\/b><\/p>\n<p>Klucz hydrauliczny wykonany ze stali chromowo-wanadowej. Szcz\u0119ki stalowe, kute i hartowane. Narz\u0119dzie\u00a0 \u015bwietnie trzyma si\u0119 w r\u0119ce. Idealnie sprawdzi si\u0119 u profesjonalist\u00f3w, jak i amator\u00f3w.<\/p>\n<ul>\n<li>Pewny chwyt i komfort pracy zapewniony dzi\u0119ki wyprofilowanej r\u0105czce.<\/li>\n<li>Solidna konstrukcja i \u015brubowa regulacja rozwarcia szcz\u0119k.<\/li>\n<li>Rowkowane szcz\u0119ki umo\u017cliwiaj\u0105 mocny uchwyt g\u0142adkich powierzchni.<\/li>\n<\/ul>\n<\/section><\/div>\n<\/section>\n<section class=\"section\">\n<div class=\"item item-6\">\n<section class=\"image-item\">\n                <img decoding=\"async\" src=\"https:\/\/upload.cdn.baselinker.com\/products\/14476\/68f2e4adbf1894f68a1721adb11c9c4b.jpg\" \/><br \/>\n            <\/section>\n<\/p><\/div>\n<div class=\"item item-6\">\n<section class=\"text-item\">\n<p><b>\u2705 ZASTOSOWANIE:<\/b><\/p>\n<p>Klucz ten b\u0119dzie podstawowym elementem wyposa\u017cenie Twojego warsztatu. Z jego pomoc\u0105 odkr\u0119cisz i przykr\u0119cisz r\u00f3\u017cnego rodzaju elementy podczas prac monta\u017cowych lub hydraulicznych.<\/p>\n<ul>\n<li>Z powodzeniem mo\u017cna go stosowa\u0107 r\u00f3wnie\u017c w bran\u017cy budowlanej, \u015blusarskiej oraz motoryzacyjnej.<\/li>\n<\/ul>\n<\/section><\/div>\n<\/section>\n","protected":false},"excerpt":{"rendered":"<p>KLUCZ DO RUR HYDRAULICZNY STILLSON \u017bABA \u017bABKA 300 mm Dane techniczne: D\u0142ugo\u015b\u0107 ca\u0142kowita: 300 mm Materia\u0142:stali chromowo-wanadowa Rowkowane szcz\u0119ki \u015arubowa regulacja Praktyczny element wyposa\u017cenia twojej skrzynki narz\u0119dziowej! Klucz hydrauliczny wykonany ze stali chromowo-wanadowej. Szcz\u0119ki stalowe, kute i hartowane. Narz\u0119dzie\u00a0 \u015bwietnie trzyma si\u0119 w r\u0119ce. Idealnie sprawdzi si\u0119 u profesjonalist\u00f3w, jak i amator\u00f3w. Pewny chwyt i<br \/><a class=\"more-link\" href=\"https:\/\/bobimarket.pl\/index.php\/produkt\/klucz-do-rur-hydrauliczny-stillson-zaba-zabka-300\/\"><br \/>\n        Czytaj wi\u0119cej<span class=\"screen-reader-text\"> &#8222;KLUCZ DO RUR HYDRAULICZNY STILLSON \u017bABA \u017bABKA 300&#8221;<\/span><\/a><\/p>\n","protected":false},"featured_media":82682,"template":"","meta":[],"product_cat":[8142],"product_tag":[],"yoast_head":"<!-- This site is optimized with the Yoast SEO plugin v21.0 - https:\/\/yoast.com\/wordpress\/plugins\/seo\/ -->\n<title>KLUCZ DO RUR HYDRAULICZNY STILLSON \u017bABA \u017bABKA 300 - BOBIMARKET.pl - Remontuj i urz\u0105dzaj z nami<\/title>\n<meta name=\"robots\" content=\"index, follow, max-snippet:-1, max-image-preview:large, max-video-preview:-1\" \/>\n<link rel=\"canonical\" href=\"https:\/\/bobimarket.pl\/index.php\/produkt\/klucz-do-rur-hydrauliczny-stillson-zaba-zabka-300\/\" \/>\n<meta property=\"og:locale\" content=\"pl_PL\" \/>\n<meta property=\"og:type\" content=\"article\" \/>\n<meta property=\"og:title\" content=\"KLUCZ DO RUR HYDRAULICZNY STILLSON \u017bABA \u017bABKA 300 - BOBIMARKET.pl - Remontuj i urz\u0105dzaj z nami\" \/>\n<meta property=\"og:description\" content=\"KLUCZ DO RUR HYDRAULICZNY STILLSON \u017bABA \u017bABKA 300 mm Dane techniczne: D\u0142ugo\u015b\u0107 ca\u0142kowita: 300 mm Materia\u0142:stali chromowo-wanadowa Rowkowane szcz\u0119ki \u015arubowa regulacja Praktyczny element wyposa\u017cenia twojej skrzynki narz\u0119dziowej! Klucz hydrauliczny wykonany ze stali chromowo-wanadowej. Szcz\u0119ki stalowe, kute i hartowane. Narz\u0119dzie\u00a0 \u015bwietnie trzyma si\u0119 w r\u0119ce. Idealnie sprawdzi si\u0119 u profesjonalist\u00f3w, jak i amator\u00f3w. Pewny chwyt i     Czytaj wi\u0119cej &quot;KLUCZ DO RUR HYDRAULICZNY STILLSON \u017bABA \u017bABKA 300&quot;\" \/>\n<meta property=\"og:url\" content=\"https:\/\/bobimarket.pl\/index.php\/produkt\/klucz-do-rur-hydrauliczny-stillson-zaba-zabka-300\/\" \/>\n<meta property=\"og:site_name\" content=\"BOBIMARKET.pl - Remontuj i urz\u0105dzaj z nami\" \/>\n<meta property=\"article:modified_time\" content=\"2025-02-27T13:55:22+00:00\" \/>\n<meta property=\"og:image\" content=\"https:\/\/upload.cdn.baselinker.com\/products\/14476\/68f2e4adbf1894f68a1721adb11c9c4b.jpg\" \/>\n<meta name=\"twitter:card\" content=\"summary_large_image\" \/>\n<meta name=\"twitter:label1\" content=\"Szacowany czas czytania\" \/>\n\t<meta name=\"twitter:data1\" content=\"1 minuta\" \/>\n<script type=\"application\/ld+json\" class=\"yoast-schema-graph\">{\"@context\":\"https:\/\/schema.org\",\"@graph\":[{\"@type\":\"WebPage\",\"@id\":\"https:\/\/bobimarket.pl\/index.php\/produkt\/klucz-do-rur-hydrauliczny-stillson-zaba-zabka-300\/\",\"url\":\"https:\/\/bobimarket.pl\/index.php\/produkt\/klucz-do-rur-hydrauliczny-stillson-zaba-zabka-300\/\",\"name\":\"KLUCZ DO RUR HYDRAULICZNY STILLSON \u017bABA \u017bABKA 300 - BOBIMARKET.pl - Remontuj i urz\u0105dzaj z nami\",\"isPartOf\":{\"@id\":\"https:\/\/bobimarket.pl\/#website\"},\"datePublished\":\"2023-08-29T18:23:44+00:00\",\"dateModified\":\"2025-02-27T13:55:22+00:00\",\"breadcrumb\":{\"@id\":\"https:\/\/bobimarket.pl\/index.php\/produkt\/klucz-do-rur-hydrauliczny-stillson-zaba-zabka-300\/#breadcrumb\"},\"inLanguage\":\"pl-PL\",\"potentialAction\":[{\"@type\":\"ReadAction\",\"target\":[\"https:\/\/bobimarket.pl\/index.php\/produkt\/klucz-do-rur-hydrauliczny-stillson-zaba-zabka-300\/\"]}]},{\"@type\":\"BreadcrumbList\",\"@id\":\"https:\/\/bobimarket.pl\/index.php\/produkt\/klucz-do-rur-hydrauliczny-stillson-zaba-zabka-300\/#breadcrumb\",\"itemListElement\":[{\"@type\":\"ListItem\",\"position\":1,\"name\":\"Strona g\u0142\u00f3wna\",\"item\":\"https:\/\/bobimarket.pl\/\"},{\"@type\":\"ListItem\",\"position\":2,\"name\":\"Sklep\",\"item\":\"https:\/\/bobimarket.pl\/index.php\/shop\/\"},{\"@type\":\"ListItem\",\"position\":3,\"name\":\"KLUCZ DO RUR HYDRAULICZNY STILLSON \u017bABA \u017bABKA 300\"}]},{\"@type\":\"WebSite\",\"@id\":\"https:\/\/bobimarket.pl\/#website\",\"url\":\"https:\/\/bobimarket.pl\/\",\"name\":\"BOBIMARKET.pl - Remontuj i urz\u0105dzaj z nami\",\"description\":\"Remontuj i urz\u0105dzaj z nami\",\"publisher\":{\"@id\":\"https:\/\/bobimarket.pl\/#organization\"},\"potentialAction\":[{\"@type\":\"SearchAction\",\"target\":{\"@type\":\"EntryPoint\",\"urlTemplate\":\"https:\/\/bobimarket.pl\/?s={search_term_string}\"},\"query-input\":\"required name=search_term_string\"}],\"inLanguage\":\"pl-PL\"},{\"@type\":\"Organization\",\"@id\":\"https:\/\/bobimarket.pl\/#organization\",\"name\":\"BOBIMARKET.pl\",\"url\":\"https:\/\/bobimarket.pl\/\",\"logo\":{\"@type\":\"ImageObject\",\"inLanguage\":\"pl-PL\",\"@id\":\"https:\/\/bobimarket.pl\/#\/schema\/logo\/image\/\",\"url\":\"https:\/\/bobimarket.pl\/wp-content\/uploads\/2021\/11\/slogan.png\",\"contentUrl\":\"https:\/\/bobimarket.pl\/wp-content\/uploads\/2021\/11\/slogan.png\",\"width\":2000,\"height\":384,\"caption\":\"BOBIMARKET.pl\"},\"image\":{\"@id\":\"https:\/\/bobimarket.pl\/#\/schema\/logo\/image\/\"}}]}<\/script>\n<!-- \/ Yoast SEO plugin. -->","yoast_head_json":{"title":"KLUCZ DO RUR HYDRAULICZNY STILLSON \u017bABA \u017bABKA 300 - BOBIMARKET.pl - Remontuj i urz\u0105dzaj z nami","robots":{"index":"index","follow":"follow","max-snippet":"max-snippet:-1","max-image-preview":"max-image-preview:large","max-video-preview":"max-video-preview:-1"},"canonical":"https:\/\/bobimarket.pl\/index.php\/produkt\/klucz-do-rur-hydrauliczny-stillson-zaba-zabka-300\/","og_locale":"pl_PL","og_type":"article","og_title":"KLUCZ DO RUR HYDRAULICZNY STILLSON \u017bABA \u017bABKA 300 - BOBIMARKET.pl - Remontuj i urz\u0105dzaj z nami","og_description":"KLUCZ DO RUR HYDRAULICZNY STILLSON \u017bABA \u017bABKA 300 mm Dane techniczne: D\u0142ugo\u015b\u0107 ca\u0142kowita: 300 mm Materia\u0142:stali chromowo-wanadowa Rowkowane szcz\u0119ki \u015arubowa regulacja Praktyczny element wyposa\u017cenia twojej skrzynki narz\u0119dziowej! Klucz hydrauliczny wykonany ze stali chromowo-wanadowej. Szcz\u0119ki stalowe, kute i hartowane. Narz\u0119dzie\u00a0 \u015bwietnie trzyma si\u0119 w r\u0119ce. Idealnie sprawdzi si\u0119 u profesjonalist\u00f3w, jak i amator\u00f3w. Pewny chwyt i     Czytaj wi\u0119cej \"KLUCZ DO RUR HYDRAULICZNY STILLSON \u017bABA \u017bABKA 300\"","og_url":"https:\/\/bobimarket.pl\/index.php\/produkt\/klucz-do-rur-hydrauliczny-stillson-zaba-zabka-300\/","og_site_name":"BOBIMARKET.pl - Remontuj i urz\u0105dzaj z nami","article_modified_time":"2025-02-27T13:55:22+00:00","og_image":[{"url":"https:\/\/upload.cdn.baselinker.com\/products\/14476\/68f2e4adbf1894f68a1721adb11c9c4b.jpg"}],"twitter_card":"summary_large_image","twitter_misc":{"Szacowany czas czytania":"1 minuta"},"schema":{"@context":"https:\/\/schema.org","@graph":[{"@type":"WebPage","@id":"https:\/\/bobimarket.pl\/index.php\/produkt\/klucz-do-rur-hydrauliczny-stillson-zaba-zabka-300\/","url":"https:\/\/bobimarket.pl\/index.php\/produkt\/klucz-do-rur-hydrauliczny-stillson-zaba-zabka-300\/","name":"KLUCZ DO RUR HYDRAULICZNY STILLSON \u017bABA \u017bABKA 300 - BOBIMARKET.pl - Remontuj i urz\u0105dzaj z nami","isPartOf":{"@id":"https:\/\/bobimarket.pl\/#website"},"datePublished":"2023-08-29T18:23:44+00:00","dateModified":"2025-02-27T13:55:22+00:00","breadcrumb":{"@id":"https:\/\/bobimarket.pl\/index.php\/produkt\/klucz-do-rur-hydrauliczny-stillson-zaba-zabka-300\/#breadcrumb"},"inLanguage":"pl-PL","potentialAction":[{"@type":"ReadAction","target":["https:\/\/bobimarket.pl\/index.php\/produkt\/klucz-do-rur-hydrauliczny-stillson-zaba-zabka-300\/"]}]},{"@type":"BreadcrumbList","@id":"https:\/\/bobimarket.pl\/index.php\/produkt\/klucz-do-rur-hydrauliczny-stillson-zaba-zabka-300\/#breadcrumb","itemListElement":[{"@type":"ListItem","position":1,"name":"Strona g\u0142\u00f3wna","item":"https:\/\/bobimarket.pl\/"},{"@type":"ListItem","position":2,"name":"Sklep","item":"https:\/\/bobimarket.pl\/index.php\/shop\/"},{"@type":"ListItem","position":3,"name":"KLUCZ DO RUR HYDRAULICZNY STILLSON \u017bABA \u017bABKA 300"}]},{"@type":"WebSite","@id":"https:\/\/bobimarket.pl\/#website","url":"https:\/\/bobimarket.pl\/","name":"BOBIMARKET.pl - Remontuj i urz\u0105dzaj z nami","description":"Remontuj i urz\u0105dzaj z nami","publisher":{"@id":"https:\/\/bobimarket.pl\/#organization"},"potentialAction":[{"@type":"SearchAction","target":{"@type":"EntryPoint","urlTemplate":"https:\/\/bobimarket.pl\/?s={search_term_string}"},"query-input":"required name=search_term_string"}],"inLanguage":"pl-PL"},{"@type":"Organization","@id":"https:\/\/bobimarket.pl\/#organization","name":"BOBIMARKET.pl","url":"https:\/\/bobimarket.pl\/","logo":{"@type":"ImageObject","inLanguage":"pl-PL","@id":"https:\/\/bobimarket.pl\/#\/schema\/logo\/image\/","url":"https:\/\/bobimarket.pl\/wp-content\/uploads\/2021\/11\/slogan.png","contentUrl":"https:\/\/bobimarket.pl\/wp-content\/uploads\/2021\/11\/slogan.png","width":2000,"height":384,"caption":"BOBIMARKET.pl"},"image":{"@id":"https:\/\/bobimarket.pl\/#\/schema\/logo\/image\/"}}]}},"_links":{"self":[{"href":"https:\/\/bobimarket.pl\/index.php\/wp-json\/wp\/v2\/product\/82684"}],"collection":[{"href":"https:\/\/bobimarket.pl\/index.php\/wp-json\/wp\/v2\/product"}],"about":[{"href":"https:\/\/bobimarket.pl\/index.php\/wp-json\/wp\/v2\/types\/product"}],"wp:featuredmedia":[{"embeddable":true,"href":"https:\/\/bobimarket.pl\/index.php\/wp-json\/wp\/v2\/media\/82682"}],"wp:attachment":[{"href":"https:\/\/bobimarket.pl\/index.php\/wp-json\/wp\/v2\/media?parent=82684"}],"wp:term":[{"taxonomy":"product_cat","embeddable":true,"href":"https:\/\/bobimarket.pl\/index.php\/wp-json\/wp\/v2\/product_cat?post=82684"},{"taxonomy":"product_tag","embeddable":true,"href":"https:\/\/bobimarket.pl\/index.php\/wp-json\/wp\/v2\/product_tag?post=82684"}],"curies":[{"name":"wp","href":"https:\/\/api.w.org\/{rel}","templated":true}]}}