{"id":82709,"date":"2023-08-29T18:25:31","date_gmt":"2023-08-29T18:25:31","guid":{"rendered":"https:\/\/bobimarket.pl\/index.php\/produkt\/prowadnica-do-weza-ogrodowego-wbijana-rolka\/"},"modified":"2025-05-25T17:41:26","modified_gmt":"2025-05-25T17:41:26","slug":"prowadnica-do-weza-ogrodowego-wbijana-rolka","status":"publish","type":"product","link":"https:\/\/bobimarket.pl\/index.php\/produkt\/prowadnica-do-weza-ogrodowego-wbijana-rolka\/","title":{"rendered":"PROWADNICA DO W\u0118\u017bA OGRODOWEGO WBIJANA ROLKA"},"content":{"rendered":"<section class=\"section\">\n<div class=\"item item-6\">\n<section class=\"image-item\">\n            <img decoding=\"async\" src=\"https:\/\/upload.cdn.baselinker.com\/products\/14476\/61fb0eadbff2d832522b093612a9b343.jpg\" \/><br \/>\n        <\/section>\n<\/p><\/div>\n<div class=\"item item-6\">\n<section class=\"text-item\">\n<h2>PROWADNICA DO W\u0118\u017bA OGRODOWEGO WBIJANA ROLKA<\/h2>\n<p><b>Dane techniczne:<\/b><\/p>\n<ul>\n<li>D\u0142ugo\u015b\u0107 ca\u0142kowita: <b>270 mm<\/b><\/li>\n<li>D\u0142ugo\u015b\u0107 szpilki:<b> 150 mm<\/b><\/li>\n<li>Materia\u0142: <b>stal\/tworzywo<\/b><\/li>\n<li>Max. \u015brednica w\u0119\u017ca:<b> 33 mm <\/b><\/li>\n<\/ul>\n<\/section><\/div>\n<\/section>\n<section class=\"section\">\n<div class=\"item item-6\">\n<section class=\"image-item\">\n            <img decoding=\"async\" src=\"https:\/\/upload.cdn.baselinker.com\/products\/14476\/e4f99f7ad3db15cc1c305a468fbfd7a8.jpg\" \/><br \/>\n        <\/section>\n<\/p><\/div>\n<div class=\"item item-6\">\n<section class=\"text-item\">\n<p><b>Proste i przydatne urz\u0105dzenie do twojego ogrodu!<\/b><\/p>\n<p>Prowadnica do w\u0119\u017ca ogrodowego<b> mocowana do ziemi<\/b>. Pasuje do w\u0119\u017cy o maksymalnej \u015brednicy zewn\u0119trznej<b> 33 mm<\/b>. Wyposa\u017cona w 2 rolki, kt\u00f3re umo\u017cliwiaj\u0105 przesuwanie w\u0119\u017ca w dowolnie wybranym kierunku.<\/p>\n<ul>\n<li>Sprz\u0119t jest <b>prosty w monta\u017cu<\/b>, nie wymaga u\u017cywania dodatkowych narz\u0119dzi. Wystarczy wbi\u0107 prowadnic\u0119 w ziemi\u0119 we wcze\u015bniej wybranym miejscu.\u00a0<\/li>\n<\/ul>\n<p><b>\u2705<\/b><b> Zastosowanie:<\/b><\/p>\n<ul>\n<li>Prowadnica <b>zapobiega pl\u0105tanie si\u0119 w\u0119\u017ca<\/b> i umo\u017cliwia jego roz\u0142o\u017cenie bez zagi\u0119\u0107 i za\u0142ama\u0144.\u00a0<\/li>\n<li>Uzycie kilku prowadnic <b>pomaga w rozmieszczeniu w\u0119\u017ca<\/b> w ogrodzie, tak aby nie po\u0142ama\u0107 delikatnych kwiat\u00f3w i nie zniszczy\u0107 rabatek.<\/li>\n<\/ul>\n<\/section><\/div>\n<\/section>\n<section class=\"section\">\n<div class=\"item item-6\">\n<section class=\"image-item\">\n            <img decoding=\"async\" src=\"https:\/\/upload.cdn.baselinker.com\/products\/14476\/fd5254a3b8200bb8b37d21820f9b81aa.jpg\" \/><br \/>\n        <\/section>\n<\/p><\/div>\n<div class=\"item item-6\">\n<section class=\"image-item\">\n            <img decoding=\"async\" src=\"https:\/\/upload.cdn.baselinker.com\/products\/14476\/ce3d148b59cf883ea79e787b487b51df.jpg\" \/><br \/>\n        <\/section>\n<\/p><\/div>\n<\/section>\n","protected":false},"excerpt":{"rendered":"<p>PROWADNICA DO W\u0118\u017bA OGRODOWEGO WBIJANA ROLKA Dane techniczne: D\u0142ugo\u015b\u0107 ca\u0142kowita: 270 mm D\u0142ugo\u015b\u0107 szpilki: 150 mm Materia\u0142: stal\/tworzywo Max. \u015brednica w\u0119\u017ca: 33 mm Proste i przydatne urz\u0105dzenie do twojego ogrodu! Prowadnica do w\u0119\u017ca ogrodowego mocowana do ziemi. Pasuje do w\u0119\u017cy o maksymalnej \u015brednicy zewn\u0119trznej 33 mm. Wyposa\u017cona w 2 rolki, kt\u00f3re umo\u017cliwiaj\u0105 przesuwanie w\u0119\u017ca w<br \/><a class=\"more-link\" href=\"https:\/\/bobimarket.pl\/index.php\/produkt\/prowadnica-do-weza-ogrodowego-wbijana-rolka\/\"><br \/>\n        Czytaj wi\u0119cej<span class=\"screen-reader-text\"> &#8222;PROWADNICA DO W\u0118\u017bA OGRODOWEGO WBIJANA ROLKA&#8221;<\/span><\/a><\/p>\n","protected":false},"featured_media":82702,"template":"","meta":[],"product_cat":[8230],"product_tag":[],"yoast_head":"<!-- This site is optimized with the Yoast SEO plugin v21.0 - https:\/\/yoast.com\/wordpress\/plugins\/seo\/ -->\n<title>PROWADNICA DO W\u0118\u017bA OGRODOWEGO WBIJANA ROLKA - BOBIMARKET.pl - Remontuj i urz\u0105dzaj z nami<\/title>\n<meta name=\"robots\" content=\"index, follow, max-snippet:-1, max-image-preview:large, max-video-preview:-1\" \/>\n<link rel=\"canonical\" href=\"https:\/\/bobimarket.pl\/index.php\/produkt\/prowadnica-do-weza-ogrodowego-wbijana-rolka\/\" \/>\n<meta property=\"og:locale\" content=\"pl_PL\" \/>\n<meta property=\"og:type\" content=\"article\" \/>\n<meta property=\"og:title\" content=\"PROWADNICA DO W\u0118\u017bA OGRODOWEGO WBIJANA ROLKA - BOBIMARKET.pl - Remontuj i urz\u0105dzaj z nami\" \/>\n<meta property=\"og:description\" content=\"PROWADNICA DO W\u0118\u017bA OGRODOWEGO WBIJANA ROLKA Dane techniczne: D\u0142ugo\u015b\u0107 ca\u0142kowita: 270 mm D\u0142ugo\u015b\u0107 szpilki: 150 mm Materia\u0142: stal\/tworzywo Max. \u015brednica w\u0119\u017ca: 33 mm Proste i przydatne urz\u0105dzenie do twojego ogrodu! Prowadnica do w\u0119\u017ca ogrodowego mocowana do ziemi. Pasuje do w\u0119\u017cy o maksymalnej \u015brednicy zewn\u0119trznej 33 mm. Wyposa\u017cona w 2 rolki, kt\u00f3re umo\u017cliwiaj\u0105 przesuwanie w\u0119\u017ca w     Czytaj wi\u0119cej &quot;PROWADNICA DO W\u0118\u017bA OGRODOWEGO WBIJANA ROLKA&quot;\" \/>\n<meta property=\"og:url\" content=\"https:\/\/bobimarket.pl\/index.php\/produkt\/prowadnica-do-weza-ogrodowego-wbijana-rolka\/\" \/>\n<meta property=\"og:site_name\" content=\"BOBIMARKET.pl - Remontuj i urz\u0105dzaj z nami\" \/>\n<meta property=\"article:modified_time\" content=\"2025-05-25T17:41:26+00:00\" \/>\n<meta property=\"og:image\" content=\"https:\/\/upload.cdn.baselinker.com\/products\/14476\/61fb0eadbff2d832522b093612a9b343.jpg\" \/>\n<meta name=\"twitter:card\" content=\"summary_large_image\" \/>\n<meta name=\"twitter:label1\" content=\"Szacowany czas czytania\" \/>\n\t<meta name=\"twitter:data1\" content=\"1 minuta\" \/>\n<script type=\"application\/ld+json\" class=\"yoast-schema-graph\">{\"@context\":\"https:\/\/schema.org\",\"@graph\":[{\"@type\":\"WebPage\",\"@id\":\"https:\/\/bobimarket.pl\/index.php\/produkt\/prowadnica-do-weza-ogrodowego-wbijana-rolka\/\",\"url\":\"https:\/\/bobimarket.pl\/index.php\/produkt\/prowadnica-do-weza-ogrodowego-wbijana-rolka\/\",\"name\":\"PROWADNICA DO W\u0118\u017bA OGRODOWEGO WBIJANA ROLKA - BOBIMARKET.pl - Remontuj i urz\u0105dzaj z nami\",\"isPartOf\":{\"@id\":\"https:\/\/bobimarket.pl\/#website\"},\"datePublished\":\"2023-08-29T18:25:31+00:00\",\"dateModified\":\"2025-05-25T17:41:26+00:00\",\"breadcrumb\":{\"@id\":\"https:\/\/bobimarket.pl\/index.php\/produkt\/prowadnica-do-weza-ogrodowego-wbijana-rolka\/#breadcrumb\"},\"inLanguage\":\"pl-PL\",\"potentialAction\":[{\"@type\":\"ReadAction\",\"target\":[\"https:\/\/bobimarket.pl\/index.php\/produkt\/prowadnica-do-weza-ogrodowego-wbijana-rolka\/\"]}]},{\"@type\":\"BreadcrumbList\",\"@id\":\"https:\/\/bobimarket.pl\/index.php\/produkt\/prowadnica-do-weza-ogrodowego-wbijana-rolka\/#breadcrumb\",\"itemListElement\":[{\"@type\":\"ListItem\",\"position\":1,\"name\":\"Strona g\u0142\u00f3wna\",\"item\":\"https:\/\/bobimarket.pl\/\"},{\"@type\":\"ListItem\",\"position\":2,\"name\":\"Sklep\",\"item\":\"https:\/\/bobimarket.pl\/index.php\/shop\/\"},{\"@type\":\"ListItem\",\"position\":3,\"name\":\"PROWADNICA DO W\u0118\u017bA OGRODOWEGO WBIJANA ROLKA\"}]},{\"@type\":\"WebSite\",\"@id\":\"https:\/\/bobimarket.pl\/#website\",\"url\":\"https:\/\/bobimarket.pl\/\",\"name\":\"BOBIMARKET.pl - Remontuj i urz\u0105dzaj z nami\",\"description\":\"Remontuj i urz\u0105dzaj z nami\",\"publisher\":{\"@id\":\"https:\/\/bobimarket.pl\/#organization\"},\"potentialAction\":[{\"@type\":\"SearchAction\",\"target\":{\"@type\":\"EntryPoint\",\"urlTemplate\":\"https:\/\/bobimarket.pl\/?s={search_term_string}\"},\"query-input\":\"required name=search_term_string\"}],\"inLanguage\":\"pl-PL\"},{\"@type\":\"Organization\",\"@id\":\"https:\/\/bobimarket.pl\/#organization\",\"name\":\"BOBIMARKET.pl\",\"url\":\"https:\/\/bobimarket.pl\/\",\"logo\":{\"@type\":\"ImageObject\",\"inLanguage\":\"pl-PL\",\"@id\":\"https:\/\/bobimarket.pl\/#\/schema\/logo\/image\/\",\"url\":\"https:\/\/bobimarket.pl\/wp-content\/uploads\/2021\/11\/slogan.png\",\"contentUrl\":\"https:\/\/bobimarket.pl\/wp-content\/uploads\/2021\/11\/slogan.png\",\"width\":2000,\"height\":384,\"caption\":\"BOBIMARKET.pl\"},\"image\":{\"@id\":\"https:\/\/bobimarket.pl\/#\/schema\/logo\/image\/\"}}]}<\/script>\n<!-- \/ Yoast SEO plugin. -->","yoast_head_json":{"title":"PROWADNICA DO W\u0118\u017bA OGRODOWEGO WBIJANA ROLKA - BOBIMARKET.pl - Remontuj i urz\u0105dzaj z nami","robots":{"index":"index","follow":"follow","max-snippet":"max-snippet:-1","max-image-preview":"max-image-preview:large","max-video-preview":"max-video-preview:-1"},"canonical":"https:\/\/bobimarket.pl\/index.php\/produkt\/prowadnica-do-weza-ogrodowego-wbijana-rolka\/","og_locale":"pl_PL","og_type":"article","og_title":"PROWADNICA DO W\u0118\u017bA OGRODOWEGO WBIJANA ROLKA - BOBIMARKET.pl - Remontuj i urz\u0105dzaj z nami","og_description":"PROWADNICA DO W\u0118\u017bA OGRODOWEGO WBIJANA ROLKA Dane techniczne: D\u0142ugo\u015b\u0107 ca\u0142kowita: 270 mm D\u0142ugo\u015b\u0107 szpilki: 150 mm Materia\u0142: stal\/tworzywo Max. \u015brednica w\u0119\u017ca: 33 mm Proste i przydatne urz\u0105dzenie do twojego ogrodu! Prowadnica do w\u0119\u017ca ogrodowego mocowana do ziemi. Pasuje do w\u0119\u017cy o maksymalnej \u015brednicy zewn\u0119trznej 33 mm. Wyposa\u017cona w 2 rolki, kt\u00f3re umo\u017cliwiaj\u0105 przesuwanie w\u0119\u017ca w     Czytaj wi\u0119cej \"PROWADNICA DO W\u0118\u017bA OGRODOWEGO WBIJANA ROLKA\"","og_url":"https:\/\/bobimarket.pl\/index.php\/produkt\/prowadnica-do-weza-ogrodowego-wbijana-rolka\/","og_site_name":"BOBIMARKET.pl - Remontuj i urz\u0105dzaj z nami","article_modified_time":"2025-05-25T17:41:26+00:00","og_image":[{"url":"https:\/\/upload.cdn.baselinker.com\/products\/14476\/61fb0eadbff2d832522b093612a9b343.jpg"}],"twitter_card":"summary_large_image","twitter_misc":{"Szacowany czas czytania":"1 minuta"},"schema":{"@context":"https:\/\/schema.org","@graph":[{"@type":"WebPage","@id":"https:\/\/bobimarket.pl\/index.php\/produkt\/prowadnica-do-weza-ogrodowego-wbijana-rolka\/","url":"https:\/\/bobimarket.pl\/index.php\/produkt\/prowadnica-do-weza-ogrodowego-wbijana-rolka\/","name":"PROWADNICA DO W\u0118\u017bA OGRODOWEGO WBIJANA ROLKA - BOBIMARKET.pl - Remontuj i urz\u0105dzaj z nami","isPartOf":{"@id":"https:\/\/bobimarket.pl\/#website"},"datePublished":"2023-08-29T18:25:31+00:00","dateModified":"2025-05-25T17:41:26+00:00","breadcrumb":{"@id":"https:\/\/bobimarket.pl\/index.php\/produkt\/prowadnica-do-weza-ogrodowego-wbijana-rolka\/#breadcrumb"},"inLanguage":"pl-PL","potentialAction":[{"@type":"ReadAction","target":["https:\/\/bobimarket.pl\/index.php\/produkt\/prowadnica-do-weza-ogrodowego-wbijana-rolka\/"]}]},{"@type":"BreadcrumbList","@id":"https:\/\/bobimarket.pl\/index.php\/produkt\/prowadnica-do-weza-ogrodowego-wbijana-rolka\/#breadcrumb","itemListElement":[{"@type":"ListItem","position":1,"name":"Strona g\u0142\u00f3wna","item":"https:\/\/bobimarket.pl\/"},{"@type":"ListItem","position":2,"name":"Sklep","item":"https:\/\/bobimarket.pl\/index.php\/shop\/"},{"@type":"ListItem","position":3,"name":"PROWADNICA DO W\u0118\u017bA OGRODOWEGO WBIJANA ROLKA"}]},{"@type":"WebSite","@id":"https:\/\/bobimarket.pl\/#website","url":"https:\/\/bobimarket.pl\/","name":"BOBIMARKET.pl - Remontuj i urz\u0105dzaj z nami","description":"Remontuj i urz\u0105dzaj z nami","publisher":{"@id":"https:\/\/bobimarket.pl\/#organization"},"potentialAction":[{"@type":"SearchAction","target":{"@type":"EntryPoint","urlTemplate":"https:\/\/bobimarket.pl\/?s={search_term_string}"},"query-input":"required name=search_term_string"}],"inLanguage":"pl-PL"},{"@type":"Organization","@id":"https:\/\/bobimarket.pl\/#organization","name":"BOBIMARKET.pl","url":"https:\/\/bobimarket.pl\/","logo":{"@type":"ImageObject","inLanguage":"pl-PL","@id":"https:\/\/bobimarket.pl\/#\/schema\/logo\/image\/","url":"https:\/\/bobimarket.pl\/wp-content\/uploads\/2021\/11\/slogan.png","contentUrl":"https:\/\/bobimarket.pl\/wp-content\/uploads\/2021\/11\/slogan.png","width":2000,"height":384,"caption":"BOBIMARKET.pl"},"image":{"@id":"https:\/\/bobimarket.pl\/#\/schema\/logo\/image\/"}}]}},"_links":{"self":[{"href":"https:\/\/bobimarket.pl\/index.php\/wp-json\/wp\/v2\/product\/82709"}],"collection":[{"href":"https:\/\/bobimarket.pl\/index.php\/wp-json\/wp\/v2\/product"}],"about":[{"href":"https:\/\/bobimarket.pl\/index.php\/wp-json\/wp\/v2\/types\/product"}],"wp:featuredmedia":[{"embeddable":true,"href":"https:\/\/bobimarket.pl\/index.php\/wp-json\/wp\/v2\/media\/82702"}],"wp:attachment":[{"href":"https:\/\/bobimarket.pl\/index.php\/wp-json\/wp\/v2\/media?parent=82709"}],"wp:term":[{"taxonomy":"product_cat","embeddable":true,"href":"https:\/\/bobimarket.pl\/index.php\/wp-json\/wp\/v2\/product_cat?post=82709"},{"taxonomy":"product_tag","embeddable":true,"href":"https:\/\/bobimarket.pl\/index.php\/wp-json\/wp\/v2\/product_tag?post=82709"}],"curies":[{"name":"wp","href":"https:\/\/api.w.org\/{rel}","templated":true}]}}