{"id":82717,"date":"2023-08-29T18:25:56","date_gmt":"2023-08-29T18:25:56","guid":{"rendered":"https:\/\/bobimarket.pl\/index.php\/produkt\/kuchenka-turystyczna-przenosna-kartusz-piezo\/"},"modified":"2025-02-27T13:55:51","modified_gmt":"2025-02-27T13:55:51","slug":"kuchenka-turystyczna-przenosna-kartusz-piezo","status":"publish","type":"product","link":"https:\/\/bobimarket.pl\/index.php\/produkt\/kuchenka-turystyczna-przenosna-kartusz-piezo\/","title":{"rendered":"KUCHENKA TURYSTYCZNA PRZENO\u015aNA KARTUSZ PIEZO"},"content":{"rendered":"<section class=\"section\">\n<div class=\"item item-6\">\n<section class=\"text-item\">\n<h2>KUCHENKA TURYSTYCZNA PRZENO\u015aNA KARTUSZ PIEZO<\/h2>\n<p><b>Dane techniczne:<\/b><\/p>\n<ul>\n<li>Zu\u017cycie gazu:<b> 90 g\/h<\/b><\/li>\n<li>Gaz zasilaj\u0105cy: <b>propan-butan<\/b><\/li>\n<li>Kartusze wymienne: <b>190 g<\/b><\/li>\n<li>Wymiary produktu: <b>20 x 13,5 cm<\/b><\/li>\n<li><b>Certyfikat CE<\/b><\/li>\n<\/ul>\n<\/section><\/div>\n<div class=\"item item-6\">\n<section class=\"image-item\"><img decoding=\"async\" src=\"https:\/\/upload.cdn.baselinker.com\/products\/14476\/5902ced95f6919d5b2ee214a407c2f79.jpg\"><\/section>\n<\/p><\/div>\n<\/section>\n<section class=\"section\">\n<div class=\"item item-6\">\n<section class=\"image-item\"><img decoding=\"async\" src=\"https:\/\/upload.cdn.baselinker.com\/products\/14476\/493903c8ab22ee0c3708b06f9122421e.jpg\"><\/section>\n<\/p><\/div>\n<div class=\"item item-6\">\n<section class=\"text-item\">\n<p><b>Lekka, niezwykle prosta i wygodna w u\u017cytkowaniu kuchenka turystyczna<\/b><\/p>\n<p>Kuchenka turystyczna z zap\u0142onem piezo przeznaczona do u\u017cytku zewn\u0119trznego. Odporna na korozj\u0119 obudowa wykonana ze stali nierdzewnej i tworzywa. Wyposa\u017cona w trzy punkty podparcia na palniku, kt\u00f3re zapewniaj\u0105 stabilno\u015b\u0107. \u015arednica podstawki palnika wynosi 13,5 cm.<\/p>\n<ul>\n<li>Zap\u0142on piezo przy\u015bpiesza i u\u0142atwia proces uruchamiania. Po naci\u015bni\u0119ciu w\u0142\u0105cznika, kuchenka jest gotowa do pracy<\/li>\n<li>Zasilana gazem z kartuszy, sprawia, \u017ce jest kompaktowa i mo\u017ce by\u0107 u\u017cywana na ma\u0142ej przestrzeni.<\/li>\n<li>Regulacja mocy p\u0142omienia.<\/li>\n<\/ul>\n<\/section><\/div>\n<\/section>\n<section class=\"section\">\n<div class=\"item item-6\">\n<section class=\"text-item\">\n<p>Przeno\u015bna kuchenka gazowa idealnie sprawdzi si\u0119 podczas turystycznych wycieczek lub biwak\u00f3w. Umo\u017cliwia przyrz\u0105dzenie ciep\u0142ego posi\u0142ki w plenerze.<\/p>\n<p><b>\u2705<\/b><b> Sprz\u0119t posiada wiele zalet:<\/b><\/p>\n<ul>\n<li>Jest lekka i \u0142atwa w transporcie.<\/li>\n<li>Nie zajmuje du\u017co miejsca.<\/li>\n<li>Zasilana standardowym kartuszem 190.<\/li>\n<\/ul>\n<\/section><\/div>\n<div class=\"item item-6\">\n<section class=\"image-item\"><img decoding=\"async\" src=\"https:\/\/upload.cdn.baselinker.com\/products\/14476\/5902ced95f6919d5b2ee214a407c2f79.jpg\"><\/section>\n<\/p><\/div>\n<\/section>\n","protected":false},"excerpt":{"rendered":"<p>KUCHENKA TURYSTYCZNA PRZENO\u015aNA KARTUSZ PIEZO Dane techniczne: Zu\u017cycie gazu: 90 g\/h Gaz zasilaj\u0105cy: propan-butan Kartusze wymienne: 190 g Wymiary produktu: 20 x 13,5 cm Certyfikat CE Lekka, niezwykle prosta i wygodna w u\u017cytkowaniu kuchenka turystyczna Kuchenka turystyczna z zap\u0142onem piezo przeznaczona do u\u017cytku zewn\u0119trznego. Odporna na korozj\u0119 obudowa wykonana ze stali nierdzewnej i tworzywa. Wyposa\u017cona<br \/><a class=\"more-link\" href=\"https:\/\/bobimarket.pl\/index.php\/produkt\/kuchenka-turystyczna-przenosna-kartusz-piezo\/\"><br \/>\n        Czytaj wi\u0119cej<span class=\"screen-reader-text\"> &#8222;KUCHENKA TURYSTYCZNA PRZENO\u015aNA KARTUSZ PIEZO&#8221;<\/span><\/a><\/p>\n","protected":false},"featured_media":82710,"template":"","meta":[],"product_cat":[8153],"product_tag":[],"yoast_head":"<!-- This site is optimized with the Yoast SEO plugin v21.0 - https:\/\/yoast.com\/wordpress\/plugins\/seo\/ -->\n<title>KUCHENKA TURYSTYCZNA PRZENO\u015aNA KARTUSZ PIEZO - BOBIMARKET.pl - Remontuj i urz\u0105dzaj z nami<\/title>\n<meta name=\"robots\" content=\"index, follow, max-snippet:-1, max-image-preview:large, max-video-preview:-1\" \/>\n<link rel=\"canonical\" href=\"https:\/\/bobimarket.pl\/index.php\/produkt\/kuchenka-turystyczna-przenosna-kartusz-piezo\/\" \/>\n<meta property=\"og:locale\" content=\"pl_PL\" \/>\n<meta property=\"og:type\" content=\"article\" \/>\n<meta property=\"og:title\" content=\"KUCHENKA TURYSTYCZNA PRZENO\u015aNA KARTUSZ PIEZO - BOBIMARKET.pl - Remontuj i urz\u0105dzaj z nami\" \/>\n<meta property=\"og:description\" content=\"KUCHENKA TURYSTYCZNA PRZENO\u015aNA KARTUSZ PIEZO Dane techniczne: Zu\u017cycie gazu: 90 g\/h Gaz zasilaj\u0105cy: propan-butan Kartusze wymienne: 190 g Wymiary produktu: 20 x 13,5 cm Certyfikat CE Lekka, niezwykle prosta i wygodna w u\u017cytkowaniu kuchenka turystyczna Kuchenka turystyczna z zap\u0142onem piezo przeznaczona do u\u017cytku zewn\u0119trznego. Odporna na korozj\u0119 obudowa wykonana ze stali nierdzewnej i tworzywa. Wyposa\u017cona     Czytaj wi\u0119cej &quot;KUCHENKA TURYSTYCZNA PRZENO\u015aNA KARTUSZ PIEZO&quot;\" \/>\n<meta property=\"og:url\" content=\"https:\/\/bobimarket.pl\/index.php\/produkt\/kuchenka-turystyczna-przenosna-kartusz-piezo\/\" \/>\n<meta property=\"og:site_name\" content=\"BOBIMARKET.pl - Remontuj i urz\u0105dzaj z nami\" \/>\n<meta property=\"article:modified_time\" content=\"2025-02-27T13:55:51+00:00\" \/>\n<meta property=\"og:image\" content=\"https:\/\/upload.cdn.baselinker.com\/products\/14476\/5902ced95f6919d5b2ee214a407c2f79.jpg\" \/>\n<meta name=\"twitter:card\" content=\"summary_large_image\" \/>\n<meta name=\"twitter:label1\" content=\"Szacowany czas czytania\" \/>\n\t<meta name=\"twitter:data1\" content=\"1 minuta\" \/>\n<script type=\"application\/ld+json\" class=\"yoast-schema-graph\">{\"@context\":\"https:\/\/schema.org\",\"@graph\":[{\"@type\":\"WebPage\",\"@id\":\"https:\/\/bobimarket.pl\/index.php\/produkt\/kuchenka-turystyczna-przenosna-kartusz-piezo\/\",\"url\":\"https:\/\/bobimarket.pl\/index.php\/produkt\/kuchenka-turystyczna-przenosna-kartusz-piezo\/\",\"name\":\"KUCHENKA TURYSTYCZNA PRZENO\u015aNA KARTUSZ PIEZO - BOBIMARKET.pl - Remontuj i urz\u0105dzaj z nami\",\"isPartOf\":{\"@id\":\"https:\/\/bobimarket.pl\/#website\"},\"datePublished\":\"2023-08-29T18:25:56+00:00\",\"dateModified\":\"2025-02-27T13:55:51+00:00\",\"breadcrumb\":{\"@id\":\"https:\/\/bobimarket.pl\/index.php\/produkt\/kuchenka-turystyczna-przenosna-kartusz-piezo\/#breadcrumb\"},\"inLanguage\":\"pl-PL\",\"potentialAction\":[{\"@type\":\"ReadAction\",\"target\":[\"https:\/\/bobimarket.pl\/index.php\/produkt\/kuchenka-turystyczna-przenosna-kartusz-piezo\/\"]}]},{\"@type\":\"BreadcrumbList\",\"@id\":\"https:\/\/bobimarket.pl\/index.php\/produkt\/kuchenka-turystyczna-przenosna-kartusz-piezo\/#breadcrumb\",\"itemListElement\":[{\"@type\":\"ListItem\",\"position\":1,\"name\":\"Strona g\u0142\u00f3wna\",\"item\":\"https:\/\/bobimarket.pl\/\"},{\"@type\":\"ListItem\",\"position\":2,\"name\":\"Sklep\",\"item\":\"https:\/\/bobimarket.pl\/index.php\/shop\/\"},{\"@type\":\"ListItem\",\"position\":3,\"name\":\"KUCHENKA TURYSTYCZNA PRZENO\u015aNA KARTUSZ PIEZO\"}]},{\"@type\":\"WebSite\",\"@id\":\"https:\/\/bobimarket.pl\/#website\",\"url\":\"https:\/\/bobimarket.pl\/\",\"name\":\"BOBIMARKET.pl - Remontuj i urz\u0105dzaj z nami\",\"description\":\"Remontuj i urz\u0105dzaj z nami\",\"publisher\":{\"@id\":\"https:\/\/bobimarket.pl\/#organization\"},\"potentialAction\":[{\"@type\":\"SearchAction\",\"target\":{\"@type\":\"EntryPoint\",\"urlTemplate\":\"https:\/\/bobimarket.pl\/?s={search_term_string}\"},\"query-input\":\"required name=search_term_string\"}],\"inLanguage\":\"pl-PL\"},{\"@type\":\"Organization\",\"@id\":\"https:\/\/bobimarket.pl\/#organization\",\"name\":\"BOBIMARKET.pl\",\"url\":\"https:\/\/bobimarket.pl\/\",\"logo\":{\"@type\":\"ImageObject\",\"inLanguage\":\"pl-PL\",\"@id\":\"https:\/\/bobimarket.pl\/#\/schema\/logo\/image\/\",\"url\":\"https:\/\/bobimarket.pl\/wp-content\/uploads\/2021\/11\/slogan.png\",\"contentUrl\":\"https:\/\/bobimarket.pl\/wp-content\/uploads\/2021\/11\/slogan.png\",\"width\":2000,\"height\":384,\"caption\":\"BOBIMARKET.pl\"},\"image\":{\"@id\":\"https:\/\/bobimarket.pl\/#\/schema\/logo\/image\/\"}}]}<\/script>\n<!-- \/ Yoast SEO plugin. -->","yoast_head_json":{"title":"KUCHENKA TURYSTYCZNA PRZENO\u015aNA KARTUSZ PIEZO - BOBIMARKET.pl - Remontuj i urz\u0105dzaj z nami","robots":{"index":"index","follow":"follow","max-snippet":"max-snippet:-1","max-image-preview":"max-image-preview:large","max-video-preview":"max-video-preview:-1"},"canonical":"https:\/\/bobimarket.pl\/index.php\/produkt\/kuchenka-turystyczna-przenosna-kartusz-piezo\/","og_locale":"pl_PL","og_type":"article","og_title":"KUCHENKA TURYSTYCZNA PRZENO\u015aNA KARTUSZ PIEZO - BOBIMARKET.pl - Remontuj i urz\u0105dzaj z nami","og_description":"KUCHENKA TURYSTYCZNA PRZENO\u015aNA KARTUSZ PIEZO Dane techniczne: Zu\u017cycie gazu: 90 g\/h Gaz zasilaj\u0105cy: propan-butan Kartusze wymienne: 190 g Wymiary produktu: 20 x 13,5 cm Certyfikat CE Lekka, niezwykle prosta i wygodna w u\u017cytkowaniu kuchenka turystyczna Kuchenka turystyczna z zap\u0142onem piezo przeznaczona do u\u017cytku zewn\u0119trznego. Odporna na korozj\u0119 obudowa wykonana ze stali nierdzewnej i tworzywa. Wyposa\u017cona     Czytaj wi\u0119cej \"KUCHENKA TURYSTYCZNA PRZENO\u015aNA KARTUSZ PIEZO\"","og_url":"https:\/\/bobimarket.pl\/index.php\/produkt\/kuchenka-turystyczna-przenosna-kartusz-piezo\/","og_site_name":"BOBIMARKET.pl - Remontuj i urz\u0105dzaj z nami","article_modified_time":"2025-02-27T13:55:51+00:00","og_image":[{"url":"https:\/\/upload.cdn.baselinker.com\/products\/14476\/5902ced95f6919d5b2ee214a407c2f79.jpg"}],"twitter_card":"summary_large_image","twitter_misc":{"Szacowany czas czytania":"1 minuta"},"schema":{"@context":"https:\/\/schema.org","@graph":[{"@type":"WebPage","@id":"https:\/\/bobimarket.pl\/index.php\/produkt\/kuchenka-turystyczna-przenosna-kartusz-piezo\/","url":"https:\/\/bobimarket.pl\/index.php\/produkt\/kuchenka-turystyczna-przenosna-kartusz-piezo\/","name":"KUCHENKA TURYSTYCZNA PRZENO\u015aNA KARTUSZ PIEZO - BOBIMARKET.pl - Remontuj i urz\u0105dzaj z nami","isPartOf":{"@id":"https:\/\/bobimarket.pl\/#website"},"datePublished":"2023-08-29T18:25:56+00:00","dateModified":"2025-02-27T13:55:51+00:00","breadcrumb":{"@id":"https:\/\/bobimarket.pl\/index.php\/produkt\/kuchenka-turystyczna-przenosna-kartusz-piezo\/#breadcrumb"},"inLanguage":"pl-PL","potentialAction":[{"@type":"ReadAction","target":["https:\/\/bobimarket.pl\/index.php\/produkt\/kuchenka-turystyczna-przenosna-kartusz-piezo\/"]}]},{"@type":"BreadcrumbList","@id":"https:\/\/bobimarket.pl\/index.php\/produkt\/kuchenka-turystyczna-przenosna-kartusz-piezo\/#breadcrumb","itemListElement":[{"@type":"ListItem","position":1,"name":"Strona g\u0142\u00f3wna","item":"https:\/\/bobimarket.pl\/"},{"@type":"ListItem","position":2,"name":"Sklep","item":"https:\/\/bobimarket.pl\/index.php\/shop\/"},{"@type":"ListItem","position":3,"name":"KUCHENKA TURYSTYCZNA PRZENO\u015aNA KARTUSZ PIEZO"}]},{"@type":"WebSite","@id":"https:\/\/bobimarket.pl\/#website","url":"https:\/\/bobimarket.pl\/","name":"BOBIMARKET.pl - Remontuj i urz\u0105dzaj z nami","description":"Remontuj i urz\u0105dzaj z nami","publisher":{"@id":"https:\/\/bobimarket.pl\/#organization"},"potentialAction":[{"@type":"SearchAction","target":{"@type":"EntryPoint","urlTemplate":"https:\/\/bobimarket.pl\/?s={search_term_string}"},"query-input":"required name=search_term_string"}],"inLanguage":"pl-PL"},{"@type":"Organization","@id":"https:\/\/bobimarket.pl\/#organization","name":"BOBIMARKET.pl","url":"https:\/\/bobimarket.pl\/","logo":{"@type":"ImageObject","inLanguage":"pl-PL","@id":"https:\/\/bobimarket.pl\/#\/schema\/logo\/image\/","url":"https:\/\/bobimarket.pl\/wp-content\/uploads\/2021\/11\/slogan.png","contentUrl":"https:\/\/bobimarket.pl\/wp-content\/uploads\/2021\/11\/slogan.png","width":2000,"height":384,"caption":"BOBIMARKET.pl"},"image":{"@id":"https:\/\/bobimarket.pl\/#\/schema\/logo\/image\/"}}]}},"_links":{"self":[{"href":"https:\/\/bobimarket.pl\/index.php\/wp-json\/wp\/v2\/product\/82717"}],"collection":[{"href":"https:\/\/bobimarket.pl\/index.php\/wp-json\/wp\/v2\/product"}],"about":[{"href":"https:\/\/bobimarket.pl\/index.php\/wp-json\/wp\/v2\/types\/product"}],"wp:featuredmedia":[{"embeddable":true,"href":"https:\/\/bobimarket.pl\/index.php\/wp-json\/wp\/v2\/media\/82710"}],"wp:attachment":[{"href":"https:\/\/bobimarket.pl\/index.php\/wp-json\/wp\/v2\/media?parent=82717"}],"wp:term":[{"taxonomy":"product_cat","embeddable":true,"href":"https:\/\/bobimarket.pl\/index.php\/wp-json\/wp\/v2\/product_cat?post=82717"},{"taxonomy":"product_tag","embeddable":true,"href":"https:\/\/bobimarket.pl\/index.php\/wp-json\/wp\/v2\/product_tag?post=82717"}],"curies":[{"name":"wp","href":"https:\/\/api.w.org\/{rel}","templated":true}]}}