{"id":82743,"date":"2023-08-29T18:27:48","date_gmt":"2023-08-29T18:27:48","guid":{"rendered":"https:\/\/bobimarket.pl\/index.php\/produkt\/frezy-ksztaltowe-do-drewna-frez-do-frezarki-zestaw\/"},"modified":"2025-02-27T13:56:07","modified_gmt":"2025-02-27T13:56:07","slug":"frezy-ksztaltowe-do-drewna-frez-do-frezarki-zestaw","status":"publish","type":"product","link":"https:\/\/bobimarket.pl\/index.php\/produkt\/frezy-ksztaltowe-do-drewna-frez-do-frezarki-zestaw\/","title":{"rendered":"FREZY KSZTA\u0141TOWE DO DREWNA FREZ DO FREZARKI ZESTAW"},"content":{"rendered":"<section class=\"section\">\n<div class=\"item item-6\">\n<section class=\"image-item\">\n                <img decoding=\"async\" src=\"https:\/\/upload.cdn.baselinker.com\/products\/14476\/e52c41318e0ef62cc9ae2e65ca1d2108.jpg\" \/><br \/>\n            <\/section>\n<\/p><\/div>\n<div class=\"item item-6\">\n<section class=\"text-item\">\n<h2>FREZY KSZTA\u0141TOWE DO DREWNA FREZ DO FREZARKI ZESTAW<\/h2>\n<p><b>Dane techniczne:<\/b><\/p>\n<ul>\n<li>Rodzaj: <b>frez stolarski<\/b><\/li>\n<li>Materia\u0142:<b> stal szybkotn\u0105c\u0105<\/b><\/li>\n<li>Ostrza:<b> w\u0119glik spiekany <\/b><\/li>\n<li>\u015arednica trzpienia:\u00a0<b> 8 mm<\/b><\/li>\n<li>Przeznaczenie: <b>do drewna<\/b><\/li>\n<li>Zestaw zawiera <b>12 szt.<\/b><\/li>\n<\/ul>\n<\/section><\/div>\n<\/section>\n<section class=\"section\">\n<div class=\"item item-6\">\n<section class=\"image-item\">\n                <img decoding=\"async\" src=\"https:\/\/upload.cdn.baselinker.com\/products\/14476\/cc77298d94abb603d7c9b6814beaeaae.jpg\" \/><br \/>\n            <\/section>\n<\/p><\/div>\n<div class=\"item item-6\">\n<section class=\"text-item\">\n<p>Zestaw frez\u00f3w stolarskich sk\u0142adaj\u0105cy si\u0119 z<b> 12 element\u00f3w<\/b>. Ka\u017cdy z frez\u00f3w ma inn\u0105 ko\u0144c\u00f3wk\u0119, dzi\u0119ki czemu komplet jest bardzo praktyczny i funkcjonalny. Z ich pomoc\u0105 skutecznie obrobisz drewniane elementy i wykonasz prace stolarskie.<\/p>\n<p>Trzon frez\u00f3w wykonany ze <b>stali HSS<\/b>, natomiast ostrza z w\u0119glika spiekanego. G\u0142\u00f3wka frez\u00f3w dodatkowo zosta\u0142a pokryta farb\u0105<b> odporn\u0105 na wysok\u0105 temperatur\u0119<\/b><\/p>\n<ul>\n<li>Ostrza dzi\u0119ki materia\u0142\u00f3w, z kt\u00f3rego zosta\u0142y wykonane charakteryzuj\u0105 si\u0119 <b>du\u017c\u0105 odporno\u015bci\u0105 na \u015bcieranie.<\/b><\/li>\n<li>Dzi\u0119ki zastosowaniu \u0142o\u017cysku <b>op\u00f3r toczenia jest bardzo ma\u0142y<\/b> i u\u0142atwia wykonywanie prac. ( frezy nadaj\u0105 si\u0119 do ob\u0142ych kszta\u0142t\u00f3w ).<\/li>\n<\/ul>\n<\/section><\/div>\n<\/section>\n<section class=\"section\">\n<div class=\"item item-6\">\n<section class=\"image-item\">\n                <img decoding=\"async\" src=\"https:\/\/upload.cdn.baselinker.com\/products\/14476\/c017468ce334aad1c949b103abf04866.jpg\" \/><br \/>\n            <\/section>\n<\/p><\/div>\n<div class=\"item item-6\">\n<section class=\"text-item\">\n<p><b>\u2705<\/b><b> Zastosowanie:<\/b><\/p>\n<p>Frezy stolarskie\u00a0 s\u0142u\u017c\u0105 do obr\u00f3bki drewna. Pomagaj\u0105 w\u00a0 kszta\u0142towaniu i profilowaniu element\u00f3w, kraw\u0119dzi czy powierzchni.<\/p>\n<p>Komplet znajduje si\u0119 w wygodny drewnianym organizerze. Mo\u017cesz wi\u0119c przechowywa\u0107 je w bezpieczny spos\u00f3b i zadba\u0107 o porz\u0105dek w swoim warsztacie.<\/p>\n<p><b>\u2705<\/b><b> Zestaw sk\u0142ada si\u0119 z 12 r\u00f3\u017cnych frez\u00f3w.<\/b><\/p>\n<ul>\n<li><b>Frez<\/b> o \u015brednicy 12,7 mm i promieniu 6,3 mm.<\/li>\n<li><b>Frez <\/b>o \u015brednicy 22 mm i promieniu 6,3 mm.<\/li>\n<li><b>Frez <\/b>o \u015brednicy 12,7 mm i k\u0105cie 14\u00b0<\/li>\n<li><b>Frez <\/b>o \u015brednicy 32 mm i k\u0105cie 45\u00b0<\/li>\n<li><b>Frez <\/b>o \u015brednicy 12,7 mm.<\/li>\n<li><b>Frez <\/b>o \u015brednicy 16 mm.<\/li>\n<li><b>Frez <\/b>o \u015brednicy 22 mm i promieniu 6,3 mm.<\/li>\n<li><b>Frez<\/b> o \u015brednicy 12 mm.<\/li>\n<li><b>Frez <\/b>o \u015brednicy 6 mm.<\/li>\n<li><b>Frez <\/b>o \u015brednicy 28,6 mm i promieniu 9,5 mm.<\/li>\n<li><b>Frez <\/b>o \u015brednicy 12,7 mm i k\u0105cie 90\u00b0<\/li>\n<li><b>Frez <\/b>o \u015brednicy 25,4 mm.<\/li>\n<\/ul>\n<\/section><\/div>\n<\/section>\n<section class=\"section\">\n<div class=\"item item-6\">\n<section class=\"image-item\">\n                <img decoding=\"async\" src=\"https:\/\/upload.cdn.baselinker.com\/products\/14476\/f428345f092b113f8fa911a073c17615.jpg\" \/><br \/>\n            <\/section>\n<\/p><\/div>\n<div class=\"item item-6\">\n<section class=\"image-item\">\n                <img decoding=\"async\" src=\"https:\/\/upload.cdn.baselinker.com\/products\/14476\/1abb7f7beb7d8e021278ce1d6f62a389.jpg\" \/><br \/>\n            <\/section>\n<\/p><\/div>\n<\/section>\n","protected":false},"excerpt":{"rendered":"<p>FREZY KSZTA\u0141TOWE DO DREWNA FREZ DO FREZARKI ZESTAW Dane techniczne: Rodzaj: frez stolarski Materia\u0142: stal szybkotn\u0105c\u0105 Ostrza: w\u0119glik spiekany \u015arednica trzpienia:\u00a0 8 mm Przeznaczenie: do drewna Zestaw zawiera 12 szt. Zestaw frez\u00f3w stolarskich sk\u0142adaj\u0105cy si\u0119 z 12 element\u00f3w. Ka\u017cdy z frez\u00f3w ma inn\u0105 ko\u0144c\u00f3wk\u0119, dzi\u0119ki czemu komplet jest bardzo praktyczny i funkcjonalny. Z ich pomoc\u0105<br \/><a class=\"more-link\" href=\"https:\/\/bobimarket.pl\/index.php\/produkt\/frezy-ksztaltowe-do-drewna-frez-do-frezarki-zestaw\/\"><br \/>\n        Czytaj wi\u0119cej<span class=\"screen-reader-text\"> &#8222;FREZY KSZTA\u0141TOWE DO DREWNA FREZ DO FREZARKI ZESTAW&#8221;<\/span><\/a><\/p>\n","protected":false},"featured_media":82738,"template":"","meta":[],"product_cat":[8231],"product_tag":[],"yoast_head":"<!-- This site is optimized with the Yoast SEO plugin v21.0 - https:\/\/yoast.com\/wordpress\/plugins\/seo\/ -->\n<title>FREZY KSZTA\u0141TOWE DO DREWNA FREZ DO FREZARKI ZESTAW - BOBIMARKET.pl - Remontuj i urz\u0105dzaj z nami<\/title>\n<meta name=\"robots\" content=\"index, follow, max-snippet:-1, max-image-preview:large, max-video-preview:-1\" \/>\n<link rel=\"canonical\" href=\"https:\/\/bobimarket.pl\/index.php\/produkt\/frezy-ksztaltowe-do-drewna-frez-do-frezarki-zestaw\/\" \/>\n<meta property=\"og:locale\" content=\"pl_PL\" \/>\n<meta property=\"og:type\" content=\"article\" \/>\n<meta property=\"og:title\" content=\"FREZY KSZTA\u0141TOWE DO DREWNA FREZ DO FREZARKI ZESTAW - BOBIMARKET.pl - Remontuj i urz\u0105dzaj z nami\" \/>\n<meta property=\"og:description\" content=\"FREZY KSZTA\u0141TOWE DO DREWNA FREZ DO FREZARKI ZESTAW Dane techniczne: Rodzaj: frez stolarski Materia\u0142: stal szybkotn\u0105c\u0105 Ostrza: w\u0119glik spiekany \u015arednica trzpienia:\u00a0 8 mm Przeznaczenie: do drewna Zestaw zawiera 12 szt. Zestaw frez\u00f3w stolarskich sk\u0142adaj\u0105cy si\u0119 z 12 element\u00f3w. Ka\u017cdy z frez\u00f3w ma inn\u0105 ko\u0144c\u00f3wk\u0119, dzi\u0119ki czemu komplet jest bardzo praktyczny i funkcjonalny. Z ich pomoc\u0105     Czytaj wi\u0119cej &quot;FREZY KSZTA\u0141TOWE DO DREWNA FREZ DO FREZARKI ZESTAW&quot;\" \/>\n<meta property=\"og:url\" content=\"https:\/\/bobimarket.pl\/index.php\/produkt\/frezy-ksztaltowe-do-drewna-frez-do-frezarki-zestaw\/\" \/>\n<meta property=\"og:site_name\" content=\"BOBIMARKET.pl - Remontuj i urz\u0105dzaj z nami\" \/>\n<meta property=\"article:modified_time\" content=\"2025-02-27T13:56:07+00:00\" \/>\n<meta property=\"og:image\" content=\"https:\/\/upload.cdn.baselinker.com\/products\/14476\/e52c41318e0ef62cc9ae2e65ca1d2108.jpg\" \/>\n<meta name=\"twitter:card\" content=\"summary_large_image\" \/>\n<meta name=\"twitter:label1\" content=\"Szacowany czas czytania\" \/>\n\t<meta name=\"twitter:data1\" content=\"1 minuta\" \/>\n<script type=\"application\/ld+json\" class=\"yoast-schema-graph\">{\"@context\":\"https:\/\/schema.org\",\"@graph\":[{\"@type\":\"WebPage\",\"@id\":\"https:\/\/bobimarket.pl\/index.php\/produkt\/frezy-ksztaltowe-do-drewna-frez-do-frezarki-zestaw\/\",\"url\":\"https:\/\/bobimarket.pl\/index.php\/produkt\/frezy-ksztaltowe-do-drewna-frez-do-frezarki-zestaw\/\",\"name\":\"FREZY KSZTA\u0141TOWE DO DREWNA FREZ DO FREZARKI ZESTAW - BOBIMARKET.pl - Remontuj i urz\u0105dzaj z nami\",\"isPartOf\":{\"@id\":\"https:\/\/bobimarket.pl\/#website\"},\"datePublished\":\"2023-08-29T18:27:48+00:00\",\"dateModified\":\"2025-02-27T13:56:07+00:00\",\"breadcrumb\":{\"@id\":\"https:\/\/bobimarket.pl\/index.php\/produkt\/frezy-ksztaltowe-do-drewna-frez-do-frezarki-zestaw\/#breadcrumb\"},\"inLanguage\":\"pl-PL\",\"potentialAction\":[{\"@type\":\"ReadAction\",\"target\":[\"https:\/\/bobimarket.pl\/index.php\/produkt\/frezy-ksztaltowe-do-drewna-frez-do-frezarki-zestaw\/\"]}]},{\"@type\":\"BreadcrumbList\",\"@id\":\"https:\/\/bobimarket.pl\/index.php\/produkt\/frezy-ksztaltowe-do-drewna-frez-do-frezarki-zestaw\/#breadcrumb\",\"itemListElement\":[{\"@type\":\"ListItem\",\"position\":1,\"name\":\"Strona g\u0142\u00f3wna\",\"item\":\"https:\/\/bobimarket.pl\/\"},{\"@type\":\"ListItem\",\"position\":2,\"name\":\"Sklep\",\"item\":\"https:\/\/bobimarket.pl\/index.php\/shop\/\"},{\"@type\":\"ListItem\",\"position\":3,\"name\":\"FREZY KSZTA\u0141TOWE DO DREWNA FREZ DO FREZARKI ZESTAW\"}]},{\"@type\":\"WebSite\",\"@id\":\"https:\/\/bobimarket.pl\/#website\",\"url\":\"https:\/\/bobimarket.pl\/\",\"name\":\"BOBIMARKET.pl - Remontuj i urz\u0105dzaj z nami\",\"description\":\"Remontuj i urz\u0105dzaj z nami\",\"publisher\":{\"@id\":\"https:\/\/bobimarket.pl\/#organization\"},\"potentialAction\":[{\"@type\":\"SearchAction\",\"target\":{\"@type\":\"EntryPoint\",\"urlTemplate\":\"https:\/\/bobimarket.pl\/?s={search_term_string}\"},\"query-input\":\"required name=search_term_string\"}],\"inLanguage\":\"pl-PL\"},{\"@type\":\"Organization\",\"@id\":\"https:\/\/bobimarket.pl\/#organization\",\"name\":\"BOBIMARKET.pl\",\"url\":\"https:\/\/bobimarket.pl\/\",\"logo\":{\"@type\":\"ImageObject\",\"inLanguage\":\"pl-PL\",\"@id\":\"https:\/\/bobimarket.pl\/#\/schema\/logo\/image\/\",\"url\":\"https:\/\/bobimarket.pl\/wp-content\/uploads\/2021\/11\/slogan.png\",\"contentUrl\":\"https:\/\/bobimarket.pl\/wp-content\/uploads\/2021\/11\/slogan.png\",\"width\":2000,\"height\":384,\"caption\":\"BOBIMARKET.pl\"},\"image\":{\"@id\":\"https:\/\/bobimarket.pl\/#\/schema\/logo\/image\/\"}}]}<\/script>\n<!-- \/ Yoast SEO plugin. -->","yoast_head_json":{"title":"FREZY KSZTA\u0141TOWE DO DREWNA FREZ DO FREZARKI ZESTAW - BOBIMARKET.pl - Remontuj i urz\u0105dzaj z nami","robots":{"index":"index","follow":"follow","max-snippet":"max-snippet:-1","max-image-preview":"max-image-preview:large","max-video-preview":"max-video-preview:-1"},"canonical":"https:\/\/bobimarket.pl\/index.php\/produkt\/frezy-ksztaltowe-do-drewna-frez-do-frezarki-zestaw\/","og_locale":"pl_PL","og_type":"article","og_title":"FREZY KSZTA\u0141TOWE DO DREWNA FREZ DO FREZARKI ZESTAW - BOBIMARKET.pl - Remontuj i urz\u0105dzaj z nami","og_description":"FREZY KSZTA\u0141TOWE DO DREWNA FREZ DO FREZARKI ZESTAW Dane techniczne: Rodzaj: frez stolarski Materia\u0142: stal szybkotn\u0105c\u0105 Ostrza: w\u0119glik spiekany \u015arednica trzpienia:\u00a0 8 mm Przeznaczenie: do drewna Zestaw zawiera 12 szt. Zestaw frez\u00f3w stolarskich sk\u0142adaj\u0105cy si\u0119 z 12 element\u00f3w. Ka\u017cdy z frez\u00f3w ma inn\u0105 ko\u0144c\u00f3wk\u0119, dzi\u0119ki czemu komplet jest bardzo praktyczny i funkcjonalny. Z ich pomoc\u0105     Czytaj wi\u0119cej \"FREZY KSZTA\u0141TOWE DO DREWNA FREZ DO FREZARKI ZESTAW\"","og_url":"https:\/\/bobimarket.pl\/index.php\/produkt\/frezy-ksztaltowe-do-drewna-frez-do-frezarki-zestaw\/","og_site_name":"BOBIMARKET.pl - Remontuj i urz\u0105dzaj z nami","article_modified_time":"2025-02-27T13:56:07+00:00","og_image":[{"url":"https:\/\/upload.cdn.baselinker.com\/products\/14476\/e52c41318e0ef62cc9ae2e65ca1d2108.jpg"}],"twitter_card":"summary_large_image","twitter_misc":{"Szacowany czas czytania":"1 minuta"},"schema":{"@context":"https:\/\/schema.org","@graph":[{"@type":"WebPage","@id":"https:\/\/bobimarket.pl\/index.php\/produkt\/frezy-ksztaltowe-do-drewna-frez-do-frezarki-zestaw\/","url":"https:\/\/bobimarket.pl\/index.php\/produkt\/frezy-ksztaltowe-do-drewna-frez-do-frezarki-zestaw\/","name":"FREZY KSZTA\u0141TOWE DO DREWNA FREZ DO FREZARKI ZESTAW - BOBIMARKET.pl - Remontuj i urz\u0105dzaj z nami","isPartOf":{"@id":"https:\/\/bobimarket.pl\/#website"},"datePublished":"2023-08-29T18:27:48+00:00","dateModified":"2025-02-27T13:56:07+00:00","breadcrumb":{"@id":"https:\/\/bobimarket.pl\/index.php\/produkt\/frezy-ksztaltowe-do-drewna-frez-do-frezarki-zestaw\/#breadcrumb"},"inLanguage":"pl-PL","potentialAction":[{"@type":"ReadAction","target":["https:\/\/bobimarket.pl\/index.php\/produkt\/frezy-ksztaltowe-do-drewna-frez-do-frezarki-zestaw\/"]}]},{"@type":"BreadcrumbList","@id":"https:\/\/bobimarket.pl\/index.php\/produkt\/frezy-ksztaltowe-do-drewna-frez-do-frezarki-zestaw\/#breadcrumb","itemListElement":[{"@type":"ListItem","position":1,"name":"Strona g\u0142\u00f3wna","item":"https:\/\/bobimarket.pl\/"},{"@type":"ListItem","position":2,"name":"Sklep","item":"https:\/\/bobimarket.pl\/index.php\/shop\/"},{"@type":"ListItem","position":3,"name":"FREZY KSZTA\u0141TOWE DO DREWNA FREZ DO FREZARKI ZESTAW"}]},{"@type":"WebSite","@id":"https:\/\/bobimarket.pl\/#website","url":"https:\/\/bobimarket.pl\/","name":"BOBIMARKET.pl - Remontuj i urz\u0105dzaj z nami","description":"Remontuj i urz\u0105dzaj z nami","publisher":{"@id":"https:\/\/bobimarket.pl\/#organization"},"potentialAction":[{"@type":"SearchAction","target":{"@type":"EntryPoint","urlTemplate":"https:\/\/bobimarket.pl\/?s={search_term_string}"},"query-input":"required name=search_term_string"}],"inLanguage":"pl-PL"},{"@type":"Organization","@id":"https:\/\/bobimarket.pl\/#organization","name":"BOBIMARKET.pl","url":"https:\/\/bobimarket.pl\/","logo":{"@type":"ImageObject","inLanguage":"pl-PL","@id":"https:\/\/bobimarket.pl\/#\/schema\/logo\/image\/","url":"https:\/\/bobimarket.pl\/wp-content\/uploads\/2021\/11\/slogan.png","contentUrl":"https:\/\/bobimarket.pl\/wp-content\/uploads\/2021\/11\/slogan.png","width":2000,"height":384,"caption":"BOBIMARKET.pl"},"image":{"@id":"https:\/\/bobimarket.pl\/#\/schema\/logo\/image\/"}}]}},"_links":{"self":[{"href":"https:\/\/bobimarket.pl\/index.php\/wp-json\/wp\/v2\/product\/82743"}],"collection":[{"href":"https:\/\/bobimarket.pl\/index.php\/wp-json\/wp\/v2\/product"}],"about":[{"href":"https:\/\/bobimarket.pl\/index.php\/wp-json\/wp\/v2\/types\/product"}],"wp:featuredmedia":[{"embeddable":true,"href":"https:\/\/bobimarket.pl\/index.php\/wp-json\/wp\/v2\/media\/82738"}],"wp:attachment":[{"href":"https:\/\/bobimarket.pl\/index.php\/wp-json\/wp\/v2\/media?parent=82743"}],"wp:term":[{"taxonomy":"product_cat","embeddable":true,"href":"https:\/\/bobimarket.pl\/index.php\/wp-json\/wp\/v2\/product_cat?post=82743"},{"taxonomy":"product_tag","embeddable":true,"href":"https:\/\/bobimarket.pl\/index.php\/wp-json\/wp\/v2\/product_tag?post=82743"}],"curies":[{"name":"wp","href":"https:\/\/api.w.org\/{rel}","templated":true}]}}