{"id":82756,"date":"2023-08-29T18:29:01","date_gmt":"2023-08-29T18:29:01","guid":{"rendered":"https:\/\/bobimarket.pl\/index.php\/produkt\/wkretaki-zegarmistrzowskie-precyzyjne-11szt-zestaw\/"},"modified":"2025-02-27T13:56:19","modified_gmt":"2025-02-27T13:56:19","slug":"wkretaki-zegarmistrzowskie-precyzyjne-11szt-zestaw","status":"publish","type":"product","link":"https:\/\/bobimarket.pl\/index.php\/produkt\/wkretaki-zegarmistrzowskie-precyzyjne-11szt-zestaw\/","title":{"rendered":"WKR\u0118TAKI ZEGARMISTRZOWSKIE PRECYZYJNE 11szt.ZESTAW"},"content":{"rendered":"<section class=\"section\">\n<div class=\"item item-6\">\n<section class=\"image-item\">\n            <img decoding=\"async\" src=\"https:\/\/upload.cdn.baselinker.com\/products\/14476\/9912014ffe185fcb520aeec19339b1b0.jpg\" \/><br \/>\n        <\/section>\n<\/p><\/div>\n<div class=\"item item-6\">\n<section class=\"text-item\">\n<h2>WKR\u0118TAKI ZEGARMISTRZOWSKIE PRECYZYJNE 11szt. ZESTAW<\/h2>\n<p><b>Dane techniczne:<\/b><\/p>\n<ul>\n<li>Materia\u0142: aluminium\/ stal ulepszona cieplnie<\/li>\n<li>Rodzaj: zegarmistrzowskie<\/li>\n<li>Magnesowe ko\u0144c\u00f3wki<\/li>\n<\/ul>\n<p><b>Zestaw zawiera 11 element\u00f3w:<\/b><\/p>\n<ul>\n<li>wkr\u0119tak krzy\u017cowy &#8211; 0.00<\/li>\n<li>wkr\u0119tak krzy\u017cowy- 0.0<\/li>\n<li>wkr\u0119tak krzy\u017cowy- 0.1<\/li>\n<li>wkr\u0119tak p\u0142aski- 1,0 mm<\/li>\n<li>wkr\u0119tak p\u0142aski- 1,2 mm<\/li>\n<li>wkr\u0119tak p\u0142aski- 1,4 mm<\/li>\n<li>wkr\u0119tak p\u0142aski- 1,8 mm<\/li>\n<li>wkr\u0119tak p\u0142aski- 2,4 mm<\/li>\n<li>wkr\u0119tak p\u0142aski- 3,0 mm<\/li>\n<li>szpikulec AWL<\/li>\n<li>ko\u0144c\u00f3wka magnetyczna<\/li>\n<\/ul>\n<\/section><\/div>\n<\/section>\n<section class=\"section\">\n<div class=\"item item-6\">\n<section class=\"image-item\">\n            <img decoding=\"async\" src=\"https:\/\/upload.cdn.baselinker.com\/products\/14476\/9912014ffe185fcb520aeec19339b1b0.jpg\" \/><br \/>\n        <\/section>\n<\/p><\/div>\n<div class=\"item item-6\">\n<section class=\"text-item\">\n<p><b>Przydatny element wyposa\u017cenia Twojej skrzynki narz\u0119dziowej!<\/b><\/p>\n<p>Precyzyjny <b>zestaw wkr\u0119tak\u00f3w zegarmistrzowskich<\/b>. Korpus oraz ko\u0142nierz obrotowy wkr\u0119tak\u00f3w wykonany zosta\u0142 z aluminium, natomiast groty ze stali ulepszonej cieplnie.<\/p>\n<ul>\n<li>Wkr\u0119taki zako\u0144czone <b>magnesow\u0105<\/b> ko\u0144c\u00f3wk\u0105, u\u0142atwia prac\u0119, zw\u0142aszcza w trudno dost\u0119pnych miejscach.<\/li>\n<li>Idealne podczas<b> dokr\u0119cania ma\u0142ych \u015brubek<\/b> w trudno dost\u0119pnych miejscach.<\/li>\n<\/ul>\n<p><b>\u2705 Zastosowanie:<\/b><\/p>\n<p>Niezast\u0105pione we wszelkich <b>pracach wymagaj\u0105cych precyzji<\/b>: zegarmistrzowskich, jubilerskich, elektronicznych, hobbystycznych itp.<\/p>\n<\/section><\/div>\n<\/section>\n<section class=\"section\">\n<div class=\"item item-6\">\n<section class=\"image-item\">\n            <img decoding=\"async\" src=\"https:\/\/upload.cdn.baselinker.com\/products\/14476\/9912014ffe185fcb520aeec19339b1b0.jpg\" \/><br \/>\n        <\/section>\n<\/p><\/div>\n<div class=\"item item-6\">\n<section class=\"text-item\">\n<p><b>\u2705<\/b><b> Najwa\u017cniejsze zalety:<\/b><\/p>\n<ul>\n<li>Wysoka jako\u015b\u0107 u\u017cytych materia\u0142\u00f3w<\/li>\n<li>Magnesowe ko\u0144c\u00f3wki<\/li>\n<li>Ergonomiczna konstrukcja r\u0119koje\u015bci<\/li>\n<\/ul>\n<p>Komplet znajduje si\u0119 w <b>wygodny organizerze.<\/b> Mo\u017cesz wi\u0119c przechowywa\u0107 elementy zestawy w bezpieczny spos\u00f3b i zadba\u0107 o porz\u0105dek w swoim warsztacie.<\/p>\n<p><b>\u2705<\/b><b> Zestaw sk\u0142ada si\u0119 z 11 r\u00f3\u017cnych element\u00f3w<\/b><b> o r\u00f3\u017cnych parametrach technicznych: <\/b><\/p>\n<ul>\n<li>wkr\u0119tak krzy\u017cowy &#8211; 0.00<\/li>\n<li>wkr\u0119tak krzy\u017cowy- 0.0<\/li>\n<li>wkr\u0119tak krzy\u017cowy- 0.1<\/li>\n<li>wkr\u0119tak p\u0142aski- 1,0 mm<\/li>\n<li>wkr\u0119tak p\u0142aski- 1,2 mm<\/li>\n<li>wkr\u0119tak p\u0142aski- 1,4 mm<\/li>\n<li>wkr\u0119tak p\u0142aski- 1,8 mm<\/li>\n<li>wkr\u0119tak p\u0142aski- 2,4 mm<\/li>\n<li>wkr\u0119tak p\u0142aski- 3,0 mm<\/li>\n<li>szpikulec AWL<\/li>\n<li>ko\u0144c\u00f3wka magnetyczna<\/li>\n<\/ul>\n<\/section><\/div>\n<\/section>\n","protected":false},"excerpt":{"rendered":"<p>WKR\u0118TAKI ZEGARMISTRZOWSKIE PRECYZYJNE 11szt. ZESTAW Dane techniczne: Materia\u0142: aluminium\/ stal ulepszona cieplnie Rodzaj: zegarmistrzowskie Magnesowe ko\u0144c\u00f3wki Zestaw zawiera 11 element\u00f3w: wkr\u0119tak krzy\u017cowy &#8211; 0.00 wkr\u0119tak krzy\u017cowy- 0.0 wkr\u0119tak krzy\u017cowy- 0.1 wkr\u0119tak p\u0142aski- 1,0 mm wkr\u0119tak p\u0142aski- 1,2 mm wkr\u0119tak p\u0142aski- 1,4 mm wkr\u0119tak p\u0142aski- 1,8 mm wkr\u0119tak p\u0142aski- 2,4 mm wkr\u0119tak p\u0142aski- 3,0 mm szpikulec<br \/><a class=\"more-link\" href=\"https:\/\/bobimarket.pl\/index.php\/produkt\/wkretaki-zegarmistrzowskie-precyzyjne-11szt-zestaw\/\"><br \/>\n        Czytaj wi\u0119cej<span class=\"screen-reader-text\"> &#8222;WKR\u0118TAKI ZEGARMISTRZOWSKIE PRECYZYJNE 11szt.ZESTAW&#8221;<\/span><\/a><\/p>\n","protected":false},"featured_media":82755,"template":"","meta":[],"product_cat":[8071],"product_tag":[],"yoast_head":"<!-- This site is optimized with the Yoast SEO plugin v21.0 - https:\/\/yoast.com\/wordpress\/plugins\/seo\/ -->\n<title>WKR\u0118TAKI ZEGARMISTRZOWSKIE PRECYZYJNE 11szt.ZESTAW - BOBIMARKET.pl - Remontuj i urz\u0105dzaj z nami<\/title>\n<meta name=\"robots\" content=\"index, follow, max-snippet:-1, max-image-preview:large, max-video-preview:-1\" \/>\n<link rel=\"canonical\" href=\"https:\/\/bobimarket.pl\/index.php\/produkt\/wkretaki-zegarmistrzowskie-precyzyjne-11szt-zestaw\/\" \/>\n<meta property=\"og:locale\" content=\"pl_PL\" \/>\n<meta property=\"og:type\" content=\"article\" \/>\n<meta property=\"og:title\" content=\"WKR\u0118TAKI ZEGARMISTRZOWSKIE PRECYZYJNE 11szt.ZESTAW - BOBIMARKET.pl - Remontuj i urz\u0105dzaj z nami\" \/>\n<meta property=\"og:description\" content=\"WKR\u0118TAKI ZEGARMISTRZOWSKIE PRECYZYJNE 11szt. ZESTAW Dane techniczne: Materia\u0142: aluminium\/ stal ulepszona cieplnie Rodzaj: zegarmistrzowskie Magnesowe ko\u0144c\u00f3wki Zestaw zawiera 11 element\u00f3w: wkr\u0119tak krzy\u017cowy &#8211; 0.00 wkr\u0119tak krzy\u017cowy- 0.0 wkr\u0119tak krzy\u017cowy- 0.1 wkr\u0119tak p\u0142aski- 1,0 mm wkr\u0119tak p\u0142aski- 1,2 mm wkr\u0119tak p\u0142aski- 1,4 mm wkr\u0119tak p\u0142aski- 1,8 mm wkr\u0119tak p\u0142aski- 2,4 mm wkr\u0119tak p\u0142aski- 3,0 mm szpikulec     Czytaj wi\u0119cej &quot;WKR\u0118TAKI ZEGARMISTRZOWSKIE PRECYZYJNE 11szt.ZESTAW&quot;\" \/>\n<meta property=\"og:url\" content=\"https:\/\/bobimarket.pl\/index.php\/produkt\/wkretaki-zegarmistrzowskie-precyzyjne-11szt-zestaw\/\" \/>\n<meta property=\"og:site_name\" content=\"BOBIMARKET.pl - Remontuj i urz\u0105dzaj z nami\" \/>\n<meta property=\"article:modified_time\" content=\"2025-02-27T13:56:19+00:00\" \/>\n<meta property=\"og:image\" content=\"https:\/\/upload.cdn.baselinker.com\/products\/14476\/9912014ffe185fcb520aeec19339b1b0.jpg\" \/>\n<meta name=\"twitter:card\" content=\"summary_large_image\" \/>\n<meta name=\"twitter:label1\" content=\"Szacowany czas czytania\" \/>\n\t<meta name=\"twitter:data1\" content=\"1 minuta\" \/>\n<script type=\"application\/ld+json\" class=\"yoast-schema-graph\">{\"@context\":\"https:\/\/schema.org\",\"@graph\":[{\"@type\":\"WebPage\",\"@id\":\"https:\/\/bobimarket.pl\/index.php\/produkt\/wkretaki-zegarmistrzowskie-precyzyjne-11szt-zestaw\/\",\"url\":\"https:\/\/bobimarket.pl\/index.php\/produkt\/wkretaki-zegarmistrzowskie-precyzyjne-11szt-zestaw\/\",\"name\":\"WKR\u0118TAKI ZEGARMISTRZOWSKIE PRECYZYJNE 11szt.ZESTAW - BOBIMARKET.pl - Remontuj i urz\u0105dzaj z nami\",\"isPartOf\":{\"@id\":\"https:\/\/bobimarket.pl\/#website\"},\"datePublished\":\"2023-08-29T18:29:01+00:00\",\"dateModified\":\"2025-02-27T13:56:19+00:00\",\"breadcrumb\":{\"@id\":\"https:\/\/bobimarket.pl\/index.php\/produkt\/wkretaki-zegarmistrzowskie-precyzyjne-11szt-zestaw\/#breadcrumb\"},\"inLanguage\":\"pl-PL\",\"potentialAction\":[{\"@type\":\"ReadAction\",\"target\":[\"https:\/\/bobimarket.pl\/index.php\/produkt\/wkretaki-zegarmistrzowskie-precyzyjne-11szt-zestaw\/\"]}]},{\"@type\":\"BreadcrumbList\",\"@id\":\"https:\/\/bobimarket.pl\/index.php\/produkt\/wkretaki-zegarmistrzowskie-precyzyjne-11szt-zestaw\/#breadcrumb\",\"itemListElement\":[{\"@type\":\"ListItem\",\"position\":1,\"name\":\"Strona g\u0142\u00f3wna\",\"item\":\"https:\/\/bobimarket.pl\/\"},{\"@type\":\"ListItem\",\"position\":2,\"name\":\"Sklep\",\"item\":\"https:\/\/bobimarket.pl\/index.php\/shop\/\"},{\"@type\":\"ListItem\",\"position\":3,\"name\":\"WKR\u0118TAKI ZEGARMISTRZOWSKIE PRECYZYJNE 11szt.ZESTAW\"}]},{\"@type\":\"WebSite\",\"@id\":\"https:\/\/bobimarket.pl\/#website\",\"url\":\"https:\/\/bobimarket.pl\/\",\"name\":\"BOBIMARKET.pl - Remontuj i urz\u0105dzaj z nami\",\"description\":\"Remontuj i urz\u0105dzaj z nami\",\"publisher\":{\"@id\":\"https:\/\/bobimarket.pl\/#organization\"},\"potentialAction\":[{\"@type\":\"SearchAction\",\"target\":{\"@type\":\"EntryPoint\",\"urlTemplate\":\"https:\/\/bobimarket.pl\/?s={search_term_string}\"},\"query-input\":\"required name=search_term_string\"}],\"inLanguage\":\"pl-PL\"},{\"@type\":\"Organization\",\"@id\":\"https:\/\/bobimarket.pl\/#organization\",\"name\":\"BOBIMARKET.pl\",\"url\":\"https:\/\/bobimarket.pl\/\",\"logo\":{\"@type\":\"ImageObject\",\"inLanguage\":\"pl-PL\",\"@id\":\"https:\/\/bobimarket.pl\/#\/schema\/logo\/image\/\",\"url\":\"https:\/\/bobimarket.pl\/wp-content\/uploads\/2021\/11\/slogan.png\",\"contentUrl\":\"https:\/\/bobimarket.pl\/wp-content\/uploads\/2021\/11\/slogan.png\",\"width\":2000,\"height\":384,\"caption\":\"BOBIMARKET.pl\"},\"image\":{\"@id\":\"https:\/\/bobimarket.pl\/#\/schema\/logo\/image\/\"}}]}<\/script>\n<!-- \/ Yoast SEO plugin. -->","yoast_head_json":{"title":"WKR\u0118TAKI ZEGARMISTRZOWSKIE PRECYZYJNE 11szt.ZESTAW - BOBIMARKET.pl - Remontuj i urz\u0105dzaj z nami","robots":{"index":"index","follow":"follow","max-snippet":"max-snippet:-1","max-image-preview":"max-image-preview:large","max-video-preview":"max-video-preview:-1"},"canonical":"https:\/\/bobimarket.pl\/index.php\/produkt\/wkretaki-zegarmistrzowskie-precyzyjne-11szt-zestaw\/","og_locale":"pl_PL","og_type":"article","og_title":"WKR\u0118TAKI ZEGARMISTRZOWSKIE PRECYZYJNE 11szt.ZESTAW - BOBIMARKET.pl - Remontuj i urz\u0105dzaj z nami","og_description":"WKR\u0118TAKI ZEGARMISTRZOWSKIE PRECYZYJNE 11szt. ZESTAW Dane techniczne: Materia\u0142: aluminium\/ stal ulepszona cieplnie Rodzaj: zegarmistrzowskie Magnesowe ko\u0144c\u00f3wki Zestaw zawiera 11 element\u00f3w: wkr\u0119tak krzy\u017cowy &#8211; 0.00 wkr\u0119tak krzy\u017cowy- 0.0 wkr\u0119tak krzy\u017cowy- 0.1 wkr\u0119tak p\u0142aski- 1,0 mm wkr\u0119tak p\u0142aski- 1,2 mm wkr\u0119tak p\u0142aski- 1,4 mm wkr\u0119tak p\u0142aski- 1,8 mm wkr\u0119tak p\u0142aski- 2,4 mm wkr\u0119tak p\u0142aski- 3,0 mm szpikulec     Czytaj wi\u0119cej \"WKR\u0118TAKI ZEGARMISTRZOWSKIE PRECYZYJNE 11szt.ZESTAW\"","og_url":"https:\/\/bobimarket.pl\/index.php\/produkt\/wkretaki-zegarmistrzowskie-precyzyjne-11szt-zestaw\/","og_site_name":"BOBIMARKET.pl - Remontuj i urz\u0105dzaj z nami","article_modified_time":"2025-02-27T13:56:19+00:00","og_image":[{"url":"https:\/\/upload.cdn.baselinker.com\/products\/14476\/9912014ffe185fcb520aeec19339b1b0.jpg"}],"twitter_card":"summary_large_image","twitter_misc":{"Szacowany czas czytania":"1 minuta"},"schema":{"@context":"https:\/\/schema.org","@graph":[{"@type":"WebPage","@id":"https:\/\/bobimarket.pl\/index.php\/produkt\/wkretaki-zegarmistrzowskie-precyzyjne-11szt-zestaw\/","url":"https:\/\/bobimarket.pl\/index.php\/produkt\/wkretaki-zegarmistrzowskie-precyzyjne-11szt-zestaw\/","name":"WKR\u0118TAKI ZEGARMISTRZOWSKIE PRECYZYJNE 11szt.ZESTAW - BOBIMARKET.pl - Remontuj i urz\u0105dzaj z nami","isPartOf":{"@id":"https:\/\/bobimarket.pl\/#website"},"datePublished":"2023-08-29T18:29:01+00:00","dateModified":"2025-02-27T13:56:19+00:00","breadcrumb":{"@id":"https:\/\/bobimarket.pl\/index.php\/produkt\/wkretaki-zegarmistrzowskie-precyzyjne-11szt-zestaw\/#breadcrumb"},"inLanguage":"pl-PL","potentialAction":[{"@type":"ReadAction","target":["https:\/\/bobimarket.pl\/index.php\/produkt\/wkretaki-zegarmistrzowskie-precyzyjne-11szt-zestaw\/"]}]},{"@type":"BreadcrumbList","@id":"https:\/\/bobimarket.pl\/index.php\/produkt\/wkretaki-zegarmistrzowskie-precyzyjne-11szt-zestaw\/#breadcrumb","itemListElement":[{"@type":"ListItem","position":1,"name":"Strona g\u0142\u00f3wna","item":"https:\/\/bobimarket.pl\/"},{"@type":"ListItem","position":2,"name":"Sklep","item":"https:\/\/bobimarket.pl\/index.php\/shop\/"},{"@type":"ListItem","position":3,"name":"WKR\u0118TAKI ZEGARMISTRZOWSKIE PRECYZYJNE 11szt.ZESTAW"}]},{"@type":"WebSite","@id":"https:\/\/bobimarket.pl\/#website","url":"https:\/\/bobimarket.pl\/","name":"BOBIMARKET.pl - Remontuj i urz\u0105dzaj z nami","description":"Remontuj i urz\u0105dzaj z nami","publisher":{"@id":"https:\/\/bobimarket.pl\/#organization"},"potentialAction":[{"@type":"SearchAction","target":{"@type":"EntryPoint","urlTemplate":"https:\/\/bobimarket.pl\/?s={search_term_string}"},"query-input":"required name=search_term_string"}],"inLanguage":"pl-PL"},{"@type":"Organization","@id":"https:\/\/bobimarket.pl\/#organization","name":"BOBIMARKET.pl","url":"https:\/\/bobimarket.pl\/","logo":{"@type":"ImageObject","inLanguage":"pl-PL","@id":"https:\/\/bobimarket.pl\/#\/schema\/logo\/image\/","url":"https:\/\/bobimarket.pl\/wp-content\/uploads\/2021\/11\/slogan.png","contentUrl":"https:\/\/bobimarket.pl\/wp-content\/uploads\/2021\/11\/slogan.png","width":2000,"height":384,"caption":"BOBIMARKET.pl"},"image":{"@id":"https:\/\/bobimarket.pl\/#\/schema\/logo\/image\/"}}]}},"_links":{"self":[{"href":"https:\/\/bobimarket.pl\/index.php\/wp-json\/wp\/v2\/product\/82756"}],"collection":[{"href":"https:\/\/bobimarket.pl\/index.php\/wp-json\/wp\/v2\/product"}],"about":[{"href":"https:\/\/bobimarket.pl\/index.php\/wp-json\/wp\/v2\/types\/product"}],"wp:featuredmedia":[{"embeddable":true,"href":"https:\/\/bobimarket.pl\/index.php\/wp-json\/wp\/v2\/media\/82755"}],"wp:attachment":[{"href":"https:\/\/bobimarket.pl\/index.php\/wp-json\/wp\/v2\/media?parent=82756"}],"wp:term":[{"taxonomy":"product_cat","embeddable":true,"href":"https:\/\/bobimarket.pl\/index.php\/wp-json\/wp\/v2\/product_cat?post=82756"},{"taxonomy":"product_tag","embeddable":true,"href":"https:\/\/bobimarket.pl\/index.php\/wp-json\/wp\/v2\/product_tag?post=82756"}],"curies":[{"name":"wp","href":"https:\/\/api.w.org\/{rel}","templated":true}]}}