{"id":82761,"date":"2023-08-29T18:29:32","date_gmt":"2023-08-29T18:29:32","guid":{"rendered":"https:\/\/bobimarket.pl\/index.php\/produkt\/wykretaki-do-zerwanych-urwanych-srub-zestaw\/"},"modified":"2025-02-27T13:56:23","modified_gmt":"2025-02-27T13:56:23","slug":"wykretaki-do-zerwanych-urwanych-srub-zestaw","status":"publish","type":"product","link":"https:\/\/bobimarket.pl\/index.php\/produkt\/wykretaki-do-zerwanych-urwanych-srub-zestaw\/","title":{"rendered":"WYKR\u0118TAKI DO ZERWANYCH URWANYCH \u015aRUB ZESTAW"},"content":{"rendered":"<section class=\"section\">\n<div class=\"item item-6\">\n<section class=\"image-item\">\n            <img decoding=\"async\" src=\"https:\/\/upload.cdn.baselinker.com\/products\/14476\/28e461127035a5df6dd01501c86a0487.jpg\" \/><br \/>\n        <\/section>\n<\/p><\/div>\n<div class=\"item item-6\">\n<section class=\"text-item\">\n<h2>WYKR\u0118TAKI DO ZERWANYCH URWANYCH \u015aRUB ZESTAW<\/h2>\n<p>Dane techniczne:<\/p>\n<ul>\n<li>Materia\u0142:<b> stal S2<\/b><\/li>\n<li>Rozmiar: <b>1#, 2#, 3#, 4#<\/b><\/li>\n<li>Wyko\u0144czenie:<b> piaskowanie<\/b><\/li>\n<li>Zestaw zawiera 4 elementy.<\/li>\n<\/ul>\n<\/section><\/div>\n<\/section>\n<section class=\"section\">\n<div class=\"item item-6\">\n<section class=\"image-item\">\n            <img decoding=\"async\" src=\"https:\/\/upload.cdn.baselinker.com\/products\/14476\/ec5bdf620c93afe27c4c59022c7876dc.jpg\" \/><br \/>\n        <\/section>\n<\/p><\/div>\n<div class=\"item item-6\">\n<section class=\"text-item\">\n<p><b>Rozwi\u0105\u017c problem wykr\u0119cania urwanych \u015brub z naszymi wkr\u0119takami!<\/b><\/p>\n<p>Zestaw zawiera 4 wkr\u0119taki przeznaczone do wykr\u0119cania zerwanych \u015brub. Wykonane ze <b>stali S2<\/b> (stal krzemowa, twardsza od stali CrV).<\/p>\n<p>Narz\u0119dzie umo\u017cliwia <b>pozbycie si\u0119 uszkodzonej \u015bruby<\/b> bez konieczno\u015bci rozwiercania dziury i niszczenia danego elementu.<\/p>\n<\/section><\/div>\n<\/section>\n<section class=\"section\">\n<div class=\"item item-6\">\n<section class=\"image-item\">\n            <img decoding=\"async\" src=\"https:\/\/upload.cdn.baselinker.com\/products\/14476\/28e461127035a5df6dd01501c86a0487.jpg\" \/><br \/>\n        <\/section>\n<\/p><\/div>\n<div class=\"item item-6\">\n<section class=\"text-item\">\n<p><b>\u2705 Zastosowanie:<\/b><\/p>\n<p>Wkr\u0119taki \u00a0umo\u017cliwiaj\u0105 <b>usuni\u0119cie \u015bruby bez niszczenia gwintu<\/b>, a tym samym miejsce, w kt\u00f3re \u015bruba by\u0142a wkr\u0119cona r\u00f3wnie\u017c pozostaje nieuszkodzone.<\/p>\n<ul>\n<li>Nale\u017cy odpowiednio dobra\u0107 rozmiar wkr\u0119taka do \u015bruby ( tak, by obrys mie\u015bci\u0142 si\u0119 w nim, ale jednocze\u015bnie tak, aby po\u0142\u0105czenie nie by\u0142o zbyt lu\u017ane) i przy pomocy narz\u0119dzi wkr\u0119ci\u0107 si\u0119 w \u015brub\u0119.<\/li>\n<\/ul>\n<\/section><\/div>\n<\/section>\n<section class=\"section\">\n<div class=\"item item-6\">\n<section class=\"image-item\">\n            <img decoding=\"async\" src=\"https:\/\/upload.cdn.baselinker.com\/products\/14476\/28752fb2816ac59279f1bf377a8ac2bb.jpg\" \/><br \/>\n        <\/section>\n<\/p><\/div>\n<div class=\"item item-6\">\n<section class=\"text-item\">\n<p><b>\u2705 Jeszcze wi\u0119cej zalet!<\/b><\/p>\n<p>Wiert\u0142a znajduj\u0105 si\u0119 w wygodnym metalowym etui, kt\u00f3re pozwala na przechowywanie wierte\u0142 w bezpieczny \u00a0spos\u00f3b.<\/p>\n<ul>\n<li>Szczelnie zamykana kasetka zapobiega gubieniu si\u0119 poszczeg\u00f3lnych element\u00f3w. \u00a0<\/li>\n<li>U\u0142atwia \u00a0utrzymanie porz\u0105dku w warsztacie oraz pozwala na swobodne przenoszenie ca\u0142ego zestawu.<\/li>\n<\/ul>\n<\/section><\/div>\n<\/section>\n","protected":false},"excerpt":{"rendered":"<p>WYKR\u0118TAKI DO ZERWANYCH URWANYCH \u015aRUB ZESTAW Dane techniczne: Materia\u0142: stal S2 Rozmiar: 1#, 2#, 3#, 4# Wyko\u0144czenie: piaskowanie Zestaw zawiera 4 elementy. Rozwi\u0105\u017c problem wykr\u0119cania urwanych \u015brub z naszymi wkr\u0119takami! Zestaw zawiera 4 wkr\u0119taki przeznaczone do wykr\u0119cania zerwanych \u015brub. Wykonane ze stali S2 (stal krzemowa, twardsza od stali CrV). Narz\u0119dzie umo\u017cliwia pozbycie si\u0119 uszkodzonej \u015bruby<br \/><a class=\"more-link\" href=\"https:\/\/bobimarket.pl\/index.php\/produkt\/wykretaki-do-zerwanych-urwanych-srub-zestaw\/\"><br \/>\n        Czytaj wi\u0119cej<span class=\"screen-reader-text\"> &#8222;WYKR\u0118TAKI DO ZERWANYCH URWANYCH \u015aRUB ZESTAW&#8221;<\/span><\/a><\/p>\n","protected":false},"featured_media":82757,"template":"","meta":[],"product_cat":[8237],"product_tag":[],"yoast_head":"<!-- This site is optimized with the Yoast SEO plugin v21.0 - https:\/\/yoast.com\/wordpress\/plugins\/seo\/ -->\n<title>WYKR\u0118TAKI DO ZERWANYCH URWANYCH \u015aRUB ZESTAW - BOBIMARKET.pl - Remontuj i urz\u0105dzaj z nami<\/title>\n<meta name=\"robots\" content=\"index, follow, max-snippet:-1, max-image-preview:large, max-video-preview:-1\" \/>\n<link rel=\"canonical\" href=\"https:\/\/bobimarket.pl\/index.php\/produkt\/wykretaki-do-zerwanych-urwanych-srub-zestaw\/\" \/>\n<meta property=\"og:locale\" content=\"pl_PL\" \/>\n<meta property=\"og:type\" content=\"article\" \/>\n<meta property=\"og:title\" content=\"WYKR\u0118TAKI DO ZERWANYCH URWANYCH \u015aRUB ZESTAW - BOBIMARKET.pl - Remontuj i urz\u0105dzaj z nami\" \/>\n<meta property=\"og:description\" content=\"WYKR\u0118TAKI DO ZERWANYCH URWANYCH \u015aRUB ZESTAW Dane techniczne: Materia\u0142: stal S2 Rozmiar: 1#, 2#, 3#, 4# Wyko\u0144czenie: piaskowanie Zestaw zawiera 4 elementy. Rozwi\u0105\u017c problem wykr\u0119cania urwanych \u015brub z naszymi wkr\u0119takami! Zestaw zawiera 4 wkr\u0119taki przeznaczone do wykr\u0119cania zerwanych \u015brub. Wykonane ze stali S2 (stal krzemowa, twardsza od stali CrV). Narz\u0119dzie umo\u017cliwia pozbycie si\u0119 uszkodzonej \u015bruby     Czytaj wi\u0119cej &quot;WYKR\u0118TAKI DO ZERWANYCH URWANYCH \u015aRUB ZESTAW&quot;\" \/>\n<meta property=\"og:url\" content=\"https:\/\/bobimarket.pl\/index.php\/produkt\/wykretaki-do-zerwanych-urwanych-srub-zestaw\/\" \/>\n<meta property=\"og:site_name\" content=\"BOBIMARKET.pl - Remontuj i urz\u0105dzaj z nami\" \/>\n<meta property=\"article:modified_time\" content=\"2025-02-27T13:56:23+00:00\" \/>\n<meta property=\"og:image\" content=\"https:\/\/upload.cdn.baselinker.com\/products\/14476\/28e461127035a5df6dd01501c86a0487.jpg\" \/>\n<meta name=\"twitter:card\" content=\"summary_large_image\" \/>\n<meta name=\"twitter:label1\" content=\"Szacowany czas czytania\" \/>\n\t<meta name=\"twitter:data1\" content=\"1 minuta\" \/>\n<script type=\"application\/ld+json\" class=\"yoast-schema-graph\">{\"@context\":\"https:\/\/schema.org\",\"@graph\":[{\"@type\":\"WebPage\",\"@id\":\"https:\/\/bobimarket.pl\/index.php\/produkt\/wykretaki-do-zerwanych-urwanych-srub-zestaw\/\",\"url\":\"https:\/\/bobimarket.pl\/index.php\/produkt\/wykretaki-do-zerwanych-urwanych-srub-zestaw\/\",\"name\":\"WYKR\u0118TAKI DO ZERWANYCH URWANYCH \u015aRUB ZESTAW - BOBIMARKET.pl - Remontuj i urz\u0105dzaj z nami\",\"isPartOf\":{\"@id\":\"https:\/\/bobimarket.pl\/#website\"},\"datePublished\":\"2023-08-29T18:29:32+00:00\",\"dateModified\":\"2025-02-27T13:56:23+00:00\",\"breadcrumb\":{\"@id\":\"https:\/\/bobimarket.pl\/index.php\/produkt\/wykretaki-do-zerwanych-urwanych-srub-zestaw\/#breadcrumb\"},\"inLanguage\":\"pl-PL\",\"potentialAction\":[{\"@type\":\"ReadAction\",\"target\":[\"https:\/\/bobimarket.pl\/index.php\/produkt\/wykretaki-do-zerwanych-urwanych-srub-zestaw\/\"]}]},{\"@type\":\"BreadcrumbList\",\"@id\":\"https:\/\/bobimarket.pl\/index.php\/produkt\/wykretaki-do-zerwanych-urwanych-srub-zestaw\/#breadcrumb\",\"itemListElement\":[{\"@type\":\"ListItem\",\"position\":1,\"name\":\"Strona g\u0142\u00f3wna\",\"item\":\"https:\/\/bobimarket.pl\/\"},{\"@type\":\"ListItem\",\"position\":2,\"name\":\"Sklep\",\"item\":\"https:\/\/bobimarket.pl\/index.php\/shop\/\"},{\"@type\":\"ListItem\",\"position\":3,\"name\":\"WYKR\u0118TAKI DO ZERWANYCH URWANYCH \u015aRUB ZESTAW\"}]},{\"@type\":\"WebSite\",\"@id\":\"https:\/\/bobimarket.pl\/#website\",\"url\":\"https:\/\/bobimarket.pl\/\",\"name\":\"BOBIMARKET.pl - Remontuj i urz\u0105dzaj z nami\",\"description\":\"Remontuj i urz\u0105dzaj z nami\",\"publisher\":{\"@id\":\"https:\/\/bobimarket.pl\/#organization\"},\"potentialAction\":[{\"@type\":\"SearchAction\",\"target\":{\"@type\":\"EntryPoint\",\"urlTemplate\":\"https:\/\/bobimarket.pl\/?s={search_term_string}\"},\"query-input\":\"required name=search_term_string\"}],\"inLanguage\":\"pl-PL\"},{\"@type\":\"Organization\",\"@id\":\"https:\/\/bobimarket.pl\/#organization\",\"name\":\"BOBIMARKET.pl\",\"url\":\"https:\/\/bobimarket.pl\/\",\"logo\":{\"@type\":\"ImageObject\",\"inLanguage\":\"pl-PL\",\"@id\":\"https:\/\/bobimarket.pl\/#\/schema\/logo\/image\/\",\"url\":\"https:\/\/bobimarket.pl\/wp-content\/uploads\/2021\/11\/slogan.png\",\"contentUrl\":\"https:\/\/bobimarket.pl\/wp-content\/uploads\/2021\/11\/slogan.png\",\"width\":2000,\"height\":384,\"caption\":\"BOBIMARKET.pl\"},\"image\":{\"@id\":\"https:\/\/bobimarket.pl\/#\/schema\/logo\/image\/\"}}]}<\/script>\n<!-- \/ Yoast SEO plugin. -->","yoast_head_json":{"title":"WYKR\u0118TAKI DO ZERWANYCH URWANYCH \u015aRUB ZESTAW - BOBIMARKET.pl - Remontuj i urz\u0105dzaj z nami","robots":{"index":"index","follow":"follow","max-snippet":"max-snippet:-1","max-image-preview":"max-image-preview:large","max-video-preview":"max-video-preview:-1"},"canonical":"https:\/\/bobimarket.pl\/index.php\/produkt\/wykretaki-do-zerwanych-urwanych-srub-zestaw\/","og_locale":"pl_PL","og_type":"article","og_title":"WYKR\u0118TAKI DO ZERWANYCH URWANYCH \u015aRUB ZESTAW - BOBIMARKET.pl - Remontuj i urz\u0105dzaj z nami","og_description":"WYKR\u0118TAKI DO ZERWANYCH URWANYCH \u015aRUB ZESTAW Dane techniczne: Materia\u0142: stal S2 Rozmiar: 1#, 2#, 3#, 4# Wyko\u0144czenie: piaskowanie Zestaw zawiera 4 elementy. Rozwi\u0105\u017c problem wykr\u0119cania urwanych \u015brub z naszymi wkr\u0119takami! Zestaw zawiera 4 wkr\u0119taki przeznaczone do wykr\u0119cania zerwanych \u015brub. Wykonane ze stali S2 (stal krzemowa, twardsza od stali CrV). Narz\u0119dzie umo\u017cliwia pozbycie si\u0119 uszkodzonej \u015bruby     Czytaj wi\u0119cej \"WYKR\u0118TAKI DO ZERWANYCH URWANYCH \u015aRUB ZESTAW\"","og_url":"https:\/\/bobimarket.pl\/index.php\/produkt\/wykretaki-do-zerwanych-urwanych-srub-zestaw\/","og_site_name":"BOBIMARKET.pl - Remontuj i urz\u0105dzaj z nami","article_modified_time":"2025-02-27T13:56:23+00:00","og_image":[{"url":"https:\/\/upload.cdn.baselinker.com\/products\/14476\/28e461127035a5df6dd01501c86a0487.jpg"}],"twitter_card":"summary_large_image","twitter_misc":{"Szacowany czas czytania":"1 minuta"},"schema":{"@context":"https:\/\/schema.org","@graph":[{"@type":"WebPage","@id":"https:\/\/bobimarket.pl\/index.php\/produkt\/wykretaki-do-zerwanych-urwanych-srub-zestaw\/","url":"https:\/\/bobimarket.pl\/index.php\/produkt\/wykretaki-do-zerwanych-urwanych-srub-zestaw\/","name":"WYKR\u0118TAKI DO ZERWANYCH URWANYCH \u015aRUB ZESTAW - BOBIMARKET.pl - Remontuj i urz\u0105dzaj z nami","isPartOf":{"@id":"https:\/\/bobimarket.pl\/#website"},"datePublished":"2023-08-29T18:29:32+00:00","dateModified":"2025-02-27T13:56:23+00:00","breadcrumb":{"@id":"https:\/\/bobimarket.pl\/index.php\/produkt\/wykretaki-do-zerwanych-urwanych-srub-zestaw\/#breadcrumb"},"inLanguage":"pl-PL","potentialAction":[{"@type":"ReadAction","target":["https:\/\/bobimarket.pl\/index.php\/produkt\/wykretaki-do-zerwanych-urwanych-srub-zestaw\/"]}]},{"@type":"BreadcrumbList","@id":"https:\/\/bobimarket.pl\/index.php\/produkt\/wykretaki-do-zerwanych-urwanych-srub-zestaw\/#breadcrumb","itemListElement":[{"@type":"ListItem","position":1,"name":"Strona g\u0142\u00f3wna","item":"https:\/\/bobimarket.pl\/"},{"@type":"ListItem","position":2,"name":"Sklep","item":"https:\/\/bobimarket.pl\/index.php\/shop\/"},{"@type":"ListItem","position":3,"name":"WYKR\u0118TAKI DO ZERWANYCH URWANYCH \u015aRUB ZESTAW"}]},{"@type":"WebSite","@id":"https:\/\/bobimarket.pl\/#website","url":"https:\/\/bobimarket.pl\/","name":"BOBIMARKET.pl - Remontuj i urz\u0105dzaj z nami","description":"Remontuj i urz\u0105dzaj z nami","publisher":{"@id":"https:\/\/bobimarket.pl\/#organization"},"potentialAction":[{"@type":"SearchAction","target":{"@type":"EntryPoint","urlTemplate":"https:\/\/bobimarket.pl\/?s={search_term_string}"},"query-input":"required name=search_term_string"}],"inLanguage":"pl-PL"},{"@type":"Organization","@id":"https:\/\/bobimarket.pl\/#organization","name":"BOBIMARKET.pl","url":"https:\/\/bobimarket.pl\/","logo":{"@type":"ImageObject","inLanguage":"pl-PL","@id":"https:\/\/bobimarket.pl\/#\/schema\/logo\/image\/","url":"https:\/\/bobimarket.pl\/wp-content\/uploads\/2021\/11\/slogan.png","contentUrl":"https:\/\/bobimarket.pl\/wp-content\/uploads\/2021\/11\/slogan.png","width":2000,"height":384,"caption":"BOBIMARKET.pl"},"image":{"@id":"https:\/\/bobimarket.pl\/#\/schema\/logo\/image\/"}}]}},"_links":{"self":[{"href":"https:\/\/bobimarket.pl\/index.php\/wp-json\/wp\/v2\/product\/82761"}],"collection":[{"href":"https:\/\/bobimarket.pl\/index.php\/wp-json\/wp\/v2\/product"}],"about":[{"href":"https:\/\/bobimarket.pl\/index.php\/wp-json\/wp\/v2\/types\/product"}],"wp:featuredmedia":[{"embeddable":true,"href":"https:\/\/bobimarket.pl\/index.php\/wp-json\/wp\/v2\/media\/82757"}],"wp:attachment":[{"href":"https:\/\/bobimarket.pl\/index.php\/wp-json\/wp\/v2\/media?parent=82761"}],"wp:term":[{"taxonomy":"product_cat","embeddable":true,"href":"https:\/\/bobimarket.pl\/index.php\/wp-json\/wp\/v2\/product_cat?post=82761"},{"taxonomy":"product_tag","embeddable":true,"href":"https:\/\/bobimarket.pl\/index.php\/wp-json\/wp\/v2\/product_tag?post=82761"}],"curies":[{"name":"wp","href":"https:\/\/api.w.org\/{rel}","templated":true}]}}