{"id":82770,"date":"2023-08-29T18:30:32","date_gmt":"2023-08-29T18:30:32","guid":{"rendered":"https:\/\/bobimarket.pl\/index.php\/produkt\/bity-nasadki-koncowki-do-wkretarki-5-12-8-szt\/"},"modified":"2025-02-27T13:56:31","modified_gmt":"2025-02-27T13:56:31","slug":"bity-nasadki-koncowki-do-wkretarki-5-12-8-szt","status":"publish","type":"product","link":"https:\/\/bobimarket.pl\/index.php\/produkt\/bity-nasadki-koncowki-do-wkretarki-5-12-8-szt\/","title":{"rendered":"BITY NASADKI KO\u0143C\u00d3WKI DO WKR\u0118TARKI 5-12 \/ 8 szt."},"content":{"rendered":"<section class=\"section\">\n<div class=\"item item-6\">\n<section class=\"image-item\">\n                <img decoding=\"async\" src=\"https:\/\/upload.cdn.baselinker.com\/products\/14476\/17c67d7d5edc18e607ca286827998359.jpg\" \/><br \/>\n            <\/section>\n<\/p><\/div>\n<div class=\"item item-6\">\n<section class=\"text-item\">\n<h2>BITY NASADKI KO\u0143C\u00d3WKI DO WKR\u0118TARKI 5-12 \/ 8 szt.<\/h2>\n<p><b>Dane techniczne:<\/b><\/p>\n<ul>\n<li>D\u0142ugo\u015b\u0107: <b>38 mm<\/b><\/li>\n<li>Typ mocowania: <b>HEX<\/b><\/li>\n<li>Materia\u0142: <b>stal CRV<\/b><\/li>\n<li>Rozmiar ko\u0144c\u00f3wek: <b>5,6,7,8,9,10,11,12 mm<\/b><\/li>\n<li>Rodzaj: <b>bity sze\u015bciok\u0105tne<\/b><\/li>\n<li>Zestaw zawiera 8 szt.<\/li>\n<\/ul>\n<\/section><\/div>\n<\/section>\n<section class=\"section\">\n<div class=\"item item-6\">\n<section class=\"image-item\">\n                <img decoding=\"async\" src=\"https:\/\/upload.cdn.baselinker.com\/products\/14476\/07aee106d69486d5ce2134140207f377.jpg\" \/><br \/>\n            <\/section>\n<\/p><\/div>\n<div class=\"item item-6\">\n<section class=\"text-item\">\n<p><b>Zestaw ko\u0144c\u00f3wek 6-k\u0105tnych<\/b> do wkr\u0119tarki. Ko\u0144c\u00f3wki nie posiadaj\u0105 magnesu, d\u0142ugo\u015b\u0107: 38 mm. Nasadki sprawiaj\u0105, \u017ce wkr\u0119tarka pracuje sprawniej i jest bardziej funkcjonalna.<\/p>\n<p>\u2705<b> Komplet zawiera 8 ko\u0144c\u00f3wek, rozmiary:<\/b><\/p>\n<ul>\n<li>5 mm<\/li>\n<li>6 mm<\/li>\n<li>7 mm<\/li>\n<li>8 mm<\/li>\n<li>9 mm<\/li>\n<li>10 mm<\/li>\n<li>11 mm<\/li>\n<li>12 mm<\/li>\n<\/ul>\n<\/section><\/div>\n<\/section>\n","protected":false},"excerpt":{"rendered":"<p>BITY NASADKI KO\u0143C\u00d3WKI DO WKR\u0118TARKI 5-12 \/ 8 szt. Dane techniczne: D\u0142ugo\u015b\u0107: 38 mm Typ mocowania: HEX Materia\u0142: stal CRV Rozmiar ko\u0144c\u00f3wek: 5,6,7,8,9,10,11,12 mm Rodzaj: bity sze\u015bciok\u0105tne Zestaw zawiera 8 szt. Zestaw ko\u0144c\u00f3wek 6-k\u0105tnych do wkr\u0119tarki. Ko\u0144c\u00f3wki nie posiadaj\u0105 magnesu, d\u0142ugo\u015b\u0107: 38 mm. Nasadki sprawiaj\u0105, \u017ce wkr\u0119tarka pracuje sprawniej i jest bardziej funkcjonalna. \u2705 Komplet<br \/><a class=\"more-link\" href=\"https:\/\/bobimarket.pl\/index.php\/produkt\/bity-nasadki-koncowki-do-wkretarki-5-12-8-szt\/\"><br \/>\n        Czytaj wi\u0119cej<span class=\"screen-reader-text\"> &#8222;BITY NASADKI KO\u0143C\u00d3WKI DO WKR\u0118TARKI 5-12 \/ 8 szt.&#8221;<\/span><\/a><\/p>\n","protected":false},"featured_media":82767,"template":"","meta":[],"product_cat":[8054],"product_tag":[],"yoast_head":"<!-- This site is optimized with the Yoast SEO plugin v21.0 - https:\/\/yoast.com\/wordpress\/plugins\/seo\/ -->\n<title>BITY NASADKI KO\u0143C\u00d3WKI DO WKR\u0118TARKI 5-12 \/ 8 szt. - BOBIMARKET.pl - Remontuj i urz\u0105dzaj z nami<\/title>\n<meta name=\"robots\" content=\"index, follow, max-snippet:-1, max-image-preview:large, max-video-preview:-1\" \/>\n<link rel=\"canonical\" href=\"https:\/\/bobimarket.pl\/index.php\/produkt\/bity-nasadki-koncowki-do-wkretarki-5-12-8-szt\/\" \/>\n<meta property=\"og:locale\" content=\"pl_PL\" \/>\n<meta property=\"og:type\" content=\"article\" \/>\n<meta property=\"og:title\" content=\"BITY NASADKI KO\u0143C\u00d3WKI DO WKR\u0118TARKI 5-12 \/ 8 szt. - BOBIMARKET.pl - Remontuj i urz\u0105dzaj z nami\" \/>\n<meta property=\"og:description\" content=\"BITY NASADKI KO\u0143C\u00d3WKI DO WKR\u0118TARKI 5-12 \/ 8 szt. Dane techniczne: D\u0142ugo\u015b\u0107: 38 mm Typ mocowania: HEX Materia\u0142: stal CRV Rozmiar ko\u0144c\u00f3wek: 5,6,7,8,9,10,11,12 mm Rodzaj: bity sze\u015bciok\u0105tne Zestaw zawiera 8 szt. Zestaw ko\u0144c\u00f3wek 6-k\u0105tnych do wkr\u0119tarki. Ko\u0144c\u00f3wki nie posiadaj\u0105 magnesu, d\u0142ugo\u015b\u0107: 38 mm. Nasadki sprawiaj\u0105, \u017ce wkr\u0119tarka pracuje sprawniej i jest bardziej funkcjonalna. \u2705 Komplet     Czytaj wi\u0119cej &quot;BITY NASADKI KO\u0143C\u00d3WKI DO WKR\u0118TARKI 5-12 \/ 8 szt.&quot;\" \/>\n<meta property=\"og:url\" content=\"https:\/\/bobimarket.pl\/index.php\/produkt\/bity-nasadki-koncowki-do-wkretarki-5-12-8-szt\/\" \/>\n<meta property=\"og:site_name\" content=\"BOBIMARKET.pl - Remontuj i urz\u0105dzaj z nami\" \/>\n<meta property=\"article:modified_time\" content=\"2025-02-27T13:56:31+00:00\" \/>\n<meta property=\"og:image\" content=\"https:\/\/upload.cdn.baselinker.com\/products\/14476\/17c67d7d5edc18e607ca286827998359.jpg\" \/>\n<meta name=\"twitter:card\" content=\"summary_large_image\" \/>\n<script type=\"application\/ld+json\" class=\"yoast-schema-graph\">{\"@context\":\"https:\/\/schema.org\",\"@graph\":[{\"@type\":\"WebPage\",\"@id\":\"https:\/\/bobimarket.pl\/index.php\/produkt\/bity-nasadki-koncowki-do-wkretarki-5-12-8-szt\/\",\"url\":\"https:\/\/bobimarket.pl\/index.php\/produkt\/bity-nasadki-koncowki-do-wkretarki-5-12-8-szt\/\",\"name\":\"BITY NASADKI KO\u0143C\u00d3WKI DO WKR\u0118TARKI 5-12 \/ 8 szt. - BOBIMARKET.pl - Remontuj i urz\u0105dzaj z nami\",\"isPartOf\":{\"@id\":\"https:\/\/bobimarket.pl\/#website\"},\"datePublished\":\"2023-08-29T18:30:32+00:00\",\"dateModified\":\"2025-02-27T13:56:31+00:00\",\"breadcrumb\":{\"@id\":\"https:\/\/bobimarket.pl\/index.php\/produkt\/bity-nasadki-koncowki-do-wkretarki-5-12-8-szt\/#breadcrumb\"},\"inLanguage\":\"pl-PL\",\"potentialAction\":[{\"@type\":\"ReadAction\",\"target\":[\"https:\/\/bobimarket.pl\/index.php\/produkt\/bity-nasadki-koncowki-do-wkretarki-5-12-8-szt\/\"]}]},{\"@type\":\"BreadcrumbList\",\"@id\":\"https:\/\/bobimarket.pl\/index.php\/produkt\/bity-nasadki-koncowki-do-wkretarki-5-12-8-szt\/#breadcrumb\",\"itemListElement\":[{\"@type\":\"ListItem\",\"position\":1,\"name\":\"Strona g\u0142\u00f3wna\",\"item\":\"https:\/\/bobimarket.pl\/\"},{\"@type\":\"ListItem\",\"position\":2,\"name\":\"Sklep\",\"item\":\"https:\/\/bobimarket.pl\/index.php\/shop\/\"},{\"@type\":\"ListItem\",\"position\":3,\"name\":\"BITY NASADKI KO\u0143C\u00d3WKI DO WKR\u0118TARKI 5-12 \/ 8 szt.\"}]},{\"@type\":\"WebSite\",\"@id\":\"https:\/\/bobimarket.pl\/#website\",\"url\":\"https:\/\/bobimarket.pl\/\",\"name\":\"BOBIMARKET.pl - Remontuj i urz\u0105dzaj z nami\",\"description\":\"Remontuj i urz\u0105dzaj z nami\",\"publisher\":{\"@id\":\"https:\/\/bobimarket.pl\/#organization\"},\"potentialAction\":[{\"@type\":\"SearchAction\",\"target\":{\"@type\":\"EntryPoint\",\"urlTemplate\":\"https:\/\/bobimarket.pl\/?s={search_term_string}\"},\"query-input\":\"required name=search_term_string\"}],\"inLanguage\":\"pl-PL\"},{\"@type\":\"Organization\",\"@id\":\"https:\/\/bobimarket.pl\/#organization\",\"name\":\"BOBIMARKET.pl\",\"url\":\"https:\/\/bobimarket.pl\/\",\"logo\":{\"@type\":\"ImageObject\",\"inLanguage\":\"pl-PL\",\"@id\":\"https:\/\/bobimarket.pl\/#\/schema\/logo\/image\/\",\"url\":\"https:\/\/bobimarket.pl\/wp-content\/uploads\/2021\/11\/slogan.png\",\"contentUrl\":\"https:\/\/bobimarket.pl\/wp-content\/uploads\/2021\/11\/slogan.png\",\"width\":2000,\"height\":384,\"caption\":\"BOBIMARKET.pl\"},\"image\":{\"@id\":\"https:\/\/bobimarket.pl\/#\/schema\/logo\/image\/\"}}]}<\/script>\n<!-- \/ Yoast SEO plugin. -->","yoast_head_json":{"title":"BITY NASADKI KO\u0143C\u00d3WKI DO WKR\u0118TARKI 5-12 \/ 8 szt. - BOBIMARKET.pl - Remontuj i urz\u0105dzaj z nami","robots":{"index":"index","follow":"follow","max-snippet":"max-snippet:-1","max-image-preview":"max-image-preview:large","max-video-preview":"max-video-preview:-1"},"canonical":"https:\/\/bobimarket.pl\/index.php\/produkt\/bity-nasadki-koncowki-do-wkretarki-5-12-8-szt\/","og_locale":"pl_PL","og_type":"article","og_title":"BITY NASADKI KO\u0143C\u00d3WKI DO WKR\u0118TARKI 5-12 \/ 8 szt. - BOBIMARKET.pl - Remontuj i urz\u0105dzaj z nami","og_description":"BITY NASADKI KO\u0143C\u00d3WKI DO WKR\u0118TARKI 5-12 \/ 8 szt. Dane techniczne: D\u0142ugo\u015b\u0107: 38 mm Typ mocowania: HEX Materia\u0142: stal CRV Rozmiar ko\u0144c\u00f3wek: 5,6,7,8,9,10,11,12 mm Rodzaj: bity sze\u015bciok\u0105tne Zestaw zawiera 8 szt. Zestaw ko\u0144c\u00f3wek 6-k\u0105tnych do wkr\u0119tarki. Ko\u0144c\u00f3wki nie posiadaj\u0105 magnesu, d\u0142ugo\u015b\u0107: 38 mm. Nasadki sprawiaj\u0105, \u017ce wkr\u0119tarka pracuje sprawniej i jest bardziej funkcjonalna. \u2705 Komplet     Czytaj wi\u0119cej \"BITY NASADKI KO\u0143C\u00d3WKI DO WKR\u0118TARKI 5-12 \/ 8 szt.\"","og_url":"https:\/\/bobimarket.pl\/index.php\/produkt\/bity-nasadki-koncowki-do-wkretarki-5-12-8-szt\/","og_site_name":"BOBIMARKET.pl - Remontuj i urz\u0105dzaj z nami","article_modified_time":"2025-02-27T13:56:31+00:00","og_image":[{"url":"https:\/\/upload.cdn.baselinker.com\/products\/14476\/17c67d7d5edc18e607ca286827998359.jpg"}],"twitter_card":"summary_large_image","schema":{"@context":"https:\/\/schema.org","@graph":[{"@type":"WebPage","@id":"https:\/\/bobimarket.pl\/index.php\/produkt\/bity-nasadki-koncowki-do-wkretarki-5-12-8-szt\/","url":"https:\/\/bobimarket.pl\/index.php\/produkt\/bity-nasadki-koncowki-do-wkretarki-5-12-8-szt\/","name":"BITY NASADKI KO\u0143C\u00d3WKI DO WKR\u0118TARKI 5-12 \/ 8 szt. - BOBIMARKET.pl - Remontuj i urz\u0105dzaj z nami","isPartOf":{"@id":"https:\/\/bobimarket.pl\/#website"},"datePublished":"2023-08-29T18:30:32+00:00","dateModified":"2025-02-27T13:56:31+00:00","breadcrumb":{"@id":"https:\/\/bobimarket.pl\/index.php\/produkt\/bity-nasadki-koncowki-do-wkretarki-5-12-8-szt\/#breadcrumb"},"inLanguage":"pl-PL","potentialAction":[{"@type":"ReadAction","target":["https:\/\/bobimarket.pl\/index.php\/produkt\/bity-nasadki-koncowki-do-wkretarki-5-12-8-szt\/"]}]},{"@type":"BreadcrumbList","@id":"https:\/\/bobimarket.pl\/index.php\/produkt\/bity-nasadki-koncowki-do-wkretarki-5-12-8-szt\/#breadcrumb","itemListElement":[{"@type":"ListItem","position":1,"name":"Strona g\u0142\u00f3wna","item":"https:\/\/bobimarket.pl\/"},{"@type":"ListItem","position":2,"name":"Sklep","item":"https:\/\/bobimarket.pl\/index.php\/shop\/"},{"@type":"ListItem","position":3,"name":"BITY NASADKI KO\u0143C\u00d3WKI DO WKR\u0118TARKI 5-12 \/ 8 szt."}]},{"@type":"WebSite","@id":"https:\/\/bobimarket.pl\/#website","url":"https:\/\/bobimarket.pl\/","name":"BOBIMARKET.pl - Remontuj i urz\u0105dzaj z nami","description":"Remontuj i urz\u0105dzaj z nami","publisher":{"@id":"https:\/\/bobimarket.pl\/#organization"},"potentialAction":[{"@type":"SearchAction","target":{"@type":"EntryPoint","urlTemplate":"https:\/\/bobimarket.pl\/?s={search_term_string}"},"query-input":"required name=search_term_string"}],"inLanguage":"pl-PL"},{"@type":"Organization","@id":"https:\/\/bobimarket.pl\/#organization","name":"BOBIMARKET.pl","url":"https:\/\/bobimarket.pl\/","logo":{"@type":"ImageObject","inLanguage":"pl-PL","@id":"https:\/\/bobimarket.pl\/#\/schema\/logo\/image\/","url":"https:\/\/bobimarket.pl\/wp-content\/uploads\/2021\/11\/slogan.png","contentUrl":"https:\/\/bobimarket.pl\/wp-content\/uploads\/2021\/11\/slogan.png","width":2000,"height":384,"caption":"BOBIMARKET.pl"},"image":{"@id":"https:\/\/bobimarket.pl\/#\/schema\/logo\/image\/"}}]}},"_links":{"self":[{"href":"https:\/\/bobimarket.pl\/index.php\/wp-json\/wp\/v2\/product\/82770"}],"collection":[{"href":"https:\/\/bobimarket.pl\/index.php\/wp-json\/wp\/v2\/product"}],"about":[{"href":"https:\/\/bobimarket.pl\/index.php\/wp-json\/wp\/v2\/types\/product"}],"wp:featuredmedia":[{"embeddable":true,"href":"https:\/\/bobimarket.pl\/index.php\/wp-json\/wp\/v2\/media\/82767"}],"wp:attachment":[{"href":"https:\/\/bobimarket.pl\/index.php\/wp-json\/wp\/v2\/media?parent=82770"}],"wp:term":[{"taxonomy":"product_cat","embeddable":true,"href":"https:\/\/bobimarket.pl\/index.php\/wp-json\/wp\/v2\/product_cat?post=82770"},{"taxonomy":"product_tag","embeddable":true,"href":"https:\/\/bobimarket.pl\/index.php\/wp-json\/wp\/v2\/product_tag?post=82770"}],"curies":[{"name":"wp","href":"https:\/\/api.w.org\/{rel}","templated":true}]}}