{"id":82838,"date":"2023-08-29T18:36:35","date_gmt":"2023-08-29T18:36:35","guid":{"rendered":"https:\/\/bobimarket.pl\/index.php\/produkt\/tarcza-diamentowa-do-kamienia-betonu-plytek-115mm-2\/"},"modified":"2025-02-27T13:57:21","modified_gmt":"2025-02-27T13:57:21","slug":"tarcza-diamentowa-do-kamienia-betonu-plytek-115mm-2","status":"publish","type":"product","link":"https:\/\/bobimarket.pl\/index.php\/produkt\/tarcza-diamentowa-do-kamienia-betonu-plytek-115mm-2\/","title":{"rendered":"TARCZA DIAMENTOWA DO KAMIENIA BETONU P\u0141YTEK 115MM"},"content":{"rendered":"<section class=\"section\">\n<div class=\"item item-6\">\n<section class=\"image-item\">\n            <img decoding=\"async\" src=\"https:\/\/upload.cdn.baselinker.com\/products\/14476\/eba35338f83ccdf9206a9f607b6edadd.jpg\" \/><br \/>\n        <\/section>\n<\/p><\/div>\n<div class=\"item item-6\">\n<section class=\"text-item\">\n<h2>TARCZA DIAMENTOWA DO KAMIENIA BETONU P\u0141YTEK 115MM<\/h2>\n<p><b>DANE TECHNICZNE:<\/b><\/p>\n<ul>\n<li>Typ: <b>diamentowa segmentowa<\/b><\/li>\n<li>\u015arednica tarczy: <b>115 mm<\/b><\/li>\n<li>\u015arednica otworu tarczy: <b>22,2 mm<\/b><\/li>\n<li><b>Do ci\u0119cia na sucho <\/b><\/li>\n<li><b>MAX RPM: 13000<\/b><\/li>\n<\/ul>\n<\/section><\/div>\n<\/section>\n<section class=\"section\">\n<div class=\"item item-6\">\n<section class=\"image-item\">\n            <img decoding=\"async\" src=\"https:\/\/upload.cdn.baselinker.com\/products\/14476\/4737697b39da92beaf72a18a644a4a20.jpg\" \/><br \/>\n        <\/section>\n<\/p><\/div>\n<div class=\"item item-6\">\n<section class=\"text-item\">\n<p>Profesjonalna tarcza <b>diamentowa segmentowa. <\/b>Narz\u0119dzie posiada uformowany wieniec (segmentowy) z specjalnymi szczelinami biegn\u0105cymi w kierunku promieniowym.<\/p>\n<p>\u2705 <b>Zastosowanie:<\/b><\/p>\n<p>Tarcza przeznaczona jest do obr\u00f3bki materia\u0142\u00f3w budowlanych takich jak:<\/p>\n<ul>\n<li>beton<\/li>\n<li>\u017celbeton<\/li>\n<li>granit<\/li>\n<li>beton kom\u00f3rkowy<\/li>\n<li>ceg\u0142a<\/li>\n<li>pury<\/li>\n<li>kamie\u0144 naturalny<\/li>\n<\/ul>\n<\/section><\/div>\n<\/section>\n<section class=\"section\">\n<div class=\"item item-6\">\n<section class=\"image-item\">\n            <img decoding=\"async\" src=\"https:\/\/upload.cdn.baselinker.com\/products\/14476\/63a654354471a3fe6ed33101ac74cac5.jpg\" \/><br \/>\n        <\/section>\n<\/p><\/div>\n<div class=\"item item-6\">\n<section class=\"text-item\">\n<p><b>Uwaga!<\/b><\/p>\n<p>Tarcza do ci\u0119cia przeznaczona jest do<b> pracy na sucho.<\/b><\/p>\n<p>Dodatkowo <b>dla zwi\u0119kszenia \u017cywotno\u015bci <\/b>tarczy zaleca si\u0119:<\/p>\n<ul>\n<li>ci\u0105\u0107 w linii prostej<\/li>\n<li>nie dopuszcza\u0107 do zakleszczania<\/li>\n<li>nie szlifowa\u0107 bocznymi kraw\u0119dziami<\/li>\n<li>sch\u0142adzanie podczas pracy, poprzez okresowo wycofywanie tarczy z szczeliny<\/li>\n<\/ul>\n<\/section><\/div>\n<\/section>\n","protected":false},"excerpt":{"rendered":"<p>TARCZA DIAMENTOWA DO KAMIENIA BETONU P\u0141YTEK 115MM DANE TECHNICZNE: Typ: diamentowa segmentowa \u015arednica tarczy: 115 mm \u015arednica otworu tarczy: 22,2 mm Do ci\u0119cia na sucho MAX RPM: 13000 Profesjonalna tarcza diamentowa segmentowa. Narz\u0119dzie posiada uformowany wieniec (segmentowy) z specjalnymi szczelinami biegn\u0105cymi w kierunku promieniowym. \u2705 Zastosowanie: Tarcza przeznaczona jest do obr\u00f3bki materia\u0142\u00f3w budowlanych takich jak:<br \/><a class=\"more-link\" href=\"https:\/\/bobimarket.pl\/index.php\/produkt\/tarcza-diamentowa-do-kamienia-betonu-plytek-115mm-2\/\"><br \/>\n        Czytaj wi\u0119cej<span class=\"screen-reader-text\"> &#8222;TARCZA DIAMENTOWA DO KAMIENIA BETONU P\u0141YTEK 115MM&#8221;<\/span><\/a><\/p>\n","protected":false},"featured_media":82834,"template":"","meta":[],"product_cat":[8111],"product_tag":[],"yoast_head":"<!-- This site is optimized with the Yoast SEO plugin v21.0 - https:\/\/yoast.com\/wordpress\/plugins\/seo\/ -->\n<title>TARCZA DIAMENTOWA DO KAMIENIA BETONU P\u0141YTEK 115MM - BOBIMARKET.pl - Remontuj i urz\u0105dzaj z nami<\/title>\n<meta name=\"robots\" content=\"index, follow, max-snippet:-1, max-image-preview:large, max-video-preview:-1\" \/>\n<link rel=\"canonical\" href=\"https:\/\/bobimarket.pl\/index.php\/produkt\/tarcza-diamentowa-do-kamienia-betonu-plytek-115mm-2\/\" \/>\n<meta property=\"og:locale\" content=\"pl_PL\" \/>\n<meta property=\"og:type\" content=\"article\" \/>\n<meta property=\"og:title\" content=\"TARCZA DIAMENTOWA DO KAMIENIA BETONU P\u0141YTEK 115MM - BOBIMARKET.pl - Remontuj i urz\u0105dzaj z nami\" \/>\n<meta property=\"og:description\" content=\"TARCZA DIAMENTOWA DO KAMIENIA BETONU P\u0141YTEK 115MM DANE TECHNICZNE: Typ: diamentowa segmentowa \u015arednica tarczy: 115 mm \u015arednica otworu tarczy: 22,2 mm Do ci\u0119cia na sucho MAX RPM: 13000 Profesjonalna tarcza diamentowa segmentowa. Narz\u0119dzie posiada uformowany wieniec (segmentowy) z specjalnymi szczelinami biegn\u0105cymi w kierunku promieniowym. \u2705 Zastosowanie: Tarcza przeznaczona jest do obr\u00f3bki materia\u0142\u00f3w budowlanych takich jak:     Czytaj wi\u0119cej &quot;TARCZA DIAMENTOWA DO KAMIENIA BETONU P\u0141YTEK 115MM&quot;\" \/>\n<meta property=\"og:url\" content=\"https:\/\/bobimarket.pl\/index.php\/produkt\/tarcza-diamentowa-do-kamienia-betonu-plytek-115mm-2\/\" \/>\n<meta property=\"og:site_name\" content=\"BOBIMARKET.pl - Remontuj i urz\u0105dzaj z nami\" \/>\n<meta property=\"article:modified_time\" content=\"2025-02-27T13:57:21+00:00\" \/>\n<meta property=\"og:image\" content=\"https:\/\/upload.cdn.baselinker.com\/products\/14476\/eba35338f83ccdf9206a9f607b6edadd.jpg\" \/>\n<meta name=\"twitter:card\" content=\"summary_large_image\" \/>\n<meta name=\"twitter:label1\" content=\"Szacowany czas czytania\" \/>\n\t<meta name=\"twitter:data1\" content=\"1 minuta\" \/>\n<script type=\"application\/ld+json\" class=\"yoast-schema-graph\">{\"@context\":\"https:\/\/schema.org\",\"@graph\":[{\"@type\":\"WebPage\",\"@id\":\"https:\/\/bobimarket.pl\/index.php\/produkt\/tarcza-diamentowa-do-kamienia-betonu-plytek-115mm-2\/\",\"url\":\"https:\/\/bobimarket.pl\/index.php\/produkt\/tarcza-diamentowa-do-kamienia-betonu-plytek-115mm-2\/\",\"name\":\"TARCZA DIAMENTOWA DO KAMIENIA BETONU P\u0141YTEK 115MM - BOBIMARKET.pl - Remontuj i urz\u0105dzaj z nami\",\"isPartOf\":{\"@id\":\"https:\/\/bobimarket.pl\/#website\"},\"datePublished\":\"2023-08-29T18:36:35+00:00\",\"dateModified\":\"2025-02-27T13:57:21+00:00\",\"breadcrumb\":{\"@id\":\"https:\/\/bobimarket.pl\/index.php\/produkt\/tarcza-diamentowa-do-kamienia-betonu-plytek-115mm-2\/#breadcrumb\"},\"inLanguage\":\"pl-PL\",\"potentialAction\":[{\"@type\":\"ReadAction\",\"target\":[\"https:\/\/bobimarket.pl\/index.php\/produkt\/tarcza-diamentowa-do-kamienia-betonu-plytek-115mm-2\/\"]}]},{\"@type\":\"BreadcrumbList\",\"@id\":\"https:\/\/bobimarket.pl\/index.php\/produkt\/tarcza-diamentowa-do-kamienia-betonu-plytek-115mm-2\/#breadcrumb\",\"itemListElement\":[{\"@type\":\"ListItem\",\"position\":1,\"name\":\"Strona g\u0142\u00f3wna\",\"item\":\"https:\/\/bobimarket.pl\/\"},{\"@type\":\"ListItem\",\"position\":2,\"name\":\"Sklep\",\"item\":\"https:\/\/bobimarket.pl\/index.php\/shop\/\"},{\"@type\":\"ListItem\",\"position\":3,\"name\":\"TARCZA DIAMENTOWA DO KAMIENIA BETONU P\u0141YTEK 115MM\"}]},{\"@type\":\"WebSite\",\"@id\":\"https:\/\/bobimarket.pl\/#website\",\"url\":\"https:\/\/bobimarket.pl\/\",\"name\":\"BOBIMARKET.pl - Remontuj i urz\u0105dzaj z nami\",\"description\":\"Remontuj i urz\u0105dzaj z nami\",\"publisher\":{\"@id\":\"https:\/\/bobimarket.pl\/#organization\"},\"potentialAction\":[{\"@type\":\"SearchAction\",\"target\":{\"@type\":\"EntryPoint\",\"urlTemplate\":\"https:\/\/bobimarket.pl\/?s={search_term_string}\"},\"query-input\":\"required name=search_term_string\"}],\"inLanguage\":\"pl-PL\"},{\"@type\":\"Organization\",\"@id\":\"https:\/\/bobimarket.pl\/#organization\",\"name\":\"BOBIMARKET.pl\",\"url\":\"https:\/\/bobimarket.pl\/\",\"logo\":{\"@type\":\"ImageObject\",\"inLanguage\":\"pl-PL\",\"@id\":\"https:\/\/bobimarket.pl\/#\/schema\/logo\/image\/\",\"url\":\"https:\/\/bobimarket.pl\/wp-content\/uploads\/2021\/11\/slogan.png\",\"contentUrl\":\"https:\/\/bobimarket.pl\/wp-content\/uploads\/2021\/11\/slogan.png\",\"width\":2000,\"height\":384,\"caption\":\"BOBIMARKET.pl\"},\"image\":{\"@id\":\"https:\/\/bobimarket.pl\/#\/schema\/logo\/image\/\"}}]}<\/script>\n<!-- \/ Yoast SEO plugin. -->","yoast_head_json":{"title":"TARCZA DIAMENTOWA DO KAMIENIA BETONU P\u0141YTEK 115MM - BOBIMARKET.pl - Remontuj i urz\u0105dzaj z nami","robots":{"index":"index","follow":"follow","max-snippet":"max-snippet:-1","max-image-preview":"max-image-preview:large","max-video-preview":"max-video-preview:-1"},"canonical":"https:\/\/bobimarket.pl\/index.php\/produkt\/tarcza-diamentowa-do-kamienia-betonu-plytek-115mm-2\/","og_locale":"pl_PL","og_type":"article","og_title":"TARCZA DIAMENTOWA DO KAMIENIA BETONU P\u0141YTEK 115MM - BOBIMARKET.pl - Remontuj i urz\u0105dzaj z nami","og_description":"TARCZA DIAMENTOWA DO KAMIENIA BETONU P\u0141YTEK 115MM DANE TECHNICZNE: Typ: diamentowa segmentowa \u015arednica tarczy: 115 mm \u015arednica otworu tarczy: 22,2 mm Do ci\u0119cia na sucho MAX RPM: 13000 Profesjonalna tarcza diamentowa segmentowa. Narz\u0119dzie posiada uformowany wieniec (segmentowy) z specjalnymi szczelinami biegn\u0105cymi w kierunku promieniowym. \u2705 Zastosowanie: Tarcza przeznaczona jest do obr\u00f3bki materia\u0142\u00f3w budowlanych takich jak:     Czytaj wi\u0119cej \"TARCZA DIAMENTOWA DO KAMIENIA BETONU P\u0141YTEK 115MM\"","og_url":"https:\/\/bobimarket.pl\/index.php\/produkt\/tarcza-diamentowa-do-kamienia-betonu-plytek-115mm-2\/","og_site_name":"BOBIMARKET.pl - Remontuj i urz\u0105dzaj z nami","article_modified_time":"2025-02-27T13:57:21+00:00","og_image":[{"url":"https:\/\/upload.cdn.baselinker.com\/products\/14476\/eba35338f83ccdf9206a9f607b6edadd.jpg"}],"twitter_card":"summary_large_image","twitter_misc":{"Szacowany czas czytania":"1 minuta"},"schema":{"@context":"https:\/\/schema.org","@graph":[{"@type":"WebPage","@id":"https:\/\/bobimarket.pl\/index.php\/produkt\/tarcza-diamentowa-do-kamienia-betonu-plytek-115mm-2\/","url":"https:\/\/bobimarket.pl\/index.php\/produkt\/tarcza-diamentowa-do-kamienia-betonu-plytek-115mm-2\/","name":"TARCZA DIAMENTOWA DO KAMIENIA BETONU P\u0141YTEK 115MM - BOBIMARKET.pl - Remontuj i urz\u0105dzaj z nami","isPartOf":{"@id":"https:\/\/bobimarket.pl\/#website"},"datePublished":"2023-08-29T18:36:35+00:00","dateModified":"2025-02-27T13:57:21+00:00","breadcrumb":{"@id":"https:\/\/bobimarket.pl\/index.php\/produkt\/tarcza-diamentowa-do-kamienia-betonu-plytek-115mm-2\/#breadcrumb"},"inLanguage":"pl-PL","potentialAction":[{"@type":"ReadAction","target":["https:\/\/bobimarket.pl\/index.php\/produkt\/tarcza-diamentowa-do-kamienia-betonu-plytek-115mm-2\/"]}]},{"@type":"BreadcrumbList","@id":"https:\/\/bobimarket.pl\/index.php\/produkt\/tarcza-diamentowa-do-kamienia-betonu-plytek-115mm-2\/#breadcrumb","itemListElement":[{"@type":"ListItem","position":1,"name":"Strona g\u0142\u00f3wna","item":"https:\/\/bobimarket.pl\/"},{"@type":"ListItem","position":2,"name":"Sklep","item":"https:\/\/bobimarket.pl\/index.php\/shop\/"},{"@type":"ListItem","position":3,"name":"TARCZA DIAMENTOWA DO KAMIENIA BETONU P\u0141YTEK 115MM"}]},{"@type":"WebSite","@id":"https:\/\/bobimarket.pl\/#website","url":"https:\/\/bobimarket.pl\/","name":"BOBIMARKET.pl - Remontuj i urz\u0105dzaj z nami","description":"Remontuj i urz\u0105dzaj z nami","publisher":{"@id":"https:\/\/bobimarket.pl\/#organization"},"potentialAction":[{"@type":"SearchAction","target":{"@type":"EntryPoint","urlTemplate":"https:\/\/bobimarket.pl\/?s={search_term_string}"},"query-input":"required name=search_term_string"}],"inLanguage":"pl-PL"},{"@type":"Organization","@id":"https:\/\/bobimarket.pl\/#organization","name":"BOBIMARKET.pl","url":"https:\/\/bobimarket.pl\/","logo":{"@type":"ImageObject","inLanguage":"pl-PL","@id":"https:\/\/bobimarket.pl\/#\/schema\/logo\/image\/","url":"https:\/\/bobimarket.pl\/wp-content\/uploads\/2021\/11\/slogan.png","contentUrl":"https:\/\/bobimarket.pl\/wp-content\/uploads\/2021\/11\/slogan.png","width":2000,"height":384,"caption":"BOBIMARKET.pl"},"image":{"@id":"https:\/\/bobimarket.pl\/#\/schema\/logo\/image\/"}}]}},"_links":{"self":[{"href":"https:\/\/bobimarket.pl\/index.php\/wp-json\/wp\/v2\/product\/82838"}],"collection":[{"href":"https:\/\/bobimarket.pl\/index.php\/wp-json\/wp\/v2\/product"}],"about":[{"href":"https:\/\/bobimarket.pl\/index.php\/wp-json\/wp\/v2\/types\/product"}],"wp:featuredmedia":[{"embeddable":true,"href":"https:\/\/bobimarket.pl\/index.php\/wp-json\/wp\/v2\/media\/82834"}],"wp:attachment":[{"href":"https:\/\/bobimarket.pl\/index.php\/wp-json\/wp\/v2\/media?parent=82838"}],"wp:term":[{"taxonomy":"product_cat","embeddable":true,"href":"https:\/\/bobimarket.pl\/index.php\/wp-json\/wp\/v2\/product_cat?post=82838"},{"taxonomy":"product_tag","embeddable":true,"href":"https:\/\/bobimarket.pl\/index.php\/wp-json\/wp\/v2\/product_tag?post=82838"}],"curies":[{"name":"wp","href":"https:\/\/api.w.org\/{rel}","templated":true}]}}