{"id":82862,"date":"2023-08-29T18:38:21","date_gmt":"2023-08-29T18:38:21","guid":{"rendered":"https:\/\/bobimarket.pl\/index.php\/produkt\/tarcza-diamentowa-do-betonu-ciecia-plytek-115-mm\/"},"modified":"2025-02-27T13:57:36","modified_gmt":"2025-02-27T13:57:36","slug":"tarcza-diamentowa-do-betonu-ciecia-plytek-115-mm","status":"publish","type":"product","link":"https:\/\/bobimarket.pl\/index.php\/produkt\/tarcza-diamentowa-do-betonu-ciecia-plytek-115-mm\/","title":{"rendered":"TARCZA DIAMENTOWA DO BETONU CI\u0118CIA P\u0141YTEK 115 mm"},"content":{"rendered":"<section class=\"section\">\n<div class=\"item item-6\">\n<section class=\"image-item\">\n                <img decoding=\"async\" src=\"https:\/\/upload.cdn.baselinker.com\/products\/14476\/10a6c01e20594de5a1d5b004de42bfaf.jpg\" \/><br \/>\n            <\/section>\n<\/p><\/div>\n<div class=\"item item-6\">\n<section class=\"text-item\">\n<h2>TARCZA DIAMENTOWA DO CI\u0118CIA BETONU P\u0141YTEK 115 mm<\/h2>\n<p><b>Dane technicze:<\/b><\/p>\n<ul>\n<li>Typ: <b>diamentowa segmentowa<\/b><\/li>\n<li>\u015arednica tarczy: <b>115 mm<\/b><\/li>\n<li>\u015arednica otworu tarczy: <b>22,2 mm<\/b><\/li>\n<li>Szeroko\u015b\u0107 segmentu:<b> 2,0 mm<\/b><\/li>\n<li>Wysoko\u015b\u0107 segmentu:<b> 8 mm<\/b><\/li>\n<li>Gatunek diamentu: &#8222;A&#8221;<\/li>\n<\/ul>\n<\/section><\/div>\n<\/section>\n<section class=\"section\">\n<div class=\"item item-6\">\n<section class=\"image-item\">\n                <img decoding=\"async\" src=\"https:\/\/upload.cdn.baselinker.com\/products\/14476\/bb2d0e76d62d5f11631cadcd552d0410.jpg\" \/><br \/>\n            <\/section>\n<\/p><\/div>\n<div class=\"item item-6\">\n<section class=\"text-item\">\n<p>Profesjonalna tarcza <b>diamentowa segmentowa. <\/b>Narz\u0119dzie posiada uformowany wieniec (segmentowy) z specjalnymi szczelinami biegn\u0105cymi w kierunku promieniowym.<\/p>\n<p>\u2705 <b>Zastosowanie:<\/b><\/p>\n<p>Tarcza przeznaczona jest do obr\u00f3bki materia\u0142\u00f3w budowlanych takich jak:<\/p>\n<ul>\n<li>dach\u00f3wka,<\/li>\n<li>ceg\u0142a,<\/li>\n<li>beton,<\/li>\n<li>marmur,<\/li>\n<li>granit,<\/li>\n<li>kamie\u0144.<\/li>\n<\/ul>\n<\/section><\/div>\n<\/section>\n<section class=\"section\">\n<div class=\"item item-6\">\n<section class=\"image-item\">\n                <img decoding=\"async\" src=\"https:\/\/upload.cdn.baselinker.com\/products\/14476\/25e2990a27388acf3314591fc41ff626.jpg\" \/><br \/>\n            <\/section>\n<\/p><\/div>\n<div class=\"item item-6\">\n<section class=\"text-item\">\n<p><b>Uwaga!<\/b><\/p>\n<p>Dodatkowo <b>dla zwi\u0119kszenia \u017cywotno\u015bci <\/b>tarczy zaleca si\u0119:<\/p>\n<ul>\n<li>ci\u0105\u0107 w linii prostej<\/li>\n<li>nie dopuszcza\u0107 do zakleszczania<\/li>\n<li>nie szlifowa\u0107 bocznymi kraw\u0119dziami<\/li>\n<\/ul>\n<\/section><\/div>\n<\/section>\n","protected":false},"excerpt":{"rendered":"<p>TARCZA DIAMENTOWA DO CI\u0118CIA BETONU P\u0141YTEK 115 mm Dane technicze: Typ: diamentowa segmentowa \u015arednica tarczy: 115 mm \u015arednica otworu tarczy: 22,2 mm Szeroko\u015b\u0107 segmentu: 2,0 mm Wysoko\u015b\u0107 segmentu: 8 mm Gatunek diamentu: &#8222;A&#8221; Profesjonalna tarcza diamentowa segmentowa. Narz\u0119dzie posiada uformowany wieniec (segmentowy) z specjalnymi szczelinami biegn\u0105cymi w kierunku promieniowym. \u2705 Zastosowanie: Tarcza przeznaczona jest do<br \/><a class=\"more-link\" href=\"https:\/\/bobimarket.pl\/index.php\/produkt\/tarcza-diamentowa-do-betonu-ciecia-plytek-115-mm\/\"><br \/>\n        Czytaj wi\u0119cej<span class=\"screen-reader-text\"> &#8222;TARCZA DIAMENTOWA DO BETONU CI\u0118CIA P\u0141YTEK 115 mm&#8221;<\/span><\/a><\/p>\n","protected":false},"featured_media":82856,"template":"","meta":[],"product_cat":[8111],"product_tag":[],"yoast_head":"<!-- This site is optimized with the Yoast SEO plugin v21.0 - https:\/\/yoast.com\/wordpress\/plugins\/seo\/ -->\n<title>TARCZA DIAMENTOWA DO BETONU CI\u0118CIA P\u0141YTEK 115 mm - BOBIMARKET.pl - Remontuj i urz\u0105dzaj z nami<\/title>\n<meta name=\"robots\" content=\"index, follow, max-snippet:-1, max-image-preview:large, max-video-preview:-1\" \/>\n<link rel=\"canonical\" href=\"https:\/\/bobimarket.pl\/index.php\/produkt\/tarcza-diamentowa-do-betonu-ciecia-plytek-115-mm\/\" \/>\n<meta property=\"og:locale\" content=\"pl_PL\" \/>\n<meta property=\"og:type\" content=\"article\" \/>\n<meta property=\"og:title\" content=\"TARCZA DIAMENTOWA DO BETONU CI\u0118CIA P\u0141YTEK 115 mm - BOBIMARKET.pl - Remontuj i urz\u0105dzaj z nami\" \/>\n<meta property=\"og:description\" content=\"TARCZA DIAMENTOWA DO CI\u0118CIA BETONU P\u0141YTEK 115 mm Dane technicze: Typ: diamentowa segmentowa \u015arednica tarczy: 115 mm \u015arednica otworu tarczy: 22,2 mm Szeroko\u015b\u0107 segmentu: 2,0 mm Wysoko\u015b\u0107 segmentu: 8 mm Gatunek diamentu: &#8222;A&#8221; Profesjonalna tarcza diamentowa segmentowa. Narz\u0119dzie posiada uformowany wieniec (segmentowy) z specjalnymi szczelinami biegn\u0105cymi w kierunku promieniowym. \u2705 Zastosowanie: Tarcza przeznaczona jest do     Czytaj wi\u0119cej &quot;TARCZA DIAMENTOWA DO BETONU CI\u0118CIA P\u0141YTEK 115 mm&quot;\" \/>\n<meta property=\"og:url\" content=\"https:\/\/bobimarket.pl\/index.php\/produkt\/tarcza-diamentowa-do-betonu-ciecia-plytek-115-mm\/\" \/>\n<meta property=\"og:site_name\" content=\"BOBIMARKET.pl - Remontuj i urz\u0105dzaj z nami\" \/>\n<meta property=\"article:modified_time\" content=\"2025-02-27T13:57:36+00:00\" \/>\n<meta property=\"og:image\" content=\"https:\/\/upload.cdn.baselinker.com\/products\/14476\/10a6c01e20594de5a1d5b004de42bfaf.jpg\" \/>\n<meta name=\"twitter:card\" content=\"summary_large_image\" \/>\n<script type=\"application\/ld+json\" class=\"yoast-schema-graph\">{\"@context\":\"https:\/\/schema.org\",\"@graph\":[{\"@type\":\"WebPage\",\"@id\":\"https:\/\/bobimarket.pl\/index.php\/produkt\/tarcza-diamentowa-do-betonu-ciecia-plytek-115-mm\/\",\"url\":\"https:\/\/bobimarket.pl\/index.php\/produkt\/tarcza-diamentowa-do-betonu-ciecia-plytek-115-mm\/\",\"name\":\"TARCZA DIAMENTOWA DO BETONU CI\u0118CIA P\u0141YTEK 115 mm - BOBIMARKET.pl - Remontuj i urz\u0105dzaj z nami\",\"isPartOf\":{\"@id\":\"https:\/\/bobimarket.pl\/#website\"},\"datePublished\":\"2023-08-29T18:38:21+00:00\",\"dateModified\":\"2025-02-27T13:57:36+00:00\",\"breadcrumb\":{\"@id\":\"https:\/\/bobimarket.pl\/index.php\/produkt\/tarcza-diamentowa-do-betonu-ciecia-plytek-115-mm\/#breadcrumb\"},\"inLanguage\":\"pl-PL\",\"potentialAction\":[{\"@type\":\"ReadAction\",\"target\":[\"https:\/\/bobimarket.pl\/index.php\/produkt\/tarcza-diamentowa-do-betonu-ciecia-plytek-115-mm\/\"]}]},{\"@type\":\"BreadcrumbList\",\"@id\":\"https:\/\/bobimarket.pl\/index.php\/produkt\/tarcza-diamentowa-do-betonu-ciecia-plytek-115-mm\/#breadcrumb\",\"itemListElement\":[{\"@type\":\"ListItem\",\"position\":1,\"name\":\"Strona g\u0142\u00f3wna\",\"item\":\"https:\/\/bobimarket.pl\/\"},{\"@type\":\"ListItem\",\"position\":2,\"name\":\"Sklep\",\"item\":\"https:\/\/bobimarket.pl\/index.php\/shop\/\"},{\"@type\":\"ListItem\",\"position\":3,\"name\":\"TARCZA DIAMENTOWA DO BETONU CI\u0118CIA P\u0141YTEK 115 mm\"}]},{\"@type\":\"WebSite\",\"@id\":\"https:\/\/bobimarket.pl\/#website\",\"url\":\"https:\/\/bobimarket.pl\/\",\"name\":\"BOBIMARKET.pl - Remontuj i urz\u0105dzaj z nami\",\"description\":\"Remontuj i urz\u0105dzaj z nami\",\"publisher\":{\"@id\":\"https:\/\/bobimarket.pl\/#organization\"},\"potentialAction\":[{\"@type\":\"SearchAction\",\"target\":{\"@type\":\"EntryPoint\",\"urlTemplate\":\"https:\/\/bobimarket.pl\/?s={search_term_string}\"},\"query-input\":\"required name=search_term_string\"}],\"inLanguage\":\"pl-PL\"},{\"@type\":\"Organization\",\"@id\":\"https:\/\/bobimarket.pl\/#organization\",\"name\":\"BOBIMARKET.pl\",\"url\":\"https:\/\/bobimarket.pl\/\",\"logo\":{\"@type\":\"ImageObject\",\"inLanguage\":\"pl-PL\",\"@id\":\"https:\/\/bobimarket.pl\/#\/schema\/logo\/image\/\",\"url\":\"https:\/\/bobimarket.pl\/wp-content\/uploads\/2021\/11\/slogan.png\",\"contentUrl\":\"https:\/\/bobimarket.pl\/wp-content\/uploads\/2021\/11\/slogan.png\",\"width\":2000,\"height\":384,\"caption\":\"BOBIMARKET.pl\"},\"image\":{\"@id\":\"https:\/\/bobimarket.pl\/#\/schema\/logo\/image\/\"}}]}<\/script>\n<!-- \/ Yoast SEO plugin. -->","yoast_head_json":{"title":"TARCZA DIAMENTOWA DO BETONU CI\u0118CIA P\u0141YTEK 115 mm - BOBIMARKET.pl - Remontuj i urz\u0105dzaj z nami","robots":{"index":"index","follow":"follow","max-snippet":"max-snippet:-1","max-image-preview":"max-image-preview:large","max-video-preview":"max-video-preview:-1"},"canonical":"https:\/\/bobimarket.pl\/index.php\/produkt\/tarcza-diamentowa-do-betonu-ciecia-plytek-115-mm\/","og_locale":"pl_PL","og_type":"article","og_title":"TARCZA DIAMENTOWA DO BETONU CI\u0118CIA P\u0141YTEK 115 mm - BOBIMARKET.pl - Remontuj i urz\u0105dzaj z nami","og_description":"TARCZA DIAMENTOWA DO CI\u0118CIA BETONU P\u0141YTEK 115 mm Dane technicze: Typ: diamentowa segmentowa \u015arednica tarczy: 115 mm \u015arednica otworu tarczy: 22,2 mm Szeroko\u015b\u0107 segmentu: 2,0 mm Wysoko\u015b\u0107 segmentu: 8 mm Gatunek diamentu: &#8222;A&#8221; Profesjonalna tarcza diamentowa segmentowa. Narz\u0119dzie posiada uformowany wieniec (segmentowy) z specjalnymi szczelinami biegn\u0105cymi w kierunku promieniowym. \u2705 Zastosowanie: Tarcza przeznaczona jest do     Czytaj wi\u0119cej \"TARCZA DIAMENTOWA DO BETONU CI\u0118CIA P\u0141YTEK 115 mm\"","og_url":"https:\/\/bobimarket.pl\/index.php\/produkt\/tarcza-diamentowa-do-betonu-ciecia-plytek-115-mm\/","og_site_name":"BOBIMARKET.pl - Remontuj i urz\u0105dzaj z nami","article_modified_time":"2025-02-27T13:57:36+00:00","og_image":[{"url":"https:\/\/upload.cdn.baselinker.com\/products\/14476\/10a6c01e20594de5a1d5b004de42bfaf.jpg"}],"twitter_card":"summary_large_image","schema":{"@context":"https:\/\/schema.org","@graph":[{"@type":"WebPage","@id":"https:\/\/bobimarket.pl\/index.php\/produkt\/tarcza-diamentowa-do-betonu-ciecia-plytek-115-mm\/","url":"https:\/\/bobimarket.pl\/index.php\/produkt\/tarcza-diamentowa-do-betonu-ciecia-plytek-115-mm\/","name":"TARCZA DIAMENTOWA DO BETONU CI\u0118CIA P\u0141YTEK 115 mm - BOBIMARKET.pl - Remontuj i urz\u0105dzaj z nami","isPartOf":{"@id":"https:\/\/bobimarket.pl\/#website"},"datePublished":"2023-08-29T18:38:21+00:00","dateModified":"2025-02-27T13:57:36+00:00","breadcrumb":{"@id":"https:\/\/bobimarket.pl\/index.php\/produkt\/tarcza-diamentowa-do-betonu-ciecia-plytek-115-mm\/#breadcrumb"},"inLanguage":"pl-PL","potentialAction":[{"@type":"ReadAction","target":["https:\/\/bobimarket.pl\/index.php\/produkt\/tarcza-diamentowa-do-betonu-ciecia-plytek-115-mm\/"]}]},{"@type":"BreadcrumbList","@id":"https:\/\/bobimarket.pl\/index.php\/produkt\/tarcza-diamentowa-do-betonu-ciecia-plytek-115-mm\/#breadcrumb","itemListElement":[{"@type":"ListItem","position":1,"name":"Strona g\u0142\u00f3wna","item":"https:\/\/bobimarket.pl\/"},{"@type":"ListItem","position":2,"name":"Sklep","item":"https:\/\/bobimarket.pl\/index.php\/shop\/"},{"@type":"ListItem","position":3,"name":"TARCZA DIAMENTOWA DO BETONU CI\u0118CIA P\u0141YTEK 115 mm"}]},{"@type":"WebSite","@id":"https:\/\/bobimarket.pl\/#website","url":"https:\/\/bobimarket.pl\/","name":"BOBIMARKET.pl - Remontuj i urz\u0105dzaj z nami","description":"Remontuj i urz\u0105dzaj z nami","publisher":{"@id":"https:\/\/bobimarket.pl\/#organization"},"potentialAction":[{"@type":"SearchAction","target":{"@type":"EntryPoint","urlTemplate":"https:\/\/bobimarket.pl\/?s={search_term_string}"},"query-input":"required name=search_term_string"}],"inLanguage":"pl-PL"},{"@type":"Organization","@id":"https:\/\/bobimarket.pl\/#organization","name":"BOBIMARKET.pl","url":"https:\/\/bobimarket.pl\/","logo":{"@type":"ImageObject","inLanguage":"pl-PL","@id":"https:\/\/bobimarket.pl\/#\/schema\/logo\/image\/","url":"https:\/\/bobimarket.pl\/wp-content\/uploads\/2021\/11\/slogan.png","contentUrl":"https:\/\/bobimarket.pl\/wp-content\/uploads\/2021\/11\/slogan.png","width":2000,"height":384,"caption":"BOBIMARKET.pl"},"image":{"@id":"https:\/\/bobimarket.pl\/#\/schema\/logo\/image\/"}}]}},"_links":{"self":[{"href":"https:\/\/bobimarket.pl\/index.php\/wp-json\/wp\/v2\/product\/82862"}],"collection":[{"href":"https:\/\/bobimarket.pl\/index.php\/wp-json\/wp\/v2\/product"}],"about":[{"href":"https:\/\/bobimarket.pl\/index.php\/wp-json\/wp\/v2\/types\/product"}],"wp:featuredmedia":[{"embeddable":true,"href":"https:\/\/bobimarket.pl\/index.php\/wp-json\/wp\/v2\/media\/82856"}],"wp:attachment":[{"href":"https:\/\/bobimarket.pl\/index.php\/wp-json\/wp\/v2\/media?parent=82862"}],"wp:term":[{"taxonomy":"product_cat","embeddable":true,"href":"https:\/\/bobimarket.pl\/index.php\/wp-json\/wp\/v2\/product_cat?post=82862"},{"taxonomy":"product_tag","embeddable":true,"href":"https:\/\/bobimarket.pl\/index.php\/wp-json\/wp\/v2\/product_tag?post=82862"}],"curies":[{"name":"wp","href":"https:\/\/api.w.org\/{rel}","templated":true}]}}