{"id":82879,"date":"2023-08-29T18:39:51","date_gmt":"2023-08-29T18:39:51","guid":{"rendered":"https:\/\/bobimarket.pl\/index.php\/produkt\/wykretaki-do-zerwanych-urwanych-srub-zestaw-2\/"},"modified":"2025-02-27T13:57:47","modified_gmt":"2025-02-27T13:57:47","slug":"wykretaki-do-zerwanych-urwanych-srub-zestaw-2","status":"publish","type":"product","link":"https:\/\/bobimarket.pl\/index.php\/produkt\/wykretaki-do-zerwanych-urwanych-srub-zestaw-2\/","title":{"rendered":"WYKR\u0118TAKI DO ZERWANYCH URWANYCH \u015aRUB ZESTAW"},"content":{"rendered":"<section class=\"section\">\n<div class=\"item item-6\">\n<section class=\"image-item\">\n            <img decoding=\"async\" src=\"https:\/\/upload.cdn.baselinker.com\/products\/14476\/cc3a7b3cf1e1d6282d15c8f2fd5f4019.jpg\" \/><br \/>\n        <\/section>\n<\/p><\/div>\n<div class=\"item item-6\">\n<section class=\"text-item\">\n<h2>WYKR\u0118TAKI DO ZERWANYCH URWANYCH \u015aRUB ZESTAW<\/h2>\n<p><b>Dane techniczne:<\/b><\/p>\n<ul>\n<li>Materia\u0142:<b> stal S2<\/b><\/li>\n<li>\u015arednica \u015brub: <b>3-19 mm<\/b><\/li>\n<li>Zestaw zawiera 5 elementy<\/li>\n<\/ul>\n<p><b>Rozmiar wkr\u0119tak\u00f3w:<\/b><\/p>\n<ul>\n<li>3,0 &#8211; 6,0 mm<\/li>\n<li>6,0 &#8211; 8,0 mm<\/li>\n<li>8,0 &#8211; 11,0 mm<\/li>\n<li>11,0 &#8211; 14,0 mm<\/li>\n<li>14,0 &#8211; 19,0 mm.<\/li>\n<\/ul>\n<\/section><\/div>\n<\/section>\n<section class=\"section\">\n<div class=\"item item-6\">\n<section class=\"image-item\">\n            <img decoding=\"async\" src=\"https:\/\/upload.cdn.baselinker.com\/products\/14476\/73ca457de3cb59fa7ee021e50834e611.jpg\" \/><br \/>\n        <\/section>\n<\/p><\/div>\n<div class=\"item item-6\">\n<section class=\"text-item\">\n<p><b>Rozwi\u0105\u017c problem wykr\u0119cania urwanych \u015brub z naszymi wkr\u0119takami!<\/b><\/p>\n<p>Zestaw zawiera 5 wkr\u0119tak\u00f3w sto\u017ckowych z naci\u0119tym lewym gwintem i czworok\u0105tnym chwytem. Narz\u0119dzie umo\u017cliwia <b>pozbycie si\u0119 uszkodzonej \u015bruby<\/b> bez konieczno\u015bci rozwiercania dziury i niszczenia danego elementu.<\/p>\n<p><b>\u2705\u00a0 <\/b>Rozmiar wkr\u0119tak\u00f3w odpowiada \u015brednic\u0105 najcz\u0119\u015bciej u\u017cywanych \u015brub:<\/p>\n<ul>\n<li>3 &#8211; 6 mm<\/li>\n<li>6 &#8211; 8 mm<\/li>\n<li>8 -11 mm<\/li>\n<li>11 -14 mm<\/li>\n<li>14 -19 mm.<\/li>\n<\/ul>\n<\/section><\/div>\n<\/section>\n<section class=\"section\">\n<div class=\"item item-6\">\n<section class=\"image-item\">\n            <img decoding=\"async\" src=\"https:\/\/upload.cdn.baselinker.com\/products\/14476\/d04ce750b0b4536c3350b19eead350ea.jpg\" \/><br \/>\n        <\/section>\n<\/p><\/div>\n<div class=\"item item-6\">\n<section class=\"text-item\">\n<p><b>\u2705 Zastosowanie:<\/b><\/p>\n<p>Wkr\u0119taki \u00a0umo\u017cliwiaj\u0105 <b>usuni\u0119cie \u015bruby bez niszczenia gwintu<\/b>, a tym samym miejsce, w kt\u00f3re \u015bruba by\u0142a wkr\u0119cona r\u00f3wnie\u017c pozostaje nieuszkodzone.<\/p>\n<ul>\n<li>Nale\u017cy odpowiednio dobra\u0107 rozmiar wkr\u0119taka do \u015bruby ( tak, by obrys mie\u015bci\u0142 si\u0119 w nim, ale jednocze\u015bnie tak, aby po\u0142\u0105czenie nie by\u0142o zbyt lu\u017ane) i przy pomocy narz\u0119dzi wkr\u0119ci\u0107 si\u0119 w \u015brub\u0119.<\/li>\n<\/ul>\n<p><b>\u2705 <\/b>Komplet znajduje si\u0119 w wygodny plastikowym\u00a0 organizerze. Mo\u017cesz wi\u0119c przechowywa\u0107 je w bezpieczny spos\u00f3b i zadba\u0107 o porz\u0105dek w swoim warsztacie. Dodatkowo poszczeg\u00f3lne elementu zestawu nie pogubi\u0105 si\u0119 i b\u0119d\u0105 \u0142atwe w transporcie.<\/p>\n<\/section><\/div>\n<\/section>\n<section class=\"section\">\n<div class=\"item item-12\">\n<section class=\"image-item\">\n            <img decoding=\"async\" src=\"https:\/\/upload.cdn.baselinker.com\/products\/14476\/a6104afeb02ed609e34005f1cecd3b9f.jpg\" \/><br \/>\n        <\/section>\n<\/p><\/div>\n<\/section>\n","protected":false},"excerpt":{"rendered":"<p>WYKR\u0118TAKI DO ZERWANYCH URWANYCH \u015aRUB ZESTAW Dane techniczne: Materia\u0142: stal S2 \u015arednica \u015brub: 3-19 mm Zestaw zawiera 5 elementy Rozmiar wkr\u0119tak\u00f3w: 3,0 &#8211; 6,0 mm 6,0 &#8211; 8,0 mm 8,0 &#8211; 11,0 mm 11,0 &#8211; 14,0 mm 14,0 &#8211; 19,0 mm. Rozwi\u0105\u017c problem wykr\u0119cania urwanych \u015brub z naszymi wkr\u0119takami! Zestaw zawiera 5 wkr\u0119tak\u00f3w sto\u017ckowych z<br \/><a class=\"more-link\" href=\"https:\/\/bobimarket.pl\/index.php\/produkt\/wykretaki-do-zerwanych-urwanych-srub-zestaw-2\/\"><br \/>\n        Czytaj wi\u0119cej<span class=\"screen-reader-text\"> &#8222;WYKR\u0118TAKI DO ZERWANYCH URWANYCH \u015aRUB ZESTAW&#8221;<\/span><\/a><\/p>\n","protected":false},"featured_media":82874,"template":"","meta":[],"product_cat":[8237],"product_tag":[],"yoast_head":"<!-- This site is optimized with the Yoast SEO plugin v21.0 - https:\/\/yoast.com\/wordpress\/plugins\/seo\/ -->\n<title>WYKR\u0118TAKI DO ZERWANYCH URWANYCH \u015aRUB ZESTAW - BOBIMARKET.pl - Remontuj i urz\u0105dzaj z nami<\/title>\n<meta name=\"robots\" content=\"index, follow, max-snippet:-1, max-image-preview:large, max-video-preview:-1\" \/>\n<link rel=\"canonical\" href=\"https:\/\/bobimarket.pl\/index.php\/produkt\/wykretaki-do-zerwanych-urwanych-srub-zestaw-2\/\" \/>\n<meta property=\"og:locale\" content=\"pl_PL\" \/>\n<meta property=\"og:type\" content=\"article\" \/>\n<meta property=\"og:title\" content=\"WYKR\u0118TAKI DO ZERWANYCH URWANYCH \u015aRUB ZESTAW - BOBIMARKET.pl - Remontuj i urz\u0105dzaj z nami\" \/>\n<meta property=\"og:description\" content=\"WYKR\u0118TAKI DO ZERWANYCH URWANYCH \u015aRUB ZESTAW Dane techniczne: Materia\u0142: stal S2 \u015arednica \u015brub: 3-19 mm Zestaw zawiera 5 elementy Rozmiar wkr\u0119tak\u00f3w: 3,0 &#8211; 6,0 mm 6,0 &#8211; 8,0 mm 8,0 &#8211; 11,0 mm 11,0 &#8211; 14,0 mm 14,0 &#8211; 19,0 mm. Rozwi\u0105\u017c problem wykr\u0119cania urwanych \u015brub z naszymi wkr\u0119takami! Zestaw zawiera 5 wkr\u0119tak\u00f3w sto\u017ckowych z     Czytaj wi\u0119cej &quot;WYKR\u0118TAKI DO ZERWANYCH URWANYCH \u015aRUB ZESTAW&quot;\" \/>\n<meta property=\"og:url\" content=\"https:\/\/bobimarket.pl\/index.php\/produkt\/wykretaki-do-zerwanych-urwanych-srub-zestaw-2\/\" \/>\n<meta property=\"og:site_name\" content=\"BOBIMARKET.pl - Remontuj i urz\u0105dzaj z nami\" \/>\n<meta property=\"article:modified_time\" content=\"2025-02-27T13:57:47+00:00\" \/>\n<meta property=\"og:image\" content=\"https:\/\/upload.cdn.baselinker.com\/products\/14476\/cc3a7b3cf1e1d6282d15c8f2fd5f4019.jpg\" \/>\n<meta name=\"twitter:card\" content=\"summary_large_image\" \/>\n<meta name=\"twitter:label1\" content=\"Szacowany czas czytania\" \/>\n\t<meta name=\"twitter:data1\" content=\"1 minuta\" \/>\n<script type=\"application\/ld+json\" class=\"yoast-schema-graph\">{\"@context\":\"https:\/\/schema.org\",\"@graph\":[{\"@type\":\"WebPage\",\"@id\":\"https:\/\/bobimarket.pl\/index.php\/produkt\/wykretaki-do-zerwanych-urwanych-srub-zestaw-2\/\",\"url\":\"https:\/\/bobimarket.pl\/index.php\/produkt\/wykretaki-do-zerwanych-urwanych-srub-zestaw-2\/\",\"name\":\"WYKR\u0118TAKI DO ZERWANYCH URWANYCH \u015aRUB ZESTAW - BOBIMARKET.pl - Remontuj i urz\u0105dzaj z nami\",\"isPartOf\":{\"@id\":\"https:\/\/bobimarket.pl\/#website\"},\"datePublished\":\"2023-08-29T18:39:51+00:00\",\"dateModified\":\"2025-02-27T13:57:47+00:00\",\"breadcrumb\":{\"@id\":\"https:\/\/bobimarket.pl\/index.php\/produkt\/wykretaki-do-zerwanych-urwanych-srub-zestaw-2\/#breadcrumb\"},\"inLanguage\":\"pl-PL\",\"potentialAction\":[{\"@type\":\"ReadAction\",\"target\":[\"https:\/\/bobimarket.pl\/index.php\/produkt\/wykretaki-do-zerwanych-urwanych-srub-zestaw-2\/\"]}]},{\"@type\":\"BreadcrumbList\",\"@id\":\"https:\/\/bobimarket.pl\/index.php\/produkt\/wykretaki-do-zerwanych-urwanych-srub-zestaw-2\/#breadcrumb\",\"itemListElement\":[{\"@type\":\"ListItem\",\"position\":1,\"name\":\"Strona g\u0142\u00f3wna\",\"item\":\"https:\/\/bobimarket.pl\/\"},{\"@type\":\"ListItem\",\"position\":2,\"name\":\"Sklep\",\"item\":\"https:\/\/bobimarket.pl\/index.php\/shop\/\"},{\"@type\":\"ListItem\",\"position\":3,\"name\":\"WYKR\u0118TAKI DO ZERWANYCH URWANYCH \u015aRUB ZESTAW\"}]},{\"@type\":\"WebSite\",\"@id\":\"https:\/\/bobimarket.pl\/#website\",\"url\":\"https:\/\/bobimarket.pl\/\",\"name\":\"BOBIMARKET.pl - Remontuj i urz\u0105dzaj z nami\",\"description\":\"Remontuj i urz\u0105dzaj z nami\",\"publisher\":{\"@id\":\"https:\/\/bobimarket.pl\/#organization\"},\"potentialAction\":[{\"@type\":\"SearchAction\",\"target\":{\"@type\":\"EntryPoint\",\"urlTemplate\":\"https:\/\/bobimarket.pl\/?s={search_term_string}\"},\"query-input\":\"required name=search_term_string\"}],\"inLanguage\":\"pl-PL\"},{\"@type\":\"Organization\",\"@id\":\"https:\/\/bobimarket.pl\/#organization\",\"name\":\"BOBIMARKET.pl\",\"url\":\"https:\/\/bobimarket.pl\/\",\"logo\":{\"@type\":\"ImageObject\",\"inLanguage\":\"pl-PL\",\"@id\":\"https:\/\/bobimarket.pl\/#\/schema\/logo\/image\/\",\"url\":\"https:\/\/bobimarket.pl\/wp-content\/uploads\/2021\/11\/slogan.png\",\"contentUrl\":\"https:\/\/bobimarket.pl\/wp-content\/uploads\/2021\/11\/slogan.png\",\"width\":2000,\"height\":384,\"caption\":\"BOBIMARKET.pl\"},\"image\":{\"@id\":\"https:\/\/bobimarket.pl\/#\/schema\/logo\/image\/\"}}]}<\/script>\n<!-- \/ Yoast SEO plugin. -->","yoast_head_json":{"title":"WYKR\u0118TAKI DO ZERWANYCH URWANYCH \u015aRUB ZESTAW - BOBIMARKET.pl - Remontuj i urz\u0105dzaj z nami","robots":{"index":"index","follow":"follow","max-snippet":"max-snippet:-1","max-image-preview":"max-image-preview:large","max-video-preview":"max-video-preview:-1"},"canonical":"https:\/\/bobimarket.pl\/index.php\/produkt\/wykretaki-do-zerwanych-urwanych-srub-zestaw-2\/","og_locale":"pl_PL","og_type":"article","og_title":"WYKR\u0118TAKI DO ZERWANYCH URWANYCH \u015aRUB ZESTAW - BOBIMARKET.pl - Remontuj i urz\u0105dzaj z nami","og_description":"WYKR\u0118TAKI DO ZERWANYCH URWANYCH \u015aRUB ZESTAW Dane techniczne: Materia\u0142: stal S2 \u015arednica \u015brub: 3-19 mm Zestaw zawiera 5 elementy Rozmiar wkr\u0119tak\u00f3w: 3,0 &#8211; 6,0 mm 6,0 &#8211; 8,0 mm 8,0 &#8211; 11,0 mm 11,0 &#8211; 14,0 mm 14,0 &#8211; 19,0 mm. Rozwi\u0105\u017c problem wykr\u0119cania urwanych \u015brub z naszymi wkr\u0119takami! Zestaw zawiera 5 wkr\u0119tak\u00f3w sto\u017ckowych z     Czytaj wi\u0119cej \"WYKR\u0118TAKI DO ZERWANYCH URWANYCH \u015aRUB ZESTAW\"","og_url":"https:\/\/bobimarket.pl\/index.php\/produkt\/wykretaki-do-zerwanych-urwanych-srub-zestaw-2\/","og_site_name":"BOBIMARKET.pl - Remontuj i urz\u0105dzaj z nami","article_modified_time":"2025-02-27T13:57:47+00:00","og_image":[{"url":"https:\/\/upload.cdn.baselinker.com\/products\/14476\/cc3a7b3cf1e1d6282d15c8f2fd5f4019.jpg"}],"twitter_card":"summary_large_image","twitter_misc":{"Szacowany czas czytania":"1 minuta"},"schema":{"@context":"https:\/\/schema.org","@graph":[{"@type":"WebPage","@id":"https:\/\/bobimarket.pl\/index.php\/produkt\/wykretaki-do-zerwanych-urwanych-srub-zestaw-2\/","url":"https:\/\/bobimarket.pl\/index.php\/produkt\/wykretaki-do-zerwanych-urwanych-srub-zestaw-2\/","name":"WYKR\u0118TAKI DO ZERWANYCH URWANYCH \u015aRUB ZESTAW - BOBIMARKET.pl - Remontuj i urz\u0105dzaj z nami","isPartOf":{"@id":"https:\/\/bobimarket.pl\/#website"},"datePublished":"2023-08-29T18:39:51+00:00","dateModified":"2025-02-27T13:57:47+00:00","breadcrumb":{"@id":"https:\/\/bobimarket.pl\/index.php\/produkt\/wykretaki-do-zerwanych-urwanych-srub-zestaw-2\/#breadcrumb"},"inLanguage":"pl-PL","potentialAction":[{"@type":"ReadAction","target":["https:\/\/bobimarket.pl\/index.php\/produkt\/wykretaki-do-zerwanych-urwanych-srub-zestaw-2\/"]}]},{"@type":"BreadcrumbList","@id":"https:\/\/bobimarket.pl\/index.php\/produkt\/wykretaki-do-zerwanych-urwanych-srub-zestaw-2\/#breadcrumb","itemListElement":[{"@type":"ListItem","position":1,"name":"Strona g\u0142\u00f3wna","item":"https:\/\/bobimarket.pl\/"},{"@type":"ListItem","position":2,"name":"Sklep","item":"https:\/\/bobimarket.pl\/index.php\/shop\/"},{"@type":"ListItem","position":3,"name":"WYKR\u0118TAKI DO ZERWANYCH URWANYCH \u015aRUB ZESTAW"}]},{"@type":"WebSite","@id":"https:\/\/bobimarket.pl\/#website","url":"https:\/\/bobimarket.pl\/","name":"BOBIMARKET.pl - Remontuj i urz\u0105dzaj z nami","description":"Remontuj i urz\u0105dzaj z nami","publisher":{"@id":"https:\/\/bobimarket.pl\/#organization"},"potentialAction":[{"@type":"SearchAction","target":{"@type":"EntryPoint","urlTemplate":"https:\/\/bobimarket.pl\/?s={search_term_string}"},"query-input":"required name=search_term_string"}],"inLanguage":"pl-PL"},{"@type":"Organization","@id":"https:\/\/bobimarket.pl\/#organization","name":"BOBIMARKET.pl","url":"https:\/\/bobimarket.pl\/","logo":{"@type":"ImageObject","inLanguage":"pl-PL","@id":"https:\/\/bobimarket.pl\/#\/schema\/logo\/image\/","url":"https:\/\/bobimarket.pl\/wp-content\/uploads\/2021\/11\/slogan.png","contentUrl":"https:\/\/bobimarket.pl\/wp-content\/uploads\/2021\/11\/slogan.png","width":2000,"height":384,"caption":"BOBIMARKET.pl"},"image":{"@id":"https:\/\/bobimarket.pl\/#\/schema\/logo\/image\/"}}]}},"_links":{"self":[{"href":"https:\/\/bobimarket.pl\/index.php\/wp-json\/wp\/v2\/product\/82879"}],"collection":[{"href":"https:\/\/bobimarket.pl\/index.php\/wp-json\/wp\/v2\/product"}],"about":[{"href":"https:\/\/bobimarket.pl\/index.php\/wp-json\/wp\/v2\/types\/product"}],"wp:featuredmedia":[{"embeddable":true,"href":"https:\/\/bobimarket.pl\/index.php\/wp-json\/wp\/v2\/media\/82874"}],"wp:attachment":[{"href":"https:\/\/bobimarket.pl\/index.php\/wp-json\/wp\/v2\/media?parent=82879"}],"wp:term":[{"taxonomy":"product_cat","embeddable":true,"href":"https:\/\/bobimarket.pl\/index.php\/wp-json\/wp\/v2\/product_cat?post=82879"},{"taxonomy":"product_tag","embeddable":true,"href":"https:\/\/bobimarket.pl\/index.php\/wp-json\/wp\/v2\/product_tag?post=82879"}],"curies":[{"name":"wp","href":"https:\/\/api.w.org\/{rel}","templated":true}]}}