{"id":82898,"date":"2023-08-29T18:41:30","date_gmt":"2023-08-29T18:41:30","guid":{"rendered":"https:\/\/bobimarket.pl\/index.php\/produkt\/klucz-nastawny-szwedzki-szwed-200mm-8-do-rur\/"},"modified":"2025-02-27T13:57:59","modified_gmt":"2025-02-27T13:57:59","slug":"klucz-nastawny-szwedzki-szwed-200mm-8-do-rur","status":"publish","type":"product","link":"https:\/\/bobimarket.pl\/index.php\/produkt\/klucz-nastawny-szwedzki-szwed-200mm-8-do-rur\/","title":{"rendered":"KLUCZ NASTAWNY SZWEDZKI SZWED 200MM 8&#8243; DO RUR"},"content":{"rendered":"<section class=\"section\">\n<div class=\"item item-6\">\n<section class=\"image-item\">\n            <img decoding=\"async\" src=\"https:\/\/upload.cdn.baselinker.com\/products\/14476\/32536d8a0d749e72605ed455fe0dd819.jpg\" \/><br \/>\n        <\/section>\n<\/p><\/div>\n<div class=\"item item-6\">\n<section class=\"text-item\">\n<h2>KLUCZ NASTAWNY SZWEDZKI SZWED 200MM 8&#8243; DO RUR\u00a0<\/h2>\n<p><b>Dane techniczne:<\/b><\/p>\n<ul>\n<li>D\u0142ugo\u015b\u0107 ca\u0142kowita:<b> 200mm<\/b><\/li>\n<li><b>Rozmiar: 8&#8243;<\/b><\/li>\n<li>Materia\u0142 :<b> Stal w\u0119glowa\/ tworzywo<\/b><\/li>\n<li>Antypo\u015blizgowy uchwyt<\/li>\n<li>Certyfikat TUV\/GS<\/li>\n<\/ul>\n<\/section><\/div>\n<\/section>\n<section class=\"section\">\n<div class=\"item item-6\">\n<section class=\"image-item\">\n            <img decoding=\"async\" src=\"https:\/\/upload.cdn.baselinker.com\/products\/14476\/da2b7cfeaa77f57fb4e74222afc9045b.jpg\" \/><br \/>\n        <\/section>\n<\/p><\/div>\n<div class=\"item item-6\">\n<section class=\"text-item\">\n<p><b>Podstawowy element wyposa\u017cenia Twojej skrzynki narz\u0119dziowej!<\/b><\/p>\n<p>Solidny klucz nastawny, popularnie zwany szwedzkim. Wykonany ze\u00a0<b>stali w\u0119glowej.<\/b>\u00a0Przydatny podczas monta\u017cu r\u00f3\u017cnych element\u00f3w.<\/p>\n<ul>\n<li>Regulacja umo\u017cliwia <b>dopasowanie chwytu <\/b>do wielko\u015bci elementu montowanego.\u00a0<\/li>\n<li><b>Niewielka g\u0142owica<\/b> umo\u017cliwia prac\u0119 w trudno dost\u0119pnych miejscach.\u00a0<\/li>\n<li><b>Antypo\u015blizgowa r\u0105czka<\/b> zapewnia mocny i pewny chwyt. Narz\u0119dzie nie wy\u015blizguje si\u0119 z r\u0119ki.\u00a0<\/li>\n<li>Ko\u0144c\u00f3wka dodatkowo zosta\u0142a zako\u0144czona <b>kluczem oczkowym.\u00a0<\/b><\/li>\n<\/ul>\n<\/section><\/div>\n<\/section>\n<section class=\"section\">\n<div class=\"item item-6\">\n<section class=\"image-item\">\n            <img decoding=\"async\" src=\"https:\/\/upload.cdn.baselinker.com\/products\/14476\/496edd371fd2453f34fe14d27ab0ba6b.jpg\" \/><br \/>\n        <\/section>\n<\/p><\/div>\n<div class=\"item item-6\">\n<section class=\"text-item\">\n<p><b>\u2705 Zastosowanie:<\/b><\/p>\n<p>Klucz szwedzki sprawdzi si\u0119 podczas prac hydraulicznych, monterskich lub podczas naprawy samochodu.\u00a0<\/p>\n<ul>\n<li>Mo\u017cliwo\u015b\u0107 ustalenia wielko\u015bci rozstawu szcz\u0119k sprawia, \u017ce ma wszechstronne zastosowanie.<\/li>\n<li>Wyprofilowane szcz\u0119ki zapewniaj\u0105 pewny chwyt.<\/li>\n<\/ul>\n<\/section><\/div>\n<\/section>\n<section class=\"section\">\n<div class=\"item item-6\">\n<section class=\"image-item\">\n            <img decoding=\"async\" src=\"https:\/\/upload.cdn.baselinker.com\/products\/14476\/dd62d6d63885788410bf53b77bfe66a9.jpg\" \/><br \/>\n        <\/section>\n<\/p><\/div>\n<div class=\"item item-6\">\n<section class=\"image-item\">\n            <img decoding=\"async\" src=\"https:\/\/upload.cdn.baselinker.com\/products\/14476\/6fd85aff5a70f0c6c1d0c86844a26d22.jpg\" \/><br \/>\n        <\/section>\n<\/p><\/div>\n<\/section>\n<section class=\"section\">\n<div class=\"item item-12\">\n<section class=\"image-item\">\n            <img decoding=\"async\" src=\"https:\/\/upload.cdn.baselinker.com\/products\/14476\/d39ef3b37784126929128cb776efdc11.jpg\" \/><br \/>\n        <\/section>\n<\/p><\/div>\n<\/section>\n","protected":false},"excerpt":{"rendered":"<p>KLUCZ NASTAWNY SZWEDZKI SZWED 200MM 8&#8243; DO RUR\u00a0 Dane techniczne: D\u0142ugo\u015b\u0107 ca\u0142kowita: 200mm Rozmiar: 8&#8243; Materia\u0142 : Stal w\u0119glowa\/ tworzywo Antypo\u015blizgowy uchwyt Certyfikat TUV\/GS Podstawowy element wyposa\u017cenia Twojej skrzynki narz\u0119dziowej! Solidny klucz nastawny, popularnie zwany szwedzkim. Wykonany ze\u00a0stali w\u0119glowej.\u00a0Przydatny podczas monta\u017cu r\u00f3\u017cnych element\u00f3w. Regulacja umo\u017cliwia dopasowanie chwytu do wielko\u015bci elementu montowanego.\u00a0 Niewielka g\u0142owica umo\u017cliwia prac\u0119<br \/><a class=\"more-link\" href=\"https:\/\/bobimarket.pl\/index.php\/produkt\/klucz-nastawny-szwedzki-szwed-200mm-8-do-rur\/\"><br \/>\n        Czytaj wi\u0119cej<span class=\"screen-reader-text\"> &#8222;KLUCZ NASTAWNY SZWEDZKI SZWED 200MM 8&#8243; DO RUR&#8221;<\/span><\/a><\/p>\n","protected":false},"featured_media":82891,"template":"","meta":[],"product_cat":[8085],"product_tag":[],"yoast_head":"<!-- This site is optimized with the Yoast SEO plugin v21.0 - https:\/\/yoast.com\/wordpress\/plugins\/seo\/ -->\n<title>KLUCZ NASTAWNY SZWEDZKI SZWED 200MM 8&quot; DO RUR - BOBIMARKET.pl - Remontuj i urz\u0105dzaj z nami<\/title>\n<meta name=\"robots\" content=\"index, follow, max-snippet:-1, max-image-preview:large, max-video-preview:-1\" \/>\n<link rel=\"canonical\" href=\"https:\/\/bobimarket.pl\/index.php\/produkt\/klucz-nastawny-szwedzki-szwed-200mm-8-do-rur\/\" \/>\n<meta property=\"og:locale\" content=\"pl_PL\" \/>\n<meta property=\"og:type\" content=\"article\" \/>\n<meta property=\"og:title\" content=\"KLUCZ NASTAWNY SZWEDZKI SZWED 200MM 8&quot; DO RUR - BOBIMARKET.pl - Remontuj i urz\u0105dzaj z nami\" \/>\n<meta property=\"og:description\" content=\"KLUCZ NASTAWNY SZWEDZKI SZWED 200MM 8&#8243; DO RUR\u00a0 Dane techniczne: D\u0142ugo\u015b\u0107 ca\u0142kowita: 200mm Rozmiar: 8&#8243; Materia\u0142 : Stal w\u0119glowa\/ tworzywo Antypo\u015blizgowy uchwyt Certyfikat TUV\/GS Podstawowy element wyposa\u017cenia Twojej skrzynki narz\u0119dziowej! Solidny klucz nastawny, popularnie zwany szwedzkim. Wykonany ze\u00a0stali w\u0119glowej.\u00a0Przydatny podczas monta\u017cu r\u00f3\u017cnych element\u00f3w. Regulacja umo\u017cliwia dopasowanie chwytu do wielko\u015bci elementu montowanego.\u00a0 Niewielka g\u0142owica umo\u017cliwia prac\u0119     Czytaj wi\u0119cej &quot;KLUCZ NASTAWNY SZWEDZKI SZWED 200MM 8&#8243; DO RUR&quot;\" \/>\n<meta property=\"og:url\" content=\"https:\/\/bobimarket.pl\/index.php\/produkt\/klucz-nastawny-szwedzki-szwed-200mm-8-do-rur\/\" \/>\n<meta property=\"og:site_name\" content=\"BOBIMARKET.pl - Remontuj i urz\u0105dzaj z nami\" \/>\n<meta property=\"article:modified_time\" content=\"2025-02-27T13:57:59+00:00\" \/>\n<meta property=\"og:image\" content=\"https:\/\/upload.cdn.baselinker.com\/products\/14476\/32536d8a0d749e72605ed455fe0dd819.jpg\" \/>\n<meta name=\"twitter:card\" content=\"summary_large_image\" \/>\n<meta name=\"twitter:label1\" content=\"Szacowany czas czytania\" \/>\n\t<meta name=\"twitter:data1\" content=\"1 minuta\" \/>\n<script type=\"application\/ld+json\" class=\"yoast-schema-graph\">{\"@context\":\"https:\/\/schema.org\",\"@graph\":[{\"@type\":\"WebPage\",\"@id\":\"https:\/\/bobimarket.pl\/index.php\/produkt\/klucz-nastawny-szwedzki-szwed-200mm-8-do-rur\/\",\"url\":\"https:\/\/bobimarket.pl\/index.php\/produkt\/klucz-nastawny-szwedzki-szwed-200mm-8-do-rur\/\",\"name\":\"KLUCZ NASTAWNY SZWEDZKI SZWED 200MM 8\\\" DO RUR - BOBIMARKET.pl - Remontuj i urz\u0105dzaj z nami\",\"isPartOf\":{\"@id\":\"https:\/\/bobimarket.pl\/#website\"},\"datePublished\":\"2023-08-29T18:41:30+00:00\",\"dateModified\":\"2025-02-27T13:57:59+00:00\",\"breadcrumb\":{\"@id\":\"https:\/\/bobimarket.pl\/index.php\/produkt\/klucz-nastawny-szwedzki-szwed-200mm-8-do-rur\/#breadcrumb\"},\"inLanguage\":\"pl-PL\",\"potentialAction\":[{\"@type\":\"ReadAction\",\"target\":[\"https:\/\/bobimarket.pl\/index.php\/produkt\/klucz-nastawny-szwedzki-szwed-200mm-8-do-rur\/\"]}]},{\"@type\":\"BreadcrumbList\",\"@id\":\"https:\/\/bobimarket.pl\/index.php\/produkt\/klucz-nastawny-szwedzki-szwed-200mm-8-do-rur\/#breadcrumb\",\"itemListElement\":[{\"@type\":\"ListItem\",\"position\":1,\"name\":\"Strona g\u0142\u00f3wna\",\"item\":\"https:\/\/bobimarket.pl\/\"},{\"@type\":\"ListItem\",\"position\":2,\"name\":\"Sklep\",\"item\":\"https:\/\/bobimarket.pl\/index.php\/shop\/\"},{\"@type\":\"ListItem\",\"position\":3,\"name\":\"KLUCZ NASTAWNY SZWEDZKI SZWED 200MM 8&#8243; DO RUR\"}]},{\"@type\":\"WebSite\",\"@id\":\"https:\/\/bobimarket.pl\/#website\",\"url\":\"https:\/\/bobimarket.pl\/\",\"name\":\"BOBIMARKET.pl - Remontuj i urz\u0105dzaj z nami\",\"description\":\"Remontuj i urz\u0105dzaj z nami\",\"publisher\":{\"@id\":\"https:\/\/bobimarket.pl\/#organization\"},\"potentialAction\":[{\"@type\":\"SearchAction\",\"target\":{\"@type\":\"EntryPoint\",\"urlTemplate\":\"https:\/\/bobimarket.pl\/?s={search_term_string}\"},\"query-input\":\"required name=search_term_string\"}],\"inLanguage\":\"pl-PL\"},{\"@type\":\"Organization\",\"@id\":\"https:\/\/bobimarket.pl\/#organization\",\"name\":\"BOBIMARKET.pl\",\"url\":\"https:\/\/bobimarket.pl\/\",\"logo\":{\"@type\":\"ImageObject\",\"inLanguage\":\"pl-PL\",\"@id\":\"https:\/\/bobimarket.pl\/#\/schema\/logo\/image\/\",\"url\":\"https:\/\/bobimarket.pl\/wp-content\/uploads\/2021\/11\/slogan.png\",\"contentUrl\":\"https:\/\/bobimarket.pl\/wp-content\/uploads\/2021\/11\/slogan.png\",\"width\":2000,\"height\":384,\"caption\":\"BOBIMARKET.pl\"},\"image\":{\"@id\":\"https:\/\/bobimarket.pl\/#\/schema\/logo\/image\/\"}}]}<\/script>\n<!-- \/ Yoast SEO plugin. -->","yoast_head_json":{"title":"KLUCZ NASTAWNY SZWEDZKI SZWED 200MM 8\" DO RUR - BOBIMARKET.pl - Remontuj i urz\u0105dzaj z nami","robots":{"index":"index","follow":"follow","max-snippet":"max-snippet:-1","max-image-preview":"max-image-preview:large","max-video-preview":"max-video-preview:-1"},"canonical":"https:\/\/bobimarket.pl\/index.php\/produkt\/klucz-nastawny-szwedzki-szwed-200mm-8-do-rur\/","og_locale":"pl_PL","og_type":"article","og_title":"KLUCZ NASTAWNY SZWEDZKI SZWED 200MM 8\" DO RUR - BOBIMARKET.pl - Remontuj i urz\u0105dzaj z nami","og_description":"KLUCZ NASTAWNY SZWEDZKI SZWED 200MM 8&#8243; DO RUR\u00a0 Dane techniczne: D\u0142ugo\u015b\u0107 ca\u0142kowita: 200mm Rozmiar: 8&#8243; Materia\u0142 : Stal w\u0119glowa\/ tworzywo Antypo\u015blizgowy uchwyt Certyfikat TUV\/GS Podstawowy element wyposa\u017cenia Twojej skrzynki narz\u0119dziowej! Solidny klucz nastawny, popularnie zwany szwedzkim. Wykonany ze\u00a0stali w\u0119glowej.\u00a0Przydatny podczas monta\u017cu r\u00f3\u017cnych element\u00f3w. Regulacja umo\u017cliwia dopasowanie chwytu do wielko\u015bci elementu montowanego.\u00a0 Niewielka g\u0142owica umo\u017cliwia prac\u0119     Czytaj wi\u0119cej \"KLUCZ NASTAWNY SZWEDZKI SZWED 200MM 8&#8243; DO RUR\"","og_url":"https:\/\/bobimarket.pl\/index.php\/produkt\/klucz-nastawny-szwedzki-szwed-200mm-8-do-rur\/","og_site_name":"BOBIMARKET.pl - Remontuj i urz\u0105dzaj z nami","article_modified_time":"2025-02-27T13:57:59+00:00","og_image":[{"url":"https:\/\/upload.cdn.baselinker.com\/products\/14476\/32536d8a0d749e72605ed455fe0dd819.jpg"}],"twitter_card":"summary_large_image","twitter_misc":{"Szacowany czas czytania":"1 minuta"},"schema":{"@context":"https:\/\/schema.org","@graph":[{"@type":"WebPage","@id":"https:\/\/bobimarket.pl\/index.php\/produkt\/klucz-nastawny-szwedzki-szwed-200mm-8-do-rur\/","url":"https:\/\/bobimarket.pl\/index.php\/produkt\/klucz-nastawny-szwedzki-szwed-200mm-8-do-rur\/","name":"KLUCZ NASTAWNY SZWEDZKI SZWED 200MM 8\" DO RUR - BOBIMARKET.pl - Remontuj i urz\u0105dzaj z nami","isPartOf":{"@id":"https:\/\/bobimarket.pl\/#website"},"datePublished":"2023-08-29T18:41:30+00:00","dateModified":"2025-02-27T13:57:59+00:00","breadcrumb":{"@id":"https:\/\/bobimarket.pl\/index.php\/produkt\/klucz-nastawny-szwedzki-szwed-200mm-8-do-rur\/#breadcrumb"},"inLanguage":"pl-PL","potentialAction":[{"@type":"ReadAction","target":["https:\/\/bobimarket.pl\/index.php\/produkt\/klucz-nastawny-szwedzki-szwed-200mm-8-do-rur\/"]}]},{"@type":"BreadcrumbList","@id":"https:\/\/bobimarket.pl\/index.php\/produkt\/klucz-nastawny-szwedzki-szwed-200mm-8-do-rur\/#breadcrumb","itemListElement":[{"@type":"ListItem","position":1,"name":"Strona g\u0142\u00f3wna","item":"https:\/\/bobimarket.pl\/"},{"@type":"ListItem","position":2,"name":"Sklep","item":"https:\/\/bobimarket.pl\/index.php\/shop\/"},{"@type":"ListItem","position":3,"name":"KLUCZ NASTAWNY SZWEDZKI SZWED 200MM 8&#8243; DO RUR"}]},{"@type":"WebSite","@id":"https:\/\/bobimarket.pl\/#website","url":"https:\/\/bobimarket.pl\/","name":"BOBIMARKET.pl - Remontuj i urz\u0105dzaj z nami","description":"Remontuj i urz\u0105dzaj z nami","publisher":{"@id":"https:\/\/bobimarket.pl\/#organization"},"potentialAction":[{"@type":"SearchAction","target":{"@type":"EntryPoint","urlTemplate":"https:\/\/bobimarket.pl\/?s={search_term_string}"},"query-input":"required name=search_term_string"}],"inLanguage":"pl-PL"},{"@type":"Organization","@id":"https:\/\/bobimarket.pl\/#organization","name":"BOBIMARKET.pl","url":"https:\/\/bobimarket.pl\/","logo":{"@type":"ImageObject","inLanguage":"pl-PL","@id":"https:\/\/bobimarket.pl\/#\/schema\/logo\/image\/","url":"https:\/\/bobimarket.pl\/wp-content\/uploads\/2021\/11\/slogan.png","contentUrl":"https:\/\/bobimarket.pl\/wp-content\/uploads\/2021\/11\/slogan.png","width":2000,"height":384,"caption":"BOBIMARKET.pl"},"image":{"@id":"https:\/\/bobimarket.pl\/#\/schema\/logo\/image\/"}}]}},"_links":{"self":[{"href":"https:\/\/bobimarket.pl\/index.php\/wp-json\/wp\/v2\/product\/82898"}],"collection":[{"href":"https:\/\/bobimarket.pl\/index.php\/wp-json\/wp\/v2\/product"}],"about":[{"href":"https:\/\/bobimarket.pl\/index.php\/wp-json\/wp\/v2\/types\/product"}],"wp:featuredmedia":[{"embeddable":true,"href":"https:\/\/bobimarket.pl\/index.php\/wp-json\/wp\/v2\/media\/82891"}],"wp:attachment":[{"href":"https:\/\/bobimarket.pl\/index.php\/wp-json\/wp\/v2\/media?parent=82898"}],"wp:term":[{"taxonomy":"product_cat","embeddable":true,"href":"https:\/\/bobimarket.pl\/index.php\/wp-json\/wp\/v2\/product_cat?post=82898"},{"taxonomy":"product_tag","embeddable":true,"href":"https:\/\/bobimarket.pl\/index.php\/wp-json\/wp\/v2\/product_tag?post=82898"}],"curies":[{"name":"wp","href":"https:\/\/api.w.org\/{rel}","templated":true}]}}