{"id":82923,"date":"2023-08-29T18:43:28","date_gmt":"2023-08-29T18:43:28","guid":{"rendered":"https:\/\/bobimarket.pl\/index.php\/produkt\/adapter-sds-do-otwornic-z-wiertlem-220-mm\/"},"modified":"2025-02-27T13:58:18","modified_gmt":"2025-02-27T13:58:18","slug":"adapter-sds-do-otwornic-z-wiertlem-220-mm","status":"publish","type":"product","link":"https:\/\/bobimarket.pl\/index.php\/produkt\/adapter-sds-do-otwornic-z-wiertlem-220-mm\/","title":{"rendered":"ADAPTER SDS+ DO OTWORNIC Z WIERT\u0141EM 220 mm"},"content":{"rendered":"<section class=\"section\">\n<div class=\"item item-6\">\n<section class=\"text-item\">\n<h2>ADAPTER SDS+ DO OTWORNIC Z WIERT\u0141EM 220 mm<\/h2>\n<p><b>Dane techniczne:<\/b><\/p>\n<ul>\n<li>D\u0142ugo\u015b\u0107 adaptera: <b>220 mm<\/b><\/li>\n<li>Materia\u0142:<b> stal<\/b><\/li>\n<li>Typ mocowanie: <b>SDS PLUS<\/b><\/li>\n<li>Rozmiar gwintu \u0142\u0105cz\u0105cego:<b> gwint M22<\/b><\/li>\n<li>Przeznaczenie wiert\u0142a:<b> ceg\u0142a, beton<\/b><\/li>\n<\/ul>\n<\/section><\/div>\n<div class=\"item item-6\">\n<section class=\"image-item\"><img decoding=\"async\" src=\"https:\/\/upload.cdn.baselinker.com\/products\/14476\/89af8fed1aec7e52ab9878635965626d.jpg\"><\/section>\n<\/p><\/div>\n<\/section>\n<section class=\"section\">\n<div class=\"item item-6\">\n<section class=\"image-item\"><img decoding=\"async\" src=\"https:\/\/upload.cdn.baselinker.com\/products\/14476\/77d90224ca7d86e7316d10f234b6b70e.jpg\"><\/section>\n<\/p><\/div>\n<div class=\"item item-6\">\n<section class=\"text-item\">\n<p><b>Adapter z wiert\u0142em prowadz\u0105cym przeznaczony do wsp\u00f3\u0142pracy z koronkami wiertniczymi.<\/b><\/p>\n<p>Adapter z jednej strony wyposa\u017cony jest w ko\u0144c\u00f3wk\u0119 <b>SDS Plus<\/b> przeznaczon\u0105 do monta\u017cu w wiertarkach lub m\u0142otowiertarkach ( praca z wy\u0142\u0105czonym \u00a0udarem). Natomiast z drugiej strony posiada gwint M22.<\/p>\n<ul>\n<li>Wiert\u0142o prowadz\u0105ce dzi\u0119ki profilowanej ko\u0144c\u00f3wce umo\u017cliwia pewny monta\u017c w adapterze.<\/li>\n<li>Dodatkowo wiert\u0142o jest blokowane \u015brub\u0105.<\/li>\n<\/ul>\n<p>Adapter znajduje si\u0119 w plastikowej tubie. Mo\u017cesz wi\u0119c przechowywa\u0107 komplet w bezpieczny spos\u00f3b. Szczelnie zamykane pude\u0142ko zapobiega gubieniu si\u0119 poszczeg\u00f3lnych element\u00f3w zestawu.<\/p>\n<\/section><\/div>\n<\/section>\n<section class=\"section\">\n<div class=\"item item-6\">\n<section class=\"text-item\">\n<p><b>Komplet sk\u0142ada si\u0119 z\u00a0trzech\u00a0cz\u0119\u015bci:<\/b><\/p>\n<ol>\n<li><b>Adaptera <\/b>posiadaj\u0105cego uchwyt typu SDS Plus.<\/li>\n<li><b>Wiert\u0142a<\/b> prowadz\u0105cego<\/li>\n<li><b>\u015aruby<\/b> s\u0142u\u017c\u0105cej do blokowania wiert\u0142a.<\/li>\n<\/ol>\n<\/section><\/div>\n<div class=\"item item-6\">\n<section class=\"image-item\"><img decoding=\"async\" src=\"https:\/\/upload.cdn.baselinker.com\/products\/14476\/5e7dc1f207e0665eaf34f6bea7d51b35.jpg\"><\/section>\n<\/p><\/div>\n<\/section>\n<section class=\"section\">\n<div class=\"item item-12\">\n<section class=\"image-item\"><img decoding=\"async\" src=\"https:\/\/upload.cdn.baselinker.com\/products\/14476\/8d3bb52c31332cbc9473239c975368c5.jpg\"><\/section>\n<\/p><\/div>\n<\/section>\n","protected":false},"excerpt":{"rendered":"<p>ADAPTER SDS+ DO OTWORNIC Z WIERT\u0141EM 220 mm Dane techniczne: D\u0142ugo\u015b\u0107 adaptera: 220 mm Materia\u0142: stal Typ mocowanie: SDS PLUS Rozmiar gwintu \u0142\u0105cz\u0105cego: gwint M22 Przeznaczenie wiert\u0142a: ceg\u0142a, beton Adapter z wiert\u0142em prowadz\u0105cym przeznaczony do wsp\u00f3\u0142pracy z koronkami wiertniczymi. Adapter z jednej strony wyposa\u017cony jest w ko\u0144c\u00f3wk\u0119 SDS Plus przeznaczon\u0105 do monta\u017cu w wiertarkach lub<br \/><a class=\"more-link\" href=\"https:\/\/bobimarket.pl\/index.php\/produkt\/adapter-sds-do-otwornic-z-wiertlem-220-mm\/\"><br \/>\n        Czytaj wi\u0119cej<span class=\"screen-reader-text\"> &#8222;ADAPTER SDS+ DO OTWORNIC Z WIERT\u0141EM 220 mm&#8221;<\/span><\/a><\/p>\n","protected":false},"featured_media":82917,"template":"","meta":[],"product_cat":[8107],"product_tag":[],"yoast_head":"<!-- This site is optimized with the Yoast SEO plugin v21.0 - https:\/\/yoast.com\/wordpress\/plugins\/seo\/ -->\n<title>ADAPTER SDS+ DO OTWORNIC Z WIERT\u0141EM 220 mm - BOBIMARKET.pl - Remontuj i urz\u0105dzaj z nami<\/title>\n<meta name=\"robots\" content=\"index, follow, max-snippet:-1, max-image-preview:large, max-video-preview:-1\" \/>\n<link rel=\"canonical\" href=\"https:\/\/bobimarket.pl\/index.php\/produkt\/adapter-sds-do-otwornic-z-wiertlem-220-mm\/\" \/>\n<meta property=\"og:locale\" content=\"pl_PL\" \/>\n<meta property=\"og:type\" content=\"article\" \/>\n<meta property=\"og:title\" content=\"ADAPTER SDS+ DO OTWORNIC Z WIERT\u0141EM 220 mm - BOBIMARKET.pl - Remontuj i urz\u0105dzaj z nami\" \/>\n<meta property=\"og:description\" content=\"ADAPTER SDS+ DO OTWORNIC Z WIERT\u0141EM 220 mm Dane techniczne: D\u0142ugo\u015b\u0107 adaptera: 220 mm Materia\u0142: stal Typ mocowanie: SDS PLUS Rozmiar gwintu \u0142\u0105cz\u0105cego: gwint M22 Przeznaczenie wiert\u0142a: ceg\u0142a, beton Adapter z wiert\u0142em prowadz\u0105cym przeznaczony do wsp\u00f3\u0142pracy z koronkami wiertniczymi. Adapter z jednej strony wyposa\u017cony jest w ko\u0144c\u00f3wk\u0119 SDS Plus przeznaczon\u0105 do monta\u017cu w wiertarkach lub     Czytaj wi\u0119cej &quot;ADAPTER SDS+ DO OTWORNIC Z WIERT\u0141EM 220 mm&quot;\" \/>\n<meta property=\"og:url\" content=\"https:\/\/bobimarket.pl\/index.php\/produkt\/adapter-sds-do-otwornic-z-wiertlem-220-mm\/\" \/>\n<meta property=\"og:site_name\" content=\"BOBIMARKET.pl - Remontuj i urz\u0105dzaj z nami\" \/>\n<meta property=\"article:modified_time\" content=\"2025-02-27T13:58:18+00:00\" \/>\n<meta property=\"og:image\" content=\"https:\/\/upload.cdn.baselinker.com\/products\/14476\/89af8fed1aec7e52ab9878635965626d.jpg\" \/>\n<meta name=\"twitter:card\" content=\"summary_large_image\" \/>\n<meta name=\"twitter:label1\" content=\"Szacowany czas czytania\" \/>\n\t<meta name=\"twitter:data1\" content=\"1 minuta\" \/>\n<script type=\"application\/ld+json\" class=\"yoast-schema-graph\">{\"@context\":\"https:\/\/schema.org\",\"@graph\":[{\"@type\":\"WebPage\",\"@id\":\"https:\/\/bobimarket.pl\/index.php\/produkt\/adapter-sds-do-otwornic-z-wiertlem-220-mm\/\",\"url\":\"https:\/\/bobimarket.pl\/index.php\/produkt\/adapter-sds-do-otwornic-z-wiertlem-220-mm\/\",\"name\":\"ADAPTER SDS+ DO OTWORNIC Z WIERT\u0141EM 220 mm - BOBIMARKET.pl - Remontuj i urz\u0105dzaj z nami\",\"isPartOf\":{\"@id\":\"https:\/\/bobimarket.pl\/#website\"},\"datePublished\":\"2023-08-29T18:43:28+00:00\",\"dateModified\":\"2025-02-27T13:58:18+00:00\",\"breadcrumb\":{\"@id\":\"https:\/\/bobimarket.pl\/index.php\/produkt\/adapter-sds-do-otwornic-z-wiertlem-220-mm\/#breadcrumb\"},\"inLanguage\":\"pl-PL\",\"potentialAction\":[{\"@type\":\"ReadAction\",\"target\":[\"https:\/\/bobimarket.pl\/index.php\/produkt\/adapter-sds-do-otwornic-z-wiertlem-220-mm\/\"]}]},{\"@type\":\"BreadcrumbList\",\"@id\":\"https:\/\/bobimarket.pl\/index.php\/produkt\/adapter-sds-do-otwornic-z-wiertlem-220-mm\/#breadcrumb\",\"itemListElement\":[{\"@type\":\"ListItem\",\"position\":1,\"name\":\"Strona g\u0142\u00f3wna\",\"item\":\"https:\/\/bobimarket.pl\/\"},{\"@type\":\"ListItem\",\"position\":2,\"name\":\"Sklep\",\"item\":\"https:\/\/bobimarket.pl\/index.php\/shop\/\"},{\"@type\":\"ListItem\",\"position\":3,\"name\":\"ADAPTER SDS+ DO OTWORNIC Z WIERT\u0141EM 220 mm\"}]},{\"@type\":\"WebSite\",\"@id\":\"https:\/\/bobimarket.pl\/#website\",\"url\":\"https:\/\/bobimarket.pl\/\",\"name\":\"BOBIMARKET.pl - Remontuj i urz\u0105dzaj z nami\",\"description\":\"Remontuj i urz\u0105dzaj z nami\",\"publisher\":{\"@id\":\"https:\/\/bobimarket.pl\/#organization\"},\"potentialAction\":[{\"@type\":\"SearchAction\",\"target\":{\"@type\":\"EntryPoint\",\"urlTemplate\":\"https:\/\/bobimarket.pl\/?s={search_term_string}\"},\"query-input\":\"required name=search_term_string\"}],\"inLanguage\":\"pl-PL\"},{\"@type\":\"Organization\",\"@id\":\"https:\/\/bobimarket.pl\/#organization\",\"name\":\"BOBIMARKET.pl\",\"url\":\"https:\/\/bobimarket.pl\/\",\"logo\":{\"@type\":\"ImageObject\",\"inLanguage\":\"pl-PL\",\"@id\":\"https:\/\/bobimarket.pl\/#\/schema\/logo\/image\/\",\"url\":\"https:\/\/bobimarket.pl\/wp-content\/uploads\/2021\/11\/slogan.png\",\"contentUrl\":\"https:\/\/bobimarket.pl\/wp-content\/uploads\/2021\/11\/slogan.png\",\"width\":2000,\"height\":384,\"caption\":\"BOBIMARKET.pl\"},\"image\":{\"@id\":\"https:\/\/bobimarket.pl\/#\/schema\/logo\/image\/\"}}]}<\/script>\n<!-- \/ Yoast SEO plugin. -->","yoast_head_json":{"title":"ADAPTER SDS+ DO OTWORNIC Z WIERT\u0141EM 220 mm - BOBIMARKET.pl - Remontuj i urz\u0105dzaj z nami","robots":{"index":"index","follow":"follow","max-snippet":"max-snippet:-1","max-image-preview":"max-image-preview:large","max-video-preview":"max-video-preview:-1"},"canonical":"https:\/\/bobimarket.pl\/index.php\/produkt\/adapter-sds-do-otwornic-z-wiertlem-220-mm\/","og_locale":"pl_PL","og_type":"article","og_title":"ADAPTER SDS+ DO OTWORNIC Z WIERT\u0141EM 220 mm - BOBIMARKET.pl - Remontuj i urz\u0105dzaj z nami","og_description":"ADAPTER SDS+ DO OTWORNIC Z WIERT\u0141EM 220 mm Dane techniczne: D\u0142ugo\u015b\u0107 adaptera: 220 mm Materia\u0142: stal Typ mocowanie: SDS PLUS Rozmiar gwintu \u0142\u0105cz\u0105cego: gwint M22 Przeznaczenie wiert\u0142a: ceg\u0142a, beton Adapter z wiert\u0142em prowadz\u0105cym przeznaczony do wsp\u00f3\u0142pracy z koronkami wiertniczymi. Adapter z jednej strony wyposa\u017cony jest w ko\u0144c\u00f3wk\u0119 SDS Plus przeznaczon\u0105 do monta\u017cu w wiertarkach lub     Czytaj wi\u0119cej \"ADAPTER SDS+ DO OTWORNIC Z WIERT\u0141EM 220 mm\"","og_url":"https:\/\/bobimarket.pl\/index.php\/produkt\/adapter-sds-do-otwornic-z-wiertlem-220-mm\/","og_site_name":"BOBIMARKET.pl - Remontuj i urz\u0105dzaj z nami","article_modified_time":"2025-02-27T13:58:18+00:00","og_image":[{"url":"https:\/\/upload.cdn.baselinker.com\/products\/14476\/89af8fed1aec7e52ab9878635965626d.jpg"}],"twitter_card":"summary_large_image","twitter_misc":{"Szacowany czas czytania":"1 minuta"},"schema":{"@context":"https:\/\/schema.org","@graph":[{"@type":"WebPage","@id":"https:\/\/bobimarket.pl\/index.php\/produkt\/adapter-sds-do-otwornic-z-wiertlem-220-mm\/","url":"https:\/\/bobimarket.pl\/index.php\/produkt\/adapter-sds-do-otwornic-z-wiertlem-220-mm\/","name":"ADAPTER SDS+ DO OTWORNIC Z WIERT\u0141EM 220 mm - BOBIMARKET.pl - Remontuj i urz\u0105dzaj z nami","isPartOf":{"@id":"https:\/\/bobimarket.pl\/#website"},"datePublished":"2023-08-29T18:43:28+00:00","dateModified":"2025-02-27T13:58:18+00:00","breadcrumb":{"@id":"https:\/\/bobimarket.pl\/index.php\/produkt\/adapter-sds-do-otwornic-z-wiertlem-220-mm\/#breadcrumb"},"inLanguage":"pl-PL","potentialAction":[{"@type":"ReadAction","target":["https:\/\/bobimarket.pl\/index.php\/produkt\/adapter-sds-do-otwornic-z-wiertlem-220-mm\/"]}]},{"@type":"BreadcrumbList","@id":"https:\/\/bobimarket.pl\/index.php\/produkt\/adapter-sds-do-otwornic-z-wiertlem-220-mm\/#breadcrumb","itemListElement":[{"@type":"ListItem","position":1,"name":"Strona g\u0142\u00f3wna","item":"https:\/\/bobimarket.pl\/"},{"@type":"ListItem","position":2,"name":"Sklep","item":"https:\/\/bobimarket.pl\/index.php\/shop\/"},{"@type":"ListItem","position":3,"name":"ADAPTER SDS+ DO OTWORNIC Z WIERT\u0141EM 220 mm"}]},{"@type":"WebSite","@id":"https:\/\/bobimarket.pl\/#website","url":"https:\/\/bobimarket.pl\/","name":"BOBIMARKET.pl - Remontuj i urz\u0105dzaj z nami","description":"Remontuj i urz\u0105dzaj z nami","publisher":{"@id":"https:\/\/bobimarket.pl\/#organization"},"potentialAction":[{"@type":"SearchAction","target":{"@type":"EntryPoint","urlTemplate":"https:\/\/bobimarket.pl\/?s={search_term_string}"},"query-input":"required name=search_term_string"}],"inLanguage":"pl-PL"},{"@type":"Organization","@id":"https:\/\/bobimarket.pl\/#organization","name":"BOBIMARKET.pl","url":"https:\/\/bobimarket.pl\/","logo":{"@type":"ImageObject","inLanguage":"pl-PL","@id":"https:\/\/bobimarket.pl\/#\/schema\/logo\/image\/","url":"https:\/\/bobimarket.pl\/wp-content\/uploads\/2021\/11\/slogan.png","contentUrl":"https:\/\/bobimarket.pl\/wp-content\/uploads\/2021\/11\/slogan.png","width":2000,"height":384,"caption":"BOBIMARKET.pl"},"image":{"@id":"https:\/\/bobimarket.pl\/#\/schema\/logo\/image\/"}}]}},"_links":{"self":[{"href":"https:\/\/bobimarket.pl\/index.php\/wp-json\/wp\/v2\/product\/82923"}],"collection":[{"href":"https:\/\/bobimarket.pl\/index.php\/wp-json\/wp\/v2\/product"}],"about":[{"href":"https:\/\/bobimarket.pl\/index.php\/wp-json\/wp\/v2\/types\/product"}],"wp:featuredmedia":[{"embeddable":true,"href":"https:\/\/bobimarket.pl\/index.php\/wp-json\/wp\/v2\/media\/82917"}],"wp:attachment":[{"href":"https:\/\/bobimarket.pl\/index.php\/wp-json\/wp\/v2\/media?parent=82923"}],"wp:term":[{"taxonomy":"product_cat","embeddable":true,"href":"https:\/\/bobimarket.pl\/index.php\/wp-json\/wp\/v2\/product_cat?post=82923"},{"taxonomy":"product_tag","embeddable":true,"href":"https:\/\/bobimarket.pl\/index.php\/wp-json\/wp\/v2\/product_tag?post=82923"}],"curies":[{"name":"wp","href":"https:\/\/api.w.org\/{rel}","templated":true}]}}