{"id":83026,"date":"2023-08-29T18:52:04","date_gmt":"2023-08-29T18:52:04","guid":{"rendered":"https:\/\/bobimarket.pl\/index.php\/produkt\/olejarka-oliwiarka-smarownica-oleju-metalowa-200ml\/"},"modified":"2025-02-27T13:59:43","modified_gmt":"2025-02-27T13:59:43","slug":"olejarka-oliwiarka-smarownica-oleju-metalowa-200ml","status":"publish","type":"product","link":"https:\/\/bobimarket.pl\/index.php\/produkt\/olejarka-oliwiarka-smarownica-oleju-metalowa-200ml\/","title":{"rendered":"OLEJARKA OLIWIARKA SMAROWNICA OLEJU METALOWA 200ml"},"content":{"rendered":"<section class=\"section\">\n<div class=\"item item-6\">\n<section class=\"image-item\">\n            <img decoding=\"async\" src=\"https:\/\/upload.cdn.baselinker.com\/products\/14476\/55667020dfdc7f3fe0873f03a544dc9f.jpg\" \/><br \/>\n        <\/section>\n<\/p><\/div>\n<div class=\"item item-6\">\n<section class=\"text-item\">\n<h2>OLEJARKA OLIWIARKA SMAROWNICA OLEJU METALOWA 200ml<\/h2>\n<p><b>Dane techniczne:<\/b><\/p>\n<ul>\n<li>Pojemno\u015b\u0107: <b>200 ml<\/b><\/li>\n<li>Materia\u0142: <b>metal\/ tworzywo <\/b><\/li>\n<li>Metalowy w\u0119\u017cyk<\/li>\n<\/ul>\n<\/section><\/div>\n<\/section>\n<section class=\"section\">\n<div class=\"item item-6\">\n<section class=\"image-item\">\n            <img decoding=\"async\" src=\"https:\/\/upload.cdn.baselinker.com\/products\/14476\/36a974d0e25ceffe09c6e8194008f55f.jpg\" \/><br \/>\n        <\/section>\n<\/p><\/div>\n<div class=\"item item-6\">\n<section class=\"text-item\">\n<p><b>Klasyczna metalowa oliwiarka niezb\u0119dna w ka\u017cdym warsztacie!<\/b><\/p>\n<p>Olejarka posiada metalowy zbiornik o <b>pojemno\u015bci 200 ml.<\/b> Stosowana do aplikacji oleju lub innych \u015brodk\u00f3w smaruj\u0105cych.<\/p>\n<p>Pompka wyposa\u017cona w <b>dwa zawory kulkow<\/b>e zapewnia du\u017ce ci\u015bnienie robocze, a metalowa dysza formuje <b>precyzyjny strumie\u0144 oleju<\/b>, co umo\u017cliwia rozprowadzanie oleju w trudno dost\u0119pnych miejscach tj. skrzynie bieg\u00f3w czy mosty nap\u0119dowe.<\/p>\n<\/section><\/div>\n<\/section>\n<section class=\"section\">\n<div class=\"item item-6\">\n<section class=\"image-item\">\n            <img decoding=\"async\" src=\"https:\/\/upload.cdn.baselinker.com\/products\/14476\/999c54e966ab7c1dac3974b7f3c957a3.jpg\" \/><br \/>\n        <\/section>\n<\/p><\/div>\n<div class=\"item item-6\">\n<section class=\"text-item\">\n<p><b>\u2705 Zastosowanie:<\/b><\/p>\n<p>Oliwiarka pozwala na precyzyjne dozowanie substancji smaruj\u0105cych i oleju. Dzi\u0119ki niej <b>bezproblemowa zaaplikujesz preparat<\/b>, kt\u00f3ry zostanie prawid\u0142owo rozprowadzony na mechanizmie samochodu. \u00a0<\/p>\n<p>Idealne narz\u0119dzie podczas przeprowadzania drobnych prac serwisowych w przydomowych warsztatach.<\/p>\n<ul>\n<li>Metalowy zbiornik o pojemno\u015bci 200 ml.<\/li>\n<\/ul>\n<ul>\n<li>Silny i precyzyjny strumie\u0144 oleju.<\/li>\n<\/ul>\n<ul>\n<li>Odporna na uszkodzenia, stworzona przede wszystkim z metalu.<\/li>\n<\/ul>\n<\/section><\/div>\n<\/section>\n","protected":false},"excerpt":{"rendered":"<p>OLEJARKA OLIWIARKA SMAROWNICA OLEJU METALOWA 200ml Dane techniczne: Pojemno\u015b\u0107: 200 ml Materia\u0142: metal\/ tworzywo Metalowy w\u0119\u017cyk Klasyczna metalowa oliwiarka niezb\u0119dna w ka\u017cdym warsztacie! Olejarka posiada metalowy zbiornik o pojemno\u015bci 200 ml. Stosowana do aplikacji oleju lub innych \u015brodk\u00f3w smaruj\u0105cych. Pompka wyposa\u017cona w dwa zawory kulkowe zapewnia du\u017ce ci\u015bnienie robocze, a metalowa dysza formuje precyzyjny strumie\u0144<br \/><a class=\"more-link\" href=\"https:\/\/bobimarket.pl\/index.php\/produkt\/olejarka-oliwiarka-smarownica-oleju-metalowa-200ml\/\"><br \/>\n        Czytaj wi\u0119cej<span class=\"screen-reader-text\"> &#8222;OLEJARKA OLIWIARKA SMAROWNICA OLEJU METALOWA 200ml&#8221;<\/span><\/a><\/p>\n","protected":false},"featured_media":83022,"template":"","meta":[],"product_cat":[8247],"product_tag":[],"yoast_head":"<!-- This site is optimized with the Yoast SEO plugin v21.0 - https:\/\/yoast.com\/wordpress\/plugins\/seo\/ -->\n<title>OLEJARKA OLIWIARKA SMAROWNICA OLEJU METALOWA 200ml - BOBIMARKET.pl - Remontuj i urz\u0105dzaj z nami<\/title>\n<meta name=\"robots\" content=\"index, follow, max-snippet:-1, max-image-preview:large, max-video-preview:-1\" \/>\n<link rel=\"canonical\" href=\"https:\/\/bobimarket.pl\/index.php\/produkt\/olejarka-oliwiarka-smarownica-oleju-metalowa-200ml\/\" \/>\n<meta property=\"og:locale\" content=\"pl_PL\" \/>\n<meta property=\"og:type\" content=\"article\" \/>\n<meta property=\"og:title\" content=\"OLEJARKA OLIWIARKA SMAROWNICA OLEJU METALOWA 200ml - BOBIMARKET.pl - Remontuj i urz\u0105dzaj z nami\" \/>\n<meta property=\"og:description\" content=\"OLEJARKA OLIWIARKA SMAROWNICA OLEJU METALOWA 200ml Dane techniczne: Pojemno\u015b\u0107: 200 ml Materia\u0142: metal\/ tworzywo Metalowy w\u0119\u017cyk Klasyczna metalowa oliwiarka niezb\u0119dna w ka\u017cdym warsztacie! Olejarka posiada metalowy zbiornik o pojemno\u015bci 200 ml. Stosowana do aplikacji oleju lub innych \u015brodk\u00f3w smaruj\u0105cych. Pompka wyposa\u017cona w dwa zawory kulkowe zapewnia du\u017ce ci\u015bnienie robocze, a metalowa dysza formuje precyzyjny strumie\u0144     Czytaj wi\u0119cej &quot;OLEJARKA OLIWIARKA SMAROWNICA OLEJU METALOWA 200ml&quot;\" \/>\n<meta property=\"og:url\" content=\"https:\/\/bobimarket.pl\/index.php\/produkt\/olejarka-oliwiarka-smarownica-oleju-metalowa-200ml\/\" \/>\n<meta property=\"og:site_name\" content=\"BOBIMARKET.pl - Remontuj i urz\u0105dzaj z nami\" \/>\n<meta property=\"article:modified_time\" content=\"2025-02-27T13:59:43+00:00\" \/>\n<meta property=\"og:image\" content=\"https:\/\/upload.cdn.baselinker.com\/products\/14476\/55667020dfdc7f3fe0873f03a544dc9f.jpg\" \/>\n<meta name=\"twitter:card\" content=\"summary_large_image\" \/>\n<meta name=\"twitter:label1\" content=\"Szacowany czas czytania\" \/>\n\t<meta name=\"twitter:data1\" content=\"1 minuta\" \/>\n<script type=\"application\/ld+json\" class=\"yoast-schema-graph\">{\"@context\":\"https:\/\/schema.org\",\"@graph\":[{\"@type\":\"WebPage\",\"@id\":\"https:\/\/bobimarket.pl\/index.php\/produkt\/olejarka-oliwiarka-smarownica-oleju-metalowa-200ml\/\",\"url\":\"https:\/\/bobimarket.pl\/index.php\/produkt\/olejarka-oliwiarka-smarownica-oleju-metalowa-200ml\/\",\"name\":\"OLEJARKA OLIWIARKA SMAROWNICA OLEJU METALOWA 200ml - BOBIMARKET.pl - Remontuj i urz\u0105dzaj z nami\",\"isPartOf\":{\"@id\":\"https:\/\/bobimarket.pl\/#website\"},\"datePublished\":\"2023-08-29T18:52:04+00:00\",\"dateModified\":\"2025-02-27T13:59:43+00:00\",\"breadcrumb\":{\"@id\":\"https:\/\/bobimarket.pl\/index.php\/produkt\/olejarka-oliwiarka-smarownica-oleju-metalowa-200ml\/#breadcrumb\"},\"inLanguage\":\"pl-PL\",\"potentialAction\":[{\"@type\":\"ReadAction\",\"target\":[\"https:\/\/bobimarket.pl\/index.php\/produkt\/olejarka-oliwiarka-smarownica-oleju-metalowa-200ml\/\"]}]},{\"@type\":\"BreadcrumbList\",\"@id\":\"https:\/\/bobimarket.pl\/index.php\/produkt\/olejarka-oliwiarka-smarownica-oleju-metalowa-200ml\/#breadcrumb\",\"itemListElement\":[{\"@type\":\"ListItem\",\"position\":1,\"name\":\"Strona g\u0142\u00f3wna\",\"item\":\"https:\/\/bobimarket.pl\/\"},{\"@type\":\"ListItem\",\"position\":2,\"name\":\"Sklep\",\"item\":\"https:\/\/bobimarket.pl\/index.php\/shop\/\"},{\"@type\":\"ListItem\",\"position\":3,\"name\":\"OLEJARKA OLIWIARKA SMAROWNICA OLEJU METALOWA 200ml\"}]},{\"@type\":\"WebSite\",\"@id\":\"https:\/\/bobimarket.pl\/#website\",\"url\":\"https:\/\/bobimarket.pl\/\",\"name\":\"BOBIMARKET.pl - Remontuj i urz\u0105dzaj z nami\",\"description\":\"Remontuj i urz\u0105dzaj z nami\",\"publisher\":{\"@id\":\"https:\/\/bobimarket.pl\/#organization\"},\"potentialAction\":[{\"@type\":\"SearchAction\",\"target\":{\"@type\":\"EntryPoint\",\"urlTemplate\":\"https:\/\/bobimarket.pl\/?s={search_term_string}\"},\"query-input\":\"required name=search_term_string\"}],\"inLanguage\":\"pl-PL\"},{\"@type\":\"Organization\",\"@id\":\"https:\/\/bobimarket.pl\/#organization\",\"name\":\"BOBIMARKET.pl\",\"url\":\"https:\/\/bobimarket.pl\/\",\"logo\":{\"@type\":\"ImageObject\",\"inLanguage\":\"pl-PL\",\"@id\":\"https:\/\/bobimarket.pl\/#\/schema\/logo\/image\/\",\"url\":\"https:\/\/bobimarket.pl\/wp-content\/uploads\/2021\/11\/slogan.png\",\"contentUrl\":\"https:\/\/bobimarket.pl\/wp-content\/uploads\/2021\/11\/slogan.png\",\"width\":2000,\"height\":384,\"caption\":\"BOBIMARKET.pl\"},\"image\":{\"@id\":\"https:\/\/bobimarket.pl\/#\/schema\/logo\/image\/\"}}]}<\/script>\n<!-- \/ Yoast SEO plugin. -->","yoast_head_json":{"title":"OLEJARKA OLIWIARKA SMAROWNICA OLEJU METALOWA 200ml - BOBIMARKET.pl - Remontuj i urz\u0105dzaj z nami","robots":{"index":"index","follow":"follow","max-snippet":"max-snippet:-1","max-image-preview":"max-image-preview:large","max-video-preview":"max-video-preview:-1"},"canonical":"https:\/\/bobimarket.pl\/index.php\/produkt\/olejarka-oliwiarka-smarownica-oleju-metalowa-200ml\/","og_locale":"pl_PL","og_type":"article","og_title":"OLEJARKA OLIWIARKA SMAROWNICA OLEJU METALOWA 200ml - BOBIMARKET.pl - Remontuj i urz\u0105dzaj z nami","og_description":"OLEJARKA OLIWIARKA SMAROWNICA OLEJU METALOWA 200ml Dane techniczne: Pojemno\u015b\u0107: 200 ml Materia\u0142: metal\/ tworzywo Metalowy w\u0119\u017cyk Klasyczna metalowa oliwiarka niezb\u0119dna w ka\u017cdym warsztacie! Olejarka posiada metalowy zbiornik o pojemno\u015bci 200 ml. Stosowana do aplikacji oleju lub innych \u015brodk\u00f3w smaruj\u0105cych. Pompka wyposa\u017cona w dwa zawory kulkowe zapewnia du\u017ce ci\u015bnienie robocze, a metalowa dysza formuje precyzyjny strumie\u0144     Czytaj wi\u0119cej \"OLEJARKA OLIWIARKA SMAROWNICA OLEJU METALOWA 200ml\"","og_url":"https:\/\/bobimarket.pl\/index.php\/produkt\/olejarka-oliwiarka-smarownica-oleju-metalowa-200ml\/","og_site_name":"BOBIMARKET.pl - Remontuj i urz\u0105dzaj z nami","article_modified_time":"2025-02-27T13:59:43+00:00","og_image":[{"url":"https:\/\/upload.cdn.baselinker.com\/products\/14476\/55667020dfdc7f3fe0873f03a544dc9f.jpg"}],"twitter_card":"summary_large_image","twitter_misc":{"Szacowany czas czytania":"1 minuta"},"schema":{"@context":"https:\/\/schema.org","@graph":[{"@type":"WebPage","@id":"https:\/\/bobimarket.pl\/index.php\/produkt\/olejarka-oliwiarka-smarownica-oleju-metalowa-200ml\/","url":"https:\/\/bobimarket.pl\/index.php\/produkt\/olejarka-oliwiarka-smarownica-oleju-metalowa-200ml\/","name":"OLEJARKA OLIWIARKA SMAROWNICA OLEJU METALOWA 200ml - BOBIMARKET.pl - Remontuj i urz\u0105dzaj z nami","isPartOf":{"@id":"https:\/\/bobimarket.pl\/#website"},"datePublished":"2023-08-29T18:52:04+00:00","dateModified":"2025-02-27T13:59:43+00:00","breadcrumb":{"@id":"https:\/\/bobimarket.pl\/index.php\/produkt\/olejarka-oliwiarka-smarownica-oleju-metalowa-200ml\/#breadcrumb"},"inLanguage":"pl-PL","potentialAction":[{"@type":"ReadAction","target":["https:\/\/bobimarket.pl\/index.php\/produkt\/olejarka-oliwiarka-smarownica-oleju-metalowa-200ml\/"]}]},{"@type":"BreadcrumbList","@id":"https:\/\/bobimarket.pl\/index.php\/produkt\/olejarka-oliwiarka-smarownica-oleju-metalowa-200ml\/#breadcrumb","itemListElement":[{"@type":"ListItem","position":1,"name":"Strona g\u0142\u00f3wna","item":"https:\/\/bobimarket.pl\/"},{"@type":"ListItem","position":2,"name":"Sklep","item":"https:\/\/bobimarket.pl\/index.php\/shop\/"},{"@type":"ListItem","position":3,"name":"OLEJARKA OLIWIARKA SMAROWNICA OLEJU METALOWA 200ml"}]},{"@type":"WebSite","@id":"https:\/\/bobimarket.pl\/#website","url":"https:\/\/bobimarket.pl\/","name":"BOBIMARKET.pl - Remontuj i urz\u0105dzaj z nami","description":"Remontuj i urz\u0105dzaj z nami","publisher":{"@id":"https:\/\/bobimarket.pl\/#organization"},"potentialAction":[{"@type":"SearchAction","target":{"@type":"EntryPoint","urlTemplate":"https:\/\/bobimarket.pl\/?s={search_term_string}"},"query-input":"required name=search_term_string"}],"inLanguage":"pl-PL"},{"@type":"Organization","@id":"https:\/\/bobimarket.pl\/#organization","name":"BOBIMARKET.pl","url":"https:\/\/bobimarket.pl\/","logo":{"@type":"ImageObject","inLanguage":"pl-PL","@id":"https:\/\/bobimarket.pl\/#\/schema\/logo\/image\/","url":"https:\/\/bobimarket.pl\/wp-content\/uploads\/2021\/11\/slogan.png","contentUrl":"https:\/\/bobimarket.pl\/wp-content\/uploads\/2021\/11\/slogan.png","width":2000,"height":384,"caption":"BOBIMARKET.pl"},"image":{"@id":"https:\/\/bobimarket.pl\/#\/schema\/logo\/image\/"}}]}},"_links":{"self":[{"href":"https:\/\/bobimarket.pl\/index.php\/wp-json\/wp\/v2\/product\/83026"}],"collection":[{"href":"https:\/\/bobimarket.pl\/index.php\/wp-json\/wp\/v2\/product"}],"about":[{"href":"https:\/\/bobimarket.pl\/index.php\/wp-json\/wp\/v2\/types\/product"}],"wp:featuredmedia":[{"embeddable":true,"href":"https:\/\/bobimarket.pl\/index.php\/wp-json\/wp\/v2\/media\/83022"}],"wp:attachment":[{"href":"https:\/\/bobimarket.pl\/index.php\/wp-json\/wp\/v2\/media?parent=83026"}],"wp:term":[{"taxonomy":"product_cat","embeddable":true,"href":"https:\/\/bobimarket.pl\/index.php\/wp-json\/wp\/v2\/product_cat?post=83026"},{"taxonomy":"product_tag","embeddable":true,"href":"https:\/\/bobimarket.pl\/index.php\/wp-json\/wp\/v2\/product_tag?post=83026"}],"curies":[{"name":"wp","href":"https:\/\/api.w.org\/{rel}","templated":true}]}}