{"id":83232,"date":"2023-08-29T19:06:41","date_gmt":"2023-08-29T19:06:41","guid":{"rendered":"https:\/\/bobimarket.pl\/index.php\/produkt\/nasadka-6-katna-1-2-24-mm-krotka-klucze-nasadowe\/"},"modified":"2025-02-27T14:02:13","modified_gmt":"2025-02-27T14:02:13","slug":"nasadka-6-katna-1-2-24-mm-krotka-klucze-nasadowe","status":"publish","type":"product","link":"https:\/\/bobimarket.pl\/index.php\/produkt\/nasadka-6-katna-1-2-24-mm-krotka-klucze-nasadowe\/","title":{"rendered":"NASADKA 6 K\u0104TNA 1\/2 24 mm KR\u00d3TKA KLUCZE NASADOWE"},"content":{"rendered":"<section class=\"section\">\n<div class=\"item item-6\">\n<section class=\"image-item\">\n            <img decoding=\"async\" src=\"https:\/\/upload.cdn.baselinker.com\/products\/14476\/81ca7690a5caaca08f8863594635eb76.jpg\" \/><br \/>\n        <\/section>\n<\/p><\/div>\n<div class=\"item item-6\">\n<section class=\"text-item\">\n<h2>NASADKA 6 K\u0104TNA 1\/2 24 mm KR\u00d3TKA KLUCZE NASADOWE<\/h2>\n<p><b>Dane techniczne:<\/b><\/p>\n<ul>\n<li>Rozmiar:<b> 24 mm<\/b><\/li>\n<li>Mocowanie: <b>1\/2&#8243;<\/b><\/li>\n<li>Materia\u0142:<b> stal chromowo-wanadowa<\/b><\/li>\n<\/ul>\n<\/section><\/div>\n<\/section>\n<section class=\"section\">\n<div class=\"item item-6\">\n<section class=\"image-item\">\n            <img decoding=\"async\" src=\"https:\/\/upload.cdn.baselinker.com\/products\/14476\/c0dd2fe7643a9cdbb3488ab6b3472542.jpg\" \/><br \/>\n        <\/section>\n<\/p><\/div>\n<div class=\"item item-6\">\n<section class=\"text-item\">\n<p><b>Podstawowy element wyposa\u017cania Twojej skrzynki narz\u0119dziowej!<\/b><\/p>\n<p>Nasadka sze\u015bciok\u0105tna wykonana ze wytrzyma\u0142ej <b>stali chromowo-wanadowej<\/b>, kt\u00f3ra charakteryzuje si\u0119 odporno\u015bci\u0105 na \u015bcieranie i p\u0119kanie. S\u0142u\u017cy do odkr\u0119cania \u015brub i nakr\u0119tek sze\u015bciok\u0105tnych.<\/p>\n<p><b>\u2705 Zastosowanie:<\/b><\/p>\n<ul>\n<li>Nasadka przeznaczona jest\u00a0 do\u00a0 monta\u017cu na pokr\u0119t\u0142ach lub przed\u0142u\u017ckach 1\/2&#8243;.<\/li>\n<li>S\u0142u\u017cy do odkr\u0119canie nakr\u0119tek sze\u015bciok\u0105tnych.<\/li>\n<\/ul>\n<p>Przyda si\u0119 w ka\u017cdym warsztacie lub podczas napraw hydraulicznych i mechanicznych.<\/p>\n<\/section><\/div>\n<\/section>\n<section class=\"section\">\n<div class=\"item item-12\">\n<section class=\"image-item\">\n            <img decoding=\"async\" src=\"https:\/\/upload.cdn.baselinker.com\/products\/14476\/995b4a67c0fec5da26a43563ca43264a.jpg\" \/><br \/>\n        <\/section>\n<\/p><\/div>\n<\/section>\n","protected":false},"excerpt":{"rendered":"<p>NASADKA 6 K\u0104TNA 1\/2 24 mm KR\u00d3TKA KLUCZE NASADOWE Dane techniczne: Rozmiar: 24 mm Mocowanie: 1\/2&#8243; Materia\u0142: stal chromowo-wanadowa Podstawowy element wyposa\u017cania Twojej skrzynki narz\u0119dziowej! Nasadka sze\u015bciok\u0105tna wykonana ze wytrzyma\u0142ej stali chromowo-wanadowej, kt\u00f3ra charakteryzuje si\u0119 odporno\u015bci\u0105 na \u015bcieranie i p\u0119kanie. S\u0142u\u017cy do odkr\u0119cania \u015brub i nakr\u0119tek sze\u015bciok\u0105tnych. \u2705 Zastosowanie: Nasadka przeznaczona jest\u00a0 do\u00a0 monta\u017cu na<br \/><a class=\"more-link\" href=\"https:\/\/bobimarket.pl\/index.php\/produkt\/nasadka-6-katna-1-2-24-mm-krotka-klucze-nasadowe\/\"><br \/>\n        Czytaj wi\u0119cej<span class=\"screen-reader-text\"> &#8222;NASADKA 6 K\u0104TNA 1\/2 24 mm KR\u00d3TKA KLUCZE NASADOWE&#8221;<\/span><\/a><\/p>\n","protected":false},"featured_media":83227,"template":"","meta":[],"product_cat":[8147],"product_tag":[],"yoast_head":"<!-- This site is optimized with the Yoast SEO plugin v21.0 - https:\/\/yoast.com\/wordpress\/plugins\/seo\/ -->\n<title>NASADKA 6 K\u0104TNA 1\/2 24 mm KR\u00d3TKA KLUCZE NASADOWE - BOBIMARKET.pl - Remontuj i urz\u0105dzaj z nami<\/title>\n<meta name=\"robots\" content=\"index, follow, max-snippet:-1, max-image-preview:large, max-video-preview:-1\" \/>\n<link rel=\"canonical\" href=\"https:\/\/bobimarket.pl\/index.php\/produkt\/nasadka-6-katna-1-2-24-mm-krotka-klucze-nasadowe\/\" \/>\n<meta property=\"og:locale\" content=\"pl_PL\" \/>\n<meta property=\"og:type\" content=\"article\" \/>\n<meta property=\"og:title\" content=\"NASADKA 6 K\u0104TNA 1\/2 24 mm KR\u00d3TKA KLUCZE NASADOWE - BOBIMARKET.pl - Remontuj i urz\u0105dzaj z nami\" \/>\n<meta property=\"og:description\" content=\"NASADKA 6 K\u0104TNA 1\/2 24 mm KR\u00d3TKA KLUCZE NASADOWE Dane techniczne: Rozmiar: 24 mm Mocowanie: 1\/2&#8243; Materia\u0142: stal chromowo-wanadowa Podstawowy element wyposa\u017cania Twojej skrzynki narz\u0119dziowej! Nasadka sze\u015bciok\u0105tna wykonana ze wytrzyma\u0142ej stali chromowo-wanadowej, kt\u00f3ra charakteryzuje si\u0119 odporno\u015bci\u0105 na \u015bcieranie i p\u0119kanie. S\u0142u\u017cy do odkr\u0119cania \u015brub i nakr\u0119tek sze\u015bciok\u0105tnych. \u2705 Zastosowanie: Nasadka przeznaczona jest\u00a0 do\u00a0 monta\u017cu na     Czytaj wi\u0119cej &quot;NASADKA 6 K\u0104TNA 1\/2 24 mm KR\u00d3TKA KLUCZE NASADOWE&quot;\" \/>\n<meta property=\"og:url\" content=\"https:\/\/bobimarket.pl\/index.php\/produkt\/nasadka-6-katna-1-2-24-mm-krotka-klucze-nasadowe\/\" \/>\n<meta property=\"og:site_name\" content=\"BOBIMARKET.pl - Remontuj i urz\u0105dzaj z nami\" \/>\n<meta property=\"article:modified_time\" content=\"2025-02-27T14:02:13+00:00\" \/>\n<meta property=\"og:image\" content=\"https:\/\/upload.cdn.baselinker.com\/products\/14476\/81ca7690a5caaca08f8863594635eb76.jpg\" \/>\n<meta name=\"twitter:card\" content=\"summary_large_image\" \/>\n<script type=\"application\/ld+json\" class=\"yoast-schema-graph\">{\"@context\":\"https:\/\/schema.org\",\"@graph\":[{\"@type\":\"WebPage\",\"@id\":\"https:\/\/bobimarket.pl\/index.php\/produkt\/nasadka-6-katna-1-2-24-mm-krotka-klucze-nasadowe\/\",\"url\":\"https:\/\/bobimarket.pl\/index.php\/produkt\/nasadka-6-katna-1-2-24-mm-krotka-klucze-nasadowe\/\",\"name\":\"NASADKA 6 K\u0104TNA 1\/2 24 mm KR\u00d3TKA KLUCZE NASADOWE - BOBIMARKET.pl - Remontuj i urz\u0105dzaj z nami\",\"isPartOf\":{\"@id\":\"https:\/\/bobimarket.pl\/#website\"},\"datePublished\":\"2023-08-29T19:06:41+00:00\",\"dateModified\":\"2025-02-27T14:02:13+00:00\",\"breadcrumb\":{\"@id\":\"https:\/\/bobimarket.pl\/index.php\/produkt\/nasadka-6-katna-1-2-24-mm-krotka-klucze-nasadowe\/#breadcrumb\"},\"inLanguage\":\"pl-PL\",\"potentialAction\":[{\"@type\":\"ReadAction\",\"target\":[\"https:\/\/bobimarket.pl\/index.php\/produkt\/nasadka-6-katna-1-2-24-mm-krotka-klucze-nasadowe\/\"]}]},{\"@type\":\"BreadcrumbList\",\"@id\":\"https:\/\/bobimarket.pl\/index.php\/produkt\/nasadka-6-katna-1-2-24-mm-krotka-klucze-nasadowe\/#breadcrumb\",\"itemListElement\":[{\"@type\":\"ListItem\",\"position\":1,\"name\":\"Strona g\u0142\u00f3wna\",\"item\":\"https:\/\/bobimarket.pl\/\"},{\"@type\":\"ListItem\",\"position\":2,\"name\":\"Sklep\",\"item\":\"https:\/\/bobimarket.pl\/index.php\/shop\/\"},{\"@type\":\"ListItem\",\"position\":3,\"name\":\"NASADKA 6 K\u0104TNA 1\/2 24 mm KR\u00d3TKA KLUCZE NASADOWE\"}]},{\"@type\":\"WebSite\",\"@id\":\"https:\/\/bobimarket.pl\/#website\",\"url\":\"https:\/\/bobimarket.pl\/\",\"name\":\"BOBIMARKET.pl - Remontuj i urz\u0105dzaj z nami\",\"description\":\"Remontuj i urz\u0105dzaj z nami\",\"publisher\":{\"@id\":\"https:\/\/bobimarket.pl\/#organization\"},\"potentialAction\":[{\"@type\":\"SearchAction\",\"target\":{\"@type\":\"EntryPoint\",\"urlTemplate\":\"https:\/\/bobimarket.pl\/?s={search_term_string}\"},\"query-input\":\"required name=search_term_string\"}],\"inLanguage\":\"pl-PL\"},{\"@type\":\"Organization\",\"@id\":\"https:\/\/bobimarket.pl\/#organization\",\"name\":\"BOBIMARKET.pl\",\"url\":\"https:\/\/bobimarket.pl\/\",\"logo\":{\"@type\":\"ImageObject\",\"inLanguage\":\"pl-PL\",\"@id\":\"https:\/\/bobimarket.pl\/#\/schema\/logo\/image\/\",\"url\":\"https:\/\/bobimarket.pl\/wp-content\/uploads\/2021\/11\/slogan.png\",\"contentUrl\":\"https:\/\/bobimarket.pl\/wp-content\/uploads\/2021\/11\/slogan.png\",\"width\":2000,\"height\":384,\"caption\":\"BOBIMARKET.pl\"},\"image\":{\"@id\":\"https:\/\/bobimarket.pl\/#\/schema\/logo\/image\/\"}}]}<\/script>\n<!-- \/ Yoast SEO plugin. -->","yoast_head_json":{"title":"NASADKA 6 K\u0104TNA 1\/2 24 mm KR\u00d3TKA KLUCZE NASADOWE - BOBIMARKET.pl - Remontuj i urz\u0105dzaj z nami","robots":{"index":"index","follow":"follow","max-snippet":"max-snippet:-1","max-image-preview":"max-image-preview:large","max-video-preview":"max-video-preview:-1"},"canonical":"https:\/\/bobimarket.pl\/index.php\/produkt\/nasadka-6-katna-1-2-24-mm-krotka-klucze-nasadowe\/","og_locale":"pl_PL","og_type":"article","og_title":"NASADKA 6 K\u0104TNA 1\/2 24 mm KR\u00d3TKA KLUCZE NASADOWE - BOBIMARKET.pl - Remontuj i urz\u0105dzaj z nami","og_description":"NASADKA 6 K\u0104TNA 1\/2 24 mm KR\u00d3TKA KLUCZE NASADOWE Dane techniczne: Rozmiar: 24 mm Mocowanie: 1\/2&#8243; Materia\u0142: stal chromowo-wanadowa Podstawowy element wyposa\u017cania Twojej skrzynki narz\u0119dziowej! Nasadka sze\u015bciok\u0105tna wykonana ze wytrzyma\u0142ej stali chromowo-wanadowej, kt\u00f3ra charakteryzuje si\u0119 odporno\u015bci\u0105 na \u015bcieranie i p\u0119kanie. S\u0142u\u017cy do odkr\u0119cania \u015brub i nakr\u0119tek sze\u015bciok\u0105tnych. \u2705 Zastosowanie: Nasadka przeznaczona jest\u00a0 do\u00a0 monta\u017cu na     Czytaj wi\u0119cej \"NASADKA 6 K\u0104TNA 1\/2 24 mm KR\u00d3TKA KLUCZE NASADOWE\"","og_url":"https:\/\/bobimarket.pl\/index.php\/produkt\/nasadka-6-katna-1-2-24-mm-krotka-klucze-nasadowe\/","og_site_name":"BOBIMARKET.pl - Remontuj i urz\u0105dzaj z nami","article_modified_time":"2025-02-27T14:02:13+00:00","og_image":[{"url":"https:\/\/upload.cdn.baselinker.com\/products\/14476\/81ca7690a5caaca08f8863594635eb76.jpg"}],"twitter_card":"summary_large_image","schema":{"@context":"https:\/\/schema.org","@graph":[{"@type":"WebPage","@id":"https:\/\/bobimarket.pl\/index.php\/produkt\/nasadka-6-katna-1-2-24-mm-krotka-klucze-nasadowe\/","url":"https:\/\/bobimarket.pl\/index.php\/produkt\/nasadka-6-katna-1-2-24-mm-krotka-klucze-nasadowe\/","name":"NASADKA 6 K\u0104TNA 1\/2 24 mm KR\u00d3TKA KLUCZE NASADOWE - BOBIMARKET.pl - Remontuj i urz\u0105dzaj z nami","isPartOf":{"@id":"https:\/\/bobimarket.pl\/#website"},"datePublished":"2023-08-29T19:06:41+00:00","dateModified":"2025-02-27T14:02:13+00:00","breadcrumb":{"@id":"https:\/\/bobimarket.pl\/index.php\/produkt\/nasadka-6-katna-1-2-24-mm-krotka-klucze-nasadowe\/#breadcrumb"},"inLanguage":"pl-PL","potentialAction":[{"@type":"ReadAction","target":["https:\/\/bobimarket.pl\/index.php\/produkt\/nasadka-6-katna-1-2-24-mm-krotka-klucze-nasadowe\/"]}]},{"@type":"BreadcrumbList","@id":"https:\/\/bobimarket.pl\/index.php\/produkt\/nasadka-6-katna-1-2-24-mm-krotka-klucze-nasadowe\/#breadcrumb","itemListElement":[{"@type":"ListItem","position":1,"name":"Strona g\u0142\u00f3wna","item":"https:\/\/bobimarket.pl\/"},{"@type":"ListItem","position":2,"name":"Sklep","item":"https:\/\/bobimarket.pl\/index.php\/shop\/"},{"@type":"ListItem","position":3,"name":"NASADKA 6 K\u0104TNA 1\/2 24 mm KR\u00d3TKA KLUCZE NASADOWE"}]},{"@type":"WebSite","@id":"https:\/\/bobimarket.pl\/#website","url":"https:\/\/bobimarket.pl\/","name":"BOBIMARKET.pl - Remontuj i urz\u0105dzaj z nami","description":"Remontuj i urz\u0105dzaj z nami","publisher":{"@id":"https:\/\/bobimarket.pl\/#organization"},"potentialAction":[{"@type":"SearchAction","target":{"@type":"EntryPoint","urlTemplate":"https:\/\/bobimarket.pl\/?s={search_term_string}"},"query-input":"required name=search_term_string"}],"inLanguage":"pl-PL"},{"@type":"Organization","@id":"https:\/\/bobimarket.pl\/#organization","name":"BOBIMARKET.pl","url":"https:\/\/bobimarket.pl\/","logo":{"@type":"ImageObject","inLanguage":"pl-PL","@id":"https:\/\/bobimarket.pl\/#\/schema\/logo\/image\/","url":"https:\/\/bobimarket.pl\/wp-content\/uploads\/2021\/11\/slogan.png","contentUrl":"https:\/\/bobimarket.pl\/wp-content\/uploads\/2021\/11\/slogan.png","width":2000,"height":384,"caption":"BOBIMARKET.pl"},"image":{"@id":"https:\/\/bobimarket.pl\/#\/schema\/logo\/image\/"}}]}},"_links":{"self":[{"href":"https:\/\/bobimarket.pl\/index.php\/wp-json\/wp\/v2\/product\/83232"}],"collection":[{"href":"https:\/\/bobimarket.pl\/index.php\/wp-json\/wp\/v2\/product"}],"about":[{"href":"https:\/\/bobimarket.pl\/index.php\/wp-json\/wp\/v2\/types\/product"}],"wp:featuredmedia":[{"embeddable":true,"href":"https:\/\/bobimarket.pl\/index.php\/wp-json\/wp\/v2\/media\/83227"}],"wp:attachment":[{"href":"https:\/\/bobimarket.pl\/index.php\/wp-json\/wp\/v2\/media?parent=83232"}],"wp:term":[{"taxonomy":"product_cat","embeddable":true,"href":"https:\/\/bobimarket.pl\/index.php\/wp-json\/wp\/v2\/product_cat?post=83232"},{"taxonomy":"product_tag","embeddable":true,"href":"https:\/\/bobimarket.pl\/index.php\/wp-json\/wp\/v2\/product_tag?post=83232"}],"curies":[{"name":"wp","href":"https:\/\/api.w.org\/{rel}","templated":true}]}}