{"id":83584,"date":"2023-08-29T19:34:33","date_gmt":"2023-08-29T19:34:33","guid":{"rendered":"https:\/\/bobimarket.pl\/index.php\/produkt\/otwornica-diamentowa-koronka-do-gresu-plytek-8mm\/"},"modified":"2025-02-27T14:07:05","modified_gmt":"2025-02-27T14:07:05","slug":"otwornica-diamentowa-koronka-do-gresu-plytek-8mm","status":"publish","type":"product","link":"https:\/\/bobimarket.pl\/index.php\/produkt\/otwornica-diamentowa-koronka-do-gresu-plytek-8mm\/","title":{"rendered":"OTWORNICA DIAMENTOWA KORONKA DO GRESU P\u0141YTEK 8mm"},"content":{"rendered":"<section class=\"section\">\n<div class=\"item item-6\">\n<section class=\"text-item\">\n<h2>OTWORNICA DIAMENTOWA KORONKA DO GRESU P\u0141YTEK 8mm<\/h2>\n<p>Dane techniczne:<\/p>\n<ul>\n<li>\u015arednica:<b> 8 mm<\/b><\/li>\n<li>Materia\u0142:<b> stal\/ diamentowy nasyp<\/b><\/li>\n<li><b>Diamentowe ostrze<\/b><\/li>\n<li>Stosowa\u0107 wy\u0142\u0105cznie z ch\u0142odzeniem wod\u0105<\/li>\n<li>Przeznaczenie: szk\u0142o, ceg\u0142a, p\u0142yta laminowana, p\u0142ytki ceramiczne<\/li>\n<\/ul>\n<\/section><\/div>\n<div class=\"item item-6\">\n<section class=\"image-item\">\n            <img decoding=\"async\" src=\"https:\/\/upload.cdn.baselinker.com\/products\/14476\/ed0823abf2836c77d08fd29092f97b0f.jpg\" \/><br \/>\n        <\/section>\n<\/p><\/div>\n<\/section>\n<section class=\"section\">\n<div class=\"item item-6\">\n<section class=\"image-item\">\n            <img decoding=\"async\" src=\"https:\/\/upload.cdn.baselinker.com\/products\/14476\/80d0ff9059268975fc96011fc4a98697.jpg\" \/><br \/>\n        <\/section>\n<\/p><\/div>\n<div class=\"item item-6\">\n<section class=\"text-item\">\n<p>Solidna otwornica z nasypem diamentowym przeznaczona do wykonywania otwor\u00f3w w szkle, p\u0142ytkach itp.<\/p>\n<ul>\n<li>Cz\u0119\u015b\u0107 robocz\u0105 stanowi <b>bardzo drobny i g\u0119sty nasyp diamentowy<\/b> (lutowany pr\u00f3\u017cniowo do walcowego stalowego korpusu).<\/li>\n<li><b>Otwory w powierzchni bocznej<\/b> wiert\u0142a zwi\u0119kszaj\u0105 wydajno\u015b\u0107 wiercenia wskutek szybkiego odprowadzania urobku z otworu i umo\u017cliwiaj\u0105 lepsze ch\u0142odzenie.<\/li>\n<\/ul>\n<p>Uwaga! Otwornica z nasypem diamentowym przeznaczona jest do wykonywania otwor\u00f3w wy\u0142\u0105cznie na mokro.<\/p>\n<\/section><\/div>\n<\/section>\n<section class=\"section\">\n<div class=\"item item-6\">\n<section class=\"text-item\">\n<p><b>\u2705 Zastosowanie: <\/b><\/p>\n<p>Wiert\u0142o sprawdzi si\u0119 w trakcie wykonywani prac wyko\u0144czeniowych w \u0142azience np. podczas zawieszanie element\u00f3w. Pozwala wierci\u0107 w: \u00a0<\/p>\n<ul>\n<li>szkle,<\/li>\n<li>p\u0142ytka ceramicznych,<\/li>\n<li>p\u0142ytkach laminowanych,<\/li>\n<li>cegle itp.<\/li>\n<\/ul>\n<\/section><\/div>\n<div class=\"item item-6\">\n<section class=\"image-item\">\n            <img decoding=\"async\" src=\"https:\/\/upload.cdn.baselinker.com\/products\/14476\/762c85d5ffe14c999a357015d68969c3.jpg\" \/><br \/>\n        <\/section>\n<\/p><\/div>\n<\/section>\n","protected":false},"excerpt":{"rendered":"<p>OTWORNICA DIAMENTOWA KORONKA DO GRESU P\u0141YTEK 8mm Dane techniczne: \u015arednica: 8 mm Materia\u0142: stal\/ diamentowy nasyp Diamentowe ostrze Stosowa\u0107 wy\u0142\u0105cznie z ch\u0142odzeniem wod\u0105 Przeznaczenie: szk\u0142o, ceg\u0142a, p\u0142yta laminowana, p\u0142ytki ceramiczne Solidna otwornica z nasypem diamentowym przeznaczona do wykonywania otwor\u00f3w w szkle, p\u0142ytkach itp. Cz\u0119\u015b\u0107 robocz\u0105 stanowi bardzo drobny i g\u0119sty nasyp diamentowy (lutowany pr\u00f3\u017cniowo do<br \/><a class=\"more-link\" href=\"https:\/\/bobimarket.pl\/index.php\/produkt\/otwornica-diamentowa-koronka-do-gresu-plytek-8mm\/\"><br \/>\n        Czytaj wi\u0119cej<span class=\"screen-reader-text\"> &#8222;OTWORNICA DIAMENTOWA KORONKA DO GRESU P\u0141YTEK 8mm&#8221;<\/span><\/a><\/p>\n","protected":false},"featured_media":83579,"template":"","meta":[],"product_cat":[8107],"product_tag":[],"yoast_head":"<!-- This site is optimized with the Yoast SEO plugin v21.0 - https:\/\/yoast.com\/wordpress\/plugins\/seo\/ -->\n<title>OTWORNICA DIAMENTOWA KORONKA DO GRESU P\u0141YTEK 8mm - BOBIMARKET.pl - Remontuj i urz\u0105dzaj z nami<\/title>\n<meta name=\"robots\" content=\"index, follow, max-snippet:-1, max-image-preview:large, max-video-preview:-1\" \/>\n<link rel=\"canonical\" href=\"https:\/\/bobimarket.pl\/index.php\/produkt\/otwornica-diamentowa-koronka-do-gresu-plytek-8mm\/\" \/>\n<meta property=\"og:locale\" content=\"pl_PL\" \/>\n<meta property=\"og:type\" content=\"article\" \/>\n<meta property=\"og:title\" content=\"OTWORNICA DIAMENTOWA KORONKA DO GRESU P\u0141YTEK 8mm - BOBIMARKET.pl - Remontuj i urz\u0105dzaj z nami\" \/>\n<meta property=\"og:description\" content=\"OTWORNICA DIAMENTOWA KORONKA DO GRESU P\u0141YTEK 8mm Dane techniczne: \u015arednica: 8 mm Materia\u0142: stal\/ diamentowy nasyp Diamentowe ostrze Stosowa\u0107 wy\u0142\u0105cznie z ch\u0142odzeniem wod\u0105 Przeznaczenie: szk\u0142o, ceg\u0142a, p\u0142yta laminowana, p\u0142ytki ceramiczne Solidna otwornica z nasypem diamentowym przeznaczona do wykonywania otwor\u00f3w w szkle, p\u0142ytkach itp. Cz\u0119\u015b\u0107 robocz\u0105 stanowi bardzo drobny i g\u0119sty nasyp diamentowy (lutowany pr\u00f3\u017cniowo do     Czytaj wi\u0119cej &quot;OTWORNICA DIAMENTOWA KORONKA DO GRESU P\u0141YTEK 8mm&quot;\" \/>\n<meta property=\"og:url\" content=\"https:\/\/bobimarket.pl\/index.php\/produkt\/otwornica-diamentowa-koronka-do-gresu-plytek-8mm\/\" \/>\n<meta property=\"og:site_name\" content=\"BOBIMARKET.pl - Remontuj i urz\u0105dzaj z nami\" \/>\n<meta property=\"article:modified_time\" content=\"2025-02-27T14:07:05+00:00\" \/>\n<meta property=\"og:image\" content=\"https:\/\/upload.cdn.baselinker.com\/products\/14476\/ed0823abf2836c77d08fd29092f97b0f.jpg\" \/>\n<meta name=\"twitter:card\" content=\"summary_large_image\" \/>\n<meta name=\"twitter:label1\" content=\"Szacowany czas czytania\" \/>\n\t<meta name=\"twitter:data1\" content=\"1 minuta\" \/>\n<script type=\"application\/ld+json\" class=\"yoast-schema-graph\">{\"@context\":\"https:\/\/schema.org\",\"@graph\":[{\"@type\":\"WebPage\",\"@id\":\"https:\/\/bobimarket.pl\/index.php\/produkt\/otwornica-diamentowa-koronka-do-gresu-plytek-8mm\/\",\"url\":\"https:\/\/bobimarket.pl\/index.php\/produkt\/otwornica-diamentowa-koronka-do-gresu-plytek-8mm\/\",\"name\":\"OTWORNICA DIAMENTOWA KORONKA DO GRESU P\u0141YTEK 8mm - BOBIMARKET.pl - Remontuj i urz\u0105dzaj z nami\",\"isPartOf\":{\"@id\":\"https:\/\/bobimarket.pl\/#website\"},\"datePublished\":\"2023-08-29T19:34:33+00:00\",\"dateModified\":\"2025-02-27T14:07:05+00:00\",\"breadcrumb\":{\"@id\":\"https:\/\/bobimarket.pl\/index.php\/produkt\/otwornica-diamentowa-koronka-do-gresu-plytek-8mm\/#breadcrumb\"},\"inLanguage\":\"pl-PL\",\"potentialAction\":[{\"@type\":\"ReadAction\",\"target\":[\"https:\/\/bobimarket.pl\/index.php\/produkt\/otwornica-diamentowa-koronka-do-gresu-plytek-8mm\/\"]}]},{\"@type\":\"BreadcrumbList\",\"@id\":\"https:\/\/bobimarket.pl\/index.php\/produkt\/otwornica-diamentowa-koronka-do-gresu-plytek-8mm\/#breadcrumb\",\"itemListElement\":[{\"@type\":\"ListItem\",\"position\":1,\"name\":\"Strona g\u0142\u00f3wna\",\"item\":\"https:\/\/bobimarket.pl\/\"},{\"@type\":\"ListItem\",\"position\":2,\"name\":\"Sklep\",\"item\":\"https:\/\/bobimarket.pl\/index.php\/shop\/\"},{\"@type\":\"ListItem\",\"position\":3,\"name\":\"OTWORNICA DIAMENTOWA KORONKA DO GRESU P\u0141YTEK 8mm\"}]},{\"@type\":\"WebSite\",\"@id\":\"https:\/\/bobimarket.pl\/#website\",\"url\":\"https:\/\/bobimarket.pl\/\",\"name\":\"BOBIMARKET.pl - Remontuj i urz\u0105dzaj z nami\",\"description\":\"Remontuj i urz\u0105dzaj z nami\",\"publisher\":{\"@id\":\"https:\/\/bobimarket.pl\/#organization\"},\"potentialAction\":[{\"@type\":\"SearchAction\",\"target\":{\"@type\":\"EntryPoint\",\"urlTemplate\":\"https:\/\/bobimarket.pl\/?s={search_term_string}\"},\"query-input\":\"required name=search_term_string\"}],\"inLanguage\":\"pl-PL\"},{\"@type\":\"Organization\",\"@id\":\"https:\/\/bobimarket.pl\/#organization\",\"name\":\"BOBIMARKET.pl\",\"url\":\"https:\/\/bobimarket.pl\/\",\"logo\":{\"@type\":\"ImageObject\",\"inLanguage\":\"pl-PL\",\"@id\":\"https:\/\/bobimarket.pl\/#\/schema\/logo\/image\/\",\"url\":\"https:\/\/bobimarket.pl\/wp-content\/uploads\/2021\/11\/slogan.png\",\"contentUrl\":\"https:\/\/bobimarket.pl\/wp-content\/uploads\/2021\/11\/slogan.png\",\"width\":2000,\"height\":384,\"caption\":\"BOBIMARKET.pl\"},\"image\":{\"@id\":\"https:\/\/bobimarket.pl\/#\/schema\/logo\/image\/\"}}]}<\/script>\n<!-- \/ Yoast SEO plugin. -->","yoast_head_json":{"title":"OTWORNICA DIAMENTOWA KORONKA DO GRESU P\u0141YTEK 8mm - BOBIMARKET.pl - Remontuj i urz\u0105dzaj z nami","robots":{"index":"index","follow":"follow","max-snippet":"max-snippet:-1","max-image-preview":"max-image-preview:large","max-video-preview":"max-video-preview:-1"},"canonical":"https:\/\/bobimarket.pl\/index.php\/produkt\/otwornica-diamentowa-koronka-do-gresu-plytek-8mm\/","og_locale":"pl_PL","og_type":"article","og_title":"OTWORNICA DIAMENTOWA KORONKA DO GRESU P\u0141YTEK 8mm - BOBIMARKET.pl - Remontuj i urz\u0105dzaj z nami","og_description":"OTWORNICA DIAMENTOWA KORONKA DO GRESU P\u0141YTEK 8mm Dane techniczne: \u015arednica: 8 mm Materia\u0142: stal\/ diamentowy nasyp Diamentowe ostrze Stosowa\u0107 wy\u0142\u0105cznie z ch\u0142odzeniem wod\u0105 Przeznaczenie: szk\u0142o, ceg\u0142a, p\u0142yta laminowana, p\u0142ytki ceramiczne Solidna otwornica z nasypem diamentowym przeznaczona do wykonywania otwor\u00f3w w szkle, p\u0142ytkach itp. Cz\u0119\u015b\u0107 robocz\u0105 stanowi bardzo drobny i g\u0119sty nasyp diamentowy (lutowany pr\u00f3\u017cniowo do     Czytaj wi\u0119cej \"OTWORNICA DIAMENTOWA KORONKA DO GRESU P\u0141YTEK 8mm\"","og_url":"https:\/\/bobimarket.pl\/index.php\/produkt\/otwornica-diamentowa-koronka-do-gresu-plytek-8mm\/","og_site_name":"BOBIMARKET.pl - Remontuj i urz\u0105dzaj z nami","article_modified_time":"2025-02-27T14:07:05+00:00","og_image":[{"url":"https:\/\/upload.cdn.baselinker.com\/products\/14476\/ed0823abf2836c77d08fd29092f97b0f.jpg"}],"twitter_card":"summary_large_image","twitter_misc":{"Szacowany czas czytania":"1 minuta"},"schema":{"@context":"https:\/\/schema.org","@graph":[{"@type":"WebPage","@id":"https:\/\/bobimarket.pl\/index.php\/produkt\/otwornica-diamentowa-koronka-do-gresu-plytek-8mm\/","url":"https:\/\/bobimarket.pl\/index.php\/produkt\/otwornica-diamentowa-koronka-do-gresu-plytek-8mm\/","name":"OTWORNICA DIAMENTOWA KORONKA DO GRESU P\u0141YTEK 8mm - BOBIMARKET.pl - Remontuj i urz\u0105dzaj z nami","isPartOf":{"@id":"https:\/\/bobimarket.pl\/#website"},"datePublished":"2023-08-29T19:34:33+00:00","dateModified":"2025-02-27T14:07:05+00:00","breadcrumb":{"@id":"https:\/\/bobimarket.pl\/index.php\/produkt\/otwornica-diamentowa-koronka-do-gresu-plytek-8mm\/#breadcrumb"},"inLanguage":"pl-PL","potentialAction":[{"@type":"ReadAction","target":["https:\/\/bobimarket.pl\/index.php\/produkt\/otwornica-diamentowa-koronka-do-gresu-plytek-8mm\/"]}]},{"@type":"BreadcrumbList","@id":"https:\/\/bobimarket.pl\/index.php\/produkt\/otwornica-diamentowa-koronka-do-gresu-plytek-8mm\/#breadcrumb","itemListElement":[{"@type":"ListItem","position":1,"name":"Strona g\u0142\u00f3wna","item":"https:\/\/bobimarket.pl\/"},{"@type":"ListItem","position":2,"name":"Sklep","item":"https:\/\/bobimarket.pl\/index.php\/shop\/"},{"@type":"ListItem","position":3,"name":"OTWORNICA DIAMENTOWA KORONKA DO GRESU P\u0141YTEK 8mm"}]},{"@type":"WebSite","@id":"https:\/\/bobimarket.pl\/#website","url":"https:\/\/bobimarket.pl\/","name":"BOBIMARKET.pl - Remontuj i urz\u0105dzaj z nami","description":"Remontuj i urz\u0105dzaj z nami","publisher":{"@id":"https:\/\/bobimarket.pl\/#organization"},"potentialAction":[{"@type":"SearchAction","target":{"@type":"EntryPoint","urlTemplate":"https:\/\/bobimarket.pl\/?s={search_term_string}"},"query-input":"required name=search_term_string"}],"inLanguage":"pl-PL"},{"@type":"Organization","@id":"https:\/\/bobimarket.pl\/#organization","name":"BOBIMARKET.pl","url":"https:\/\/bobimarket.pl\/","logo":{"@type":"ImageObject","inLanguage":"pl-PL","@id":"https:\/\/bobimarket.pl\/#\/schema\/logo\/image\/","url":"https:\/\/bobimarket.pl\/wp-content\/uploads\/2021\/11\/slogan.png","contentUrl":"https:\/\/bobimarket.pl\/wp-content\/uploads\/2021\/11\/slogan.png","width":2000,"height":384,"caption":"BOBIMARKET.pl"},"image":{"@id":"https:\/\/bobimarket.pl\/#\/schema\/logo\/image\/"}}]}},"_links":{"self":[{"href":"https:\/\/bobimarket.pl\/index.php\/wp-json\/wp\/v2\/product\/83584"}],"collection":[{"href":"https:\/\/bobimarket.pl\/index.php\/wp-json\/wp\/v2\/product"}],"about":[{"href":"https:\/\/bobimarket.pl\/index.php\/wp-json\/wp\/v2\/types\/product"}],"wp:featuredmedia":[{"embeddable":true,"href":"https:\/\/bobimarket.pl\/index.php\/wp-json\/wp\/v2\/media\/83579"}],"wp:attachment":[{"href":"https:\/\/bobimarket.pl\/index.php\/wp-json\/wp\/v2\/media?parent=83584"}],"wp:term":[{"taxonomy":"product_cat","embeddable":true,"href":"https:\/\/bobimarket.pl\/index.php\/wp-json\/wp\/v2\/product_cat?post=83584"},{"taxonomy":"product_tag","embeddable":true,"href":"https:\/\/bobimarket.pl\/index.php\/wp-json\/wp\/v2\/product_tag?post=83584"}],"curies":[{"name":"wp","href":"https:\/\/api.w.org\/{rel}","templated":true}]}}