{"id":83716,"date":"2023-08-29T19:44:10","date_gmt":"2023-08-29T19:44:10","guid":{"rendered":"https:\/\/bobimarket.pl\/index.php\/produkt\/wiertlo-do-betonu-muru-20x260-mm-sds-plus-widia\/"},"modified":"2025-02-27T14:09:16","modified_gmt":"2025-02-27T14:09:16","slug":"wiertlo-do-betonu-muru-20x260-mm-sds-plus-widia","status":"publish","type":"product","link":"https:\/\/bobimarket.pl\/index.php\/produkt\/wiertlo-do-betonu-muru-20x260-mm-sds-plus-widia\/","title":{"rendered":"WIERT\u0141O DO BETONU MURU 20&#215;260 mm SDS PLUS WIDIA"},"content":{"rendered":"<section class=\"section\">\n<div class=\"item item-12\">\n<section class=\"text-item\">\n<h2>WIERT\u0141O DO BETONU MURU 20&#215;260 mm SDS PLUS WIDIA<\/h2>\n<p><b>Dane techniczne:<\/b><\/p>\n<ul>\n<li>\u015arednica wiert\u0142a: <b>20 mm<\/b><\/li>\n<li>D\u0142ugo\u015b\u0107 ca\u0142kowita: <b>260 <\/b><b>mm<\/b><\/li>\n<li>Materia\u0142:<b> widia\/stal<\/b><\/li>\n<li>Typ mocowanie: <b>SDS PLUS<\/b><\/li>\n<li>Przeznaczenie: <b>beton, granit, ceg\u0142y itp.\u00a0<\/b><\/li>\n<\/ul>\n<\/section><\/div>\n<\/section>\n<section class=\"section\">\n<div class=\"item item-12\">\n<section class=\"image-item\">\n            <img decoding=\"async\" src=\"https:\/\/upload.cdn.baselinker.com\/products\/14476\/34a164b62b967aa383e5e6dc05130267.jpg\" \/><br \/>\n        <\/section>\n<\/p><\/div>\n<\/section>\n<section class=\"section\">\n<div class=\"item item-12\">\n<section class=\"text-item\">\n<p><b>Niezast\u0105piony element ka\u017cdej skrzynki narz\u0119dziowej!<\/b><\/p>\n<p>Wiert\u0142o do betonu o wymiarach 20&#215;260 mm z uchwytem SDS Plus. Specjalnie skonstruowana <b>wk\u0142adka widiowa<\/b> sprawia, \u017ce wiert\u0142o charakteryzuje si\u0119 d\u0142u\u017csz\u0105 \u017cywotno\u015bci\u0105 i<b> wysok\u0105 wydajno\u015bci\u0105.<\/b>\u00a0<\/p>\n<p><b>Podw\u00f3jna spirala<\/b> wiert\u0142a przy\u015bpiesza odprowadzenie rozbitego materia\u0142u na zewn\u0105trz znacznie skracaj\u0105c czas potrzebny na wykonanie otworu.<\/p>\n<p>\u2705\u00a0<b>Zastosowanie:\u00a0<\/b><\/p>\n<p>Wiert\u0142o przeznaczone jest do obr\u00f3bki betonu i innych podobnych materia\u0142\u00f3w. Nadaje si\u0119 do kruszenia i <b>wiercenia w cegle, betonie, granicie lub kamieniach.<\/b> Wiert\u0142o b\u0119dzie pasowa\u0142o do wi\u0119kszo\u015bci dost\u0119pnych na rynku wiertarek.\u00a0<\/p>\n<p>Sprawdzi si\u0119 podczas prac budowlanych i remontowych.\u00a0<\/p>\n<\/section><\/div>\n<\/section>\n<section class=\"section\">\n<div class=\"item item-12\">\n<section class=\"image-item\">\n            <img decoding=\"async\" src=\"https:\/\/upload.cdn.baselinker.com\/products\/14476\/dd529f76f250ebfed49fccf4ec094749.jpg\" \/><br \/>\n        <\/section>\n<\/p><\/div>\n<\/section>\n","protected":false},"excerpt":{"rendered":"<p>WIERT\u0141O DO BETONU MURU 20&#215;260 mm SDS PLUS WIDIA Dane techniczne: \u015arednica wiert\u0142a: 20 mm D\u0142ugo\u015b\u0107 ca\u0142kowita: 260 mm Materia\u0142: widia\/stal Typ mocowanie: SDS PLUS Przeznaczenie: beton, granit, ceg\u0142y itp.\u00a0 Niezast\u0105piony element ka\u017cdej skrzynki narz\u0119dziowej! Wiert\u0142o do betonu o wymiarach 20&#215;260 mm z uchwytem SDS Plus. Specjalnie skonstruowana wk\u0142adka widiowa sprawia, \u017ce wiert\u0142o charakteryzuje si\u0119<br \/><a class=\"more-link\" href=\"https:\/\/bobimarket.pl\/index.php\/produkt\/wiertlo-do-betonu-muru-20x260-mm-sds-plus-widia\/\"><br \/>\n        Czytaj wi\u0119cej<span class=\"screen-reader-text\"> &#8222;WIERT\u0141O DO BETONU MURU 20&#215;260 mm SDS PLUS WIDIA&#8221;<\/span><\/a><\/p>\n","protected":false},"featured_media":83713,"template":"","meta":[],"product_cat":[8108],"product_tag":[],"yoast_head":"<!-- This site is optimized with the Yoast SEO plugin v21.0 - https:\/\/yoast.com\/wordpress\/plugins\/seo\/ -->\n<title>WIERT\u0141O DO BETONU MURU 20x260 mm SDS PLUS WIDIA - BOBIMARKET.pl - Remontuj i urz\u0105dzaj z nami<\/title>\n<meta name=\"robots\" content=\"index, follow, max-snippet:-1, max-image-preview:large, max-video-preview:-1\" \/>\n<link rel=\"canonical\" href=\"https:\/\/bobimarket.pl\/index.php\/produkt\/wiertlo-do-betonu-muru-20x260-mm-sds-plus-widia\/\" \/>\n<meta property=\"og:locale\" content=\"pl_PL\" \/>\n<meta property=\"og:type\" content=\"article\" \/>\n<meta property=\"og:title\" content=\"WIERT\u0141O DO BETONU MURU 20x260 mm SDS PLUS WIDIA - BOBIMARKET.pl - Remontuj i urz\u0105dzaj z nami\" \/>\n<meta property=\"og:description\" content=\"WIERT\u0141O DO BETONU MURU 20&#215;260 mm SDS PLUS WIDIA Dane techniczne: \u015arednica wiert\u0142a: 20 mm D\u0142ugo\u015b\u0107 ca\u0142kowita: 260 mm Materia\u0142: widia\/stal Typ mocowanie: SDS PLUS Przeznaczenie: beton, granit, ceg\u0142y itp.\u00a0 Niezast\u0105piony element ka\u017cdej skrzynki narz\u0119dziowej! Wiert\u0142o do betonu o wymiarach 20&#215;260 mm z uchwytem SDS Plus. Specjalnie skonstruowana wk\u0142adka widiowa sprawia, \u017ce wiert\u0142o charakteryzuje si\u0119     Czytaj wi\u0119cej &quot;WIERT\u0141O DO BETONU MURU 20&#215;260 mm SDS PLUS WIDIA&quot;\" \/>\n<meta property=\"og:url\" content=\"https:\/\/bobimarket.pl\/index.php\/produkt\/wiertlo-do-betonu-muru-20x260-mm-sds-plus-widia\/\" \/>\n<meta property=\"og:site_name\" content=\"BOBIMARKET.pl - Remontuj i urz\u0105dzaj z nami\" \/>\n<meta property=\"article:modified_time\" content=\"2025-02-27T14:09:16+00:00\" \/>\n<meta property=\"og:image\" content=\"https:\/\/upload.cdn.baselinker.com\/products\/14476\/34a164b62b967aa383e5e6dc05130267.jpg\" \/>\n<meta name=\"twitter:card\" content=\"summary_large_image\" \/>\n<meta name=\"twitter:label1\" content=\"Szacowany czas czytania\" \/>\n\t<meta name=\"twitter:data1\" content=\"1 minuta\" \/>\n<script type=\"application\/ld+json\" class=\"yoast-schema-graph\">{\"@context\":\"https:\/\/schema.org\",\"@graph\":[{\"@type\":\"WebPage\",\"@id\":\"https:\/\/bobimarket.pl\/index.php\/produkt\/wiertlo-do-betonu-muru-20x260-mm-sds-plus-widia\/\",\"url\":\"https:\/\/bobimarket.pl\/index.php\/produkt\/wiertlo-do-betonu-muru-20x260-mm-sds-plus-widia\/\",\"name\":\"WIERT\u0141O DO BETONU MURU 20x260 mm SDS PLUS WIDIA - BOBIMARKET.pl - Remontuj i urz\u0105dzaj z nami\",\"isPartOf\":{\"@id\":\"https:\/\/bobimarket.pl\/#website\"},\"datePublished\":\"2023-08-29T19:44:10+00:00\",\"dateModified\":\"2025-02-27T14:09:16+00:00\",\"breadcrumb\":{\"@id\":\"https:\/\/bobimarket.pl\/index.php\/produkt\/wiertlo-do-betonu-muru-20x260-mm-sds-plus-widia\/#breadcrumb\"},\"inLanguage\":\"pl-PL\",\"potentialAction\":[{\"@type\":\"ReadAction\",\"target\":[\"https:\/\/bobimarket.pl\/index.php\/produkt\/wiertlo-do-betonu-muru-20x260-mm-sds-plus-widia\/\"]}]},{\"@type\":\"BreadcrumbList\",\"@id\":\"https:\/\/bobimarket.pl\/index.php\/produkt\/wiertlo-do-betonu-muru-20x260-mm-sds-plus-widia\/#breadcrumb\",\"itemListElement\":[{\"@type\":\"ListItem\",\"position\":1,\"name\":\"Strona g\u0142\u00f3wna\",\"item\":\"https:\/\/bobimarket.pl\/\"},{\"@type\":\"ListItem\",\"position\":2,\"name\":\"Sklep\",\"item\":\"https:\/\/bobimarket.pl\/index.php\/shop\/\"},{\"@type\":\"ListItem\",\"position\":3,\"name\":\"WIERT\u0141O DO BETONU MURU 20&#215;260 mm SDS PLUS WIDIA\"}]},{\"@type\":\"WebSite\",\"@id\":\"https:\/\/bobimarket.pl\/#website\",\"url\":\"https:\/\/bobimarket.pl\/\",\"name\":\"BOBIMARKET.pl - Remontuj i urz\u0105dzaj z nami\",\"description\":\"Remontuj i urz\u0105dzaj z nami\",\"publisher\":{\"@id\":\"https:\/\/bobimarket.pl\/#organization\"},\"potentialAction\":[{\"@type\":\"SearchAction\",\"target\":{\"@type\":\"EntryPoint\",\"urlTemplate\":\"https:\/\/bobimarket.pl\/?s={search_term_string}\"},\"query-input\":\"required name=search_term_string\"}],\"inLanguage\":\"pl-PL\"},{\"@type\":\"Organization\",\"@id\":\"https:\/\/bobimarket.pl\/#organization\",\"name\":\"BOBIMARKET.pl\",\"url\":\"https:\/\/bobimarket.pl\/\",\"logo\":{\"@type\":\"ImageObject\",\"inLanguage\":\"pl-PL\",\"@id\":\"https:\/\/bobimarket.pl\/#\/schema\/logo\/image\/\",\"url\":\"https:\/\/bobimarket.pl\/wp-content\/uploads\/2021\/11\/slogan.png\",\"contentUrl\":\"https:\/\/bobimarket.pl\/wp-content\/uploads\/2021\/11\/slogan.png\",\"width\":2000,\"height\":384,\"caption\":\"BOBIMARKET.pl\"},\"image\":{\"@id\":\"https:\/\/bobimarket.pl\/#\/schema\/logo\/image\/\"}}]}<\/script>\n<!-- \/ Yoast SEO plugin. -->","yoast_head_json":{"title":"WIERT\u0141O DO BETONU MURU 20x260 mm SDS PLUS WIDIA - BOBIMARKET.pl - Remontuj i urz\u0105dzaj z nami","robots":{"index":"index","follow":"follow","max-snippet":"max-snippet:-1","max-image-preview":"max-image-preview:large","max-video-preview":"max-video-preview:-1"},"canonical":"https:\/\/bobimarket.pl\/index.php\/produkt\/wiertlo-do-betonu-muru-20x260-mm-sds-plus-widia\/","og_locale":"pl_PL","og_type":"article","og_title":"WIERT\u0141O DO BETONU MURU 20x260 mm SDS PLUS WIDIA - BOBIMARKET.pl - Remontuj i urz\u0105dzaj z nami","og_description":"WIERT\u0141O DO BETONU MURU 20&#215;260 mm SDS PLUS WIDIA Dane techniczne: \u015arednica wiert\u0142a: 20 mm D\u0142ugo\u015b\u0107 ca\u0142kowita: 260 mm Materia\u0142: widia\/stal Typ mocowanie: SDS PLUS Przeznaczenie: beton, granit, ceg\u0142y itp.\u00a0 Niezast\u0105piony element ka\u017cdej skrzynki narz\u0119dziowej! Wiert\u0142o do betonu o wymiarach 20&#215;260 mm z uchwytem SDS Plus. Specjalnie skonstruowana wk\u0142adka widiowa sprawia, \u017ce wiert\u0142o charakteryzuje si\u0119     Czytaj wi\u0119cej \"WIERT\u0141O DO BETONU MURU 20&#215;260 mm SDS PLUS WIDIA\"","og_url":"https:\/\/bobimarket.pl\/index.php\/produkt\/wiertlo-do-betonu-muru-20x260-mm-sds-plus-widia\/","og_site_name":"BOBIMARKET.pl - Remontuj i urz\u0105dzaj z nami","article_modified_time":"2025-02-27T14:09:16+00:00","og_image":[{"url":"https:\/\/upload.cdn.baselinker.com\/products\/14476\/34a164b62b967aa383e5e6dc05130267.jpg"}],"twitter_card":"summary_large_image","twitter_misc":{"Szacowany czas czytania":"1 minuta"},"schema":{"@context":"https:\/\/schema.org","@graph":[{"@type":"WebPage","@id":"https:\/\/bobimarket.pl\/index.php\/produkt\/wiertlo-do-betonu-muru-20x260-mm-sds-plus-widia\/","url":"https:\/\/bobimarket.pl\/index.php\/produkt\/wiertlo-do-betonu-muru-20x260-mm-sds-plus-widia\/","name":"WIERT\u0141O DO BETONU MURU 20x260 mm SDS PLUS WIDIA - BOBIMARKET.pl - Remontuj i urz\u0105dzaj z nami","isPartOf":{"@id":"https:\/\/bobimarket.pl\/#website"},"datePublished":"2023-08-29T19:44:10+00:00","dateModified":"2025-02-27T14:09:16+00:00","breadcrumb":{"@id":"https:\/\/bobimarket.pl\/index.php\/produkt\/wiertlo-do-betonu-muru-20x260-mm-sds-plus-widia\/#breadcrumb"},"inLanguage":"pl-PL","potentialAction":[{"@type":"ReadAction","target":["https:\/\/bobimarket.pl\/index.php\/produkt\/wiertlo-do-betonu-muru-20x260-mm-sds-plus-widia\/"]}]},{"@type":"BreadcrumbList","@id":"https:\/\/bobimarket.pl\/index.php\/produkt\/wiertlo-do-betonu-muru-20x260-mm-sds-plus-widia\/#breadcrumb","itemListElement":[{"@type":"ListItem","position":1,"name":"Strona g\u0142\u00f3wna","item":"https:\/\/bobimarket.pl\/"},{"@type":"ListItem","position":2,"name":"Sklep","item":"https:\/\/bobimarket.pl\/index.php\/shop\/"},{"@type":"ListItem","position":3,"name":"WIERT\u0141O DO BETONU MURU 20&#215;260 mm SDS PLUS WIDIA"}]},{"@type":"WebSite","@id":"https:\/\/bobimarket.pl\/#website","url":"https:\/\/bobimarket.pl\/","name":"BOBIMARKET.pl - Remontuj i urz\u0105dzaj z nami","description":"Remontuj i urz\u0105dzaj z nami","publisher":{"@id":"https:\/\/bobimarket.pl\/#organization"},"potentialAction":[{"@type":"SearchAction","target":{"@type":"EntryPoint","urlTemplate":"https:\/\/bobimarket.pl\/?s={search_term_string}"},"query-input":"required name=search_term_string"}],"inLanguage":"pl-PL"},{"@type":"Organization","@id":"https:\/\/bobimarket.pl\/#organization","name":"BOBIMARKET.pl","url":"https:\/\/bobimarket.pl\/","logo":{"@type":"ImageObject","inLanguage":"pl-PL","@id":"https:\/\/bobimarket.pl\/#\/schema\/logo\/image\/","url":"https:\/\/bobimarket.pl\/wp-content\/uploads\/2021\/11\/slogan.png","contentUrl":"https:\/\/bobimarket.pl\/wp-content\/uploads\/2021\/11\/slogan.png","width":2000,"height":384,"caption":"BOBIMARKET.pl"},"image":{"@id":"https:\/\/bobimarket.pl\/#\/schema\/logo\/image\/"}}]}},"_links":{"self":[{"href":"https:\/\/bobimarket.pl\/index.php\/wp-json\/wp\/v2\/product\/83716"}],"collection":[{"href":"https:\/\/bobimarket.pl\/index.php\/wp-json\/wp\/v2\/product"}],"about":[{"href":"https:\/\/bobimarket.pl\/index.php\/wp-json\/wp\/v2\/types\/product"}],"wp:featuredmedia":[{"embeddable":true,"href":"https:\/\/bobimarket.pl\/index.php\/wp-json\/wp\/v2\/media\/83713"}],"wp:attachment":[{"href":"https:\/\/bobimarket.pl\/index.php\/wp-json\/wp\/v2\/media?parent=83716"}],"wp:term":[{"taxonomy":"product_cat","embeddable":true,"href":"https:\/\/bobimarket.pl\/index.php\/wp-json\/wp\/v2\/product_cat?post=83716"},{"taxonomy":"product_tag","embeddable":true,"href":"https:\/\/bobimarket.pl\/index.php\/wp-json\/wp\/v2\/product_tag?post=83716"}],"curies":[{"name":"wp","href":"https:\/\/api.w.org\/{rel}","templated":true}]}}