{"id":84068,"date":"2023-08-29T20:10:31","date_gmt":"2023-08-29T20:10:31","guid":{"rendered":"https:\/\/bobimarket.pl\/index.php\/produkt\/wiertlo-do-betonu-sds-plus-podwojna-spirala-14x160\/"},"modified":"2025-02-27T14:14:24","modified_gmt":"2025-02-27T14:14:24","slug":"wiertlo-do-betonu-sds-plus-podwojna-spirala-14x160","status":"publish","type":"product","link":"https:\/\/bobimarket.pl\/index.php\/produkt\/wiertlo-do-betonu-sds-plus-podwojna-spirala-14x160\/","title":{"rendered":"WIERT\u0141O DO BETONU SDS PLUS PODW\u00d3JNA SPIRALA 14&#215;160"},"content":{"rendered":"<section class=\"section\">\n<div class=\"item item-12\">\n<section class=\"text-item\">\n<h2>WIERT\u0141O DO BETONU SDS PLUS PODW\u00d3JNA SPIRALA 14&#215;160<\/h2>\n<p><b>Dane techniczne:<\/b><\/p>\n<ul>\n<li>\u015arednica wiert\u0142a:<b> 14 mm<\/b><\/li>\n<li>D\u0142ugo\u015b\u0107: <b>160 mm<\/b><\/li>\n<li>Uchwyt:<b> SDS Plus<\/b><\/li>\n<li>Materia\u0142: <b>stali 40Cr o twardo\u015bci 47-53 HRC<\/b><\/li>\n<li>Ostrze widiowe<\/li>\n<li>Podw\u00f3jna spirala<\/li>\n<\/ul>\n<\/section><\/div>\n<\/section>\n<section class=\"section\">\n<div class=\"item item-12\">\n<section class=\"image-item\">\n            <img decoding=\"async\" src=\"https:\/\/upload.cdn.baselinker.com\/products\/14476\/5c7a0b0dabdda710fc3123057a7593ea.jpg\" \/><br \/>\n        <\/section>\n<\/p><\/div>\n<\/section>\n<section class=\"section\">\n<div class=\"item item-12\">\n<section class=\"text-item\">\n<p><b>Niezast\u0105piony element ka\u017cdej skrzynki narz\u0119dziowej!<\/b><\/p>\n<p>Wiert\u0142o do betonu\u00a0 z uchwytem SDS Plus. Korpus wiert\u0142a wykonany jest ze s<b>tali 40Cr o twardo\u015bci 47-53 HRC<\/b>.<\/p>\n<p>Dodatkowo narz\u0119dzie posiada p\u0142ytk\u0119 z w\u0119glika spiekanego<b> typu YG9 o twardo\u015bci HRA 59.5-90.5.<\/b><\/p>\n<ul>\n<li>Specjalnie skonstruowana wk\u0142adka widiowa sprawia, \u017ce wiert\u0142o charakteryzuje si\u0119 d\u0142u\u017csz\u0105 \u017cywotno\u015bci\u0105 i wysok\u0105 wydajno\u015bci\u0105. Dzi\u0119ki zastosowaniu <b>nowego rodzaju p\u0142ytki wiert\u0142a<\/b> posiadaj\u0105 oko\u0142o 50% d\u0142u\u017cszy czas u\u017cytkowania oraz szybsz\u0105 pr\u0119dko\u015b\u0107 wiercenia.<\/li>\n<li>Tradycyjna <b>podw\u00f3jna spirala typu &#8222;S4&#8221;<\/b> przy\u015bpiesza odprowadzenie rozbitego materia\u0142u na zewn\u0105trz znacznie skracaj\u0105c czas potrzebny na wykonanie otworu.<\/li>\n<\/ul>\n<\/section><\/div>\n<\/section>\n<section class=\"section\">\n<div class=\"item item-6\">\n<section class=\"image-item\">\n            <img decoding=\"async\" src=\"https:\/\/upload.cdn.baselinker.com\/products\/14476\/c25dc8cb541662c1f0660fbdced1c3b6.jpg\" \/><br \/>\n        <\/section>\n<\/p><\/div>\n<div class=\"item item-6\">\n<section class=\"image-item\">\n            <img decoding=\"async\" src=\"https:\/\/upload.cdn.baselinker.com\/products\/14476\/5970f92883296f444b86196246a28b26.jpg\" \/><br \/>\n        <\/section>\n<\/p><\/div>\n<\/section>\n<section class=\"section\">\n<div class=\"item item-12\">\n<section class=\"text-item\">\n<p>\u2705\u00a0<b>Zastosowanie:\u00a0<\/b><\/p>\n<p>Wiert\u0142o przeznaczone jest do obr\u00f3bki betonu i innych podobnych materia\u0142\u00f3w i b\u0119dzie pasowa\u0142o do wi\u0119kszo\u015bci dost\u0119pnych na rynku wiertarek.\u00a0<\/p>\n<p>Nadaje si\u0119 do kruszenia i wiercenia w:<\/p>\n<ul>\n<li>cegle,<\/li>\n<li>betonie,<\/li>\n<li>\u017celbetonie,<\/li>\n<li>granicie<\/li>\n<li>lub kamieniach.<\/li>\n<\/ul>\n<\/section><\/div>\n<\/section>\n","protected":false},"excerpt":{"rendered":"<p>WIERT\u0141O DO BETONU SDS PLUS PODW\u00d3JNA SPIRALA 14&#215;160 Dane techniczne: \u015arednica wiert\u0142a: 14 mm D\u0142ugo\u015b\u0107: 160 mm Uchwyt: SDS Plus Materia\u0142: stali 40Cr o twardo\u015bci 47-53 HRC Ostrze widiowe Podw\u00f3jna spirala Niezast\u0105piony element ka\u017cdej skrzynki narz\u0119dziowej! Wiert\u0142o do betonu\u00a0 z uchwytem SDS Plus. Korpus wiert\u0142a wykonany jest ze stali 40Cr o twardo\u015bci 47-53 HRC. Dodatkowo<br \/><a class=\"more-link\" href=\"https:\/\/bobimarket.pl\/index.php\/produkt\/wiertlo-do-betonu-sds-plus-podwojna-spirala-14x160\/\"><br \/>\n        Czytaj wi\u0119cej<span class=\"screen-reader-text\"> &#8222;WIERT\u0141O DO BETONU SDS PLUS PODW\u00d3JNA SPIRALA 14&#215;160&#8221;<\/span><\/a><\/p>\n","protected":false},"featured_media":84063,"template":"","meta":[],"product_cat":[8108],"product_tag":[],"yoast_head":"<!-- This site is optimized with the Yoast SEO plugin v21.0 - https:\/\/yoast.com\/wordpress\/plugins\/seo\/ -->\n<title>WIERT\u0141O DO BETONU SDS PLUS PODW\u00d3JNA SPIRALA 14x160 - BOBIMARKET.pl - Remontuj i urz\u0105dzaj z nami<\/title>\n<meta name=\"robots\" content=\"index, follow, max-snippet:-1, max-image-preview:large, max-video-preview:-1\" \/>\n<link rel=\"canonical\" href=\"https:\/\/bobimarket.pl\/index.php\/produkt\/wiertlo-do-betonu-sds-plus-podwojna-spirala-14x160\/\" \/>\n<meta property=\"og:locale\" content=\"pl_PL\" \/>\n<meta property=\"og:type\" content=\"article\" \/>\n<meta property=\"og:title\" content=\"WIERT\u0141O DO BETONU SDS PLUS PODW\u00d3JNA SPIRALA 14x160 - BOBIMARKET.pl - Remontuj i urz\u0105dzaj z nami\" \/>\n<meta property=\"og:description\" content=\"WIERT\u0141O DO BETONU SDS PLUS PODW\u00d3JNA SPIRALA 14&#215;160 Dane techniczne: \u015arednica wiert\u0142a: 14 mm D\u0142ugo\u015b\u0107: 160 mm Uchwyt: SDS Plus Materia\u0142: stali 40Cr o twardo\u015bci 47-53 HRC Ostrze widiowe Podw\u00f3jna spirala Niezast\u0105piony element ka\u017cdej skrzynki narz\u0119dziowej! Wiert\u0142o do betonu\u00a0 z uchwytem SDS Plus. Korpus wiert\u0142a wykonany jest ze stali 40Cr o twardo\u015bci 47-53 HRC. Dodatkowo     Czytaj wi\u0119cej &quot;WIERT\u0141O DO BETONU SDS PLUS PODW\u00d3JNA SPIRALA 14&#215;160&quot;\" \/>\n<meta property=\"og:url\" content=\"https:\/\/bobimarket.pl\/index.php\/produkt\/wiertlo-do-betonu-sds-plus-podwojna-spirala-14x160\/\" \/>\n<meta property=\"og:site_name\" content=\"BOBIMARKET.pl - Remontuj i urz\u0105dzaj z nami\" \/>\n<meta property=\"article:modified_time\" content=\"2025-02-27T14:14:24+00:00\" \/>\n<meta property=\"og:image\" content=\"https:\/\/upload.cdn.baselinker.com\/products\/14476\/5c7a0b0dabdda710fc3123057a7593ea.jpg\" \/>\n<meta name=\"twitter:card\" content=\"summary_large_image\" \/>\n<meta name=\"twitter:label1\" content=\"Szacowany czas czytania\" \/>\n\t<meta name=\"twitter:data1\" content=\"1 minuta\" \/>\n<script type=\"application\/ld+json\" class=\"yoast-schema-graph\">{\"@context\":\"https:\/\/schema.org\",\"@graph\":[{\"@type\":\"WebPage\",\"@id\":\"https:\/\/bobimarket.pl\/index.php\/produkt\/wiertlo-do-betonu-sds-plus-podwojna-spirala-14x160\/\",\"url\":\"https:\/\/bobimarket.pl\/index.php\/produkt\/wiertlo-do-betonu-sds-plus-podwojna-spirala-14x160\/\",\"name\":\"WIERT\u0141O DO BETONU SDS PLUS PODW\u00d3JNA SPIRALA 14x160 - BOBIMARKET.pl - Remontuj i urz\u0105dzaj z nami\",\"isPartOf\":{\"@id\":\"https:\/\/bobimarket.pl\/#website\"},\"datePublished\":\"2023-08-29T20:10:31+00:00\",\"dateModified\":\"2025-02-27T14:14:24+00:00\",\"breadcrumb\":{\"@id\":\"https:\/\/bobimarket.pl\/index.php\/produkt\/wiertlo-do-betonu-sds-plus-podwojna-spirala-14x160\/#breadcrumb\"},\"inLanguage\":\"pl-PL\",\"potentialAction\":[{\"@type\":\"ReadAction\",\"target\":[\"https:\/\/bobimarket.pl\/index.php\/produkt\/wiertlo-do-betonu-sds-plus-podwojna-spirala-14x160\/\"]}]},{\"@type\":\"BreadcrumbList\",\"@id\":\"https:\/\/bobimarket.pl\/index.php\/produkt\/wiertlo-do-betonu-sds-plus-podwojna-spirala-14x160\/#breadcrumb\",\"itemListElement\":[{\"@type\":\"ListItem\",\"position\":1,\"name\":\"Strona g\u0142\u00f3wna\",\"item\":\"https:\/\/bobimarket.pl\/\"},{\"@type\":\"ListItem\",\"position\":2,\"name\":\"Sklep\",\"item\":\"https:\/\/bobimarket.pl\/index.php\/shop\/\"},{\"@type\":\"ListItem\",\"position\":3,\"name\":\"WIERT\u0141O DO BETONU SDS PLUS PODW\u00d3JNA SPIRALA 14&#215;160\"}]},{\"@type\":\"WebSite\",\"@id\":\"https:\/\/bobimarket.pl\/#website\",\"url\":\"https:\/\/bobimarket.pl\/\",\"name\":\"BOBIMARKET.pl - Remontuj i urz\u0105dzaj z nami\",\"description\":\"Remontuj i urz\u0105dzaj z nami\",\"publisher\":{\"@id\":\"https:\/\/bobimarket.pl\/#organization\"},\"potentialAction\":[{\"@type\":\"SearchAction\",\"target\":{\"@type\":\"EntryPoint\",\"urlTemplate\":\"https:\/\/bobimarket.pl\/?s={search_term_string}\"},\"query-input\":\"required name=search_term_string\"}],\"inLanguage\":\"pl-PL\"},{\"@type\":\"Organization\",\"@id\":\"https:\/\/bobimarket.pl\/#organization\",\"name\":\"BOBIMARKET.pl\",\"url\":\"https:\/\/bobimarket.pl\/\",\"logo\":{\"@type\":\"ImageObject\",\"inLanguage\":\"pl-PL\",\"@id\":\"https:\/\/bobimarket.pl\/#\/schema\/logo\/image\/\",\"url\":\"https:\/\/bobimarket.pl\/wp-content\/uploads\/2021\/11\/slogan.png\",\"contentUrl\":\"https:\/\/bobimarket.pl\/wp-content\/uploads\/2021\/11\/slogan.png\",\"width\":2000,\"height\":384,\"caption\":\"BOBIMARKET.pl\"},\"image\":{\"@id\":\"https:\/\/bobimarket.pl\/#\/schema\/logo\/image\/\"}}]}<\/script>\n<!-- \/ Yoast SEO plugin. -->","yoast_head_json":{"title":"WIERT\u0141O DO BETONU SDS PLUS PODW\u00d3JNA SPIRALA 14x160 - BOBIMARKET.pl - Remontuj i urz\u0105dzaj z nami","robots":{"index":"index","follow":"follow","max-snippet":"max-snippet:-1","max-image-preview":"max-image-preview:large","max-video-preview":"max-video-preview:-1"},"canonical":"https:\/\/bobimarket.pl\/index.php\/produkt\/wiertlo-do-betonu-sds-plus-podwojna-spirala-14x160\/","og_locale":"pl_PL","og_type":"article","og_title":"WIERT\u0141O DO BETONU SDS PLUS PODW\u00d3JNA SPIRALA 14x160 - BOBIMARKET.pl - Remontuj i urz\u0105dzaj z nami","og_description":"WIERT\u0141O DO BETONU SDS PLUS PODW\u00d3JNA SPIRALA 14&#215;160 Dane techniczne: \u015arednica wiert\u0142a: 14 mm D\u0142ugo\u015b\u0107: 160 mm Uchwyt: SDS Plus Materia\u0142: stali 40Cr o twardo\u015bci 47-53 HRC Ostrze widiowe Podw\u00f3jna spirala Niezast\u0105piony element ka\u017cdej skrzynki narz\u0119dziowej! Wiert\u0142o do betonu\u00a0 z uchwytem SDS Plus. Korpus wiert\u0142a wykonany jest ze stali 40Cr o twardo\u015bci 47-53 HRC. Dodatkowo     Czytaj wi\u0119cej \"WIERT\u0141O DO BETONU SDS PLUS PODW\u00d3JNA SPIRALA 14&#215;160\"","og_url":"https:\/\/bobimarket.pl\/index.php\/produkt\/wiertlo-do-betonu-sds-plus-podwojna-spirala-14x160\/","og_site_name":"BOBIMARKET.pl - Remontuj i urz\u0105dzaj z nami","article_modified_time":"2025-02-27T14:14:24+00:00","og_image":[{"url":"https:\/\/upload.cdn.baselinker.com\/products\/14476\/5c7a0b0dabdda710fc3123057a7593ea.jpg"}],"twitter_card":"summary_large_image","twitter_misc":{"Szacowany czas czytania":"1 minuta"},"schema":{"@context":"https:\/\/schema.org","@graph":[{"@type":"WebPage","@id":"https:\/\/bobimarket.pl\/index.php\/produkt\/wiertlo-do-betonu-sds-plus-podwojna-spirala-14x160\/","url":"https:\/\/bobimarket.pl\/index.php\/produkt\/wiertlo-do-betonu-sds-plus-podwojna-spirala-14x160\/","name":"WIERT\u0141O DO BETONU SDS PLUS PODW\u00d3JNA SPIRALA 14x160 - BOBIMARKET.pl - Remontuj i urz\u0105dzaj z nami","isPartOf":{"@id":"https:\/\/bobimarket.pl\/#website"},"datePublished":"2023-08-29T20:10:31+00:00","dateModified":"2025-02-27T14:14:24+00:00","breadcrumb":{"@id":"https:\/\/bobimarket.pl\/index.php\/produkt\/wiertlo-do-betonu-sds-plus-podwojna-spirala-14x160\/#breadcrumb"},"inLanguage":"pl-PL","potentialAction":[{"@type":"ReadAction","target":["https:\/\/bobimarket.pl\/index.php\/produkt\/wiertlo-do-betonu-sds-plus-podwojna-spirala-14x160\/"]}]},{"@type":"BreadcrumbList","@id":"https:\/\/bobimarket.pl\/index.php\/produkt\/wiertlo-do-betonu-sds-plus-podwojna-spirala-14x160\/#breadcrumb","itemListElement":[{"@type":"ListItem","position":1,"name":"Strona g\u0142\u00f3wna","item":"https:\/\/bobimarket.pl\/"},{"@type":"ListItem","position":2,"name":"Sklep","item":"https:\/\/bobimarket.pl\/index.php\/shop\/"},{"@type":"ListItem","position":3,"name":"WIERT\u0141O DO BETONU SDS PLUS PODW\u00d3JNA SPIRALA 14&#215;160"}]},{"@type":"WebSite","@id":"https:\/\/bobimarket.pl\/#website","url":"https:\/\/bobimarket.pl\/","name":"BOBIMARKET.pl - Remontuj i urz\u0105dzaj z nami","description":"Remontuj i urz\u0105dzaj z nami","publisher":{"@id":"https:\/\/bobimarket.pl\/#organization"},"potentialAction":[{"@type":"SearchAction","target":{"@type":"EntryPoint","urlTemplate":"https:\/\/bobimarket.pl\/?s={search_term_string}"},"query-input":"required name=search_term_string"}],"inLanguage":"pl-PL"},{"@type":"Organization","@id":"https:\/\/bobimarket.pl\/#organization","name":"BOBIMARKET.pl","url":"https:\/\/bobimarket.pl\/","logo":{"@type":"ImageObject","inLanguage":"pl-PL","@id":"https:\/\/bobimarket.pl\/#\/schema\/logo\/image\/","url":"https:\/\/bobimarket.pl\/wp-content\/uploads\/2021\/11\/slogan.png","contentUrl":"https:\/\/bobimarket.pl\/wp-content\/uploads\/2021\/11\/slogan.png","width":2000,"height":384,"caption":"BOBIMARKET.pl"},"image":{"@id":"https:\/\/bobimarket.pl\/#\/schema\/logo\/image\/"}}]}},"_links":{"self":[{"href":"https:\/\/bobimarket.pl\/index.php\/wp-json\/wp\/v2\/product\/84068"}],"collection":[{"href":"https:\/\/bobimarket.pl\/index.php\/wp-json\/wp\/v2\/product"}],"about":[{"href":"https:\/\/bobimarket.pl\/index.php\/wp-json\/wp\/v2\/types\/product"}],"wp:featuredmedia":[{"embeddable":true,"href":"https:\/\/bobimarket.pl\/index.php\/wp-json\/wp\/v2\/media\/84063"}],"wp:attachment":[{"href":"https:\/\/bobimarket.pl\/index.php\/wp-json\/wp\/v2\/media?parent=84068"}],"wp:term":[{"taxonomy":"product_cat","embeddable":true,"href":"https:\/\/bobimarket.pl\/index.php\/wp-json\/wp\/v2\/product_cat?post=84068"},{"taxonomy":"product_tag","embeddable":true,"href":"https:\/\/bobimarket.pl\/index.php\/wp-json\/wp\/v2\/product_tag?post=84068"}],"curies":[{"name":"wp","href":"https:\/\/api.w.org\/{rel}","templated":true}]}}