{"id":84084,"date":"2023-08-29T20:11:54","date_gmt":"2023-08-29T20:11:54","guid":{"rendered":"https:\/\/bobimarket.pl\/index.php\/produkt\/katownik-stolarski-dachowy-budowlany-duzy-40x60-cm\/"},"modified":"2025-11-11T18:46:53","modified_gmt":"2025-11-11T18:46:53","slug":"katownik-stolarski-dachowy-budowlany-duzy-40x60-cm","status":"publish","type":"product","link":"https:\/\/bobimarket.pl\/index.php\/produkt\/katownik-stolarski-dachowy-budowlany-duzy-40x60-cm\/","title":{"rendered":"K\u0104TOWNIK STOLARSKI DACHOWY BUDOWLANY DU\u017bY 40&#215;60 cm"},"content":{"rendered":"<section class=\"section\">\n<div class=\"item item-12\">\n<section class=\"text-item\">\n<h2>K\u0104TOWNIK STOLARSKI BUDOWLANY DU\u017bY 40 x 60 cm<\/h2>\n<p><b>Dane techniczne:<\/b><\/p>\n<ul>\n<li>D\u0142ugo\u015b\u0107 d\u0142u\u017cszego ramienia: <b>600 mm<\/b><\/li>\n<li>D\u0142ugo\u015b\u0107 kr\u00f3tszego ramienia: <b>400 mm<\/b><\/li>\n<li>Skale k\u0105tomierza: <b>metryczna i calowa<\/b><\/li>\n<li>Materia\u0142: <b>stal<\/b><\/li>\n<li>Kolor: <b>czarny<\/b><\/li>\n<li>Marka: JOBI<\/li>\n<\/ul>\n<\/section><\/div>\n<\/section>\n<section class=\"section\">\n<div class=\"item item-12\">\n<section class=\"image-item\">\n            <img decoding=\"async\" src=\"https:\/\/upload.cdn.baselinker.com\/products\/14476\/b8c38ec328edebdb6edd5b36539a0db4.jpg\" \/><br \/>\n        <\/section>\n<\/p><\/div>\n<\/section>\n<section class=\"section\">\n<div class=\"item item-12\">\n<section class=\"text-item\">\n<h2><b>Idealna narz\u0119dzie, kt\u00f3re u\u0142atwi Twoj\u0105 prac\u0119! <\/b><\/h2>\n<p>Praktyczny k\u0105townik stolarski\/ budowlany. Zbudowany\u00a0 z dw\u00f3ch kraw\u0119dzi o d\u0142ugo\u015bci 600 mm i 400 mm, kt\u00f3re tworz\u0105 k\u0105t prosty. Wyposa\u017cony w miark\u0119 w dw\u00f3ch skalach. Pozwala na dokonanie dok\u0142adnych pomiar\u00f3w i trasowanie czy wyznaczania k\u0105ta 90\u00b0\/45\u00b0.<\/p>\n<\/section><\/div>\n<\/section>\n<section class=\"section\">\n<div class=\"item item-12\">\n<section class=\"image-item\">\n            <img decoding=\"async\" src=\"https:\/\/upload.cdn.baselinker.com\/products\/14476\/fedb5c19f7cc546cfd143ddd88653832.jpg\" \/><br \/>\n        <\/section>\n<\/p><\/div>\n<\/section>\n<section class=\"section\">\n<div class=\"item item-12\">\n<section class=\"text-item\">\n<p><b>\u2705 Solidne wykonanie<\/b><\/p>\n<ul>\n<li>K\u0105townik p\u0142aski wykonany z wysokiej jako\u015bci stali, co b\u0119dzie owocowa\u0142o d\u0142ugim okresem u\u017cytkowania.<\/li>\n<li>Odporny na uszkodzenia mechaniczne. Mo\u017cna go u\u017cywa\u0107 w ka\u017cdych warunkach atmosferycznych.<\/li>\n<li>Powierzchnia jest lakierowana na czarno i polerowana.<\/li>\n<\/ul>\n<p><b>\u2705 Czytelna i wyra\u017ana podzia\u0142ka<\/b><\/p>\n<ul>\n<li>Podzia\u0142ka naniesiona na obu kraw\u0119dziach k\u0105townika, co u\u0142atwia dokonywanie oblicze\u0144.<\/li>\n<li>T\u0142oczona metryczna i calowa skala k\u0105townika sprawiaj\u0105, \u017ce narz\u0119dzie jest proste w u\u017cytkowaniu.<\/li>\n<li>Bia\u0142a skala wyra\u017anie odznacza si\u0119 na czarnej powierzchni.<\/li>\n<li>Skala metryczna cechowana co 2 mm oraz calowa co 1\/8&#8243;.<\/li>\n<\/ul>\n<\/section><\/div>\n<\/section>\n<section class=\"section\">\n<div class=\"item item-12\">\n<section class=\"image-item\">\n            <img decoding=\"async\" src=\"https:\/\/upload.cdn.baselinker.com\/products\/14476\/d467359a0939c35452d3405d3587a1d2.jpg\" \/><br \/>\n        <\/section>\n<\/p><\/div>\n<\/section>\n<section class=\"section\">\n<div class=\"item item-12\">\n<section class=\"text-item\">\n<p><b>\u2705 Praktyczny i wielofunkcyjny<\/b><\/p>\n<p>K\u0105townik \u00a0b\u0119dzie pomocny podczas prac budowlanych, wyko\u0144czeniowych i malarskich. Przyda si\u0119 zar\u00f3wno profesjonalist\u0105 jak i amatorom.<\/p>\n<ul>\n<li>Sprawdzi si\u0119 w sytuacjach, gdy potrzebujesz \u00a0dokona\u0107 precyzyjnych pomiar\u00f3w. D\u0142ugie ramiona znacznie u\u0142atwiaj\u0105 prac\u0119 na wi\u0119kszych p\u0142aszczyznach.<\/li>\n<\/ul>\n<ul>\n<li>Przydatny jako narz\u0119dzie pomocnicze do wyznaczania na r\u00f3\u017cnych powierzchniach \u00a0okre\u015blonych linii.\/kszta\u0142t\u00f3w. Wcze\u015bniej wyznaczony kszta\u0142t u\u0142atwi wycinanie itp.<\/li>\n<\/ul>\n<ul>\n<li>Do wyznaczania i ustawiania k\u0105ta prostego. Wystarczy przy\u0142o\u017cy\u0107 narz\u0119dzie do kraw\u0119dzi i sprawdzi\u0107 czy nie wyst\u0119puj\u0105 \u017cadne prze\u015bwitu. \u00a0<\/li>\n<\/ul>\n<ul>\n<li>Znajdowania \u015brodka ko\u0142a.<\/li>\n<\/ul>\n<ul>\n<li>K\u0105townik mo\u017ce by\u0107 zastosowany r\u00f3wnie\u017c jako klasyczna prosta linijka czy ekierka.<\/li>\n<li>Mo\u017cliwe jest r\u00f3wnie\u017c ci\u0119cie wzd\u0142u\u017c \u00a0kraw\u0119dzi narz\u0119dzia.<\/li>\n<\/ul>\n<\/section><\/div>\n<\/section>\n<section class=\"section\">\n<div class=\"item item-12\">\n<section class=\"image-item\">\n            <img decoding=\"async\" src=\"https:\/\/upload.cdn.baselinker.com\/products\/14476\/b8c38ec328edebdb6edd5b36539a0db4.jpg\" \/><br \/>\n        <\/section>\n<\/p><\/div>\n<\/section>\n<section class=\"section\">\n<div class=\"item item-12\">\n<section class=\"text-item\">\n<p><b>\u2705 Dla kogo ?<\/b><\/p>\n<p>Dla wszystkich, kt\u00f3rzy ceni\u0105 sobie wygod\u0119 i lubi\u0105 sprawnie i w kr\u00f3tkim czasie wykonywa\u0107 prace.<\/p>\n<ul>\n<li>Nieodzowne narz\u0119dzie ka\u017cdego <b>rzemie\u015blnika, budowla\u0144ca i majsterkowicza.<\/b><\/li>\n<li>Przydatny r\u00f3wnie\u017c podczas wykonywania prac <b>stolarskich i \u015blusarskich.<\/b><\/li>\n<\/ul>\n<p><b>\u2705 Najwa\u017cniejsze zalety produktu: <\/b><\/p>\n<ul>\n<li>Solidnie wykonany<\/li>\n<li>Czytelna podzia\u0142ka w dw\u00f3ch skalach<\/li>\n<li>Praktyczny i wielofunkcyjny<\/li>\n<li>\u0141atwy i prosty w u\u017cytkowaniu<\/li>\n<\/ul>\n<\/section><\/div>\n<\/section>\n<section class=\"section\">\n<div class=\"item item-12\">\n<section class=\"image-item\">\n            <img decoding=\"async\" src=\"https:\/\/upload.cdn.baselinker.com\/products\/14476\/fedb5c19f7cc546cfd143ddd88653832.jpg\" \/><br \/>\n        <\/section>\n<\/p><\/div>\n<\/section>\n<section class=\"section\">\n<div class=\"item item-12\">\n<section class=\"image-item\">\n            <img decoding=\"async\" src=\"https:\/\/upload.cdn.baselinker.com\/products\/14476\/205cc12e38bcd684c05ca41e4a144237.jpg\" \/><br \/>\n        <\/section>\n<\/p><\/div>\n<\/section>\n","protected":false},"excerpt":{"rendered":"<p>K\u0104TOWNIK STOLARSKI BUDOWLANY DU\u017bY 40 x 60 cm Dane techniczne: D\u0142ugo\u015b\u0107 d\u0142u\u017cszego ramienia: 600 mm D\u0142ugo\u015b\u0107 kr\u00f3tszego ramienia: 400 mm Skale k\u0105tomierza: metryczna i calowa Materia\u0142: stal Kolor: czarny Marka: JOBI Idealna narz\u0119dzie, kt\u00f3re u\u0142atwi Twoj\u0105 prac\u0119! Praktyczny k\u0105townik stolarski\/ budowlany. Zbudowany\u00a0 z dw\u00f3ch kraw\u0119dzi o d\u0142ugo\u015bci 600 mm i 400 mm, kt\u00f3re tworz\u0105 k\u0105t<br \/><a class=\"more-link\" href=\"https:\/\/bobimarket.pl\/index.php\/produkt\/katownik-stolarski-dachowy-budowlany-duzy-40x60-cm\/\"><br \/>\n        Czytaj wi\u0119cej<span class=\"screen-reader-text\"> &#8222;K\u0104TOWNIK STOLARSKI DACHOWY BUDOWLANY DU\u017bY 40&#215;60 cm&#8221;<\/span><\/a><\/p>\n","protected":false},"featured_media":84079,"template":"","meta":[],"product_cat":[8193],"product_tag":[],"yoast_head":"<!-- This site is optimized with the Yoast SEO plugin v21.0 - https:\/\/yoast.com\/wordpress\/plugins\/seo\/ -->\n<title>K\u0104TOWNIK STOLARSKI DACHOWY BUDOWLANY DU\u017bY 40x60 cm - BOBIMARKET.pl - Remontuj i urz\u0105dzaj z nami<\/title>\n<meta name=\"robots\" content=\"index, follow, max-snippet:-1, max-image-preview:large, max-video-preview:-1\" \/>\n<link rel=\"canonical\" href=\"https:\/\/bobimarket.pl\/index.php\/produkt\/katownik-stolarski-dachowy-budowlany-duzy-40x60-cm\/\" \/>\n<meta property=\"og:locale\" content=\"pl_PL\" \/>\n<meta property=\"og:type\" content=\"article\" \/>\n<meta property=\"og:title\" content=\"K\u0104TOWNIK STOLARSKI DACHOWY BUDOWLANY DU\u017bY 40x60 cm - BOBIMARKET.pl - Remontuj i urz\u0105dzaj z nami\" \/>\n<meta property=\"og:description\" content=\"K\u0104TOWNIK STOLARSKI BUDOWLANY DU\u017bY 40 x 60 cm Dane techniczne: D\u0142ugo\u015b\u0107 d\u0142u\u017cszego ramienia: 600 mm D\u0142ugo\u015b\u0107 kr\u00f3tszego ramienia: 400 mm Skale k\u0105tomierza: metryczna i calowa Materia\u0142: stal Kolor: czarny Marka: JOBI Idealna narz\u0119dzie, kt\u00f3re u\u0142atwi Twoj\u0105 prac\u0119! Praktyczny k\u0105townik stolarski\/ budowlany. Zbudowany\u00a0 z dw\u00f3ch kraw\u0119dzi o d\u0142ugo\u015bci 600 mm i 400 mm, kt\u00f3re tworz\u0105 k\u0105t     Czytaj wi\u0119cej &quot;K\u0104TOWNIK STOLARSKI DACHOWY BUDOWLANY DU\u017bY 40&#215;60 cm&quot;\" \/>\n<meta property=\"og:url\" content=\"https:\/\/bobimarket.pl\/index.php\/produkt\/katownik-stolarski-dachowy-budowlany-duzy-40x60-cm\/\" \/>\n<meta property=\"og:site_name\" content=\"BOBIMARKET.pl - Remontuj i urz\u0105dzaj z nami\" \/>\n<meta property=\"article:modified_time\" content=\"2025-11-11T18:46:53+00:00\" \/>\n<meta property=\"og:image\" content=\"https:\/\/upload.cdn.baselinker.com\/products\/14476\/b8c38ec328edebdb6edd5b36539a0db4.jpg\" \/>\n<meta name=\"twitter:card\" content=\"summary_large_image\" \/>\n<meta name=\"twitter:label1\" content=\"Szacowany czas czytania\" \/>\n\t<meta name=\"twitter:data1\" content=\"2 minuty\" \/>\n<script type=\"application\/ld+json\" class=\"yoast-schema-graph\">{\"@context\":\"https:\/\/schema.org\",\"@graph\":[{\"@type\":\"WebPage\",\"@id\":\"https:\/\/bobimarket.pl\/index.php\/produkt\/katownik-stolarski-dachowy-budowlany-duzy-40x60-cm\/\",\"url\":\"https:\/\/bobimarket.pl\/index.php\/produkt\/katownik-stolarski-dachowy-budowlany-duzy-40x60-cm\/\",\"name\":\"K\u0104TOWNIK STOLARSKI DACHOWY BUDOWLANY DU\u017bY 40x60 cm - BOBIMARKET.pl - Remontuj i urz\u0105dzaj z nami\",\"isPartOf\":{\"@id\":\"https:\/\/bobimarket.pl\/#website\"},\"datePublished\":\"2023-08-29T20:11:54+00:00\",\"dateModified\":\"2025-11-11T18:46:53+00:00\",\"breadcrumb\":{\"@id\":\"https:\/\/bobimarket.pl\/index.php\/produkt\/katownik-stolarski-dachowy-budowlany-duzy-40x60-cm\/#breadcrumb\"},\"inLanguage\":\"pl-PL\",\"potentialAction\":[{\"@type\":\"ReadAction\",\"target\":[\"https:\/\/bobimarket.pl\/index.php\/produkt\/katownik-stolarski-dachowy-budowlany-duzy-40x60-cm\/\"]}]},{\"@type\":\"BreadcrumbList\",\"@id\":\"https:\/\/bobimarket.pl\/index.php\/produkt\/katownik-stolarski-dachowy-budowlany-duzy-40x60-cm\/#breadcrumb\",\"itemListElement\":[{\"@type\":\"ListItem\",\"position\":1,\"name\":\"Strona g\u0142\u00f3wna\",\"item\":\"https:\/\/bobimarket.pl\/\"},{\"@type\":\"ListItem\",\"position\":2,\"name\":\"Sklep\",\"item\":\"https:\/\/bobimarket.pl\/index.php\/shop\/\"},{\"@type\":\"ListItem\",\"position\":3,\"name\":\"K\u0104TOWNIK STOLARSKI DACHOWY BUDOWLANY DU\u017bY 40&#215;60 cm\"}]},{\"@type\":\"WebSite\",\"@id\":\"https:\/\/bobimarket.pl\/#website\",\"url\":\"https:\/\/bobimarket.pl\/\",\"name\":\"BOBIMARKET.pl - Remontuj i urz\u0105dzaj z nami\",\"description\":\"Remontuj i urz\u0105dzaj z nami\",\"publisher\":{\"@id\":\"https:\/\/bobimarket.pl\/#organization\"},\"potentialAction\":[{\"@type\":\"SearchAction\",\"target\":{\"@type\":\"EntryPoint\",\"urlTemplate\":\"https:\/\/bobimarket.pl\/?s={search_term_string}\"},\"query-input\":\"required name=search_term_string\"}],\"inLanguage\":\"pl-PL\"},{\"@type\":\"Organization\",\"@id\":\"https:\/\/bobimarket.pl\/#organization\",\"name\":\"BOBIMARKET.pl\",\"url\":\"https:\/\/bobimarket.pl\/\",\"logo\":{\"@type\":\"ImageObject\",\"inLanguage\":\"pl-PL\",\"@id\":\"https:\/\/bobimarket.pl\/#\/schema\/logo\/image\/\",\"url\":\"https:\/\/bobimarket.pl\/wp-content\/uploads\/2021\/11\/slogan.png\",\"contentUrl\":\"https:\/\/bobimarket.pl\/wp-content\/uploads\/2021\/11\/slogan.png\",\"width\":2000,\"height\":384,\"caption\":\"BOBIMARKET.pl\"},\"image\":{\"@id\":\"https:\/\/bobimarket.pl\/#\/schema\/logo\/image\/\"}}]}<\/script>\n<!-- \/ Yoast SEO plugin. -->","yoast_head_json":{"title":"K\u0104TOWNIK STOLARSKI DACHOWY BUDOWLANY DU\u017bY 40x60 cm - BOBIMARKET.pl - Remontuj i urz\u0105dzaj z nami","robots":{"index":"index","follow":"follow","max-snippet":"max-snippet:-1","max-image-preview":"max-image-preview:large","max-video-preview":"max-video-preview:-1"},"canonical":"https:\/\/bobimarket.pl\/index.php\/produkt\/katownik-stolarski-dachowy-budowlany-duzy-40x60-cm\/","og_locale":"pl_PL","og_type":"article","og_title":"K\u0104TOWNIK STOLARSKI DACHOWY BUDOWLANY DU\u017bY 40x60 cm - BOBIMARKET.pl - Remontuj i urz\u0105dzaj z nami","og_description":"K\u0104TOWNIK STOLARSKI BUDOWLANY DU\u017bY 40 x 60 cm Dane techniczne: D\u0142ugo\u015b\u0107 d\u0142u\u017cszego ramienia: 600 mm D\u0142ugo\u015b\u0107 kr\u00f3tszego ramienia: 400 mm Skale k\u0105tomierza: metryczna i calowa Materia\u0142: stal Kolor: czarny Marka: JOBI Idealna narz\u0119dzie, kt\u00f3re u\u0142atwi Twoj\u0105 prac\u0119! Praktyczny k\u0105townik stolarski\/ budowlany. Zbudowany\u00a0 z dw\u00f3ch kraw\u0119dzi o d\u0142ugo\u015bci 600 mm i 400 mm, kt\u00f3re tworz\u0105 k\u0105t     Czytaj wi\u0119cej \"K\u0104TOWNIK STOLARSKI DACHOWY BUDOWLANY DU\u017bY 40&#215;60 cm\"","og_url":"https:\/\/bobimarket.pl\/index.php\/produkt\/katownik-stolarski-dachowy-budowlany-duzy-40x60-cm\/","og_site_name":"BOBIMARKET.pl - Remontuj i urz\u0105dzaj z nami","article_modified_time":"2025-11-11T18:46:53+00:00","og_image":[{"url":"https:\/\/upload.cdn.baselinker.com\/products\/14476\/b8c38ec328edebdb6edd5b36539a0db4.jpg"}],"twitter_card":"summary_large_image","twitter_misc":{"Szacowany czas czytania":"2 minuty"},"schema":{"@context":"https:\/\/schema.org","@graph":[{"@type":"WebPage","@id":"https:\/\/bobimarket.pl\/index.php\/produkt\/katownik-stolarski-dachowy-budowlany-duzy-40x60-cm\/","url":"https:\/\/bobimarket.pl\/index.php\/produkt\/katownik-stolarski-dachowy-budowlany-duzy-40x60-cm\/","name":"K\u0104TOWNIK STOLARSKI DACHOWY BUDOWLANY DU\u017bY 40x60 cm - BOBIMARKET.pl - Remontuj i urz\u0105dzaj z nami","isPartOf":{"@id":"https:\/\/bobimarket.pl\/#website"},"datePublished":"2023-08-29T20:11:54+00:00","dateModified":"2025-11-11T18:46:53+00:00","breadcrumb":{"@id":"https:\/\/bobimarket.pl\/index.php\/produkt\/katownik-stolarski-dachowy-budowlany-duzy-40x60-cm\/#breadcrumb"},"inLanguage":"pl-PL","potentialAction":[{"@type":"ReadAction","target":["https:\/\/bobimarket.pl\/index.php\/produkt\/katownik-stolarski-dachowy-budowlany-duzy-40x60-cm\/"]}]},{"@type":"BreadcrumbList","@id":"https:\/\/bobimarket.pl\/index.php\/produkt\/katownik-stolarski-dachowy-budowlany-duzy-40x60-cm\/#breadcrumb","itemListElement":[{"@type":"ListItem","position":1,"name":"Strona g\u0142\u00f3wna","item":"https:\/\/bobimarket.pl\/"},{"@type":"ListItem","position":2,"name":"Sklep","item":"https:\/\/bobimarket.pl\/index.php\/shop\/"},{"@type":"ListItem","position":3,"name":"K\u0104TOWNIK STOLARSKI DACHOWY BUDOWLANY DU\u017bY 40&#215;60 cm"}]},{"@type":"WebSite","@id":"https:\/\/bobimarket.pl\/#website","url":"https:\/\/bobimarket.pl\/","name":"BOBIMARKET.pl - Remontuj i urz\u0105dzaj z nami","description":"Remontuj i urz\u0105dzaj z nami","publisher":{"@id":"https:\/\/bobimarket.pl\/#organization"},"potentialAction":[{"@type":"SearchAction","target":{"@type":"EntryPoint","urlTemplate":"https:\/\/bobimarket.pl\/?s={search_term_string}"},"query-input":"required name=search_term_string"}],"inLanguage":"pl-PL"},{"@type":"Organization","@id":"https:\/\/bobimarket.pl\/#organization","name":"BOBIMARKET.pl","url":"https:\/\/bobimarket.pl\/","logo":{"@type":"ImageObject","inLanguage":"pl-PL","@id":"https:\/\/bobimarket.pl\/#\/schema\/logo\/image\/","url":"https:\/\/bobimarket.pl\/wp-content\/uploads\/2021\/11\/slogan.png","contentUrl":"https:\/\/bobimarket.pl\/wp-content\/uploads\/2021\/11\/slogan.png","width":2000,"height":384,"caption":"BOBIMARKET.pl"},"image":{"@id":"https:\/\/bobimarket.pl\/#\/schema\/logo\/image\/"}}]}},"_links":{"self":[{"href":"https:\/\/bobimarket.pl\/index.php\/wp-json\/wp\/v2\/product\/84084"}],"collection":[{"href":"https:\/\/bobimarket.pl\/index.php\/wp-json\/wp\/v2\/product"}],"about":[{"href":"https:\/\/bobimarket.pl\/index.php\/wp-json\/wp\/v2\/types\/product"}],"wp:featuredmedia":[{"embeddable":true,"href":"https:\/\/bobimarket.pl\/index.php\/wp-json\/wp\/v2\/media\/84079"}],"wp:attachment":[{"href":"https:\/\/bobimarket.pl\/index.php\/wp-json\/wp\/v2\/media?parent=84084"}],"wp:term":[{"taxonomy":"product_cat","embeddable":true,"href":"https:\/\/bobimarket.pl\/index.php\/wp-json\/wp\/v2\/product_cat?post=84084"},{"taxonomy":"product_tag","embeddable":true,"href":"https:\/\/bobimarket.pl\/index.php\/wp-json\/wp\/v2\/product_tag?post=84084"}],"curies":[{"name":"wp","href":"https:\/\/api.w.org\/{rel}","templated":true}]}}