{"id":84088,"date":"2023-08-29T20:12:13","date_gmt":"2023-08-29T20:12:13","guid":{"rendered":"https:\/\/bobimarket.pl\/index.php\/produkt\/redukcje-nasadek-adapter-do-wiertarki-1-43-81-2\/"},"modified":"2025-02-27T14:14:40","modified_gmt":"2025-02-27T14:14:40","slug":"redukcje-nasadek-adapter-do-wiertarki-1-43-81-2","status":"publish","type":"product","link":"https:\/\/bobimarket.pl\/index.php\/produkt\/redukcje-nasadek-adapter-do-wiertarki-1-43-81-2\/","title":{"rendered":"REDUKCJE NASADEK ADAPTER DO WIERTARKI 1\/4&#8217;3\/8&#8217;1\/2&#8242;"},"content":{"rendered":"<section class=\"section\">\n<div class=\"item item-6\">\n<section class=\"image-item\">\n                <img decoding=\"async\" src=\"https:\/\/upload.cdn.baselinker.com\/products\/14476\/5a918e74aeab489dd1c6cef141c9bd79.jpg\" \/><br \/>\n            <\/section>\n<\/p><\/div>\n<div class=\"item item-6\">\n<section class=\"text-item\">\n<h2>\u00a0REDUKCJE NASADEK ADAPTER DO WIERTARKI BIT 1\/4&#8242; 3\/8&#8242; 1\/2&#8242;<\/h2>\n<p><b>Dane techniczne: <\/b><\/p>\n<ul>\n<li>D\u0142ugo\u015b\u0107 redukcji: <b>75 mm<\/b><\/li>\n<\/ul>\n<ul>\n<li>Rozmiar:<b> 1\/4\u201d, 3\/8\u201d, 1\/2\u201d<\/b><\/li>\n<\/ul>\n<ul>\n<li>Marka: <b>JOBI<\/b><\/li>\n<\/ul>\n<\/section><\/div>\n<\/section>\n<section class=\"section\">\n<div class=\"item item-6\">\n<section class=\"image-item\">\n                <img decoding=\"async\" src=\"https:\/\/upload.cdn.baselinker.com\/products\/14476\/04f8ecfaa4c5e87f4f08b9663d2cc391.jpg\" \/><br \/>\n            <\/section>\n<\/p><\/div>\n<div class=\"item item-6\">\n<section class=\"text-item\">\n<p>Zestaw zawiera 3 sztuki <b>adapter\u00f3w do wiertarek i nasadek<\/b> o r\u00f3\u017cnych rozmiarach. Przeznaczone s\u0105 do wsp\u00f3\u0142pracy z uchwytami na bity 1\/4&#8243;.Pozwalaj\u0105 na zastosowanie nasadek o r\u00f3\u017cnym gnie\u017adzie z narz\u0119dziami posiadaj\u0105cymi uchwyt wkr\u0119takowy 6-ciok\u0105tny.<\/p>\n<p><b>Rozmiary adapter\u00f3w:<\/b><\/p>\n<ul>\n<li><b>1\/4<\/b><b>&#8222;<\/b><\/li>\n<li><b>3\/8<\/b><b>&#8222;<\/b><\/li>\n<li><b>1\/2&#8243;<\/b><\/li>\n<\/ul>\n<\/section><\/div>\n<\/section>\n<section class=\"section\">\n<div class=\"item item-6\">\n<section class=\"image-item\">\n                <img decoding=\"async\" src=\"https:\/\/upload.cdn.baselinker.com\/products\/14476\/736b3e65bfc234afbbf0ae2ce7ad9a70.jpg\" \/><br \/>\n            <\/section>\n<\/p><\/div>\n<div class=\"item item-6\">\n<section class=\"text-item\">\n<p>\u2705 <b>ZASTOSOWANIE:<\/b><\/p>\n<ul>\n<li>Przej\u015bci\u00f3wki <b>pozwalaj\u0105 na prac\u0119 wkr\u0119tarki z r\u00f3\u017cnymi nasadkami.<\/b><\/li>\n<li>Z ich pomoc\u0105 mo\u017cesz wykorzysta\u0107 wiertark\u0119 z <b>dodatkowym osprz\u0119tem<\/b>, na przyk\u0142ad koronkami wiertniczymi i otwornicami o r\u00f3\u017cnym typie gwint\u00f3w.<\/li>\n<\/ul>\n<p>Jest to element \u00a0niezb\u0119dne do prawid\u0142owej pracy i najbardziej eksploatowane cz\u0119\u015bci wiertarek. Pami\u0119taj, \u017ce powinny by\u0107 systematycznie wymieniane,\u00a0 aby zapewnia\u0107 efektywn\u0105 i przede wszystkim \u00a0bezpieczn\u0105 prac\u0119.<\/p>\n<p><b>Redukcje nadaj\u0105 si\u0119 zar\u00f3wno dla profesjonalist\u00f3w jak i amator\u00f3w. Niezb\u0119dny element wyposa\u017cenia ka\u017cdego warsztatu.<\/b><\/p>\n<\/section><\/div>\n<\/section>\n","protected":false},"excerpt":{"rendered":"<p>\u00a0REDUKCJE NASADEK ADAPTER DO WIERTARKI BIT 1\/4&#8242; 3\/8&#8242; 1\/2&#8242; Dane techniczne: D\u0142ugo\u015b\u0107 redukcji: 75 mm Rozmiar: 1\/4\u201d, 3\/8\u201d, 1\/2\u201d Marka: JOBI Zestaw zawiera 3 sztuki adapter\u00f3w do wiertarek i nasadek o r\u00f3\u017cnych rozmiarach. Przeznaczone s\u0105 do wsp\u00f3\u0142pracy z uchwytami na bity 1\/4&#8243;.Pozwalaj\u0105 na zastosowanie nasadek o r\u00f3\u017cnym gnie\u017adzie z narz\u0119dziami posiadaj\u0105cymi uchwyt wkr\u0119takowy 6-ciok\u0105tny. Rozmiary<br \/><a class=\"more-link\" href=\"https:\/\/bobimarket.pl\/index.php\/produkt\/redukcje-nasadek-adapter-do-wiertarki-1-43-81-2\/\"><br \/>\n        Czytaj wi\u0119cej<span class=\"screen-reader-text\"> &#8222;REDUKCJE NASADEK ADAPTER DO WIERTARKI 1\/4&#8217;3\/8&#8217;1\/2&#8242;&#8221;<\/span><\/a><\/p>\n","protected":false},"featured_media":84085,"template":"","meta":[],"product_cat":[8054],"product_tag":[],"yoast_head":"<!-- This site is optimized with the Yoast SEO plugin v21.0 - https:\/\/yoast.com\/wordpress\/plugins\/seo\/ -->\n<title>REDUKCJE NASADEK ADAPTER DO WIERTARKI 1\/4&#039;3\/8&#039;1\/2&#039; - BOBIMARKET.pl - Remontuj i urz\u0105dzaj z nami<\/title>\n<meta name=\"robots\" content=\"index, follow, max-snippet:-1, max-image-preview:large, max-video-preview:-1\" \/>\n<link rel=\"canonical\" href=\"https:\/\/bobimarket.pl\/index.php\/produkt\/redukcje-nasadek-adapter-do-wiertarki-1-43-81-2\/\" \/>\n<meta property=\"og:locale\" content=\"pl_PL\" \/>\n<meta property=\"og:type\" content=\"article\" \/>\n<meta property=\"og:title\" content=\"REDUKCJE NASADEK ADAPTER DO WIERTARKI 1\/4&#039;3\/8&#039;1\/2&#039; - BOBIMARKET.pl - Remontuj i urz\u0105dzaj z nami\" \/>\n<meta property=\"og:description\" content=\"\u00a0REDUKCJE NASADEK ADAPTER DO WIERTARKI BIT 1\/4&#8242; 3\/8&#8242; 1\/2&#8242; Dane techniczne: D\u0142ugo\u015b\u0107 redukcji: 75 mm Rozmiar: 1\/4\u201d, 3\/8\u201d, 1\/2\u201d Marka: JOBI Zestaw zawiera 3 sztuki adapter\u00f3w do wiertarek i nasadek o r\u00f3\u017cnych rozmiarach. Przeznaczone s\u0105 do wsp\u00f3\u0142pracy z uchwytami na bity 1\/4&#8243;.Pozwalaj\u0105 na zastosowanie nasadek o r\u00f3\u017cnym gnie\u017adzie z narz\u0119dziami posiadaj\u0105cymi uchwyt wkr\u0119takowy 6-ciok\u0105tny. Rozmiary     Czytaj wi\u0119cej &quot;REDUKCJE NASADEK ADAPTER DO WIERTARKI 1\/4&#8217;3\/8&#8217;1\/2&#8242;&quot;\" \/>\n<meta property=\"og:url\" content=\"https:\/\/bobimarket.pl\/index.php\/produkt\/redukcje-nasadek-adapter-do-wiertarki-1-43-81-2\/\" \/>\n<meta property=\"og:site_name\" content=\"BOBIMARKET.pl - Remontuj i urz\u0105dzaj z nami\" \/>\n<meta property=\"article:modified_time\" content=\"2025-02-27T14:14:40+00:00\" \/>\n<meta property=\"og:image\" content=\"https:\/\/upload.cdn.baselinker.com\/products\/14476\/5a918e74aeab489dd1c6cef141c9bd79.jpg\" \/>\n<meta name=\"twitter:card\" content=\"summary_large_image\" \/>\n<meta name=\"twitter:label1\" content=\"Szacowany czas czytania\" \/>\n\t<meta name=\"twitter:data1\" content=\"1 minuta\" \/>\n<script type=\"application\/ld+json\" class=\"yoast-schema-graph\">{\"@context\":\"https:\/\/schema.org\",\"@graph\":[{\"@type\":\"WebPage\",\"@id\":\"https:\/\/bobimarket.pl\/index.php\/produkt\/redukcje-nasadek-adapter-do-wiertarki-1-43-81-2\/\",\"url\":\"https:\/\/bobimarket.pl\/index.php\/produkt\/redukcje-nasadek-adapter-do-wiertarki-1-43-81-2\/\",\"name\":\"REDUKCJE NASADEK ADAPTER DO WIERTARKI 1\/4'3\/8'1\/2' - BOBIMARKET.pl - Remontuj i urz\u0105dzaj z nami\",\"isPartOf\":{\"@id\":\"https:\/\/bobimarket.pl\/#website\"},\"datePublished\":\"2023-08-29T20:12:13+00:00\",\"dateModified\":\"2025-02-27T14:14:40+00:00\",\"breadcrumb\":{\"@id\":\"https:\/\/bobimarket.pl\/index.php\/produkt\/redukcje-nasadek-adapter-do-wiertarki-1-43-81-2\/#breadcrumb\"},\"inLanguage\":\"pl-PL\",\"potentialAction\":[{\"@type\":\"ReadAction\",\"target\":[\"https:\/\/bobimarket.pl\/index.php\/produkt\/redukcje-nasadek-adapter-do-wiertarki-1-43-81-2\/\"]}]},{\"@type\":\"BreadcrumbList\",\"@id\":\"https:\/\/bobimarket.pl\/index.php\/produkt\/redukcje-nasadek-adapter-do-wiertarki-1-43-81-2\/#breadcrumb\",\"itemListElement\":[{\"@type\":\"ListItem\",\"position\":1,\"name\":\"Strona g\u0142\u00f3wna\",\"item\":\"https:\/\/bobimarket.pl\/\"},{\"@type\":\"ListItem\",\"position\":2,\"name\":\"Sklep\",\"item\":\"https:\/\/bobimarket.pl\/index.php\/shop\/\"},{\"@type\":\"ListItem\",\"position\":3,\"name\":\"REDUKCJE NASADEK ADAPTER DO WIERTARKI 1\/4&#8217;3\/8&#8217;1\/2&#8242;\"}]},{\"@type\":\"WebSite\",\"@id\":\"https:\/\/bobimarket.pl\/#website\",\"url\":\"https:\/\/bobimarket.pl\/\",\"name\":\"BOBIMARKET.pl - Remontuj i urz\u0105dzaj z nami\",\"description\":\"Remontuj i urz\u0105dzaj z nami\",\"publisher\":{\"@id\":\"https:\/\/bobimarket.pl\/#organization\"},\"potentialAction\":[{\"@type\":\"SearchAction\",\"target\":{\"@type\":\"EntryPoint\",\"urlTemplate\":\"https:\/\/bobimarket.pl\/?s={search_term_string}\"},\"query-input\":\"required name=search_term_string\"}],\"inLanguage\":\"pl-PL\"},{\"@type\":\"Organization\",\"@id\":\"https:\/\/bobimarket.pl\/#organization\",\"name\":\"BOBIMARKET.pl\",\"url\":\"https:\/\/bobimarket.pl\/\",\"logo\":{\"@type\":\"ImageObject\",\"inLanguage\":\"pl-PL\",\"@id\":\"https:\/\/bobimarket.pl\/#\/schema\/logo\/image\/\",\"url\":\"https:\/\/bobimarket.pl\/wp-content\/uploads\/2021\/11\/slogan.png\",\"contentUrl\":\"https:\/\/bobimarket.pl\/wp-content\/uploads\/2021\/11\/slogan.png\",\"width\":2000,\"height\":384,\"caption\":\"BOBIMARKET.pl\"},\"image\":{\"@id\":\"https:\/\/bobimarket.pl\/#\/schema\/logo\/image\/\"}}]}<\/script>\n<!-- \/ Yoast SEO plugin. -->","yoast_head_json":{"title":"REDUKCJE NASADEK ADAPTER DO WIERTARKI 1\/4'3\/8'1\/2' - BOBIMARKET.pl - Remontuj i urz\u0105dzaj z nami","robots":{"index":"index","follow":"follow","max-snippet":"max-snippet:-1","max-image-preview":"max-image-preview:large","max-video-preview":"max-video-preview:-1"},"canonical":"https:\/\/bobimarket.pl\/index.php\/produkt\/redukcje-nasadek-adapter-do-wiertarki-1-43-81-2\/","og_locale":"pl_PL","og_type":"article","og_title":"REDUKCJE NASADEK ADAPTER DO WIERTARKI 1\/4'3\/8'1\/2' - BOBIMARKET.pl - Remontuj i urz\u0105dzaj z nami","og_description":"\u00a0REDUKCJE NASADEK ADAPTER DO WIERTARKI BIT 1\/4&#8242; 3\/8&#8242; 1\/2&#8242; Dane techniczne: D\u0142ugo\u015b\u0107 redukcji: 75 mm Rozmiar: 1\/4\u201d, 3\/8\u201d, 1\/2\u201d Marka: JOBI Zestaw zawiera 3 sztuki adapter\u00f3w do wiertarek i nasadek o r\u00f3\u017cnych rozmiarach. Przeznaczone s\u0105 do wsp\u00f3\u0142pracy z uchwytami na bity 1\/4&#8243;.Pozwalaj\u0105 na zastosowanie nasadek o r\u00f3\u017cnym gnie\u017adzie z narz\u0119dziami posiadaj\u0105cymi uchwyt wkr\u0119takowy 6-ciok\u0105tny. Rozmiary     Czytaj wi\u0119cej \"REDUKCJE NASADEK ADAPTER DO WIERTARKI 1\/4&#8217;3\/8&#8217;1\/2&#8242;\"","og_url":"https:\/\/bobimarket.pl\/index.php\/produkt\/redukcje-nasadek-adapter-do-wiertarki-1-43-81-2\/","og_site_name":"BOBIMARKET.pl - Remontuj i urz\u0105dzaj z nami","article_modified_time":"2025-02-27T14:14:40+00:00","og_image":[{"url":"https:\/\/upload.cdn.baselinker.com\/products\/14476\/5a918e74aeab489dd1c6cef141c9bd79.jpg"}],"twitter_card":"summary_large_image","twitter_misc":{"Szacowany czas czytania":"1 minuta"},"schema":{"@context":"https:\/\/schema.org","@graph":[{"@type":"WebPage","@id":"https:\/\/bobimarket.pl\/index.php\/produkt\/redukcje-nasadek-adapter-do-wiertarki-1-43-81-2\/","url":"https:\/\/bobimarket.pl\/index.php\/produkt\/redukcje-nasadek-adapter-do-wiertarki-1-43-81-2\/","name":"REDUKCJE NASADEK ADAPTER DO WIERTARKI 1\/4'3\/8'1\/2' - BOBIMARKET.pl - Remontuj i urz\u0105dzaj z nami","isPartOf":{"@id":"https:\/\/bobimarket.pl\/#website"},"datePublished":"2023-08-29T20:12:13+00:00","dateModified":"2025-02-27T14:14:40+00:00","breadcrumb":{"@id":"https:\/\/bobimarket.pl\/index.php\/produkt\/redukcje-nasadek-adapter-do-wiertarki-1-43-81-2\/#breadcrumb"},"inLanguage":"pl-PL","potentialAction":[{"@type":"ReadAction","target":["https:\/\/bobimarket.pl\/index.php\/produkt\/redukcje-nasadek-adapter-do-wiertarki-1-43-81-2\/"]}]},{"@type":"BreadcrumbList","@id":"https:\/\/bobimarket.pl\/index.php\/produkt\/redukcje-nasadek-adapter-do-wiertarki-1-43-81-2\/#breadcrumb","itemListElement":[{"@type":"ListItem","position":1,"name":"Strona g\u0142\u00f3wna","item":"https:\/\/bobimarket.pl\/"},{"@type":"ListItem","position":2,"name":"Sklep","item":"https:\/\/bobimarket.pl\/index.php\/shop\/"},{"@type":"ListItem","position":3,"name":"REDUKCJE NASADEK ADAPTER DO WIERTARKI 1\/4&#8217;3\/8&#8217;1\/2&#8242;"}]},{"@type":"WebSite","@id":"https:\/\/bobimarket.pl\/#website","url":"https:\/\/bobimarket.pl\/","name":"BOBIMARKET.pl - Remontuj i urz\u0105dzaj z nami","description":"Remontuj i urz\u0105dzaj z nami","publisher":{"@id":"https:\/\/bobimarket.pl\/#organization"},"potentialAction":[{"@type":"SearchAction","target":{"@type":"EntryPoint","urlTemplate":"https:\/\/bobimarket.pl\/?s={search_term_string}"},"query-input":"required name=search_term_string"}],"inLanguage":"pl-PL"},{"@type":"Organization","@id":"https:\/\/bobimarket.pl\/#organization","name":"BOBIMARKET.pl","url":"https:\/\/bobimarket.pl\/","logo":{"@type":"ImageObject","inLanguage":"pl-PL","@id":"https:\/\/bobimarket.pl\/#\/schema\/logo\/image\/","url":"https:\/\/bobimarket.pl\/wp-content\/uploads\/2021\/11\/slogan.png","contentUrl":"https:\/\/bobimarket.pl\/wp-content\/uploads\/2021\/11\/slogan.png","width":2000,"height":384,"caption":"BOBIMARKET.pl"},"image":{"@id":"https:\/\/bobimarket.pl\/#\/schema\/logo\/image\/"}}]}},"_links":{"self":[{"href":"https:\/\/bobimarket.pl\/index.php\/wp-json\/wp\/v2\/product\/84088"}],"collection":[{"href":"https:\/\/bobimarket.pl\/index.php\/wp-json\/wp\/v2\/product"}],"about":[{"href":"https:\/\/bobimarket.pl\/index.php\/wp-json\/wp\/v2\/types\/product"}],"wp:featuredmedia":[{"embeddable":true,"href":"https:\/\/bobimarket.pl\/index.php\/wp-json\/wp\/v2\/media\/84085"}],"wp:attachment":[{"href":"https:\/\/bobimarket.pl\/index.php\/wp-json\/wp\/v2\/media?parent=84088"}],"wp:term":[{"taxonomy":"product_cat","embeddable":true,"href":"https:\/\/bobimarket.pl\/index.php\/wp-json\/wp\/v2\/product_cat?post=84088"},{"taxonomy":"product_tag","embeddable":true,"href":"https:\/\/bobimarket.pl\/index.php\/wp-json\/wp\/v2\/product_tag?post=84088"}],"curies":[{"name":"wp","href":"https:\/\/api.w.org\/{rel}","templated":true}]}}