{"id":84259,"date":"2023-08-29T20:28:53","date_gmt":"2023-08-29T20:28:53","guid":{"rendered":"https:\/\/bobimarket.pl\/index.php\/produkt\/rozdzielacz-przylacze-na-kran-waz-ogrodwy-4-drozny\/"},"modified":"2025-02-27T14:16:50","modified_gmt":"2025-02-27T14:16:50","slug":"rozdzielacz-przylacze-na-kran-waz-ogrodwy-4-drozny","status":"publish","type":"product","link":"https:\/\/bobimarket.pl\/index.php\/produkt\/rozdzielacz-przylacze-na-kran-waz-ogrodwy-4-drozny\/","title":{"rendered":"ROZDZIELACZ PRZY\u0141\u0104CZE NA KRAN W\u0104\u017b OGRODWY 4-DRO\u017bNY"},"content":{"rendered":"<section class=\"section\">\n<div class=\"item item-6\">\n<section class=\"image-item\">\n            <img decoding=\"async\" src=\"https:\/\/upload.cdn.baselinker.com\/products\/14476\/1321ee29013b81a2fa4825e47a8d47ae.jpg\" \/><br \/>\n        <\/section>\n<\/p><\/div>\n<div class=\"item item-6\">\n<section class=\"text-item\">\n<h2>ROZDZIELACZ PRZY\u0141\u0104CZE NA KRAN W\u0104\u017b OGRODWY 4-DRO\u017bNY<\/h2>\n<p><b>Dane techniczne:<\/b><\/p>\n<ul>\n<li>D\u0142ugo\u015b\u0107:<b> 17,5 cm<\/b><\/li>\n<li>Szeroko\u015b\u0107:<b> 5,5 cm<\/b><\/li>\n<li>Zaw\u00f3r: na kran 1&#8243; z redukcj\u0105 na 3\/4&#8243;<\/li>\n<li>Materia\u0142: tworzywo<\/li>\n<\/ul>\n<\/section><\/div>\n<\/section>\n<section class=\"section\">\n<div class=\"item item-6\">\n<section class=\"image-item\">\n            <img decoding=\"async\" src=\"https:\/\/upload.cdn.baselinker.com\/products\/14476\/f98f9d3d8e38097516475683a4c411bb.jpg\" \/><br \/>\n        <\/section>\n<\/p><\/div>\n<div class=\"item item-6\">\n<section class=\"text-item\">\n<p>Praktyczne przy\u0142\u0105cze do kranu wyposa\u017cone w cztery niezale\u017cne i regulowane zawory na kran 1&#8243; z redukcj\u0105 na 3\/4&#8243;. Wykonany z tworzywa, materia\u0142 ten:<\/p>\n<ul>\n<li>nie ulegnie korozji<\/li>\n<li>jest wytrzyma\u0142y na uszkodzenia<\/li>\n<li>b\u0119dzie s\u0142u\u017cy\u0142 przez wiele lat.<\/li>\n<\/ul>\n<p><b>\u2705\u00a0 ZASTOSOWANIE:<\/b><\/p>\n<p>Rozdzielacz pozwala na jednoczesne pod\u0142\u0105czenie 4 urz\u0105dze\u0144 do jednego karnu.<\/p>\n<ul>\n<li>Zawory pozwalaj\u0105 na p\u0142ynn\u0105 regulacj\u0119 przep\u0142ywu \u00a0wody &#8211; s\u0105 czytelnie oznaczone.<\/li>\n<li>Ka\u017cdy z otwor\u00f3w mo\u017cna regulowa\u0107 niezale\u017cnie od siebie.<\/li>\n<li>Przy pomocy odpowiednich szybkoz\u0142\u0105czy mo\u017cna go przy\u0142\u0105czy\u0107 do w\u0119\u017cy o r\u00f3\u017cnych \u015brednicach.<\/li>\n<\/ul>\n<\/section><\/div>\n<\/section>\n<section class=\"section\">\n<div class=\"item item-6\">\n<section class=\"image-item\">\n            <img decoding=\"async\" src=\"https:\/\/upload.cdn.baselinker.com\/products\/14476\/8dc9b32e7532b50c6fe2c44eb06870f9.jpg\" \/><br \/>\n        <\/section>\n<\/p><\/div>\n<div class=\"item item-6\">\n<section class=\"image-item\">\n            <img decoding=\"async\" src=\"https:\/\/upload.cdn.baselinker.com\/products\/14476\/8b9fb663e8123a868ea5c8c5fb2fa1b2.jpg\" \/><br \/>\n        <\/section>\n<\/p><\/div>\n<\/section>\n<section class=\"section\">\n<div class=\"item item-12\">\n<section class=\"image-item\">\n            <img decoding=\"async\" src=\"https:\/\/upload.cdn.baselinker.com\/products\/14476\/52734f9b8e55b2773545d8b11ec49b59.jpg\" \/><br \/>\n        <\/section>\n<\/p><\/div>\n<\/section>\n","protected":false},"excerpt":{"rendered":"<p>ROZDZIELACZ PRZY\u0141\u0104CZE NA KRAN W\u0104\u017b OGRODWY 4-DRO\u017bNY Dane techniczne: D\u0142ugo\u015b\u0107: 17,5 cm Szeroko\u015b\u0107: 5,5 cm Zaw\u00f3r: na kran 1&#8243; z redukcj\u0105 na 3\/4&#8243; Materia\u0142: tworzywo Praktyczne przy\u0142\u0105cze do kranu wyposa\u017cone w cztery niezale\u017cne i regulowane zawory na kran 1&#8243; z redukcj\u0105 na 3\/4&#8243;. Wykonany z tworzywa, materia\u0142 ten: nie ulegnie korozji jest wytrzyma\u0142y na uszkodzenia<br \/><a class=\"more-link\" href=\"https:\/\/bobimarket.pl\/index.php\/produkt\/rozdzielacz-przylacze-na-kran-waz-ogrodwy-4-drozny\/\"><br \/>\n        Czytaj wi\u0119cej<span class=\"screen-reader-text\"> &#8222;ROZDZIELACZ PRZY\u0141\u0104CZE NA KRAN W\u0104\u017b OGRODWY 4-DRO\u017bNY&#8221;<\/span><\/a><\/p>\n","protected":false},"featured_media":84252,"template":"","meta":[],"product_cat":[8254],"product_tag":[],"yoast_head":"<!-- This site is optimized with the Yoast SEO plugin v21.0 - https:\/\/yoast.com\/wordpress\/plugins\/seo\/ -->\n<title>ROZDZIELACZ PRZY\u0141\u0104CZE NA KRAN W\u0104\u017b OGRODWY 4-DRO\u017bNY - BOBIMARKET.pl - Remontuj i urz\u0105dzaj z nami<\/title>\n<meta name=\"robots\" content=\"index, follow, max-snippet:-1, max-image-preview:large, max-video-preview:-1\" \/>\n<link rel=\"canonical\" href=\"https:\/\/bobimarket.pl\/index.php\/produkt\/rozdzielacz-przylacze-na-kran-waz-ogrodwy-4-drozny\/\" \/>\n<meta property=\"og:locale\" content=\"pl_PL\" \/>\n<meta property=\"og:type\" content=\"article\" \/>\n<meta property=\"og:title\" content=\"ROZDZIELACZ PRZY\u0141\u0104CZE NA KRAN W\u0104\u017b OGRODWY 4-DRO\u017bNY - BOBIMARKET.pl - Remontuj i urz\u0105dzaj z nami\" \/>\n<meta property=\"og:description\" content=\"ROZDZIELACZ PRZY\u0141\u0104CZE NA KRAN W\u0104\u017b OGRODWY 4-DRO\u017bNY Dane techniczne: D\u0142ugo\u015b\u0107: 17,5 cm Szeroko\u015b\u0107: 5,5 cm Zaw\u00f3r: na kran 1&#8243; z redukcj\u0105 na 3\/4&#8243; Materia\u0142: tworzywo Praktyczne przy\u0142\u0105cze do kranu wyposa\u017cone w cztery niezale\u017cne i regulowane zawory na kran 1&#8243; z redukcj\u0105 na 3\/4&#8243;. Wykonany z tworzywa, materia\u0142 ten: nie ulegnie korozji jest wytrzyma\u0142y na uszkodzenia     Czytaj wi\u0119cej &quot;ROZDZIELACZ PRZY\u0141\u0104CZE NA KRAN W\u0104\u017b OGRODWY 4-DRO\u017bNY&quot;\" \/>\n<meta property=\"og:url\" content=\"https:\/\/bobimarket.pl\/index.php\/produkt\/rozdzielacz-przylacze-na-kran-waz-ogrodwy-4-drozny\/\" \/>\n<meta property=\"og:site_name\" content=\"BOBIMARKET.pl - Remontuj i urz\u0105dzaj z nami\" \/>\n<meta property=\"article:modified_time\" content=\"2025-02-27T14:16:50+00:00\" \/>\n<meta property=\"og:image\" content=\"https:\/\/upload.cdn.baselinker.com\/products\/14476\/1321ee29013b81a2fa4825e47a8d47ae.jpg\" \/>\n<meta name=\"twitter:card\" content=\"summary_large_image\" \/>\n<meta name=\"twitter:label1\" content=\"Szacowany czas czytania\" \/>\n\t<meta name=\"twitter:data1\" content=\"1 minuta\" \/>\n<script type=\"application\/ld+json\" class=\"yoast-schema-graph\">{\"@context\":\"https:\/\/schema.org\",\"@graph\":[{\"@type\":\"WebPage\",\"@id\":\"https:\/\/bobimarket.pl\/index.php\/produkt\/rozdzielacz-przylacze-na-kran-waz-ogrodwy-4-drozny\/\",\"url\":\"https:\/\/bobimarket.pl\/index.php\/produkt\/rozdzielacz-przylacze-na-kran-waz-ogrodwy-4-drozny\/\",\"name\":\"ROZDZIELACZ PRZY\u0141\u0104CZE NA KRAN W\u0104\u017b OGRODWY 4-DRO\u017bNY - BOBIMARKET.pl - Remontuj i urz\u0105dzaj z nami\",\"isPartOf\":{\"@id\":\"https:\/\/bobimarket.pl\/#website\"},\"datePublished\":\"2023-08-29T20:28:53+00:00\",\"dateModified\":\"2025-02-27T14:16:50+00:00\",\"breadcrumb\":{\"@id\":\"https:\/\/bobimarket.pl\/index.php\/produkt\/rozdzielacz-przylacze-na-kran-waz-ogrodwy-4-drozny\/#breadcrumb\"},\"inLanguage\":\"pl-PL\",\"potentialAction\":[{\"@type\":\"ReadAction\",\"target\":[\"https:\/\/bobimarket.pl\/index.php\/produkt\/rozdzielacz-przylacze-na-kran-waz-ogrodwy-4-drozny\/\"]}]},{\"@type\":\"BreadcrumbList\",\"@id\":\"https:\/\/bobimarket.pl\/index.php\/produkt\/rozdzielacz-przylacze-na-kran-waz-ogrodwy-4-drozny\/#breadcrumb\",\"itemListElement\":[{\"@type\":\"ListItem\",\"position\":1,\"name\":\"Strona g\u0142\u00f3wna\",\"item\":\"https:\/\/bobimarket.pl\/\"},{\"@type\":\"ListItem\",\"position\":2,\"name\":\"Sklep\",\"item\":\"https:\/\/bobimarket.pl\/index.php\/shop\/\"},{\"@type\":\"ListItem\",\"position\":3,\"name\":\"ROZDZIELACZ PRZY\u0141\u0104CZE NA KRAN W\u0104\u017b OGRODWY 4-DRO\u017bNY\"}]},{\"@type\":\"WebSite\",\"@id\":\"https:\/\/bobimarket.pl\/#website\",\"url\":\"https:\/\/bobimarket.pl\/\",\"name\":\"BOBIMARKET.pl - Remontuj i urz\u0105dzaj z nami\",\"description\":\"Remontuj i urz\u0105dzaj z nami\",\"publisher\":{\"@id\":\"https:\/\/bobimarket.pl\/#organization\"},\"potentialAction\":[{\"@type\":\"SearchAction\",\"target\":{\"@type\":\"EntryPoint\",\"urlTemplate\":\"https:\/\/bobimarket.pl\/?s={search_term_string}\"},\"query-input\":\"required name=search_term_string\"}],\"inLanguage\":\"pl-PL\"},{\"@type\":\"Organization\",\"@id\":\"https:\/\/bobimarket.pl\/#organization\",\"name\":\"BOBIMARKET.pl\",\"url\":\"https:\/\/bobimarket.pl\/\",\"logo\":{\"@type\":\"ImageObject\",\"inLanguage\":\"pl-PL\",\"@id\":\"https:\/\/bobimarket.pl\/#\/schema\/logo\/image\/\",\"url\":\"https:\/\/bobimarket.pl\/wp-content\/uploads\/2021\/11\/slogan.png\",\"contentUrl\":\"https:\/\/bobimarket.pl\/wp-content\/uploads\/2021\/11\/slogan.png\",\"width\":2000,\"height\":384,\"caption\":\"BOBIMARKET.pl\"},\"image\":{\"@id\":\"https:\/\/bobimarket.pl\/#\/schema\/logo\/image\/\"}}]}<\/script>\n<!-- \/ Yoast SEO plugin. -->","yoast_head_json":{"title":"ROZDZIELACZ PRZY\u0141\u0104CZE NA KRAN W\u0104\u017b OGRODWY 4-DRO\u017bNY - BOBIMARKET.pl - Remontuj i urz\u0105dzaj z nami","robots":{"index":"index","follow":"follow","max-snippet":"max-snippet:-1","max-image-preview":"max-image-preview:large","max-video-preview":"max-video-preview:-1"},"canonical":"https:\/\/bobimarket.pl\/index.php\/produkt\/rozdzielacz-przylacze-na-kran-waz-ogrodwy-4-drozny\/","og_locale":"pl_PL","og_type":"article","og_title":"ROZDZIELACZ PRZY\u0141\u0104CZE NA KRAN W\u0104\u017b OGRODWY 4-DRO\u017bNY - BOBIMARKET.pl - Remontuj i urz\u0105dzaj z nami","og_description":"ROZDZIELACZ PRZY\u0141\u0104CZE NA KRAN W\u0104\u017b OGRODWY 4-DRO\u017bNY Dane techniczne: D\u0142ugo\u015b\u0107: 17,5 cm Szeroko\u015b\u0107: 5,5 cm Zaw\u00f3r: na kran 1&#8243; z redukcj\u0105 na 3\/4&#8243; Materia\u0142: tworzywo Praktyczne przy\u0142\u0105cze do kranu wyposa\u017cone w cztery niezale\u017cne i regulowane zawory na kran 1&#8243; z redukcj\u0105 na 3\/4&#8243;. Wykonany z tworzywa, materia\u0142 ten: nie ulegnie korozji jest wytrzyma\u0142y na uszkodzenia     Czytaj wi\u0119cej \"ROZDZIELACZ PRZY\u0141\u0104CZE NA KRAN W\u0104\u017b OGRODWY 4-DRO\u017bNY\"","og_url":"https:\/\/bobimarket.pl\/index.php\/produkt\/rozdzielacz-przylacze-na-kran-waz-ogrodwy-4-drozny\/","og_site_name":"BOBIMARKET.pl - Remontuj i urz\u0105dzaj z nami","article_modified_time":"2025-02-27T14:16:50+00:00","og_image":[{"url":"https:\/\/upload.cdn.baselinker.com\/products\/14476\/1321ee29013b81a2fa4825e47a8d47ae.jpg"}],"twitter_card":"summary_large_image","twitter_misc":{"Szacowany czas czytania":"1 minuta"},"schema":{"@context":"https:\/\/schema.org","@graph":[{"@type":"WebPage","@id":"https:\/\/bobimarket.pl\/index.php\/produkt\/rozdzielacz-przylacze-na-kran-waz-ogrodwy-4-drozny\/","url":"https:\/\/bobimarket.pl\/index.php\/produkt\/rozdzielacz-przylacze-na-kran-waz-ogrodwy-4-drozny\/","name":"ROZDZIELACZ PRZY\u0141\u0104CZE NA KRAN W\u0104\u017b OGRODWY 4-DRO\u017bNY - BOBIMARKET.pl - Remontuj i urz\u0105dzaj z nami","isPartOf":{"@id":"https:\/\/bobimarket.pl\/#website"},"datePublished":"2023-08-29T20:28:53+00:00","dateModified":"2025-02-27T14:16:50+00:00","breadcrumb":{"@id":"https:\/\/bobimarket.pl\/index.php\/produkt\/rozdzielacz-przylacze-na-kran-waz-ogrodwy-4-drozny\/#breadcrumb"},"inLanguage":"pl-PL","potentialAction":[{"@type":"ReadAction","target":["https:\/\/bobimarket.pl\/index.php\/produkt\/rozdzielacz-przylacze-na-kran-waz-ogrodwy-4-drozny\/"]}]},{"@type":"BreadcrumbList","@id":"https:\/\/bobimarket.pl\/index.php\/produkt\/rozdzielacz-przylacze-na-kran-waz-ogrodwy-4-drozny\/#breadcrumb","itemListElement":[{"@type":"ListItem","position":1,"name":"Strona g\u0142\u00f3wna","item":"https:\/\/bobimarket.pl\/"},{"@type":"ListItem","position":2,"name":"Sklep","item":"https:\/\/bobimarket.pl\/index.php\/shop\/"},{"@type":"ListItem","position":3,"name":"ROZDZIELACZ PRZY\u0141\u0104CZE NA KRAN W\u0104\u017b OGRODWY 4-DRO\u017bNY"}]},{"@type":"WebSite","@id":"https:\/\/bobimarket.pl\/#website","url":"https:\/\/bobimarket.pl\/","name":"BOBIMARKET.pl - Remontuj i urz\u0105dzaj z nami","description":"Remontuj i urz\u0105dzaj z nami","publisher":{"@id":"https:\/\/bobimarket.pl\/#organization"},"potentialAction":[{"@type":"SearchAction","target":{"@type":"EntryPoint","urlTemplate":"https:\/\/bobimarket.pl\/?s={search_term_string}"},"query-input":"required name=search_term_string"}],"inLanguage":"pl-PL"},{"@type":"Organization","@id":"https:\/\/bobimarket.pl\/#organization","name":"BOBIMARKET.pl","url":"https:\/\/bobimarket.pl\/","logo":{"@type":"ImageObject","inLanguage":"pl-PL","@id":"https:\/\/bobimarket.pl\/#\/schema\/logo\/image\/","url":"https:\/\/bobimarket.pl\/wp-content\/uploads\/2021\/11\/slogan.png","contentUrl":"https:\/\/bobimarket.pl\/wp-content\/uploads\/2021\/11\/slogan.png","width":2000,"height":384,"caption":"BOBIMARKET.pl"},"image":{"@id":"https:\/\/bobimarket.pl\/#\/schema\/logo\/image\/"}}]}},"_links":{"self":[{"href":"https:\/\/bobimarket.pl\/index.php\/wp-json\/wp\/v2\/product\/84259"}],"collection":[{"href":"https:\/\/bobimarket.pl\/index.php\/wp-json\/wp\/v2\/product"}],"about":[{"href":"https:\/\/bobimarket.pl\/index.php\/wp-json\/wp\/v2\/types\/product"}],"wp:featuredmedia":[{"embeddable":true,"href":"https:\/\/bobimarket.pl\/index.php\/wp-json\/wp\/v2\/media\/84252"}],"wp:attachment":[{"href":"https:\/\/bobimarket.pl\/index.php\/wp-json\/wp\/v2\/media?parent=84259"}],"wp:term":[{"taxonomy":"product_cat","embeddable":true,"href":"https:\/\/bobimarket.pl\/index.php\/wp-json\/wp\/v2\/product_cat?post=84259"},{"taxonomy":"product_tag","embeddable":true,"href":"https:\/\/bobimarket.pl\/index.php\/wp-json\/wp\/v2\/product_tag?post=84259"}],"curies":[{"name":"wp","href":"https:\/\/api.w.org\/{rel}","templated":true}]}}