{"id":84266,"date":"2023-08-29T20:29:27","date_gmt":"2023-08-29T20:29:27","guid":{"rendered":"https:\/\/bobimarket.pl\/index.php\/produkt\/zawor-czerpalny-kran-ogrodowy-1-2\/"},"modified":"2025-02-27T14:16:54","modified_gmt":"2025-02-27T14:16:54","slug":"zawor-czerpalny-kran-ogrodowy-1-2","status":"publish","type":"product","link":"https:\/\/bobimarket.pl\/index.php\/produkt\/zawor-czerpalny-kran-ogrodowy-1-2\/","title":{"rendered":"ZAW\u00d3R CZERPALNY KRAN OGRODOWY 1\/2&#8243;"},"content":{"rendered":"<section class=\"section\">\n<div class=\"item item-6\">\n<section class=\"image-item\">\n            <img decoding=\"async\" src=\"https:\/\/upload.cdn.baselinker.com\/products\/14476\/59d238b0fafd50fec4e93ba9d5bb63c9.jpg\" \/><br \/>\n        <\/section>\n<\/p><\/div>\n<div class=\"item item-6\">\n<section class=\"text-item\">\n<p><b>Dane techniczne:<\/b><\/p>\n<ul>\n<li>Gwint zewn\u0119trzny:<b> 1\/2&#8243;<\/b><\/li>\n<li>Ko\u0144c\u00f3wka z szybko-z\u0142\u0105czk\u0105: <b>1\/2&#8243;<\/b><\/li>\n<li>D\u0142ugo\u015b\u0107 od ko\u0144ca gwintu do wylewki:<b> ok. 11cm<\/b><\/li>\n<li>Materia\u0142: <b>tworzywo<\/b><\/li>\n<\/ul>\n<\/section><\/div>\n<\/section>\n<section class=\"section\">\n<div class=\"item item-6\">\n<section class=\"image-item\">\n            <img decoding=\"async\" src=\"https:\/\/upload.cdn.baselinker.com\/products\/14476\/9fc651b76916ce48c79439267817d6f4.jpg\" \/><br \/>\n        <\/section>\n<\/p><\/div>\n<div class=\"item item-6\">\n<section class=\"text-item\">\n<p>Praktyczny zaw\u00f3r czerpalny plastikowy 1,2&#8243;. Wykonany z tworzywa. Materia\u0142 ten<\/p>\n<ul>\n<li>nie ulegnie korozji<\/li>\n<li>jest r\u00f3wnie\u017c wytrzyma\u0142y na uszkodzenia<\/li>\n<li>b\u0119dzie s\u0142u\u017cy\u0142 przez wiele lat.<\/li>\n<\/ul>\n<p><b>\u2705 Zastosowanie: <\/b><\/p>\n<p>Zaw\u00f3r jest przeznaczony <b>do czerpania wody bezpo\u015brednio z instalacji wodnej<\/b>. Montuje si\u0119 go\u00a0 zazwyczaj na \u015bcianach budynk\u00f3w gospodarczych. Mo\u017cna do niego pod\u0142\u0105czy\u0107 r\u00f3wnie\u017c w\u0105\u017c ogrodowy.<\/p>\n<\/section><\/div>\n<\/section>\n<section class=\"section\">\n<div class=\"item item-6\">\n<section class=\"image-item\">\n            <img decoding=\"async\" src=\"https:\/\/upload.cdn.baselinker.com\/products\/14476\/55f770c51011897de95ebdcbcd48c318.jpg\" \/><br \/>\n        <\/section>\n<\/p><\/div>\n<div class=\"item item-6\">\n<section class=\"image-item\">\n            <img decoding=\"async\" src=\"https:\/\/upload.cdn.baselinker.com\/products\/14476\/174120610e2098dc5539a721d3364412.jpg\" \/><br \/>\n        <\/section>\n<\/p><\/div>\n<\/section>\n","protected":false},"excerpt":{"rendered":"<p>Dane techniczne: Gwint zewn\u0119trzny: 1\/2&#8243; Ko\u0144c\u00f3wka z szybko-z\u0142\u0105czk\u0105: 1\/2&#8243; D\u0142ugo\u015b\u0107 od ko\u0144ca gwintu do wylewki: ok. 11cm Materia\u0142: tworzywo Praktyczny zaw\u00f3r czerpalny plastikowy 1,2&#8243;. Wykonany z tworzywa. Materia\u0142 ten nie ulegnie korozji jest r\u00f3wnie\u017c wytrzyma\u0142y na uszkodzenia b\u0119dzie s\u0142u\u017cy\u0142 przez wiele lat. \u2705 Zastosowanie: Zaw\u00f3r jest przeznaczony do czerpania wody bezpo\u015brednio z instalacji wodnej. Montuje<br \/><a class=\"more-link\" href=\"https:\/\/bobimarket.pl\/index.php\/produkt\/zawor-czerpalny-kran-ogrodowy-1-2\/\"><br \/>\n        Czytaj wi\u0119cej<span class=\"screen-reader-text\"> &#8222;ZAW\u00d3R CZERPALNY KRAN OGRODOWY 1\/2&#8243;&#8221;<\/span><\/a><\/p>\n","protected":false},"featured_media":84260,"template":"","meta":[],"product_cat":[8254],"product_tag":[],"yoast_head":"<!-- This site is optimized with the Yoast SEO plugin v21.0 - https:\/\/yoast.com\/wordpress\/plugins\/seo\/ -->\n<title>ZAW\u00d3R CZERPALNY KRAN OGRODOWY 1\/2&quot; - BOBIMARKET.pl - Remontuj i urz\u0105dzaj z nami<\/title>\n<meta name=\"robots\" content=\"index, follow, max-snippet:-1, max-image-preview:large, max-video-preview:-1\" \/>\n<link rel=\"canonical\" href=\"https:\/\/bobimarket.pl\/index.php\/produkt\/zawor-czerpalny-kran-ogrodowy-1-2\/\" \/>\n<meta property=\"og:locale\" content=\"pl_PL\" \/>\n<meta property=\"og:type\" content=\"article\" \/>\n<meta property=\"og:title\" content=\"ZAW\u00d3R CZERPALNY KRAN OGRODOWY 1\/2&quot; - BOBIMARKET.pl - Remontuj i urz\u0105dzaj z nami\" \/>\n<meta property=\"og:description\" content=\"Dane techniczne: Gwint zewn\u0119trzny: 1\/2&#8243; Ko\u0144c\u00f3wka z szybko-z\u0142\u0105czk\u0105: 1\/2&#8243; D\u0142ugo\u015b\u0107 od ko\u0144ca gwintu do wylewki: ok. 11cm Materia\u0142: tworzywo Praktyczny zaw\u00f3r czerpalny plastikowy 1,2&#8243;. Wykonany z tworzywa. Materia\u0142 ten nie ulegnie korozji jest r\u00f3wnie\u017c wytrzyma\u0142y na uszkodzenia b\u0119dzie s\u0142u\u017cy\u0142 przez wiele lat. \u2705 Zastosowanie: Zaw\u00f3r jest przeznaczony do czerpania wody bezpo\u015brednio z instalacji wodnej. Montuje     Czytaj wi\u0119cej &quot;ZAW\u00d3R CZERPALNY KRAN OGRODOWY 1\/2&#8243;&quot;\" \/>\n<meta property=\"og:url\" content=\"https:\/\/bobimarket.pl\/index.php\/produkt\/zawor-czerpalny-kran-ogrodowy-1-2\/\" \/>\n<meta property=\"og:site_name\" content=\"BOBIMARKET.pl - Remontuj i urz\u0105dzaj z nami\" \/>\n<meta property=\"article:modified_time\" content=\"2025-02-27T14:16:54+00:00\" \/>\n<meta property=\"og:image\" content=\"https:\/\/upload.cdn.baselinker.com\/products\/14476\/59d238b0fafd50fec4e93ba9d5bb63c9.jpg\" \/>\n<meta name=\"twitter:card\" content=\"summary_large_image\" \/>\n<script type=\"application\/ld+json\" class=\"yoast-schema-graph\">{\"@context\":\"https:\/\/schema.org\",\"@graph\":[{\"@type\":\"WebPage\",\"@id\":\"https:\/\/bobimarket.pl\/index.php\/produkt\/zawor-czerpalny-kran-ogrodowy-1-2\/\",\"url\":\"https:\/\/bobimarket.pl\/index.php\/produkt\/zawor-czerpalny-kran-ogrodowy-1-2\/\",\"name\":\"ZAW\u00d3R CZERPALNY KRAN OGRODOWY 1\/2\\\" - BOBIMARKET.pl - Remontuj i urz\u0105dzaj z nami\",\"isPartOf\":{\"@id\":\"https:\/\/bobimarket.pl\/#website\"},\"datePublished\":\"2023-08-29T20:29:27+00:00\",\"dateModified\":\"2025-02-27T14:16:54+00:00\",\"breadcrumb\":{\"@id\":\"https:\/\/bobimarket.pl\/index.php\/produkt\/zawor-czerpalny-kran-ogrodowy-1-2\/#breadcrumb\"},\"inLanguage\":\"pl-PL\",\"potentialAction\":[{\"@type\":\"ReadAction\",\"target\":[\"https:\/\/bobimarket.pl\/index.php\/produkt\/zawor-czerpalny-kran-ogrodowy-1-2\/\"]}]},{\"@type\":\"BreadcrumbList\",\"@id\":\"https:\/\/bobimarket.pl\/index.php\/produkt\/zawor-czerpalny-kran-ogrodowy-1-2\/#breadcrumb\",\"itemListElement\":[{\"@type\":\"ListItem\",\"position\":1,\"name\":\"Strona g\u0142\u00f3wna\",\"item\":\"https:\/\/bobimarket.pl\/\"},{\"@type\":\"ListItem\",\"position\":2,\"name\":\"Sklep\",\"item\":\"https:\/\/bobimarket.pl\/index.php\/shop\/\"},{\"@type\":\"ListItem\",\"position\":3,\"name\":\"ZAW\u00d3R CZERPALNY KRAN OGRODOWY 1\/2&#8243;\"}]},{\"@type\":\"WebSite\",\"@id\":\"https:\/\/bobimarket.pl\/#website\",\"url\":\"https:\/\/bobimarket.pl\/\",\"name\":\"BOBIMARKET.pl - Remontuj i urz\u0105dzaj z nami\",\"description\":\"Remontuj i urz\u0105dzaj z nami\",\"publisher\":{\"@id\":\"https:\/\/bobimarket.pl\/#organization\"},\"potentialAction\":[{\"@type\":\"SearchAction\",\"target\":{\"@type\":\"EntryPoint\",\"urlTemplate\":\"https:\/\/bobimarket.pl\/?s={search_term_string}\"},\"query-input\":\"required name=search_term_string\"}],\"inLanguage\":\"pl-PL\"},{\"@type\":\"Organization\",\"@id\":\"https:\/\/bobimarket.pl\/#organization\",\"name\":\"BOBIMARKET.pl\",\"url\":\"https:\/\/bobimarket.pl\/\",\"logo\":{\"@type\":\"ImageObject\",\"inLanguage\":\"pl-PL\",\"@id\":\"https:\/\/bobimarket.pl\/#\/schema\/logo\/image\/\",\"url\":\"https:\/\/bobimarket.pl\/wp-content\/uploads\/2021\/11\/slogan.png\",\"contentUrl\":\"https:\/\/bobimarket.pl\/wp-content\/uploads\/2021\/11\/slogan.png\",\"width\":2000,\"height\":384,\"caption\":\"BOBIMARKET.pl\"},\"image\":{\"@id\":\"https:\/\/bobimarket.pl\/#\/schema\/logo\/image\/\"}}]}<\/script>\n<!-- \/ Yoast SEO plugin. -->","yoast_head_json":{"title":"ZAW\u00d3R CZERPALNY KRAN OGRODOWY 1\/2\" - BOBIMARKET.pl - Remontuj i urz\u0105dzaj z nami","robots":{"index":"index","follow":"follow","max-snippet":"max-snippet:-1","max-image-preview":"max-image-preview:large","max-video-preview":"max-video-preview:-1"},"canonical":"https:\/\/bobimarket.pl\/index.php\/produkt\/zawor-czerpalny-kran-ogrodowy-1-2\/","og_locale":"pl_PL","og_type":"article","og_title":"ZAW\u00d3R CZERPALNY KRAN OGRODOWY 1\/2\" - BOBIMARKET.pl - Remontuj i urz\u0105dzaj z nami","og_description":"Dane techniczne: Gwint zewn\u0119trzny: 1\/2&#8243; Ko\u0144c\u00f3wka z szybko-z\u0142\u0105czk\u0105: 1\/2&#8243; D\u0142ugo\u015b\u0107 od ko\u0144ca gwintu do wylewki: ok. 11cm Materia\u0142: tworzywo Praktyczny zaw\u00f3r czerpalny plastikowy 1,2&#8243;. Wykonany z tworzywa. Materia\u0142 ten nie ulegnie korozji jest r\u00f3wnie\u017c wytrzyma\u0142y na uszkodzenia b\u0119dzie s\u0142u\u017cy\u0142 przez wiele lat. \u2705 Zastosowanie: Zaw\u00f3r jest przeznaczony do czerpania wody bezpo\u015brednio z instalacji wodnej. Montuje     Czytaj wi\u0119cej \"ZAW\u00d3R CZERPALNY KRAN OGRODOWY 1\/2&#8243;\"","og_url":"https:\/\/bobimarket.pl\/index.php\/produkt\/zawor-czerpalny-kran-ogrodowy-1-2\/","og_site_name":"BOBIMARKET.pl - Remontuj i urz\u0105dzaj z nami","article_modified_time":"2025-02-27T14:16:54+00:00","og_image":[{"url":"https:\/\/upload.cdn.baselinker.com\/products\/14476\/59d238b0fafd50fec4e93ba9d5bb63c9.jpg"}],"twitter_card":"summary_large_image","schema":{"@context":"https:\/\/schema.org","@graph":[{"@type":"WebPage","@id":"https:\/\/bobimarket.pl\/index.php\/produkt\/zawor-czerpalny-kran-ogrodowy-1-2\/","url":"https:\/\/bobimarket.pl\/index.php\/produkt\/zawor-czerpalny-kran-ogrodowy-1-2\/","name":"ZAW\u00d3R CZERPALNY KRAN OGRODOWY 1\/2\" - BOBIMARKET.pl - Remontuj i urz\u0105dzaj z nami","isPartOf":{"@id":"https:\/\/bobimarket.pl\/#website"},"datePublished":"2023-08-29T20:29:27+00:00","dateModified":"2025-02-27T14:16:54+00:00","breadcrumb":{"@id":"https:\/\/bobimarket.pl\/index.php\/produkt\/zawor-czerpalny-kran-ogrodowy-1-2\/#breadcrumb"},"inLanguage":"pl-PL","potentialAction":[{"@type":"ReadAction","target":["https:\/\/bobimarket.pl\/index.php\/produkt\/zawor-czerpalny-kran-ogrodowy-1-2\/"]}]},{"@type":"BreadcrumbList","@id":"https:\/\/bobimarket.pl\/index.php\/produkt\/zawor-czerpalny-kran-ogrodowy-1-2\/#breadcrumb","itemListElement":[{"@type":"ListItem","position":1,"name":"Strona g\u0142\u00f3wna","item":"https:\/\/bobimarket.pl\/"},{"@type":"ListItem","position":2,"name":"Sklep","item":"https:\/\/bobimarket.pl\/index.php\/shop\/"},{"@type":"ListItem","position":3,"name":"ZAW\u00d3R CZERPALNY KRAN OGRODOWY 1\/2&#8243;"}]},{"@type":"WebSite","@id":"https:\/\/bobimarket.pl\/#website","url":"https:\/\/bobimarket.pl\/","name":"BOBIMARKET.pl - Remontuj i urz\u0105dzaj z nami","description":"Remontuj i urz\u0105dzaj z nami","publisher":{"@id":"https:\/\/bobimarket.pl\/#organization"},"potentialAction":[{"@type":"SearchAction","target":{"@type":"EntryPoint","urlTemplate":"https:\/\/bobimarket.pl\/?s={search_term_string}"},"query-input":"required name=search_term_string"}],"inLanguage":"pl-PL"},{"@type":"Organization","@id":"https:\/\/bobimarket.pl\/#organization","name":"BOBIMARKET.pl","url":"https:\/\/bobimarket.pl\/","logo":{"@type":"ImageObject","inLanguage":"pl-PL","@id":"https:\/\/bobimarket.pl\/#\/schema\/logo\/image\/","url":"https:\/\/bobimarket.pl\/wp-content\/uploads\/2021\/11\/slogan.png","contentUrl":"https:\/\/bobimarket.pl\/wp-content\/uploads\/2021\/11\/slogan.png","width":2000,"height":384,"caption":"BOBIMARKET.pl"},"image":{"@id":"https:\/\/bobimarket.pl\/#\/schema\/logo\/image\/"}}]}},"_links":{"self":[{"href":"https:\/\/bobimarket.pl\/index.php\/wp-json\/wp\/v2\/product\/84266"}],"collection":[{"href":"https:\/\/bobimarket.pl\/index.php\/wp-json\/wp\/v2\/product"}],"about":[{"href":"https:\/\/bobimarket.pl\/index.php\/wp-json\/wp\/v2\/types\/product"}],"wp:featuredmedia":[{"embeddable":true,"href":"https:\/\/bobimarket.pl\/index.php\/wp-json\/wp\/v2\/media\/84260"}],"wp:attachment":[{"href":"https:\/\/bobimarket.pl\/index.php\/wp-json\/wp\/v2\/media?parent=84266"}],"wp:term":[{"taxonomy":"product_cat","embeddable":true,"href":"https:\/\/bobimarket.pl\/index.php\/wp-json\/wp\/v2\/product_cat?post=84266"},{"taxonomy":"product_tag","embeddable":true,"href":"https:\/\/bobimarket.pl\/index.php\/wp-json\/wp\/v2\/product_tag?post=84266"}],"curies":[{"name":"wp","href":"https:\/\/api.w.org\/{rel}","templated":true}]}}