{"id":84274,"date":"2023-08-29T20:30:14","date_gmt":"2023-08-29T20:30:14","guid":{"rendered":"https:\/\/bobimarket.pl\/index.php\/produkt\/poziomica-do-slupkow-ruchoma-katowa-z-magnesami\/"},"modified":"2025-02-27T14:17:07","modified_gmt":"2025-02-27T14:17:07","slug":"poziomica-do-slupkow-ruchoma-katowa-z-magnesami","status":"publish","type":"product","link":"https:\/\/bobimarket.pl\/index.php\/produkt\/poziomica-do-slupkow-ruchoma-katowa-z-magnesami\/","title":{"rendered":"POZIOMICA DO S\u0141UPK\u00d3W RUCHOMA K\u0104TOWA Z MAGNESAMI"},"content":{"rendered":"<section class=\"section\">\n<div class=\"item item-6\">\n<section class=\"image-item\">\n                <img decoding=\"async\" src=\"https:\/\/upload.cdn.baselinker.com\/products\/14476\/67890f2b3ecdbad02a48a7d921146748.jpg\" \/><br \/>\n            <\/section>\n<\/p><\/div>\n<div class=\"item item-6\">\n<section class=\"text-item\">\n<h2>POZIOMICA DO S\u0141UPK\u00d3W RUCHOMA K\u0104TOWA Z MAGNESAMI<\/h2>\n<p><b>Dane techniczne:<\/b><\/p>\n<ul>\n<li>Szeroko\u015b\u0107:<b> 18,5 cm <\/b><\/li>\n<li>D\u0142ugo\u015b\u0107:<b> 13 cm<\/b><\/li>\n<li>Zakres:<b> 15<\/b><b>\u00b0 &#8211; 180<\/b>\u00b0<\/li>\n<li>Materia\u0142:<b> tworzywo ABS<\/b><\/li>\n<\/ul>\n<\/section><\/div>\n<\/section>\n<section class=\"section\">\n<div class=\"item item-6\">\n<section class=\"image-item\">\n                <img decoding=\"async\" src=\"https:\/\/upload.cdn.baselinker.com\/products\/14476\/92d746eecf301bb236d24ddf931a7666.jpg\" \/><br \/>\n            <\/section>\n<\/p><\/div>\n<div class=\"item item-6\">\n<section class=\"text-item\">\n<p>Naro\u017cnikowa poziomica do profili i s\u0142upk\u00f3w. Wykonana z wytrzyma\u0142ego tworzywa ABS. Zakres pracy od <b>15\u00b0 do 180<\/b><b>\u00b0 <\/b>( blokada co 15\u00b0). Lekka i por\u0119czna. Mo\u017cna j\u0105 z\u0142o\u017cy\u0107, nie zajmuje du\u017co miejsca.<\/p>\n<ul>\n<li>Wyposa\u017cona w <b>magnesy<\/b>, kt\u00f3re u\u0142atwiaj\u0105 prac\u0119 z metalowymi konstrukcjami.<\/li>\n<li>Dodatkowo posiada <b>elastyczny gumowy pasek<\/b> do mocowania na elementach drewnianych lub betonowych.<\/li>\n<li>Wbudowane<b> oczka poziome i pionowe <\/b>pozwalaj\u0105 na precyzyjne ustawienie element\u00f3w konstrukcji.<\/li>\n<\/ul>\n<\/section><\/div>\n<\/section>\n<section class=\"section\">\n<div class=\"item item-6\">\n<section class=\"image-item\">\n                <img decoding=\"async\" src=\"https:\/\/upload.cdn.baselinker.com\/products\/14476\/1fb1f9c2059ac656e7da164ad9bc1bfe.jpg\" \/><br \/>\n            <\/section>\n<\/p><\/div>\n<div class=\"item item-6\">\n<section class=\"text-item\">\n<p>\u2705 <b>ZASTOSOWANIE:<\/b><\/p>\n<p>Poziomica naro\u017cnikowa jest przydatna w budownictwie oraz podczas wszelkich prac remontowych lub majsterkowaniu.<\/p>\n<ul>\n<li>Pozwala na precyzyjne wyznaczenie poziom\u00f3w p\u0142aszczyzn.<\/li>\n<li>Umo\u017cliwia samodzielne ustawiania pionu i poziomu np. podczas osadzania s\u0142upk\u00f3w lub mocowanych element\u00f3w konstrukcyjnych.<\/li>\n<\/ul>\n<\/section><\/div>\n<\/section>\n","protected":false},"excerpt":{"rendered":"<p>POZIOMICA DO S\u0141UPK\u00d3W RUCHOMA K\u0104TOWA Z MAGNESAMI Dane techniczne: Szeroko\u015b\u0107: 18,5 cm D\u0142ugo\u015b\u0107: 13 cm Zakres: 15\u00b0 &#8211; 180\u00b0 Materia\u0142: tworzywo ABS Naro\u017cnikowa poziomica do profili i s\u0142upk\u00f3w. Wykonana z wytrzyma\u0142ego tworzywa ABS. Zakres pracy od 15\u00b0 do 180\u00b0 ( blokada co 15\u00b0). Lekka i por\u0119czna. Mo\u017cna j\u0105 z\u0142o\u017cy\u0107, nie zajmuje du\u017co miejsca. Wyposa\u017cona w<br \/><a class=\"more-link\" href=\"https:\/\/bobimarket.pl\/index.php\/produkt\/poziomica-do-slupkow-ruchoma-katowa-z-magnesami\/\"><br \/>\n        Czytaj wi\u0119cej<span class=\"screen-reader-text\"> &#8222;POZIOMICA DO S\u0141UPK\u00d3W RUCHOMA K\u0104TOWA Z MAGNESAMI&#8221;<\/span><\/a><\/p>\n","protected":false},"featured_media":84271,"template":"","meta":[],"product_cat":[8255],"product_tag":[],"yoast_head":"<!-- This site is optimized with the Yoast SEO plugin v21.0 - https:\/\/yoast.com\/wordpress\/plugins\/seo\/ -->\n<title>POZIOMICA DO S\u0141UPK\u00d3W RUCHOMA K\u0104TOWA Z MAGNESAMI - BOBIMARKET.pl - Remontuj i urz\u0105dzaj z nami<\/title>\n<meta name=\"robots\" content=\"index, follow, max-snippet:-1, max-image-preview:large, max-video-preview:-1\" \/>\n<link rel=\"canonical\" href=\"https:\/\/bobimarket.pl\/index.php\/produkt\/poziomica-do-slupkow-ruchoma-katowa-z-magnesami\/\" \/>\n<meta property=\"og:locale\" content=\"pl_PL\" \/>\n<meta property=\"og:type\" content=\"article\" \/>\n<meta property=\"og:title\" content=\"POZIOMICA DO S\u0141UPK\u00d3W RUCHOMA K\u0104TOWA Z MAGNESAMI - BOBIMARKET.pl - Remontuj i urz\u0105dzaj z nami\" \/>\n<meta property=\"og:description\" content=\"POZIOMICA DO S\u0141UPK\u00d3W RUCHOMA K\u0104TOWA Z MAGNESAMI Dane techniczne: Szeroko\u015b\u0107: 18,5 cm D\u0142ugo\u015b\u0107: 13 cm Zakres: 15\u00b0 &#8211; 180\u00b0 Materia\u0142: tworzywo ABS Naro\u017cnikowa poziomica do profili i s\u0142upk\u00f3w. Wykonana z wytrzyma\u0142ego tworzywa ABS. Zakres pracy od 15\u00b0 do 180\u00b0 ( blokada co 15\u00b0). Lekka i por\u0119czna. Mo\u017cna j\u0105 z\u0142o\u017cy\u0107, nie zajmuje du\u017co miejsca. Wyposa\u017cona w     Czytaj wi\u0119cej &quot;POZIOMICA DO S\u0141UPK\u00d3W RUCHOMA K\u0104TOWA Z MAGNESAMI&quot;\" \/>\n<meta property=\"og:url\" content=\"https:\/\/bobimarket.pl\/index.php\/produkt\/poziomica-do-slupkow-ruchoma-katowa-z-magnesami\/\" \/>\n<meta property=\"og:site_name\" content=\"BOBIMARKET.pl - Remontuj i urz\u0105dzaj z nami\" \/>\n<meta property=\"article:modified_time\" content=\"2025-02-27T14:17:07+00:00\" \/>\n<meta property=\"og:image\" content=\"https:\/\/upload.cdn.baselinker.com\/products\/14476\/67890f2b3ecdbad02a48a7d921146748.jpg\" \/>\n<meta name=\"twitter:card\" content=\"summary_large_image\" \/>\n<meta name=\"twitter:label1\" content=\"Szacowany czas czytania\" \/>\n\t<meta name=\"twitter:data1\" content=\"1 minuta\" \/>\n<script type=\"application\/ld+json\" class=\"yoast-schema-graph\">{\"@context\":\"https:\/\/schema.org\",\"@graph\":[{\"@type\":\"WebPage\",\"@id\":\"https:\/\/bobimarket.pl\/index.php\/produkt\/poziomica-do-slupkow-ruchoma-katowa-z-magnesami\/\",\"url\":\"https:\/\/bobimarket.pl\/index.php\/produkt\/poziomica-do-slupkow-ruchoma-katowa-z-magnesami\/\",\"name\":\"POZIOMICA DO S\u0141UPK\u00d3W RUCHOMA K\u0104TOWA Z MAGNESAMI - BOBIMARKET.pl - Remontuj i urz\u0105dzaj z nami\",\"isPartOf\":{\"@id\":\"https:\/\/bobimarket.pl\/#website\"},\"datePublished\":\"2023-08-29T20:30:14+00:00\",\"dateModified\":\"2025-02-27T14:17:07+00:00\",\"breadcrumb\":{\"@id\":\"https:\/\/bobimarket.pl\/index.php\/produkt\/poziomica-do-slupkow-ruchoma-katowa-z-magnesami\/#breadcrumb\"},\"inLanguage\":\"pl-PL\",\"potentialAction\":[{\"@type\":\"ReadAction\",\"target\":[\"https:\/\/bobimarket.pl\/index.php\/produkt\/poziomica-do-slupkow-ruchoma-katowa-z-magnesami\/\"]}]},{\"@type\":\"BreadcrumbList\",\"@id\":\"https:\/\/bobimarket.pl\/index.php\/produkt\/poziomica-do-slupkow-ruchoma-katowa-z-magnesami\/#breadcrumb\",\"itemListElement\":[{\"@type\":\"ListItem\",\"position\":1,\"name\":\"Strona g\u0142\u00f3wna\",\"item\":\"https:\/\/bobimarket.pl\/\"},{\"@type\":\"ListItem\",\"position\":2,\"name\":\"Sklep\",\"item\":\"https:\/\/bobimarket.pl\/index.php\/shop\/\"},{\"@type\":\"ListItem\",\"position\":3,\"name\":\"POZIOMICA DO S\u0141UPK\u00d3W RUCHOMA K\u0104TOWA Z MAGNESAMI\"}]},{\"@type\":\"WebSite\",\"@id\":\"https:\/\/bobimarket.pl\/#website\",\"url\":\"https:\/\/bobimarket.pl\/\",\"name\":\"BOBIMARKET.pl - Remontuj i urz\u0105dzaj z nami\",\"description\":\"Remontuj i urz\u0105dzaj z nami\",\"publisher\":{\"@id\":\"https:\/\/bobimarket.pl\/#organization\"},\"potentialAction\":[{\"@type\":\"SearchAction\",\"target\":{\"@type\":\"EntryPoint\",\"urlTemplate\":\"https:\/\/bobimarket.pl\/?s={search_term_string}\"},\"query-input\":\"required name=search_term_string\"}],\"inLanguage\":\"pl-PL\"},{\"@type\":\"Organization\",\"@id\":\"https:\/\/bobimarket.pl\/#organization\",\"name\":\"BOBIMARKET.pl\",\"url\":\"https:\/\/bobimarket.pl\/\",\"logo\":{\"@type\":\"ImageObject\",\"inLanguage\":\"pl-PL\",\"@id\":\"https:\/\/bobimarket.pl\/#\/schema\/logo\/image\/\",\"url\":\"https:\/\/bobimarket.pl\/wp-content\/uploads\/2021\/11\/slogan.png\",\"contentUrl\":\"https:\/\/bobimarket.pl\/wp-content\/uploads\/2021\/11\/slogan.png\",\"width\":2000,\"height\":384,\"caption\":\"BOBIMARKET.pl\"},\"image\":{\"@id\":\"https:\/\/bobimarket.pl\/#\/schema\/logo\/image\/\"}}]}<\/script>\n<!-- \/ Yoast SEO plugin. -->","yoast_head_json":{"title":"POZIOMICA DO S\u0141UPK\u00d3W RUCHOMA K\u0104TOWA Z MAGNESAMI - BOBIMARKET.pl - Remontuj i urz\u0105dzaj z nami","robots":{"index":"index","follow":"follow","max-snippet":"max-snippet:-1","max-image-preview":"max-image-preview:large","max-video-preview":"max-video-preview:-1"},"canonical":"https:\/\/bobimarket.pl\/index.php\/produkt\/poziomica-do-slupkow-ruchoma-katowa-z-magnesami\/","og_locale":"pl_PL","og_type":"article","og_title":"POZIOMICA DO S\u0141UPK\u00d3W RUCHOMA K\u0104TOWA Z MAGNESAMI - BOBIMARKET.pl - Remontuj i urz\u0105dzaj z nami","og_description":"POZIOMICA DO S\u0141UPK\u00d3W RUCHOMA K\u0104TOWA Z MAGNESAMI Dane techniczne: Szeroko\u015b\u0107: 18,5 cm D\u0142ugo\u015b\u0107: 13 cm Zakres: 15\u00b0 &#8211; 180\u00b0 Materia\u0142: tworzywo ABS Naro\u017cnikowa poziomica do profili i s\u0142upk\u00f3w. Wykonana z wytrzyma\u0142ego tworzywa ABS. Zakres pracy od 15\u00b0 do 180\u00b0 ( blokada co 15\u00b0). Lekka i por\u0119czna. Mo\u017cna j\u0105 z\u0142o\u017cy\u0107, nie zajmuje du\u017co miejsca. Wyposa\u017cona w     Czytaj wi\u0119cej \"POZIOMICA DO S\u0141UPK\u00d3W RUCHOMA K\u0104TOWA Z MAGNESAMI\"","og_url":"https:\/\/bobimarket.pl\/index.php\/produkt\/poziomica-do-slupkow-ruchoma-katowa-z-magnesami\/","og_site_name":"BOBIMARKET.pl - Remontuj i urz\u0105dzaj z nami","article_modified_time":"2025-02-27T14:17:07+00:00","og_image":[{"url":"https:\/\/upload.cdn.baselinker.com\/products\/14476\/67890f2b3ecdbad02a48a7d921146748.jpg"}],"twitter_card":"summary_large_image","twitter_misc":{"Szacowany czas czytania":"1 minuta"},"schema":{"@context":"https:\/\/schema.org","@graph":[{"@type":"WebPage","@id":"https:\/\/bobimarket.pl\/index.php\/produkt\/poziomica-do-slupkow-ruchoma-katowa-z-magnesami\/","url":"https:\/\/bobimarket.pl\/index.php\/produkt\/poziomica-do-slupkow-ruchoma-katowa-z-magnesami\/","name":"POZIOMICA DO S\u0141UPK\u00d3W RUCHOMA K\u0104TOWA Z MAGNESAMI - BOBIMARKET.pl - Remontuj i urz\u0105dzaj z nami","isPartOf":{"@id":"https:\/\/bobimarket.pl\/#website"},"datePublished":"2023-08-29T20:30:14+00:00","dateModified":"2025-02-27T14:17:07+00:00","breadcrumb":{"@id":"https:\/\/bobimarket.pl\/index.php\/produkt\/poziomica-do-slupkow-ruchoma-katowa-z-magnesami\/#breadcrumb"},"inLanguage":"pl-PL","potentialAction":[{"@type":"ReadAction","target":["https:\/\/bobimarket.pl\/index.php\/produkt\/poziomica-do-slupkow-ruchoma-katowa-z-magnesami\/"]}]},{"@type":"BreadcrumbList","@id":"https:\/\/bobimarket.pl\/index.php\/produkt\/poziomica-do-slupkow-ruchoma-katowa-z-magnesami\/#breadcrumb","itemListElement":[{"@type":"ListItem","position":1,"name":"Strona g\u0142\u00f3wna","item":"https:\/\/bobimarket.pl\/"},{"@type":"ListItem","position":2,"name":"Sklep","item":"https:\/\/bobimarket.pl\/index.php\/shop\/"},{"@type":"ListItem","position":3,"name":"POZIOMICA DO S\u0141UPK\u00d3W RUCHOMA K\u0104TOWA Z MAGNESAMI"}]},{"@type":"WebSite","@id":"https:\/\/bobimarket.pl\/#website","url":"https:\/\/bobimarket.pl\/","name":"BOBIMARKET.pl - Remontuj i urz\u0105dzaj z nami","description":"Remontuj i urz\u0105dzaj z nami","publisher":{"@id":"https:\/\/bobimarket.pl\/#organization"},"potentialAction":[{"@type":"SearchAction","target":{"@type":"EntryPoint","urlTemplate":"https:\/\/bobimarket.pl\/?s={search_term_string}"},"query-input":"required name=search_term_string"}],"inLanguage":"pl-PL"},{"@type":"Organization","@id":"https:\/\/bobimarket.pl\/#organization","name":"BOBIMARKET.pl","url":"https:\/\/bobimarket.pl\/","logo":{"@type":"ImageObject","inLanguage":"pl-PL","@id":"https:\/\/bobimarket.pl\/#\/schema\/logo\/image\/","url":"https:\/\/bobimarket.pl\/wp-content\/uploads\/2021\/11\/slogan.png","contentUrl":"https:\/\/bobimarket.pl\/wp-content\/uploads\/2021\/11\/slogan.png","width":2000,"height":384,"caption":"BOBIMARKET.pl"},"image":{"@id":"https:\/\/bobimarket.pl\/#\/schema\/logo\/image\/"}}]}},"_links":{"self":[{"href":"https:\/\/bobimarket.pl\/index.php\/wp-json\/wp\/v2\/product\/84274"}],"collection":[{"href":"https:\/\/bobimarket.pl\/index.php\/wp-json\/wp\/v2\/product"}],"about":[{"href":"https:\/\/bobimarket.pl\/index.php\/wp-json\/wp\/v2\/types\/product"}],"wp:featuredmedia":[{"embeddable":true,"href":"https:\/\/bobimarket.pl\/index.php\/wp-json\/wp\/v2\/media\/84271"}],"wp:attachment":[{"href":"https:\/\/bobimarket.pl\/index.php\/wp-json\/wp\/v2\/media?parent=84274"}],"wp:term":[{"taxonomy":"product_cat","embeddable":true,"href":"https:\/\/bobimarket.pl\/index.php\/wp-json\/wp\/v2\/product_cat?post=84274"},{"taxonomy":"product_tag","embeddable":true,"href":"https:\/\/bobimarket.pl\/index.php\/wp-json\/wp\/v2\/product_tag?post=84274"}],"curies":[{"name":"wp","href":"https:\/\/api.w.org\/{rel}","templated":true}]}}