{"id":84279,"date":"2023-08-29T20:30:45","date_gmt":"2023-08-29T20:30:45","guid":{"rendered":"https:\/\/bobimarket.pl\/index.php\/produkt\/sciagacz-gumowy-do-wody-podlog-sciagaczka-45-cm\/"},"modified":"2025-02-27T14:17:11","modified_gmt":"2025-02-27T14:17:11","slug":"sciagacz-gumowy-do-wody-podlog-sciagaczka-45-cm","status":"publish","type":"product","link":"https:\/\/bobimarket.pl\/index.php\/produkt\/sciagacz-gumowy-do-wody-podlog-sciagaczka-45-cm\/","title":{"rendered":"\u015aCI\u0104GACZ GUMOWY DO WODY POD\u0141\u00d3G \u015aCI\u0104GACZKA 45 cm"},"content":{"rendered":"<section class=\"section\">\n<div class=\"item item-6\">\n<section class=\"image-item\">\n            <img decoding=\"async\" src=\"https:\/\/upload.cdn.baselinker.com\/products\/14476\/259bbb2aada3d903890dcb40e71dbb27.jpg\" \/><br \/>\n        <\/section>\n<\/p><\/div>\n<div class=\"item item-6\">\n<section class=\"text-item\">\n<h2>\u015aCI\u0104GACZ GUMOWY DO WODY \u015aCI\u0104GACZKA 45 cm<\/h2>\n<p><b>Dane techniczne:<\/b><\/p>\n<ul>\n<li>D\u0142ugo\u015b\u0107: <b>45 cm <\/b><\/li>\n<li>Cz\u0119\u015b\u0107 robocza: <b>4,5 cm x 45 cm<\/b><\/li>\n<li>Materia\u0142: <b>lakierowan blacha, pianka techniczna<\/b><\/li>\n<\/ul>\n<\/section><\/div>\n<\/section>\n<section class=\"section\">\n<div class=\"item item-6\">\n<section class=\"image-item\">\n            <img decoding=\"async\" src=\"https:\/\/upload.cdn.baselinker.com\/products\/14476\/26f5f67857a202f496a8ce16eccb7a97.jpg\" \/><br \/>\n        <\/section>\n<\/p><\/div>\n<div class=\"item item-6\">\n<section class=\"text-item\">\n<p>Praktyczna gumowa \u015bci\u0105gaczka do wody, dzi\u0119ki kt\u00f3rej prace porz\u0105dkowe stan\u0105 si\u0119 dziecinnie proste!<\/p>\n<ul>\n<li>Wykonana z malowanej blachy. Posiada <b>uchwyt na trzon<\/b> skr\u0119cany na \u015brub\u0119 ( \u03a6 22 mm).<\/li>\n<li>Cz\u0119\u015b\u0107 robocza wykonana z pianki technicznej, kt\u00f3ra charakteryzuje si\u0119 <b>wysok\u0105 odporno\u015bci\u0105 na \u015bcieranie<\/b>.<\/li>\n<\/ul>\n<p>\u2705 <b>ZASTOSOWANIE:<\/b><\/p>\n<p>Idealnie nadaje si\u0119 do \u015bciagania wody lub innych zabrudze\u0144 z pod\u0142ogi. Sprawdzi si\u0119 przy pracach na du\u017cych powierzchniach.<\/p>\n<\/section><\/div>\n<\/section>\n<section class=\"section\">\n<div class=\"item item-12\">\n<section class=\"image-item\">\n            <img decoding=\"async\" src=\"https:\/\/upload.cdn.baselinker.com\/products\/14476\/f4d046efc2beb1a796268c8e2fb62edb.jpg\" \/><br \/>\n        <\/section>\n<\/p><\/div>\n<\/section>\n","protected":false},"excerpt":{"rendered":"<p>\u015aCI\u0104GACZ GUMOWY DO WODY \u015aCI\u0104GACZKA 45 cm Dane techniczne: D\u0142ugo\u015b\u0107: 45 cm Cz\u0119\u015b\u0107 robocza: 4,5 cm x 45 cm Materia\u0142: lakierowan blacha, pianka techniczna Praktyczna gumowa \u015bci\u0105gaczka do wody, dzi\u0119ki kt\u00f3rej prace porz\u0105dkowe stan\u0105 si\u0119 dziecinnie proste! Wykonana z malowanej blachy. Posiada uchwyt na trzon skr\u0119cany na \u015brub\u0119 ( \u03a6 22 mm). Cz\u0119\u015b\u0107 robocza wykonana<br \/><a class=\"more-link\" href=\"https:\/\/bobimarket.pl\/index.php\/produkt\/sciagacz-gumowy-do-wody-podlog-sciagaczka-45-cm\/\"><br \/>\n        Czytaj wi\u0119cej<span class=\"screen-reader-text\"> &#8222;\u015aCI\u0104GACZ GUMOWY DO WODY POD\u0141\u00d3G \u015aCI\u0104GACZKA 45 cm&#8221;<\/span><\/a><\/p>\n","protected":false},"featured_media":84275,"template":"","meta":[],"product_cat":[8257],"product_tag":[],"yoast_head":"<!-- This site is optimized with the Yoast SEO plugin v21.0 - https:\/\/yoast.com\/wordpress\/plugins\/seo\/ -->\n<title>\u015aCI\u0104GACZ GUMOWY DO WODY POD\u0141\u00d3G \u015aCI\u0104GACZKA 45 cm - BOBIMARKET.pl - Remontuj i urz\u0105dzaj z nami<\/title>\n<meta name=\"robots\" content=\"index, follow, max-snippet:-1, max-image-preview:large, max-video-preview:-1\" \/>\n<link rel=\"canonical\" href=\"https:\/\/bobimarket.pl\/index.php\/produkt\/sciagacz-gumowy-do-wody-podlog-sciagaczka-45-cm\/\" \/>\n<meta property=\"og:locale\" content=\"pl_PL\" \/>\n<meta property=\"og:type\" content=\"article\" \/>\n<meta property=\"og:title\" content=\"\u015aCI\u0104GACZ GUMOWY DO WODY POD\u0141\u00d3G \u015aCI\u0104GACZKA 45 cm - BOBIMARKET.pl - Remontuj i urz\u0105dzaj z nami\" \/>\n<meta property=\"og:description\" content=\"\u015aCI\u0104GACZ GUMOWY DO WODY \u015aCI\u0104GACZKA 45 cm Dane techniczne: D\u0142ugo\u015b\u0107: 45 cm Cz\u0119\u015b\u0107 robocza: 4,5 cm x 45 cm Materia\u0142: lakierowan blacha, pianka techniczna Praktyczna gumowa \u015bci\u0105gaczka do wody, dzi\u0119ki kt\u00f3rej prace porz\u0105dkowe stan\u0105 si\u0119 dziecinnie proste! Wykonana z malowanej blachy. Posiada uchwyt na trzon skr\u0119cany na \u015brub\u0119 ( \u03a6 22 mm). Cz\u0119\u015b\u0107 robocza wykonana     Czytaj wi\u0119cej &quot;\u015aCI\u0104GACZ GUMOWY DO WODY POD\u0141\u00d3G \u015aCI\u0104GACZKA 45 cm&quot;\" \/>\n<meta property=\"og:url\" content=\"https:\/\/bobimarket.pl\/index.php\/produkt\/sciagacz-gumowy-do-wody-podlog-sciagaczka-45-cm\/\" \/>\n<meta property=\"og:site_name\" content=\"BOBIMARKET.pl - Remontuj i urz\u0105dzaj z nami\" \/>\n<meta property=\"article:modified_time\" content=\"2025-02-27T14:17:11+00:00\" \/>\n<meta property=\"og:image\" content=\"https:\/\/upload.cdn.baselinker.com\/products\/14476\/259bbb2aada3d903890dcb40e71dbb27.jpg\" \/>\n<meta name=\"twitter:card\" content=\"summary_large_image\" \/>\n<script type=\"application\/ld+json\" class=\"yoast-schema-graph\">{\"@context\":\"https:\/\/schema.org\",\"@graph\":[{\"@type\":\"WebPage\",\"@id\":\"https:\/\/bobimarket.pl\/index.php\/produkt\/sciagacz-gumowy-do-wody-podlog-sciagaczka-45-cm\/\",\"url\":\"https:\/\/bobimarket.pl\/index.php\/produkt\/sciagacz-gumowy-do-wody-podlog-sciagaczka-45-cm\/\",\"name\":\"\u015aCI\u0104GACZ GUMOWY DO WODY POD\u0141\u00d3G \u015aCI\u0104GACZKA 45 cm - BOBIMARKET.pl - Remontuj i urz\u0105dzaj z nami\",\"isPartOf\":{\"@id\":\"https:\/\/bobimarket.pl\/#website\"},\"datePublished\":\"2023-08-29T20:30:45+00:00\",\"dateModified\":\"2025-02-27T14:17:11+00:00\",\"breadcrumb\":{\"@id\":\"https:\/\/bobimarket.pl\/index.php\/produkt\/sciagacz-gumowy-do-wody-podlog-sciagaczka-45-cm\/#breadcrumb\"},\"inLanguage\":\"pl-PL\",\"potentialAction\":[{\"@type\":\"ReadAction\",\"target\":[\"https:\/\/bobimarket.pl\/index.php\/produkt\/sciagacz-gumowy-do-wody-podlog-sciagaczka-45-cm\/\"]}]},{\"@type\":\"BreadcrumbList\",\"@id\":\"https:\/\/bobimarket.pl\/index.php\/produkt\/sciagacz-gumowy-do-wody-podlog-sciagaczka-45-cm\/#breadcrumb\",\"itemListElement\":[{\"@type\":\"ListItem\",\"position\":1,\"name\":\"Strona g\u0142\u00f3wna\",\"item\":\"https:\/\/bobimarket.pl\/\"},{\"@type\":\"ListItem\",\"position\":2,\"name\":\"Sklep\",\"item\":\"https:\/\/bobimarket.pl\/index.php\/shop\/\"},{\"@type\":\"ListItem\",\"position\":3,\"name\":\"\u015aCI\u0104GACZ GUMOWY DO WODY POD\u0141\u00d3G \u015aCI\u0104GACZKA 45 cm\"}]},{\"@type\":\"WebSite\",\"@id\":\"https:\/\/bobimarket.pl\/#website\",\"url\":\"https:\/\/bobimarket.pl\/\",\"name\":\"BOBIMARKET.pl - Remontuj i urz\u0105dzaj z nami\",\"description\":\"Remontuj i urz\u0105dzaj z nami\",\"publisher\":{\"@id\":\"https:\/\/bobimarket.pl\/#organization\"},\"potentialAction\":[{\"@type\":\"SearchAction\",\"target\":{\"@type\":\"EntryPoint\",\"urlTemplate\":\"https:\/\/bobimarket.pl\/?s={search_term_string}\"},\"query-input\":\"required name=search_term_string\"}],\"inLanguage\":\"pl-PL\"},{\"@type\":\"Organization\",\"@id\":\"https:\/\/bobimarket.pl\/#organization\",\"name\":\"BOBIMARKET.pl\",\"url\":\"https:\/\/bobimarket.pl\/\",\"logo\":{\"@type\":\"ImageObject\",\"inLanguage\":\"pl-PL\",\"@id\":\"https:\/\/bobimarket.pl\/#\/schema\/logo\/image\/\",\"url\":\"https:\/\/bobimarket.pl\/wp-content\/uploads\/2021\/11\/slogan.png\",\"contentUrl\":\"https:\/\/bobimarket.pl\/wp-content\/uploads\/2021\/11\/slogan.png\",\"width\":2000,\"height\":384,\"caption\":\"BOBIMARKET.pl\"},\"image\":{\"@id\":\"https:\/\/bobimarket.pl\/#\/schema\/logo\/image\/\"}}]}<\/script>\n<!-- \/ Yoast SEO plugin. -->","yoast_head_json":{"title":"\u015aCI\u0104GACZ GUMOWY DO WODY POD\u0141\u00d3G \u015aCI\u0104GACZKA 45 cm - BOBIMARKET.pl - Remontuj i urz\u0105dzaj z nami","robots":{"index":"index","follow":"follow","max-snippet":"max-snippet:-1","max-image-preview":"max-image-preview:large","max-video-preview":"max-video-preview:-1"},"canonical":"https:\/\/bobimarket.pl\/index.php\/produkt\/sciagacz-gumowy-do-wody-podlog-sciagaczka-45-cm\/","og_locale":"pl_PL","og_type":"article","og_title":"\u015aCI\u0104GACZ GUMOWY DO WODY POD\u0141\u00d3G \u015aCI\u0104GACZKA 45 cm - BOBIMARKET.pl - Remontuj i urz\u0105dzaj z nami","og_description":"\u015aCI\u0104GACZ GUMOWY DO WODY \u015aCI\u0104GACZKA 45 cm Dane techniczne: D\u0142ugo\u015b\u0107: 45 cm Cz\u0119\u015b\u0107 robocza: 4,5 cm x 45 cm Materia\u0142: lakierowan blacha, pianka techniczna Praktyczna gumowa \u015bci\u0105gaczka do wody, dzi\u0119ki kt\u00f3rej prace porz\u0105dkowe stan\u0105 si\u0119 dziecinnie proste! Wykonana z malowanej blachy. Posiada uchwyt na trzon skr\u0119cany na \u015brub\u0119 ( \u03a6 22 mm). Cz\u0119\u015b\u0107 robocza wykonana     Czytaj wi\u0119cej \"\u015aCI\u0104GACZ GUMOWY DO WODY POD\u0141\u00d3G \u015aCI\u0104GACZKA 45 cm\"","og_url":"https:\/\/bobimarket.pl\/index.php\/produkt\/sciagacz-gumowy-do-wody-podlog-sciagaczka-45-cm\/","og_site_name":"BOBIMARKET.pl - Remontuj i urz\u0105dzaj z nami","article_modified_time":"2025-02-27T14:17:11+00:00","og_image":[{"url":"https:\/\/upload.cdn.baselinker.com\/products\/14476\/259bbb2aada3d903890dcb40e71dbb27.jpg"}],"twitter_card":"summary_large_image","schema":{"@context":"https:\/\/schema.org","@graph":[{"@type":"WebPage","@id":"https:\/\/bobimarket.pl\/index.php\/produkt\/sciagacz-gumowy-do-wody-podlog-sciagaczka-45-cm\/","url":"https:\/\/bobimarket.pl\/index.php\/produkt\/sciagacz-gumowy-do-wody-podlog-sciagaczka-45-cm\/","name":"\u015aCI\u0104GACZ GUMOWY DO WODY POD\u0141\u00d3G \u015aCI\u0104GACZKA 45 cm - BOBIMARKET.pl - Remontuj i urz\u0105dzaj z nami","isPartOf":{"@id":"https:\/\/bobimarket.pl\/#website"},"datePublished":"2023-08-29T20:30:45+00:00","dateModified":"2025-02-27T14:17:11+00:00","breadcrumb":{"@id":"https:\/\/bobimarket.pl\/index.php\/produkt\/sciagacz-gumowy-do-wody-podlog-sciagaczka-45-cm\/#breadcrumb"},"inLanguage":"pl-PL","potentialAction":[{"@type":"ReadAction","target":["https:\/\/bobimarket.pl\/index.php\/produkt\/sciagacz-gumowy-do-wody-podlog-sciagaczka-45-cm\/"]}]},{"@type":"BreadcrumbList","@id":"https:\/\/bobimarket.pl\/index.php\/produkt\/sciagacz-gumowy-do-wody-podlog-sciagaczka-45-cm\/#breadcrumb","itemListElement":[{"@type":"ListItem","position":1,"name":"Strona g\u0142\u00f3wna","item":"https:\/\/bobimarket.pl\/"},{"@type":"ListItem","position":2,"name":"Sklep","item":"https:\/\/bobimarket.pl\/index.php\/shop\/"},{"@type":"ListItem","position":3,"name":"\u015aCI\u0104GACZ GUMOWY DO WODY POD\u0141\u00d3G \u015aCI\u0104GACZKA 45 cm"}]},{"@type":"WebSite","@id":"https:\/\/bobimarket.pl\/#website","url":"https:\/\/bobimarket.pl\/","name":"BOBIMARKET.pl - Remontuj i urz\u0105dzaj z nami","description":"Remontuj i urz\u0105dzaj z nami","publisher":{"@id":"https:\/\/bobimarket.pl\/#organization"},"potentialAction":[{"@type":"SearchAction","target":{"@type":"EntryPoint","urlTemplate":"https:\/\/bobimarket.pl\/?s={search_term_string}"},"query-input":"required name=search_term_string"}],"inLanguage":"pl-PL"},{"@type":"Organization","@id":"https:\/\/bobimarket.pl\/#organization","name":"BOBIMARKET.pl","url":"https:\/\/bobimarket.pl\/","logo":{"@type":"ImageObject","inLanguage":"pl-PL","@id":"https:\/\/bobimarket.pl\/#\/schema\/logo\/image\/","url":"https:\/\/bobimarket.pl\/wp-content\/uploads\/2021\/11\/slogan.png","contentUrl":"https:\/\/bobimarket.pl\/wp-content\/uploads\/2021\/11\/slogan.png","width":2000,"height":384,"caption":"BOBIMARKET.pl"},"image":{"@id":"https:\/\/bobimarket.pl\/#\/schema\/logo\/image\/"}}]}},"_links":{"self":[{"href":"https:\/\/bobimarket.pl\/index.php\/wp-json\/wp\/v2\/product\/84279"}],"collection":[{"href":"https:\/\/bobimarket.pl\/index.php\/wp-json\/wp\/v2\/product"}],"about":[{"href":"https:\/\/bobimarket.pl\/index.php\/wp-json\/wp\/v2\/types\/product"}],"wp:featuredmedia":[{"embeddable":true,"href":"https:\/\/bobimarket.pl\/index.php\/wp-json\/wp\/v2\/media\/84275"}],"wp:attachment":[{"href":"https:\/\/bobimarket.pl\/index.php\/wp-json\/wp\/v2\/media?parent=84279"}],"wp:term":[{"taxonomy":"product_cat","embeddable":true,"href":"https:\/\/bobimarket.pl\/index.php\/wp-json\/wp\/v2\/product_cat?post=84279"},{"taxonomy":"product_tag","embeddable":true,"href":"https:\/\/bobimarket.pl\/index.php\/wp-json\/wp\/v2\/product_tag?post=84279"}],"curies":[{"name":"wp","href":"https:\/\/api.w.org\/{rel}","templated":true}]}}