{"id":84307,"date":"2023-08-29T20:33:34","date_gmt":"2023-08-29T20:33:34","guid":{"rendered":"https:\/\/bobimarket.pl\/index.php\/produkt\/walek-malarski-zapas-flock-blue-mini-gabka-7cm-fi6\/"},"modified":"2025-02-27T14:17:30","modified_gmt":"2025-02-27T14:17:30","slug":"walek-malarski-zapas-flock-blue-mini-gabka-7cm-fi6","status":"publish","type":"product","link":"https:\/\/bobimarket.pl\/index.php\/produkt\/walek-malarski-zapas-flock-blue-mini-gabka-7cm-fi6\/","title":{"rendered":"WA\u0141EK MALARSKI ZAPAS FLOCK BLUE MINI G\u0104BKA 7CM FI6"},"content":{"rendered":"<section class=\"section\">\n<div class=\"item item-6\">\n<section class=\"image-item\">\n            <img decoding=\"async\" src=\"https:\/\/upload.cdn.baselinker.com\/products\/14476\/8115094e0bc203d4daa408ea0df9336b.jpg\" \/><br \/>\n        <\/section>\n<\/p><\/div>\n<div class=\"item item-6\">\n<section class=\"text-item\">\n<h2>WA\u0141EK MALARSKI ZAPAS FLOCK BLUE MINI G\u0104BKA 7 CM FI6<\/h2>\n<p><b>Dane techniczne:<\/b><\/p>\n<ul>\n<li>Szeroko\u015b\u0107 wa\u0142ka: <b>7 cm<\/b><\/li>\n<li>\u015arednica wa\u0142ka: <b>3,5 cm<\/b><\/li>\n<li>Otw\u00f3r na r\u0105czk\u0119:<b>\u03a6 6 mm<\/b><\/li>\n<li>Materia\u0142: g\u0105bka flokowana w\u0142\u00f3knem poliamidowym<\/li>\n<li>Przeznaczenie: do farb akrylowych i olejnych<\/li>\n<\/ul>\n<\/section><\/div>\n<\/section>\n<section class=\"section\">\n<div class=\"item item-6\">\n<section class=\"image-item\">\n            <img decoding=\"async\" src=\"https:\/\/upload.cdn.baselinker.com\/products\/14476\/af362de4929a4f7731fb278cc8922449.jpg\" \/><br \/>\n        <\/section>\n<\/p><\/div>\n<div class=\"item item-6\">\n<section class=\"text-item\">\n<p>Wa\u0142ek malarski FLOCK BLUE o szeroko\u015bci 7 cm. Zapas zosta\u0142 wykonany z <b>g\u0105bki flokowanej w\u0142\u00f3knem poliamidowym<\/b>. Posiada zaokr\u0105glone brzegi. Pasuje na r\u0105czk\u0119 \u03a6 6 mm.<\/p>\n<p><b>\u2705 Zalety wa\u0142ka:<\/b><\/p>\n<ul>\n<li>Idealny do nak\u0142adania farb akrylowych i olejnych<\/li>\n<li>Nie pozostawi p\u0119cherzyk\u00f3w powietrza<\/li>\n<li>Z jego pomoc\u0105 z \u0142atwo\u015bci\u0105 i precyzj\u0105 pokryjesz w\u0105skie i ma\u0142e powierzchnie<\/li>\n<\/ul>\n<\/section><\/div>\n<\/section>\n<section class=\"section\">\n<div class=\"item item-6\">\n<section class=\"image-item\">\n            <img decoding=\"async\" src=\"https:\/\/upload.cdn.baselinker.com\/products\/14476\/8b6589a20c9ab19bb2b5222b5bd0a100.jpg\" \/><br \/>\n        <\/section>\n<\/p><\/div>\n<div class=\"item item-6\">\n<section class=\"text-item\">\n<p><b>\u2705 ZASTOSOWANIE:<\/b><\/p>\n<p>Wa\u0142ek jest przeznaczony do <b>farb akrylowych i olejnych<\/b>. Idealnie sprawdzi si\u0119 podczas malowania ma\u0142ych powierzchni, o nieregularnych kszta\u0142tach.<\/p>\n<ul>\n<li>Przyda si\u0119 w trakcie wykonywania prac wyko\u0144czeniowych<\/li>\n<li>Do stolarki okiennej i drzwiowej<\/li>\n<li>Nadaj si\u0119 zar\u00f3wno dla profesjonalist\u00f3w jak i amator\u00f3w<\/li>\n<\/ul>\n<\/section><\/div>\n<\/section>\n","protected":false},"excerpt":{"rendered":"<p><\/p>\n","protected":false},"featured_media":84302,"template":"","meta":[],"product_cat":[8063],"product_tag":[],"yoast_head":"<!-- This site is optimized with the Yoast SEO plugin v21.0 - https:\/\/yoast.com\/wordpress\/plugins\/seo\/ -->\n<title>WA\u0141EK MALARSKI ZAPAS FLOCK BLUE MINI G\u0104BKA 7CM FI6 - BOBIMARKET.pl - Remontuj i urz\u0105dzaj z nami<\/title>\n<meta name=\"robots\" content=\"index, follow, max-snippet:-1, max-image-preview:large, max-video-preview:-1\" \/>\n<link rel=\"canonical\" href=\"https:\/\/bobimarket.pl\/index.php\/produkt\/walek-malarski-zapas-flock-blue-mini-gabka-7cm-fi6\/\" \/>\n<meta property=\"og:locale\" content=\"pl_PL\" \/>\n<meta property=\"og:type\" content=\"article\" \/>\n<meta property=\"og:title\" content=\"WA\u0141EK MALARSKI ZAPAS FLOCK BLUE MINI G\u0104BKA 7CM FI6 - BOBIMARKET.pl - Remontuj i urz\u0105dzaj z nami\" \/>\n<meta property=\"og:url\" content=\"https:\/\/bobimarket.pl\/index.php\/produkt\/walek-malarski-zapas-flock-blue-mini-gabka-7cm-fi6\/\" \/>\n<meta property=\"og:site_name\" content=\"BOBIMARKET.pl - Remontuj i urz\u0105dzaj z nami\" \/>\n<meta property=\"article:modified_time\" content=\"2025-02-27T14:17:30+00:00\" \/>\n<meta property=\"og:image\" content=\"https:\/\/upload.cdn.baselinker.com\/products\/14476\/8115094e0bc203d4daa408ea0df9336b.jpg\" \/>\n<meta name=\"twitter:card\" content=\"summary_large_image\" \/>\n<meta name=\"twitter:label1\" content=\"Szacowany czas czytania\" \/>\n\t<meta name=\"twitter:data1\" content=\"1 minuta\" \/>\n<script type=\"application\/ld+json\" class=\"yoast-schema-graph\">{\"@context\":\"https:\/\/schema.org\",\"@graph\":[{\"@type\":\"WebPage\",\"@id\":\"https:\/\/bobimarket.pl\/index.php\/produkt\/walek-malarski-zapas-flock-blue-mini-gabka-7cm-fi6\/\",\"url\":\"https:\/\/bobimarket.pl\/index.php\/produkt\/walek-malarski-zapas-flock-blue-mini-gabka-7cm-fi6\/\",\"name\":\"WA\u0141EK MALARSKI ZAPAS FLOCK BLUE MINI G\u0104BKA 7CM FI6 - BOBIMARKET.pl - Remontuj i urz\u0105dzaj z nami\",\"isPartOf\":{\"@id\":\"https:\/\/bobimarket.pl\/#website\"},\"datePublished\":\"2023-08-29T20:33:34+00:00\",\"dateModified\":\"2025-02-27T14:17:30+00:00\",\"breadcrumb\":{\"@id\":\"https:\/\/bobimarket.pl\/index.php\/produkt\/walek-malarski-zapas-flock-blue-mini-gabka-7cm-fi6\/#breadcrumb\"},\"inLanguage\":\"pl-PL\",\"potentialAction\":[{\"@type\":\"ReadAction\",\"target\":[\"https:\/\/bobimarket.pl\/index.php\/produkt\/walek-malarski-zapas-flock-blue-mini-gabka-7cm-fi6\/\"]}]},{\"@type\":\"BreadcrumbList\",\"@id\":\"https:\/\/bobimarket.pl\/index.php\/produkt\/walek-malarski-zapas-flock-blue-mini-gabka-7cm-fi6\/#breadcrumb\",\"itemListElement\":[{\"@type\":\"ListItem\",\"position\":1,\"name\":\"Strona g\u0142\u00f3wna\",\"item\":\"https:\/\/bobimarket.pl\/\"},{\"@type\":\"ListItem\",\"position\":2,\"name\":\"Sklep\",\"item\":\"https:\/\/bobimarket.pl\/index.php\/shop\/\"},{\"@type\":\"ListItem\",\"position\":3,\"name\":\"WA\u0141EK MALARSKI ZAPAS FLOCK BLUE MINI G\u0104BKA 7CM FI6\"}]},{\"@type\":\"WebSite\",\"@id\":\"https:\/\/bobimarket.pl\/#website\",\"url\":\"https:\/\/bobimarket.pl\/\",\"name\":\"BOBIMARKET.pl - Remontuj i urz\u0105dzaj z nami\",\"description\":\"Remontuj i urz\u0105dzaj z nami\",\"publisher\":{\"@id\":\"https:\/\/bobimarket.pl\/#organization\"},\"potentialAction\":[{\"@type\":\"SearchAction\",\"target\":{\"@type\":\"EntryPoint\",\"urlTemplate\":\"https:\/\/bobimarket.pl\/?s={search_term_string}\"},\"query-input\":\"required name=search_term_string\"}],\"inLanguage\":\"pl-PL\"},{\"@type\":\"Organization\",\"@id\":\"https:\/\/bobimarket.pl\/#organization\",\"name\":\"BOBIMARKET.pl\",\"url\":\"https:\/\/bobimarket.pl\/\",\"logo\":{\"@type\":\"ImageObject\",\"inLanguage\":\"pl-PL\",\"@id\":\"https:\/\/bobimarket.pl\/#\/schema\/logo\/image\/\",\"url\":\"https:\/\/bobimarket.pl\/wp-content\/uploads\/2021\/11\/slogan.png\",\"contentUrl\":\"https:\/\/bobimarket.pl\/wp-content\/uploads\/2021\/11\/slogan.png\",\"width\":2000,\"height\":384,\"caption\":\"BOBIMARKET.pl\"},\"image\":{\"@id\":\"https:\/\/bobimarket.pl\/#\/schema\/logo\/image\/\"}}]}<\/script>\n<!-- \/ Yoast SEO plugin. -->","yoast_head_json":{"title":"WA\u0141EK MALARSKI ZAPAS FLOCK BLUE MINI G\u0104BKA 7CM FI6 - BOBIMARKET.pl - Remontuj i urz\u0105dzaj z nami","robots":{"index":"index","follow":"follow","max-snippet":"max-snippet:-1","max-image-preview":"max-image-preview:large","max-video-preview":"max-video-preview:-1"},"canonical":"https:\/\/bobimarket.pl\/index.php\/produkt\/walek-malarski-zapas-flock-blue-mini-gabka-7cm-fi6\/","og_locale":"pl_PL","og_type":"article","og_title":"WA\u0141EK MALARSKI ZAPAS FLOCK BLUE MINI G\u0104BKA 7CM FI6 - BOBIMARKET.pl - Remontuj i urz\u0105dzaj z nami","og_url":"https:\/\/bobimarket.pl\/index.php\/produkt\/walek-malarski-zapas-flock-blue-mini-gabka-7cm-fi6\/","og_site_name":"BOBIMARKET.pl - Remontuj i urz\u0105dzaj z nami","article_modified_time":"2025-02-27T14:17:30+00:00","og_image":[{"url":"https:\/\/upload.cdn.baselinker.com\/products\/14476\/8115094e0bc203d4daa408ea0df9336b.jpg"}],"twitter_card":"summary_large_image","twitter_misc":{"Szacowany czas czytania":"1 minuta"},"schema":{"@context":"https:\/\/schema.org","@graph":[{"@type":"WebPage","@id":"https:\/\/bobimarket.pl\/index.php\/produkt\/walek-malarski-zapas-flock-blue-mini-gabka-7cm-fi6\/","url":"https:\/\/bobimarket.pl\/index.php\/produkt\/walek-malarski-zapas-flock-blue-mini-gabka-7cm-fi6\/","name":"WA\u0141EK MALARSKI ZAPAS FLOCK BLUE MINI G\u0104BKA 7CM FI6 - BOBIMARKET.pl - Remontuj i urz\u0105dzaj z nami","isPartOf":{"@id":"https:\/\/bobimarket.pl\/#website"},"datePublished":"2023-08-29T20:33:34+00:00","dateModified":"2025-02-27T14:17:30+00:00","breadcrumb":{"@id":"https:\/\/bobimarket.pl\/index.php\/produkt\/walek-malarski-zapas-flock-blue-mini-gabka-7cm-fi6\/#breadcrumb"},"inLanguage":"pl-PL","potentialAction":[{"@type":"ReadAction","target":["https:\/\/bobimarket.pl\/index.php\/produkt\/walek-malarski-zapas-flock-blue-mini-gabka-7cm-fi6\/"]}]},{"@type":"BreadcrumbList","@id":"https:\/\/bobimarket.pl\/index.php\/produkt\/walek-malarski-zapas-flock-blue-mini-gabka-7cm-fi6\/#breadcrumb","itemListElement":[{"@type":"ListItem","position":1,"name":"Strona g\u0142\u00f3wna","item":"https:\/\/bobimarket.pl\/"},{"@type":"ListItem","position":2,"name":"Sklep","item":"https:\/\/bobimarket.pl\/index.php\/shop\/"},{"@type":"ListItem","position":3,"name":"WA\u0141EK MALARSKI ZAPAS FLOCK BLUE MINI G\u0104BKA 7CM FI6"}]},{"@type":"WebSite","@id":"https:\/\/bobimarket.pl\/#website","url":"https:\/\/bobimarket.pl\/","name":"BOBIMARKET.pl - Remontuj i urz\u0105dzaj z nami","description":"Remontuj i urz\u0105dzaj z nami","publisher":{"@id":"https:\/\/bobimarket.pl\/#organization"},"potentialAction":[{"@type":"SearchAction","target":{"@type":"EntryPoint","urlTemplate":"https:\/\/bobimarket.pl\/?s={search_term_string}"},"query-input":"required name=search_term_string"}],"inLanguage":"pl-PL"},{"@type":"Organization","@id":"https:\/\/bobimarket.pl\/#organization","name":"BOBIMARKET.pl","url":"https:\/\/bobimarket.pl\/","logo":{"@type":"ImageObject","inLanguage":"pl-PL","@id":"https:\/\/bobimarket.pl\/#\/schema\/logo\/image\/","url":"https:\/\/bobimarket.pl\/wp-content\/uploads\/2021\/11\/slogan.png","contentUrl":"https:\/\/bobimarket.pl\/wp-content\/uploads\/2021\/11\/slogan.png","width":2000,"height":384,"caption":"BOBIMARKET.pl"},"image":{"@id":"https:\/\/bobimarket.pl\/#\/schema\/logo\/image\/"}}]}},"_links":{"self":[{"href":"https:\/\/bobimarket.pl\/index.php\/wp-json\/wp\/v2\/product\/84307"}],"collection":[{"href":"https:\/\/bobimarket.pl\/index.php\/wp-json\/wp\/v2\/product"}],"about":[{"href":"https:\/\/bobimarket.pl\/index.php\/wp-json\/wp\/v2\/types\/product"}],"wp:featuredmedia":[{"embeddable":true,"href":"https:\/\/bobimarket.pl\/index.php\/wp-json\/wp\/v2\/media\/84302"}],"wp:attachment":[{"href":"https:\/\/bobimarket.pl\/index.php\/wp-json\/wp\/v2\/media?parent=84307"}],"wp:term":[{"taxonomy":"product_cat","embeddable":true,"href":"https:\/\/bobimarket.pl\/index.php\/wp-json\/wp\/v2\/product_cat?post=84307"},{"taxonomy":"product_tag","embeddable":true,"href":"https:\/\/bobimarket.pl\/index.php\/wp-json\/wp\/v2\/product_tag?post=84307"}],"curies":[{"name":"wp","href":"https:\/\/api.w.org\/{rel}","templated":true}]}}