{"id":84323,"date":"2023-08-29T20:34:45","date_gmt":"2023-08-29T20:34:45","guid":{"rendered":"https:\/\/bobimarket.pl\/index.php\/produkt\/walek-malarski-gabkowy-35x150-mm-zapas-wklad-10szt\/"},"modified":"2025-02-27T14:17:46","modified_gmt":"2025-02-27T14:17:46","slug":"walek-malarski-gabkowy-35x150-mm-zapas-wklad-10szt","status":"publish","type":"product","link":"https:\/\/bobimarket.pl\/index.php\/produkt\/walek-malarski-gabkowy-35x150-mm-zapas-wklad-10szt\/","title":{"rendered":"WA\u0141EK MALARSKI G\u0104BKOWY 35&#215;150 MM ZAPAS WK\u0141AD 10SZT"},"content":{"rendered":"<section class=\"section\">\n<div class=\"item item-12\">\n<section class=\"text-item\">\n<h2>WA\u0141EK MALARSKI G\u0104BKOWY 35&#215;150 MM ZAPAS WK\u0141AD 10SZT<\/h2>\n<p><b>Dane techniczne:<\/b><\/p>\n<ul>\n<li>D\u0142ugo\u015b\u0107:<b> 150 mm<\/b><\/li>\n<li>Grubo\u015b\u0107:<b> 35 mm<\/b><\/li>\n<li>Mocowanie raczki: <b>pr\u0119t \u03a6 6 mm<\/b><\/li>\n<li>Przeznaczenie:<b> farby olejne, faby na bazie wody<\/b><\/li>\n<li>Rekomendowany <b>do g\u0142adkich powierzchni<\/b><\/li>\n<\/ul>\n<p><b>AUKCJA DOTYCZY KOMPLETU 10SZT!!<\/b><\/p>\n<\/section><\/div>\n<\/section>\n<section class=\"section\">\n<div class=\"item item-12\">\n<section class=\"image-item\">\n            <img decoding=\"async\" src=\"https:\/\/upload.cdn.baselinker.com\/products\/14476\/84828a57286311e30d61b1dcbc5f8578.jpg\" \/><br \/>\n        <\/section>\n<\/p><\/div>\n<\/section>\n<section class=\"section\">\n<div class=\"item item-12\">\n<section class=\"text-item\">\n<p><b>\u2705 Zastosowanie<\/b><\/p>\n<p>Rolki z g\u0105bkami poliuretanowymi s\u0105 cz\u0119sto stosowane jako wygodne narz\u0119dzia do nak\u0142adania <b>farb na bazie wody oraz do farb olejnych<\/b>.<\/p>\n<ul>\n<li>Zastosowany do produkcji surowiec powoduje, \u017ce wa\u0142ek cechuje si\u0119\u00a0 <b>wysok\u0105 zdolno\u015b\u0107 zatrzymywania lakieru.<\/b><\/li>\n<li>Lakierowanie odbywa si\u0119 bez powstawania p\u0119cherzyk\u00f3w powietrza.<\/li>\n<li>Ponadto produkt zapewnia<b> efektywniejsze i szybsze pokrycie <\/b>\u015bcian ni\u017c p\u0119dzel \u2013 nie gubi w\u0142osia tak jak p\u0119dzel i pozostawia dok\u0142adne pokrycie farb\u0105.<\/li>\n<li>Niewielki rozmiar pozwala na <b>precyzyjne wyko\u0144czenie<\/b> powierzchni trudno dost\u0119pnych.<\/li>\n<\/ul>\n<p><b>Wa\u0142ek g\u0105bkowy nie nadaje si\u0119 do farb \u017cr\u0105cych oraz na bazie rozpuszczalnika!!!<\/b><\/p>\n<\/section><\/div>\n<\/section>\n<section class=\"section\">\n<div class=\"item item-12\">\n<section class=\"image-item\">\n            <img decoding=\"async\" src=\"https:\/\/upload.cdn.baselinker.com\/products\/14476\/c925ddd384f67252786648cc8c397162.jpg\" \/><br \/>\n        <\/section>\n<\/p><\/div>\n<\/section>\n","protected":false},"excerpt":{"rendered":"<p>WA\u0141EK MALARSKI G\u0104BKOWY 35&#215;150 MM ZAPAS WK\u0141AD 10SZT Dane techniczne: D\u0142ugo\u015b\u0107: 150 mm Grubo\u015b\u0107: 35 mm Mocowanie raczki: pr\u0119t \u03a6 6 mm Przeznaczenie: farby olejne, faby na bazie wody Rekomendowany do g\u0142adkich powierzchni AUKCJA DOTYCZY KOMPLETU 10SZT!! \u2705 Zastosowanie Rolki z g\u0105bkami poliuretanowymi s\u0105 cz\u0119sto stosowane jako wygodne narz\u0119dzia do nak\u0142adania farb na bazie wody<br \/><a class=\"more-link\" href=\"https:\/\/bobimarket.pl\/index.php\/produkt\/walek-malarski-gabkowy-35x150-mm-zapas-wklad-10szt\/\"><br \/>\n        Czytaj wi\u0119cej<span class=\"screen-reader-text\"> &#8222;WA\u0141EK MALARSKI G\u0104BKOWY 35&#215;150 MM ZAPAS WK\u0141AD 10SZT&#8221;<\/span><\/a><\/p>\n","protected":false},"featured_media":84319,"template":"","meta":[],"product_cat":[8063],"product_tag":[],"yoast_head":"<!-- This site is optimized with the Yoast SEO plugin v21.0 - https:\/\/yoast.com\/wordpress\/plugins\/seo\/ -->\n<title>WA\u0141EK MALARSKI G\u0104BKOWY 35x150 MM ZAPAS WK\u0141AD 10SZT - BOBIMARKET.pl - Remontuj i urz\u0105dzaj z nami<\/title>\n<meta name=\"robots\" content=\"index, follow, max-snippet:-1, max-image-preview:large, max-video-preview:-1\" \/>\n<link rel=\"canonical\" href=\"https:\/\/bobimarket.pl\/index.php\/produkt\/walek-malarski-gabkowy-35x150-mm-zapas-wklad-10szt\/\" \/>\n<meta property=\"og:locale\" content=\"pl_PL\" \/>\n<meta property=\"og:type\" content=\"article\" \/>\n<meta property=\"og:title\" content=\"WA\u0141EK MALARSKI G\u0104BKOWY 35x150 MM ZAPAS WK\u0141AD 10SZT - BOBIMARKET.pl - Remontuj i urz\u0105dzaj z nami\" \/>\n<meta property=\"og:description\" content=\"WA\u0141EK MALARSKI G\u0104BKOWY 35&#215;150 MM ZAPAS WK\u0141AD 10SZT Dane techniczne: D\u0142ugo\u015b\u0107: 150 mm Grubo\u015b\u0107: 35 mm Mocowanie raczki: pr\u0119t \u03a6 6 mm Przeznaczenie: farby olejne, faby na bazie wody Rekomendowany do g\u0142adkich powierzchni AUKCJA DOTYCZY KOMPLETU 10SZT!! \u2705 Zastosowanie Rolki z g\u0105bkami poliuretanowymi s\u0105 cz\u0119sto stosowane jako wygodne narz\u0119dzia do nak\u0142adania farb na bazie wody     Czytaj wi\u0119cej &quot;WA\u0141EK MALARSKI G\u0104BKOWY 35&#215;150 MM ZAPAS WK\u0141AD 10SZT&quot;\" \/>\n<meta property=\"og:url\" content=\"https:\/\/bobimarket.pl\/index.php\/produkt\/walek-malarski-gabkowy-35x150-mm-zapas-wklad-10szt\/\" \/>\n<meta property=\"og:site_name\" content=\"BOBIMARKET.pl - Remontuj i urz\u0105dzaj z nami\" \/>\n<meta property=\"article:modified_time\" content=\"2025-02-27T14:17:46+00:00\" \/>\n<meta property=\"og:image\" content=\"https:\/\/upload.cdn.baselinker.com\/products\/14476\/84828a57286311e30d61b1dcbc5f8578.jpg\" \/>\n<meta name=\"twitter:card\" content=\"summary_large_image\" \/>\n<meta name=\"twitter:label1\" content=\"Szacowany czas czytania\" \/>\n\t<meta name=\"twitter:data1\" content=\"1 minuta\" \/>\n<script type=\"application\/ld+json\" class=\"yoast-schema-graph\">{\"@context\":\"https:\/\/schema.org\",\"@graph\":[{\"@type\":\"WebPage\",\"@id\":\"https:\/\/bobimarket.pl\/index.php\/produkt\/walek-malarski-gabkowy-35x150-mm-zapas-wklad-10szt\/\",\"url\":\"https:\/\/bobimarket.pl\/index.php\/produkt\/walek-malarski-gabkowy-35x150-mm-zapas-wklad-10szt\/\",\"name\":\"WA\u0141EK MALARSKI G\u0104BKOWY 35x150 MM ZAPAS WK\u0141AD 10SZT - BOBIMARKET.pl - Remontuj i urz\u0105dzaj z nami\",\"isPartOf\":{\"@id\":\"https:\/\/bobimarket.pl\/#website\"},\"datePublished\":\"2023-08-29T20:34:45+00:00\",\"dateModified\":\"2025-02-27T14:17:46+00:00\",\"breadcrumb\":{\"@id\":\"https:\/\/bobimarket.pl\/index.php\/produkt\/walek-malarski-gabkowy-35x150-mm-zapas-wklad-10szt\/#breadcrumb\"},\"inLanguage\":\"pl-PL\",\"potentialAction\":[{\"@type\":\"ReadAction\",\"target\":[\"https:\/\/bobimarket.pl\/index.php\/produkt\/walek-malarski-gabkowy-35x150-mm-zapas-wklad-10szt\/\"]}]},{\"@type\":\"BreadcrumbList\",\"@id\":\"https:\/\/bobimarket.pl\/index.php\/produkt\/walek-malarski-gabkowy-35x150-mm-zapas-wklad-10szt\/#breadcrumb\",\"itemListElement\":[{\"@type\":\"ListItem\",\"position\":1,\"name\":\"Strona g\u0142\u00f3wna\",\"item\":\"https:\/\/bobimarket.pl\/\"},{\"@type\":\"ListItem\",\"position\":2,\"name\":\"Sklep\",\"item\":\"https:\/\/bobimarket.pl\/index.php\/shop\/\"},{\"@type\":\"ListItem\",\"position\":3,\"name\":\"WA\u0141EK MALARSKI G\u0104BKOWY 35&#215;150 MM ZAPAS WK\u0141AD 10SZT\"}]},{\"@type\":\"WebSite\",\"@id\":\"https:\/\/bobimarket.pl\/#website\",\"url\":\"https:\/\/bobimarket.pl\/\",\"name\":\"BOBIMARKET.pl - Remontuj i urz\u0105dzaj z nami\",\"description\":\"Remontuj i urz\u0105dzaj z nami\",\"publisher\":{\"@id\":\"https:\/\/bobimarket.pl\/#organization\"},\"potentialAction\":[{\"@type\":\"SearchAction\",\"target\":{\"@type\":\"EntryPoint\",\"urlTemplate\":\"https:\/\/bobimarket.pl\/?s={search_term_string}\"},\"query-input\":\"required name=search_term_string\"}],\"inLanguage\":\"pl-PL\"},{\"@type\":\"Organization\",\"@id\":\"https:\/\/bobimarket.pl\/#organization\",\"name\":\"BOBIMARKET.pl\",\"url\":\"https:\/\/bobimarket.pl\/\",\"logo\":{\"@type\":\"ImageObject\",\"inLanguage\":\"pl-PL\",\"@id\":\"https:\/\/bobimarket.pl\/#\/schema\/logo\/image\/\",\"url\":\"https:\/\/bobimarket.pl\/wp-content\/uploads\/2021\/11\/slogan.png\",\"contentUrl\":\"https:\/\/bobimarket.pl\/wp-content\/uploads\/2021\/11\/slogan.png\",\"width\":2000,\"height\":384,\"caption\":\"BOBIMARKET.pl\"},\"image\":{\"@id\":\"https:\/\/bobimarket.pl\/#\/schema\/logo\/image\/\"}}]}<\/script>\n<!-- \/ Yoast SEO plugin. -->","yoast_head_json":{"title":"WA\u0141EK MALARSKI G\u0104BKOWY 35x150 MM ZAPAS WK\u0141AD 10SZT - BOBIMARKET.pl - Remontuj i urz\u0105dzaj z nami","robots":{"index":"index","follow":"follow","max-snippet":"max-snippet:-1","max-image-preview":"max-image-preview:large","max-video-preview":"max-video-preview:-1"},"canonical":"https:\/\/bobimarket.pl\/index.php\/produkt\/walek-malarski-gabkowy-35x150-mm-zapas-wklad-10szt\/","og_locale":"pl_PL","og_type":"article","og_title":"WA\u0141EK MALARSKI G\u0104BKOWY 35x150 MM ZAPAS WK\u0141AD 10SZT - BOBIMARKET.pl - Remontuj i urz\u0105dzaj z nami","og_description":"WA\u0141EK MALARSKI G\u0104BKOWY 35&#215;150 MM ZAPAS WK\u0141AD 10SZT Dane techniczne: D\u0142ugo\u015b\u0107: 150 mm Grubo\u015b\u0107: 35 mm Mocowanie raczki: pr\u0119t \u03a6 6 mm Przeznaczenie: farby olejne, faby na bazie wody Rekomendowany do g\u0142adkich powierzchni AUKCJA DOTYCZY KOMPLETU 10SZT!! \u2705 Zastosowanie Rolki z g\u0105bkami poliuretanowymi s\u0105 cz\u0119sto stosowane jako wygodne narz\u0119dzia do nak\u0142adania farb na bazie wody     Czytaj wi\u0119cej \"WA\u0141EK MALARSKI G\u0104BKOWY 35&#215;150 MM ZAPAS WK\u0141AD 10SZT\"","og_url":"https:\/\/bobimarket.pl\/index.php\/produkt\/walek-malarski-gabkowy-35x150-mm-zapas-wklad-10szt\/","og_site_name":"BOBIMARKET.pl - Remontuj i urz\u0105dzaj z nami","article_modified_time":"2025-02-27T14:17:46+00:00","og_image":[{"url":"https:\/\/upload.cdn.baselinker.com\/products\/14476\/84828a57286311e30d61b1dcbc5f8578.jpg"}],"twitter_card":"summary_large_image","twitter_misc":{"Szacowany czas czytania":"1 minuta"},"schema":{"@context":"https:\/\/schema.org","@graph":[{"@type":"WebPage","@id":"https:\/\/bobimarket.pl\/index.php\/produkt\/walek-malarski-gabkowy-35x150-mm-zapas-wklad-10szt\/","url":"https:\/\/bobimarket.pl\/index.php\/produkt\/walek-malarski-gabkowy-35x150-mm-zapas-wklad-10szt\/","name":"WA\u0141EK MALARSKI G\u0104BKOWY 35x150 MM ZAPAS WK\u0141AD 10SZT - BOBIMARKET.pl - Remontuj i urz\u0105dzaj z nami","isPartOf":{"@id":"https:\/\/bobimarket.pl\/#website"},"datePublished":"2023-08-29T20:34:45+00:00","dateModified":"2025-02-27T14:17:46+00:00","breadcrumb":{"@id":"https:\/\/bobimarket.pl\/index.php\/produkt\/walek-malarski-gabkowy-35x150-mm-zapas-wklad-10szt\/#breadcrumb"},"inLanguage":"pl-PL","potentialAction":[{"@type":"ReadAction","target":["https:\/\/bobimarket.pl\/index.php\/produkt\/walek-malarski-gabkowy-35x150-mm-zapas-wklad-10szt\/"]}]},{"@type":"BreadcrumbList","@id":"https:\/\/bobimarket.pl\/index.php\/produkt\/walek-malarski-gabkowy-35x150-mm-zapas-wklad-10szt\/#breadcrumb","itemListElement":[{"@type":"ListItem","position":1,"name":"Strona g\u0142\u00f3wna","item":"https:\/\/bobimarket.pl\/"},{"@type":"ListItem","position":2,"name":"Sklep","item":"https:\/\/bobimarket.pl\/index.php\/shop\/"},{"@type":"ListItem","position":3,"name":"WA\u0141EK MALARSKI G\u0104BKOWY 35&#215;150 MM ZAPAS WK\u0141AD 10SZT"}]},{"@type":"WebSite","@id":"https:\/\/bobimarket.pl\/#website","url":"https:\/\/bobimarket.pl\/","name":"BOBIMARKET.pl - Remontuj i urz\u0105dzaj z nami","description":"Remontuj i urz\u0105dzaj z nami","publisher":{"@id":"https:\/\/bobimarket.pl\/#organization"},"potentialAction":[{"@type":"SearchAction","target":{"@type":"EntryPoint","urlTemplate":"https:\/\/bobimarket.pl\/?s={search_term_string}"},"query-input":"required name=search_term_string"}],"inLanguage":"pl-PL"},{"@type":"Organization","@id":"https:\/\/bobimarket.pl\/#organization","name":"BOBIMARKET.pl","url":"https:\/\/bobimarket.pl\/","logo":{"@type":"ImageObject","inLanguage":"pl-PL","@id":"https:\/\/bobimarket.pl\/#\/schema\/logo\/image\/","url":"https:\/\/bobimarket.pl\/wp-content\/uploads\/2021\/11\/slogan.png","contentUrl":"https:\/\/bobimarket.pl\/wp-content\/uploads\/2021\/11\/slogan.png","width":2000,"height":384,"caption":"BOBIMARKET.pl"},"image":{"@id":"https:\/\/bobimarket.pl\/#\/schema\/logo\/image\/"}}]}},"_links":{"self":[{"href":"https:\/\/bobimarket.pl\/index.php\/wp-json\/wp\/v2\/product\/84323"}],"collection":[{"href":"https:\/\/bobimarket.pl\/index.php\/wp-json\/wp\/v2\/product"}],"about":[{"href":"https:\/\/bobimarket.pl\/index.php\/wp-json\/wp\/v2\/types\/product"}],"wp:featuredmedia":[{"embeddable":true,"href":"https:\/\/bobimarket.pl\/index.php\/wp-json\/wp\/v2\/media\/84319"}],"wp:attachment":[{"href":"https:\/\/bobimarket.pl\/index.php\/wp-json\/wp\/v2\/media?parent=84323"}],"wp:term":[{"taxonomy":"product_cat","embeddable":true,"href":"https:\/\/bobimarket.pl\/index.php\/wp-json\/wp\/v2\/product_cat?post=84323"},{"taxonomy":"product_tag","embeddable":true,"href":"https:\/\/bobimarket.pl\/index.php\/wp-json\/wp\/v2\/product_tag?post=84323"}],"curies":[{"name":"wp","href":"https:\/\/api.w.org\/{rel}","templated":true}]}}