{"id":84327,"date":"2023-08-29T20:35:18","date_gmt":"2023-08-29T20:35:18","guid":{"rendered":"https:\/\/bobimarket.pl\/index.php\/produkt\/ostrza-do-noza-ostrze-lamane-18mm-100sztgratis\/"},"modified":"2026-04-09T07:39:09","modified_gmt":"2026-04-09T07:39:09","slug":"ostrza-do-noza-ostrze-lamane-18mm-100sztgratis","status":"publish","type":"product","link":"https:\/\/bobimarket.pl\/index.php\/produkt\/ostrza-do-noza-ostrze-lamane-18mm-100sztgratis\/","title":{"rendered":"OSTRZA DO NO\u017bA OSTRZE \u0141AMANE 18MM 100SZT+GRATIS"},"content":{"rendered":"<section class=\"section\">\n<div class=\"item item-6\">\n<section class=\"image-item\">\n            <img decoding=\"async\" src=\"https:\/\/upload.cdn.baselinker.com\/products\/14476\/4caebb14a809f2a5ba3dec09a6b2e335.jpg\" \/><br \/>\n        <\/section>\n<\/p><\/div>\n<div class=\"item item-6\">\n<section class=\"text-item\">\n<h1>OSTRZA \u0141AMANE DO NO\u017bYK\u00d3W 18 MM 100 SZTUK<\/h1>\n<p>Ostrze wykonane ze stali w\u0119glowej<\/p>\n<ul>\n<li>Ostrza \u0142amane <b>18mm<\/b><\/li>\n<li>Opakowanie <b>10 szt<\/b><\/li>\n<li>Plastikowe opakowanie<\/li>\n<\/ul>\n<h2>ZESTAW ZAWIERA 1O OPAKOWA\u0143 = 100SZT OSTRZY!!!<\/h2>\n<h2>W ZESTAWIE TANIEJ!!<\/h2>\n<h2>+ GRATIS O\u0141\u00d3WEK STOLARSKI!!!<\/h2>\n<\/section><\/div>\n<\/section>\n<section class=\"section\">\n<div class=\"item item-12\">\n<section class=\"image-item\">\n            <img decoding=\"async\" src=\"https:\/\/upload.cdn.baselinker.com\/products\/14476\/56bce8e3d7cc73c99cea7ac608932398.jpg\" \/><br \/>\n        <\/section>\n<\/p><\/div>\n<\/section>\n<section class=\"section\">\n<div class=\"item item-12\">\n<section class=\"image-item\">\n            <img decoding=\"async\" src=\"https:\/\/upload.cdn.baselinker.com\/products\/14476\/b0a98631bc86e4eb1bb55571a6ccc63b.jpg\" \/><br \/>\n        <\/section>\n<\/p><\/div>\n<\/section>\n","protected":false},"excerpt":{"rendered":"<p>OSTRZA \u0141AMANE DO NO\u017bYK\u00d3W 18 MM 100 SZTUK Ostrze wykonane ze stali w\u0119glowej Ostrza \u0142amane 18mm Opakowanie 10 szt Plastikowe opakowanie ZESTAW ZAWIERA 1O OPAKOWA\u0143 = 100SZT OSTRZY!!! W ZESTAWIE TANIEJ!! + GRATIS O\u0141\u00d3WEK STOLARSKI!!!<\/p>\n","protected":false},"featured_media":84324,"template":"","meta":[],"product_cat":[8259],"product_tag":[],"yoast_head":"<!-- This site is optimized with the Yoast SEO plugin v21.0 - https:\/\/yoast.com\/wordpress\/plugins\/seo\/ -->\n<title>OSTRZA DO NO\u017bA OSTRZE \u0141AMANE 18MM 100SZT+GRATIS - BOBIMARKET.pl - Remontuj i urz\u0105dzaj z nami<\/title>\n<meta name=\"robots\" content=\"index, follow, max-snippet:-1, max-image-preview:large, max-video-preview:-1\" \/>\n<link rel=\"canonical\" href=\"https:\/\/bobimarket.pl\/index.php\/produkt\/ostrza-do-noza-ostrze-lamane-18mm-100sztgratis\/\" \/>\n<meta property=\"og:locale\" content=\"pl_PL\" \/>\n<meta property=\"og:type\" content=\"article\" \/>\n<meta property=\"og:title\" content=\"OSTRZA DO NO\u017bA OSTRZE \u0141AMANE 18MM 100SZT+GRATIS - BOBIMARKET.pl - Remontuj i urz\u0105dzaj z nami\" \/>\n<meta property=\"og:description\" content=\"OSTRZA \u0141AMANE DO NO\u017bYK\u00d3W 18 MM 100 SZTUK Ostrze wykonane ze stali w\u0119glowej Ostrza \u0142amane 18mm Opakowanie 10 szt Plastikowe opakowanie ZESTAW ZAWIERA 1O OPAKOWA\u0143 = 100SZT OSTRZY!!! W ZESTAWIE TANIEJ!! + GRATIS O\u0141\u00d3WEK STOLARSKI!!!\" \/>\n<meta property=\"og:url\" content=\"https:\/\/bobimarket.pl\/index.php\/produkt\/ostrza-do-noza-ostrze-lamane-18mm-100sztgratis\/\" \/>\n<meta property=\"og:site_name\" content=\"BOBIMARKET.pl - Remontuj i urz\u0105dzaj z nami\" \/>\n<meta property=\"article:modified_time\" content=\"2026-04-09T07:39:09+00:00\" \/>\n<meta property=\"og:image\" content=\"https:\/\/upload.cdn.baselinker.com\/products\/14476\/4caebb14a809f2a5ba3dec09a6b2e335.jpg\" \/>\n<meta name=\"twitter:card\" content=\"summary_large_image\" \/>\n<script type=\"application\/ld+json\" class=\"yoast-schema-graph\">{\"@context\":\"https:\/\/schema.org\",\"@graph\":[{\"@type\":\"WebPage\",\"@id\":\"https:\/\/bobimarket.pl\/index.php\/produkt\/ostrza-do-noza-ostrze-lamane-18mm-100sztgratis\/\",\"url\":\"https:\/\/bobimarket.pl\/index.php\/produkt\/ostrza-do-noza-ostrze-lamane-18mm-100sztgratis\/\",\"name\":\"OSTRZA DO NO\u017bA OSTRZE \u0141AMANE 18MM 100SZT+GRATIS - BOBIMARKET.pl - Remontuj i urz\u0105dzaj z nami\",\"isPartOf\":{\"@id\":\"https:\/\/bobimarket.pl\/#website\"},\"datePublished\":\"2023-08-29T20:35:18+00:00\",\"dateModified\":\"2026-04-09T07:39:09+00:00\",\"breadcrumb\":{\"@id\":\"https:\/\/bobimarket.pl\/index.php\/produkt\/ostrza-do-noza-ostrze-lamane-18mm-100sztgratis\/#breadcrumb\"},\"inLanguage\":\"pl-PL\",\"potentialAction\":[{\"@type\":\"ReadAction\",\"target\":[\"https:\/\/bobimarket.pl\/index.php\/produkt\/ostrza-do-noza-ostrze-lamane-18mm-100sztgratis\/\"]}]},{\"@type\":\"BreadcrumbList\",\"@id\":\"https:\/\/bobimarket.pl\/index.php\/produkt\/ostrza-do-noza-ostrze-lamane-18mm-100sztgratis\/#breadcrumb\",\"itemListElement\":[{\"@type\":\"ListItem\",\"position\":1,\"name\":\"Strona g\u0142\u00f3wna\",\"item\":\"https:\/\/bobimarket.pl\/\"},{\"@type\":\"ListItem\",\"position\":2,\"name\":\"Sklep\",\"item\":\"https:\/\/bobimarket.pl\/index.php\/shop\/\"},{\"@type\":\"ListItem\",\"position\":3,\"name\":\"OSTRZA DO NO\u017bA OSTRZE \u0141AMANE 18MM 100SZT+GRATIS\"}]},{\"@type\":\"WebSite\",\"@id\":\"https:\/\/bobimarket.pl\/#website\",\"url\":\"https:\/\/bobimarket.pl\/\",\"name\":\"BOBIMARKET.pl - Remontuj i urz\u0105dzaj z nami\",\"description\":\"Remontuj i urz\u0105dzaj z nami\",\"publisher\":{\"@id\":\"https:\/\/bobimarket.pl\/#organization\"},\"potentialAction\":[{\"@type\":\"SearchAction\",\"target\":{\"@type\":\"EntryPoint\",\"urlTemplate\":\"https:\/\/bobimarket.pl\/?s={search_term_string}\"},\"query-input\":\"required name=search_term_string\"}],\"inLanguage\":\"pl-PL\"},{\"@type\":\"Organization\",\"@id\":\"https:\/\/bobimarket.pl\/#organization\",\"name\":\"BOBIMARKET.pl\",\"url\":\"https:\/\/bobimarket.pl\/\",\"logo\":{\"@type\":\"ImageObject\",\"inLanguage\":\"pl-PL\",\"@id\":\"https:\/\/bobimarket.pl\/#\/schema\/logo\/image\/\",\"url\":\"https:\/\/bobimarket.pl\/wp-content\/uploads\/2021\/11\/slogan.png\",\"contentUrl\":\"https:\/\/bobimarket.pl\/wp-content\/uploads\/2021\/11\/slogan.png\",\"width\":2000,\"height\":384,\"caption\":\"BOBIMARKET.pl\"},\"image\":{\"@id\":\"https:\/\/bobimarket.pl\/#\/schema\/logo\/image\/\"}}]}<\/script>\n<!-- \/ Yoast SEO plugin. -->","yoast_head_json":{"title":"OSTRZA DO NO\u017bA OSTRZE \u0141AMANE 18MM 100SZT+GRATIS - BOBIMARKET.pl - Remontuj i urz\u0105dzaj z nami","robots":{"index":"index","follow":"follow","max-snippet":"max-snippet:-1","max-image-preview":"max-image-preview:large","max-video-preview":"max-video-preview:-1"},"canonical":"https:\/\/bobimarket.pl\/index.php\/produkt\/ostrza-do-noza-ostrze-lamane-18mm-100sztgratis\/","og_locale":"pl_PL","og_type":"article","og_title":"OSTRZA DO NO\u017bA OSTRZE \u0141AMANE 18MM 100SZT+GRATIS - BOBIMARKET.pl - Remontuj i urz\u0105dzaj z nami","og_description":"OSTRZA \u0141AMANE DO NO\u017bYK\u00d3W 18 MM 100 SZTUK Ostrze wykonane ze stali w\u0119glowej Ostrza \u0142amane 18mm Opakowanie 10 szt Plastikowe opakowanie ZESTAW ZAWIERA 1O OPAKOWA\u0143 = 100SZT OSTRZY!!! W ZESTAWIE TANIEJ!! + GRATIS O\u0141\u00d3WEK STOLARSKI!!!","og_url":"https:\/\/bobimarket.pl\/index.php\/produkt\/ostrza-do-noza-ostrze-lamane-18mm-100sztgratis\/","og_site_name":"BOBIMARKET.pl - Remontuj i urz\u0105dzaj z nami","article_modified_time":"2026-04-09T07:39:09+00:00","og_image":[{"url":"https:\/\/upload.cdn.baselinker.com\/products\/14476\/4caebb14a809f2a5ba3dec09a6b2e335.jpg"}],"twitter_card":"summary_large_image","schema":{"@context":"https:\/\/schema.org","@graph":[{"@type":"WebPage","@id":"https:\/\/bobimarket.pl\/index.php\/produkt\/ostrza-do-noza-ostrze-lamane-18mm-100sztgratis\/","url":"https:\/\/bobimarket.pl\/index.php\/produkt\/ostrza-do-noza-ostrze-lamane-18mm-100sztgratis\/","name":"OSTRZA DO NO\u017bA OSTRZE \u0141AMANE 18MM 100SZT+GRATIS - BOBIMARKET.pl - Remontuj i urz\u0105dzaj z nami","isPartOf":{"@id":"https:\/\/bobimarket.pl\/#website"},"datePublished":"2023-08-29T20:35:18+00:00","dateModified":"2026-04-09T07:39:09+00:00","breadcrumb":{"@id":"https:\/\/bobimarket.pl\/index.php\/produkt\/ostrza-do-noza-ostrze-lamane-18mm-100sztgratis\/#breadcrumb"},"inLanguage":"pl-PL","potentialAction":[{"@type":"ReadAction","target":["https:\/\/bobimarket.pl\/index.php\/produkt\/ostrza-do-noza-ostrze-lamane-18mm-100sztgratis\/"]}]},{"@type":"BreadcrumbList","@id":"https:\/\/bobimarket.pl\/index.php\/produkt\/ostrza-do-noza-ostrze-lamane-18mm-100sztgratis\/#breadcrumb","itemListElement":[{"@type":"ListItem","position":1,"name":"Strona g\u0142\u00f3wna","item":"https:\/\/bobimarket.pl\/"},{"@type":"ListItem","position":2,"name":"Sklep","item":"https:\/\/bobimarket.pl\/index.php\/shop\/"},{"@type":"ListItem","position":3,"name":"OSTRZA DO NO\u017bA OSTRZE \u0141AMANE 18MM 100SZT+GRATIS"}]},{"@type":"WebSite","@id":"https:\/\/bobimarket.pl\/#website","url":"https:\/\/bobimarket.pl\/","name":"BOBIMARKET.pl - Remontuj i urz\u0105dzaj z nami","description":"Remontuj i urz\u0105dzaj z nami","publisher":{"@id":"https:\/\/bobimarket.pl\/#organization"},"potentialAction":[{"@type":"SearchAction","target":{"@type":"EntryPoint","urlTemplate":"https:\/\/bobimarket.pl\/?s={search_term_string}"},"query-input":"required name=search_term_string"}],"inLanguage":"pl-PL"},{"@type":"Organization","@id":"https:\/\/bobimarket.pl\/#organization","name":"BOBIMARKET.pl","url":"https:\/\/bobimarket.pl\/","logo":{"@type":"ImageObject","inLanguage":"pl-PL","@id":"https:\/\/bobimarket.pl\/#\/schema\/logo\/image\/","url":"https:\/\/bobimarket.pl\/wp-content\/uploads\/2021\/11\/slogan.png","contentUrl":"https:\/\/bobimarket.pl\/wp-content\/uploads\/2021\/11\/slogan.png","width":2000,"height":384,"caption":"BOBIMARKET.pl"},"image":{"@id":"https:\/\/bobimarket.pl\/#\/schema\/logo\/image\/"}}]}},"_links":{"self":[{"href":"https:\/\/bobimarket.pl\/index.php\/wp-json\/wp\/v2\/product\/84327"}],"collection":[{"href":"https:\/\/bobimarket.pl\/index.php\/wp-json\/wp\/v2\/product"}],"about":[{"href":"https:\/\/bobimarket.pl\/index.php\/wp-json\/wp\/v2\/types\/product"}],"wp:featuredmedia":[{"embeddable":true,"href":"https:\/\/bobimarket.pl\/index.php\/wp-json\/wp\/v2\/media\/84324"}],"wp:attachment":[{"href":"https:\/\/bobimarket.pl\/index.php\/wp-json\/wp\/v2\/media?parent=84327"}],"wp:term":[{"taxonomy":"product_cat","embeddable":true,"href":"https:\/\/bobimarket.pl\/index.php\/wp-json\/wp\/v2\/product_cat?post=84327"},{"taxonomy":"product_tag","embeddable":true,"href":"https:\/\/bobimarket.pl\/index.php\/wp-json\/wp\/v2\/product_tag?post=84327"}],"curies":[{"name":"wp","href":"https:\/\/api.w.org\/{rel}","templated":true}]}}