{"id":84370,"date":"2023-08-29T20:39:46","date_gmt":"2023-08-29T20:39:46","guid":{"rendered":"https:\/\/bobimarket.pl\/index.php\/produkt\/paca-z-gabka-gesta-do-mycia-plastikowa-27x13cm\/"},"modified":"2025-02-27T14:18:42","modified_gmt":"2025-02-27T14:18:42","slug":"paca-z-gabka-gesta-do-mycia-plastikowa-27x13cm","status":"publish","type":"product","link":"https:\/\/bobimarket.pl\/index.php\/produkt\/paca-z-gabka-gesta-do-mycia-plastikowa-27x13cm\/","title":{"rendered":"PACA Z G\u0104BK\u0104 G\u0118ST\u0104 DO MYCIA PLASTIKOWA 27X13cm"},"content":{"rendered":"<section class=\"section\">\n<div class=\"item item-6\">\n<section class=\"text-item\">\n<h2>PACA Z G\u0104BK\u0104 G\u0118ST\u0104 DO MYCIA PLASTIKOWA 27X13cm<\/h2>\n<p><b>Dane techniczne:<\/b><\/p>\n<ul>\n<li>D\u0142ugo\u015b\u0107: <b>270 mm<\/b><\/li>\n<li>Szeroko\u015b\u0107:<b> 130 mm<\/b><\/li>\n<li>Grubo\u015b\u0107 g\u0105bki:<b> 30 mm<\/b><\/li>\n<\/ul>\n<p>Uwaga! W zale\u017cno\u015bci od dostawy kolory pac mog\u0105 by\u0107 r\u00f3\u017cne!<\/p>\n<\/section><\/div>\n<div class=\"item item-6\">\n<section class=\"image-item\"><img decoding=\"async\" src=\"https:\/\/upload.cdn.baselinker.com\/products\/14476\/54ecb6be0735e2bb89e73bf5ac2ed311.jpg\"><\/section>\n<\/p><\/div>\n<\/section>\n<section class=\"section\">\n<div class=\"item item-6\">\n<section class=\"image-item\"><img decoding=\"async\" src=\"https:\/\/upload.cdn.baselinker.com\/products\/14476\/f24f8bd647871313a5364ac705c4b2d5.jpg\"><\/section>\n<\/p><\/div>\n<div class=\"item item-6\">\n<section class=\"text-item\">\n<p>Solidna paca z g\u0105bk\u0105. Wykonana z wysokiej jako\u015bci tworzywa sztucznego, cz\u0119\u015b\u0107 robocza pokryta <b>g\u0119st\u0105 g\u0105bk\u0105 o du\u017cej ch\u0142onno\u015bci.<\/b><\/p>\n<ul>\n<li>Ergonomiczny uchwyt zapewnia komfort pracy i poprawia jej jako\u015b\u0107.<\/li>\n<li>Praktyczne i lekkie narz\u0119dzie.<\/li>\n<\/ul>\n<p><b>\u2705 ZASTOSOWANIE:<\/b><\/p>\n<p>Paca jest przeznaczona do mycia powierzchni po fugowaniu i usuwaniu resztek fugi z p\u0142ytek.<\/p>\n<\/section><\/div>\n<\/section>\n","protected":false},"excerpt":{"rendered":"<p>PACA Z G\u0104BK\u0104 G\u0118ST\u0104 DO MYCIA PLASTIKOWA 27X13cm Dane techniczne: D\u0142ugo\u015b\u0107: 270 mm Szeroko\u015b\u0107: 130 mm Grubo\u015b\u0107 g\u0105bki: 30 mm Uwaga! W zale\u017cno\u015bci od dostawy kolory pac mog\u0105 by\u0107 r\u00f3\u017cne! Solidna paca z g\u0105bk\u0105. Wykonana z wysokiej jako\u015bci tworzywa sztucznego, cz\u0119\u015b\u0107 robocza pokryta g\u0119st\u0105 g\u0105bk\u0105 o du\u017cej ch\u0142onno\u015bci. Ergonomiczny uchwyt zapewnia komfort pracy i poprawia<br \/><a class=\"more-link\" href=\"https:\/\/bobimarket.pl\/index.php\/produkt\/paca-z-gabka-gesta-do-mycia-plastikowa-27x13cm\/\"><br \/>\n        Czytaj wi\u0119cej<span class=\"screen-reader-text\"> &#8222;PACA Z G\u0104BK\u0104 G\u0118ST\u0104 DO MYCIA PLASTIKOWA 27X13cm&#8221;<\/span><\/a><\/p>\n","protected":false},"featured_media":84368,"template":"","meta":[],"product_cat":[8261],"product_tag":[],"yoast_head":"<!-- This site is optimized with the Yoast SEO plugin v21.0 - https:\/\/yoast.com\/wordpress\/plugins\/seo\/ -->\n<title>PACA Z G\u0104BK\u0104 G\u0118ST\u0104 DO MYCIA PLASTIKOWA 27X13cm - BOBIMARKET.pl - Remontuj i urz\u0105dzaj z nami<\/title>\n<meta name=\"robots\" content=\"index, follow, max-snippet:-1, max-image-preview:large, max-video-preview:-1\" \/>\n<link rel=\"canonical\" href=\"https:\/\/bobimarket.pl\/index.php\/produkt\/paca-z-gabka-gesta-do-mycia-plastikowa-27x13cm\/\" \/>\n<meta property=\"og:locale\" content=\"pl_PL\" \/>\n<meta property=\"og:type\" content=\"article\" \/>\n<meta property=\"og:title\" content=\"PACA Z G\u0104BK\u0104 G\u0118ST\u0104 DO MYCIA PLASTIKOWA 27X13cm - BOBIMARKET.pl - Remontuj i urz\u0105dzaj z nami\" \/>\n<meta property=\"og:description\" content=\"PACA Z G\u0104BK\u0104 G\u0118ST\u0104 DO MYCIA PLASTIKOWA 27X13cm Dane techniczne: D\u0142ugo\u015b\u0107: 270 mm Szeroko\u015b\u0107: 130 mm Grubo\u015b\u0107 g\u0105bki: 30 mm Uwaga! W zale\u017cno\u015bci od dostawy kolory pac mog\u0105 by\u0107 r\u00f3\u017cne! Solidna paca z g\u0105bk\u0105. Wykonana z wysokiej jako\u015bci tworzywa sztucznego, cz\u0119\u015b\u0107 robocza pokryta g\u0119st\u0105 g\u0105bk\u0105 o du\u017cej ch\u0142onno\u015bci. Ergonomiczny uchwyt zapewnia komfort pracy i poprawia     Czytaj wi\u0119cej &quot;PACA Z G\u0104BK\u0104 G\u0118ST\u0104 DO MYCIA PLASTIKOWA 27X13cm&quot;\" \/>\n<meta property=\"og:url\" content=\"https:\/\/bobimarket.pl\/index.php\/produkt\/paca-z-gabka-gesta-do-mycia-plastikowa-27x13cm\/\" \/>\n<meta property=\"og:site_name\" content=\"BOBIMARKET.pl - Remontuj i urz\u0105dzaj z nami\" \/>\n<meta property=\"article:modified_time\" content=\"2025-02-27T14:18:42+00:00\" \/>\n<meta property=\"og:image\" content=\"https:\/\/upload.cdn.baselinker.com\/products\/14476\/54ecb6be0735e2bb89e73bf5ac2ed311.jpg\" \/>\n<meta name=\"twitter:card\" content=\"summary_large_image\" \/>\n<script type=\"application\/ld+json\" class=\"yoast-schema-graph\">{\"@context\":\"https:\/\/schema.org\",\"@graph\":[{\"@type\":\"WebPage\",\"@id\":\"https:\/\/bobimarket.pl\/index.php\/produkt\/paca-z-gabka-gesta-do-mycia-plastikowa-27x13cm\/\",\"url\":\"https:\/\/bobimarket.pl\/index.php\/produkt\/paca-z-gabka-gesta-do-mycia-plastikowa-27x13cm\/\",\"name\":\"PACA Z G\u0104BK\u0104 G\u0118ST\u0104 DO MYCIA PLASTIKOWA 27X13cm - BOBIMARKET.pl - Remontuj i urz\u0105dzaj z nami\",\"isPartOf\":{\"@id\":\"https:\/\/bobimarket.pl\/#website\"},\"datePublished\":\"2023-08-29T20:39:46+00:00\",\"dateModified\":\"2025-02-27T14:18:42+00:00\",\"breadcrumb\":{\"@id\":\"https:\/\/bobimarket.pl\/index.php\/produkt\/paca-z-gabka-gesta-do-mycia-plastikowa-27x13cm\/#breadcrumb\"},\"inLanguage\":\"pl-PL\",\"potentialAction\":[{\"@type\":\"ReadAction\",\"target\":[\"https:\/\/bobimarket.pl\/index.php\/produkt\/paca-z-gabka-gesta-do-mycia-plastikowa-27x13cm\/\"]}]},{\"@type\":\"BreadcrumbList\",\"@id\":\"https:\/\/bobimarket.pl\/index.php\/produkt\/paca-z-gabka-gesta-do-mycia-plastikowa-27x13cm\/#breadcrumb\",\"itemListElement\":[{\"@type\":\"ListItem\",\"position\":1,\"name\":\"Strona g\u0142\u00f3wna\",\"item\":\"https:\/\/bobimarket.pl\/\"},{\"@type\":\"ListItem\",\"position\":2,\"name\":\"Sklep\",\"item\":\"https:\/\/bobimarket.pl\/index.php\/shop\/\"},{\"@type\":\"ListItem\",\"position\":3,\"name\":\"PACA Z G\u0104BK\u0104 G\u0118ST\u0104 DO MYCIA PLASTIKOWA 27X13cm\"}]},{\"@type\":\"WebSite\",\"@id\":\"https:\/\/bobimarket.pl\/#website\",\"url\":\"https:\/\/bobimarket.pl\/\",\"name\":\"BOBIMARKET.pl - Remontuj i urz\u0105dzaj z nami\",\"description\":\"Remontuj i urz\u0105dzaj z nami\",\"publisher\":{\"@id\":\"https:\/\/bobimarket.pl\/#organization\"},\"potentialAction\":[{\"@type\":\"SearchAction\",\"target\":{\"@type\":\"EntryPoint\",\"urlTemplate\":\"https:\/\/bobimarket.pl\/?s={search_term_string}\"},\"query-input\":\"required name=search_term_string\"}],\"inLanguage\":\"pl-PL\"},{\"@type\":\"Organization\",\"@id\":\"https:\/\/bobimarket.pl\/#organization\",\"name\":\"BOBIMARKET.pl\",\"url\":\"https:\/\/bobimarket.pl\/\",\"logo\":{\"@type\":\"ImageObject\",\"inLanguage\":\"pl-PL\",\"@id\":\"https:\/\/bobimarket.pl\/#\/schema\/logo\/image\/\",\"url\":\"https:\/\/bobimarket.pl\/wp-content\/uploads\/2021\/11\/slogan.png\",\"contentUrl\":\"https:\/\/bobimarket.pl\/wp-content\/uploads\/2021\/11\/slogan.png\",\"width\":2000,\"height\":384,\"caption\":\"BOBIMARKET.pl\"},\"image\":{\"@id\":\"https:\/\/bobimarket.pl\/#\/schema\/logo\/image\/\"}}]}<\/script>\n<!-- \/ Yoast SEO plugin. -->","yoast_head_json":{"title":"PACA Z G\u0104BK\u0104 G\u0118ST\u0104 DO MYCIA PLASTIKOWA 27X13cm - BOBIMARKET.pl - Remontuj i urz\u0105dzaj z nami","robots":{"index":"index","follow":"follow","max-snippet":"max-snippet:-1","max-image-preview":"max-image-preview:large","max-video-preview":"max-video-preview:-1"},"canonical":"https:\/\/bobimarket.pl\/index.php\/produkt\/paca-z-gabka-gesta-do-mycia-plastikowa-27x13cm\/","og_locale":"pl_PL","og_type":"article","og_title":"PACA Z G\u0104BK\u0104 G\u0118ST\u0104 DO MYCIA PLASTIKOWA 27X13cm - BOBIMARKET.pl - Remontuj i urz\u0105dzaj z nami","og_description":"PACA Z G\u0104BK\u0104 G\u0118ST\u0104 DO MYCIA PLASTIKOWA 27X13cm Dane techniczne: D\u0142ugo\u015b\u0107: 270 mm Szeroko\u015b\u0107: 130 mm Grubo\u015b\u0107 g\u0105bki: 30 mm Uwaga! W zale\u017cno\u015bci od dostawy kolory pac mog\u0105 by\u0107 r\u00f3\u017cne! Solidna paca z g\u0105bk\u0105. Wykonana z wysokiej jako\u015bci tworzywa sztucznego, cz\u0119\u015b\u0107 robocza pokryta g\u0119st\u0105 g\u0105bk\u0105 o du\u017cej ch\u0142onno\u015bci. Ergonomiczny uchwyt zapewnia komfort pracy i poprawia     Czytaj wi\u0119cej \"PACA Z G\u0104BK\u0104 G\u0118ST\u0104 DO MYCIA PLASTIKOWA 27X13cm\"","og_url":"https:\/\/bobimarket.pl\/index.php\/produkt\/paca-z-gabka-gesta-do-mycia-plastikowa-27x13cm\/","og_site_name":"BOBIMARKET.pl - Remontuj i urz\u0105dzaj z nami","article_modified_time":"2025-02-27T14:18:42+00:00","og_image":[{"url":"https:\/\/upload.cdn.baselinker.com\/products\/14476\/54ecb6be0735e2bb89e73bf5ac2ed311.jpg"}],"twitter_card":"summary_large_image","schema":{"@context":"https:\/\/schema.org","@graph":[{"@type":"WebPage","@id":"https:\/\/bobimarket.pl\/index.php\/produkt\/paca-z-gabka-gesta-do-mycia-plastikowa-27x13cm\/","url":"https:\/\/bobimarket.pl\/index.php\/produkt\/paca-z-gabka-gesta-do-mycia-plastikowa-27x13cm\/","name":"PACA Z G\u0104BK\u0104 G\u0118ST\u0104 DO MYCIA PLASTIKOWA 27X13cm - BOBIMARKET.pl - Remontuj i urz\u0105dzaj z nami","isPartOf":{"@id":"https:\/\/bobimarket.pl\/#website"},"datePublished":"2023-08-29T20:39:46+00:00","dateModified":"2025-02-27T14:18:42+00:00","breadcrumb":{"@id":"https:\/\/bobimarket.pl\/index.php\/produkt\/paca-z-gabka-gesta-do-mycia-plastikowa-27x13cm\/#breadcrumb"},"inLanguage":"pl-PL","potentialAction":[{"@type":"ReadAction","target":["https:\/\/bobimarket.pl\/index.php\/produkt\/paca-z-gabka-gesta-do-mycia-plastikowa-27x13cm\/"]}]},{"@type":"BreadcrumbList","@id":"https:\/\/bobimarket.pl\/index.php\/produkt\/paca-z-gabka-gesta-do-mycia-plastikowa-27x13cm\/#breadcrumb","itemListElement":[{"@type":"ListItem","position":1,"name":"Strona g\u0142\u00f3wna","item":"https:\/\/bobimarket.pl\/"},{"@type":"ListItem","position":2,"name":"Sklep","item":"https:\/\/bobimarket.pl\/index.php\/shop\/"},{"@type":"ListItem","position":3,"name":"PACA Z G\u0104BK\u0104 G\u0118ST\u0104 DO MYCIA PLASTIKOWA 27X13cm"}]},{"@type":"WebSite","@id":"https:\/\/bobimarket.pl\/#website","url":"https:\/\/bobimarket.pl\/","name":"BOBIMARKET.pl - Remontuj i urz\u0105dzaj z nami","description":"Remontuj i urz\u0105dzaj z nami","publisher":{"@id":"https:\/\/bobimarket.pl\/#organization"},"potentialAction":[{"@type":"SearchAction","target":{"@type":"EntryPoint","urlTemplate":"https:\/\/bobimarket.pl\/?s={search_term_string}"},"query-input":"required name=search_term_string"}],"inLanguage":"pl-PL"},{"@type":"Organization","@id":"https:\/\/bobimarket.pl\/#organization","name":"BOBIMARKET.pl","url":"https:\/\/bobimarket.pl\/","logo":{"@type":"ImageObject","inLanguage":"pl-PL","@id":"https:\/\/bobimarket.pl\/#\/schema\/logo\/image\/","url":"https:\/\/bobimarket.pl\/wp-content\/uploads\/2021\/11\/slogan.png","contentUrl":"https:\/\/bobimarket.pl\/wp-content\/uploads\/2021\/11\/slogan.png","width":2000,"height":384,"caption":"BOBIMARKET.pl"},"image":{"@id":"https:\/\/bobimarket.pl\/#\/schema\/logo\/image\/"}}]}},"_links":{"self":[{"href":"https:\/\/bobimarket.pl\/index.php\/wp-json\/wp\/v2\/product\/84370"}],"collection":[{"href":"https:\/\/bobimarket.pl\/index.php\/wp-json\/wp\/v2\/product"}],"about":[{"href":"https:\/\/bobimarket.pl\/index.php\/wp-json\/wp\/v2\/types\/product"}],"wp:featuredmedia":[{"embeddable":true,"href":"https:\/\/bobimarket.pl\/index.php\/wp-json\/wp\/v2\/media\/84368"}],"wp:attachment":[{"href":"https:\/\/bobimarket.pl\/index.php\/wp-json\/wp\/v2\/media?parent=84370"}],"wp:term":[{"taxonomy":"product_cat","embeddable":true,"href":"https:\/\/bobimarket.pl\/index.php\/wp-json\/wp\/v2\/product_cat?post=84370"},{"taxonomy":"product_tag","embeddable":true,"href":"https:\/\/bobimarket.pl\/index.php\/wp-json\/wp\/v2\/product_tag?post=84370"}],"curies":[{"name":"wp","href":"https:\/\/api.w.org\/{rel}","templated":true}]}}