{"id":84373,"date":"2023-08-29T20:39:59","date_gmt":"2023-08-29T20:39:59","guid":{"rendered":"https:\/\/bobimarket.pl\/index.php\/produkt\/paca-plastikowa-tynkarska-do-zacierania-13x27cm\/"},"modified":"2025-02-27T14:18:45","modified_gmt":"2025-02-27T14:18:45","slug":"paca-plastikowa-tynkarska-do-zacierania-13x27cm","status":"publish","type":"product","link":"https:\/\/bobimarket.pl\/index.php\/produkt\/paca-plastikowa-tynkarska-do-zacierania-13x27cm\/","title":{"rendered":"PACA PLASTIKOWA TYNKARSKA DO ZACIERANIA 13x27cm"},"content":{"rendered":"<section class=\"section\">\n<div class=\"item item-6\">\n<section class=\"text-item\">\n<h2>PACA PLASTIKOWA TYNKARSKA DO ZACIERANIA 27x13cm\u00a0<\/h2>\n<h2>Dane techniczne:<\/h2>\n<ul>\n<li>D\u0142ugo\u015b\u0107 : <b>27 cm<\/b><\/li>\n<li>Szeroko\u015b\u0107: <b>13\u00a0mm<\/b><\/li>\n<li>Grubo\u015bc p\u0142ytki:<b> 3 mm<\/b><\/li>\n<li>Materia\u0142: <b>tworzywo sztuczne<\/b><\/li>\n<\/ul>\n<\/section><\/div>\n<div class=\"item item-6\">\n<section class=\"image-item\"><img decoding=\"async\" src=\"https:\/\/upload.cdn.baselinker.com\/products\/14476\/f39514d4aff8911b6fea871e76e9ab91.jpg\"><\/section>\n<\/p><\/div>\n<\/section>\n<section class=\"section\">\n<div class=\"item item-6\">\n<section class=\"image-item\"><img decoding=\"async\" src=\"https:\/\/upload.cdn.baselinker.com\/products\/14476\/f39514d4aff8911b6fea871e76e9ab91.jpg\"><\/section>\n<\/p><\/div>\n<div class=\"item item-6\">\n<section class=\"text-item\">\n<p>Paca tynkarska wykonana z tworzywa sztucznego.\u00a0 <b>Wyprofilowany i ergonomiczny uchwyt<\/b> zapewnia komfort pracy. Paca jest lekka i por\u0119czna, prace z jej u\u017cyciem przebiegaj\u0105 sprawnie.<\/p>\n<p><b>\u2705<\/b> <b>ZASTOSOWANIE:<\/b><\/p>\n<p>Paca nadaje si\u0119 <b>do wszelkiego rodzaju prac tynkarskich:<\/b><\/p>\n<ul>\n<li>Nabierania, rozprowadzania i wyr\u00f3wnywania zapraw tynkarskich.<\/li>\n<li>Zacierania i fakturowania tynk\u00f3w strukturalnych.<\/li>\n<\/ul>\n<\/section><\/div>\n<\/section>\n<section class=\"section\">\n<div class=\"item item-12\">\n<section class=\"image-item\"><img decoding=\"async\" src=\"https:\/\/upload.cdn.baselinker.com\/products\/14476\/f39514d4aff8911b6fea871e76e9ab91.jpg\"><\/section>\n<\/p><\/div>\n<\/section>\n","protected":false},"excerpt":{"rendered":"<p>PACA PLASTIKOWA TYNKARSKA DO ZACIERANIA 27x13cm\u00a0 Dane techniczne: D\u0142ugo\u015b\u0107 : 27 cm Szeroko\u015b\u0107: 13\u00a0mm Grubo\u015bc p\u0142ytki: 3 mm Materia\u0142: tworzywo sztuczne Paca tynkarska wykonana z tworzywa sztucznego.\u00a0 Wyprofilowany i ergonomiczny uchwyt zapewnia komfort pracy. Paca jest lekka i por\u0119czna, prace z jej u\u017cyciem przebiegaj\u0105 sprawnie. \u2705 ZASTOSOWANIE: Paca nadaje si\u0119 do wszelkiego rodzaju prac tynkarskich:<br \/><a class=\"more-link\" href=\"https:\/\/bobimarket.pl\/index.php\/produkt\/paca-plastikowa-tynkarska-do-zacierania-13x27cm\/\"><br \/>\n        Czytaj wi\u0119cej<span class=\"screen-reader-text\"> &#8222;PACA PLASTIKOWA TYNKARSKA DO ZACIERANIA 13x27cm&#8221;<\/span><\/a><\/p>\n","protected":false},"featured_media":84371,"template":"","meta":[],"product_cat":[8261],"product_tag":[],"yoast_head":"<!-- This site is optimized with the Yoast SEO plugin v21.0 - https:\/\/yoast.com\/wordpress\/plugins\/seo\/ -->\n<title>PACA PLASTIKOWA TYNKARSKA DO ZACIERANIA 13x27cm - BOBIMARKET.pl - Remontuj i urz\u0105dzaj z nami<\/title>\n<meta name=\"robots\" content=\"index, follow, max-snippet:-1, max-image-preview:large, max-video-preview:-1\" \/>\n<link rel=\"canonical\" href=\"https:\/\/bobimarket.pl\/index.php\/produkt\/paca-plastikowa-tynkarska-do-zacierania-13x27cm\/\" \/>\n<meta property=\"og:locale\" content=\"pl_PL\" \/>\n<meta property=\"og:type\" content=\"article\" \/>\n<meta property=\"og:title\" content=\"PACA PLASTIKOWA TYNKARSKA DO ZACIERANIA 13x27cm - BOBIMARKET.pl - Remontuj i urz\u0105dzaj z nami\" \/>\n<meta property=\"og:description\" content=\"PACA PLASTIKOWA TYNKARSKA DO ZACIERANIA 27x13cm\u00a0 Dane techniczne: D\u0142ugo\u015b\u0107 : 27 cm Szeroko\u015b\u0107: 13\u00a0mm Grubo\u015bc p\u0142ytki: 3 mm Materia\u0142: tworzywo sztuczne Paca tynkarska wykonana z tworzywa sztucznego.\u00a0 Wyprofilowany i ergonomiczny uchwyt zapewnia komfort pracy. Paca jest lekka i por\u0119czna, prace z jej u\u017cyciem przebiegaj\u0105 sprawnie. \u2705 ZASTOSOWANIE: Paca nadaje si\u0119 do wszelkiego rodzaju prac tynkarskich:     Czytaj wi\u0119cej &quot;PACA PLASTIKOWA TYNKARSKA DO ZACIERANIA 13x27cm&quot;\" \/>\n<meta property=\"og:url\" content=\"https:\/\/bobimarket.pl\/index.php\/produkt\/paca-plastikowa-tynkarska-do-zacierania-13x27cm\/\" \/>\n<meta property=\"og:site_name\" content=\"BOBIMARKET.pl - Remontuj i urz\u0105dzaj z nami\" \/>\n<meta property=\"article:modified_time\" content=\"2025-02-27T14:18:45+00:00\" \/>\n<meta property=\"og:image\" content=\"https:\/\/upload.cdn.baselinker.com\/products\/14476\/f39514d4aff8911b6fea871e76e9ab91.jpg\" \/>\n<meta name=\"twitter:card\" content=\"summary_large_image\" \/>\n<script type=\"application\/ld+json\" class=\"yoast-schema-graph\">{\"@context\":\"https:\/\/schema.org\",\"@graph\":[{\"@type\":\"WebPage\",\"@id\":\"https:\/\/bobimarket.pl\/index.php\/produkt\/paca-plastikowa-tynkarska-do-zacierania-13x27cm\/\",\"url\":\"https:\/\/bobimarket.pl\/index.php\/produkt\/paca-plastikowa-tynkarska-do-zacierania-13x27cm\/\",\"name\":\"PACA PLASTIKOWA TYNKARSKA DO ZACIERANIA 13x27cm - BOBIMARKET.pl - Remontuj i urz\u0105dzaj z nami\",\"isPartOf\":{\"@id\":\"https:\/\/bobimarket.pl\/#website\"},\"datePublished\":\"2023-08-29T20:39:59+00:00\",\"dateModified\":\"2025-02-27T14:18:45+00:00\",\"breadcrumb\":{\"@id\":\"https:\/\/bobimarket.pl\/index.php\/produkt\/paca-plastikowa-tynkarska-do-zacierania-13x27cm\/#breadcrumb\"},\"inLanguage\":\"pl-PL\",\"potentialAction\":[{\"@type\":\"ReadAction\",\"target\":[\"https:\/\/bobimarket.pl\/index.php\/produkt\/paca-plastikowa-tynkarska-do-zacierania-13x27cm\/\"]}]},{\"@type\":\"BreadcrumbList\",\"@id\":\"https:\/\/bobimarket.pl\/index.php\/produkt\/paca-plastikowa-tynkarska-do-zacierania-13x27cm\/#breadcrumb\",\"itemListElement\":[{\"@type\":\"ListItem\",\"position\":1,\"name\":\"Strona g\u0142\u00f3wna\",\"item\":\"https:\/\/bobimarket.pl\/\"},{\"@type\":\"ListItem\",\"position\":2,\"name\":\"Sklep\",\"item\":\"https:\/\/bobimarket.pl\/index.php\/shop\/\"},{\"@type\":\"ListItem\",\"position\":3,\"name\":\"PACA PLASTIKOWA TYNKARSKA DO ZACIERANIA 13x27cm\"}]},{\"@type\":\"WebSite\",\"@id\":\"https:\/\/bobimarket.pl\/#website\",\"url\":\"https:\/\/bobimarket.pl\/\",\"name\":\"BOBIMARKET.pl - Remontuj i urz\u0105dzaj z nami\",\"description\":\"Remontuj i urz\u0105dzaj z nami\",\"publisher\":{\"@id\":\"https:\/\/bobimarket.pl\/#organization\"},\"potentialAction\":[{\"@type\":\"SearchAction\",\"target\":{\"@type\":\"EntryPoint\",\"urlTemplate\":\"https:\/\/bobimarket.pl\/?s={search_term_string}\"},\"query-input\":\"required name=search_term_string\"}],\"inLanguage\":\"pl-PL\"},{\"@type\":\"Organization\",\"@id\":\"https:\/\/bobimarket.pl\/#organization\",\"name\":\"BOBIMARKET.pl\",\"url\":\"https:\/\/bobimarket.pl\/\",\"logo\":{\"@type\":\"ImageObject\",\"inLanguage\":\"pl-PL\",\"@id\":\"https:\/\/bobimarket.pl\/#\/schema\/logo\/image\/\",\"url\":\"https:\/\/bobimarket.pl\/wp-content\/uploads\/2021\/11\/slogan.png\",\"contentUrl\":\"https:\/\/bobimarket.pl\/wp-content\/uploads\/2021\/11\/slogan.png\",\"width\":2000,\"height\":384,\"caption\":\"BOBIMARKET.pl\"},\"image\":{\"@id\":\"https:\/\/bobimarket.pl\/#\/schema\/logo\/image\/\"}}]}<\/script>\n<!-- \/ Yoast SEO plugin. -->","yoast_head_json":{"title":"PACA PLASTIKOWA TYNKARSKA DO ZACIERANIA 13x27cm - BOBIMARKET.pl - Remontuj i urz\u0105dzaj z nami","robots":{"index":"index","follow":"follow","max-snippet":"max-snippet:-1","max-image-preview":"max-image-preview:large","max-video-preview":"max-video-preview:-1"},"canonical":"https:\/\/bobimarket.pl\/index.php\/produkt\/paca-plastikowa-tynkarska-do-zacierania-13x27cm\/","og_locale":"pl_PL","og_type":"article","og_title":"PACA PLASTIKOWA TYNKARSKA DO ZACIERANIA 13x27cm - BOBIMARKET.pl - Remontuj i urz\u0105dzaj z nami","og_description":"PACA PLASTIKOWA TYNKARSKA DO ZACIERANIA 27x13cm\u00a0 Dane techniczne: D\u0142ugo\u015b\u0107 : 27 cm Szeroko\u015b\u0107: 13\u00a0mm Grubo\u015bc p\u0142ytki: 3 mm Materia\u0142: tworzywo sztuczne Paca tynkarska wykonana z tworzywa sztucznego.\u00a0 Wyprofilowany i ergonomiczny uchwyt zapewnia komfort pracy. Paca jest lekka i por\u0119czna, prace z jej u\u017cyciem przebiegaj\u0105 sprawnie. \u2705 ZASTOSOWANIE: Paca nadaje si\u0119 do wszelkiego rodzaju prac tynkarskich:     Czytaj wi\u0119cej \"PACA PLASTIKOWA TYNKARSKA DO ZACIERANIA 13x27cm\"","og_url":"https:\/\/bobimarket.pl\/index.php\/produkt\/paca-plastikowa-tynkarska-do-zacierania-13x27cm\/","og_site_name":"BOBIMARKET.pl - Remontuj i urz\u0105dzaj z nami","article_modified_time":"2025-02-27T14:18:45+00:00","og_image":[{"url":"https:\/\/upload.cdn.baselinker.com\/products\/14476\/f39514d4aff8911b6fea871e76e9ab91.jpg"}],"twitter_card":"summary_large_image","schema":{"@context":"https:\/\/schema.org","@graph":[{"@type":"WebPage","@id":"https:\/\/bobimarket.pl\/index.php\/produkt\/paca-plastikowa-tynkarska-do-zacierania-13x27cm\/","url":"https:\/\/bobimarket.pl\/index.php\/produkt\/paca-plastikowa-tynkarska-do-zacierania-13x27cm\/","name":"PACA PLASTIKOWA TYNKARSKA DO ZACIERANIA 13x27cm - BOBIMARKET.pl - Remontuj i urz\u0105dzaj z nami","isPartOf":{"@id":"https:\/\/bobimarket.pl\/#website"},"datePublished":"2023-08-29T20:39:59+00:00","dateModified":"2025-02-27T14:18:45+00:00","breadcrumb":{"@id":"https:\/\/bobimarket.pl\/index.php\/produkt\/paca-plastikowa-tynkarska-do-zacierania-13x27cm\/#breadcrumb"},"inLanguage":"pl-PL","potentialAction":[{"@type":"ReadAction","target":["https:\/\/bobimarket.pl\/index.php\/produkt\/paca-plastikowa-tynkarska-do-zacierania-13x27cm\/"]}]},{"@type":"BreadcrumbList","@id":"https:\/\/bobimarket.pl\/index.php\/produkt\/paca-plastikowa-tynkarska-do-zacierania-13x27cm\/#breadcrumb","itemListElement":[{"@type":"ListItem","position":1,"name":"Strona g\u0142\u00f3wna","item":"https:\/\/bobimarket.pl\/"},{"@type":"ListItem","position":2,"name":"Sklep","item":"https:\/\/bobimarket.pl\/index.php\/shop\/"},{"@type":"ListItem","position":3,"name":"PACA PLASTIKOWA TYNKARSKA DO ZACIERANIA 13x27cm"}]},{"@type":"WebSite","@id":"https:\/\/bobimarket.pl\/#website","url":"https:\/\/bobimarket.pl\/","name":"BOBIMARKET.pl - Remontuj i urz\u0105dzaj z nami","description":"Remontuj i urz\u0105dzaj z nami","publisher":{"@id":"https:\/\/bobimarket.pl\/#organization"},"potentialAction":[{"@type":"SearchAction","target":{"@type":"EntryPoint","urlTemplate":"https:\/\/bobimarket.pl\/?s={search_term_string}"},"query-input":"required name=search_term_string"}],"inLanguage":"pl-PL"},{"@type":"Organization","@id":"https:\/\/bobimarket.pl\/#organization","name":"BOBIMARKET.pl","url":"https:\/\/bobimarket.pl\/","logo":{"@type":"ImageObject","inLanguage":"pl-PL","@id":"https:\/\/bobimarket.pl\/#\/schema\/logo\/image\/","url":"https:\/\/bobimarket.pl\/wp-content\/uploads\/2021\/11\/slogan.png","contentUrl":"https:\/\/bobimarket.pl\/wp-content\/uploads\/2021\/11\/slogan.png","width":2000,"height":384,"caption":"BOBIMARKET.pl"},"image":{"@id":"https:\/\/bobimarket.pl\/#\/schema\/logo\/image\/"}}]}},"_links":{"self":[{"href":"https:\/\/bobimarket.pl\/index.php\/wp-json\/wp\/v2\/product\/84373"}],"collection":[{"href":"https:\/\/bobimarket.pl\/index.php\/wp-json\/wp\/v2\/product"}],"about":[{"href":"https:\/\/bobimarket.pl\/index.php\/wp-json\/wp\/v2\/types\/product"}],"wp:featuredmedia":[{"embeddable":true,"href":"https:\/\/bobimarket.pl\/index.php\/wp-json\/wp\/v2\/media\/84371"}],"wp:attachment":[{"href":"https:\/\/bobimarket.pl\/index.php\/wp-json\/wp\/v2\/media?parent=84373"}],"wp:term":[{"taxonomy":"product_cat","embeddable":true,"href":"https:\/\/bobimarket.pl\/index.php\/wp-json\/wp\/v2\/product_cat?post=84373"},{"taxonomy":"product_tag","embeddable":true,"href":"https:\/\/bobimarket.pl\/index.php\/wp-json\/wp\/v2\/product_tag?post=84373"}],"curies":[{"name":"wp","href":"https:\/\/api.w.org\/{rel}","templated":true}]}}