{"id":84395,"date":"2023-08-29T20:44:42","date_gmt":"2023-08-29T20:44:42","guid":{"rendered":"https:\/\/bobimarket.pl\/index.php\/produkt\/paca-nierdzewna-uchwyt-guma-gladka-270x130mm\/"},"modified":"2025-02-27T14:19:12","modified_gmt":"2025-02-27T14:19:12","slug":"paca-nierdzewna-uchwyt-guma-gladka-270x130mm","status":"publish","type":"product","link":"https:\/\/bobimarket.pl\/index.php\/produkt\/paca-nierdzewna-uchwyt-guma-gladka-270x130mm\/","title":{"rendered":"PACA NIERDZEWNA UCHWYT GUMA G\u0141ADKA 270x130MM"},"content":{"rendered":"<section class=\"section\">\n<div class=\"item item-6\">\n<section class=\"text-item\">\n<h2>PACA NIERDZEWNA UCHWYT GUMA G\u0141ADKA 270x130MM<\/h2>\n<p><b>Dane techniczne:<\/b><\/p>\n<ul>\n<li>D\u0142ugo\u015b\u0107: <b>270mm<\/b><\/li>\n<li>Szeroko\u015b\u0107: <b>130mm<\/b><\/li>\n<li>Stal nierdzewna<\/li>\n<li>Gumowany uchwyt<\/li>\n<\/ul>\n<p><b>Produkt wyprodukowany w Polsce!<\/b><\/p>\n<\/section><\/div>\n<div class=\"item item-6\">\n<section class=\"image-item\"><img decoding=\"async\" src=\"https:\/\/upload.cdn.baselinker.com\/products\/14476\/dd59c061283b214cdc99e9eddfa5ccd0.jpg\"><\/section>\n<\/p><\/div>\n<\/section>\n<section class=\"section\">\n<div class=\"item item-6\">\n<section class=\"image-item\"><img decoding=\"async\" src=\"https:\/\/upload.cdn.baselinker.com\/products\/14476\/3de96af18182a581223193581f06c014.jpg\"><\/section>\n<\/p><\/div>\n<div class=\"item item-6\">\n<section class=\"text-item\">\n<p>Solidna\u00a0paca wykonana z najwy\u017cszej jako\u015bci stali <b>nierdzewnej kwasoodpornej<\/b>.<\/p>\n<ul>\n<li>Ergonomicznie wyprofilowany gumowy uchwyt zapewnia komfort pracy. Jest antypo\u015blizgowy.<\/li>\n<li>\u0141atwa w u\u017cyciu, prace przebiegaj\u0105 sprawnie.<\/li>\n<li>D\u0142ugi okres u\u017cytkowania<\/li>\n<\/ul>\n<p>\u2705\u00a0<b>Zastosowanie:<\/b><\/p>\n<p>Paca doskonale sprawdzi si\u0119 podczas:<\/p>\n<ul>\n<li>prac remontowo \u2013 budowlanych,<\/li>\n<li>prac gipsowych<\/li>\n<li>nak\u0142adania i rozprowadzania tynk\u00f3w strukturalnych, kleju itp.<\/li>\n<\/ul>\n<\/section><\/div>\n<\/section>\n<section class=\"section\">\n<div class=\"item item-12\">\n<section class=\"image-item\"><img decoding=\"async\" src=\"https:\/\/upload.cdn.baselinker.com\/products\/14476\/91f9732b5203dd10df58f0f922417276.jpg\"><\/section>\n<\/p><\/div>\n<\/section>\n<section class=\"section\">\n<div class=\"item item-12\">\n<section class=\"image-item\"><img decoding=\"async\" src=\"https:\/\/upload.cdn.baselinker.com\/products\/14476\/390a15a77c697ede0851b62d6f5d468e.jpg\"><\/section>\n<\/p><\/div>\n<\/section>\n","protected":false},"excerpt":{"rendered":"<p>PACA NIERDZEWNA UCHWYT GUMA G\u0141ADKA 270x130MM Dane techniczne: D\u0142ugo\u015b\u0107: 270mm Szeroko\u015b\u0107: 130mm Stal nierdzewna Gumowany uchwyt Produkt wyprodukowany w Polsce! Solidna\u00a0paca wykonana z najwy\u017cszej jako\u015bci stali nierdzewnej kwasoodpornej. Ergonomicznie wyprofilowany gumowy uchwyt zapewnia komfort pracy. Jest antypo\u015blizgowy. \u0141atwa w u\u017cyciu, prace przebiegaj\u0105 sprawnie. D\u0142ugi okres u\u017cytkowania \u2705\u00a0Zastosowanie: Paca doskonale sprawdzi si\u0119 podczas: prac remontowo \u2013<br \/><a class=\"more-link\" href=\"https:\/\/bobimarket.pl\/index.php\/produkt\/paca-nierdzewna-uchwyt-guma-gladka-270x130mm\/\"><br \/>\n        Czytaj wi\u0119cej<span class=\"screen-reader-text\"> &#8222;PACA NIERDZEWNA UCHWYT GUMA G\u0141ADKA 270x130MM&#8221;<\/span><\/a><\/p>\n","protected":false},"featured_media":84391,"template":"","meta":[],"product_cat":[8261],"product_tag":[],"yoast_head":"<!-- This site is optimized with the Yoast SEO plugin v21.0 - https:\/\/yoast.com\/wordpress\/plugins\/seo\/ -->\n<title>PACA NIERDZEWNA UCHWYT GUMA G\u0141ADKA 270x130MM - BOBIMARKET.pl - Remontuj i urz\u0105dzaj z nami<\/title>\n<meta name=\"robots\" content=\"index, follow, max-snippet:-1, max-image-preview:large, max-video-preview:-1\" \/>\n<link rel=\"canonical\" href=\"https:\/\/bobimarket.pl\/index.php\/produkt\/paca-nierdzewna-uchwyt-guma-gladka-270x130mm\/\" \/>\n<meta property=\"og:locale\" content=\"pl_PL\" \/>\n<meta property=\"og:type\" content=\"article\" \/>\n<meta property=\"og:title\" content=\"PACA NIERDZEWNA UCHWYT GUMA G\u0141ADKA 270x130MM - BOBIMARKET.pl - Remontuj i urz\u0105dzaj z nami\" \/>\n<meta property=\"og:description\" content=\"PACA NIERDZEWNA UCHWYT GUMA G\u0141ADKA 270x130MM Dane techniczne: D\u0142ugo\u015b\u0107: 270mm Szeroko\u015b\u0107: 130mm Stal nierdzewna Gumowany uchwyt Produkt wyprodukowany w Polsce! Solidna\u00a0paca wykonana z najwy\u017cszej jako\u015bci stali nierdzewnej kwasoodpornej. Ergonomicznie wyprofilowany gumowy uchwyt zapewnia komfort pracy. Jest antypo\u015blizgowy. \u0141atwa w u\u017cyciu, prace przebiegaj\u0105 sprawnie. D\u0142ugi okres u\u017cytkowania \u2705\u00a0Zastosowanie: Paca doskonale sprawdzi si\u0119 podczas: prac remontowo \u2013     Czytaj wi\u0119cej &quot;PACA NIERDZEWNA UCHWYT GUMA G\u0141ADKA 270x130MM&quot;\" \/>\n<meta property=\"og:url\" content=\"https:\/\/bobimarket.pl\/index.php\/produkt\/paca-nierdzewna-uchwyt-guma-gladka-270x130mm\/\" \/>\n<meta property=\"og:site_name\" content=\"BOBIMARKET.pl - Remontuj i urz\u0105dzaj z nami\" \/>\n<meta property=\"article:modified_time\" content=\"2025-02-27T14:19:12+00:00\" \/>\n<meta property=\"og:image\" content=\"https:\/\/upload.cdn.baselinker.com\/products\/14476\/dd59c061283b214cdc99e9eddfa5ccd0.jpg\" \/>\n<meta name=\"twitter:card\" content=\"summary_large_image\" \/>\n<script type=\"application\/ld+json\" class=\"yoast-schema-graph\">{\"@context\":\"https:\/\/schema.org\",\"@graph\":[{\"@type\":\"WebPage\",\"@id\":\"https:\/\/bobimarket.pl\/index.php\/produkt\/paca-nierdzewna-uchwyt-guma-gladka-270x130mm\/\",\"url\":\"https:\/\/bobimarket.pl\/index.php\/produkt\/paca-nierdzewna-uchwyt-guma-gladka-270x130mm\/\",\"name\":\"PACA NIERDZEWNA UCHWYT GUMA G\u0141ADKA 270x130MM - BOBIMARKET.pl - Remontuj i urz\u0105dzaj z nami\",\"isPartOf\":{\"@id\":\"https:\/\/bobimarket.pl\/#website\"},\"datePublished\":\"2023-08-29T20:44:42+00:00\",\"dateModified\":\"2025-02-27T14:19:12+00:00\",\"breadcrumb\":{\"@id\":\"https:\/\/bobimarket.pl\/index.php\/produkt\/paca-nierdzewna-uchwyt-guma-gladka-270x130mm\/#breadcrumb\"},\"inLanguage\":\"pl-PL\",\"potentialAction\":[{\"@type\":\"ReadAction\",\"target\":[\"https:\/\/bobimarket.pl\/index.php\/produkt\/paca-nierdzewna-uchwyt-guma-gladka-270x130mm\/\"]}]},{\"@type\":\"BreadcrumbList\",\"@id\":\"https:\/\/bobimarket.pl\/index.php\/produkt\/paca-nierdzewna-uchwyt-guma-gladka-270x130mm\/#breadcrumb\",\"itemListElement\":[{\"@type\":\"ListItem\",\"position\":1,\"name\":\"Strona g\u0142\u00f3wna\",\"item\":\"https:\/\/bobimarket.pl\/\"},{\"@type\":\"ListItem\",\"position\":2,\"name\":\"Sklep\",\"item\":\"https:\/\/bobimarket.pl\/index.php\/shop\/\"},{\"@type\":\"ListItem\",\"position\":3,\"name\":\"PACA NIERDZEWNA UCHWYT GUMA G\u0141ADKA 270x130MM\"}]},{\"@type\":\"WebSite\",\"@id\":\"https:\/\/bobimarket.pl\/#website\",\"url\":\"https:\/\/bobimarket.pl\/\",\"name\":\"BOBIMARKET.pl - Remontuj i urz\u0105dzaj z nami\",\"description\":\"Remontuj i urz\u0105dzaj z nami\",\"publisher\":{\"@id\":\"https:\/\/bobimarket.pl\/#organization\"},\"potentialAction\":[{\"@type\":\"SearchAction\",\"target\":{\"@type\":\"EntryPoint\",\"urlTemplate\":\"https:\/\/bobimarket.pl\/?s={search_term_string}\"},\"query-input\":\"required name=search_term_string\"}],\"inLanguage\":\"pl-PL\"},{\"@type\":\"Organization\",\"@id\":\"https:\/\/bobimarket.pl\/#organization\",\"name\":\"BOBIMARKET.pl\",\"url\":\"https:\/\/bobimarket.pl\/\",\"logo\":{\"@type\":\"ImageObject\",\"inLanguage\":\"pl-PL\",\"@id\":\"https:\/\/bobimarket.pl\/#\/schema\/logo\/image\/\",\"url\":\"https:\/\/bobimarket.pl\/wp-content\/uploads\/2021\/11\/slogan.png\",\"contentUrl\":\"https:\/\/bobimarket.pl\/wp-content\/uploads\/2021\/11\/slogan.png\",\"width\":2000,\"height\":384,\"caption\":\"BOBIMARKET.pl\"},\"image\":{\"@id\":\"https:\/\/bobimarket.pl\/#\/schema\/logo\/image\/\"}}]}<\/script>\n<!-- \/ Yoast SEO plugin. -->","yoast_head_json":{"title":"PACA NIERDZEWNA UCHWYT GUMA G\u0141ADKA 270x130MM - BOBIMARKET.pl - Remontuj i urz\u0105dzaj z nami","robots":{"index":"index","follow":"follow","max-snippet":"max-snippet:-1","max-image-preview":"max-image-preview:large","max-video-preview":"max-video-preview:-1"},"canonical":"https:\/\/bobimarket.pl\/index.php\/produkt\/paca-nierdzewna-uchwyt-guma-gladka-270x130mm\/","og_locale":"pl_PL","og_type":"article","og_title":"PACA NIERDZEWNA UCHWYT GUMA G\u0141ADKA 270x130MM - BOBIMARKET.pl - Remontuj i urz\u0105dzaj z nami","og_description":"PACA NIERDZEWNA UCHWYT GUMA G\u0141ADKA 270x130MM Dane techniczne: D\u0142ugo\u015b\u0107: 270mm Szeroko\u015b\u0107: 130mm Stal nierdzewna Gumowany uchwyt Produkt wyprodukowany w Polsce! Solidna\u00a0paca wykonana z najwy\u017cszej jako\u015bci stali nierdzewnej kwasoodpornej. Ergonomicznie wyprofilowany gumowy uchwyt zapewnia komfort pracy. Jest antypo\u015blizgowy. \u0141atwa w u\u017cyciu, prace przebiegaj\u0105 sprawnie. D\u0142ugi okres u\u017cytkowania \u2705\u00a0Zastosowanie: Paca doskonale sprawdzi si\u0119 podczas: prac remontowo \u2013     Czytaj wi\u0119cej \"PACA NIERDZEWNA UCHWYT GUMA G\u0141ADKA 270x130MM\"","og_url":"https:\/\/bobimarket.pl\/index.php\/produkt\/paca-nierdzewna-uchwyt-guma-gladka-270x130mm\/","og_site_name":"BOBIMARKET.pl - Remontuj i urz\u0105dzaj z nami","article_modified_time":"2025-02-27T14:19:12+00:00","og_image":[{"url":"https:\/\/upload.cdn.baselinker.com\/products\/14476\/dd59c061283b214cdc99e9eddfa5ccd0.jpg"}],"twitter_card":"summary_large_image","schema":{"@context":"https:\/\/schema.org","@graph":[{"@type":"WebPage","@id":"https:\/\/bobimarket.pl\/index.php\/produkt\/paca-nierdzewna-uchwyt-guma-gladka-270x130mm\/","url":"https:\/\/bobimarket.pl\/index.php\/produkt\/paca-nierdzewna-uchwyt-guma-gladka-270x130mm\/","name":"PACA NIERDZEWNA UCHWYT GUMA G\u0141ADKA 270x130MM - BOBIMARKET.pl - Remontuj i urz\u0105dzaj z nami","isPartOf":{"@id":"https:\/\/bobimarket.pl\/#website"},"datePublished":"2023-08-29T20:44:42+00:00","dateModified":"2025-02-27T14:19:12+00:00","breadcrumb":{"@id":"https:\/\/bobimarket.pl\/index.php\/produkt\/paca-nierdzewna-uchwyt-guma-gladka-270x130mm\/#breadcrumb"},"inLanguage":"pl-PL","potentialAction":[{"@type":"ReadAction","target":["https:\/\/bobimarket.pl\/index.php\/produkt\/paca-nierdzewna-uchwyt-guma-gladka-270x130mm\/"]}]},{"@type":"BreadcrumbList","@id":"https:\/\/bobimarket.pl\/index.php\/produkt\/paca-nierdzewna-uchwyt-guma-gladka-270x130mm\/#breadcrumb","itemListElement":[{"@type":"ListItem","position":1,"name":"Strona g\u0142\u00f3wna","item":"https:\/\/bobimarket.pl\/"},{"@type":"ListItem","position":2,"name":"Sklep","item":"https:\/\/bobimarket.pl\/index.php\/shop\/"},{"@type":"ListItem","position":3,"name":"PACA NIERDZEWNA UCHWYT GUMA G\u0141ADKA 270x130MM"}]},{"@type":"WebSite","@id":"https:\/\/bobimarket.pl\/#website","url":"https:\/\/bobimarket.pl\/","name":"BOBIMARKET.pl - Remontuj i urz\u0105dzaj z nami","description":"Remontuj i urz\u0105dzaj z nami","publisher":{"@id":"https:\/\/bobimarket.pl\/#organization"},"potentialAction":[{"@type":"SearchAction","target":{"@type":"EntryPoint","urlTemplate":"https:\/\/bobimarket.pl\/?s={search_term_string}"},"query-input":"required name=search_term_string"}],"inLanguage":"pl-PL"},{"@type":"Organization","@id":"https:\/\/bobimarket.pl\/#organization","name":"BOBIMARKET.pl","url":"https:\/\/bobimarket.pl\/","logo":{"@type":"ImageObject","inLanguage":"pl-PL","@id":"https:\/\/bobimarket.pl\/#\/schema\/logo\/image\/","url":"https:\/\/bobimarket.pl\/wp-content\/uploads\/2021\/11\/slogan.png","contentUrl":"https:\/\/bobimarket.pl\/wp-content\/uploads\/2021\/11\/slogan.png","width":2000,"height":384,"caption":"BOBIMARKET.pl"},"image":{"@id":"https:\/\/bobimarket.pl\/#\/schema\/logo\/image\/"}}]}},"_links":{"self":[{"href":"https:\/\/bobimarket.pl\/index.php\/wp-json\/wp\/v2\/product\/84395"}],"collection":[{"href":"https:\/\/bobimarket.pl\/index.php\/wp-json\/wp\/v2\/product"}],"about":[{"href":"https:\/\/bobimarket.pl\/index.php\/wp-json\/wp\/v2\/types\/product"}],"wp:featuredmedia":[{"embeddable":true,"href":"https:\/\/bobimarket.pl\/index.php\/wp-json\/wp\/v2\/media\/84391"}],"wp:attachment":[{"href":"https:\/\/bobimarket.pl\/index.php\/wp-json\/wp\/v2\/media?parent=84395"}],"wp:term":[{"taxonomy":"product_cat","embeddable":true,"href":"https:\/\/bobimarket.pl\/index.php\/wp-json\/wp\/v2\/product_cat?post=84395"},{"taxonomy":"product_tag","embeddable":true,"href":"https:\/\/bobimarket.pl\/index.php\/wp-json\/wp\/v2\/product_tag?post=84395"}],"curies":[{"name":"wp","href":"https:\/\/api.w.org\/{rel}","templated":true}]}}