{"id":84449,"date":"2023-08-29T20:49:55","date_gmt":"2023-08-29T20:49:55","guid":{"rendered":"https:\/\/bobimarket.pl\/index.php\/produkt\/klej-do-pistoletu-na-goraco-wklad-11x280mm-1kg\/"},"modified":"2025-02-27T14:20:13","modified_gmt":"2025-02-27T14:20:13","slug":"klej-do-pistoletu-na-goraco-wklad-11x280mm-1kg","status":"publish","type":"product","link":"https:\/\/bobimarket.pl\/index.php\/produkt\/klej-do-pistoletu-na-goraco-wklad-11x280mm-1kg\/","title":{"rendered":"KLEJ DO PISTOLETU NA GOR\u0104CO WK\u0141AD 11x280MM 1kg"},"content":{"rendered":"<section class=\"section\">\n<div class=\"item item-12\">\n<section class=\"text-item\">\n<h2>KLEJ\u00a0 DO PISTOLETU NA GOR\u0104CO WK\u0141AD 11x280MM 1kg<\/h2>\n<p>Dane techniczne:<\/p>\n<ul>\n<li>\u015arednica : <b>11mm<\/b><\/li>\n<li>D\u0142ugo\u015b\u0107:<b> 280mm<\/b><\/li>\n<li><b>Bezbarwny<\/b><\/li>\n<li>Szybkie topienie<\/li>\n<\/ul>\n<p>Zestaw zawiera :<\/p>\n<ul>\n<li><b>34szt=1kg<\/b><\/li>\n<\/ul>\n<\/section><\/div>\n<\/section>\n<section class=\"section\">\n<div class=\"item item-12\">\n<section class=\"image-item\">\n            <img decoding=\"async\" src=\"https:\/\/upload.cdn.baselinker.com\/products\/14476\/c664b57740246263eb5cb70723ca50f9.jpg\" \/><br \/>\n        <\/section>\n<\/p><\/div>\n<\/section>\n<section class=\"section\">\n<div class=\"item item-12\">\n<section class=\"text-item\">\n<p>Wysokiej jako\u015b\u0107i bezbarwny <b>klej do pistoletu na gor\u0105co<\/b>. Nadaje si\u0119 do pistolet\u00f3w o \u015brednicy 11-12mm. Dzi\u0119ki szybkiemu wi\u0105zaniu praca nie wymaga du\u017cego nak\u0142adu czasu. \u015awietnie sprawdzi si\u0119 do tworzenia oryginalnych i kreatywnych prac, ale i drobnych napraw.<\/p>\n<p>\u2705 Klej ten jest bardzo uniwersalny, posiada szereg zastosowan:<\/p>\n<ul>\n<li>ozdoby,stroiki<\/li>\n<li>kartony<\/li>\n<li>tkaniny<\/li>\n<li>uk\u0142ada przewody<\/li>\n<li>itp.<\/li>\n<\/ul>\n<\/section><\/div>\n<\/section>\n<section class=\"section\">\n<div class=\"item item-12\">\n<section class=\"image-item\">\n            <img decoding=\"async\" src=\"https:\/\/upload.cdn.baselinker.com\/products\/14476\/388f2d6768a9f6fac5e41f07836f1dbe.jpg\" \/><br \/>\n        <\/section>\n<\/p><\/div>\n<\/section>\n<section class=\"section\">\n<div class=\"item item-6\">\n<section class=\"image-item\">\n            <img decoding=\"async\" src=\"https:\/\/upload.cdn.baselinker.com\/products\/14476\/4d1def54343685adb3380b77cc70dd26.jpg\" \/><br \/>\n        <\/section>\n<\/p><\/div>\n<div class=\"item item-6\">\n<section class=\"image-item\">\n            <img decoding=\"async\" src=\"https:\/\/upload.cdn.baselinker.com\/products\/14476\/ef77fcc5b9cc8b3deb4862e6dd36455e.jpg\" \/><br \/>\n        <\/section>\n<\/p><\/div>\n<\/section>\n","protected":false},"excerpt":{"rendered":"<p>KLEJ\u00a0 DO PISTOLETU NA GOR\u0104CO WK\u0141AD 11x280MM 1kg Dane techniczne: \u015arednica : 11mm D\u0142ugo\u015b\u0107: 280mm Bezbarwny Szybkie topienie Zestaw zawiera : 34szt=1kg Wysokiej jako\u015b\u0107i bezbarwny klej do pistoletu na gor\u0105co. Nadaje si\u0119 do pistolet\u00f3w o \u015brednicy 11-12mm. Dzi\u0119ki szybkiemu wi\u0105zaniu praca nie wymaga du\u017cego nak\u0142adu czasu. \u015awietnie sprawdzi si\u0119 do tworzenia oryginalnych i kreatywnych prac,<br \/><a class=\"more-link\" href=\"https:\/\/bobimarket.pl\/index.php\/produkt\/klej-do-pistoletu-na-goraco-wklad-11x280mm-1kg\/\"><br \/>\n        Czytaj wi\u0119cej<span class=\"screen-reader-text\"> &#8222;KLEJ DO PISTOLETU NA GOR\u0104CO WK\u0141AD 11x280MM 1kg&#8221;<\/span><\/a><\/p>\n","protected":false},"featured_media":84444,"template":"","meta":[],"product_cat":[8214],"product_tag":[],"yoast_head":"<!-- This site is optimized with the Yoast SEO plugin v21.0 - https:\/\/yoast.com\/wordpress\/plugins\/seo\/ -->\n<title>KLEJ DO PISTOLETU NA GOR\u0104CO WK\u0141AD 11x280MM 1kg - BOBIMARKET.pl - Remontuj i urz\u0105dzaj z nami<\/title>\n<meta name=\"robots\" content=\"index, follow, max-snippet:-1, max-image-preview:large, max-video-preview:-1\" \/>\n<link rel=\"canonical\" href=\"https:\/\/bobimarket.pl\/index.php\/produkt\/klej-do-pistoletu-na-goraco-wklad-11x280mm-1kg\/\" \/>\n<meta property=\"og:locale\" content=\"pl_PL\" \/>\n<meta property=\"og:type\" content=\"article\" \/>\n<meta property=\"og:title\" content=\"KLEJ DO PISTOLETU NA GOR\u0104CO WK\u0141AD 11x280MM 1kg - BOBIMARKET.pl - Remontuj i urz\u0105dzaj z nami\" \/>\n<meta property=\"og:description\" content=\"KLEJ\u00a0 DO PISTOLETU NA GOR\u0104CO WK\u0141AD 11x280MM 1kg Dane techniczne: \u015arednica : 11mm D\u0142ugo\u015b\u0107: 280mm Bezbarwny Szybkie topienie Zestaw zawiera : 34szt=1kg Wysokiej jako\u015b\u0107i bezbarwny klej do pistoletu na gor\u0105co. Nadaje si\u0119 do pistolet\u00f3w o \u015brednicy 11-12mm. Dzi\u0119ki szybkiemu wi\u0105zaniu praca nie wymaga du\u017cego nak\u0142adu czasu. \u015awietnie sprawdzi si\u0119 do tworzenia oryginalnych i kreatywnych prac,     Czytaj wi\u0119cej &quot;KLEJ DO PISTOLETU NA GOR\u0104CO WK\u0141AD 11x280MM 1kg&quot;\" \/>\n<meta property=\"og:url\" content=\"https:\/\/bobimarket.pl\/index.php\/produkt\/klej-do-pistoletu-na-goraco-wklad-11x280mm-1kg\/\" \/>\n<meta property=\"og:site_name\" content=\"BOBIMARKET.pl - Remontuj i urz\u0105dzaj z nami\" \/>\n<meta property=\"article:modified_time\" content=\"2025-02-27T14:20:13+00:00\" \/>\n<meta property=\"og:image\" content=\"https:\/\/upload.cdn.baselinker.com\/products\/14476\/c664b57740246263eb5cb70723ca50f9.jpg\" \/>\n<meta name=\"twitter:card\" content=\"summary_large_image\" \/>\n<script type=\"application\/ld+json\" class=\"yoast-schema-graph\">{\"@context\":\"https:\/\/schema.org\",\"@graph\":[{\"@type\":\"WebPage\",\"@id\":\"https:\/\/bobimarket.pl\/index.php\/produkt\/klej-do-pistoletu-na-goraco-wklad-11x280mm-1kg\/\",\"url\":\"https:\/\/bobimarket.pl\/index.php\/produkt\/klej-do-pistoletu-na-goraco-wklad-11x280mm-1kg\/\",\"name\":\"KLEJ DO PISTOLETU NA GOR\u0104CO WK\u0141AD 11x280MM 1kg - BOBIMARKET.pl - Remontuj i urz\u0105dzaj z nami\",\"isPartOf\":{\"@id\":\"https:\/\/bobimarket.pl\/#website\"},\"datePublished\":\"2023-08-29T20:49:55+00:00\",\"dateModified\":\"2025-02-27T14:20:13+00:00\",\"breadcrumb\":{\"@id\":\"https:\/\/bobimarket.pl\/index.php\/produkt\/klej-do-pistoletu-na-goraco-wklad-11x280mm-1kg\/#breadcrumb\"},\"inLanguage\":\"pl-PL\",\"potentialAction\":[{\"@type\":\"ReadAction\",\"target\":[\"https:\/\/bobimarket.pl\/index.php\/produkt\/klej-do-pistoletu-na-goraco-wklad-11x280mm-1kg\/\"]}]},{\"@type\":\"BreadcrumbList\",\"@id\":\"https:\/\/bobimarket.pl\/index.php\/produkt\/klej-do-pistoletu-na-goraco-wklad-11x280mm-1kg\/#breadcrumb\",\"itemListElement\":[{\"@type\":\"ListItem\",\"position\":1,\"name\":\"Strona g\u0142\u00f3wna\",\"item\":\"https:\/\/bobimarket.pl\/\"},{\"@type\":\"ListItem\",\"position\":2,\"name\":\"Sklep\",\"item\":\"https:\/\/bobimarket.pl\/index.php\/shop\/\"},{\"@type\":\"ListItem\",\"position\":3,\"name\":\"KLEJ DO PISTOLETU NA GOR\u0104CO WK\u0141AD 11x280MM 1kg\"}]},{\"@type\":\"WebSite\",\"@id\":\"https:\/\/bobimarket.pl\/#website\",\"url\":\"https:\/\/bobimarket.pl\/\",\"name\":\"BOBIMARKET.pl - Remontuj i urz\u0105dzaj z nami\",\"description\":\"Remontuj i urz\u0105dzaj z nami\",\"publisher\":{\"@id\":\"https:\/\/bobimarket.pl\/#organization\"},\"potentialAction\":[{\"@type\":\"SearchAction\",\"target\":{\"@type\":\"EntryPoint\",\"urlTemplate\":\"https:\/\/bobimarket.pl\/?s={search_term_string}\"},\"query-input\":\"required name=search_term_string\"}],\"inLanguage\":\"pl-PL\"},{\"@type\":\"Organization\",\"@id\":\"https:\/\/bobimarket.pl\/#organization\",\"name\":\"BOBIMARKET.pl\",\"url\":\"https:\/\/bobimarket.pl\/\",\"logo\":{\"@type\":\"ImageObject\",\"inLanguage\":\"pl-PL\",\"@id\":\"https:\/\/bobimarket.pl\/#\/schema\/logo\/image\/\",\"url\":\"https:\/\/bobimarket.pl\/wp-content\/uploads\/2021\/11\/slogan.png\",\"contentUrl\":\"https:\/\/bobimarket.pl\/wp-content\/uploads\/2021\/11\/slogan.png\",\"width\":2000,\"height\":384,\"caption\":\"BOBIMARKET.pl\"},\"image\":{\"@id\":\"https:\/\/bobimarket.pl\/#\/schema\/logo\/image\/\"}}]}<\/script>\n<!-- \/ Yoast SEO plugin. -->","yoast_head_json":{"title":"KLEJ DO PISTOLETU NA GOR\u0104CO WK\u0141AD 11x280MM 1kg - BOBIMARKET.pl - Remontuj i urz\u0105dzaj z nami","robots":{"index":"index","follow":"follow","max-snippet":"max-snippet:-1","max-image-preview":"max-image-preview:large","max-video-preview":"max-video-preview:-1"},"canonical":"https:\/\/bobimarket.pl\/index.php\/produkt\/klej-do-pistoletu-na-goraco-wklad-11x280mm-1kg\/","og_locale":"pl_PL","og_type":"article","og_title":"KLEJ DO PISTOLETU NA GOR\u0104CO WK\u0141AD 11x280MM 1kg - BOBIMARKET.pl - Remontuj i urz\u0105dzaj z nami","og_description":"KLEJ\u00a0 DO PISTOLETU NA GOR\u0104CO WK\u0141AD 11x280MM 1kg Dane techniczne: \u015arednica : 11mm D\u0142ugo\u015b\u0107: 280mm Bezbarwny Szybkie topienie Zestaw zawiera : 34szt=1kg Wysokiej jako\u015b\u0107i bezbarwny klej do pistoletu na gor\u0105co. Nadaje si\u0119 do pistolet\u00f3w o \u015brednicy 11-12mm. Dzi\u0119ki szybkiemu wi\u0105zaniu praca nie wymaga du\u017cego nak\u0142adu czasu. \u015awietnie sprawdzi si\u0119 do tworzenia oryginalnych i kreatywnych prac,     Czytaj wi\u0119cej \"KLEJ DO PISTOLETU NA GOR\u0104CO WK\u0141AD 11x280MM 1kg\"","og_url":"https:\/\/bobimarket.pl\/index.php\/produkt\/klej-do-pistoletu-na-goraco-wklad-11x280mm-1kg\/","og_site_name":"BOBIMARKET.pl - Remontuj i urz\u0105dzaj z nami","article_modified_time":"2025-02-27T14:20:13+00:00","og_image":[{"url":"https:\/\/upload.cdn.baselinker.com\/products\/14476\/c664b57740246263eb5cb70723ca50f9.jpg"}],"twitter_card":"summary_large_image","schema":{"@context":"https:\/\/schema.org","@graph":[{"@type":"WebPage","@id":"https:\/\/bobimarket.pl\/index.php\/produkt\/klej-do-pistoletu-na-goraco-wklad-11x280mm-1kg\/","url":"https:\/\/bobimarket.pl\/index.php\/produkt\/klej-do-pistoletu-na-goraco-wklad-11x280mm-1kg\/","name":"KLEJ DO PISTOLETU NA GOR\u0104CO WK\u0141AD 11x280MM 1kg - BOBIMARKET.pl - Remontuj i urz\u0105dzaj z nami","isPartOf":{"@id":"https:\/\/bobimarket.pl\/#website"},"datePublished":"2023-08-29T20:49:55+00:00","dateModified":"2025-02-27T14:20:13+00:00","breadcrumb":{"@id":"https:\/\/bobimarket.pl\/index.php\/produkt\/klej-do-pistoletu-na-goraco-wklad-11x280mm-1kg\/#breadcrumb"},"inLanguage":"pl-PL","potentialAction":[{"@type":"ReadAction","target":["https:\/\/bobimarket.pl\/index.php\/produkt\/klej-do-pistoletu-na-goraco-wklad-11x280mm-1kg\/"]}]},{"@type":"BreadcrumbList","@id":"https:\/\/bobimarket.pl\/index.php\/produkt\/klej-do-pistoletu-na-goraco-wklad-11x280mm-1kg\/#breadcrumb","itemListElement":[{"@type":"ListItem","position":1,"name":"Strona g\u0142\u00f3wna","item":"https:\/\/bobimarket.pl\/"},{"@type":"ListItem","position":2,"name":"Sklep","item":"https:\/\/bobimarket.pl\/index.php\/shop\/"},{"@type":"ListItem","position":3,"name":"KLEJ DO PISTOLETU NA GOR\u0104CO WK\u0141AD 11x280MM 1kg"}]},{"@type":"WebSite","@id":"https:\/\/bobimarket.pl\/#website","url":"https:\/\/bobimarket.pl\/","name":"BOBIMARKET.pl - Remontuj i urz\u0105dzaj z nami","description":"Remontuj i urz\u0105dzaj z nami","publisher":{"@id":"https:\/\/bobimarket.pl\/#organization"},"potentialAction":[{"@type":"SearchAction","target":{"@type":"EntryPoint","urlTemplate":"https:\/\/bobimarket.pl\/?s={search_term_string}"},"query-input":"required name=search_term_string"}],"inLanguage":"pl-PL"},{"@type":"Organization","@id":"https:\/\/bobimarket.pl\/#organization","name":"BOBIMARKET.pl","url":"https:\/\/bobimarket.pl\/","logo":{"@type":"ImageObject","inLanguage":"pl-PL","@id":"https:\/\/bobimarket.pl\/#\/schema\/logo\/image\/","url":"https:\/\/bobimarket.pl\/wp-content\/uploads\/2021\/11\/slogan.png","contentUrl":"https:\/\/bobimarket.pl\/wp-content\/uploads\/2021\/11\/slogan.png","width":2000,"height":384,"caption":"BOBIMARKET.pl"},"image":{"@id":"https:\/\/bobimarket.pl\/#\/schema\/logo\/image\/"}}]}},"_links":{"self":[{"href":"https:\/\/bobimarket.pl\/index.php\/wp-json\/wp\/v2\/product\/84449"}],"collection":[{"href":"https:\/\/bobimarket.pl\/index.php\/wp-json\/wp\/v2\/product"}],"about":[{"href":"https:\/\/bobimarket.pl\/index.php\/wp-json\/wp\/v2\/types\/product"}],"wp:featuredmedia":[{"embeddable":true,"href":"https:\/\/bobimarket.pl\/index.php\/wp-json\/wp\/v2\/media\/84444"}],"wp:attachment":[{"href":"https:\/\/bobimarket.pl\/index.php\/wp-json\/wp\/v2\/media?parent=84449"}],"wp:term":[{"taxonomy":"product_cat","embeddable":true,"href":"https:\/\/bobimarket.pl\/index.php\/wp-json\/wp\/v2\/product_cat?post=84449"},{"taxonomy":"product_tag","embeddable":true,"href":"https:\/\/bobimarket.pl\/index.php\/wp-json\/wp\/v2\/product_tag?post=84449"}],"curies":[{"name":"wp","href":"https:\/\/api.w.org\/{rel}","templated":true}]}}