{"id":84493,"date":"2023-08-29T20:54:02","date_gmt":"2023-08-29T20:54:02","guid":{"rendered":"https:\/\/bobimarket.pl\/index.php\/produkt\/zdzierak-tarka-do-plyt-k-g-tarnik-140x40cm\/"},"modified":"2025-02-27T14:21:05","modified_gmt":"2025-02-27T14:21:05","slug":"zdzierak-tarka-do-plyt-k-g-tarnik-140x40cm","status":"publish","type":"product","link":"https:\/\/bobimarket.pl\/index.php\/produkt\/zdzierak-tarka-do-plyt-k-g-tarnik-140x40cm\/","title":{"rendered":"ZDZIERAK TARKA DO P\u0141YT K-G TARNIK 140x40cm"},"content":{"rendered":"<section class=\"section\">\n<div class=\"item item-6\">\n<section class=\"image-item\">\n                <img decoding=\"async\" src=\"https:\/\/upload.cdn.baselinker.com\/products\/14476\/e067a4aaef183c565a44b815bb318d71.jpg\" \/><br \/>\n            <\/section>\n<\/p><\/div>\n<div class=\"item item-6\">\n<section class=\"text-item\">\n<h2>ZDZIERAK TARKA DO P\u0141YT K-G\u00a0 TARNIK 140x40cm<\/h2>\n<p><b>DANE TECHNICZNE:<\/b><\/p>\n<ul>\n<li>D\u0142ugo\u015b\u0107: <b>14,5<\/b> cm<\/li>\n<li>Szeroko\u015b\u0107: <b>4,1<\/b> cm<\/li>\n<li>Materia\u0142:Tworzywo\/Stal<\/li>\n<\/ul>\n<\/section><\/div>\n<\/section>\n<section class=\"section\">\n<div class=\"item item-6\">\n<section class=\"image-item\">\n                <img decoding=\"async\" src=\"https:\/\/upload.cdn.baselinker.com\/products\/14476\/b01bb45479dbd7273e728005bbb7a82d.jpg\" \/><br \/>\n            <\/section>\n<\/p><\/div>\n<div class=\"item item-6\">\n<section class=\"text-item\">\n<p>Zdzierak tarka do <b>P\u0141YT K-G <\/b>zosta\u0142 wykonany z wysokiej jako\u015bci tworzywa odpornego na uderzenia.<\/p>\n<p>Tarnik przeznaczony jest do obr\u00f3bki p\u0142yt gipsowo-kartonowych, drewna oraz PCV.<\/p>\n<p>Narz\u0119dzie idealne dla profesjonalist\u00f3w, firm og\u00f3lnobudowlano-wyko\u0144czeniowych jak i majsterkowicz\u00f3w.<\/p>\n<\/section><\/div>\n<\/section>\n<section class=\"section\">\n<div class=\"item item-12\">\n<section class=\"image-item\">\n                <img decoding=\"async\" src=\"https:\/\/upload.cdn.baselinker.com\/products\/14476\/4d7f4b65f0d153aa0e2c006744453297.jpg\" \/><br \/>\n            <\/section>\n<\/p><\/div>\n<\/section>\n<section class=\"section\">\n<div class=\"item item-12\">\n<section class=\"image-item\">\n                <img decoding=\"async\" src=\"https:\/\/upload.cdn.baselinker.com\/products\/14476\/1e818655873e29f3637e57f234881f56.jpg\" \/><br \/>\n            <\/section>\n<\/p><\/div>\n<\/section>\n","protected":false},"excerpt":{"rendered":"<p>ZDZIERAK TARKA DO P\u0141YT K-G\u00a0 TARNIK 140x40cm DANE TECHNICZNE: D\u0142ugo\u015b\u0107: 14,5 cm Szeroko\u015b\u0107: 4,1 cm Materia\u0142:Tworzywo\/Stal Zdzierak tarka do P\u0141YT K-G zosta\u0142 wykonany z wysokiej jako\u015bci tworzywa odpornego na uderzenia. Tarnik przeznaczony jest do obr\u00f3bki p\u0142yt gipsowo-kartonowych, drewna oraz PCV. Narz\u0119dzie idealne dla profesjonalist\u00f3w, firm og\u00f3lnobudowlano-wyko\u0144czeniowych jak i majsterkowicz\u00f3w.<\/p>\n","protected":false},"featured_media":84489,"template":"","meta":[],"product_cat":[8260],"product_tag":[],"yoast_head":"<!-- This site is optimized with the Yoast SEO plugin v21.0 - https:\/\/yoast.com\/wordpress\/plugins\/seo\/ -->\n<title>ZDZIERAK TARKA DO P\u0141YT K-G TARNIK 140x40cm - BOBIMARKET.pl - Remontuj i urz\u0105dzaj z nami<\/title>\n<meta name=\"robots\" content=\"index, follow, max-snippet:-1, max-image-preview:large, max-video-preview:-1\" \/>\n<link rel=\"canonical\" href=\"https:\/\/bobimarket.pl\/index.php\/produkt\/zdzierak-tarka-do-plyt-k-g-tarnik-140x40cm\/\" \/>\n<meta property=\"og:locale\" content=\"pl_PL\" \/>\n<meta property=\"og:type\" content=\"article\" \/>\n<meta property=\"og:title\" content=\"ZDZIERAK TARKA DO P\u0141YT K-G TARNIK 140x40cm - BOBIMARKET.pl - Remontuj i urz\u0105dzaj z nami\" \/>\n<meta property=\"og:description\" content=\"ZDZIERAK TARKA DO P\u0141YT K-G\u00a0 TARNIK 140x40cm DANE TECHNICZNE: D\u0142ugo\u015b\u0107: 14,5 cm Szeroko\u015b\u0107: 4,1 cm Materia\u0142:Tworzywo\/Stal Zdzierak tarka do P\u0141YT K-G zosta\u0142 wykonany z wysokiej jako\u015bci tworzywa odpornego na uderzenia. Tarnik przeznaczony jest do obr\u00f3bki p\u0142yt gipsowo-kartonowych, drewna oraz PCV. Narz\u0119dzie idealne dla profesjonalist\u00f3w, firm og\u00f3lnobudowlano-wyko\u0144czeniowych jak i majsterkowicz\u00f3w.\" \/>\n<meta property=\"og:url\" content=\"https:\/\/bobimarket.pl\/index.php\/produkt\/zdzierak-tarka-do-plyt-k-g-tarnik-140x40cm\/\" \/>\n<meta property=\"og:site_name\" content=\"BOBIMARKET.pl - Remontuj i urz\u0105dzaj z nami\" \/>\n<meta property=\"article:modified_time\" content=\"2025-02-27T14:21:05+00:00\" \/>\n<meta property=\"og:image\" content=\"https:\/\/upload.cdn.baselinker.com\/products\/14476\/e067a4aaef183c565a44b815bb318d71.jpg\" \/>\n<meta name=\"twitter:card\" content=\"summary_large_image\" \/>\n<script type=\"application\/ld+json\" class=\"yoast-schema-graph\">{\"@context\":\"https:\/\/schema.org\",\"@graph\":[{\"@type\":\"WebPage\",\"@id\":\"https:\/\/bobimarket.pl\/index.php\/produkt\/zdzierak-tarka-do-plyt-k-g-tarnik-140x40cm\/\",\"url\":\"https:\/\/bobimarket.pl\/index.php\/produkt\/zdzierak-tarka-do-plyt-k-g-tarnik-140x40cm\/\",\"name\":\"ZDZIERAK TARKA DO P\u0141YT K-G TARNIK 140x40cm - BOBIMARKET.pl - Remontuj i urz\u0105dzaj z nami\",\"isPartOf\":{\"@id\":\"https:\/\/bobimarket.pl\/#website\"},\"datePublished\":\"2023-08-29T20:54:02+00:00\",\"dateModified\":\"2025-02-27T14:21:05+00:00\",\"breadcrumb\":{\"@id\":\"https:\/\/bobimarket.pl\/index.php\/produkt\/zdzierak-tarka-do-plyt-k-g-tarnik-140x40cm\/#breadcrumb\"},\"inLanguage\":\"pl-PL\",\"potentialAction\":[{\"@type\":\"ReadAction\",\"target\":[\"https:\/\/bobimarket.pl\/index.php\/produkt\/zdzierak-tarka-do-plyt-k-g-tarnik-140x40cm\/\"]}]},{\"@type\":\"BreadcrumbList\",\"@id\":\"https:\/\/bobimarket.pl\/index.php\/produkt\/zdzierak-tarka-do-plyt-k-g-tarnik-140x40cm\/#breadcrumb\",\"itemListElement\":[{\"@type\":\"ListItem\",\"position\":1,\"name\":\"Strona g\u0142\u00f3wna\",\"item\":\"https:\/\/bobimarket.pl\/\"},{\"@type\":\"ListItem\",\"position\":2,\"name\":\"Sklep\",\"item\":\"https:\/\/bobimarket.pl\/index.php\/shop\/\"},{\"@type\":\"ListItem\",\"position\":3,\"name\":\"ZDZIERAK TARKA DO P\u0141YT K-G TARNIK 140x40cm\"}]},{\"@type\":\"WebSite\",\"@id\":\"https:\/\/bobimarket.pl\/#website\",\"url\":\"https:\/\/bobimarket.pl\/\",\"name\":\"BOBIMARKET.pl - Remontuj i urz\u0105dzaj z nami\",\"description\":\"Remontuj i urz\u0105dzaj z nami\",\"publisher\":{\"@id\":\"https:\/\/bobimarket.pl\/#organization\"},\"potentialAction\":[{\"@type\":\"SearchAction\",\"target\":{\"@type\":\"EntryPoint\",\"urlTemplate\":\"https:\/\/bobimarket.pl\/?s={search_term_string}\"},\"query-input\":\"required name=search_term_string\"}],\"inLanguage\":\"pl-PL\"},{\"@type\":\"Organization\",\"@id\":\"https:\/\/bobimarket.pl\/#organization\",\"name\":\"BOBIMARKET.pl\",\"url\":\"https:\/\/bobimarket.pl\/\",\"logo\":{\"@type\":\"ImageObject\",\"inLanguage\":\"pl-PL\",\"@id\":\"https:\/\/bobimarket.pl\/#\/schema\/logo\/image\/\",\"url\":\"https:\/\/bobimarket.pl\/wp-content\/uploads\/2021\/11\/slogan.png\",\"contentUrl\":\"https:\/\/bobimarket.pl\/wp-content\/uploads\/2021\/11\/slogan.png\",\"width\":2000,\"height\":384,\"caption\":\"BOBIMARKET.pl\"},\"image\":{\"@id\":\"https:\/\/bobimarket.pl\/#\/schema\/logo\/image\/\"}}]}<\/script>\n<!-- \/ Yoast SEO plugin. -->","yoast_head_json":{"title":"ZDZIERAK TARKA DO P\u0141YT K-G TARNIK 140x40cm - BOBIMARKET.pl - Remontuj i urz\u0105dzaj z nami","robots":{"index":"index","follow":"follow","max-snippet":"max-snippet:-1","max-image-preview":"max-image-preview:large","max-video-preview":"max-video-preview:-1"},"canonical":"https:\/\/bobimarket.pl\/index.php\/produkt\/zdzierak-tarka-do-plyt-k-g-tarnik-140x40cm\/","og_locale":"pl_PL","og_type":"article","og_title":"ZDZIERAK TARKA DO P\u0141YT K-G TARNIK 140x40cm - BOBIMARKET.pl - Remontuj i urz\u0105dzaj z nami","og_description":"ZDZIERAK TARKA DO P\u0141YT K-G\u00a0 TARNIK 140x40cm DANE TECHNICZNE: D\u0142ugo\u015b\u0107: 14,5 cm Szeroko\u015b\u0107: 4,1 cm Materia\u0142:Tworzywo\/Stal Zdzierak tarka do P\u0141YT K-G zosta\u0142 wykonany z wysokiej jako\u015bci tworzywa odpornego na uderzenia. Tarnik przeznaczony jest do obr\u00f3bki p\u0142yt gipsowo-kartonowych, drewna oraz PCV. Narz\u0119dzie idealne dla profesjonalist\u00f3w, firm og\u00f3lnobudowlano-wyko\u0144czeniowych jak i majsterkowicz\u00f3w.","og_url":"https:\/\/bobimarket.pl\/index.php\/produkt\/zdzierak-tarka-do-plyt-k-g-tarnik-140x40cm\/","og_site_name":"BOBIMARKET.pl - Remontuj i urz\u0105dzaj z nami","article_modified_time":"2025-02-27T14:21:05+00:00","og_image":[{"url":"https:\/\/upload.cdn.baselinker.com\/products\/14476\/e067a4aaef183c565a44b815bb318d71.jpg"}],"twitter_card":"summary_large_image","schema":{"@context":"https:\/\/schema.org","@graph":[{"@type":"WebPage","@id":"https:\/\/bobimarket.pl\/index.php\/produkt\/zdzierak-tarka-do-plyt-k-g-tarnik-140x40cm\/","url":"https:\/\/bobimarket.pl\/index.php\/produkt\/zdzierak-tarka-do-plyt-k-g-tarnik-140x40cm\/","name":"ZDZIERAK TARKA DO P\u0141YT K-G TARNIK 140x40cm - BOBIMARKET.pl - Remontuj i urz\u0105dzaj z nami","isPartOf":{"@id":"https:\/\/bobimarket.pl\/#website"},"datePublished":"2023-08-29T20:54:02+00:00","dateModified":"2025-02-27T14:21:05+00:00","breadcrumb":{"@id":"https:\/\/bobimarket.pl\/index.php\/produkt\/zdzierak-tarka-do-plyt-k-g-tarnik-140x40cm\/#breadcrumb"},"inLanguage":"pl-PL","potentialAction":[{"@type":"ReadAction","target":["https:\/\/bobimarket.pl\/index.php\/produkt\/zdzierak-tarka-do-plyt-k-g-tarnik-140x40cm\/"]}]},{"@type":"BreadcrumbList","@id":"https:\/\/bobimarket.pl\/index.php\/produkt\/zdzierak-tarka-do-plyt-k-g-tarnik-140x40cm\/#breadcrumb","itemListElement":[{"@type":"ListItem","position":1,"name":"Strona g\u0142\u00f3wna","item":"https:\/\/bobimarket.pl\/"},{"@type":"ListItem","position":2,"name":"Sklep","item":"https:\/\/bobimarket.pl\/index.php\/shop\/"},{"@type":"ListItem","position":3,"name":"ZDZIERAK TARKA DO P\u0141YT K-G TARNIK 140x40cm"}]},{"@type":"WebSite","@id":"https:\/\/bobimarket.pl\/#website","url":"https:\/\/bobimarket.pl\/","name":"BOBIMARKET.pl - Remontuj i urz\u0105dzaj z nami","description":"Remontuj i urz\u0105dzaj z nami","publisher":{"@id":"https:\/\/bobimarket.pl\/#organization"},"potentialAction":[{"@type":"SearchAction","target":{"@type":"EntryPoint","urlTemplate":"https:\/\/bobimarket.pl\/?s={search_term_string}"},"query-input":"required name=search_term_string"}],"inLanguage":"pl-PL"},{"@type":"Organization","@id":"https:\/\/bobimarket.pl\/#organization","name":"BOBIMARKET.pl","url":"https:\/\/bobimarket.pl\/","logo":{"@type":"ImageObject","inLanguage":"pl-PL","@id":"https:\/\/bobimarket.pl\/#\/schema\/logo\/image\/","url":"https:\/\/bobimarket.pl\/wp-content\/uploads\/2021\/11\/slogan.png","contentUrl":"https:\/\/bobimarket.pl\/wp-content\/uploads\/2021\/11\/slogan.png","width":2000,"height":384,"caption":"BOBIMARKET.pl"},"image":{"@id":"https:\/\/bobimarket.pl\/#\/schema\/logo\/image\/"}}]}},"_links":{"self":[{"href":"https:\/\/bobimarket.pl\/index.php\/wp-json\/wp\/v2\/product\/84493"}],"collection":[{"href":"https:\/\/bobimarket.pl\/index.php\/wp-json\/wp\/v2\/product"}],"about":[{"href":"https:\/\/bobimarket.pl\/index.php\/wp-json\/wp\/v2\/types\/product"}],"wp:featuredmedia":[{"embeddable":true,"href":"https:\/\/bobimarket.pl\/index.php\/wp-json\/wp\/v2\/media\/84489"}],"wp:attachment":[{"href":"https:\/\/bobimarket.pl\/index.php\/wp-json\/wp\/v2\/media?parent=84493"}],"wp:term":[{"taxonomy":"product_cat","embeddable":true,"href":"https:\/\/bobimarket.pl\/index.php\/wp-json\/wp\/v2\/product_cat?post=84493"},{"taxonomy":"product_tag","embeddable":true,"href":"https:\/\/bobimarket.pl\/index.php\/wp-json\/wp\/v2\/product_tag?post=84493"}],"curies":[{"name":"wp","href":"https:\/\/api.w.org\/{rel}","templated":true}]}}