{"id":84526,"date":"2023-08-29T20:57:24","date_gmt":"2023-08-29T20:57:24","guid":{"rendered":"https:\/\/bobimarket.pl\/index.php\/produkt\/paca-gumowa-do-fugowania-spoinowania-245x97mm\/"},"modified":"2025-02-27T14:21:36","modified_gmt":"2025-02-27T14:21:36","slug":"paca-gumowa-do-fugowania-spoinowania-245x97mm","status":"publish","type":"product","link":"https:\/\/bobimarket.pl\/index.php\/produkt\/paca-gumowa-do-fugowania-spoinowania-245x97mm\/","title":{"rendered":"PACA GUMOWA DO FUGOWANIA SPOINOWANIA 245x97MM"},"content":{"rendered":"<section class=\"section\">\n<div class=\"item item-6\">\n<section class=\"text-item\">\n<h2>PACA GUMOWA DO FUGOWANIA SPOINOWANIA 245x97MM<\/h2>\n<p><b>Dane techniczne:<\/b><\/p>\n<ul>\n<li>D\u0142ugo\u015b\u0107: <b>245mm<\/b><\/li>\n<li>Szeroko\u015b\u0107: <b>97mm<\/b><\/li>\n<li>Materia\u0142: <b>guma<\/b><\/li>\n<li>Uchwyt: <b>tworzywo<\/b><\/li>\n<\/ul>\n<\/section><\/div>\n<div class=\"item item-6\">\n<section class=\"image-item\"><img decoding=\"async\" src=\"https:\/\/upload.cdn.baselinker.com\/products\/14476\/6a7229305909c679737eb08895c3b64e.jpg\"><\/section>\n<\/p><\/div>\n<\/section>\n<section class=\"section\">\n<div class=\"item item-6\">\n<section class=\"image-item\"><img decoding=\"async\" src=\"https:\/\/upload.cdn.baselinker.com\/products\/14476\/3dafbf902ff0c9832cedc210b04b3805.jpg\"><\/section>\n<\/p><\/div>\n<div class=\"item item-6\">\n<section class=\"text-item\">\n<p>Solidna <b>paca z gum\u0105 do fugowania<\/b> o wymiarach 24,5 cm x 9,7 cm.\u00a0 Przeznaczona do wype\u0142niania, przestrzeni pomi\u0119dzy p\u0142ytkami.<\/p>\n<ul>\n<li><b>\u015aci\u0119ta guma<\/b> sprawia, \u017ce fugowanie glazury czy terakoty jest o wiele \u0142atwiejsze.<\/li>\n<li><b>Wyprofilowany uchwyt<\/b> z tworzywa zapewnia komfort pracy.<\/li>\n<\/ul>\n<p>\u2705 Paca s\u0142u\u017cy do prac glazurniczych i elewacyjnych.<\/p>\n<\/section><\/div>\n<\/section>\n<section class=\"section\">\n<div class=\"item item-12\">\n<section class=\"image-item\"><img decoding=\"async\" src=\"https:\/\/upload.cdn.baselinker.com\/products\/14476\/03a9e70b656fff2ce81aa590ca88750d.jpg\"><\/section>\n<\/p><\/div>\n<\/section>\n<section class=\"section\">\n<div class=\"item item-12\">\n<section class=\"image-item\"><img decoding=\"async\" src=\"https:\/\/upload.cdn.baselinker.com\/products\/14476\/8cb7070f6da527d372e251e6f956ff94.jpg\"><\/section>\n<\/p><\/div>\n<\/section>\n","protected":false},"excerpt":{"rendered":"<p>PACA GUMOWA DO FUGOWANIA SPOINOWANIA 245x97MM Dane techniczne: D\u0142ugo\u015b\u0107: 245mm Szeroko\u015b\u0107: 97mm Materia\u0142: guma Uchwyt: tworzywo Solidna paca z gum\u0105 do fugowania o wymiarach 24,5 cm x 9,7 cm.\u00a0 Przeznaczona do wype\u0142niania, przestrzeni pomi\u0119dzy p\u0142ytkami. \u015aci\u0119ta guma sprawia, \u017ce fugowanie glazury czy terakoty jest o wiele \u0142atwiejsze. Wyprofilowany uchwyt z tworzywa zapewnia komfort pracy. \u2705<br \/><a class=\"more-link\" href=\"https:\/\/bobimarket.pl\/index.php\/produkt\/paca-gumowa-do-fugowania-spoinowania-245x97mm\/\"><br \/>\n        Czytaj wi\u0119cej<span class=\"screen-reader-text\"> &#8222;PACA GUMOWA DO FUGOWANIA SPOINOWANIA 245x97MM&#8221;<\/span><\/a><\/p>\n","protected":false},"featured_media":84522,"template":"","meta":[],"product_cat":[8261],"product_tag":[],"yoast_head":"<!-- This site is optimized with the Yoast SEO plugin v21.0 - https:\/\/yoast.com\/wordpress\/plugins\/seo\/ -->\n<title>PACA GUMOWA DO FUGOWANIA SPOINOWANIA 245x97MM - BOBIMARKET.pl - Remontuj i urz\u0105dzaj z nami<\/title>\n<meta name=\"robots\" content=\"index, follow, max-snippet:-1, max-image-preview:large, max-video-preview:-1\" \/>\n<link rel=\"canonical\" href=\"https:\/\/bobimarket.pl\/index.php\/produkt\/paca-gumowa-do-fugowania-spoinowania-245x97mm\/\" \/>\n<meta property=\"og:locale\" content=\"pl_PL\" \/>\n<meta property=\"og:type\" content=\"article\" \/>\n<meta property=\"og:title\" content=\"PACA GUMOWA DO FUGOWANIA SPOINOWANIA 245x97MM - BOBIMARKET.pl - Remontuj i urz\u0105dzaj z nami\" \/>\n<meta property=\"og:description\" content=\"PACA GUMOWA DO FUGOWANIA SPOINOWANIA 245x97MM Dane techniczne: D\u0142ugo\u015b\u0107: 245mm Szeroko\u015b\u0107: 97mm Materia\u0142: guma Uchwyt: tworzywo Solidna paca z gum\u0105 do fugowania o wymiarach 24,5 cm x 9,7 cm.\u00a0 Przeznaczona do wype\u0142niania, przestrzeni pomi\u0119dzy p\u0142ytkami. \u015aci\u0119ta guma sprawia, \u017ce fugowanie glazury czy terakoty jest o wiele \u0142atwiejsze. Wyprofilowany uchwyt z tworzywa zapewnia komfort pracy. \u2705     Czytaj wi\u0119cej &quot;PACA GUMOWA DO FUGOWANIA SPOINOWANIA 245x97MM&quot;\" \/>\n<meta property=\"og:url\" content=\"https:\/\/bobimarket.pl\/index.php\/produkt\/paca-gumowa-do-fugowania-spoinowania-245x97mm\/\" \/>\n<meta property=\"og:site_name\" content=\"BOBIMARKET.pl - Remontuj i urz\u0105dzaj z nami\" \/>\n<meta property=\"article:modified_time\" content=\"2025-02-27T14:21:36+00:00\" \/>\n<meta property=\"og:image\" content=\"https:\/\/upload.cdn.baselinker.com\/products\/14476\/6a7229305909c679737eb08895c3b64e.jpg\" \/>\n<meta name=\"twitter:card\" content=\"summary_large_image\" \/>\n<script type=\"application\/ld+json\" class=\"yoast-schema-graph\">{\"@context\":\"https:\/\/schema.org\",\"@graph\":[{\"@type\":\"WebPage\",\"@id\":\"https:\/\/bobimarket.pl\/index.php\/produkt\/paca-gumowa-do-fugowania-spoinowania-245x97mm\/\",\"url\":\"https:\/\/bobimarket.pl\/index.php\/produkt\/paca-gumowa-do-fugowania-spoinowania-245x97mm\/\",\"name\":\"PACA GUMOWA DO FUGOWANIA SPOINOWANIA 245x97MM - BOBIMARKET.pl - Remontuj i urz\u0105dzaj z nami\",\"isPartOf\":{\"@id\":\"https:\/\/bobimarket.pl\/#website\"},\"datePublished\":\"2023-08-29T20:57:24+00:00\",\"dateModified\":\"2025-02-27T14:21:36+00:00\",\"breadcrumb\":{\"@id\":\"https:\/\/bobimarket.pl\/index.php\/produkt\/paca-gumowa-do-fugowania-spoinowania-245x97mm\/#breadcrumb\"},\"inLanguage\":\"pl-PL\",\"potentialAction\":[{\"@type\":\"ReadAction\",\"target\":[\"https:\/\/bobimarket.pl\/index.php\/produkt\/paca-gumowa-do-fugowania-spoinowania-245x97mm\/\"]}]},{\"@type\":\"BreadcrumbList\",\"@id\":\"https:\/\/bobimarket.pl\/index.php\/produkt\/paca-gumowa-do-fugowania-spoinowania-245x97mm\/#breadcrumb\",\"itemListElement\":[{\"@type\":\"ListItem\",\"position\":1,\"name\":\"Strona g\u0142\u00f3wna\",\"item\":\"https:\/\/bobimarket.pl\/\"},{\"@type\":\"ListItem\",\"position\":2,\"name\":\"Sklep\",\"item\":\"https:\/\/bobimarket.pl\/index.php\/shop\/\"},{\"@type\":\"ListItem\",\"position\":3,\"name\":\"PACA GUMOWA DO FUGOWANIA SPOINOWANIA 245x97MM\"}]},{\"@type\":\"WebSite\",\"@id\":\"https:\/\/bobimarket.pl\/#website\",\"url\":\"https:\/\/bobimarket.pl\/\",\"name\":\"BOBIMARKET.pl - Remontuj i urz\u0105dzaj z nami\",\"description\":\"Remontuj i urz\u0105dzaj z nami\",\"publisher\":{\"@id\":\"https:\/\/bobimarket.pl\/#organization\"},\"potentialAction\":[{\"@type\":\"SearchAction\",\"target\":{\"@type\":\"EntryPoint\",\"urlTemplate\":\"https:\/\/bobimarket.pl\/?s={search_term_string}\"},\"query-input\":\"required name=search_term_string\"}],\"inLanguage\":\"pl-PL\"},{\"@type\":\"Organization\",\"@id\":\"https:\/\/bobimarket.pl\/#organization\",\"name\":\"BOBIMARKET.pl\",\"url\":\"https:\/\/bobimarket.pl\/\",\"logo\":{\"@type\":\"ImageObject\",\"inLanguage\":\"pl-PL\",\"@id\":\"https:\/\/bobimarket.pl\/#\/schema\/logo\/image\/\",\"url\":\"https:\/\/bobimarket.pl\/wp-content\/uploads\/2021\/11\/slogan.png\",\"contentUrl\":\"https:\/\/bobimarket.pl\/wp-content\/uploads\/2021\/11\/slogan.png\",\"width\":2000,\"height\":384,\"caption\":\"BOBIMARKET.pl\"},\"image\":{\"@id\":\"https:\/\/bobimarket.pl\/#\/schema\/logo\/image\/\"}}]}<\/script>\n<!-- \/ Yoast SEO plugin. -->","yoast_head_json":{"title":"PACA GUMOWA DO FUGOWANIA SPOINOWANIA 245x97MM - BOBIMARKET.pl - Remontuj i urz\u0105dzaj z nami","robots":{"index":"index","follow":"follow","max-snippet":"max-snippet:-1","max-image-preview":"max-image-preview:large","max-video-preview":"max-video-preview:-1"},"canonical":"https:\/\/bobimarket.pl\/index.php\/produkt\/paca-gumowa-do-fugowania-spoinowania-245x97mm\/","og_locale":"pl_PL","og_type":"article","og_title":"PACA GUMOWA DO FUGOWANIA SPOINOWANIA 245x97MM - BOBIMARKET.pl - Remontuj i urz\u0105dzaj z nami","og_description":"PACA GUMOWA DO FUGOWANIA SPOINOWANIA 245x97MM Dane techniczne: D\u0142ugo\u015b\u0107: 245mm Szeroko\u015b\u0107: 97mm Materia\u0142: guma Uchwyt: tworzywo Solidna paca z gum\u0105 do fugowania o wymiarach 24,5 cm x 9,7 cm.\u00a0 Przeznaczona do wype\u0142niania, przestrzeni pomi\u0119dzy p\u0142ytkami. \u015aci\u0119ta guma sprawia, \u017ce fugowanie glazury czy terakoty jest o wiele \u0142atwiejsze. Wyprofilowany uchwyt z tworzywa zapewnia komfort pracy. \u2705     Czytaj wi\u0119cej \"PACA GUMOWA DO FUGOWANIA SPOINOWANIA 245x97MM\"","og_url":"https:\/\/bobimarket.pl\/index.php\/produkt\/paca-gumowa-do-fugowania-spoinowania-245x97mm\/","og_site_name":"BOBIMARKET.pl - Remontuj i urz\u0105dzaj z nami","article_modified_time":"2025-02-27T14:21:36+00:00","og_image":[{"url":"https:\/\/upload.cdn.baselinker.com\/products\/14476\/6a7229305909c679737eb08895c3b64e.jpg"}],"twitter_card":"summary_large_image","schema":{"@context":"https:\/\/schema.org","@graph":[{"@type":"WebPage","@id":"https:\/\/bobimarket.pl\/index.php\/produkt\/paca-gumowa-do-fugowania-spoinowania-245x97mm\/","url":"https:\/\/bobimarket.pl\/index.php\/produkt\/paca-gumowa-do-fugowania-spoinowania-245x97mm\/","name":"PACA GUMOWA DO FUGOWANIA SPOINOWANIA 245x97MM - BOBIMARKET.pl - Remontuj i urz\u0105dzaj z nami","isPartOf":{"@id":"https:\/\/bobimarket.pl\/#website"},"datePublished":"2023-08-29T20:57:24+00:00","dateModified":"2025-02-27T14:21:36+00:00","breadcrumb":{"@id":"https:\/\/bobimarket.pl\/index.php\/produkt\/paca-gumowa-do-fugowania-spoinowania-245x97mm\/#breadcrumb"},"inLanguage":"pl-PL","potentialAction":[{"@type":"ReadAction","target":["https:\/\/bobimarket.pl\/index.php\/produkt\/paca-gumowa-do-fugowania-spoinowania-245x97mm\/"]}]},{"@type":"BreadcrumbList","@id":"https:\/\/bobimarket.pl\/index.php\/produkt\/paca-gumowa-do-fugowania-spoinowania-245x97mm\/#breadcrumb","itemListElement":[{"@type":"ListItem","position":1,"name":"Strona g\u0142\u00f3wna","item":"https:\/\/bobimarket.pl\/"},{"@type":"ListItem","position":2,"name":"Sklep","item":"https:\/\/bobimarket.pl\/index.php\/shop\/"},{"@type":"ListItem","position":3,"name":"PACA GUMOWA DO FUGOWANIA SPOINOWANIA 245x97MM"}]},{"@type":"WebSite","@id":"https:\/\/bobimarket.pl\/#website","url":"https:\/\/bobimarket.pl\/","name":"BOBIMARKET.pl - Remontuj i urz\u0105dzaj z nami","description":"Remontuj i urz\u0105dzaj z nami","publisher":{"@id":"https:\/\/bobimarket.pl\/#organization"},"potentialAction":[{"@type":"SearchAction","target":{"@type":"EntryPoint","urlTemplate":"https:\/\/bobimarket.pl\/?s={search_term_string}"},"query-input":"required name=search_term_string"}],"inLanguage":"pl-PL"},{"@type":"Organization","@id":"https:\/\/bobimarket.pl\/#organization","name":"BOBIMARKET.pl","url":"https:\/\/bobimarket.pl\/","logo":{"@type":"ImageObject","inLanguage":"pl-PL","@id":"https:\/\/bobimarket.pl\/#\/schema\/logo\/image\/","url":"https:\/\/bobimarket.pl\/wp-content\/uploads\/2021\/11\/slogan.png","contentUrl":"https:\/\/bobimarket.pl\/wp-content\/uploads\/2021\/11\/slogan.png","width":2000,"height":384,"caption":"BOBIMARKET.pl"},"image":{"@id":"https:\/\/bobimarket.pl\/#\/schema\/logo\/image\/"}}]}},"_links":{"self":[{"href":"https:\/\/bobimarket.pl\/index.php\/wp-json\/wp\/v2\/product\/84526"}],"collection":[{"href":"https:\/\/bobimarket.pl\/index.php\/wp-json\/wp\/v2\/product"}],"about":[{"href":"https:\/\/bobimarket.pl\/index.php\/wp-json\/wp\/v2\/types\/product"}],"wp:featuredmedia":[{"embeddable":true,"href":"https:\/\/bobimarket.pl\/index.php\/wp-json\/wp\/v2\/media\/84522"}],"wp:attachment":[{"href":"https:\/\/bobimarket.pl\/index.php\/wp-json\/wp\/v2\/media?parent=84526"}],"wp:term":[{"taxonomy":"product_cat","embeddable":true,"href":"https:\/\/bobimarket.pl\/index.php\/wp-json\/wp\/v2\/product_cat?post=84526"},{"taxonomy":"product_tag","embeddable":true,"href":"https:\/\/bobimarket.pl\/index.php\/wp-json\/wp\/v2\/product_tag?post=84526"}],"curies":[{"name":"wp","href":"https:\/\/api.w.org\/{rel}","templated":true}]}}